{"id":12175,"date":"2019-03-01T07:11:57","date_gmt":"2019-03-01T05:11:57","guid":{"rendered":"https:\/\/www.amper-aufsperrdienst.de\/locksmith-munich-menzinger-street\/"},"modified":"2026-01-30T11:07:34","modified_gmt":"2026-01-30T09:07:34","slug":"locksmith-munich-menzinger-strasse","status":"publish","type":"page","link":"https:\/\/www.amper-aufsperrdienst.de\/en\/locksmith-munich-menzinger-strasse\/","title":{"rendered":"LOCKSMITH MUNICH MENZINGER STRASSE"},"content":{"rendered":"<p><img loading=\"lazy\" decoding=\"async\" class=\"alignleft\" style=\"margin-bottom: 5px !important;\" src=\"https:\/\/www.amper-aufsperrdienst.de\/wp-content\/uploads\/2021\/03\/schluesseldienst-muenchen-menzinger-strasse-festpreis-ab-52-siegel.jpg\" alt=\"Amper Locksmith Opening Service muenchen-menzinger-strasse with fixed price from 52,- EUR\" width=\"250\" height=\"250\" \/><\/p>\n<p>Are you desperately locked out of your apartment on Menzinger Stra\u00dfe in Munich because you simply can&#8217;t find your key? Has your old key suddenly broken off in the lock? For such frustrating emergencies, there&#8217;s Amper Locksmith Service \u2013 we help you quickly, reliably, and at a guaranteed fixed price!<\/p>\n<h2>DAMAGE-FREE DOOR OPENING ON MENZINGER STREET<\/h2>\n<p>For three generations, we at Amper Locksmith Service have been continuously working to perfect our customer service. You&#8217;ll find countless positive reviews online that attest to the quality of our services, and we&#8217;d like to personally demonstrate our work to you. After your call, our locksmiths will set off immediately and are usually at your location on Menzinger Street in Munich within about 30 minutes to open your apartment door quickly and precisely, in most cases without causing any damage.<\/p>\n<p>Besides our high-quality workmanship, it&#8217;s our fixed-price guarantee that makes us so popular with our customers. Simply describe your situation to us over the phone, and we can give you a fixed price that we guarantee 100%. There will be no additional charges, travel costs, or anything similar on-site \u2013 you can rely on it!<\/p>\n<p>We are aware that, unfortunately, there are always unscrupulous providers in our industry who exploit people in distress and demand exorbitant amounts for opening their doors. We find this very regrettable, and with us, you can be sure that fair prices along with the best customer service are our top priorities.<\/p>\n          <!-- tarif -->\n<h2><b><span style=\"vertical-align: inherit;\"><span style=\"vertical-align: inherit;\">Our binding fixed prices start from \u20ac52.<\/span><\/span><\/b><\/h2>\n<p>Amper Locksmith Service is a fair locksmith service with transparent fixed prices:<\/p>\n<div class=\"table-title\">\n\tPRICE LIST  UNLOCK\n<\/div>\n<!-- Table part-->\n<table class=\"table\">\n  <thead class=\"header\">\n\t  <tr>\n     \t <th scope=\"col\">Time<\/th>\n     \t <th scope=\"col\">8 - 18<\/th>\n     \t <th scope=\"col\">18 - 22<\/th>\n     \t <th scope=\"col\">22 - 8<\/th>\n\t<\/tr>\n  <\/thead>\n  <tbody>\n     \t  <tr class=\"weekdays\">\n     \t  \t  <td class=\"tag\" data-label=\"Time\">Mo - Fr<\/td>\n     \t  \t  <td class=\"hrs tag\" data-label=\"8 - 18\">52,- \u20ac<\/td>\n     \t  \t  <td class=\"tag space\" data-label=\"18 - 22\">82,- \u20ac<\/td>\n     \t  \t  <td data-label=\"22 - 8\">95,- \u20ac<\/td>\n     \t  <\/tr>\n     <tr class=\"weekends\">\n     \t  \t  <td class=\"tag\" data-label=\"Time\">Sa<\/td>\n     \t  \t  <td class=\"tag\" data-label=\"8 - 18\">95,- \u20ac<\/td>\n     \t  \t  <td class=\"tag\" data-label=\"18 - 22\">95,- \u20ac<\/td>\n     \t  \t  <td data-label=\"22 - 8\">125,- \u20ac<\/td>\n     \t  <\/tr>\n     <tr class=\"holidays\">\n     \t  \t  <td class=\"tag\" data-label=\"Time\">So & holiday<\/td>\n     \t  \t  <td class=\"tag\" data-label=\"8 - 18\">125,- \u20ac<\/td>\n     \t  \t  <td class=\"tag\" data-label=\"18 - 22\">125,-\u20ac<\/td>\n     \t  \t  <td data-label=\"22 - 8\">125,-\u20ac<\/td>\n     \t  <\/tr>\n     <\/tbody>\n<\/table>\n<!-- Table Description-->\n<div class=\"table-description\">\n\t<em>Please call to inquire about travel costs.<\/em>\n<\/div>\n<!-- Wordings below -->\n<div class=\"wordings\">\n<p>The prices listed in this table are binding for unlocking a door that has slammed shut or been pulled shut (without self-locking mechanisms). Please feel free to contact us if you would like a price quote for other locksmith services. We will gladly provide you with a transparent, fixed-price offer.<\/p>\n<\/div>\n\n<!-- END Wordings -->\n\n\n\n<h2>MENZINGER STREET IN MUNICH<\/h2>\n<p>Menzinger Street begins as a connecting road to Megerle Street at the intersection of Fresenius Street and Finsterwalder Street in the Obermenzing district. It leads to Notburga Street in Neuhausen-Nymphenburg, via the Northern and Southern Approach Avenues, over the Nymphenburg Palace Garden Canal.<\/p>\n<p>Part of Menzinger Street runs directly alongside the grounds of the magnificent palace, and attractions such as the Bavarian State Botanical Collection, the Munich-Nymphenburg Botanical Garden, and of course Nymphenburg Palace itself with its extensive and beautiful palace gardens are located in the immediate vicinity.<\/p>\n<p>Otherwise, the Prinz Myshkin Parkhotel, the Minihaus Munich kindergarten, and numerous residential buildings are located on Menzinger Stra\u00dfe. Cross streets to Menzinger Stra\u00dfe include Heerstra\u00dfe, Reginbaldstra\u00dfe, Rebhuhnweg, Fasanenstra\u00dfe, and St\u00f6cklstra\u00dfe.<\/p>\n<h2>AMPER Locksmith: SECURE LOCKSMITH OPENING WITH HIGH-QUALITY SPECIALIST TOOLS<\/h2>\n<p>Our technicians always carry their special tools with them, ensuring they can perform their work with minimal damage to your door and lock. Our rate of completely non-destructive door openings for doors that are only pulled shut is over 99 percent.<\/p>\n<p>Locked doors are more complicated, but even in these cases, we often succeed in opening them without or with only minimal damage. The staff of our long-established company are experts in their field, and our role model is Johann Pichelmaier, one of the ancestors of the current owner, Mario Pichelmaier. This passionate locksmith invented an excellent tool that we still use today.<\/p>\n<p>For emergencies involving doors and locks, trust Amper Locksmith Service and call us free of charge \u2013 we&#8217;ll come immediately!<\/p>\n","protected":false},"excerpt":{"rendered":"<p>Are you desperately locked out of your apartment on Menzinger Stra\u00dfe in Munich because you simply can&#8217;t find your key? Has your old key suddenly broken off in the lock? For such frustrating emergencies, there&#8217;s Amper Locksmith Service \u2013 we help you quickly, reliably, and at a guaranteed fixed price! DAMAGE-FREE DOOR OPENING ON MENZINGER [&hellip;]<\/p>\n","protected":false},"author":2,"featured_media":0,"parent":0,"menu_order":0,"comment_status":"closed","ping_status":"closed","template":"","meta":{"footnotes":"","_links_to":"","_links_to_target":""},"class_list":["post-12175","page","type-page","status-publish","hentry"],"yoast_head":"<!-- This site is optimized with the Yoast SEO plugin v27.4 - https:\/\/yoast.com\/product\/yoast-seo-wordpress\/ -->\n<title>Locksmith Munich Menzinger Stra\u00dfe: from \u20ac52,- fixed price<\/title>\n<meta name=\"description\" content=\"Competent locksmith service in Munich, Menzinger Stra\u00dfe, with fixed price guarantee &amp; 24\/7 emergency service: Fast, damage-free door opening by trained locksmiths\" \/>\n<meta name=\"robots\" content=\"index, follow, max-snippet:-1, max-image-preview:large, max-video-preview:-1\" \/>\n<link rel=\"canonical\" href=\"https:\/\/www.amper-aufsperrdienst.de\/en\/locksmith-munich-menzinger-strasse\/\" \/>\n<meta property=\"og:locale\" content=\"en_US\" \/>\n<meta property=\"og:type\" content=\"article\" \/>\n<meta property=\"og:title\" content=\"Locksmith Munich Menzinger Stra\u00dfe: from \u20ac52,- fixed price\" \/>\n<meta property=\"og:description\" content=\"Competent locksmith service in Munich, Menzinger Stra\u00dfe, with fixed price guarantee &amp; 24\/7 emergency service: Fast, damage-free door opening by trained locksmiths\" \/>\n<meta property=\"og:url\" content=\"https:\/\/www.amper-aufsperrdienst.de\/en\/locksmith-munich-menzinger-strasse\/\" \/>\n<meta property=\"og:site_name\" content=\"Locksmith for Munich, Dachau and F\u00fcrstenfeldbruck\" \/>\n<meta property=\"article:modified_time\" content=\"2026-01-30T09:07:34+00:00\" \/>\n<meta property=\"og:image\" content=\"https:\/\/www.amper-aufsperrdienst.de\/wp-content\/uploads\/2021\/03\/schluesseldienst-muenchen-menzinger-strasse-festpreis-ab-52-siegel.jpg\" \/>\n<meta name=\"twitter:label1\" content=\"Est. reading time\" \/>\n\t<meta name=\"twitter:data1\" content=\"3 minutes\" \/>\n<script type=\"application\/ld+json\" class=\"yoast-schema-graph\">{\"@context\":\"https:\\\/\\\/schema.org\",\"@graph\":[{\"@type\":\"WebPage\",\"@id\":\"https:\\\/\\\/www.amper-aufsperrdienst.de\\\/en\\\/locksmith-munich-menzinger-strasse\\\/\",\"url\":\"https:\\\/\\\/www.amper-aufsperrdienst.de\\\/en\\\/locksmith-munich-menzinger-strasse\\\/\",\"name\":\"Locksmith Munich Menzinger Stra\u00dfe: from \u20ac52,- fixed price\",\"isPartOf\":{\"@id\":\"https:\\\/\\\/www.amper-aufsperrdienst.de\\\/en\\\/#website\"},\"primaryImageOfPage\":{\"@id\":\"https:\\\/\\\/www.amper-aufsperrdienst.de\\\/en\\\/locksmith-munich-menzinger-strasse\\\/#primaryimage\"},\"image\":{\"@id\":\"https:\\\/\\\/www.amper-aufsperrdienst.de\\\/en\\\/locksmith-munich-menzinger-strasse\\\/#primaryimage\"},\"thumbnailUrl\":\"https:\\\/\\\/www.amper-aufsperrdienst.de\\\/wp-content\\\/uploads\\\/2021\\\/03\\\/schluesseldienst-muenchen-menzinger-strasse-festpreis-ab-52-siegel.jpg\",\"datePublished\":\"2019-03-01T05:11:57+00:00\",\"dateModified\":\"2026-01-30T09:07:34+00:00\",\"description\":\"Competent locksmith service in Munich, Menzinger Stra\u00dfe, with fixed price guarantee & 24\\\/7 emergency service: Fast, damage-free door opening by trained locksmiths\",\"breadcrumb\":{\"@id\":\"https:\\\/\\\/www.amper-aufsperrdienst.de\\\/en\\\/locksmith-munich-menzinger-strasse\\\/#breadcrumb\"},\"inLanguage\":\"en-US\",\"potentialAction\":[{\"@type\":\"ReadAction\",\"target\":[\"https:\\\/\\\/www.amper-aufsperrdienst.de\\\/en\\\/locksmith-munich-menzinger-strasse\\\/\"]}]},{\"@type\":\"ImageObject\",\"inLanguage\":\"en-US\",\"@id\":\"https:\\\/\\\/www.amper-aufsperrdienst.de\\\/en\\\/locksmith-munich-menzinger-strasse\\\/#primaryimage\",\"url\":\"https:\\\/\\\/www.amper-aufsperrdienst.de\\\/wp-content\\\/uploads\\\/2021\\\/03\\\/schluesseldienst-muenchen-menzinger-strasse-festpreis-ab-52-siegel.jpg\",\"contentUrl\":\"https:\\\/\\\/www.amper-aufsperrdienst.de\\\/wp-content\\\/uploads\\\/2021\\\/03\\\/schluesseldienst-muenchen-menzinger-strasse-festpreis-ab-52-siegel.jpg\"},{\"@type\":\"BreadcrumbList\",\"@id\":\"https:\\\/\\\/www.amper-aufsperrdienst.de\\\/en\\\/locksmith-munich-menzinger-strasse\\\/#breadcrumb\",\"itemListElement\":[{\"@type\":\"ListItem\",\"position\":1,\"name\":\"Home\",\"item\":\"https:\\\/\\\/www.amper-aufsperrdienst.de\\\/en\\\/\"},{\"@type\":\"ListItem\",\"position\":2,\"name\":\"LOCKSMITH MUNICH MENZINGER STRASSE\"}]},{\"@type\":\"WebSite\",\"@id\":\"https:\\\/\\\/www.amper-aufsperrdienst.de\\\/en\\\/#website\",\"url\":\"https:\\\/\\\/www.amper-aufsperrdienst.de\\\/en\\\/\",\"name\":\"Locksmith for Munich, Dachau and F\u00fcrstenfeldbruck\",\"description\":\"Amper Aufsperrdienst\",\"potentialAction\":[{\"@type\":\"SearchAction\",\"target\":{\"@type\":\"EntryPoint\",\"urlTemplate\":\"https:\\\/\\\/www.amper-aufsperrdienst.de\\\/en\\\/?s={search_term_string}\"},\"query-input\":{\"@type\":\"PropertyValueSpecification\",\"valueRequired\":true,\"valueName\":\"search_term_string\"}}],\"inLanguage\":\"en-US\"}]}<\/script>\n<!-- \/ Yoast SEO plugin. -->","yoast_head_json":{"title":"Locksmith Munich Menzinger Stra\u00dfe: from \u20ac52,- fixed price","description":"Competent locksmith service in Munich, Menzinger Stra\u00dfe, with fixed price guarantee & 24\/7 emergency service: Fast, damage-free door opening by trained locksmiths","robots":{"index":"index","follow":"follow","max-snippet":"max-snippet:-1","max-image-preview":"max-image-preview:large","max-video-preview":"max-video-preview:-1"},"canonical":"https:\/\/www.amper-aufsperrdienst.de\/en\/locksmith-munich-menzinger-strasse\/","og_locale":"en_US","og_type":"article","og_title":"Locksmith Munich Menzinger Stra\u00dfe: from \u20ac52,- fixed price","og_description":"Competent locksmith service in Munich, Menzinger Stra\u00dfe, with fixed price guarantee & 24\/7 emergency service: Fast, damage-free door opening by trained locksmiths","og_url":"https:\/\/www.amper-aufsperrdienst.de\/en\/locksmith-munich-menzinger-strasse\/","og_site_name":"Locksmith for Munich, Dachau and F\u00fcrstenfeldbruck","article_modified_time":"2026-01-30T09:07:34+00:00","og_image":[{"url":"https:\/\/www.amper-aufsperrdienst.de\/wp-content\/uploads\/2021\/03\/schluesseldienst-muenchen-menzinger-strasse-festpreis-ab-52-siegel.jpg","type":"","width":"","height":""}],"twitter_misc":{"Est. reading time":"3 minutes"},"schema":{"@context":"https:\/\/schema.org","@graph":[{"@type":"WebPage","@id":"https:\/\/www.amper-aufsperrdienst.de\/en\/locksmith-munich-menzinger-strasse\/","url":"https:\/\/www.amper-aufsperrdienst.de\/en\/locksmith-munich-menzinger-strasse\/","name":"Locksmith Munich Menzinger Stra\u00dfe: from \u20ac52,- fixed price","isPartOf":{"@id":"https:\/\/www.amper-aufsperrdienst.de\/en\/#website"},"primaryImageOfPage":{"@id":"https:\/\/www.amper-aufsperrdienst.de\/en\/locksmith-munich-menzinger-strasse\/#primaryimage"},"image":{"@id":"https:\/\/www.amper-aufsperrdienst.de\/en\/locksmith-munich-menzinger-strasse\/#primaryimage"},"thumbnailUrl":"https:\/\/www.amper-aufsperrdienst.de\/wp-content\/uploads\/2021\/03\/schluesseldienst-muenchen-menzinger-strasse-festpreis-ab-52-siegel.jpg","datePublished":"2019-03-01T05:11:57+00:00","dateModified":"2026-01-30T09:07:34+00:00","description":"Competent locksmith service in Munich, Menzinger Stra\u00dfe, with fixed price guarantee & 24\/7 emergency service: Fast, damage-free door opening by trained locksmiths","breadcrumb":{"@id":"https:\/\/www.amper-aufsperrdienst.de\/en\/locksmith-munich-menzinger-strasse\/#breadcrumb"},"inLanguage":"en-US","potentialAction":[{"@type":"ReadAction","target":["https:\/\/www.amper-aufsperrdienst.de\/en\/locksmith-munich-menzinger-strasse\/"]}]},{"@type":"ImageObject","inLanguage":"en-US","@id":"https:\/\/www.amper-aufsperrdienst.de\/en\/locksmith-munich-menzinger-strasse\/#primaryimage","url":"https:\/\/www.amper-aufsperrdienst.de\/wp-content\/uploads\/2021\/03\/schluesseldienst-muenchen-menzinger-strasse-festpreis-ab-52-siegel.jpg","contentUrl":"https:\/\/www.amper-aufsperrdienst.de\/wp-content\/uploads\/2021\/03\/schluesseldienst-muenchen-menzinger-strasse-festpreis-ab-52-siegel.jpg"},{"@type":"BreadcrumbList","@id":"https:\/\/www.amper-aufsperrdienst.de\/en\/locksmith-munich-menzinger-strasse\/#breadcrumb","itemListElement":[{"@type":"ListItem","position":1,"name":"Home","item":"https:\/\/www.amper-aufsperrdienst.de\/en\/"},{"@type":"ListItem","position":2,"name":"LOCKSMITH MUNICH MENZINGER STRASSE"}]},{"@type":"WebSite","@id":"https:\/\/www.amper-aufsperrdienst.de\/en\/#website","url":"https:\/\/www.amper-aufsperrdienst.de\/en\/","name":"Locksmith for Munich, Dachau and F\u00fcrstenfeldbruck","description":"Amper Aufsperrdienst","potentialAction":[{"@type":"SearchAction","target":{"@type":"EntryPoint","urlTemplate":"https:\/\/www.amper-aufsperrdienst.de\/en\/?s={search_term_string}"},"query-input":{"@type":"PropertyValueSpecification","valueRequired":true,"valueName":"search_term_string"}}],"inLanguage":"en-US"}]}},"_links":{"self":[{"href":"https:\/\/www.amper-aufsperrdienst.de\/en\/wp-json\/wp\/v2\/pages\/12175","targetHints":{"allow":["GET"]}}],"collection":[{"href":"https:\/\/www.amper-aufsperrdienst.de\/en\/wp-json\/wp\/v2\/pages"}],"about":[{"href":"https:\/\/www.amper-aufsperrdienst.de\/en\/wp-json\/wp\/v2\/types\/page"}],"author":[{"embeddable":true,"href":"https:\/\/www.amper-aufsperrdienst.de\/en\/wp-json\/wp\/v2\/users\/2"}],"replies":[{"embeddable":true,"href":"https:\/\/www.amper-aufsperrdienst.de\/en\/wp-json\/wp\/v2\/comments?post=12175"}],"version-history":[{"count":3,"href":"https:\/\/www.amper-aufsperrdienst.de\/en\/wp-json\/wp\/v2\/pages\/12175\/revisions"}],"predecessor-version":[{"id":14892,"href":"https:\/\/www.amper-aufsperrdienst.de\/en\/wp-json\/wp\/v2\/pages\/12175\/revisions\/14892"}],"wp:attachment":[{"href":"https:\/\/www.amper-aufsperrdienst.de\/en\/wp-json\/wp\/v2\/media?parent=12175"}],"curies":[{"name":"wp","href":"https:\/\/api.w.org\/{rel}","templated":true}]}}