{"id":12193,"date":"2018-01-21T19:07:30","date_gmt":"2018-01-21T17:07:30","guid":{"rendered":"https:\/\/www.amper-aufsperrdienst.de\/locksmith-poing\/"},"modified":"2026-02-10T07:46:31","modified_gmt":"2026-02-10T05:46:31","slug":"locksmith-poing","status":"publish","type":"page","link":"https:\/\/www.amper-aufsperrdienst.de\/en\/locksmith-poing\/","title":{"rendered":"Locksmith Poing"},"content":{"rendered":"<p><img loading=\"lazy\" decoding=\"async\" class=\"alignleft\" style=\"margin-bottom: 5px !important;\" src=\"https:\/\/www.amper-aufsperrdienst.de\/wp-content\/uploads\/2021\/03\/schluesseldienst-muenchen-poing-festpreis-ab-52-siegel.jpg\" alt=\"Amper Locksmith Opening Service muenchen-poing with fixed price from 52,- EUR\" width=\"250\" height=\"250\" \/><\/p>\n<p>Sometimes it&#8217;s like you&#8217;re cursed, and nothing seems to go right. Today is one of those days when you wish you&#8217;d stayed home \u2013 because you&#8217;ve actually locked yourself out! Now you&#8217;re standing in front of your house in Poing and need one thing above all else: a reliable locksmith!<\/p>\n          <!-- tarif -->\n<h2><b><span style=\"vertical-align: inherit;\"><span style=\"vertical-align: inherit;\">Our binding fixed prices start from \u20ac52.<\/span><\/span><\/b><\/h2>\n<p>Amper Locksmith Service is a fair locksmith service with transparent fixed prices:<\/p>\n<div class=\"table-title\">\n\tPRICE LIST  UNLOCK\n<\/div>\n<!-- Table part-->\n<table class=\"table\">\n  <thead class=\"header\">\n\t  <tr>\n     \t <th scope=\"col\">Time<\/th>\n     \t <th scope=\"col\">8 - 18<\/th>\n     \t <th scope=\"col\">18 - 22<\/th>\n     \t <th scope=\"col\">22 - 8<\/th>\n\t<\/tr>\n  <\/thead>\n  <tbody>\n     \t  <tr class=\"weekdays\">\n     \t  \t  <td class=\"tag\" data-label=\"Time\">Mo - Fr<\/td>\n     \t  \t  <td class=\"hrs tag\" data-label=\"8 - 18\">52,- \u20ac<\/td>\n     \t  \t  <td class=\"tag space\" data-label=\"18 - 22\">82,- \u20ac<\/td>\n     \t  \t  <td data-label=\"22 - 8\">95,- \u20ac<\/td>\n     \t  <\/tr>\n     <tr class=\"weekends\">\n     \t  \t  <td class=\"tag\" data-label=\"Time\">Sa<\/td>\n     \t  \t  <td class=\"tag\" data-label=\"8 - 18\">95,- \u20ac<\/td>\n     \t  \t  <td class=\"tag\" data-label=\"18 - 22\">95,- \u20ac<\/td>\n     \t  \t  <td data-label=\"22 - 8\">125,- \u20ac<\/td>\n     \t  <\/tr>\n     <tr class=\"holidays\">\n     \t  \t  <td class=\"tag\" data-label=\"Time\">So & holiday<\/td>\n     \t  \t  <td class=\"tag\" data-label=\"8 - 18\">125,- \u20ac<\/td>\n     \t  \t  <td class=\"tag\" data-label=\"18 - 22\">125,-\u20ac<\/td>\n     \t  \t  <td data-label=\"22 - 8\">125,-\u20ac<\/td>\n     \t  <\/tr>\n     <\/tbody>\n<\/table>\n<!-- Table Description-->\n<div class=\"table-description\">\n\t<em>Please call to inquire about travel costs.<\/em>\n<\/div>\n<!-- Wordings below -->\n<div class=\"wordings\">\n<p>The prices listed in this table are binding for unlocking a door that has slammed shut or been pulled shut (without self-locking mechanisms). Please feel free to contact us if you would like a price quote for other locksmith services. We will gladly provide you with a transparent, fixed-price offer.<\/p>\n<\/div>\n\n<!-- END Wordings -->\n\n\n\n<div class=\"ansprech\">\n<p>Help in Poing, day and night<\/p>\n<h3 class=\"phone mobilesOnly\"><a href=\"tel:+498000131131\">0800 \/ 0 131 131<\/a><\/h3>\n<h3 class=\"phone desktopOnly\">0800 \/ 0 131 131<\/h3>\n<p>Professional door opening at a low fixed price<\/p>\n<\/div>\n<p>Amper Locksmith Service is a popular choice and has made a name for itself in the region for three generations. Therefore, you can be sure that you won&#8217;t end up with some shady shell company when you call our number!<\/p>\n<h2>Fast door opening in Poing at a fixed price<\/h2>\n<p>Time and again, you read in the newspaper or see on TV that there are &#8220;specialists&#8221; who have only one thing in mind: to fleece unsuspecting citizens. They sometimes charge exorbitant surcharges and call-out fees.<\/p>\n<p>Many people in distress don&#8217;t know how to react in this situation. But these exorbitant prices of several hundred euros are often illegal. You can easily avoid this by asking for a fixed price directly over the phone \u2013 with us, at least, that&#8217;s possible, and that alone sets us apart from many other so-called locksmiths.<\/p>\n<h2>The municipality of Poing in the Upper Bavarian district of Ebersberg<\/h2>\n<p>Belonging to the Munich region, Poing lies in the Munich gravel plain south of Erding and north of Zorneding, yet only 21 km from the Bavarian metropolis of Munich. Its connection to the S-Bahn network ensures that Munich city center can be reached in just half an hour.<\/p>\n<p>Neighboring municipalities include Vaterstetten, among others.<a href=\"https:\/\/www.amper-aufsperrdienst.de\/en\/locksmith-anzing\/\">Anzing<\/a>, <a href=\"https:\/\/www.amper-aufsperrdienst.de\/en\/locksmith-markt-schwaben\/\">Swabian market<\/a>, <a href=\"https:\/\/www.amper-aufsperrdienst.de\/en\/locksmith-pliening\/\">Pliening<\/a> and Kirchheim. The most important streets include Senator-Gerauer-Stra\u00dfe, Gruber Stra\u00dfe, Hauptstra\u00dfe, Neufarner Stra\u00dfe, Anzinger Stra\u00dfe, Plieninger Stra\u00dfe, and Kirchheimer Stra\u00dfe. Poing Wildlife Park is a popular destination for day trips throughout the region.<\/p>\n<h2>Professional Tools in Our Luggage<\/h2>\n<p>Even if you live outside these areas, we&#8217;ll come to you in no time and, of course, always bring our specialized tools with us. Over several decades, we&#8217;ve acquired invaluable expertise that benefits you. One of the ancestors of the current company head, Mario Pichelmaier, even invented one of these helpful tools.<\/p>\n<p>It&#8217;s clear that the family&#8217;s expertise is what makes Amper Locksmith Service so successful today. Our damage-free unlocking rate is an incredible 99% for doors that are simply locked shut. So you&#8217;re in professional hands with us \u2013 call us completely free of charge, and we look forward to helping you.<\/p>\n<div class=\"ansprech\">\n<p>Help in Poing, day and night<\/p>\n<h3 class=\"phone mobilesOnly\"><a href=\"tel:+498000131131\">0800 \/ 0 131 131<\/a><\/h3>\n<h3 class=\"phone desktopOnly\">0800 \/ 0 131 131<\/h3>\n<p>Professional door opening at a low fixed price<\/p>\n<\/div>\n","protected":false},"excerpt":{"rendered":"<p>Sometimes it&#8217;s like you&#8217;re cursed, and nothing seems to go right. Today is one of those days when you wish you&#8217;d stayed home \u2013 because you&#8217;ve actually locked yourself out! Now you&#8217;re standing in front of your house in Poing and need one thing above all else: a reliable locksmith! Help in Poing, day and [&hellip;]<\/p>\n","protected":false},"author":2,"featured_media":0,"parent":0,"menu_order":0,"comment_status":"closed","ping_status":"closed","template":"","meta":{"footnotes":"","_links_to":"","_links_to_target":""},"class_list":["post-12193","page","type-page","status-publish","hentry"],"yoast_head":"<!-- This site is optimized with the Yoast SEO plugin v27.4 - https:\/\/yoast.com\/product\/yoast-seo-wordpress\/ -->\n<title>Locksmith in Poing: from \u20ac52,- fixed price (binding)<\/title>\n<meta name=\"description\" content=\"The locksmith service in Poing offers secure door openings at guaranteed fixed prices. Our experts are available 24\/7 \u2013 call us now free of charge at 0800 \/ 0 131 131!\" \/>\n<meta name=\"robots\" content=\"index, follow, max-snippet:-1, max-image-preview:large, max-video-preview:-1\" \/>\n<link rel=\"canonical\" href=\"https:\/\/www.amper-aufsperrdienst.de\/en\/locksmith-poing\/\" \/>\n<meta property=\"og:locale\" content=\"en_US\" \/>\n<meta property=\"og:type\" content=\"article\" \/>\n<meta property=\"og:title\" content=\"Locksmith in Poing: from \u20ac52,- fixed price (binding)\" \/>\n<meta property=\"og:description\" content=\"The locksmith service in Poing offers secure door openings at guaranteed fixed prices. Our experts are available 24\/7 \u2013 call us now free of charge at 0800 \/ 0 131 131!\" \/>\n<meta property=\"og:url\" content=\"https:\/\/www.amper-aufsperrdienst.de\/en\/locksmith-poing\/\" \/>\n<meta property=\"og:site_name\" content=\"Locksmith for Munich, Dachau and F\u00fcrstenfeldbruck\" \/>\n<meta property=\"article:modified_time\" content=\"2026-02-10T05:46:31+00:00\" \/>\n<meta property=\"og:image\" content=\"https:\/\/www.amper-aufsperrdienst.de\/wp-content\/uploads\/2021\/03\/schluesseldienst-muenchen-poing-festpreis-ab-52-siegel.jpg\" \/>\n<meta name=\"twitter:label1\" content=\"Est. reading time\" \/>\n\t<meta name=\"twitter:data1\" content=\"3 minutes\" \/>\n<script type=\"application\/ld+json\" class=\"yoast-schema-graph\">{\"@context\":\"https:\\\/\\\/schema.org\",\"@graph\":[{\"@type\":\"WebPage\",\"@id\":\"https:\\\/\\\/www.amper-aufsperrdienst.de\\\/en\\\/locksmith-poing\\\/\",\"url\":\"https:\\\/\\\/www.amper-aufsperrdienst.de\\\/en\\\/locksmith-poing\\\/\",\"name\":\"Locksmith in Poing: from \u20ac52,- fixed price (binding)\",\"isPartOf\":{\"@id\":\"https:\\\/\\\/www.amper-aufsperrdienst.de\\\/en\\\/#website\"},\"primaryImageOfPage\":{\"@id\":\"https:\\\/\\\/www.amper-aufsperrdienst.de\\\/en\\\/locksmith-poing\\\/#primaryimage\"},\"image\":{\"@id\":\"https:\\\/\\\/www.amper-aufsperrdienst.de\\\/en\\\/locksmith-poing\\\/#primaryimage\"},\"thumbnailUrl\":\"https:\\\/\\\/www.amper-aufsperrdienst.de\\\/wp-content\\\/uploads\\\/2021\\\/03\\\/schluesseldienst-muenchen-poing-festpreis-ab-52-siegel.jpg\",\"datePublished\":\"2018-01-21T17:07:30+00:00\",\"dateModified\":\"2026-02-10T05:46:31+00:00\",\"description\":\"The locksmith service in Poing offers secure door openings at guaranteed fixed prices. Our experts are available 24\\\/7 \u2013 call us now free of charge at 0800 \\\/ 0 131 131!\",\"breadcrumb\":{\"@id\":\"https:\\\/\\\/www.amper-aufsperrdienst.de\\\/en\\\/locksmith-poing\\\/#breadcrumb\"},\"inLanguage\":\"en-US\",\"potentialAction\":[{\"@type\":\"ReadAction\",\"target\":[\"https:\\\/\\\/www.amper-aufsperrdienst.de\\\/en\\\/locksmith-poing\\\/\"]}]},{\"@type\":\"ImageObject\",\"inLanguage\":\"en-US\",\"@id\":\"https:\\\/\\\/www.amper-aufsperrdienst.de\\\/en\\\/locksmith-poing\\\/#primaryimage\",\"url\":\"https:\\\/\\\/www.amper-aufsperrdienst.de\\\/wp-content\\\/uploads\\\/2021\\\/03\\\/schluesseldienst-muenchen-poing-festpreis-ab-52-siegel.jpg\",\"contentUrl\":\"https:\\\/\\\/www.amper-aufsperrdienst.de\\\/wp-content\\\/uploads\\\/2021\\\/03\\\/schluesseldienst-muenchen-poing-festpreis-ab-52-siegel.jpg\"},{\"@type\":\"BreadcrumbList\",\"@id\":\"https:\\\/\\\/www.amper-aufsperrdienst.de\\\/en\\\/locksmith-poing\\\/#breadcrumb\",\"itemListElement\":[{\"@type\":\"ListItem\",\"position\":1,\"name\":\"Home\",\"item\":\"https:\\\/\\\/www.amper-aufsperrdienst.de\\\/en\\\/\"},{\"@type\":\"ListItem\",\"position\":2,\"name\":\"Locksmith Poing\"}]},{\"@type\":\"WebSite\",\"@id\":\"https:\\\/\\\/www.amper-aufsperrdienst.de\\\/en\\\/#website\",\"url\":\"https:\\\/\\\/www.amper-aufsperrdienst.de\\\/en\\\/\",\"name\":\"Locksmith for Munich, Dachau and F\u00fcrstenfeldbruck\",\"description\":\"Amper Aufsperrdienst\",\"potentialAction\":[{\"@type\":\"SearchAction\",\"target\":{\"@type\":\"EntryPoint\",\"urlTemplate\":\"https:\\\/\\\/www.amper-aufsperrdienst.de\\\/en\\\/?s={search_term_string}\"},\"query-input\":{\"@type\":\"PropertyValueSpecification\",\"valueRequired\":true,\"valueName\":\"search_term_string\"}}],\"inLanguage\":\"en-US\"}]}<\/script>\n<!-- \/ Yoast SEO plugin. -->","yoast_head_json":{"title":"Locksmith in Poing: from \u20ac52,- fixed price (binding)","description":"The locksmith service in Poing offers secure door openings at guaranteed fixed prices. Our experts are available 24\/7 \u2013 call us now free of charge at 0800 \/ 0 131 131!","robots":{"index":"index","follow":"follow","max-snippet":"max-snippet:-1","max-image-preview":"max-image-preview:large","max-video-preview":"max-video-preview:-1"},"canonical":"https:\/\/www.amper-aufsperrdienst.de\/en\/locksmith-poing\/","og_locale":"en_US","og_type":"article","og_title":"Locksmith in Poing: from \u20ac52,- fixed price (binding)","og_description":"The locksmith service in Poing offers secure door openings at guaranteed fixed prices. Our experts are available 24\/7 \u2013 call us now free of charge at 0800 \/ 0 131 131!","og_url":"https:\/\/www.amper-aufsperrdienst.de\/en\/locksmith-poing\/","og_site_name":"Locksmith for Munich, Dachau and F\u00fcrstenfeldbruck","article_modified_time":"2026-02-10T05:46:31+00:00","og_image":[{"url":"https:\/\/www.amper-aufsperrdienst.de\/wp-content\/uploads\/2021\/03\/schluesseldienst-muenchen-poing-festpreis-ab-52-siegel.jpg","type":"","width":"","height":""}],"twitter_misc":{"Est. reading time":"3 minutes"},"schema":{"@context":"https:\/\/schema.org","@graph":[{"@type":"WebPage","@id":"https:\/\/www.amper-aufsperrdienst.de\/en\/locksmith-poing\/","url":"https:\/\/www.amper-aufsperrdienst.de\/en\/locksmith-poing\/","name":"Locksmith in Poing: from \u20ac52,- fixed price (binding)","isPartOf":{"@id":"https:\/\/www.amper-aufsperrdienst.de\/en\/#website"},"primaryImageOfPage":{"@id":"https:\/\/www.amper-aufsperrdienst.de\/en\/locksmith-poing\/#primaryimage"},"image":{"@id":"https:\/\/www.amper-aufsperrdienst.de\/en\/locksmith-poing\/#primaryimage"},"thumbnailUrl":"https:\/\/www.amper-aufsperrdienst.de\/wp-content\/uploads\/2021\/03\/schluesseldienst-muenchen-poing-festpreis-ab-52-siegel.jpg","datePublished":"2018-01-21T17:07:30+00:00","dateModified":"2026-02-10T05:46:31+00:00","description":"The locksmith service in Poing offers secure door openings at guaranteed fixed prices. Our experts are available 24\/7 \u2013 call us now free of charge at 0800 \/ 0 131 131!","breadcrumb":{"@id":"https:\/\/www.amper-aufsperrdienst.de\/en\/locksmith-poing\/#breadcrumb"},"inLanguage":"en-US","potentialAction":[{"@type":"ReadAction","target":["https:\/\/www.amper-aufsperrdienst.de\/en\/locksmith-poing\/"]}]},{"@type":"ImageObject","inLanguage":"en-US","@id":"https:\/\/www.amper-aufsperrdienst.de\/en\/locksmith-poing\/#primaryimage","url":"https:\/\/www.amper-aufsperrdienst.de\/wp-content\/uploads\/2021\/03\/schluesseldienst-muenchen-poing-festpreis-ab-52-siegel.jpg","contentUrl":"https:\/\/www.amper-aufsperrdienst.de\/wp-content\/uploads\/2021\/03\/schluesseldienst-muenchen-poing-festpreis-ab-52-siegel.jpg"},{"@type":"BreadcrumbList","@id":"https:\/\/www.amper-aufsperrdienst.de\/en\/locksmith-poing\/#breadcrumb","itemListElement":[{"@type":"ListItem","position":1,"name":"Home","item":"https:\/\/www.amper-aufsperrdienst.de\/en\/"},{"@type":"ListItem","position":2,"name":"Locksmith Poing"}]},{"@type":"WebSite","@id":"https:\/\/www.amper-aufsperrdienst.de\/en\/#website","url":"https:\/\/www.amper-aufsperrdienst.de\/en\/","name":"Locksmith for Munich, Dachau and F\u00fcrstenfeldbruck","description":"Amper Aufsperrdienst","potentialAction":[{"@type":"SearchAction","target":{"@type":"EntryPoint","urlTemplate":"https:\/\/www.amper-aufsperrdienst.de\/en\/?s={search_term_string}"},"query-input":{"@type":"PropertyValueSpecification","valueRequired":true,"valueName":"search_term_string"}}],"inLanguage":"en-US"}]}},"_links":{"self":[{"href":"https:\/\/www.amper-aufsperrdienst.de\/en\/wp-json\/wp\/v2\/pages\/12193","targetHints":{"allow":["GET"]}}],"collection":[{"href":"https:\/\/www.amper-aufsperrdienst.de\/en\/wp-json\/wp\/v2\/pages"}],"about":[{"href":"https:\/\/www.amper-aufsperrdienst.de\/en\/wp-json\/wp\/v2\/types\/page"}],"author":[{"embeddable":true,"href":"https:\/\/www.amper-aufsperrdienst.de\/en\/wp-json\/wp\/v2\/users\/2"}],"replies":[{"embeddable":true,"href":"https:\/\/www.amper-aufsperrdienst.de\/en\/wp-json\/wp\/v2\/comments?post=12193"}],"version-history":[{"count":3,"href":"https:\/\/www.amper-aufsperrdienst.de\/en\/wp-json\/wp\/v2\/pages\/12193\/revisions"}],"predecessor-version":[{"id":14991,"href":"https:\/\/www.amper-aufsperrdienst.de\/en\/wp-json\/wp\/v2\/pages\/12193\/revisions\/14991"}],"wp:attachment":[{"href":"https:\/\/www.amper-aufsperrdienst.de\/en\/wp-json\/wp\/v2\/media?parent=12193"}],"curies":[{"name":"wp","href":"https:\/\/api.w.org\/{rel}","templated":true}]}}