{"id":12240,"date":"2018-02-27T07:45:22","date_gmt":"2018-02-27T05:45:22","guid":{"rendered":"https:\/\/www.amper-aufsperrdienst.de\/locksmith-munich-artur-kutscher-platz\/"},"modified":"2026-01-21T09:42:15","modified_gmt":"2026-01-21T07:42:15","slug":"locksmith-munich-artur-kutscher-platz","status":"publish","type":"page","link":"https:\/\/www.amper-aufsperrdienst.de\/en\/locksmith-munich-artur-kutscher-platz\/","title":{"rendered":"Locksmith Munich Artur-Kutscher-Platz"},"content":{"rendered":"<p><img loading=\"lazy\" decoding=\"async\" class=\"alignleft\" style=\"margin-bottom: 5px !important;\" src=\"https:\/\/www.amper-aufsperrdienst.de\/wp-content\/uploads\/2021\/03\/schluesseldienst-muenchen-artur-kutscher-platz-festpreis-ab-52-siegel.jpg\" alt=\"Locksmith Amper - locksmith service Munich-Artur-Kutscher-Platz with a fixed price starting from 52,- EUR\" width=\"250\" height=\"250\" \/>Do you live near Artur-Kutscher-Platz in Munich and find yourself locked out? Don&#8217;t worry, countless people across Germany experience this every day. Our locksmith service in Munich&#8217;s Artur-Kutscher-Platz area will get you out of this predicament as quickly as possible. You&#8217;ll receive assistance from an experienced and reliable locksmith service, now in its third generation, that unlocks doors for a fixed price. We don&#8217;t have long waiting times; we&#8217;ll be at your location in just about 30 minutes. You can always rely on Amper Locksmith Service!<\/p>\n          <!-- tarif -->\n<h2><b><span style=\"vertical-align: inherit;\"><span style=\"vertical-align: inherit;\">Our binding fixed prices start from \u20ac52.<\/span><\/span><\/b><\/h2>\n<p>Amper Locksmith Service is a fair locksmith service with transparent fixed prices:<\/p>\n<div class=\"table-title\">\n\tPRICE LIST  UNLOCK\n<\/div>\n<!-- Table part-->\n<table class=\"table\">\n  <thead class=\"header\">\n\t  <tr>\n     \t <th scope=\"col\">Time<\/th>\n     \t <th scope=\"col\">8 - 18<\/th>\n     \t <th scope=\"col\">18 - 22<\/th>\n     \t <th scope=\"col\">22 - 8<\/th>\n\t<\/tr>\n  <\/thead>\n  <tbody>\n     \t  <tr class=\"weekdays\">\n     \t  \t  <td class=\"tag\" data-label=\"Time\">Mo - Fr<\/td>\n     \t  \t  <td class=\"hrs tag\" data-label=\"8 - 18\">52,- \u20ac<\/td>\n     \t  \t  <td class=\"tag space\" data-label=\"18 - 22\">82,- \u20ac<\/td>\n     \t  \t  <td data-label=\"22 - 8\">95,- \u20ac<\/td>\n     \t  <\/tr>\n     <tr class=\"weekends\">\n     \t  \t  <td class=\"tag\" data-label=\"Time\">Sa<\/td>\n     \t  \t  <td class=\"tag\" data-label=\"8 - 18\">95,- \u20ac<\/td>\n     \t  \t  <td class=\"tag\" data-label=\"18 - 22\">95,- \u20ac<\/td>\n     \t  \t  <td data-label=\"22 - 8\">125,- \u20ac<\/td>\n     \t  <\/tr>\n     <tr class=\"holidays\">\n     \t  \t  <td class=\"tag\" data-label=\"Time\">So & holiday<\/td>\n     \t  \t  <td class=\"tag\" data-label=\"8 - 18\">125,- \u20ac<\/td>\n     \t  \t  <td class=\"tag\" data-label=\"18 - 22\">125,-\u20ac<\/td>\n     \t  \t  <td data-label=\"22 - 8\">125,-\u20ac<\/td>\n     \t  <\/tr>\n     <\/tbody>\n<\/table>\n<!-- Table Description-->\n<div class=\"table-description\">\n\t<em>Please call to inquire about travel costs.<\/em>\n<\/div>\n<!-- Wordings below -->\n<div class=\"wordings\">\n<p>The prices listed in this table are binding for unlocking a door that has slammed shut or been pulled shut (without self-locking mechanisms). Please feel free to contact us if you would like a price quote for other locksmith services. We will gladly provide you with a transparent, fixed-price offer.<\/p>\n<\/div>\n\n<!-- END Wordings -->\n\n\n\n<div class=\"ansprech\">Professional locksmith service in Munich, Artur-Kutscher-Platz, with a fixed price guarantee<br \/>\n<h3 class=\"phone mobilesOnly\"><a href=\"tel:+498000131131\">0800 \/ 0 131 131<\/a><\/h3><h3 class=\"phone desktopOnly\"><a href=\"tel:+498000131131\">0800 \/ 0 131 131<\/a><\/h3>Freephone and 24-hour availability, even on Sundays and public holidays!<\/div>\n<h2>Artur-Kutscher-Platz in the Schwabing district of Munich<\/h2>\n<p>Artur-Kutscher-Platz is located in the Schwabing district of Munich, near M\u00fcnchner Freiheit. The square is bordered by Marschallstra\u00dfe, Gohrenstra\u00dfe, Kunigundenstra\u00dfe, and Occamstra\u00dfe. Last year, the square frequently made headlines due to its uninspired design.<\/p>\n<p>In the future, Artur-Kutscher-Platz is to be redesigned to offer a more inviting public space. To achieve this, cars will be removed from the square. Currently, there is a fountain in the square. The square is named after Artur Kutscher, a German literary and theater critic who died in Munich in 1960.<\/p>\n<h2>Amper Locksmith Service: Your long-established locksmith service with experience<\/h2>\n<p>We are now a third-generation locksmith service in Munich&#8217;s Artur-Kutscher-Platz district. This means we serve you every day with the experience we have gained over many years. Our professional and friendly staff have been a reliable team for quite some time. Unlike many shell companies and fake businesses, we offer fair and affordable fixed prices, which we will gladly quote you over the phone if you clearly describe your situation.<\/p>\n<p>We don&#8217;t charge special surcharges or exorbitant additional costs, which are often used to rip off unsuspecting citizens in need. To ensure not only a safe door opening, but also a door unlocking without causing any damage to Artur-Kutscher-Platz, we use only specialized tools. This allows us to achieve an almost 99% success rate for doors that are simply latched.<\/p>\n<h2>Locksmith Munich Artur-Kutscher-Platz: Door opening 365 days a year<\/h2>\n<p>As an emergency locksmith service, Amper Locksmith Service is not bound by specific business hours. Accordingly, we guarantee damage-free door opening at a fair fixed price, 365 days a year. We are always available via our toll-free number, both on weekdays and on Sundays and public holidays. After all, many people lock themselves out at the most inconvenient times.<\/p>\n<p>Our locksmith service in Munich&#8217;s Artur-Kutscher-Platz is available around the clock, so there are no inconvenient times. Even on public holidays, we don&#8217;t have hidden costs and offer damage-free door unlocking services at Artur-Kutscher-Platz.<\/p>\n<div class=\"ansprech\">Professional locksmith service in Munich, Artur-Kutscher-Platz, with a fixed price guarantee<br \/>\n<h3 class=\"phone mobilesOnly\"><a href=\"tel:+498000131131\">0800 \/ 0 131 131<\/a><\/h3><h3 class=\"phone desktopOnly\"><a href=\"tel:+498000131131\">0800 \/ 0 131 131<\/a><\/h3>Freephone and 24-hour availability, even on Sundays and public holidays!<\/div>\n","protected":false},"excerpt":{"rendered":"<p>Do you live near Artur-Kutscher-Platz in Munich and find yourself locked out? Don&#8217;t worry, countless people across Germany experience this every day. Our locksmith service in Munich&#8217;s Artur-Kutscher-Platz area will get you out of this predicament as quickly as possible. You&#8217;ll receive assistance from an experienced and reliable locksmith service, now in its third generation, [&hellip;]<\/p>\n","protected":false},"author":2,"featured_media":0,"parent":0,"menu_order":0,"comment_status":"closed","ping_status":"closed","template":"","meta":{"footnotes":"","_links_to":"","_links_to_target":""},"class_list":["post-12240","page","type-page","status-publish","hentry"],"yoast_head":"<!-- This site is optimized with the Yoast SEO plugin v27.4 - https:\/\/yoast.com\/product\/yoast-seo-wordpress\/ -->\n<title>Locksmith Munich Artur-Kutscher-Platz: from \u20ac52,- fixed price<\/title>\n<meta name=\"description\" content=\"Locksmith in Munich&#039;s Artur-Kutscher-Platz with 24\/7 on-call availability, friendly staff, and fast 24-hour emergency service: Call us free of charge and let us unlock your door for a fair fixed price! We&#039;ll gladly give you a fixed-price guarantee right over the phone!\" \/>\n<meta name=\"robots\" content=\"index, follow, max-snippet:-1, max-image-preview:large, max-video-preview:-1\" \/>\n<link rel=\"canonical\" href=\"https:\/\/www.amper-aufsperrdienst.de\/en\/locksmith-munich-artur-kutscher-platz\/\" \/>\n<meta property=\"og:locale\" content=\"en_US\" \/>\n<meta property=\"og:type\" content=\"article\" \/>\n<meta property=\"og:title\" content=\"Locksmith Munich Artur-Kutscher-Platz: from \u20ac52,- fixed price\" \/>\n<meta property=\"og:description\" content=\"Locksmith in Munich&#039;s Artur-Kutscher-Platz with 24\/7 on-call availability, friendly staff, and fast 24-hour emergency service: Call us free of charge and let us unlock your door for a fair fixed price! We&#039;ll gladly give you a fixed-price guarantee right over the phone!\" \/>\n<meta property=\"og:url\" content=\"https:\/\/www.amper-aufsperrdienst.de\/en\/locksmith-munich-artur-kutscher-platz\/\" \/>\n<meta property=\"og:site_name\" content=\"Locksmith for Munich, Dachau and F\u00fcrstenfeldbruck\" \/>\n<meta property=\"article:modified_time\" content=\"2026-01-21T07:42:15+00:00\" \/>\n<meta property=\"og:image\" content=\"https:\/\/www.amper-aufsperrdienst.de\/wp-content\/uploads\/2021\/03\/schluesseldienst-muenchen-artur-kutscher-platz-festpreis-ab-52-siegel.jpg\" \/>\n<meta name=\"twitter:label1\" content=\"Est. reading time\" \/>\n\t<meta name=\"twitter:data1\" content=\"3 minutes\" \/>\n<script type=\"application\/ld+json\" class=\"yoast-schema-graph\">{\"@context\":\"https:\\\/\\\/schema.org\",\"@graph\":[{\"@type\":\"WebPage\",\"@id\":\"https:\\\/\\\/www.amper-aufsperrdienst.de\\\/en\\\/locksmith-munich-artur-kutscher-platz\\\/\",\"url\":\"https:\\\/\\\/www.amper-aufsperrdienst.de\\\/en\\\/locksmith-munich-artur-kutscher-platz\\\/\",\"name\":\"Locksmith Munich Artur-Kutscher-Platz: from \u20ac52,- fixed price\",\"isPartOf\":{\"@id\":\"https:\\\/\\\/www.amper-aufsperrdienst.de\\\/en\\\/#website\"},\"primaryImageOfPage\":{\"@id\":\"https:\\\/\\\/www.amper-aufsperrdienst.de\\\/en\\\/locksmith-munich-artur-kutscher-platz\\\/#primaryimage\"},\"image\":{\"@id\":\"https:\\\/\\\/www.amper-aufsperrdienst.de\\\/en\\\/locksmith-munich-artur-kutscher-platz\\\/#primaryimage\"},\"thumbnailUrl\":\"https:\\\/\\\/www.amper-aufsperrdienst.de\\\/wp-content\\\/uploads\\\/2021\\\/03\\\/schluesseldienst-muenchen-artur-kutscher-platz-festpreis-ab-52-siegel.jpg\",\"datePublished\":\"2018-02-27T05:45:22+00:00\",\"dateModified\":\"2026-01-21T07:42:15+00:00\",\"description\":\"Locksmith in Munich's Artur-Kutscher-Platz with 24\\\/7 on-call availability, friendly staff, and fast 24-hour emergency service: Call us free of charge and let us unlock your door for a fair fixed price! We'll gladly give you a fixed-price guarantee right over the phone!\",\"breadcrumb\":{\"@id\":\"https:\\\/\\\/www.amper-aufsperrdienst.de\\\/en\\\/locksmith-munich-artur-kutscher-platz\\\/#breadcrumb\"},\"inLanguage\":\"en-US\",\"potentialAction\":[{\"@type\":\"ReadAction\",\"target\":[\"https:\\\/\\\/www.amper-aufsperrdienst.de\\\/en\\\/locksmith-munich-artur-kutscher-platz\\\/\"]}]},{\"@type\":\"ImageObject\",\"inLanguage\":\"en-US\",\"@id\":\"https:\\\/\\\/www.amper-aufsperrdienst.de\\\/en\\\/locksmith-munich-artur-kutscher-platz\\\/#primaryimage\",\"url\":\"https:\\\/\\\/www.amper-aufsperrdienst.de\\\/wp-content\\\/uploads\\\/2021\\\/03\\\/schluesseldienst-muenchen-artur-kutscher-platz-festpreis-ab-52-siegel.jpg\",\"contentUrl\":\"https:\\\/\\\/www.amper-aufsperrdienst.de\\\/wp-content\\\/uploads\\\/2021\\\/03\\\/schluesseldienst-muenchen-artur-kutscher-platz-festpreis-ab-52-siegel.jpg\"},{\"@type\":\"BreadcrumbList\",\"@id\":\"https:\\\/\\\/www.amper-aufsperrdienst.de\\\/en\\\/locksmith-munich-artur-kutscher-platz\\\/#breadcrumb\",\"itemListElement\":[{\"@type\":\"ListItem\",\"position\":1,\"name\":\"Home\",\"item\":\"https:\\\/\\\/www.amper-aufsperrdienst.de\\\/en\\\/\"},{\"@type\":\"ListItem\",\"position\":2,\"name\":\"Locksmith Munich Artur-Kutscher-Platz\"}]},{\"@type\":\"WebSite\",\"@id\":\"https:\\\/\\\/www.amper-aufsperrdienst.de\\\/en\\\/#website\",\"url\":\"https:\\\/\\\/www.amper-aufsperrdienst.de\\\/en\\\/\",\"name\":\"Locksmith for Munich, Dachau and F\u00fcrstenfeldbruck\",\"description\":\"Amper Aufsperrdienst\",\"potentialAction\":[{\"@type\":\"SearchAction\",\"target\":{\"@type\":\"EntryPoint\",\"urlTemplate\":\"https:\\\/\\\/www.amper-aufsperrdienst.de\\\/en\\\/?s={search_term_string}\"},\"query-input\":{\"@type\":\"PropertyValueSpecification\",\"valueRequired\":true,\"valueName\":\"search_term_string\"}}],\"inLanguage\":\"en-US\"}]}<\/script>\n<!-- \/ Yoast SEO plugin. -->","yoast_head_json":{"title":"Locksmith Munich Artur-Kutscher-Platz: from \u20ac52,- fixed price","description":"Locksmith in Munich's Artur-Kutscher-Platz with 24\/7 on-call availability, friendly staff, and fast 24-hour emergency service: Call us free of charge and let us unlock your door for a fair fixed price! We'll gladly give you a fixed-price guarantee right over the phone!","robots":{"index":"index","follow":"follow","max-snippet":"max-snippet:-1","max-image-preview":"max-image-preview:large","max-video-preview":"max-video-preview:-1"},"canonical":"https:\/\/www.amper-aufsperrdienst.de\/en\/locksmith-munich-artur-kutscher-platz\/","og_locale":"en_US","og_type":"article","og_title":"Locksmith Munich Artur-Kutscher-Platz: from \u20ac52,- fixed price","og_description":"Locksmith in Munich's Artur-Kutscher-Platz with 24\/7 on-call availability, friendly staff, and fast 24-hour emergency service: Call us free of charge and let us unlock your door for a fair fixed price! We'll gladly give you a fixed-price guarantee right over the phone!","og_url":"https:\/\/www.amper-aufsperrdienst.de\/en\/locksmith-munich-artur-kutscher-platz\/","og_site_name":"Locksmith for Munich, Dachau and F\u00fcrstenfeldbruck","article_modified_time":"2026-01-21T07:42:15+00:00","og_image":[{"url":"https:\/\/www.amper-aufsperrdienst.de\/wp-content\/uploads\/2021\/03\/schluesseldienst-muenchen-artur-kutscher-platz-festpreis-ab-52-siegel.jpg","type":"","width":"","height":""}],"twitter_misc":{"Est. reading time":"3 minutes"},"schema":{"@context":"https:\/\/schema.org","@graph":[{"@type":"WebPage","@id":"https:\/\/www.amper-aufsperrdienst.de\/en\/locksmith-munich-artur-kutscher-platz\/","url":"https:\/\/www.amper-aufsperrdienst.de\/en\/locksmith-munich-artur-kutscher-platz\/","name":"Locksmith Munich Artur-Kutscher-Platz: from \u20ac52,- fixed price","isPartOf":{"@id":"https:\/\/www.amper-aufsperrdienst.de\/en\/#website"},"primaryImageOfPage":{"@id":"https:\/\/www.amper-aufsperrdienst.de\/en\/locksmith-munich-artur-kutscher-platz\/#primaryimage"},"image":{"@id":"https:\/\/www.amper-aufsperrdienst.de\/en\/locksmith-munich-artur-kutscher-platz\/#primaryimage"},"thumbnailUrl":"https:\/\/www.amper-aufsperrdienst.de\/wp-content\/uploads\/2021\/03\/schluesseldienst-muenchen-artur-kutscher-platz-festpreis-ab-52-siegel.jpg","datePublished":"2018-02-27T05:45:22+00:00","dateModified":"2026-01-21T07:42:15+00:00","description":"Locksmith in Munich's Artur-Kutscher-Platz with 24\/7 on-call availability, friendly staff, and fast 24-hour emergency service: Call us free of charge and let us unlock your door for a fair fixed price! We'll gladly give you a fixed-price guarantee right over the phone!","breadcrumb":{"@id":"https:\/\/www.amper-aufsperrdienst.de\/en\/locksmith-munich-artur-kutscher-platz\/#breadcrumb"},"inLanguage":"en-US","potentialAction":[{"@type":"ReadAction","target":["https:\/\/www.amper-aufsperrdienst.de\/en\/locksmith-munich-artur-kutscher-platz\/"]}]},{"@type":"ImageObject","inLanguage":"en-US","@id":"https:\/\/www.amper-aufsperrdienst.de\/en\/locksmith-munich-artur-kutscher-platz\/#primaryimage","url":"https:\/\/www.amper-aufsperrdienst.de\/wp-content\/uploads\/2021\/03\/schluesseldienst-muenchen-artur-kutscher-platz-festpreis-ab-52-siegel.jpg","contentUrl":"https:\/\/www.amper-aufsperrdienst.de\/wp-content\/uploads\/2021\/03\/schluesseldienst-muenchen-artur-kutscher-platz-festpreis-ab-52-siegel.jpg"},{"@type":"BreadcrumbList","@id":"https:\/\/www.amper-aufsperrdienst.de\/en\/locksmith-munich-artur-kutscher-platz\/#breadcrumb","itemListElement":[{"@type":"ListItem","position":1,"name":"Home","item":"https:\/\/www.amper-aufsperrdienst.de\/en\/"},{"@type":"ListItem","position":2,"name":"Locksmith Munich Artur-Kutscher-Platz"}]},{"@type":"WebSite","@id":"https:\/\/www.amper-aufsperrdienst.de\/en\/#website","url":"https:\/\/www.amper-aufsperrdienst.de\/en\/","name":"Locksmith for Munich, Dachau and F\u00fcrstenfeldbruck","description":"Amper Aufsperrdienst","potentialAction":[{"@type":"SearchAction","target":{"@type":"EntryPoint","urlTemplate":"https:\/\/www.amper-aufsperrdienst.de\/en\/?s={search_term_string}"},"query-input":{"@type":"PropertyValueSpecification","valueRequired":true,"valueName":"search_term_string"}}],"inLanguage":"en-US"}]}},"_links":{"self":[{"href":"https:\/\/www.amper-aufsperrdienst.de\/en\/wp-json\/wp\/v2\/pages\/12240","targetHints":{"allow":["GET"]}}],"collection":[{"href":"https:\/\/www.amper-aufsperrdienst.de\/en\/wp-json\/wp\/v2\/pages"}],"about":[{"href":"https:\/\/www.amper-aufsperrdienst.de\/en\/wp-json\/wp\/v2\/types\/page"}],"author":[{"embeddable":true,"href":"https:\/\/www.amper-aufsperrdienst.de\/en\/wp-json\/wp\/v2\/users\/2"}],"replies":[{"embeddable":true,"href":"https:\/\/www.amper-aufsperrdienst.de\/en\/wp-json\/wp\/v2\/comments?post=12240"}],"version-history":[{"count":1,"href":"https:\/\/www.amper-aufsperrdienst.de\/en\/wp-json\/wp\/v2\/pages\/12240\/revisions"}],"predecessor-version":[{"id":12243,"href":"https:\/\/www.amper-aufsperrdienst.de\/en\/wp-json\/wp\/v2\/pages\/12240\/revisions\/12243"}],"wp:attachment":[{"href":"https:\/\/www.amper-aufsperrdienst.de\/en\/wp-json\/wp\/v2\/media?parent=12240"}],"curies":[{"name":"wp","href":"https:\/\/api.w.org\/{rel}","templated":true}]}}