{"id":12259,"date":"2018-07-06T07:04:19","date_gmt":"2018-07-06T05:04:19","guid":{"rendered":"https:\/\/www.amper-aufsperrdienst.de\/locksmith-munich-arnulfpark\/"},"modified":"2026-01-21T09:48:41","modified_gmt":"2026-01-21T07:48:41","slug":"locksmith-munich-arnulfpark","status":"publish","type":"page","link":"https:\/\/www.amper-aufsperrdienst.de\/en\/locksmith-munich-arnulfpark\/","title":{"rendered":"Locksmith Munich Arnulfpark"},"content":{"rendered":"<p><img loading=\"lazy\" decoding=\"async\" class=\"alignleft\" style=\"margin-bottom: 5px !important;\" src=\"https:\/\/www.amper-aufsperrdienst.de\/wp-content\/uploads\/2021\/03\/schluesseldienst-muenchen-arnulfpark-festpreis-ab-52-siegel.jpg\" alt=\"Amper locksmith service, Munich-Arnulfpark, with a fixed price starting from \u20ac52.\" width=\"250\" height=\"250\" \/><\/p>\n<p>Do you live in the brand-new Arnulfpark urban quarter but can&#8217;t get into your beautiful apartment because you&#8217;ve lost your keys? Amper Locksmith Service can help you out of this predicament \u2013 \u200b\u200bwith fast, non-destructive door opening at a guaranteed fixed price. As professional locksmiths in Munich&#8217;s Arnulfpark district, we prioritize extremely fast response times, fair fixed prices, and 24\/7 service. Our locksmith professionals are all highly trained and work exclusively with high-quality, specialized tools. This allows us to guarantee completely damage-free door openings in over 99% of our callouts!<\/p>\n          <!-- tarif -->\n<h2><b><span style=\"vertical-align: inherit;\"><span style=\"vertical-align: inherit;\">Our binding fixed prices start from \u20ac52.<\/span><\/span><\/b><\/h2>\n<p>Amper Locksmith Service is a fair locksmith service with transparent fixed prices:<\/p>\n<div class=\"table-title\">\n\tPRICE LIST  UNLOCK\n<\/div>\n<!-- Table part-->\n<table class=\"table\">\n  <thead class=\"header\">\n\t  <tr>\n     \t <th scope=\"col\">Time<\/th>\n     \t <th scope=\"col\">8 - 18<\/th>\n     \t <th scope=\"col\">18 - 22<\/th>\n     \t <th scope=\"col\">22 - 8<\/th>\n\t<\/tr>\n  <\/thead>\n  <tbody>\n     \t  <tr class=\"weekdays\">\n     \t  \t  <td class=\"tag\" data-label=\"Time\">Mo - Fr<\/td>\n     \t  \t  <td class=\"hrs tag\" data-label=\"8 - 18\">52,- \u20ac<\/td>\n     \t  \t  <td class=\"tag space\" data-label=\"18 - 22\">82,- \u20ac<\/td>\n     \t  \t  <td data-label=\"22 - 8\">95,- \u20ac<\/td>\n     \t  <\/tr>\n     <tr class=\"weekends\">\n     \t  \t  <td class=\"tag\" data-label=\"Time\">Sa<\/td>\n     \t  \t  <td class=\"tag\" data-label=\"8 - 18\">95,- \u20ac<\/td>\n     \t  \t  <td class=\"tag\" data-label=\"18 - 22\">95,- \u20ac<\/td>\n     \t  \t  <td data-label=\"22 - 8\">125,- \u20ac<\/td>\n     \t  <\/tr>\n     <tr class=\"holidays\">\n     \t  \t  <td class=\"tag\" data-label=\"Time\">So & holiday<\/td>\n     \t  \t  <td class=\"tag\" data-label=\"8 - 18\">125,- \u20ac<\/td>\n     \t  \t  <td class=\"tag\" data-label=\"18 - 22\">125,-\u20ac<\/td>\n     \t  \t  <td data-label=\"22 - 8\">125,-\u20ac<\/td>\n     \t  <\/tr>\n     <\/tbody>\n<\/table>\n<!-- Table Description-->\n<div class=\"table-description\">\n\t<em>Please call to inquire about travel costs.<\/em>\n<\/div>\n<!-- Wordings below -->\n<div class=\"wordings\">\n<p>The prices listed in this table are binding for unlocking a door that has slammed shut or been pulled shut (without self-locking mechanisms). Please feel free to contact us if you would like a price quote for other locksmith services. We will gladly provide you with a transparent, fixed-price offer.<\/p>\n<\/div>\n\n<!-- END Wordings -->\n\n\n\n<div class=\"ansprech\">Reliable locksmith service in Munich Arnulfpark with a fixed price guarantee and friendly staff.<br \/>\n<h3 class=\"phone mobilesOnly\"><a href=\"tel:+498000131131\">0800 \/ 0 131 131<\/a><\/h3><h3 class=\"phone desktopOnly\"><a href=\"tel:+498000131131\">0800 \/ 0 131 131<\/a><\/h3>Available 24\/7, including Sundays and public holidays! Call anytime, free of charge!<\/div>\n<h2>Arnulfpark in the Neuhausen district of Munich<\/h2>\n<p>Arnulfpark is a new urban quarter in the Neuhausen district of Munich. It boasts numerous state-of-the-art office and residential buildings. Arnulfpark also includes several cultural facilities, shops, a kindergarten, and a park. The buildings were constructed on the site of the former Munich container terminal.<\/p>\n<p>Arnulfpark is located near Munich&#8217;s main train station, between Arnulfstra\u00dfe (which gives the park its name), Hackerbr\u00fccke, and Donnersbergerbr\u00fccke. The area is very well connected to Munich&#8217;s public transport network. It is served by tram lines 16 and 178, as well as the night bus N16. The S-Bahn (suburban train) is also nearby. The BOB (Bayerische Oberlandbahn) also stops here.<\/p>\n<h2>Locksmith Munich Arnulfpark: skilled locksmiths with specialized tools<\/h2>\n<p>Have you locked yourself out and are looking for a skilled, professional, and honest locksmith expert who specializes in non-destructive door openings using the best specialized tools? If so, we are your partner for professional, damage-free unlocking. As a family business now in its third generation, we know exactly what it takes to get you back into your property or apartment.<\/p>\n<h2>Fixed price guarantee<\/h2>\n<p>We stand not only for non-destructive door openings using the best tools, but also for fair fixed prices that are guaranteed. We don&#8217;t rip off our customers and certainly don&#8217;t work with hidden costs. Fairness, transparent procedures, and high customer satisfaction are very important to us. That&#8217;s why we are a genuine emergency locksmith service, available around the clock and with a free 24-hour emergency hotline.<\/p>\n<h2>More protection against thieves<\/h2>\n<p>If you&#8217;d like better protection against thieves or burglars, we&#8217;re the right people to talk to. We&#8217;d be happy to conduct a comprehensive security analysis for you. This will then provide us with the basis for installing higher-quality locking systems. So please feel free to call us free of charge in such cases! One of our experienced locksmith experts will be happy to advise you competently and personally.<\/p>\n<p>Are you looking for a professional, honest, and affordable locksmith in Munich&#8217;s Arnulfpark district? We&#8217;re happy to help!<\/p>\n<div class=\"ansprech\">Reliable locksmith service in Munich Arnulfpark with a fixed price guarantee and friendly staff.<br \/>\n<h3 class=\"phone mobilesOnly\"><a href=\"tel:+498000131131\">0800 \/ 0 131 131<\/a><\/h3><h3 class=\"phone desktopOnly\"><a href=\"tel:+498000131131\">0800 \/ 0 131 131<\/a><\/h3>Available 24\/7, including Sundays and public holidays! Call anytime, free of charge!<\/div>\n","protected":false},"excerpt":{"rendered":"<p>Do you live in the brand-new Arnulfpark urban quarter but can&#8217;t get into your beautiful apartment because you&#8217;ve lost your keys? Amper Locksmith Service can help you out of this predicament \u2013 \u200b\u200bwith fast, non-destructive door opening at a guaranteed fixed price. As professional locksmiths in Munich&#8217;s Arnulfpark district, we prioritize extremely fast response times, [&hellip;]<\/p>\n","protected":false},"author":2,"featured_media":0,"parent":0,"menu_order":0,"comment_status":"closed","ping_status":"closed","template":"","meta":{"footnotes":"","_links_to":"","_links_to_target":""},"class_list":["post-12259","page","type-page","status-publish","hentry"],"yoast_head":"<!-- This site is optimized with the Yoast SEO plugin v27.4 - https:\/\/yoast.com\/product\/yoast-seo-wordpress\/ -->\n<title>Locksmith Munich Arnulfpark: from \u20ac52,- fixed price<\/title>\n<meta name=\"description\" content=\"Traditional and experienced locksmith service in Munich&#039;s Arnulfpark with friendly staff, 24\/7 emergency service, free emergency hotline, and specialized tools: damage-free door opening in approximately 30 minutes. Available for you even on Sundays and public holidays \u2013 at any time!\" \/>\n<meta name=\"robots\" content=\"index, follow, max-snippet:-1, max-image-preview:large, max-video-preview:-1\" \/>\n<link rel=\"canonical\" href=\"https:\/\/www.amper-aufsperrdienst.de\/en\/locksmith-munich-arnulfpark\/\" \/>\n<meta property=\"og:locale\" content=\"en_US\" \/>\n<meta property=\"og:type\" content=\"article\" \/>\n<meta property=\"og:title\" content=\"Locksmith Munich Arnulfpark: from \u20ac52,- fixed price\" \/>\n<meta property=\"og:description\" content=\"Traditional and experienced locksmith service in Munich&#039;s Arnulfpark with friendly staff, 24\/7 emergency service, free emergency hotline, and specialized tools: damage-free door opening in approximately 30 minutes. Available for you even on Sundays and public holidays \u2013 at any time!\" \/>\n<meta property=\"og:url\" content=\"https:\/\/www.amper-aufsperrdienst.de\/en\/locksmith-munich-arnulfpark\/\" \/>\n<meta property=\"og:site_name\" content=\"Locksmith for Munich, Dachau and F\u00fcrstenfeldbruck\" \/>\n<meta property=\"article:modified_time\" content=\"2026-01-21T07:48:41+00:00\" \/>\n<meta property=\"og:image\" content=\"https:\/\/www.amper-aufsperrdienst.de\/wp-content\/uploads\/2021\/03\/schluesseldienst-muenchen-arnulfpark-festpreis-ab-52-siegel.jpg\" \/>\n<meta name=\"twitter:label1\" content=\"Est. reading time\" \/>\n\t<meta name=\"twitter:data1\" content=\"3 minutes\" \/>\n<script type=\"application\/ld+json\" class=\"yoast-schema-graph\">{\"@context\":\"https:\\\/\\\/schema.org\",\"@graph\":[{\"@type\":\"WebPage\",\"@id\":\"https:\\\/\\\/www.amper-aufsperrdienst.de\\\/en\\\/locksmith-munich-arnulfpark\\\/\",\"url\":\"https:\\\/\\\/www.amper-aufsperrdienst.de\\\/en\\\/locksmith-munich-arnulfpark\\\/\",\"name\":\"Locksmith Munich Arnulfpark: from \u20ac52,- fixed price\",\"isPartOf\":{\"@id\":\"https:\\\/\\\/www.amper-aufsperrdienst.de\\\/en\\\/#website\"},\"primaryImageOfPage\":{\"@id\":\"https:\\\/\\\/www.amper-aufsperrdienst.de\\\/en\\\/locksmith-munich-arnulfpark\\\/#primaryimage\"},\"image\":{\"@id\":\"https:\\\/\\\/www.amper-aufsperrdienst.de\\\/en\\\/locksmith-munich-arnulfpark\\\/#primaryimage\"},\"thumbnailUrl\":\"https:\\\/\\\/www.amper-aufsperrdienst.de\\\/wp-content\\\/uploads\\\/2021\\\/03\\\/schluesseldienst-muenchen-arnulfpark-festpreis-ab-52-siegel.jpg\",\"datePublished\":\"2018-07-06T05:04:19+00:00\",\"dateModified\":\"2026-01-21T07:48:41+00:00\",\"description\":\"Traditional and experienced locksmith service in Munich's Arnulfpark with friendly staff, 24\\\/7 emergency service, free emergency hotline, and specialized tools: damage-free door opening in approximately 30 minutes. Available for you even on Sundays and public holidays \u2013 at any time!\",\"breadcrumb\":{\"@id\":\"https:\\\/\\\/www.amper-aufsperrdienst.de\\\/en\\\/locksmith-munich-arnulfpark\\\/#breadcrumb\"},\"inLanguage\":\"en-US\",\"potentialAction\":[{\"@type\":\"ReadAction\",\"target\":[\"https:\\\/\\\/www.amper-aufsperrdienst.de\\\/en\\\/locksmith-munich-arnulfpark\\\/\"]}]},{\"@type\":\"ImageObject\",\"inLanguage\":\"en-US\",\"@id\":\"https:\\\/\\\/www.amper-aufsperrdienst.de\\\/en\\\/locksmith-munich-arnulfpark\\\/#primaryimage\",\"url\":\"https:\\\/\\\/www.amper-aufsperrdienst.de\\\/wp-content\\\/uploads\\\/2021\\\/03\\\/schluesseldienst-muenchen-arnulfpark-festpreis-ab-52-siegel.jpg\",\"contentUrl\":\"https:\\\/\\\/www.amper-aufsperrdienst.de\\\/wp-content\\\/uploads\\\/2021\\\/03\\\/schluesseldienst-muenchen-arnulfpark-festpreis-ab-52-siegel.jpg\"},{\"@type\":\"BreadcrumbList\",\"@id\":\"https:\\\/\\\/www.amper-aufsperrdienst.de\\\/en\\\/locksmith-munich-arnulfpark\\\/#breadcrumb\",\"itemListElement\":[{\"@type\":\"ListItem\",\"position\":1,\"name\":\"Home\",\"item\":\"https:\\\/\\\/www.amper-aufsperrdienst.de\\\/en\\\/\"},{\"@type\":\"ListItem\",\"position\":2,\"name\":\"Locksmith Munich Arnulfpark\"}]},{\"@type\":\"WebSite\",\"@id\":\"https:\\\/\\\/www.amper-aufsperrdienst.de\\\/en\\\/#website\",\"url\":\"https:\\\/\\\/www.amper-aufsperrdienst.de\\\/en\\\/\",\"name\":\"Locksmith for Munich, Dachau and F\u00fcrstenfeldbruck\",\"description\":\"Amper Aufsperrdienst\",\"potentialAction\":[{\"@type\":\"SearchAction\",\"target\":{\"@type\":\"EntryPoint\",\"urlTemplate\":\"https:\\\/\\\/www.amper-aufsperrdienst.de\\\/en\\\/?s={search_term_string}\"},\"query-input\":{\"@type\":\"PropertyValueSpecification\",\"valueRequired\":true,\"valueName\":\"search_term_string\"}}],\"inLanguage\":\"en-US\"}]}<\/script>\n<!-- \/ Yoast SEO plugin. -->","yoast_head_json":{"title":"Locksmith Munich Arnulfpark: from \u20ac52,- fixed price","description":"Traditional and experienced locksmith service in Munich's Arnulfpark with friendly staff, 24\/7 emergency service, free emergency hotline, and specialized tools: damage-free door opening in approximately 30 minutes. Available for you even on Sundays and public holidays \u2013 at any time!","robots":{"index":"index","follow":"follow","max-snippet":"max-snippet:-1","max-image-preview":"max-image-preview:large","max-video-preview":"max-video-preview:-1"},"canonical":"https:\/\/www.amper-aufsperrdienst.de\/en\/locksmith-munich-arnulfpark\/","og_locale":"en_US","og_type":"article","og_title":"Locksmith Munich Arnulfpark: from \u20ac52,- fixed price","og_description":"Traditional and experienced locksmith service in Munich's Arnulfpark with friendly staff, 24\/7 emergency service, free emergency hotline, and specialized tools: damage-free door opening in approximately 30 minutes. Available for you even on Sundays and public holidays \u2013 at any time!","og_url":"https:\/\/www.amper-aufsperrdienst.de\/en\/locksmith-munich-arnulfpark\/","og_site_name":"Locksmith for Munich, Dachau and F\u00fcrstenfeldbruck","article_modified_time":"2026-01-21T07:48:41+00:00","og_image":[{"url":"https:\/\/www.amper-aufsperrdienst.de\/wp-content\/uploads\/2021\/03\/schluesseldienst-muenchen-arnulfpark-festpreis-ab-52-siegel.jpg","type":"","width":"","height":""}],"twitter_misc":{"Est. reading time":"3 minutes"},"schema":{"@context":"https:\/\/schema.org","@graph":[{"@type":"WebPage","@id":"https:\/\/www.amper-aufsperrdienst.de\/en\/locksmith-munich-arnulfpark\/","url":"https:\/\/www.amper-aufsperrdienst.de\/en\/locksmith-munich-arnulfpark\/","name":"Locksmith Munich Arnulfpark: from \u20ac52,- fixed price","isPartOf":{"@id":"https:\/\/www.amper-aufsperrdienst.de\/en\/#website"},"primaryImageOfPage":{"@id":"https:\/\/www.amper-aufsperrdienst.de\/en\/locksmith-munich-arnulfpark\/#primaryimage"},"image":{"@id":"https:\/\/www.amper-aufsperrdienst.de\/en\/locksmith-munich-arnulfpark\/#primaryimage"},"thumbnailUrl":"https:\/\/www.amper-aufsperrdienst.de\/wp-content\/uploads\/2021\/03\/schluesseldienst-muenchen-arnulfpark-festpreis-ab-52-siegel.jpg","datePublished":"2018-07-06T05:04:19+00:00","dateModified":"2026-01-21T07:48:41+00:00","description":"Traditional and experienced locksmith service in Munich's Arnulfpark with friendly staff, 24\/7 emergency service, free emergency hotline, and specialized tools: damage-free door opening in approximately 30 minutes. Available for you even on Sundays and public holidays \u2013 at any time!","breadcrumb":{"@id":"https:\/\/www.amper-aufsperrdienst.de\/en\/locksmith-munich-arnulfpark\/#breadcrumb"},"inLanguage":"en-US","potentialAction":[{"@type":"ReadAction","target":["https:\/\/www.amper-aufsperrdienst.de\/en\/locksmith-munich-arnulfpark\/"]}]},{"@type":"ImageObject","inLanguage":"en-US","@id":"https:\/\/www.amper-aufsperrdienst.de\/en\/locksmith-munich-arnulfpark\/#primaryimage","url":"https:\/\/www.amper-aufsperrdienst.de\/wp-content\/uploads\/2021\/03\/schluesseldienst-muenchen-arnulfpark-festpreis-ab-52-siegel.jpg","contentUrl":"https:\/\/www.amper-aufsperrdienst.de\/wp-content\/uploads\/2021\/03\/schluesseldienst-muenchen-arnulfpark-festpreis-ab-52-siegel.jpg"},{"@type":"BreadcrumbList","@id":"https:\/\/www.amper-aufsperrdienst.de\/en\/locksmith-munich-arnulfpark\/#breadcrumb","itemListElement":[{"@type":"ListItem","position":1,"name":"Home","item":"https:\/\/www.amper-aufsperrdienst.de\/en\/"},{"@type":"ListItem","position":2,"name":"Locksmith Munich Arnulfpark"}]},{"@type":"WebSite","@id":"https:\/\/www.amper-aufsperrdienst.de\/en\/#website","url":"https:\/\/www.amper-aufsperrdienst.de\/en\/","name":"Locksmith for Munich, Dachau and F\u00fcrstenfeldbruck","description":"Amper Aufsperrdienst","potentialAction":[{"@type":"SearchAction","target":{"@type":"EntryPoint","urlTemplate":"https:\/\/www.amper-aufsperrdienst.de\/en\/?s={search_term_string}"},"query-input":{"@type":"PropertyValueSpecification","valueRequired":true,"valueName":"search_term_string"}}],"inLanguage":"en-US"}]}},"_links":{"self":[{"href":"https:\/\/www.amper-aufsperrdienst.de\/en\/wp-json\/wp\/v2\/pages\/12259","targetHints":{"allow":["GET"]}}],"collection":[{"href":"https:\/\/www.amper-aufsperrdienst.de\/en\/wp-json\/wp\/v2\/pages"}],"about":[{"href":"https:\/\/www.amper-aufsperrdienst.de\/en\/wp-json\/wp\/v2\/types\/page"}],"author":[{"embeddable":true,"href":"https:\/\/www.amper-aufsperrdienst.de\/en\/wp-json\/wp\/v2\/users\/2"}],"replies":[{"embeddable":true,"href":"https:\/\/www.amper-aufsperrdienst.de\/en\/wp-json\/wp\/v2\/comments?post=12259"}],"version-history":[{"count":1,"href":"https:\/\/www.amper-aufsperrdienst.de\/en\/wp-json\/wp\/v2\/pages\/12259\/revisions"}],"predecessor-version":[{"id":12262,"href":"https:\/\/www.amper-aufsperrdienst.de\/en\/wp-json\/wp\/v2\/pages\/12259\/revisions\/12262"}],"wp:attachment":[{"href":"https:\/\/www.amper-aufsperrdienst.de\/en\/wp-json\/wp\/v2\/media?parent=12259"}],"curies":[{"name":"wp","href":"https:\/\/api.w.org\/{rel}","templated":true}]}}