{"id":12266,"date":"2018-04-28T09:07:49","date_gmt":"2018-04-28T07:07:49","guid":{"rendered":"https:\/\/www.amper-aufsperrdienst.de\/schluesseldienst-augsburg-don-bosco-platz\/"},"modified":"2026-01-27T08:37:39","modified_gmt":"2026-01-27T06:37:39","slug":"locksmith-augsburg-don-bosco-platz","status":"publish","type":"page","link":"https:\/\/www.amper-aufsperrdienst.de\/en\/locksmith-augsburg-don-bosco-platz\/","title":{"rendered":"Locksmith Augsburg Don-Bosco-Platz"},"content":{"rendered":"<p><img loading=\"lazy\" decoding=\"async\" class=\"alignleft\" style=\"margin-bottom: 5px !important;\" src=\"https:\/\/www.amper-aufsperrdienst.de\/wp-content\/uploads\/2021\/03\/schluesseldienst-augsburg-don-bosco-platz-festpreis-ab-52-siegel.jpg\" alt=\"Locksmith Amper - locksmith service Augsburg-Don-Bosco-Platz with a fixed price starting from 52,- EUR\" width=\"250\" height=\"250\" \/><\/p>\n<p>If you need a fast, honest, and reliable locksmith for non-destructive door opening at a reasonable fixed price in Augsburg&#8217;s Don-Bosco-Platz area, please feel free to contact us and our experts at any time. As the Augsburg Don-Bosco-Platz locksmith service, we have been professionally and damage-free opening all types of doors for three generations. We are not only remarkably fast, but we also proceed with the utmost precision and professionalism when opening doors. Our damage-free door opening rate is over 99%. See for yourself the benefits of our many years of experience.<\/p>\n          <!-- tarif -->\n<h2><b><span style=\"vertical-align: inherit;\"><span style=\"vertical-align: inherit;\">Our binding fixed prices start from \u20ac52.<\/span><\/span><\/b><\/h2>\n<p>Amper Locksmith Service is a fair locksmith service with transparent fixed prices:<\/p>\n<div class=\"table-title\">\n\tPRICE LIST  UNLOCK\n<\/div>\n<!-- Table part-->\n<table class=\"table\">\n  <thead class=\"header\">\n\t  <tr>\n     \t <th scope=\"col\">Time<\/th>\n     \t <th scope=\"col\">8 - 18<\/th>\n     \t <th scope=\"col\">18 - 22<\/th>\n     \t <th scope=\"col\">22 - 8<\/th>\n\t<\/tr>\n  <\/thead>\n  <tbody>\n     \t  <tr class=\"weekdays\">\n     \t  \t  <td class=\"tag\" data-label=\"Time\">Mo - Fr<\/td>\n     \t  \t  <td class=\"hrs tag\" data-label=\"8 - 18\">52,- \u20ac<\/td>\n     \t  \t  <td class=\"tag space\" data-label=\"18 - 22\">82,- \u20ac<\/td>\n     \t  \t  <td data-label=\"22 - 8\">95,- \u20ac<\/td>\n     \t  <\/tr>\n     <tr class=\"weekends\">\n     \t  \t  <td class=\"tag\" data-label=\"Time\">Sa<\/td>\n     \t  \t  <td class=\"tag\" data-label=\"8 - 18\">95,- \u20ac<\/td>\n     \t  \t  <td class=\"tag\" data-label=\"18 - 22\">95,- \u20ac<\/td>\n     \t  \t  <td data-label=\"22 - 8\">125,- \u20ac<\/td>\n     \t  <\/tr>\n     <tr class=\"holidays\">\n     \t  \t  <td class=\"tag\" data-label=\"Time\">So & holiday<\/td>\n     \t  \t  <td class=\"tag\" data-label=\"8 - 18\">125,- \u20ac<\/td>\n     \t  \t  <td class=\"tag\" data-label=\"18 - 22\">125,-\u20ac<\/td>\n     \t  \t  <td data-label=\"22 - 8\">125,-\u20ac<\/td>\n     \t  <\/tr>\n     <\/tbody>\n<\/table>\n<!-- Table Description-->\n<div class=\"table-description\">\n\t<em>Please call to inquire about travel costs.<\/em>\n<\/div>\n<!-- Wordings below -->\n<div class=\"wordings\">\n<p>The prices listed in this table are binding for unlocking a door that has slammed shut or been pulled shut (without self-locking mechanisms). Please feel free to contact us if you would like a price quote for other locksmith services. We will gladly provide you with a transparent, fixed-price offer.<\/p>\n<\/div>\n\n<!-- END Wordings -->\n\n\n\n<div class=\"ansprech\">Locksmith Augsburg Don-Bosco-Platz with free 24-hour emergency hotline and affordable fixed prices<br \/>\n<h3 class=\"phone mobilesOnly\"><a href=\"tel:+498000131131\">0800 \/ 0 131 131<\/a><\/h3><h3 class=\"phone desktopOnly\"><a href=\"tel:+498000131131\">0800 \/ 0 131 131<\/a><\/h3>Damage-free door opening with the best tools. Available 24\/7, even on holidays!<\/div>\n<h2>Don-Bosco-Platz in Augsburg&#8217;s Wolfram-Herrenbach district<\/h2>\n<p>Don Bosco Square is dedicated to Saint Giovanni Melchiorre Bosco and is located in the Wolfram-Herrenbach district of Augsburg. Don Bosco Church is not far from the square. The Herrenbach stream flows alongside the church. The church&#8217;s two towers are a striking feature, dominating the entire skyline of the district.<\/p>\n<p>The main streets near Don Bosco Square are Alter Heuweg, Heinestra\u00dfe, M\u00f6rikestra\u00dfe, and Wilhelm-Hauff-Stra\u00dfe.<\/p>\n<h2>Locksmith Augsburg Don Bosco Square: Fast unlocking at a low fixed price<\/h2>\n<p>Locking yourself out can happen quickly. Just a moment of inattention, and the door is closed, leaving you without your key. As a fair and customer-oriented locksmith service, we are happy to respond quickly if you need a door opened at Don Bosco Square in Augsburg. We offer all our services at a fairly calculated and therefore affordable fixed price. We&#8217;ll gladly tell you this price over the phone. There will be no additional costs after the door has been opened. We are strictly against hidden fees and fraud, which unfortunately do exist in our industry.<\/p>\n<h2>No call center, no switchboard<\/h2>\n<p>When you call our number, you can be sure that no call center employee will answer the phone and try to tell you what needs to be done. Our locksmith experts answer the phone themselves. We believe that a call center or any operator in a switchboard simply cannot provide high-quality advice when it comes to unlocking doors. Only an experienced locksmith can truly assess the situation and the costs involved. We take service very seriously. And for us, service begins the moment you call!<\/p>\n<h2>Damage-free door openings, even on holidays<\/h2>\n<p>In addition to excellent telephone support, it is of course important to us to be able to offer our non-destructive door opening service at any time. As a true 24\/7 emergency service, we have a number that can be reached around the clock, even on Sundays and public holidays. Do you need our help on a Sunday, and then at night too? Or have you locked yourself out on Epiphany? No problem at all when you know our reliable locksmith service in Augsburg Don-Bosco-Platz! We are simply always there for you when you need a professional, damage-free lockout at a reasonable fixed price.<\/p>\n<div class=\"ansprech\">Locksmith Augsburg Don-Bosco-Platz with free 24-hour emergency hotline and affordable fixed prices<br \/>\n<h3 class=\"phone mobilesOnly\"><a href=\"tel:+498000131131\">0800 \/ 0 131 131<\/a><\/h3><h3 class=\"phone desktopOnly\"><a href=\"tel:+498000131131\">0800 \/ 0 131 131<\/a><\/h3>Damage-free door opening with the best tools. Available 24\/7, even on holidays!<\/div>\n","protected":false},"excerpt":{"rendered":"<p>If you need a fast, honest, and reliable locksmith for non-destructive door opening at a reasonable fixed price in Augsburg&#8217;s Don-Bosco-Platz area, please feel free to contact us and our experts at any time. As the Augsburg Don-Bosco-Platz locksmith service, we have been professionally and damage-free opening all types of doors for three generations. We [&hellip;]<\/p>\n","protected":false},"author":2,"featured_media":10927,"parent":0,"menu_order":0,"comment_status":"closed","ping_status":"closed","template":"","meta":{"footnotes":"","_links_to":"","_links_to_target":""},"class_list":["post-12266","page","type-page","status-publish","has-post-thumbnail","hentry"],"yoast_head":"<!-- This site is optimized with the Yoast SEO plugin v27.4 - https:\/\/yoast.com\/product\/yoast-seo-wordpress\/ -->\n<title>Locksmith Augsburg Don-Bosco-Platz: from \u20ac52,- fixed price<\/title>\n<meta name=\"description\" content=\"Experienced, competent, and trustworthy locksmith service in Augsburg Don-Bosco-Platz, now in its third generation: fast, damage-free door opening by highly trained locksmiths. Use of the best tools. Freephone number, available 24\/7, even on holidays. Active 365 days a year!\" \/>\n<meta name=\"robots\" content=\"index, follow, max-snippet:-1, max-image-preview:large, max-video-preview:-1\" \/>\n<link rel=\"canonical\" href=\"https:\/\/www.amper-aufsperrdienst.de\/en\/locksmith-augsburg-don-bosco-platz\/\" \/>\n<meta property=\"og:locale\" content=\"en_US\" \/>\n<meta property=\"og:type\" content=\"article\" \/>\n<meta property=\"og:title\" content=\"Locksmith Augsburg Don-Bosco-Platz: from \u20ac52,- fixed price\" \/>\n<meta property=\"og:description\" content=\"Experienced, competent, and trustworthy locksmith service in Augsburg Don-Bosco-Platz, now in its third generation: fast, damage-free door opening by highly trained locksmiths. Use of the best tools. Freephone number, available 24\/7, even on holidays. Active 365 days a year!\" \/>\n<meta property=\"og:url\" content=\"https:\/\/www.amper-aufsperrdienst.de\/en\/locksmith-augsburg-don-bosco-platz\/\" \/>\n<meta property=\"og:site_name\" content=\"Locksmith for Munich, Dachau and F\u00fcrstenfeldbruck\" \/>\n<meta property=\"article:modified_time\" content=\"2026-01-27T06:37:39+00:00\" \/>\n<meta property=\"og:image\" content=\"https:\/\/www.amper-aufsperrdienst.de\/wp-content\/uploads\/2014\/12\/header-augsburg.jpg\" \/>\n\t<meta property=\"og:image:width\" content=\"960\" \/>\n\t<meta property=\"og:image:height\" content=\"360\" \/>\n\t<meta property=\"og:image:type\" content=\"image\/jpeg\" \/>\n<meta name=\"twitter:label1\" content=\"Est. reading time\" \/>\n\t<meta name=\"twitter:data1\" content=\"4 minutes\" \/>\n<script type=\"application\/ld+json\" class=\"yoast-schema-graph\">{\"@context\":\"https:\\\/\\\/schema.org\",\"@graph\":[{\"@type\":\"WebPage\",\"@id\":\"https:\\\/\\\/www.amper-aufsperrdienst.de\\\/en\\\/locksmith-augsburg-don-bosco-platz\\\/\",\"url\":\"https:\\\/\\\/www.amper-aufsperrdienst.de\\\/en\\\/locksmith-augsburg-don-bosco-platz\\\/\",\"name\":\"Locksmith Augsburg Don-Bosco-Platz: from \u20ac52,- fixed price\",\"isPartOf\":{\"@id\":\"https:\\\/\\\/www.amper-aufsperrdienst.de\\\/en\\\/#website\"},\"primaryImageOfPage\":{\"@id\":\"https:\\\/\\\/www.amper-aufsperrdienst.de\\\/en\\\/locksmith-augsburg-don-bosco-platz\\\/#primaryimage\"},\"image\":{\"@id\":\"https:\\\/\\\/www.amper-aufsperrdienst.de\\\/en\\\/locksmith-augsburg-don-bosco-platz\\\/#primaryimage\"},\"thumbnailUrl\":\"https:\\\/\\\/www.amper-aufsperrdienst.de\\\/wp-content\\\/uploads\\\/2014\\\/12\\\/header-augsburg.jpg\",\"datePublished\":\"2018-04-28T07:07:49+00:00\",\"dateModified\":\"2026-01-27T06:37:39+00:00\",\"description\":\"Experienced, competent, and trustworthy locksmith service in Augsburg Don-Bosco-Platz, now in its third generation: fast, damage-free door opening by highly trained locksmiths. Use of the best tools. Freephone number, available 24\\\/7, even on holidays. Active 365 days a year!\",\"breadcrumb\":{\"@id\":\"https:\\\/\\\/www.amper-aufsperrdienst.de\\\/en\\\/locksmith-augsburg-don-bosco-platz\\\/#breadcrumb\"},\"inLanguage\":\"en-US\",\"potentialAction\":[{\"@type\":\"ReadAction\",\"target\":[\"https:\\\/\\\/www.amper-aufsperrdienst.de\\\/en\\\/locksmith-augsburg-don-bosco-platz\\\/\"]}]},{\"@type\":\"ImageObject\",\"inLanguage\":\"en-US\",\"@id\":\"https:\\\/\\\/www.amper-aufsperrdienst.de\\\/en\\\/locksmith-augsburg-don-bosco-platz\\\/#primaryimage\",\"url\":\"https:\\\/\\\/www.amper-aufsperrdienst.de\\\/wp-content\\\/uploads\\\/2014\\\/12\\\/header-augsburg.jpg\",\"contentUrl\":\"https:\\\/\\\/www.amper-aufsperrdienst.de\\\/wp-content\\\/uploads\\\/2014\\\/12\\\/header-augsburg.jpg\",\"width\":960,\"height\":360},{\"@type\":\"BreadcrumbList\",\"@id\":\"https:\\\/\\\/www.amper-aufsperrdienst.de\\\/en\\\/locksmith-augsburg-don-bosco-platz\\\/#breadcrumb\",\"itemListElement\":[{\"@type\":\"ListItem\",\"position\":1,\"name\":\"Home\",\"item\":\"https:\\\/\\\/www.amper-aufsperrdienst.de\\\/en\\\/\"},{\"@type\":\"ListItem\",\"position\":2,\"name\":\"Locksmith Augsburg Don-Bosco-Platz\"}]},{\"@type\":\"WebSite\",\"@id\":\"https:\\\/\\\/www.amper-aufsperrdienst.de\\\/en\\\/#website\",\"url\":\"https:\\\/\\\/www.amper-aufsperrdienst.de\\\/en\\\/\",\"name\":\"Locksmith for Munich, Dachau and F\u00fcrstenfeldbruck\",\"description\":\"Amper Aufsperrdienst\",\"potentialAction\":[{\"@type\":\"SearchAction\",\"target\":{\"@type\":\"EntryPoint\",\"urlTemplate\":\"https:\\\/\\\/www.amper-aufsperrdienst.de\\\/en\\\/?s={search_term_string}\"},\"query-input\":{\"@type\":\"PropertyValueSpecification\",\"valueRequired\":true,\"valueName\":\"search_term_string\"}}],\"inLanguage\":\"en-US\"}]}<\/script>\n<!-- \/ Yoast SEO plugin. -->","yoast_head_json":{"title":"Locksmith Augsburg Don-Bosco-Platz: from \u20ac52,- fixed price","description":"Experienced, competent, and trustworthy locksmith service in Augsburg Don-Bosco-Platz, now in its third generation: fast, damage-free door opening by highly trained locksmiths. Use of the best tools. Freephone number, available 24\/7, even on holidays. Active 365 days a year!","robots":{"index":"index","follow":"follow","max-snippet":"max-snippet:-1","max-image-preview":"max-image-preview:large","max-video-preview":"max-video-preview:-1"},"canonical":"https:\/\/www.amper-aufsperrdienst.de\/en\/locksmith-augsburg-don-bosco-platz\/","og_locale":"en_US","og_type":"article","og_title":"Locksmith Augsburg Don-Bosco-Platz: from \u20ac52,- fixed price","og_description":"Experienced, competent, and trustworthy locksmith service in Augsburg Don-Bosco-Platz, now in its third generation: fast, damage-free door opening by highly trained locksmiths. Use of the best tools. Freephone number, available 24\/7, even on holidays. Active 365 days a year!","og_url":"https:\/\/www.amper-aufsperrdienst.de\/en\/locksmith-augsburg-don-bosco-platz\/","og_site_name":"Locksmith for Munich, Dachau and F\u00fcrstenfeldbruck","article_modified_time":"2026-01-27T06:37:39+00:00","og_image":[{"width":960,"height":360,"url":"https:\/\/www.amper-aufsperrdienst.de\/wp-content\/uploads\/2014\/12\/header-augsburg.jpg","type":"image\/jpeg"}],"twitter_misc":{"Est. reading time":"4 minutes"},"schema":{"@context":"https:\/\/schema.org","@graph":[{"@type":"WebPage","@id":"https:\/\/www.amper-aufsperrdienst.de\/en\/locksmith-augsburg-don-bosco-platz\/","url":"https:\/\/www.amper-aufsperrdienst.de\/en\/locksmith-augsburg-don-bosco-platz\/","name":"Locksmith Augsburg Don-Bosco-Platz: from \u20ac52,- fixed price","isPartOf":{"@id":"https:\/\/www.amper-aufsperrdienst.de\/en\/#website"},"primaryImageOfPage":{"@id":"https:\/\/www.amper-aufsperrdienst.de\/en\/locksmith-augsburg-don-bosco-platz\/#primaryimage"},"image":{"@id":"https:\/\/www.amper-aufsperrdienst.de\/en\/locksmith-augsburg-don-bosco-platz\/#primaryimage"},"thumbnailUrl":"https:\/\/www.amper-aufsperrdienst.de\/wp-content\/uploads\/2014\/12\/header-augsburg.jpg","datePublished":"2018-04-28T07:07:49+00:00","dateModified":"2026-01-27T06:37:39+00:00","description":"Experienced, competent, and trustworthy locksmith service in Augsburg Don-Bosco-Platz, now in its third generation: fast, damage-free door opening by highly trained locksmiths. Use of the best tools. Freephone number, available 24\/7, even on holidays. Active 365 days a year!","breadcrumb":{"@id":"https:\/\/www.amper-aufsperrdienst.de\/en\/locksmith-augsburg-don-bosco-platz\/#breadcrumb"},"inLanguage":"en-US","potentialAction":[{"@type":"ReadAction","target":["https:\/\/www.amper-aufsperrdienst.de\/en\/locksmith-augsburg-don-bosco-platz\/"]}]},{"@type":"ImageObject","inLanguage":"en-US","@id":"https:\/\/www.amper-aufsperrdienst.de\/en\/locksmith-augsburg-don-bosco-platz\/#primaryimage","url":"https:\/\/www.amper-aufsperrdienst.de\/wp-content\/uploads\/2014\/12\/header-augsburg.jpg","contentUrl":"https:\/\/www.amper-aufsperrdienst.de\/wp-content\/uploads\/2014\/12\/header-augsburg.jpg","width":960,"height":360},{"@type":"BreadcrumbList","@id":"https:\/\/www.amper-aufsperrdienst.de\/en\/locksmith-augsburg-don-bosco-platz\/#breadcrumb","itemListElement":[{"@type":"ListItem","position":1,"name":"Home","item":"https:\/\/www.amper-aufsperrdienst.de\/en\/"},{"@type":"ListItem","position":2,"name":"Locksmith Augsburg Don-Bosco-Platz"}]},{"@type":"WebSite","@id":"https:\/\/www.amper-aufsperrdienst.de\/en\/#website","url":"https:\/\/www.amper-aufsperrdienst.de\/en\/","name":"Locksmith for Munich, Dachau and F\u00fcrstenfeldbruck","description":"Amper Aufsperrdienst","potentialAction":[{"@type":"SearchAction","target":{"@type":"EntryPoint","urlTemplate":"https:\/\/www.amper-aufsperrdienst.de\/en\/?s={search_term_string}"},"query-input":{"@type":"PropertyValueSpecification","valueRequired":true,"valueName":"search_term_string"}}],"inLanguage":"en-US"}]}},"_links":{"self":[{"href":"https:\/\/www.amper-aufsperrdienst.de\/en\/wp-json\/wp\/v2\/pages\/12266","targetHints":{"allow":["GET"]}}],"collection":[{"href":"https:\/\/www.amper-aufsperrdienst.de\/en\/wp-json\/wp\/v2\/pages"}],"about":[{"href":"https:\/\/www.amper-aufsperrdienst.de\/en\/wp-json\/wp\/v2\/types\/page"}],"author":[{"embeddable":true,"href":"https:\/\/www.amper-aufsperrdienst.de\/en\/wp-json\/wp\/v2\/users\/2"}],"replies":[{"embeddable":true,"href":"https:\/\/www.amper-aufsperrdienst.de\/en\/wp-json\/wp\/v2\/comments?post=12266"}],"version-history":[{"count":2,"href":"https:\/\/www.amper-aufsperrdienst.de\/en\/wp-json\/wp\/v2\/pages\/12266\/revisions"}],"predecessor-version":[{"id":12285,"href":"https:\/\/www.amper-aufsperrdienst.de\/en\/wp-json\/wp\/v2\/pages\/12266\/revisions\/12285"}],"wp:featuredmedia":[{"embeddable":true,"href":"https:\/\/www.amper-aufsperrdienst.de\/en\/wp-json\/wp\/v2\/media\/10927"}],"wp:attachment":[{"href":"https:\/\/www.amper-aufsperrdienst.de\/en\/wp-json\/wp\/v2\/media?parent=12266"}],"curies":[{"name":"wp","href":"https:\/\/api.w.org\/{rel}","templated":true}]}}