{"id":12279,"date":"2018-07-02T07:49:50","date_gmt":"2018-07-02T05:49:50","guid":{"rendered":"https:\/\/www.amper-aufsperrdienst.de\/locksmith-munich-arabellapark\/"},"modified":"2026-01-21T09:55:27","modified_gmt":"2026-01-21T07:55:27","slug":"locksmith-munich-arabellapark","status":"publish","type":"page","link":"https:\/\/www.amper-aufsperrdienst.de\/en\/locksmith-munich-arabellapark\/","title":{"rendered":"Locksmith Munich Arabellapark"},"content":{"rendered":"<p><img loading=\"lazy\" decoding=\"async\" class=\"alignleft\" style=\"margin-bottom: 5px !important;\" src=\"https:\/\/www.amper-aufsperrdienst.de\/wp-content\/uploads\/2021\/03\/schluesseldienst-muenchen-arabellapark-festpreis-ab-52-siegel.jpg\" alt=\"Amper locksmith service in Munich-Arabellapark with a fixed price starting from \u20ac52.\" width=\"250\" height=\"250\" \/><\/p>\n<p>Are you looking for an honest, fast, and professional locksmith in Munich&#8217;s Arabellapark district who can offer you damage-free door opening at a fixed price? Amper Locksmith Service is happy to assist you around the clock and, as a long-established company, is highly reliable, fair, and customer-oriented! Our fixed prices are transparent and valid. You can be sure that no additional costs will be added after the work is completed! You don&#8217;t have to worry about being ripped off with us! What you can expect from us is excellent service, even on Sundays and public holidays, 24\/7. Call us now free of charge and commission us for professional door opening in Arabellapark!<\/p>\n          <!-- tarif -->\n<h2><b><span style=\"vertical-align: inherit;\"><span style=\"vertical-align: inherit;\">Our binding fixed prices start from \u20ac52.<\/span><\/span><\/b><\/h2>\n<p>Amper Locksmith Service is a fair locksmith service with transparent fixed prices:<\/p>\n<div class=\"table-title\">\n\tPRICE LIST  UNLOCK\n<\/div>\n<!-- Table part-->\n<table class=\"table\">\n  <thead class=\"header\">\n\t  <tr>\n     \t <th scope=\"col\">Time<\/th>\n     \t <th scope=\"col\">8 - 18<\/th>\n     \t <th scope=\"col\">18 - 22<\/th>\n     \t <th scope=\"col\">22 - 8<\/th>\n\t<\/tr>\n  <\/thead>\n  <tbody>\n     \t  <tr class=\"weekdays\">\n     \t  \t  <td class=\"tag\" data-label=\"Time\">Mo - Fr<\/td>\n     \t  \t  <td class=\"hrs tag\" data-label=\"8 - 18\">52,- \u20ac<\/td>\n     \t  \t  <td class=\"tag space\" data-label=\"18 - 22\">82,- \u20ac<\/td>\n     \t  \t  <td data-label=\"22 - 8\">95,- \u20ac<\/td>\n     \t  <\/tr>\n     <tr class=\"weekends\">\n     \t  \t  <td class=\"tag\" data-label=\"Time\">Sa<\/td>\n     \t  \t  <td class=\"tag\" data-label=\"8 - 18\">95,- \u20ac<\/td>\n     \t  \t  <td class=\"tag\" data-label=\"18 - 22\">95,- \u20ac<\/td>\n     \t  \t  <td data-label=\"22 - 8\">125,- \u20ac<\/td>\n     \t  <\/tr>\n     <tr class=\"holidays\">\n     \t  \t  <td class=\"tag\" data-label=\"Time\">So & holiday<\/td>\n     \t  \t  <td class=\"tag\" data-label=\"8 - 18\">125,- \u20ac<\/td>\n     \t  \t  <td class=\"tag\" data-label=\"18 - 22\">125,-\u20ac<\/td>\n     \t  \t  <td data-label=\"22 - 8\">125,-\u20ac<\/td>\n     \t  <\/tr>\n     <\/tbody>\n<\/table>\n<!-- Table Description-->\n<div class=\"table-description\">\n\t<em>Please call to inquire about travel costs.<\/em>\n<\/div>\n<!-- Wordings below -->\n<div class=\"wordings\">\n<p>The prices listed in this table are binding for unlocking a door that has slammed shut or been pulled shut (without self-locking mechanisms). Please feel free to contact us if you would like a price quote for other locksmith services. We will gladly provide you with a transparent, fixed-price offer.<\/p>\n<\/div>\n\n<!-- END Wordings -->\n\n\n\n<div class=\"ansprech\">Locksmith in Munich Arabellapark with reliable staff and a long tradition and experience<br \/>\n<h3 class=\"phone mobilesOnly\"><a href=\"tel:+498000131131\">0800 \/ 0 131 131<\/a><\/h3><h3 class=\"phone desktopOnly\"><a href=\"tel:+498000131131\">0800 \/ 0 131 131<\/a><\/h3>Free 24-hour emergency hotline, fixed price guarantee and holiday service!<\/div>\n<h2>Arabellapark in the Bogenhausen district of Munich<\/h2>\n<p>Arabellapark is not only an increasingly popular business park, but also an attractive residential area, as it is located in the beautiful Munich district of Bogenhausen. The buildings in Arabellapark were primarily constructed between 1965 and 1998. After the devastating Second World War, the Arabellapark project was one of the largest urban expansion projects in the Bavarian capital. Incidentally, Arabellapark was named after Arabellastra\u00dfe, which is now located within the park.<\/p>\n<p>The large settlement is located in the east of Munich, on a site bordered by the four major streets Denninger Stra\u00dfe, Vollmannstra\u00dfe, Englschalkinger Stra\u00dfe and Richard-Strauss-Stra\u00dfe.<\/p>\n<p>Araballepark is very well connected to Munich&#8217;s public transport network, especially since it has its own U-Bahn station of the same name, served by the U4 line. There is also a very conveniently located bus station served by numerous buses and trams.<\/p>\n<p>Around ten thousand people live in Arabellapark today. An additional 18,000 people work in the many offices, shops, and hotels.<\/p>\n<h2>Locksmith Munich Arabellapark: affordable fixed price for damage-free door opening<\/h2>\n<p>Do you live in Arabellapark and are currently looking for a locksmith service with fair and affordable fixed prices, specializing in damage-free door openings? If so, please call the free emergency hotline of Amper Locksmith Service, a family business now in its third generation of reliably opening apartment doors for its customers in Arabellapark without causing any damage! We don&#8217;t just advertise low prices; we stand by them exactly. If you wish, we will give you our price during your free call. This price is then a completely valid and fixed total price! This way, there are no unpleasant surprises!<\/p>\n<h2>A locked door this weekend?<\/h2>\n<p>Have you accidentally locked yourself out on the weekend or even a public holiday? Even on such days, we are happy to take care of a fast and reliable, damage-free door opening using specialized tools. Feel free to call us anytime, Sunday or public holiday, and let one of our locksmiths provide you with expert and transparent advice. If you like our fixed price quote over the phone, you can hire us immediately! We will typically be at your location within about 30 minutes of your call to professionally open your door!<\/p>\n<div class=\"ansprech\">Locksmith in Munich Arabellapark with reliable staff and a long tradition and experience<br \/>\n<h3 class=\"phone mobilesOnly\"><a href=\"tel:+498000131131\">0800 \/ 0 131 131<\/a><\/h3><h3 class=\"phone desktopOnly\"><a href=\"tel:+498000131131\">0800 \/ 0 131 131<\/a><\/h3>Free 24-hour emergency hotline, fixed price guarantee and holiday service!<\/div>\n","protected":false},"excerpt":{"rendered":"<p>Are you looking for an honest, fast, and professional locksmith in Munich&#8217;s Arabellapark district who can offer you damage-free door opening at a fixed price? Amper Locksmith Service is happy to assist you around the clock and, as a long-established company, is highly reliable, fair, and customer-oriented! Our fixed prices are transparent and valid. You [&hellip;]<\/p>\n","protected":false},"author":2,"featured_media":0,"parent":0,"menu_order":0,"comment_status":"closed","ping_status":"closed","template":"","meta":{"footnotes":"","_links_to":"","_links_to_target":""},"class_list":["post-12279","page","type-page","status-publish","hentry"],"yoast_head":"<!-- This site is optimized with the Yoast SEO plugin v27.4 - https:\/\/yoast.com\/product\/yoast-seo-wordpress\/ -->\n<title>Locksmith Munich Arabellapark: from \u20ac52,- fixed price<\/title>\n<meta name=\"description\" content=\"Friendly and trustworthy locksmith service in Munich Arabellapark with highly trained staff, fast 24-hour emergency service, top-of-the-line specialized tools, and a fixed-price guarantee: non-destructive unlocking 24\/7, 365 days a year! Call us now, free of charge!\" \/>\n<meta name=\"robots\" content=\"index, follow, max-snippet:-1, max-image-preview:large, max-video-preview:-1\" \/>\n<link rel=\"canonical\" href=\"https:\/\/www.amper-aufsperrdienst.de\/en\/locksmith-munich-arabellapark\/\" \/>\n<meta property=\"og:locale\" content=\"en_US\" \/>\n<meta property=\"og:type\" content=\"article\" \/>\n<meta property=\"og:title\" content=\"Locksmith Munich Arabellapark: from \u20ac52,- fixed price\" \/>\n<meta property=\"og:description\" content=\"Friendly and trustworthy locksmith service in Munich Arabellapark with highly trained staff, fast 24-hour emergency service, top-of-the-line specialized tools, and a fixed-price guarantee: non-destructive unlocking 24\/7, 365 days a year! Call us now, free of charge!\" \/>\n<meta property=\"og:url\" content=\"https:\/\/www.amper-aufsperrdienst.de\/en\/locksmith-munich-arabellapark\/\" \/>\n<meta property=\"og:site_name\" content=\"Locksmith for Munich, Dachau and F\u00fcrstenfeldbruck\" \/>\n<meta property=\"article:modified_time\" content=\"2026-01-21T07:55:27+00:00\" \/>\n<meta property=\"og:image\" content=\"https:\/\/www.amper-aufsperrdienst.de\/wp-content\/uploads\/2021\/03\/schluesseldienst-muenchen-arabellapark-festpreis-ab-52-siegel.jpg\" \/>\n<meta name=\"twitter:label1\" content=\"Est. reading time\" \/>\n\t<meta name=\"twitter:data1\" content=\"4 minutes\" \/>\n<script type=\"application\/ld+json\" class=\"yoast-schema-graph\">{\"@context\":\"https:\\\/\\\/schema.org\",\"@graph\":[{\"@type\":\"WebPage\",\"@id\":\"https:\\\/\\\/www.amper-aufsperrdienst.de\\\/en\\\/locksmith-munich-arabellapark\\\/\",\"url\":\"https:\\\/\\\/www.amper-aufsperrdienst.de\\\/en\\\/locksmith-munich-arabellapark\\\/\",\"name\":\"Locksmith Munich Arabellapark: from \u20ac52,- fixed price\",\"isPartOf\":{\"@id\":\"https:\\\/\\\/www.amper-aufsperrdienst.de\\\/en\\\/#website\"},\"primaryImageOfPage\":{\"@id\":\"https:\\\/\\\/www.amper-aufsperrdienst.de\\\/en\\\/locksmith-munich-arabellapark\\\/#primaryimage\"},\"image\":{\"@id\":\"https:\\\/\\\/www.amper-aufsperrdienst.de\\\/en\\\/locksmith-munich-arabellapark\\\/#primaryimage\"},\"thumbnailUrl\":\"https:\\\/\\\/www.amper-aufsperrdienst.de\\\/wp-content\\\/uploads\\\/2021\\\/03\\\/schluesseldienst-muenchen-arabellapark-festpreis-ab-52-siegel.jpg\",\"datePublished\":\"2018-07-02T05:49:50+00:00\",\"dateModified\":\"2026-01-21T07:55:27+00:00\",\"description\":\"Friendly and trustworthy locksmith service in Munich Arabellapark with highly trained staff, fast 24-hour emergency service, top-of-the-line specialized tools, and a fixed-price guarantee: non-destructive unlocking 24\\\/7, 365 days a year! Call us now, free of charge!\",\"breadcrumb\":{\"@id\":\"https:\\\/\\\/www.amper-aufsperrdienst.de\\\/en\\\/locksmith-munich-arabellapark\\\/#breadcrumb\"},\"inLanguage\":\"en-US\",\"potentialAction\":[{\"@type\":\"ReadAction\",\"target\":[\"https:\\\/\\\/www.amper-aufsperrdienst.de\\\/en\\\/locksmith-munich-arabellapark\\\/\"]}]},{\"@type\":\"ImageObject\",\"inLanguage\":\"en-US\",\"@id\":\"https:\\\/\\\/www.amper-aufsperrdienst.de\\\/en\\\/locksmith-munich-arabellapark\\\/#primaryimage\",\"url\":\"https:\\\/\\\/www.amper-aufsperrdienst.de\\\/wp-content\\\/uploads\\\/2021\\\/03\\\/schluesseldienst-muenchen-arabellapark-festpreis-ab-52-siegel.jpg\",\"contentUrl\":\"https:\\\/\\\/www.amper-aufsperrdienst.de\\\/wp-content\\\/uploads\\\/2021\\\/03\\\/schluesseldienst-muenchen-arabellapark-festpreis-ab-52-siegel.jpg\"},{\"@type\":\"BreadcrumbList\",\"@id\":\"https:\\\/\\\/www.amper-aufsperrdienst.de\\\/en\\\/locksmith-munich-arabellapark\\\/#breadcrumb\",\"itemListElement\":[{\"@type\":\"ListItem\",\"position\":1,\"name\":\"Home\",\"item\":\"https:\\\/\\\/www.amper-aufsperrdienst.de\\\/en\\\/\"},{\"@type\":\"ListItem\",\"position\":2,\"name\":\"Locksmith Munich Arabellapark\"}]},{\"@type\":\"WebSite\",\"@id\":\"https:\\\/\\\/www.amper-aufsperrdienst.de\\\/en\\\/#website\",\"url\":\"https:\\\/\\\/www.amper-aufsperrdienst.de\\\/en\\\/\",\"name\":\"Locksmith for Munich, Dachau and F\u00fcrstenfeldbruck\",\"description\":\"Amper Aufsperrdienst\",\"potentialAction\":[{\"@type\":\"SearchAction\",\"target\":{\"@type\":\"EntryPoint\",\"urlTemplate\":\"https:\\\/\\\/www.amper-aufsperrdienst.de\\\/en\\\/?s={search_term_string}\"},\"query-input\":{\"@type\":\"PropertyValueSpecification\",\"valueRequired\":true,\"valueName\":\"search_term_string\"}}],\"inLanguage\":\"en-US\"}]}<\/script>\n<!-- \/ Yoast SEO plugin. -->","yoast_head_json":{"title":"Locksmith Munich Arabellapark: from \u20ac52,- fixed price","description":"Friendly and trustworthy locksmith service in Munich Arabellapark with highly trained staff, fast 24-hour emergency service, top-of-the-line specialized tools, and a fixed-price guarantee: non-destructive unlocking 24\/7, 365 days a year! Call us now, free of charge!","robots":{"index":"index","follow":"follow","max-snippet":"max-snippet:-1","max-image-preview":"max-image-preview:large","max-video-preview":"max-video-preview:-1"},"canonical":"https:\/\/www.amper-aufsperrdienst.de\/en\/locksmith-munich-arabellapark\/","og_locale":"en_US","og_type":"article","og_title":"Locksmith Munich Arabellapark: from \u20ac52,- fixed price","og_description":"Friendly and trustworthy locksmith service in Munich Arabellapark with highly trained staff, fast 24-hour emergency service, top-of-the-line specialized tools, and a fixed-price guarantee: non-destructive unlocking 24\/7, 365 days a year! Call us now, free of charge!","og_url":"https:\/\/www.amper-aufsperrdienst.de\/en\/locksmith-munich-arabellapark\/","og_site_name":"Locksmith for Munich, Dachau and F\u00fcrstenfeldbruck","article_modified_time":"2026-01-21T07:55:27+00:00","og_image":[{"url":"https:\/\/www.amper-aufsperrdienst.de\/wp-content\/uploads\/2021\/03\/schluesseldienst-muenchen-arabellapark-festpreis-ab-52-siegel.jpg","type":"","width":"","height":""}],"twitter_misc":{"Est. reading time":"4 minutes"},"schema":{"@context":"https:\/\/schema.org","@graph":[{"@type":"WebPage","@id":"https:\/\/www.amper-aufsperrdienst.de\/en\/locksmith-munich-arabellapark\/","url":"https:\/\/www.amper-aufsperrdienst.de\/en\/locksmith-munich-arabellapark\/","name":"Locksmith Munich Arabellapark: from \u20ac52,- fixed price","isPartOf":{"@id":"https:\/\/www.amper-aufsperrdienst.de\/en\/#website"},"primaryImageOfPage":{"@id":"https:\/\/www.amper-aufsperrdienst.de\/en\/locksmith-munich-arabellapark\/#primaryimage"},"image":{"@id":"https:\/\/www.amper-aufsperrdienst.de\/en\/locksmith-munich-arabellapark\/#primaryimage"},"thumbnailUrl":"https:\/\/www.amper-aufsperrdienst.de\/wp-content\/uploads\/2021\/03\/schluesseldienst-muenchen-arabellapark-festpreis-ab-52-siegel.jpg","datePublished":"2018-07-02T05:49:50+00:00","dateModified":"2026-01-21T07:55:27+00:00","description":"Friendly and trustworthy locksmith service in Munich Arabellapark with highly trained staff, fast 24-hour emergency service, top-of-the-line specialized tools, and a fixed-price guarantee: non-destructive unlocking 24\/7, 365 days a year! Call us now, free of charge!","breadcrumb":{"@id":"https:\/\/www.amper-aufsperrdienst.de\/en\/locksmith-munich-arabellapark\/#breadcrumb"},"inLanguage":"en-US","potentialAction":[{"@type":"ReadAction","target":["https:\/\/www.amper-aufsperrdienst.de\/en\/locksmith-munich-arabellapark\/"]}]},{"@type":"ImageObject","inLanguage":"en-US","@id":"https:\/\/www.amper-aufsperrdienst.de\/en\/locksmith-munich-arabellapark\/#primaryimage","url":"https:\/\/www.amper-aufsperrdienst.de\/wp-content\/uploads\/2021\/03\/schluesseldienst-muenchen-arabellapark-festpreis-ab-52-siegel.jpg","contentUrl":"https:\/\/www.amper-aufsperrdienst.de\/wp-content\/uploads\/2021\/03\/schluesseldienst-muenchen-arabellapark-festpreis-ab-52-siegel.jpg"},{"@type":"BreadcrumbList","@id":"https:\/\/www.amper-aufsperrdienst.de\/en\/locksmith-munich-arabellapark\/#breadcrumb","itemListElement":[{"@type":"ListItem","position":1,"name":"Home","item":"https:\/\/www.amper-aufsperrdienst.de\/en\/"},{"@type":"ListItem","position":2,"name":"Locksmith Munich Arabellapark"}]},{"@type":"WebSite","@id":"https:\/\/www.amper-aufsperrdienst.de\/en\/#website","url":"https:\/\/www.amper-aufsperrdienst.de\/en\/","name":"Locksmith for Munich, Dachau and F\u00fcrstenfeldbruck","description":"Amper Aufsperrdienst","potentialAction":[{"@type":"SearchAction","target":{"@type":"EntryPoint","urlTemplate":"https:\/\/www.amper-aufsperrdienst.de\/en\/?s={search_term_string}"},"query-input":{"@type":"PropertyValueSpecification","valueRequired":true,"valueName":"search_term_string"}}],"inLanguage":"en-US"}]}},"_links":{"self":[{"href":"https:\/\/www.amper-aufsperrdienst.de\/en\/wp-json\/wp\/v2\/pages\/12279","targetHints":{"allow":["GET"]}}],"collection":[{"href":"https:\/\/www.amper-aufsperrdienst.de\/en\/wp-json\/wp\/v2\/pages"}],"about":[{"href":"https:\/\/www.amper-aufsperrdienst.de\/en\/wp-json\/wp\/v2\/types\/page"}],"author":[{"embeddable":true,"href":"https:\/\/www.amper-aufsperrdienst.de\/en\/wp-json\/wp\/v2\/users\/2"}],"replies":[{"embeddable":true,"href":"https:\/\/www.amper-aufsperrdienst.de\/en\/wp-json\/wp\/v2\/comments?post=12279"}],"version-history":[{"count":1,"href":"https:\/\/www.amper-aufsperrdienst.de\/en\/wp-json\/wp\/v2\/pages\/12279\/revisions"}],"predecessor-version":[{"id":12280,"href":"https:\/\/www.amper-aufsperrdienst.de\/en\/wp-json\/wp\/v2\/pages\/12279\/revisions\/12280"}],"wp:attachment":[{"href":"https:\/\/www.amper-aufsperrdienst.de\/en\/wp-json\/wp\/v2\/media?parent=12279"}],"curies":[{"name":"wp","href":"https:\/\/api.w.org\/{rel}","templated":true}]}}