{"id":12287,"date":"2018-04-27T11:05:30","date_gmt":"2018-04-27T09:05:30","guid":{"rendered":"https:\/\/www.amper-aufsperrdienst.de\/schluesseldienst-augsburg-buergermeister-fischer-strasse\/"},"modified":"2026-01-27T08:40:31","modified_gmt":"2026-01-27T06:40:31","slug":"locksmith-augsburg-buergermeister-fischer-strasse","status":"publish","type":"page","link":"https:\/\/www.amper-aufsperrdienst.de\/en\/locksmith-augsburg-buergermeister-fischer-strasse\/","title":{"rendered":"Locksmith Augsburg B\u00fcrgermeister-Fischer-Stra\u00dfe"},"content":{"rendered":"<p><img loading=\"lazy\" decoding=\"async\" class=\"alignleft\" style=\"margin-bottom: 5px !important;\" src=\"https:\/\/www.amper-aufsperrdienst.de\/wp-content\/uploads\/2021\/03\/schluesseldienst-augsburg-buergermeister-fischer-strasse-festpreis-ab-52-siegel.jpg\" alt=\"Locksmith Amper-unlocking service Augsburg-Buergermeister with a fixed price from EUR 52\" width=\"250\" height=\"250\" \/><\/p>\n<p>Is your apartment located directly on B\u00fcrgermeister-Fischer-Stra\u00dfe, but you can&#8217;t get in because you&#8217;ve stupidly locked yourself out? Are you about to despair because your key has broken off in the lock? Or have you just returned from a short break only to discover you left your key at the spa hotel?<\/p>\n<p>In these and similar situations, simply give us a free call, any day, any time. We&#8217;ll gladly help you for a fair and affordable fixed price. Our arrival time is usually only about 30 minutes. We are fast, precise, and professional. See for yourself!<\/p>\n          <!-- tarif -->\n<h2><b><span style=\"vertical-align: inherit;\"><span style=\"vertical-align: inherit;\">Our binding fixed prices start from \u20ac52.<\/span><\/span><\/b><\/h2>\n<p>Amper Locksmith Service is a fair locksmith service with transparent fixed prices:<\/p>\n<div class=\"table-title\">\n\tPRICE LIST  UNLOCK\n<\/div>\n<!-- Table part-->\n<table class=\"table\">\n  <thead class=\"header\">\n\t  <tr>\n     \t <th scope=\"col\">Time<\/th>\n     \t <th scope=\"col\">8 - 18<\/th>\n     \t <th scope=\"col\">18 - 22<\/th>\n     \t <th scope=\"col\">22 - 8<\/th>\n\t<\/tr>\n  <\/thead>\n  <tbody>\n     \t  <tr class=\"weekdays\">\n     \t  \t  <td class=\"tag\" data-label=\"Time\">Mo - Fr<\/td>\n     \t  \t  <td class=\"hrs tag\" data-label=\"8 - 18\">52,- \u20ac<\/td>\n     \t  \t  <td class=\"tag space\" data-label=\"18 - 22\">82,- \u20ac<\/td>\n     \t  \t  <td data-label=\"22 - 8\">95,- \u20ac<\/td>\n     \t  <\/tr>\n     <tr class=\"weekends\">\n     \t  \t  <td class=\"tag\" data-label=\"Time\">Sa<\/td>\n     \t  \t  <td class=\"tag\" data-label=\"8 - 18\">95,- \u20ac<\/td>\n     \t  \t  <td class=\"tag\" data-label=\"18 - 22\">95,- \u20ac<\/td>\n     \t  \t  <td data-label=\"22 - 8\">125,- \u20ac<\/td>\n     \t  <\/tr>\n     <tr class=\"holidays\">\n     \t  \t  <td class=\"tag\" data-label=\"Time\">So & holiday<\/td>\n     \t  \t  <td class=\"tag\" data-label=\"8 - 18\">125,- \u20ac<\/td>\n     \t  \t  <td class=\"tag\" data-label=\"18 - 22\">125,-\u20ac<\/td>\n     \t  \t  <td data-label=\"22 - 8\">125,-\u20ac<\/td>\n     \t  <\/tr>\n     <\/tbody>\n<\/table>\n<!-- Table Description-->\n<div class=\"table-description\">\n\t<em>Please call to inquire about travel costs.<\/em>\n<\/div>\n<!-- Wordings below -->\n<div class=\"wordings\">\n<p>The prices listed in this table are binding for unlocking a door that has slammed shut or been pulled shut (without self-locking mechanisms). Please feel free to contact us if you would like a price quote for other locksmith services. We will gladly provide you with a transparent, fixed-price offer.<\/p>\n<\/div>\n\n<!-- END Wordings -->\n\n\n\n<div class=\"ansprech\">Augsburg locksmith service B\u00fcrgermeister-Fischer-Stra\u00dfe with friendly locksmiths and a free emergency hotline<br \/>\n<h3 class=\"phone mobilesOnly\"><a href=\"tel:+498000131131\">0800 \/ 0 131 131<\/a><\/h3><h3 class=\"phone desktopOnly\"><a href=\"tel:+498000131131\">0800 \/ 0 131 131<\/a><\/h3>Non-destructive door opening with the best locksmith tools<\/div>\n<h2>B\u00fcrgermeister-Fischer-Stra\u00dfe in the center of Augsburg<\/h2>\n<p>B\u00fcrgermeister-Fischer-Stra\u00dfe is one of Augsburg&#8217;s most famous streets, located in the heart of the city \u2013 right in the center of the beautiful old town. K\u00f6nigsplatz, Moritzplatz, Zeuggasse, and Zeugplatz are all in the immediate vicinity. It boasts a variety of department stores and boutique shops and is extremely popular with Augsburg residents.<\/p>\n<p>B\u00fcrgermeister-Fischer-Stra\u00dfe looks back on a centuries-long history. From 1438 to 1806, adherents of the Jewish faith were only permitted to enter Augsburg&#8217;s city center through the G\u00f6gginger Gate. This gate stood until 1860 where part of B\u00fcrgermeister-Fischer-Stra\u00dfe is today. In earlier centuries, this area was therefore a common sight among Jews.<\/p>\n<h2>Locksmith Augsburg B\u00fcrgermeister-Fischer-Stra\u00dfe: Fast unlocking at a low fixed price<\/h2>\n<p>Do you need a competent, experienced, and fast locksmith service for the famous B\u00fcrgermeister-Fischer-Stra\u00dfe in Augsburg that can reliably help you at a low fixed price? Then you&#8217;ve come to the right place! For several decades, and indeed for three generations, we have been successfully unlocking doors. And we have been using the best specialized tools from the very beginning.<\/p>\n<p>Our employees are highly trained, competent, and possess the necessary skills to ensure that your door is opened without damage.<\/p>\n<h2>Always on call, every day of the year.<\/h2>\n<p>As a true 24\/7 emergency locksmith service, we are available at any time, every day of the year. Have you locked yourself out on a weekday, but very late at night? Or are you standing in front of a locked apartment door on the morning of New Year&#8217;s Day? No problem for our experienced locksmith service in Augsburg, B\u00fcrgermeister-Fischer-Stra\u00dfe! We&#8217;ll never leave you stranded (or locked out). We know all too well that lockouts can happen at any time, which is why we always want to be available!<\/p>\n<p>Do you need a professional, fast, and honest locksmith in Augsburg, B\u00fcrgermeister-Fischer-Stra\u00dfe, who can help you competently and at a fair fixed price when you&#8217;re stuck? We&#8217;re happy to help! When you call us, you won&#8217;t just be connected to some random call center employee. Our locksmith experts will advise you personally, as they are best able to assess your situation (and, of course, the corresponding fixed price!).<\/p>\n<div class=\"ansprech\">Locksmith Augsburg B\u00fcrgermeister-Fischer-Stra\u00dfe with friendly locksmiths and a free emergency hotline<br \/>\n<h3 class=\"phone mobilesOnly\"><a href=\"tel:+498000131131\">0800 \/ 0 131 131<\/a><\/h3><h3 class=\"phone desktopOnly\"><a href=\"tel:+498000131131\">0800 \/ 0 131 131<\/a><\/h3>Non-destructive door opening with the best locksmith tools<\/div>\n","protected":false},"excerpt":{"rendered":"<p>Is your apartment located directly on B\u00fcrgermeister-Fischer-Stra\u00dfe, but you can&#8217;t get in because you&#8217;ve stupidly locked yourself out? Are you about to despair because your key has broken off in the lock? Or have you just returned from a short break only to discover you left your key at the spa hotel? In these and [&hellip;]<\/p>\n","protected":false},"author":2,"featured_media":10927,"parent":0,"menu_order":0,"comment_status":"closed","ping_status":"closed","template":"","meta":{"footnotes":"","_links_to":"","_links_to_target":""},"class_list":["post-12287","page","type-page","status-publish","has-post-thumbnail","hentry"],"yoast_head":"<!-- This site is optimized with the Yoast SEO plugin v27.4 - https:\/\/yoast.com\/product\/yoast-seo-wordpress\/ -->\n<title>Locksmith Augsburg B\u00fcrgermeister-Fischer-Stra\u00dfe: from \u20ac52,- fixed price<\/title>\n<meta name=\"description\" content=\"Friendly and reliable locksmith service in Augsburg, B\u00fcrgermeister-Fischer-Stra\u00dfe, for fast door opening at a guaranteed fixed price: Unlocking with the best locksmith tools by friendly experts. Available 24\/7, including Sundays and public holidays. No rip-offs! Fixed price with no hidden costs.\" \/>\n<meta name=\"robots\" content=\"index, follow, max-snippet:-1, max-image-preview:large, max-video-preview:-1\" \/>\n<link rel=\"canonical\" href=\"https:\/\/www.amper-aufsperrdienst.de\/en\/locksmith-augsburg-buergermeister-fischer-strasse\/\" \/>\n<meta property=\"og:locale\" content=\"en_US\" \/>\n<meta property=\"og:type\" content=\"article\" \/>\n<meta property=\"og:title\" content=\"Locksmith Augsburg B\u00fcrgermeister-Fischer-Stra\u00dfe: from \u20ac52,- fixed price\" \/>\n<meta property=\"og:description\" content=\"Friendly and reliable locksmith service in Augsburg, B\u00fcrgermeister-Fischer-Stra\u00dfe, for fast door opening at a guaranteed fixed price: Unlocking with the best locksmith tools by friendly experts. Available 24\/7, including Sundays and public holidays. No rip-offs! Fixed price with no hidden costs.\" \/>\n<meta property=\"og:url\" content=\"https:\/\/www.amper-aufsperrdienst.de\/en\/locksmith-augsburg-buergermeister-fischer-strasse\/\" \/>\n<meta property=\"og:site_name\" content=\"Locksmith for Munich, Dachau and F\u00fcrstenfeldbruck\" \/>\n<meta property=\"article:modified_time\" content=\"2026-01-27T06:40:31+00:00\" \/>\n<meta property=\"og:image\" content=\"https:\/\/www.amper-aufsperrdienst.de\/wp-content\/uploads\/2014\/12\/header-augsburg.jpg\" \/>\n\t<meta property=\"og:image:width\" content=\"960\" \/>\n\t<meta property=\"og:image:height\" content=\"360\" \/>\n\t<meta property=\"og:image:type\" content=\"image\/jpeg\" \/>\n<meta name=\"twitter:label1\" content=\"Est. reading time\" \/>\n\t<meta name=\"twitter:data1\" content=\"4 minutes\" \/>\n<script type=\"application\/ld+json\" class=\"yoast-schema-graph\">{\"@context\":\"https:\\\/\\\/schema.org\",\"@graph\":[{\"@type\":\"WebPage\",\"@id\":\"https:\\\/\\\/www.amper-aufsperrdienst.de\\\/en\\\/locksmith-augsburg-buergermeister-fischer-strasse\\\/\",\"url\":\"https:\\\/\\\/www.amper-aufsperrdienst.de\\\/en\\\/locksmith-augsburg-buergermeister-fischer-strasse\\\/\",\"name\":\"Locksmith Augsburg B\u00fcrgermeister-Fischer-Stra\u00dfe: from \u20ac52,- fixed price\",\"isPartOf\":{\"@id\":\"https:\\\/\\\/www.amper-aufsperrdienst.de\\\/en\\\/#website\"},\"primaryImageOfPage\":{\"@id\":\"https:\\\/\\\/www.amper-aufsperrdienst.de\\\/en\\\/locksmith-augsburg-buergermeister-fischer-strasse\\\/#primaryimage\"},\"image\":{\"@id\":\"https:\\\/\\\/www.amper-aufsperrdienst.de\\\/en\\\/locksmith-augsburg-buergermeister-fischer-strasse\\\/#primaryimage\"},\"thumbnailUrl\":\"https:\\\/\\\/www.amper-aufsperrdienst.de\\\/wp-content\\\/uploads\\\/2014\\\/12\\\/header-augsburg.jpg\",\"datePublished\":\"2018-04-27T09:05:30+00:00\",\"dateModified\":\"2026-01-27T06:40:31+00:00\",\"description\":\"Friendly and reliable locksmith service in Augsburg, B\u00fcrgermeister-Fischer-Stra\u00dfe, for fast door opening at a guaranteed fixed price: Unlocking with the best locksmith tools by friendly experts. Available 24\\\/7, including Sundays and public holidays. No rip-offs! Fixed price with no hidden costs.\",\"breadcrumb\":{\"@id\":\"https:\\\/\\\/www.amper-aufsperrdienst.de\\\/en\\\/locksmith-augsburg-buergermeister-fischer-strasse\\\/#breadcrumb\"},\"inLanguage\":\"en-US\",\"potentialAction\":[{\"@type\":\"ReadAction\",\"target\":[\"https:\\\/\\\/www.amper-aufsperrdienst.de\\\/en\\\/locksmith-augsburg-buergermeister-fischer-strasse\\\/\"]}]},{\"@type\":\"ImageObject\",\"inLanguage\":\"en-US\",\"@id\":\"https:\\\/\\\/www.amper-aufsperrdienst.de\\\/en\\\/locksmith-augsburg-buergermeister-fischer-strasse\\\/#primaryimage\",\"url\":\"https:\\\/\\\/www.amper-aufsperrdienst.de\\\/wp-content\\\/uploads\\\/2014\\\/12\\\/header-augsburg.jpg\",\"contentUrl\":\"https:\\\/\\\/www.amper-aufsperrdienst.de\\\/wp-content\\\/uploads\\\/2014\\\/12\\\/header-augsburg.jpg\",\"width\":960,\"height\":360},{\"@type\":\"BreadcrumbList\",\"@id\":\"https:\\\/\\\/www.amper-aufsperrdienst.de\\\/en\\\/locksmith-augsburg-buergermeister-fischer-strasse\\\/#breadcrumb\",\"itemListElement\":[{\"@type\":\"ListItem\",\"position\":1,\"name\":\"Home\",\"item\":\"https:\\\/\\\/www.amper-aufsperrdienst.de\\\/en\\\/\"},{\"@type\":\"ListItem\",\"position\":2,\"name\":\"Locksmith Augsburg B\u00fcrgermeister-Fischer-Stra\u00dfe\"}]},{\"@type\":\"WebSite\",\"@id\":\"https:\\\/\\\/www.amper-aufsperrdienst.de\\\/en\\\/#website\",\"url\":\"https:\\\/\\\/www.amper-aufsperrdienst.de\\\/en\\\/\",\"name\":\"Locksmith for Munich, Dachau and F\u00fcrstenfeldbruck\",\"description\":\"Amper Aufsperrdienst\",\"potentialAction\":[{\"@type\":\"SearchAction\",\"target\":{\"@type\":\"EntryPoint\",\"urlTemplate\":\"https:\\\/\\\/www.amper-aufsperrdienst.de\\\/en\\\/?s={search_term_string}\"},\"query-input\":{\"@type\":\"PropertyValueSpecification\",\"valueRequired\":true,\"valueName\":\"search_term_string\"}}],\"inLanguage\":\"en-US\"}]}<\/script>\n<!-- \/ Yoast SEO plugin. -->","yoast_head_json":{"title":"Locksmith Augsburg B\u00fcrgermeister-Fischer-Stra\u00dfe: from \u20ac52,- fixed price","description":"Friendly and reliable locksmith service in Augsburg, B\u00fcrgermeister-Fischer-Stra\u00dfe, for fast door opening at a guaranteed fixed price: Unlocking with the best locksmith tools by friendly experts. Available 24\/7, including Sundays and public holidays. No rip-offs! Fixed price with no hidden costs.","robots":{"index":"index","follow":"follow","max-snippet":"max-snippet:-1","max-image-preview":"max-image-preview:large","max-video-preview":"max-video-preview:-1"},"canonical":"https:\/\/www.amper-aufsperrdienst.de\/en\/locksmith-augsburg-buergermeister-fischer-strasse\/","og_locale":"en_US","og_type":"article","og_title":"Locksmith Augsburg B\u00fcrgermeister-Fischer-Stra\u00dfe: from \u20ac52,- fixed price","og_description":"Friendly and reliable locksmith service in Augsburg, B\u00fcrgermeister-Fischer-Stra\u00dfe, for fast door opening at a guaranteed fixed price: Unlocking with the best locksmith tools by friendly experts. Available 24\/7, including Sundays and public holidays. No rip-offs! Fixed price with no hidden costs.","og_url":"https:\/\/www.amper-aufsperrdienst.de\/en\/locksmith-augsburg-buergermeister-fischer-strasse\/","og_site_name":"Locksmith for Munich, Dachau and F\u00fcrstenfeldbruck","article_modified_time":"2026-01-27T06:40:31+00:00","og_image":[{"width":960,"height":360,"url":"https:\/\/www.amper-aufsperrdienst.de\/wp-content\/uploads\/2014\/12\/header-augsburg.jpg","type":"image\/jpeg"}],"twitter_misc":{"Est. reading time":"4 minutes"},"schema":{"@context":"https:\/\/schema.org","@graph":[{"@type":"WebPage","@id":"https:\/\/www.amper-aufsperrdienst.de\/en\/locksmith-augsburg-buergermeister-fischer-strasse\/","url":"https:\/\/www.amper-aufsperrdienst.de\/en\/locksmith-augsburg-buergermeister-fischer-strasse\/","name":"Locksmith Augsburg B\u00fcrgermeister-Fischer-Stra\u00dfe: from \u20ac52,- fixed price","isPartOf":{"@id":"https:\/\/www.amper-aufsperrdienst.de\/en\/#website"},"primaryImageOfPage":{"@id":"https:\/\/www.amper-aufsperrdienst.de\/en\/locksmith-augsburg-buergermeister-fischer-strasse\/#primaryimage"},"image":{"@id":"https:\/\/www.amper-aufsperrdienst.de\/en\/locksmith-augsburg-buergermeister-fischer-strasse\/#primaryimage"},"thumbnailUrl":"https:\/\/www.amper-aufsperrdienst.de\/wp-content\/uploads\/2014\/12\/header-augsburg.jpg","datePublished":"2018-04-27T09:05:30+00:00","dateModified":"2026-01-27T06:40:31+00:00","description":"Friendly and reliable locksmith service in Augsburg, B\u00fcrgermeister-Fischer-Stra\u00dfe, for fast door opening at a guaranteed fixed price: Unlocking with the best locksmith tools by friendly experts. Available 24\/7, including Sundays and public holidays. No rip-offs! Fixed price with no hidden costs.","breadcrumb":{"@id":"https:\/\/www.amper-aufsperrdienst.de\/en\/locksmith-augsburg-buergermeister-fischer-strasse\/#breadcrumb"},"inLanguage":"en-US","potentialAction":[{"@type":"ReadAction","target":["https:\/\/www.amper-aufsperrdienst.de\/en\/locksmith-augsburg-buergermeister-fischer-strasse\/"]}]},{"@type":"ImageObject","inLanguage":"en-US","@id":"https:\/\/www.amper-aufsperrdienst.de\/en\/locksmith-augsburg-buergermeister-fischer-strasse\/#primaryimage","url":"https:\/\/www.amper-aufsperrdienst.de\/wp-content\/uploads\/2014\/12\/header-augsburg.jpg","contentUrl":"https:\/\/www.amper-aufsperrdienst.de\/wp-content\/uploads\/2014\/12\/header-augsburg.jpg","width":960,"height":360},{"@type":"BreadcrumbList","@id":"https:\/\/www.amper-aufsperrdienst.de\/en\/locksmith-augsburg-buergermeister-fischer-strasse\/#breadcrumb","itemListElement":[{"@type":"ListItem","position":1,"name":"Home","item":"https:\/\/www.amper-aufsperrdienst.de\/en\/"},{"@type":"ListItem","position":2,"name":"Locksmith Augsburg B\u00fcrgermeister-Fischer-Stra\u00dfe"}]},{"@type":"WebSite","@id":"https:\/\/www.amper-aufsperrdienst.de\/en\/#website","url":"https:\/\/www.amper-aufsperrdienst.de\/en\/","name":"Locksmith for Munich, Dachau and F\u00fcrstenfeldbruck","description":"Amper Aufsperrdienst","potentialAction":[{"@type":"SearchAction","target":{"@type":"EntryPoint","urlTemplate":"https:\/\/www.amper-aufsperrdienst.de\/en\/?s={search_term_string}"},"query-input":{"@type":"PropertyValueSpecification","valueRequired":true,"valueName":"search_term_string"}}],"inLanguage":"en-US"}]}},"_links":{"self":[{"href":"https:\/\/www.amper-aufsperrdienst.de\/en\/wp-json\/wp\/v2\/pages\/12287","targetHints":{"allow":["GET"]}}],"collection":[{"href":"https:\/\/www.amper-aufsperrdienst.de\/en\/wp-json\/wp\/v2\/pages"}],"about":[{"href":"https:\/\/www.amper-aufsperrdienst.de\/en\/wp-json\/wp\/v2\/types\/page"}],"author":[{"embeddable":true,"href":"https:\/\/www.amper-aufsperrdienst.de\/en\/wp-json\/wp\/v2\/users\/2"}],"replies":[{"embeddable":true,"href":"https:\/\/www.amper-aufsperrdienst.de\/en\/wp-json\/wp\/v2\/comments?post=12287"}],"version-history":[{"count":2,"href":"https:\/\/www.amper-aufsperrdienst.de\/en\/wp-json\/wp\/v2\/pages\/12287\/revisions"}],"predecessor-version":[{"id":12303,"href":"https:\/\/www.amper-aufsperrdienst.de\/en\/wp-json\/wp\/v2\/pages\/12287\/revisions\/12303"}],"wp:featuredmedia":[{"embeddable":true,"href":"https:\/\/www.amper-aufsperrdienst.de\/en\/wp-json\/wp\/v2\/media\/10927"}],"wp:attachment":[{"href":"https:\/\/www.amper-aufsperrdienst.de\/en\/wp-json\/wp\/v2\/media?parent=12287"}],"curies":[{"name":"wp","href":"https:\/\/api.w.org\/{rel}","templated":true}]}}