{"id":12347,"date":"2018-04-27T05:39:08","date_gmt":"2018-04-27T03:39:08","guid":{"rendered":"https:\/\/www.amper-aufsperrdienst.de\/schluesseldienst-augsburg-bourges-platz\/"},"modified":"2026-01-27T09:35:18","modified_gmt":"2026-01-27T07:35:18","slug":"locksmith-augsburg-bourges-platz","status":"publish","type":"page","link":"https:\/\/www.amper-aufsperrdienst.de\/en\/locksmith-augsburg-bourges-platz\/","title":{"rendered":"Locksmith Augsburg Bourges-Platz"},"content":{"rendered":"<p><img loading=\"lazy\" decoding=\"async\" class=\"alignleft\" style=\"margin-bottom: 5px !important;\" src=\"https:\/\/www.amper-aufsperrdienst.de\/wp-content\/uploads\/2021\/03\/schluesseldienst-augsburg-bourges-platz-festpreis-ab-52-siegel.jpg\" alt=\"Locksmith Amper - Locksmith Augsburg-Bourges-Platz with a fixed price starting from 52 EUR\" width=\"250\" height=\"250\" \/><\/p>\n<p>Are you a lucky resident of Augsburg&#8217;s city center, living right on Bourgesplatz, but you can&#8217;t unlock your apartment door because your key isn&#8217;t in your pocket? Or were you just about to open the lock when the key broke off inside? Was your handbag, containing your keys, stolen?<\/p>\n<p>If you&#8217;d like to hire a professional, fast, and affordable locksmith in Augsburg&#8217;s Bourgesplatz area for non-destructive door opening, please feel free to contact us anytime. We&#8217;ve been serving our customers for three generations and offer absolutely fair prices. Any price we quote over the phone is a fixed, all-inclusive price! We don&#8217;t use hidden costs or tricks! We&#8217;re fast and professional! We typically arrive within about 30 minutes of your call!<\/p>\n          <!-- tarif -->\n<h2><b><span style=\"vertical-align: inherit;\"><span style=\"vertical-align: inherit;\">Our binding fixed prices start from \u20ac52.<\/span><\/span><\/b><\/h2>\n<p>Amper Locksmith Service is a fair locksmith service with transparent fixed prices:<\/p>\n<div class=\"table-title\">\n\tPRICE LIST  UNLOCK\n<\/div>\n<!-- Table part-->\n<table class=\"table\">\n  <thead class=\"header\">\n\t  <tr>\n     \t <th scope=\"col\">Time<\/th>\n     \t <th scope=\"col\">8 - 18<\/th>\n     \t <th scope=\"col\">18 - 22<\/th>\n     \t <th scope=\"col\">22 - 8<\/th>\n\t<\/tr>\n  <\/thead>\n  <tbody>\n     \t  <tr class=\"weekdays\">\n     \t  \t  <td class=\"tag\" data-label=\"Time\">Mo - Fr<\/td>\n     \t  \t  <td class=\"hrs tag\" data-label=\"8 - 18\">52,- \u20ac<\/td>\n     \t  \t  <td class=\"tag space\" data-label=\"18 - 22\">82,- \u20ac<\/td>\n     \t  \t  <td data-label=\"22 - 8\">95,- \u20ac<\/td>\n     \t  <\/tr>\n     <tr class=\"weekends\">\n     \t  \t  <td class=\"tag\" data-label=\"Time\">Sa<\/td>\n     \t  \t  <td class=\"tag\" data-label=\"8 - 18\">95,- \u20ac<\/td>\n     \t  \t  <td class=\"tag\" data-label=\"18 - 22\">95,- \u20ac<\/td>\n     \t  \t  <td data-label=\"22 - 8\">125,- \u20ac<\/td>\n     \t  <\/tr>\n     <tr class=\"holidays\">\n     \t  \t  <td class=\"tag\" data-label=\"Time\">So & holiday<\/td>\n     \t  \t  <td class=\"tag\" data-label=\"8 - 18\">125,- \u20ac<\/td>\n     \t  \t  <td class=\"tag\" data-label=\"18 - 22\">125,-\u20ac<\/td>\n     \t  \t  <td data-label=\"22 - 8\">125,-\u20ac<\/td>\n     \t  <\/tr>\n     <\/tbody>\n<\/table>\n<!-- Table Description-->\n<div class=\"table-description\">\n\t<em>Please call to inquire about travel costs.<\/em>\n<\/div>\n<!-- Wordings below -->\n<div class=\"wordings\">\n<p>The prices listed in this table are binding for unlocking a door that has slammed shut or been pulled shut (without self-locking mechanisms). Please feel free to contact us if you would like a price quote for other locksmith services. We will gladly provide you with a transparent, fixed-price offer.<\/p>\n<\/div>\n\n<!-- END Wordings -->\n\n\n\n<div class=\"ansprech\">Affordable locksmith service Augsburg Bourges-Platz with fixed price guarantee<br \/>\n<h3 class=\"phone mobilesOnly\"><a href=\"tel:+498000131131\">0800 \/ 0 131 131<\/a><\/h3><h3 class=\"phone desktopOnly\"><a href=\"tel:+498000131131\">0800 \/ 0 131 131<\/a><\/h3> Available anytime, free of charge! Open every day of the year<\/div>\n<h2>Bourges-Platz in Augsburg&#8217;s city center<\/h2>\n<p>Near the Fischertor and Wertachbrucker Tor gates lies Bourges-Platz, which is officially part of Augsburg&#8217;s city center. The most important streets in the immediate vicinity are Am Backofenwall, Heinrich-von-Buz-Stra\u00dfe, Liebigstra\u00dfe, and Rugendasstra\u00dfe.<\/p>\n<p>The square is long and narrow. Bourges-Platz is certainly familiar to ice hockey fans, especially since the Curt-Frenzel-Stadion, home of the Augsburg Panthers ice hockey team, is located nearby.<\/p>\n<h2>Locksmith Augsburg Bourges-Platz: Affordable fixed price for fast door opening<\/h2>\n<p>Have you locked yourself out and are looking rather foolish? You don&#8217;t have to be! With our experienced, fast, and reliable locksmith service in Augsburg Bourges-Platz, professional help can be at your door in no time. For three generations, we have been unlocking apartment and house doors of all kinds completely without damage. Our employees are friendly and possess excellent craftsmanship. Precision, concentration, and the highest level of professionalism are key pillars of our business.<\/p>\n<h2>Locked out on a public holiday?<\/h2>\n<p>Are you worried sick because you&#8217;ve locked yourself out on a public holiday, and at midnight no less? Don&#8217;t worry, our reliable locksmith service in Augsburg Bourges-Platz is a genuine 24\/7 emergency service, available anytime! Need us on the first Sunday of Advent? Or are you locked out on Whit Monday? Simply call us free of charge and book us for a fast and affordable door opening after hearing our fixed price over the phone!<\/p>\n<h2>Completely non-destructive in over 99% of cases<\/h2>\n<p>Not only does our 24\/7 availability speak volumes for us, but so does our expertise. Our employees are highly trained and use only the best tools when unlocking doors. This results in over 99% of our door openings being completely damage-free. Don&#8217;t believe us? See for yourself!<\/p>\n<p>Call us anytime, free of charge, if you need a reliable, professional, and fast locksmith service in Augsburg Bourges-Platz! With us, you won&#8217;t get a call center employee, but one of our expert locksmiths. This allows us to explain the necessary steps and our prices to you right away over the phone!<\/p>\n<div class=\"ansprech\">Affordable locksmith service Augsburg Bourges-Platz with fixed price guarantee<br \/>\n<h3 class=\"phone mobilesOnly\"><a href=\"tel:+498000131131\">0800 \/ 0 131 131<\/a><\/h3><h3 class=\"phone desktopOnly\"><a href=\"tel:+498000131131\">0800 \/ 0 131 131<\/a><\/h3> Always reachable free of charge! Available every day of the year.<\/div>\n","protected":false},"excerpt":{"rendered":"<p>Are you a lucky resident of Augsburg&#8217;s city center, living right on Bourgesplatz, but you can&#8217;t unlock your apartment door because your key isn&#8217;t in your pocket? Or were you just about to open the lock when the key broke off inside? Was your handbag, containing your keys, stolen? If you&#8217;d like to hire a [&hellip;]<\/p>\n","protected":false},"author":2,"featured_media":10927,"parent":0,"menu_order":0,"comment_status":"closed","ping_status":"closed","template":"","meta":{"footnotes":"","_links_to":"","_links_to_target":""},"class_list":["post-12347","page","type-page","status-publish","has-post-thumbnail","hentry"],"yoast_head":"<!-- This site is optimized with the Yoast SEO plugin v27.4 - https:\/\/yoast.com\/product\/yoast-seo-wordpress\/ -->\n<title>Locksmith Augsburg Bourges-Platz: from \u20ac52,- fixed price<\/title>\n<meta name=\"description\" content=\"Affordable and fair locksmith service in Augsburg Bourges-Platz for damage-free door opening at a fixed price. Friendly locksmith experts with the best tools. Available 24\/7, even on holidays. Damage-free door opening in over 99% of cases. Call us!\" \/>\n<meta name=\"robots\" content=\"index, follow, max-snippet:-1, max-image-preview:large, max-video-preview:-1\" \/>\n<link rel=\"canonical\" href=\"https:\/\/www.amper-aufsperrdienst.de\/en\/locksmith-augsburg-bourges-platz\/\" \/>\n<meta property=\"og:locale\" content=\"en_US\" \/>\n<meta property=\"og:type\" content=\"article\" \/>\n<meta property=\"og:title\" content=\"Locksmith Augsburg Bourges-Platz: from \u20ac52,- fixed price\" \/>\n<meta property=\"og:description\" content=\"Affordable and fair locksmith service in Augsburg Bourges-Platz for damage-free door opening at a fixed price. Friendly locksmith experts with the best tools. Available 24\/7, even on holidays. Damage-free door opening in over 99% of cases. Call us!\" \/>\n<meta property=\"og:url\" content=\"https:\/\/www.amper-aufsperrdienst.de\/en\/locksmith-augsburg-bourges-platz\/\" \/>\n<meta property=\"og:site_name\" content=\"Locksmith for Munich, Dachau and F\u00fcrstenfeldbruck\" \/>\n<meta property=\"article:modified_time\" content=\"2026-01-27T07:35:18+00:00\" \/>\n<meta property=\"og:image\" content=\"https:\/\/www.amper-aufsperrdienst.de\/wp-content\/uploads\/2014\/12\/header-augsburg.jpg\" \/>\n\t<meta property=\"og:image:width\" content=\"960\" \/>\n\t<meta property=\"og:image:height\" content=\"360\" \/>\n\t<meta property=\"og:image:type\" content=\"image\/jpeg\" \/>\n<meta name=\"twitter:label1\" content=\"Est. reading time\" \/>\n\t<meta name=\"twitter:data1\" content=\"4 minutes\" \/>\n<script type=\"application\/ld+json\" class=\"yoast-schema-graph\">{\"@context\":\"https:\\\/\\\/schema.org\",\"@graph\":[{\"@type\":\"WebPage\",\"@id\":\"https:\\\/\\\/www.amper-aufsperrdienst.de\\\/en\\\/locksmith-augsburg-bourges-platz\\\/\",\"url\":\"https:\\\/\\\/www.amper-aufsperrdienst.de\\\/en\\\/locksmith-augsburg-bourges-platz\\\/\",\"name\":\"Locksmith Augsburg Bourges-Platz: from \u20ac52,- fixed price\",\"isPartOf\":{\"@id\":\"https:\\\/\\\/www.amper-aufsperrdienst.de\\\/en\\\/#website\"},\"primaryImageOfPage\":{\"@id\":\"https:\\\/\\\/www.amper-aufsperrdienst.de\\\/en\\\/locksmith-augsburg-bourges-platz\\\/#primaryimage\"},\"image\":{\"@id\":\"https:\\\/\\\/www.amper-aufsperrdienst.de\\\/en\\\/locksmith-augsburg-bourges-platz\\\/#primaryimage\"},\"thumbnailUrl\":\"https:\\\/\\\/www.amper-aufsperrdienst.de\\\/wp-content\\\/uploads\\\/2014\\\/12\\\/header-augsburg.jpg\",\"datePublished\":\"2018-04-27T03:39:08+00:00\",\"dateModified\":\"2026-01-27T07:35:18+00:00\",\"description\":\"Affordable and fair locksmith service in Augsburg Bourges-Platz for damage-free door opening at a fixed price. Friendly locksmith experts with the best tools. Available 24\\\/7, even on holidays. Damage-free door opening in over 99% of cases. Call us!\",\"breadcrumb\":{\"@id\":\"https:\\\/\\\/www.amper-aufsperrdienst.de\\\/en\\\/locksmith-augsburg-bourges-platz\\\/#breadcrumb\"},\"inLanguage\":\"en-US\",\"potentialAction\":[{\"@type\":\"ReadAction\",\"target\":[\"https:\\\/\\\/www.amper-aufsperrdienst.de\\\/en\\\/locksmith-augsburg-bourges-platz\\\/\"]}]},{\"@type\":\"ImageObject\",\"inLanguage\":\"en-US\",\"@id\":\"https:\\\/\\\/www.amper-aufsperrdienst.de\\\/en\\\/locksmith-augsburg-bourges-platz\\\/#primaryimage\",\"url\":\"https:\\\/\\\/www.amper-aufsperrdienst.de\\\/wp-content\\\/uploads\\\/2014\\\/12\\\/header-augsburg.jpg\",\"contentUrl\":\"https:\\\/\\\/www.amper-aufsperrdienst.de\\\/wp-content\\\/uploads\\\/2014\\\/12\\\/header-augsburg.jpg\",\"width\":960,\"height\":360},{\"@type\":\"BreadcrumbList\",\"@id\":\"https:\\\/\\\/www.amper-aufsperrdienst.de\\\/en\\\/locksmith-augsburg-bourges-platz\\\/#breadcrumb\",\"itemListElement\":[{\"@type\":\"ListItem\",\"position\":1,\"name\":\"Home\",\"item\":\"https:\\\/\\\/www.amper-aufsperrdienst.de\\\/en\\\/\"},{\"@type\":\"ListItem\",\"position\":2,\"name\":\"Locksmith Augsburg Bourges-Platz\"}]},{\"@type\":\"WebSite\",\"@id\":\"https:\\\/\\\/www.amper-aufsperrdienst.de\\\/en\\\/#website\",\"url\":\"https:\\\/\\\/www.amper-aufsperrdienst.de\\\/en\\\/\",\"name\":\"Locksmith for Munich, Dachau and F\u00fcrstenfeldbruck\",\"description\":\"Amper Aufsperrdienst\",\"potentialAction\":[{\"@type\":\"SearchAction\",\"target\":{\"@type\":\"EntryPoint\",\"urlTemplate\":\"https:\\\/\\\/www.amper-aufsperrdienst.de\\\/en\\\/?s={search_term_string}\"},\"query-input\":{\"@type\":\"PropertyValueSpecification\",\"valueRequired\":true,\"valueName\":\"search_term_string\"}}],\"inLanguage\":\"en-US\"}]}<\/script>\n<!-- \/ Yoast SEO plugin. -->","yoast_head_json":{"title":"Locksmith Augsburg Bourges-Platz: from \u20ac52,- fixed price","description":"Affordable and fair locksmith service in Augsburg Bourges-Platz for damage-free door opening at a fixed price. Friendly locksmith experts with the best tools. Available 24\/7, even on holidays. Damage-free door opening in over 99% of cases. Call us!","robots":{"index":"index","follow":"follow","max-snippet":"max-snippet:-1","max-image-preview":"max-image-preview:large","max-video-preview":"max-video-preview:-1"},"canonical":"https:\/\/www.amper-aufsperrdienst.de\/en\/locksmith-augsburg-bourges-platz\/","og_locale":"en_US","og_type":"article","og_title":"Locksmith Augsburg Bourges-Platz: from \u20ac52,- fixed price","og_description":"Affordable and fair locksmith service in Augsburg Bourges-Platz for damage-free door opening at a fixed price. Friendly locksmith experts with the best tools. Available 24\/7, even on holidays. Damage-free door opening in over 99% of cases. Call us!","og_url":"https:\/\/www.amper-aufsperrdienst.de\/en\/locksmith-augsburg-bourges-platz\/","og_site_name":"Locksmith for Munich, Dachau and F\u00fcrstenfeldbruck","article_modified_time":"2026-01-27T07:35:18+00:00","og_image":[{"width":960,"height":360,"url":"https:\/\/www.amper-aufsperrdienst.de\/wp-content\/uploads\/2014\/12\/header-augsburg.jpg","type":"image\/jpeg"}],"twitter_misc":{"Est. reading time":"4 minutes"},"schema":{"@context":"https:\/\/schema.org","@graph":[{"@type":"WebPage","@id":"https:\/\/www.amper-aufsperrdienst.de\/en\/locksmith-augsburg-bourges-platz\/","url":"https:\/\/www.amper-aufsperrdienst.de\/en\/locksmith-augsburg-bourges-platz\/","name":"Locksmith Augsburg Bourges-Platz: from \u20ac52,- fixed price","isPartOf":{"@id":"https:\/\/www.amper-aufsperrdienst.de\/en\/#website"},"primaryImageOfPage":{"@id":"https:\/\/www.amper-aufsperrdienst.de\/en\/locksmith-augsburg-bourges-platz\/#primaryimage"},"image":{"@id":"https:\/\/www.amper-aufsperrdienst.de\/en\/locksmith-augsburg-bourges-platz\/#primaryimage"},"thumbnailUrl":"https:\/\/www.amper-aufsperrdienst.de\/wp-content\/uploads\/2014\/12\/header-augsburg.jpg","datePublished":"2018-04-27T03:39:08+00:00","dateModified":"2026-01-27T07:35:18+00:00","description":"Affordable and fair locksmith service in Augsburg Bourges-Platz for damage-free door opening at a fixed price. Friendly locksmith experts with the best tools. Available 24\/7, even on holidays. Damage-free door opening in over 99% of cases. Call us!","breadcrumb":{"@id":"https:\/\/www.amper-aufsperrdienst.de\/en\/locksmith-augsburg-bourges-platz\/#breadcrumb"},"inLanguage":"en-US","potentialAction":[{"@type":"ReadAction","target":["https:\/\/www.amper-aufsperrdienst.de\/en\/locksmith-augsburg-bourges-platz\/"]}]},{"@type":"ImageObject","inLanguage":"en-US","@id":"https:\/\/www.amper-aufsperrdienst.de\/en\/locksmith-augsburg-bourges-platz\/#primaryimage","url":"https:\/\/www.amper-aufsperrdienst.de\/wp-content\/uploads\/2014\/12\/header-augsburg.jpg","contentUrl":"https:\/\/www.amper-aufsperrdienst.de\/wp-content\/uploads\/2014\/12\/header-augsburg.jpg","width":960,"height":360},{"@type":"BreadcrumbList","@id":"https:\/\/www.amper-aufsperrdienst.de\/en\/locksmith-augsburg-bourges-platz\/#breadcrumb","itemListElement":[{"@type":"ListItem","position":1,"name":"Home","item":"https:\/\/www.amper-aufsperrdienst.de\/en\/"},{"@type":"ListItem","position":2,"name":"Locksmith Augsburg Bourges-Platz"}]},{"@type":"WebSite","@id":"https:\/\/www.amper-aufsperrdienst.de\/en\/#website","url":"https:\/\/www.amper-aufsperrdienst.de\/en\/","name":"Locksmith for Munich, Dachau and F\u00fcrstenfeldbruck","description":"Amper Aufsperrdienst","potentialAction":[{"@type":"SearchAction","target":{"@type":"EntryPoint","urlTemplate":"https:\/\/www.amper-aufsperrdienst.de\/en\/?s={search_term_string}"},"query-input":{"@type":"PropertyValueSpecification","valueRequired":true,"valueName":"search_term_string"}}],"inLanguage":"en-US"}]}},"_links":{"self":[{"href":"https:\/\/www.amper-aufsperrdienst.de\/en\/wp-json\/wp\/v2\/pages\/12347","targetHints":{"allow":["GET"]}}],"collection":[{"href":"https:\/\/www.amper-aufsperrdienst.de\/en\/wp-json\/wp\/v2\/pages"}],"about":[{"href":"https:\/\/www.amper-aufsperrdienst.de\/en\/wp-json\/wp\/v2\/types\/page"}],"author":[{"embeddable":true,"href":"https:\/\/www.amper-aufsperrdienst.de\/en\/wp-json\/wp\/v2\/users\/2"}],"replies":[{"embeddable":true,"href":"https:\/\/www.amper-aufsperrdienst.de\/en\/wp-json\/wp\/v2\/comments?post=12347"}],"version-history":[{"count":2,"href":"https:\/\/www.amper-aufsperrdienst.de\/en\/wp-json\/wp\/v2\/pages\/12347\/revisions"}],"predecessor-version":[{"id":12362,"href":"https:\/\/www.amper-aufsperrdienst.de\/en\/wp-json\/wp\/v2\/pages\/12347\/revisions\/12362"}],"wp:featuredmedia":[{"embeddable":true,"href":"https:\/\/www.amper-aufsperrdienst.de\/en\/wp-json\/wp\/v2\/media\/10927"}],"wp:attachment":[{"href":"https:\/\/www.amper-aufsperrdienst.de\/en\/wp-json\/wp\/v2\/media?parent=12347"}],"curies":[{"name":"wp","href":"https:\/\/api.w.org\/{rel}","templated":true}]}}