{"id":12358,"date":"2018-07-04T12:33:37","date_gmt":"2018-07-04T10:33:37","guid":{"rendered":"https:\/\/www.amper-aufsperrdienst.de\/locksmith-munich-blumenau\/"},"modified":"2026-01-21T10:28:01","modified_gmt":"2026-01-21T08:28:01","slug":"locksmith-munich-blumenau","status":"publish","type":"page","link":"https:\/\/www.amper-aufsperrdienst.de\/en\/locksmith-munich-blumenau\/","title":{"rendered":"Locksmith Munich Blumenau"},"content":{"rendered":"<p><img loading=\"lazy\" decoding=\"async\" class=\"alignleft\" style=\"margin-bottom: 5px !important;\" src=\"https:\/\/www.amper-aufsperrdienst.de\/wp-content\/uploads\/2021\/03\/schluesseldienst-muenchen-blumenau-festpreis-ab-52-siegel.jpg\" alt=\"Amper Locksmith Service - Locksmith Munich-Blumenau with fixed prices starting at \u20ac52\" width=\"250\" height=\"250\" \/><\/p>\n<p>Are you urgently looking for a locksmith in Blumenau who knows their craft and offers non-destructive door openings at a guaranteed fixed price? Amper Locksmith Service is exactly the right contact for you. As a third-generation family business, we have extensive experience when it comes to locked or jammed doors. Our employees are skilled, friendly, and work exclusively with professional locksmith tools. In over 99% of our call-outs, we open doors completely without damage. Furthermore, we work at a fair fixed price. And our fixed prices are genuine; they&#8217;re not a marketing gimmick or trick.<\/p>\n          <!-- tarif -->\n<h2><b><span style=\"vertical-align: inherit;\"><span style=\"vertical-align: inherit;\">Our binding fixed prices start from \u20ac52.<\/span><\/span><\/b><\/h2>\n<p>Amper Locksmith Service is a fair locksmith service with transparent fixed prices:<\/p>\n<div class=\"table-title\">\n\tPRICE LIST  UNLOCK\n<\/div>\n<!-- Table part-->\n<table class=\"table\">\n  <thead class=\"header\">\n\t  <tr>\n     \t <th scope=\"col\">Time<\/th>\n     \t <th scope=\"col\">8 - 18<\/th>\n     \t <th scope=\"col\">18 - 22<\/th>\n     \t <th scope=\"col\">22 - 8<\/th>\n\t<\/tr>\n  <\/thead>\n  <tbody>\n     \t  <tr class=\"weekdays\">\n     \t  \t  <td class=\"tag\" data-label=\"Time\">Mo - Fr<\/td>\n     \t  \t  <td class=\"hrs tag\" data-label=\"8 - 18\">52,- \u20ac<\/td>\n     \t  \t  <td class=\"tag space\" data-label=\"18 - 22\">82,- \u20ac<\/td>\n     \t  \t  <td data-label=\"22 - 8\">95,- \u20ac<\/td>\n     \t  <\/tr>\n     <tr class=\"weekends\">\n     \t  \t  <td class=\"tag\" data-label=\"Time\">Sa<\/td>\n     \t  \t  <td class=\"tag\" data-label=\"8 - 18\">95,- \u20ac<\/td>\n     \t  \t  <td class=\"tag\" data-label=\"18 - 22\">95,- \u20ac<\/td>\n     \t  \t  <td data-label=\"22 - 8\">125,- \u20ac<\/td>\n     \t  <\/tr>\n     <tr class=\"holidays\">\n     \t  \t  <td class=\"tag\" data-label=\"Time\">So & holiday<\/td>\n     \t  \t  <td class=\"tag\" data-label=\"8 - 18\">125,- \u20ac<\/td>\n     \t  \t  <td class=\"tag\" data-label=\"18 - 22\">125,-\u20ac<\/td>\n     \t  \t  <td data-label=\"22 - 8\">125,-\u20ac<\/td>\n     \t  <\/tr>\n     <\/tbody>\n<\/table>\n<!-- Table Description-->\n<div class=\"table-description\">\n\t<em>Please call to inquire about travel costs.<\/em>\n<\/div>\n<!-- Wordings below -->\n<div class=\"wordings\">\n<p>The prices listed in this table are binding for unlocking a door that has slammed shut or been pulled shut (without self-locking mechanisms). Please feel free to contact us if you would like a price quote for other locksmith services. We will gladly provide you with a transparent, fixed-price offer.<\/p>\n<\/div>\n\n<!-- END Wordings -->\n\n\n\n<div class=\"ansprech\">Skilled locksmith service in Munich Blumenau with experienced locksmiths<br \/>\n<h3 class=\"phone mobilesOnly\"><a href=\"tel:+498000131131\">0800 \/ 0 131 131<\/a><\/h3><h3 class=\"phone desktopOnly\"><a href=\"tel:+498000131131\">0800 \/ 0 131 131<\/a><\/h3>Damage-free opening of locked or jammed doors at a fixed price. Call anytime, free of charge!<\/div>\n<h2>Blumenau in the Hadern district of Munich<\/h2>\n<p>The Blumenau settlement is located in the north of the Munich district of Hadern and is divided into northern and southern sections by the A96 motorway. There is also a district called &#8220;Blumenau,&#8221; which borders the districts of Laim and Pasing-Obermenzing and is logically also located in northern Hadern.<\/p>\n<p>The name Blumenau was officially adopted by the city council in 1964. Prior to this, the name was already familiar to residents of Kleinhadern, as the streets near Blumenau were primarily named after flowers. For example, the following streets are located near Blumenau: Krokusstra\u00dfe (Crocus Street), Primelstra\u00dfe (Primrose Street), Silberdistelstra\u00dfe (Silver Thistle Street), and Veilchenstra\u00dfe (Violet Street).<\/p>\n<p>Construction of the Blumenau housing estate began in 1963. Today, it comprises not only apartment blocks but also single-family homes. At its center stands the parish church of the Epiphany and the Blumenau shopping center with 30 shops and businesses.<\/p>\n<p>North of the parish church, on Blumenauer Stra\u00dfe, is the elementary school. A primary and secondary school are also located in the same building.<\/p>\n<h2>Locksmith Munich Blumenau: Fast, honest, and with a fair fixed price<\/h2>\n<p>As an honest and fast locksmith service in Munich Blumenau, we are happy to assist you if you need a professional, damage-free door opening at a fair fixed price. While other providers may advertise fixed prices, we don&#8217;t just advertise them, we honor them without exception. You can be absolutely certain that the prices we quote during your free call are valid. We are also happy to guarantee our prices over the phone. This way, there are no unpleasant surprises. Other locksmiths may have hidden costs! With us, you definitely won&#8217;t!<\/p>\n<h2>24\/7 emergency service<\/h2>\n<p>We not only want to provide an excellent customer experience, but also be there for you at all times. That&#8217;s why we&#8217;re not just any locksmith service, but a genuine emergency locksmith service with 24\/7 availability. So don&#8217;t worry if you find yourself locked out on Mother&#8217;s Day? Or perhaps you&#8217;ve locked yourself out in Blumenau on Christmas Day? Feel free to call us free of charge \u2013 any day, any time. One of our experienced and friendly locksmith experts will be happy to help you out!<\/p>\n<p>Have you locked yourself out and urgently need an experienced, skilled, and fast locksmith in Munich&#8217;s Blumenau district? Call us! We&#8217;ll be happy to advise you and help you as quickly as possible with non-destructive door opening at a low fixed price!<\/p>\n<div class=\"ansprech\">Skilled locksmith service in Munich Blumenau with experienced locksmiths<br \/>\n<h3 class=\"phone mobilesOnly\"><a href=\"tel:+498000131131\">0800 \/ 0 131 131<\/a><\/h3><h3 class=\"phone desktopOnly\"><a href=\"tel:+498000131131\">0800 \/ 0 131 131<\/a><\/h3>Damage-free opening of locked or jammed doors at a fixed price. Call anytime, free of charge!<\/div>\n","protected":false},"excerpt":{"rendered":"<p>Are you urgently looking for a locksmith in Blumenau who knows their craft and offers non-destructive door openings at a guaranteed fixed price? Amper Locksmith Service is exactly the right contact for you. As a third-generation family business, we have extensive experience when it comes to locked or jammed doors. Our employees are skilled, friendly, [&hellip;]<\/p>\n","protected":false},"author":2,"featured_media":0,"parent":0,"menu_order":0,"comment_status":"closed","ping_status":"closed","template":"","meta":{"footnotes":"","_links_to":"","_links_to_target":""},"class_list":["post-12358","page","type-page","status-publish","hentry"],"yoast_head":"<!-- This site is optimized with the Yoast SEO plugin v27.4 - https:\/\/yoast.com\/product\/yoast-seo-wordpress\/ -->\n<title>Locksmith Munich Blumenau: Fixed price from \u20ac52<\/title>\n<meta name=\"description\" content=\"Experienced and competent locksmith service in Munich Blumenau with a fixed price guarantee, free emergency hotline, fast 24\/7 service, and skilled locksmith experts: damage-free door opening using the best professional tools. Call us anytime, free of charge, even on Sundays and public holidays!\" \/>\n<meta name=\"robots\" content=\"index, follow, max-snippet:-1, max-image-preview:large, max-video-preview:-1\" \/>\n<link rel=\"canonical\" href=\"https:\/\/www.amper-aufsperrdienst.de\/en\/locksmith-munich-blumenau\/\" \/>\n<meta property=\"og:locale\" content=\"en_US\" \/>\n<meta property=\"og:type\" content=\"article\" \/>\n<meta property=\"og:title\" content=\"Locksmith Munich Blumenau: Fixed price from \u20ac52\" \/>\n<meta property=\"og:description\" content=\"Experienced and competent locksmith service in Munich Blumenau with a fixed price guarantee, free emergency hotline, fast 24\/7 service, and skilled locksmith experts: damage-free door opening using the best professional tools. Call us anytime, free of charge, even on Sundays and public holidays!\" \/>\n<meta property=\"og:url\" content=\"https:\/\/www.amper-aufsperrdienst.de\/en\/locksmith-munich-blumenau\/\" \/>\n<meta property=\"og:site_name\" content=\"Locksmith for Munich, Dachau and F\u00fcrstenfeldbruck\" \/>\n<meta property=\"article:modified_time\" content=\"2026-01-21T08:28:01+00:00\" \/>\n<meta property=\"og:image\" content=\"https:\/\/www.amper-aufsperrdienst.de\/wp-content\/uploads\/2021\/03\/schluesseldienst-muenchen-blumenau-festpreis-ab-52-siegel.jpg\" \/>\n<meta name=\"twitter:label1\" content=\"Est. reading time\" \/>\n\t<meta name=\"twitter:data1\" content=\"4 minutes\" \/>\n<script type=\"application\/ld+json\" class=\"yoast-schema-graph\">{\"@context\":\"https:\\\/\\\/schema.org\",\"@graph\":[{\"@type\":\"WebPage\",\"@id\":\"https:\\\/\\\/www.amper-aufsperrdienst.de\\\/en\\\/locksmith-munich-blumenau\\\/\",\"url\":\"https:\\\/\\\/www.amper-aufsperrdienst.de\\\/en\\\/locksmith-munich-blumenau\\\/\",\"name\":\"Locksmith Munich Blumenau: Fixed price from \u20ac52\",\"isPartOf\":{\"@id\":\"https:\\\/\\\/www.amper-aufsperrdienst.de\\\/en\\\/#website\"},\"primaryImageOfPage\":{\"@id\":\"https:\\\/\\\/www.amper-aufsperrdienst.de\\\/en\\\/locksmith-munich-blumenau\\\/#primaryimage\"},\"image\":{\"@id\":\"https:\\\/\\\/www.amper-aufsperrdienst.de\\\/en\\\/locksmith-munich-blumenau\\\/#primaryimage\"},\"thumbnailUrl\":\"https:\\\/\\\/www.amper-aufsperrdienst.de\\\/wp-content\\\/uploads\\\/2021\\\/03\\\/schluesseldienst-muenchen-blumenau-festpreis-ab-52-siegel.jpg\",\"datePublished\":\"2018-07-04T10:33:37+00:00\",\"dateModified\":\"2026-01-21T08:28:01+00:00\",\"description\":\"Experienced and competent locksmith service in Munich Blumenau with a fixed price guarantee, free emergency hotline, fast 24\\\/7 service, and skilled locksmith experts: damage-free door opening using the best professional tools. Call us anytime, free of charge, even on Sundays and public holidays!\",\"breadcrumb\":{\"@id\":\"https:\\\/\\\/www.amper-aufsperrdienst.de\\\/en\\\/locksmith-munich-blumenau\\\/#breadcrumb\"},\"inLanguage\":\"en-US\",\"potentialAction\":[{\"@type\":\"ReadAction\",\"target\":[\"https:\\\/\\\/www.amper-aufsperrdienst.de\\\/en\\\/locksmith-munich-blumenau\\\/\"]}]},{\"@type\":\"ImageObject\",\"inLanguage\":\"en-US\",\"@id\":\"https:\\\/\\\/www.amper-aufsperrdienst.de\\\/en\\\/locksmith-munich-blumenau\\\/#primaryimage\",\"url\":\"https:\\\/\\\/www.amper-aufsperrdienst.de\\\/wp-content\\\/uploads\\\/2021\\\/03\\\/schluesseldienst-muenchen-blumenau-festpreis-ab-52-siegel.jpg\",\"contentUrl\":\"https:\\\/\\\/www.amper-aufsperrdienst.de\\\/wp-content\\\/uploads\\\/2021\\\/03\\\/schluesseldienst-muenchen-blumenau-festpreis-ab-52-siegel.jpg\"},{\"@type\":\"BreadcrumbList\",\"@id\":\"https:\\\/\\\/www.amper-aufsperrdienst.de\\\/en\\\/locksmith-munich-blumenau\\\/#breadcrumb\",\"itemListElement\":[{\"@type\":\"ListItem\",\"position\":1,\"name\":\"Home\",\"item\":\"https:\\\/\\\/www.amper-aufsperrdienst.de\\\/en\\\/\"},{\"@type\":\"ListItem\",\"position\":2,\"name\":\"Locksmith Munich Blumenau\"}]},{\"@type\":\"WebSite\",\"@id\":\"https:\\\/\\\/www.amper-aufsperrdienst.de\\\/en\\\/#website\",\"url\":\"https:\\\/\\\/www.amper-aufsperrdienst.de\\\/en\\\/\",\"name\":\"Locksmith for Munich, Dachau and F\u00fcrstenfeldbruck\",\"description\":\"Amper Aufsperrdienst\",\"potentialAction\":[{\"@type\":\"SearchAction\",\"target\":{\"@type\":\"EntryPoint\",\"urlTemplate\":\"https:\\\/\\\/www.amper-aufsperrdienst.de\\\/en\\\/?s={search_term_string}\"},\"query-input\":{\"@type\":\"PropertyValueSpecification\",\"valueRequired\":true,\"valueName\":\"search_term_string\"}}],\"inLanguage\":\"en-US\"}]}<\/script>\n<!-- \/ Yoast SEO plugin. -->","yoast_head_json":{"title":"Locksmith Munich Blumenau: Fixed price from \u20ac52","description":"Experienced and competent locksmith service in Munich Blumenau with a fixed price guarantee, free emergency hotline, fast 24\/7 service, and skilled locksmith experts: damage-free door opening using the best professional tools. Call us anytime, free of charge, even on Sundays and public holidays!","robots":{"index":"index","follow":"follow","max-snippet":"max-snippet:-1","max-image-preview":"max-image-preview:large","max-video-preview":"max-video-preview:-1"},"canonical":"https:\/\/www.amper-aufsperrdienst.de\/en\/locksmith-munich-blumenau\/","og_locale":"en_US","og_type":"article","og_title":"Locksmith Munich Blumenau: Fixed price from \u20ac52","og_description":"Experienced and competent locksmith service in Munich Blumenau with a fixed price guarantee, free emergency hotline, fast 24\/7 service, and skilled locksmith experts: damage-free door opening using the best professional tools. Call us anytime, free of charge, even on Sundays and public holidays!","og_url":"https:\/\/www.amper-aufsperrdienst.de\/en\/locksmith-munich-blumenau\/","og_site_name":"Locksmith for Munich, Dachau and F\u00fcrstenfeldbruck","article_modified_time":"2026-01-21T08:28:01+00:00","og_image":[{"url":"https:\/\/www.amper-aufsperrdienst.de\/wp-content\/uploads\/2021\/03\/schluesseldienst-muenchen-blumenau-festpreis-ab-52-siegel.jpg","type":"","width":"","height":""}],"twitter_misc":{"Est. reading time":"4 minutes"},"schema":{"@context":"https:\/\/schema.org","@graph":[{"@type":"WebPage","@id":"https:\/\/www.amper-aufsperrdienst.de\/en\/locksmith-munich-blumenau\/","url":"https:\/\/www.amper-aufsperrdienst.de\/en\/locksmith-munich-blumenau\/","name":"Locksmith Munich Blumenau: Fixed price from \u20ac52","isPartOf":{"@id":"https:\/\/www.amper-aufsperrdienst.de\/en\/#website"},"primaryImageOfPage":{"@id":"https:\/\/www.amper-aufsperrdienst.de\/en\/locksmith-munich-blumenau\/#primaryimage"},"image":{"@id":"https:\/\/www.amper-aufsperrdienst.de\/en\/locksmith-munich-blumenau\/#primaryimage"},"thumbnailUrl":"https:\/\/www.amper-aufsperrdienst.de\/wp-content\/uploads\/2021\/03\/schluesseldienst-muenchen-blumenau-festpreis-ab-52-siegel.jpg","datePublished":"2018-07-04T10:33:37+00:00","dateModified":"2026-01-21T08:28:01+00:00","description":"Experienced and competent locksmith service in Munich Blumenau with a fixed price guarantee, free emergency hotline, fast 24\/7 service, and skilled locksmith experts: damage-free door opening using the best professional tools. Call us anytime, free of charge, even on Sundays and public holidays!","breadcrumb":{"@id":"https:\/\/www.amper-aufsperrdienst.de\/en\/locksmith-munich-blumenau\/#breadcrumb"},"inLanguage":"en-US","potentialAction":[{"@type":"ReadAction","target":["https:\/\/www.amper-aufsperrdienst.de\/en\/locksmith-munich-blumenau\/"]}]},{"@type":"ImageObject","inLanguage":"en-US","@id":"https:\/\/www.amper-aufsperrdienst.de\/en\/locksmith-munich-blumenau\/#primaryimage","url":"https:\/\/www.amper-aufsperrdienst.de\/wp-content\/uploads\/2021\/03\/schluesseldienst-muenchen-blumenau-festpreis-ab-52-siegel.jpg","contentUrl":"https:\/\/www.amper-aufsperrdienst.de\/wp-content\/uploads\/2021\/03\/schluesseldienst-muenchen-blumenau-festpreis-ab-52-siegel.jpg"},{"@type":"BreadcrumbList","@id":"https:\/\/www.amper-aufsperrdienst.de\/en\/locksmith-munich-blumenau\/#breadcrumb","itemListElement":[{"@type":"ListItem","position":1,"name":"Home","item":"https:\/\/www.amper-aufsperrdienst.de\/en\/"},{"@type":"ListItem","position":2,"name":"Locksmith Munich Blumenau"}]},{"@type":"WebSite","@id":"https:\/\/www.amper-aufsperrdienst.de\/en\/#website","url":"https:\/\/www.amper-aufsperrdienst.de\/en\/","name":"Locksmith for Munich, Dachau and F\u00fcrstenfeldbruck","description":"Amper Aufsperrdienst","potentialAction":[{"@type":"SearchAction","target":{"@type":"EntryPoint","urlTemplate":"https:\/\/www.amper-aufsperrdienst.de\/en\/?s={search_term_string}"},"query-input":{"@type":"PropertyValueSpecification","valueRequired":true,"valueName":"search_term_string"}}],"inLanguage":"en-US"}]}},"_links":{"self":[{"href":"https:\/\/www.amper-aufsperrdienst.de\/en\/wp-json\/wp\/v2\/pages\/12358","targetHints":{"allow":["GET"]}}],"collection":[{"href":"https:\/\/www.amper-aufsperrdienst.de\/en\/wp-json\/wp\/v2\/pages"}],"about":[{"href":"https:\/\/www.amper-aufsperrdienst.de\/en\/wp-json\/wp\/v2\/types\/page"}],"author":[{"embeddable":true,"href":"https:\/\/www.amper-aufsperrdienst.de\/en\/wp-json\/wp\/v2\/users\/2"}],"replies":[{"embeddable":true,"href":"https:\/\/www.amper-aufsperrdienst.de\/en\/wp-json\/wp\/v2\/comments?post=12358"}],"version-history":[{"count":1,"href":"https:\/\/www.amper-aufsperrdienst.de\/en\/wp-json\/wp\/v2\/pages\/12358\/revisions"}],"predecessor-version":[{"id":12359,"href":"https:\/\/www.amper-aufsperrdienst.de\/en\/wp-json\/wp\/v2\/pages\/12358\/revisions\/12359"}],"wp:attachment":[{"href":"https:\/\/www.amper-aufsperrdienst.de\/en\/wp-json\/wp\/v2\/media?parent=12358"}],"curies":[{"name":"wp","href":"https:\/\/api.w.org\/{rel}","templated":true}]}}