{"id":12370,"date":"2018-04-30T12:44:48","date_gmt":"2018-04-30T10:44:48","guid":{"rendered":"https:\/\/www.amper-aufsperrdienst.de\/schluesseldienst-augsburg-klinkertorplatz\/"},"modified":"2026-01-27T09:41:08","modified_gmt":"2026-01-27T07:41:08","slug":"locksmith-augsburg-klinkertorplatz","status":"publish","type":"page","link":"https:\/\/www.amper-aufsperrdienst.de\/en\/locksmith-augsburg-klinkertorplatz\/","title":{"rendered":"Locksmith Augsburg Klinkertorplatz"},"content":{"rendered":"<p><img loading=\"lazy\" decoding=\"async\" class=\"alignleft\" style=\"margin-bottom: 5px !important;\" src=\"https:\/\/www.amper-aufsperrdienst.de\/wp-content\/uploads\/2021\/03\/schluesseldienst-augsburg-klinkertorplatz-festpreis-ab-52-siegel.jpg\" alt=\"Locksmith Amper - Locksmith Augsburg-Klinkertorplatz with a fixed price starting from 52,- EUR\" width=\"250\" height=\"250\" \/><\/p>\n<p>Are you an Augsburg resident living near Klinkertorplatz, and do you need the help of an experienced and fast locksmith because you&#8217;re locked out of your apartment? Have you lost, forgotten, or misplaced your key? Or has it simply broken off in the lock?<\/p>\n<p>As a locksmith service in Augsburg&#8217;s Klinkertorplatz district, we are a third-generation family business and therefore have the necessary experience to open any type of door quickly and without damage. Our locksmiths are highly trained and equipped with professional tools. Just give us a call, and we&#8217;ll come to you immediately to unlock your door for a low fixed price. Our 24-hour emergency hotline is free and available even on weekends and holidays!<\/p>\n          <!-- tarif -->\n<h2><b><span style=\"vertical-align: inherit;\"><span style=\"vertical-align: inherit;\">Our binding fixed prices start from \u20ac52.<\/span><\/span><\/b><\/h2>\n<p>Amper Locksmith Service is a fair locksmith service with transparent fixed prices:<\/p>\n<div class=\"table-title\">\n\tPRICE LIST  UNLOCK\n<\/div>\n<!-- Table part-->\n<table class=\"table\">\n  <thead class=\"header\">\n\t  <tr>\n     \t <th scope=\"col\">Time<\/th>\n     \t <th scope=\"col\">8 - 18<\/th>\n     \t <th scope=\"col\">18 - 22<\/th>\n     \t <th scope=\"col\">22 - 8<\/th>\n\t<\/tr>\n  <\/thead>\n  <tbody>\n     \t  <tr class=\"weekdays\">\n     \t  \t  <td class=\"tag\" data-label=\"Time\">Mo - Fr<\/td>\n     \t  \t  <td class=\"hrs tag\" data-label=\"8 - 18\">52,- \u20ac<\/td>\n     \t  \t  <td class=\"tag space\" data-label=\"18 - 22\">82,- \u20ac<\/td>\n     \t  \t  <td data-label=\"22 - 8\">95,- \u20ac<\/td>\n     \t  <\/tr>\n     <tr class=\"weekends\">\n     \t  \t  <td class=\"tag\" data-label=\"Time\">Sa<\/td>\n     \t  \t  <td class=\"tag\" data-label=\"8 - 18\">95,- \u20ac<\/td>\n     \t  \t  <td class=\"tag\" data-label=\"18 - 22\">95,- \u20ac<\/td>\n     \t  \t  <td data-label=\"22 - 8\">125,- \u20ac<\/td>\n     \t  <\/tr>\n     <tr class=\"holidays\">\n     \t  \t  <td class=\"tag\" data-label=\"Time\">So & holiday<\/td>\n     \t  \t  <td class=\"tag\" data-label=\"8 - 18\">125,- \u20ac<\/td>\n     \t  \t  <td class=\"tag\" data-label=\"18 - 22\">125,-\u20ac<\/td>\n     \t  \t  <td data-label=\"22 - 8\">125,-\u20ac<\/td>\n     \t  <\/tr>\n     <\/tbody>\n<\/table>\n<!-- Table Description-->\n<div class=\"table-description\">\n\t<em>Please call to inquire about travel costs.<\/em>\n<\/div>\n<!-- Wordings below -->\n<div class=\"wordings\">\n<p>The prices listed in this table are binding for unlocking a door that has slammed shut or been pulled shut (without self-locking mechanisms). Please feel free to contact us if you would like a price quote for other locksmith services. We will gladly provide you with a transparent, fixed-price offer.<\/p>\n<\/div>\n\n<!-- END Wordings -->\n\n\n\n<div class=\"ansprech\">Locksmith Augsburg Klinkertorplatz with free 24-hour emergency hotline<br \/>\n<h3 class=\"phone mobilesOnly\"><a href=\"tel:+498000131131\">0800 \/ 0 131 131<\/a><\/h3><h3 class=\"phone desktopOnly\"><a href=\"tel:+498000131131\">0800 \/ 0 131 131<\/a><\/h3>Fixed price guarantee, use of top-quality professional tools &#038; 24-hour on-call service<\/div>\n<h2>Klinkertorplatz in Augsburg<\/h2>\n<p>Klinkertorplatz is located not far from Augsburg&#8217;s city center and is near the Curt-Frenzel-Stadium. It is very well connected to the public transport network via the &#8220;Klinkertor&#8221; stop. Also located near the square are the Augsburg Theatre, the Natural History Museum, and Augsburg Cathedral.<\/p>\n<p>The most important surrounding streets of Klinkertorplatz are Fr\u00f6lichstra\u00dfe, Gesundbrunnenstra\u00dfe, Klinkertorstra\u00dfe, Schaezlerstra\u00dfe, and Volkhartstra\u00dfe.<\/p>\n<h2>Locksmith Augsburg Klinkertorplatz: fast, affordable, and with a fair fixed price<\/h2>\n<p>Have you locked yourself out and are currently looking for a locksmith who serves Klinkertorplatz or the streets mentioned above? In that case, you can contact us and commission us for damage-free door opening at a fair and affordable fixed price. Our fast technicians will set off shortly after you contact us. It usually takes no longer than about 30 minutes before we can begin opening your door without causing any damage at Klinkertorplatz.<\/p>\n<h2>Against price gouging and rip-offs<\/h2>\n<p>As locksmiths, it is very important to us to be trustworthy, honest, and professional. We also consciously distance ourselves from any kind of price gouging or fraud! We know that, unfortunately, there are some unscrupulous operators in our industry who exploit their customers. They advertise with incredibly low &#8220;fixed prices,&#8221; but in the end, exorbitant additional charges for travel or night work are added on top. You definitely don&#8217;t have to worry about hidden extra costs with us! The prices we quote over the phone are fixed total prices. There are no unpleasant surprises!<\/p>\n<h2>Locksmiths by experienced locksmith experts<\/h2>\n<p>Fairness and transparency are not only very important to us, but also ensuring damage-free door opening. Our locksmith experts have the necessary experience to help you without causing any damage. They always bring the right tools! This is how we manage to leave no damage to your door in over 99% of our lockouts!<\/p>\n<p>See for yourself!<\/p>\n<p>Are you looking for a reliable, fair, and competent locksmith in Augsburg Klinkertorplatz who is available around the clock and offers damage-free door openings at a guaranteed fixed price? Call us now! We&#8217;re happy to help!<\/p>\n<div class=\"ansprech\">Locksmith Augsburg Klinkertorplatz with free 24-hour emergency hotline<br \/>\n<h3 class=\"phone mobilesOnly\"><a href=\"tel:+498000131131\">0800 \/ 0 131 131<\/a><\/h3><h3 class=\"phone desktopOnly\"><a href=\"tel:+498000131131\">0800 \/ 0 131 131<\/a><\/h3>Fixed price guarantee, use of the best professional tools &#038; 24-hour on-call service<\/div>\n","protected":false},"excerpt":{"rendered":"<p>Are you an Augsburg resident living near Klinkertorplatz, and do you need the help of an experienced and fast locksmith because you&#8217;re locked out of your apartment? Have you lost, forgotten, or misplaced your key? Or has it simply broken off in the lock? As a locksmith service in Augsburg&#8217;s Klinkertorplatz district, we are a [&hellip;]<\/p>\n","protected":false},"author":2,"featured_media":10927,"parent":0,"menu_order":0,"comment_status":"closed","ping_status":"closed","template":"","meta":{"footnotes":"","_links_to":"","_links_to_target":""},"class_list":["post-12370","page","type-page","status-publish","has-post-thumbnail","hentry"],"yoast_head":"<!-- This site is optimized with the Yoast SEO plugin v27.4 - https:\/\/yoast.com\/product\/yoast-seo-wordpress\/ -->\n<title>Locksmith Augsburg Klinkertorplatz: from \u20ac52,- fixed price<\/title>\n<meta name=\"description\" content=\"Locksmith Augsburg Klinkertorplatz with friendly locksmiths, fixed price guarantee, fast 24\/7 service &amp; freephone number: damage-free door opening at a low fixed price using the best professional tools. Free emergency hotline, available 24\/7, even on Sundays and public holidays. A third-generation family business.\" \/>\n<meta name=\"robots\" content=\"index, follow, max-snippet:-1, max-image-preview:large, max-video-preview:-1\" \/>\n<link rel=\"canonical\" href=\"https:\/\/www.amper-aufsperrdienst.de\/en\/locksmith-augsburg-klinkertorplatz\/\" \/>\n<meta property=\"og:locale\" content=\"en_US\" \/>\n<meta property=\"og:type\" content=\"article\" \/>\n<meta property=\"og:title\" content=\"Locksmith Augsburg Klinkertorplatz: from \u20ac52,- fixed price\" \/>\n<meta property=\"og:description\" content=\"Locksmith Augsburg Klinkertorplatz with friendly locksmiths, fixed price guarantee, fast 24\/7 service &amp; freephone number: damage-free door opening at a low fixed price using the best professional tools. Free emergency hotline, available 24\/7, even on Sundays and public holidays. A third-generation family business.\" \/>\n<meta property=\"og:url\" content=\"https:\/\/www.amper-aufsperrdienst.de\/en\/locksmith-augsburg-klinkertorplatz\/\" \/>\n<meta property=\"og:site_name\" content=\"Locksmith for Munich, Dachau and F\u00fcrstenfeldbruck\" \/>\n<meta property=\"article:modified_time\" content=\"2026-01-27T07:41:08+00:00\" \/>\n<meta property=\"og:image\" content=\"https:\/\/www.amper-aufsperrdienst.de\/wp-content\/uploads\/2014\/12\/header-augsburg.jpg\" \/>\n\t<meta property=\"og:image:width\" content=\"960\" \/>\n\t<meta property=\"og:image:height\" content=\"360\" \/>\n\t<meta property=\"og:image:type\" content=\"image\/jpeg\" \/>\n<meta name=\"twitter:label1\" content=\"Est. reading time\" \/>\n\t<meta name=\"twitter:data1\" content=\"4 minutes\" \/>\n<script type=\"application\/ld+json\" class=\"yoast-schema-graph\">{\"@context\":\"https:\\\/\\\/schema.org\",\"@graph\":[{\"@type\":\"WebPage\",\"@id\":\"https:\\\/\\\/www.amper-aufsperrdienst.de\\\/en\\\/locksmith-augsburg-klinkertorplatz\\\/\",\"url\":\"https:\\\/\\\/www.amper-aufsperrdienst.de\\\/en\\\/locksmith-augsburg-klinkertorplatz\\\/\",\"name\":\"Locksmith Augsburg Klinkertorplatz: from \u20ac52,- fixed price\",\"isPartOf\":{\"@id\":\"https:\\\/\\\/www.amper-aufsperrdienst.de\\\/en\\\/#website\"},\"primaryImageOfPage\":{\"@id\":\"https:\\\/\\\/www.amper-aufsperrdienst.de\\\/en\\\/locksmith-augsburg-klinkertorplatz\\\/#primaryimage\"},\"image\":{\"@id\":\"https:\\\/\\\/www.amper-aufsperrdienst.de\\\/en\\\/locksmith-augsburg-klinkertorplatz\\\/#primaryimage\"},\"thumbnailUrl\":\"https:\\\/\\\/www.amper-aufsperrdienst.de\\\/wp-content\\\/uploads\\\/2014\\\/12\\\/header-augsburg.jpg\",\"datePublished\":\"2018-04-30T10:44:48+00:00\",\"dateModified\":\"2026-01-27T07:41:08+00:00\",\"description\":\"Locksmith Augsburg Klinkertorplatz with friendly locksmiths, fixed price guarantee, fast 24\\\/7 service & freephone number: damage-free door opening at a low fixed price using the best professional tools. Free emergency hotline, available 24\\\/7, even on Sundays and public holidays. A third-generation family business.\",\"breadcrumb\":{\"@id\":\"https:\\\/\\\/www.amper-aufsperrdienst.de\\\/en\\\/locksmith-augsburg-klinkertorplatz\\\/#breadcrumb\"},\"inLanguage\":\"en-US\",\"potentialAction\":[{\"@type\":\"ReadAction\",\"target\":[\"https:\\\/\\\/www.amper-aufsperrdienst.de\\\/en\\\/locksmith-augsburg-klinkertorplatz\\\/\"]}]},{\"@type\":\"ImageObject\",\"inLanguage\":\"en-US\",\"@id\":\"https:\\\/\\\/www.amper-aufsperrdienst.de\\\/en\\\/locksmith-augsburg-klinkertorplatz\\\/#primaryimage\",\"url\":\"https:\\\/\\\/www.amper-aufsperrdienst.de\\\/wp-content\\\/uploads\\\/2014\\\/12\\\/header-augsburg.jpg\",\"contentUrl\":\"https:\\\/\\\/www.amper-aufsperrdienst.de\\\/wp-content\\\/uploads\\\/2014\\\/12\\\/header-augsburg.jpg\",\"width\":960,\"height\":360},{\"@type\":\"BreadcrumbList\",\"@id\":\"https:\\\/\\\/www.amper-aufsperrdienst.de\\\/en\\\/locksmith-augsburg-klinkertorplatz\\\/#breadcrumb\",\"itemListElement\":[{\"@type\":\"ListItem\",\"position\":1,\"name\":\"Home\",\"item\":\"https:\\\/\\\/www.amper-aufsperrdienst.de\\\/en\\\/\"},{\"@type\":\"ListItem\",\"position\":2,\"name\":\"Locksmith Augsburg Klinkertorplatz\"}]},{\"@type\":\"WebSite\",\"@id\":\"https:\\\/\\\/www.amper-aufsperrdienst.de\\\/en\\\/#website\",\"url\":\"https:\\\/\\\/www.amper-aufsperrdienst.de\\\/en\\\/\",\"name\":\"Locksmith for Munich, Dachau and F\u00fcrstenfeldbruck\",\"description\":\"Amper Aufsperrdienst\",\"potentialAction\":[{\"@type\":\"SearchAction\",\"target\":{\"@type\":\"EntryPoint\",\"urlTemplate\":\"https:\\\/\\\/www.amper-aufsperrdienst.de\\\/en\\\/?s={search_term_string}\"},\"query-input\":{\"@type\":\"PropertyValueSpecification\",\"valueRequired\":true,\"valueName\":\"search_term_string\"}}],\"inLanguage\":\"en-US\"}]}<\/script>\n<!-- \/ Yoast SEO plugin. -->","yoast_head_json":{"title":"Locksmith Augsburg Klinkertorplatz: from \u20ac52,- fixed price","description":"Locksmith Augsburg Klinkertorplatz with friendly locksmiths, fixed price guarantee, fast 24\/7 service & freephone number: damage-free door opening at a low fixed price using the best professional tools. Free emergency hotline, available 24\/7, even on Sundays and public holidays. A third-generation family business.","robots":{"index":"index","follow":"follow","max-snippet":"max-snippet:-1","max-image-preview":"max-image-preview:large","max-video-preview":"max-video-preview:-1"},"canonical":"https:\/\/www.amper-aufsperrdienst.de\/en\/locksmith-augsburg-klinkertorplatz\/","og_locale":"en_US","og_type":"article","og_title":"Locksmith Augsburg Klinkertorplatz: from \u20ac52,- fixed price","og_description":"Locksmith Augsburg Klinkertorplatz with friendly locksmiths, fixed price guarantee, fast 24\/7 service & freephone number: damage-free door opening at a low fixed price using the best professional tools. Free emergency hotline, available 24\/7, even on Sundays and public holidays. A third-generation family business.","og_url":"https:\/\/www.amper-aufsperrdienst.de\/en\/locksmith-augsburg-klinkertorplatz\/","og_site_name":"Locksmith for Munich, Dachau and F\u00fcrstenfeldbruck","article_modified_time":"2026-01-27T07:41:08+00:00","og_image":[{"width":960,"height":360,"url":"https:\/\/www.amper-aufsperrdienst.de\/wp-content\/uploads\/2014\/12\/header-augsburg.jpg","type":"image\/jpeg"}],"twitter_misc":{"Est. reading time":"4 minutes"},"schema":{"@context":"https:\/\/schema.org","@graph":[{"@type":"WebPage","@id":"https:\/\/www.amper-aufsperrdienst.de\/en\/locksmith-augsburg-klinkertorplatz\/","url":"https:\/\/www.amper-aufsperrdienst.de\/en\/locksmith-augsburg-klinkertorplatz\/","name":"Locksmith Augsburg Klinkertorplatz: from \u20ac52,- fixed price","isPartOf":{"@id":"https:\/\/www.amper-aufsperrdienst.de\/en\/#website"},"primaryImageOfPage":{"@id":"https:\/\/www.amper-aufsperrdienst.de\/en\/locksmith-augsburg-klinkertorplatz\/#primaryimage"},"image":{"@id":"https:\/\/www.amper-aufsperrdienst.de\/en\/locksmith-augsburg-klinkertorplatz\/#primaryimage"},"thumbnailUrl":"https:\/\/www.amper-aufsperrdienst.de\/wp-content\/uploads\/2014\/12\/header-augsburg.jpg","datePublished":"2018-04-30T10:44:48+00:00","dateModified":"2026-01-27T07:41:08+00:00","description":"Locksmith Augsburg Klinkertorplatz with friendly locksmiths, fixed price guarantee, fast 24\/7 service & freephone number: damage-free door opening at a low fixed price using the best professional tools. Free emergency hotline, available 24\/7, even on Sundays and public holidays. A third-generation family business.","breadcrumb":{"@id":"https:\/\/www.amper-aufsperrdienst.de\/en\/locksmith-augsburg-klinkertorplatz\/#breadcrumb"},"inLanguage":"en-US","potentialAction":[{"@type":"ReadAction","target":["https:\/\/www.amper-aufsperrdienst.de\/en\/locksmith-augsburg-klinkertorplatz\/"]}]},{"@type":"ImageObject","inLanguage":"en-US","@id":"https:\/\/www.amper-aufsperrdienst.de\/en\/locksmith-augsburg-klinkertorplatz\/#primaryimage","url":"https:\/\/www.amper-aufsperrdienst.de\/wp-content\/uploads\/2014\/12\/header-augsburg.jpg","contentUrl":"https:\/\/www.amper-aufsperrdienst.de\/wp-content\/uploads\/2014\/12\/header-augsburg.jpg","width":960,"height":360},{"@type":"BreadcrumbList","@id":"https:\/\/www.amper-aufsperrdienst.de\/en\/locksmith-augsburg-klinkertorplatz\/#breadcrumb","itemListElement":[{"@type":"ListItem","position":1,"name":"Home","item":"https:\/\/www.amper-aufsperrdienst.de\/en\/"},{"@type":"ListItem","position":2,"name":"Locksmith Augsburg Klinkertorplatz"}]},{"@type":"WebSite","@id":"https:\/\/www.amper-aufsperrdienst.de\/en\/#website","url":"https:\/\/www.amper-aufsperrdienst.de\/en\/","name":"Locksmith for Munich, Dachau and F\u00fcrstenfeldbruck","description":"Amper Aufsperrdienst","potentialAction":[{"@type":"SearchAction","target":{"@type":"EntryPoint","urlTemplate":"https:\/\/www.amper-aufsperrdienst.de\/en\/?s={search_term_string}"},"query-input":{"@type":"PropertyValueSpecification","valueRequired":true,"valueName":"search_term_string"}}],"inLanguage":"en-US"}]}},"_links":{"self":[{"href":"https:\/\/www.amper-aufsperrdienst.de\/en\/wp-json\/wp\/v2\/pages\/12370","targetHints":{"allow":["GET"]}}],"collection":[{"href":"https:\/\/www.amper-aufsperrdienst.de\/en\/wp-json\/wp\/v2\/pages"}],"about":[{"href":"https:\/\/www.amper-aufsperrdienst.de\/en\/wp-json\/wp\/v2\/types\/page"}],"author":[{"embeddable":true,"href":"https:\/\/www.amper-aufsperrdienst.de\/en\/wp-json\/wp\/v2\/users\/2"}],"replies":[{"embeddable":true,"href":"https:\/\/www.amper-aufsperrdienst.de\/en\/wp-json\/wp\/v2\/comments?post=12370"}],"version-history":[{"count":2,"href":"https:\/\/www.amper-aufsperrdienst.de\/en\/wp-json\/wp\/v2\/pages\/12370\/revisions"}],"predecessor-version":[{"id":12434,"href":"https:\/\/www.amper-aufsperrdienst.de\/en\/wp-json\/wp\/v2\/pages\/12370\/revisions\/12434"}],"wp:featuredmedia":[{"embeddable":true,"href":"https:\/\/www.amper-aufsperrdienst.de\/en\/wp-json\/wp\/v2\/media\/10927"}],"wp:attachment":[{"href":"https:\/\/www.amper-aufsperrdienst.de\/en\/wp-json\/wp\/v2\/media?parent=12370"}],"curies":[{"name":"wp","href":"https:\/\/api.w.org\/{rel}","templated":true}]}}