{"id":12428,"date":"2017-08-30T14:24:13","date_gmt":"2017-08-30T12:24:13","guid":{"rendered":"https:\/\/www.amper-aufsperrdienst.de\/schlusseldienst-rohrmoos\/"},"modified":"2026-02-06T07:56:55","modified_gmt":"2026-02-06T05:56:55","slug":"locksmith-roehrmoos","status":"publish","type":"page","link":"https:\/\/www.amper-aufsperrdienst.de\/en\/locksmith-roehrmoos\/","title":{"rendered":"Locksmith R\u00f6hrmoos"},"content":{"rendered":"<p><img loading=\"lazy\" decoding=\"async\" class=\"alignleft\" style=\"margin-bottom: 5px !important;\" src=\"https:\/\/www.amper-aufsperrdienst.de\/wp-content\/uploads\/2021\/03\/schluesseldienst-roehrmoos-festpreis-ab-52-siegel.jpg\" alt=\"Amper Locksmith Opening Service roehrmoos with fixed price from 52,- EUR\" width=\"250\" height=\"250\" \/><\/p>\n<p>You were just about to turn your key and it broke off because the lock is defective? Did you pull your door shut and is the front door key stuck inside? Did you forget or lose your key? Or was it stolen along with your handbag? There are so many reasons why you might be standing in front of a door you can&#8217;t open anymore. But no matter the reason: Amper Lockout Service unlocks locked or shut doors without causing damage \u2013 and at a fair fixed price!<\/p>\n          <!-- tarif -->\n<h2><b><span style=\"vertical-align: inherit;\"><span style=\"vertical-align: inherit;\">Our binding fixed prices start from \u20ac52.<\/span><\/span><\/b><\/h2>\n<p>Amper Locksmith Service is a fair locksmith service with transparent fixed prices:<\/p>\n<div class=\"table-title\">\n\tPRICE LIST  UNLOCK\n<\/div>\n<!-- Table part-->\n<table class=\"table\">\n  <thead class=\"header\">\n\t  <tr>\n     \t <th scope=\"col\">Time<\/th>\n     \t <th scope=\"col\">8 - 18<\/th>\n     \t <th scope=\"col\">18 - 22<\/th>\n     \t <th scope=\"col\">22 - 8<\/th>\n\t<\/tr>\n  <\/thead>\n  <tbody>\n     \t  <tr class=\"weekdays\">\n     \t  \t  <td class=\"tag\" data-label=\"Time\">Mo - Fr<\/td>\n     \t  \t  <td class=\"hrs tag\" data-label=\"8 - 18\">52,- \u20ac<\/td>\n     \t  \t  <td class=\"tag space\" data-label=\"18 - 22\">82,- \u20ac<\/td>\n     \t  \t  <td data-label=\"22 - 8\">95,- \u20ac<\/td>\n     \t  <\/tr>\n     <tr class=\"weekends\">\n     \t  \t  <td class=\"tag\" data-label=\"Time\">Sa<\/td>\n     \t  \t  <td class=\"tag\" data-label=\"8 - 18\">95,- \u20ac<\/td>\n     \t  \t  <td class=\"tag\" data-label=\"18 - 22\">95,- \u20ac<\/td>\n     \t  \t  <td data-label=\"22 - 8\">125,- \u20ac<\/td>\n     \t  <\/tr>\n     <tr class=\"holidays\">\n     \t  \t  <td class=\"tag\" data-label=\"Time\">So & holiday<\/td>\n     \t  \t  <td class=\"tag\" data-label=\"8 - 18\">125,- \u20ac<\/td>\n     \t  \t  <td class=\"tag\" data-label=\"18 - 22\">125,-\u20ac<\/td>\n     \t  \t  <td data-label=\"22 - 8\">125,-\u20ac<\/td>\n     \t  <\/tr>\n     <\/tbody>\n<\/table>\n<!-- Table Description-->\n<div class=\"table-description\">\n\t<em>Please call to inquire about travel costs.<\/em>\n<\/div>\n<!-- Wordings below -->\n<div class=\"wordings\">\n<p>The prices listed in this table are binding for unlocking a door that has slammed shut or been pulled shut (without self-locking mechanisms). Please feel free to contact us if you would like a price quote for other locksmith services. We will gladly provide you with a transparent, fixed-price offer.<\/p>\n<\/div>\n\n<!-- END Wordings -->\n\n\n\n<div class=\"ansprech\">Our 24-hour emergency number for R\u00f6hrmoos<br \/>\n<h3 class=\"phone mobilesOnly\"><a href=\"tel:+498000131131\">0800 \/ 0 131 131<\/a><\/h3><h3 class=\"phone desktopOnly\"><a href=\"tel:+498000131131\">0800 \/ 0 131 131<\/a><\/h3> Free of charge and available at any time!<\/div>\n<h2>The municipality of R\u00f6hrmoos in the district of Dachau<\/h2>\n<p>The municipality of R\u00f6hrmoos is located about 25 kilometers northwest of Munich, the capital of Bavaria, and belongs to the Dachau district. Over 6,400 people live here on an area of exactly 31.75 square kilometers. The postal code of R\u00f6hrmoos is 85244.<\/p>\n<p>The municipality of R\u00f6hrmoos is divided into the following districts: Arzbach, Biberbach, Durchsamsried, Gro\u00dfinzemoos, Kleininzemoos, Mariabrunn, Purtlhof, Riedenzhofen, R\u00f6hrmoos Village, R\u00f6hrmoos Station, Rudelzhofen, Schillhofen, Sch\u00f6nbrunn, Sigmertshausen, and Zieglberg.<\/p>\n<p>The neighboring municipalities of R\u00f6hrmoos are Vierkirchen to the north, Haimhausen to the east, Hebertshausen and Dachau to the south, Schwabhausen to the southwest, and Markt Indersdorf to the northwest.<\/p>\n<h2>R\u00f6hrmoos Locksmith: Unlocking at a Fixed Price<\/h2>\n<p>Are you a resident of R\u00f6hrmoos or in one of its districts and urgently need to contact an experienced and professional locksmith? The Amper Locksmith Service is happy to help you. Simply get in touch with us anytime for free and request a binding flat-rate quote after describing your situation. After we provide our flat rate and the approximate travel time, you can decide whether or not to give us the order to open the door.<\/p>\n<h2>Reliable locksmith service with friendly locksmiths<\/h2>\n<p>We work transparently, fairly, and absolutely reliably. All our locksmiths are friendly, competent, and well-trained. We also do not play tricks with the price. Our fixed prices are true fixed prices and therefore unchangeable. It\u2019s no coincidence that we also talk about a fixed price guarantee. Other locksmith services may charge outrageously high additional fees after the work is done. We explicitly do not do that!<\/p>\n<h2>On duty around the clock<\/h2>\n<p>What we do, on the other hand, is be available for you around the clock. We are a genuine 24-hour emergency locksmith service that comes to you even on holidays to help you. Are you standing in front of a locked or closed door on Christmas Eve? No problem. Call the Amper Emergency Locksmith for free and explain your situation.<\/p>\n<h2>Door unlocking without damage<\/h2>\n<p>It is particularly important to us to ensure that a door unlocking is done without any damage. Cheap tools are out of the question for us! Our locksmiths use genuine professional tools specifically designed for locksmiths to be able to reopen doors without causing damage. This allows us to achieve a success rate of over 99% in door openings without leaving any consequential damage. Incidentally, we strongly advise against trying to force open locked doors yourself. The damage that can result is extremely costly. It is definitely better to have a professional emergency locksmith with expertise and experience handle the unlocking.<\/p>\n<p>Are you currently looking for a professional locksmith in R\u00f6hrmoos who works at a reasonable flat rate and can unlock entrance doors without damage? Feel free to contact us, we are here for you: around the clock, even on holidays or at night!<\/p>\n<div class=\"ansprech\">Our 24-hour emergency number for R\u00f6hrmoos<br \/>\n<h3 class=\"phone mobilesOnly\"><a href=\"tel:+498000131131\">0800 \/ 0 131 131<\/a><\/h3><h3 class=\"phone desktopOnly\"><a href=\"tel:+498000131131\">0800 \/ 0 131 131<\/a><\/h3> Free of charge and available anytime!<\/div>\n","protected":false},"excerpt":{"rendered":"<p>You were just about to turn your key and it broke off because the lock is defective? Did you pull your door shut and is the front door key stuck inside? Did you forget or lose your key? Or was it stolen along with your handbag? There are so many reasons why you might be [&hellip;]<\/p>\n","protected":false},"author":2,"featured_media":11630,"parent":0,"menu_order":0,"comment_status":"closed","ping_status":"closed","template":"","meta":{"footnotes":"","_links_to":"","_links_to_target":""},"class_list":["post-12428","page","type-page","status-publish","has-post-thumbnail","hentry"],"yoast_head":"<!-- This site is optimized with the Yoast SEO plugin v27.4 - https:\/\/yoast.com\/product\/yoast-seo-wordpress\/ -->\n<title>R\u00f6hrmoos Locksmith: fixed price from 52 EUR<\/title>\n<meta name=\"description\" content=\"Fast locksmith service R\u00f6hrmoos with affordable flat rates, free emergency call, and 24-hour availability: reliable door opening without damage!\" \/>\n<meta name=\"robots\" content=\"index, follow, max-snippet:-1, max-image-preview:large, max-video-preview:-1\" \/>\n<link rel=\"canonical\" href=\"https:\/\/www.amper-aufsperrdienst.de\/en\/locksmith-roehrmoos\/\" \/>\n<meta property=\"og:locale\" content=\"en_US\" \/>\n<meta property=\"og:type\" content=\"article\" \/>\n<meta property=\"og:title\" content=\"R\u00f6hrmoos Locksmith: fixed price from 52 EUR\" \/>\n<meta property=\"og:description\" content=\"Fast locksmith service R\u00f6hrmoos with affordable flat rates, free emergency call, and 24-hour availability: reliable door opening without damage!\" \/>\n<meta property=\"og:url\" content=\"https:\/\/www.amper-aufsperrdienst.de\/en\/locksmith-roehrmoos\/\" \/>\n<meta property=\"og:site_name\" content=\"Locksmith for Munich, Dachau and F\u00fcrstenfeldbruck\" \/>\n<meta property=\"article:modified_time\" content=\"2026-02-06T05:56:55+00:00\" \/>\n<meta property=\"og:image\" content=\"https:\/\/www.amper-aufsperrdienst.de\/wp-content\/uploads\/2014\/12\/header-dachau.jpg\" \/>\n\t<meta property=\"og:image:width\" content=\"960\" \/>\n\t<meta property=\"og:image:height\" content=\"360\" \/>\n\t<meta property=\"og:image:type\" content=\"image\/jpeg\" \/>\n<meta name=\"twitter:label1\" content=\"Est. reading time\" \/>\n\t<meta name=\"twitter:data1\" content=\"4 minutes\" \/>\n<script type=\"application\/ld+json\" class=\"yoast-schema-graph\">{\"@context\":\"https:\\\/\\\/schema.org\",\"@graph\":[{\"@type\":\"WebPage\",\"@id\":\"https:\\\/\\\/www.amper-aufsperrdienst.de\\\/en\\\/locksmith-roehrmoos\\\/\",\"url\":\"https:\\\/\\\/www.amper-aufsperrdienst.de\\\/en\\\/locksmith-roehrmoos\\\/\",\"name\":\"R\u00f6hrmoos Locksmith: fixed price from 52 EUR\",\"isPartOf\":{\"@id\":\"https:\\\/\\\/www.amper-aufsperrdienst.de\\\/en\\\/#website\"},\"primaryImageOfPage\":{\"@id\":\"https:\\\/\\\/www.amper-aufsperrdienst.de\\\/en\\\/locksmith-roehrmoos\\\/#primaryimage\"},\"image\":{\"@id\":\"https:\\\/\\\/www.amper-aufsperrdienst.de\\\/en\\\/locksmith-roehrmoos\\\/#primaryimage\"},\"thumbnailUrl\":\"https:\\\/\\\/www.amper-aufsperrdienst.de\\\/wp-content\\\/uploads\\\/2014\\\/12\\\/header-dachau.jpg\",\"datePublished\":\"2017-08-30T12:24:13+00:00\",\"dateModified\":\"2026-02-06T05:56:55+00:00\",\"description\":\"Fast locksmith service R\u00f6hrmoos with affordable flat rates, free emergency call, and 24-hour availability: reliable door opening without damage!\",\"breadcrumb\":{\"@id\":\"https:\\\/\\\/www.amper-aufsperrdienst.de\\\/en\\\/locksmith-roehrmoos\\\/#breadcrumb\"},\"inLanguage\":\"en-US\",\"potentialAction\":[{\"@type\":\"ReadAction\",\"target\":[\"https:\\\/\\\/www.amper-aufsperrdienst.de\\\/en\\\/locksmith-roehrmoos\\\/\"]}]},{\"@type\":\"ImageObject\",\"inLanguage\":\"en-US\",\"@id\":\"https:\\\/\\\/www.amper-aufsperrdienst.de\\\/en\\\/locksmith-roehrmoos\\\/#primaryimage\",\"url\":\"https:\\\/\\\/www.amper-aufsperrdienst.de\\\/wp-content\\\/uploads\\\/2014\\\/12\\\/header-dachau.jpg\",\"contentUrl\":\"https:\\\/\\\/www.amper-aufsperrdienst.de\\\/wp-content\\\/uploads\\\/2014\\\/12\\\/header-dachau.jpg\",\"width\":960,\"height\":360},{\"@type\":\"BreadcrumbList\",\"@id\":\"https:\\\/\\\/www.amper-aufsperrdienst.de\\\/en\\\/locksmith-roehrmoos\\\/#breadcrumb\",\"itemListElement\":[{\"@type\":\"ListItem\",\"position\":1,\"name\":\"Home\",\"item\":\"https:\\\/\\\/www.amper-aufsperrdienst.de\\\/en\\\/\"},{\"@type\":\"ListItem\",\"position\":2,\"name\":\"Locksmith R\u00f6hrmoos\"}]},{\"@type\":\"WebSite\",\"@id\":\"https:\\\/\\\/www.amper-aufsperrdienst.de\\\/en\\\/#website\",\"url\":\"https:\\\/\\\/www.amper-aufsperrdienst.de\\\/en\\\/\",\"name\":\"Locksmith for Munich, Dachau and F\u00fcrstenfeldbruck\",\"description\":\"Amper Aufsperrdienst\",\"potentialAction\":[{\"@type\":\"SearchAction\",\"target\":{\"@type\":\"EntryPoint\",\"urlTemplate\":\"https:\\\/\\\/www.amper-aufsperrdienst.de\\\/en\\\/?s={search_term_string}\"},\"query-input\":{\"@type\":\"PropertyValueSpecification\",\"valueRequired\":true,\"valueName\":\"search_term_string\"}}],\"inLanguage\":\"en-US\"}]}<\/script>\n<!-- \/ Yoast SEO plugin. -->","yoast_head_json":{"title":"R\u00f6hrmoos Locksmith: fixed price from 52 EUR","description":"Fast locksmith service R\u00f6hrmoos with affordable flat rates, free emergency call, and 24-hour availability: reliable door opening without damage!","robots":{"index":"index","follow":"follow","max-snippet":"max-snippet:-1","max-image-preview":"max-image-preview:large","max-video-preview":"max-video-preview:-1"},"canonical":"https:\/\/www.amper-aufsperrdienst.de\/en\/locksmith-roehrmoos\/","og_locale":"en_US","og_type":"article","og_title":"R\u00f6hrmoos Locksmith: fixed price from 52 EUR","og_description":"Fast locksmith service R\u00f6hrmoos with affordable flat rates, free emergency call, and 24-hour availability: reliable door opening without damage!","og_url":"https:\/\/www.amper-aufsperrdienst.de\/en\/locksmith-roehrmoos\/","og_site_name":"Locksmith for Munich, Dachau and F\u00fcrstenfeldbruck","article_modified_time":"2026-02-06T05:56:55+00:00","og_image":[{"width":960,"height":360,"url":"https:\/\/www.amper-aufsperrdienst.de\/wp-content\/uploads\/2014\/12\/header-dachau.jpg","type":"image\/jpeg"}],"twitter_misc":{"Est. reading time":"4 minutes"},"schema":{"@context":"https:\/\/schema.org","@graph":[{"@type":"WebPage","@id":"https:\/\/www.amper-aufsperrdienst.de\/en\/locksmith-roehrmoos\/","url":"https:\/\/www.amper-aufsperrdienst.de\/en\/locksmith-roehrmoos\/","name":"R\u00f6hrmoos Locksmith: fixed price from 52 EUR","isPartOf":{"@id":"https:\/\/www.amper-aufsperrdienst.de\/en\/#website"},"primaryImageOfPage":{"@id":"https:\/\/www.amper-aufsperrdienst.de\/en\/locksmith-roehrmoos\/#primaryimage"},"image":{"@id":"https:\/\/www.amper-aufsperrdienst.de\/en\/locksmith-roehrmoos\/#primaryimage"},"thumbnailUrl":"https:\/\/www.amper-aufsperrdienst.de\/wp-content\/uploads\/2014\/12\/header-dachau.jpg","datePublished":"2017-08-30T12:24:13+00:00","dateModified":"2026-02-06T05:56:55+00:00","description":"Fast locksmith service R\u00f6hrmoos with affordable flat rates, free emergency call, and 24-hour availability: reliable door opening without damage!","breadcrumb":{"@id":"https:\/\/www.amper-aufsperrdienst.de\/en\/locksmith-roehrmoos\/#breadcrumb"},"inLanguage":"en-US","potentialAction":[{"@type":"ReadAction","target":["https:\/\/www.amper-aufsperrdienst.de\/en\/locksmith-roehrmoos\/"]}]},{"@type":"ImageObject","inLanguage":"en-US","@id":"https:\/\/www.amper-aufsperrdienst.de\/en\/locksmith-roehrmoos\/#primaryimage","url":"https:\/\/www.amper-aufsperrdienst.de\/wp-content\/uploads\/2014\/12\/header-dachau.jpg","contentUrl":"https:\/\/www.amper-aufsperrdienst.de\/wp-content\/uploads\/2014\/12\/header-dachau.jpg","width":960,"height":360},{"@type":"BreadcrumbList","@id":"https:\/\/www.amper-aufsperrdienst.de\/en\/locksmith-roehrmoos\/#breadcrumb","itemListElement":[{"@type":"ListItem","position":1,"name":"Home","item":"https:\/\/www.amper-aufsperrdienst.de\/en\/"},{"@type":"ListItem","position":2,"name":"Locksmith R\u00f6hrmoos"}]},{"@type":"WebSite","@id":"https:\/\/www.amper-aufsperrdienst.de\/en\/#website","url":"https:\/\/www.amper-aufsperrdienst.de\/en\/","name":"Locksmith for Munich, Dachau and F\u00fcrstenfeldbruck","description":"Amper Aufsperrdienst","potentialAction":[{"@type":"SearchAction","target":{"@type":"EntryPoint","urlTemplate":"https:\/\/www.amper-aufsperrdienst.de\/en\/?s={search_term_string}"},"query-input":{"@type":"PropertyValueSpecification","valueRequired":true,"valueName":"search_term_string"}}],"inLanguage":"en-US"}]}},"_links":{"self":[{"href":"https:\/\/www.amper-aufsperrdienst.de\/en\/wp-json\/wp\/v2\/pages\/12428","targetHints":{"allow":["GET"]}}],"collection":[{"href":"https:\/\/www.amper-aufsperrdienst.de\/en\/wp-json\/wp\/v2\/pages"}],"about":[{"href":"https:\/\/www.amper-aufsperrdienst.de\/en\/wp-json\/wp\/v2\/types\/page"}],"author":[{"embeddable":true,"href":"https:\/\/www.amper-aufsperrdienst.de\/en\/wp-json\/wp\/v2\/users\/2"}],"replies":[{"embeddable":true,"href":"https:\/\/www.amper-aufsperrdienst.de\/en\/wp-json\/wp\/v2\/comments?post=12428"}],"version-history":[{"count":2,"href":"https:\/\/www.amper-aufsperrdienst.de\/en\/wp-json\/wp\/v2\/pages\/12428\/revisions"}],"predecessor-version":[{"id":14626,"href":"https:\/\/www.amper-aufsperrdienst.de\/en\/wp-json\/wp\/v2\/pages\/12428\/revisions\/14626"}],"wp:featuredmedia":[{"embeddable":true,"href":"https:\/\/www.amper-aufsperrdienst.de\/en\/wp-json\/wp\/v2\/media\/11630"}],"wp:attachment":[{"href":"https:\/\/www.amper-aufsperrdienst.de\/en\/wp-json\/wp\/v2\/media?parent=12428"}],"curies":[{"name":"wp","href":"https:\/\/api.w.org\/{rel}","templated":true}]}}