{"id":12490,"date":"2018-04-30T04:13:14","date_gmt":"2018-04-30T02:13:14","guid":{"rendered":"https:\/\/www.amper-aufsperrdienst.de\/schluesseldienst-augsburg-inninger-dorfplatz\/"},"modified":"2026-01-27T09:44:47","modified_gmt":"2026-01-27T07:44:47","slug":"locksmith-augsburg-inninger-dorfplatz","status":"publish","type":"page","link":"https:\/\/www.amper-aufsperrdienst.de\/en\/locksmith-augsburg-inninger-dorfplatz\/","title":{"rendered":"Locksmith Augsburg Inninger Dorfplatz"},"content":{"rendered":"<p><img loading=\"lazy\" decoding=\"async\" class=\"alignleft\" style=\"margin-bottom: 5px !important;\" src=\"https:\/\/www.amper-aufsperrdienst.de\/wp-content\/uploads\/2021\/03\/schluesseldienst-augsburg-inninger-dorfplatz-festpreis-ab-52-siegel.jpg\" alt=\"Locksmith Amper - locksmith service Augsburg-Inninger-Dorfplatz with a fixed price starting from 52,- EUR\" width=\"250\" height=\"250\" \/><\/p>\n<p>Do you live in Inningen right on the village square, but have you experienced a mishap in the form of being locked out? Did you just want to step outside for some fresh air when the door slammed shut and you realized you hadn&#8217;t taken your key with you? Or have you just returned from vacation, only to discover with horror that you left your keys in some hotel room?<\/p>\n<p>Shit happens! In such a case, simply call our free 24-hour emergency hotline and describe your situation. We will then tell you what we will do for you and how much the &#8220;fun&#8221; will cost. After you authorize us, we will immediately come to your location to help you with a damage-free unlocking service at a reasonable fixed price. We usually need no more than about half an hour to get to your home.<\/p>\n          <!-- tarif -->\n<h2><b><span style=\"vertical-align: inherit;\"><span style=\"vertical-align: inherit;\">Our binding fixed prices start from \u20ac52.<\/span><\/span><\/b><\/h2>\n<p>Amper Locksmith Service is a fair locksmith service with transparent fixed prices:<\/p>\n<div class=\"table-title\">\n\tPRICE LIST  UNLOCK\n<\/div>\n<!-- Table part-->\n<table class=\"table\">\n  <thead class=\"header\">\n\t  <tr>\n     \t <th scope=\"col\">Time<\/th>\n     \t <th scope=\"col\">8 - 18<\/th>\n     \t <th scope=\"col\">18 - 22<\/th>\n     \t <th scope=\"col\">22 - 8<\/th>\n\t<\/tr>\n  <\/thead>\n  <tbody>\n     \t  <tr class=\"weekdays\">\n     \t  \t  <td class=\"tag\" data-label=\"Time\">Mo - Fr<\/td>\n     \t  \t  <td class=\"hrs tag\" data-label=\"8 - 18\">52,- \u20ac<\/td>\n     \t  \t  <td class=\"tag space\" data-label=\"18 - 22\">82,- \u20ac<\/td>\n     \t  \t  <td data-label=\"22 - 8\">95,- \u20ac<\/td>\n     \t  <\/tr>\n     <tr class=\"weekends\">\n     \t  \t  <td class=\"tag\" data-label=\"Time\">Sa<\/td>\n     \t  \t  <td class=\"tag\" data-label=\"8 - 18\">95,- \u20ac<\/td>\n     \t  \t  <td class=\"tag\" data-label=\"18 - 22\">95,- \u20ac<\/td>\n     \t  \t  <td data-label=\"22 - 8\">125,- \u20ac<\/td>\n     \t  <\/tr>\n     <tr class=\"holidays\">\n     \t  \t  <td class=\"tag\" data-label=\"Time\">So & holiday<\/td>\n     \t  \t  <td class=\"tag\" data-label=\"8 - 18\">125,- \u20ac<\/td>\n     \t  \t  <td class=\"tag\" data-label=\"18 - 22\">125,-\u20ac<\/td>\n     \t  \t  <td data-label=\"22 - 8\">125,-\u20ac<\/td>\n     \t  <\/tr>\n     <\/tbody>\n<\/table>\n<!-- Table Description-->\n<div class=\"table-description\">\n\t<em>Please call to inquire about travel costs.<\/em>\n<\/div>\n<!-- Wordings below -->\n<div class=\"wordings\">\n<p>The prices listed in this table are binding for unlocking a door that has slammed shut or been pulled shut (without self-locking mechanisms). Please feel free to contact us if you would like a price quote for other locksmith services. We will gladly provide you with a transparent, fixed-price offer.<\/p>\n<\/div>\n\n<!-- END Wordings -->\n\n\n\n<div class=\"ansprech\">Locksmith Augsburg Inninger Dorfplatz for non-destructive door unlocking at a low fixed price<br \/>\n<h3 class=\"phone mobilesOnly\"><a href=\"tel:+498000131131\">0800 \/ 0 131 131<\/a><\/h3><h3 class=\"phone desktopOnly\"><a href=\"tel:+498000131131\">0800 \/ 0 131 131<\/a><\/h3>Friendly staff, use of special tools &#038; 24\/7 service<\/div>\n<h2>The Inninger Dorfplatz in Inningen<\/h2>\n<p>The Inninger Dorfplatz in the Augsburg district of Inningen is a large square covering an area of \u200b\u200bapproximately 1,000 square meters. It is planted with numerous plants and vegetation from the Botanical Garden and is a popular meeting place in Inningen.<\/p>\n<p>The most important streets near Inning&#8217;s village square are Bergheimer Stra\u00dfe, Bobinger Stra\u00dfe, Johann-Marxreiter-Weg, Kohlstattstra\u00dfe, and Tiberiusstra\u00dfe.<\/p>\n<p>Inning&#8217;s village square features numerous benches and rest areas. There is also a pavilion area and a fountain. Inning&#8217;s clubs and associations frequently use the village square as an event venue. Balls and festivals are often held here \u2013 much to the delight of the Inning residents.<\/p>\n<h2>Locksmith Augsburg Inning Village Square: professional door opening at a low fixed price<\/h2>\n<p>Are you currently looking for a professional, fair, and honest locksmith in Augsburg Inninger Dorfplatz because you&#8217;ve accidentally locked yourself out? We&#8217;d be happy to help you quickly and competently. For three generations, we&#8217;ve been unlocking all types of apartment and house doors at a reasonable fixed price. We prioritize transparency and a precise approach to virtually guarantee damage-free door opening. Our experts will gladly tell you the price over the phone, which we will also charge after the lockout is complete. No unpleasant surprises!<\/p>\n<h2>Against price gouging and exorbitant costs<\/h2>\n<p>As a fair company with a long tradition, we clearly distance ourselves from all the exorbitant prices and rip-off artists in our industry that unfortunately exist. It&#8217;s not uncommon to read negative things about locksmiths. Rest assured that we definitely do not belong to those &#8220;companies&#8221; that lure customers with incredibly cheap offers but then charge exorbitant prices. Our customers&#8217; well-being is very important to us. That&#8217;s why we are happy to give you a price guarantee right over the phone.<\/p>\n<p>Do you need a locksmith service that is available 24\/7, 365 days a year, and specializes in damage-free door openings using specialized tools? Then you&#8217;ve come to the right place! Feel free to call us anytime, free of charge!<\/p>\n<div class=\"ansprech\">Locksmith Augsburg Inninger Dorfplatz for non-destructive door unlocking at a low fixed price<br \/>\n<h3 class=\"phone mobilesOnly\"><a href=\"tel:+498000131131\">0800 \/ 0 131 131<\/a><\/h3><h3 class=\"phone desktopOnly\"><a href=\"tel:+498000131131\">0800 \/ 0 131 131<\/a><\/h3>Friendly staff, use of special tools &#038; 24\/7 service<\/div>\n","protected":false},"excerpt":{"rendered":"<p>Do you live in Inningen right on the village square, but have you experienced a mishap in the form of being locked out? Did you just want to step outside for some fresh air when the door slammed shut and you realized you hadn&#8217;t taken your key with you? Or have you just returned from [&hellip;]<\/p>\n","protected":false},"author":2,"featured_media":10927,"parent":0,"menu_order":0,"comment_status":"closed","ping_status":"closed","template":"","meta":{"footnotes":"","_links_to":"","_links_to_target":""},"class_list":["post-12490","page","type-page","status-publish","has-post-thumbnail","hentry"],"yoast_head":"<!-- This site is optimized with the Yoast SEO plugin v27.4 - https:\/\/yoast.com\/product\/yoast-seo-wordpress\/ -->\n<title>Locksmith Augsburg Inninger Dorfplatz: from \u20ac52,- fixed price<\/title>\n<meta name=\"description\" content=\"Traditional locksmith service in Augsburg&#039;s Inninger Dorfplatz with extensive experience and expertise: Locksmith with a fixed-price guarantee, run by the third generation. Available free of charge at any time, even on Sundays and public holidays. Friendly locksmiths with the best specialized tools. Damage-free door opening in approximately 30 minutes.\" \/>\n<meta name=\"robots\" content=\"index, follow, max-snippet:-1, max-image-preview:large, max-video-preview:-1\" \/>\n<link rel=\"canonical\" href=\"https:\/\/www.amper-aufsperrdienst.de\/en\/locksmith-augsburg-inninger-dorfplatz\/\" \/>\n<meta property=\"og:locale\" content=\"en_US\" \/>\n<meta property=\"og:type\" content=\"article\" \/>\n<meta property=\"og:title\" content=\"Locksmith Augsburg Inninger Dorfplatz: from \u20ac52,- fixed price\" \/>\n<meta property=\"og:description\" content=\"Traditional locksmith service in Augsburg&#039;s Inninger Dorfplatz with extensive experience and expertise: Locksmith with a fixed-price guarantee, run by the third generation. Available free of charge at any time, even on Sundays and public holidays. Friendly locksmiths with the best specialized tools. Damage-free door opening in approximately 30 minutes.\" \/>\n<meta property=\"og:url\" content=\"https:\/\/www.amper-aufsperrdienst.de\/en\/locksmith-augsburg-inninger-dorfplatz\/\" \/>\n<meta property=\"og:site_name\" content=\"Locksmith for Munich, Dachau and F\u00fcrstenfeldbruck\" \/>\n<meta property=\"article:modified_time\" content=\"2026-01-27T07:44:47+00:00\" \/>\n<meta property=\"og:image\" content=\"https:\/\/www.amper-aufsperrdienst.de\/wp-content\/uploads\/2014\/12\/header-augsburg.jpg\" \/>\n\t<meta property=\"og:image:width\" content=\"960\" \/>\n\t<meta property=\"og:image:height\" content=\"360\" \/>\n\t<meta property=\"og:image:type\" content=\"image\/jpeg\" \/>\n<meta name=\"twitter:label1\" content=\"Est. reading time\" \/>\n\t<meta name=\"twitter:data1\" content=\"4 minutes\" \/>\n<script type=\"application\/ld+json\" class=\"yoast-schema-graph\">{\"@context\":\"https:\\\/\\\/schema.org\",\"@graph\":[{\"@type\":\"WebPage\",\"@id\":\"https:\\\/\\\/www.amper-aufsperrdienst.de\\\/en\\\/locksmith-augsburg-inninger-dorfplatz\\\/\",\"url\":\"https:\\\/\\\/www.amper-aufsperrdienst.de\\\/en\\\/locksmith-augsburg-inninger-dorfplatz\\\/\",\"name\":\"Locksmith Augsburg Inninger Dorfplatz: from \u20ac52,- fixed price\",\"isPartOf\":{\"@id\":\"https:\\\/\\\/www.amper-aufsperrdienst.de\\\/en\\\/#website\"},\"primaryImageOfPage\":{\"@id\":\"https:\\\/\\\/www.amper-aufsperrdienst.de\\\/en\\\/locksmith-augsburg-inninger-dorfplatz\\\/#primaryimage\"},\"image\":{\"@id\":\"https:\\\/\\\/www.amper-aufsperrdienst.de\\\/en\\\/locksmith-augsburg-inninger-dorfplatz\\\/#primaryimage\"},\"thumbnailUrl\":\"https:\\\/\\\/www.amper-aufsperrdienst.de\\\/wp-content\\\/uploads\\\/2014\\\/12\\\/header-augsburg.jpg\",\"datePublished\":\"2018-04-30T02:13:14+00:00\",\"dateModified\":\"2026-01-27T07:44:47+00:00\",\"description\":\"Traditional locksmith service in Augsburg's Inninger Dorfplatz with extensive experience and expertise: Locksmith with a fixed-price guarantee, run by the third generation. Available free of charge at any time, even on Sundays and public holidays. Friendly locksmiths with the best specialized tools. Damage-free door opening in approximately 30 minutes.\",\"breadcrumb\":{\"@id\":\"https:\\\/\\\/www.amper-aufsperrdienst.de\\\/en\\\/locksmith-augsburg-inninger-dorfplatz\\\/#breadcrumb\"},\"inLanguage\":\"en-US\",\"potentialAction\":[{\"@type\":\"ReadAction\",\"target\":[\"https:\\\/\\\/www.amper-aufsperrdienst.de\\\/en\\\/locksmith-augsburg-inninger-dorfplatz\\\/\"]}]},{\"@type\":\"ImageObject\",\"inLanguage\":\"en-US\",\"@id\":\"https:\\\/\\\/www.amper-aufsperrdienst.de\\\/en\\\/locksmith-augsburg-inninger-dorfplatz\\\/#primaryimage\",\"url\":\"https:\\\/\\\/www.amper-aufsperrdienst.de\\\/wp-content\\\/uploads\\\/2014\\\/12\\\/header-augsburg.jpg\",\"contentUrl\":\"https:\\\/\\\/www.amper-aufsperrdienst.de\\\/wp-content\\\/uploads\\\/2014\\\/12\\\/header-augsburg.jpg\",\"width\":960,\"height\":360},{\"@type\":\"BreadcrumbList\",\"@id\":\"https:\\\/\\\/www.amper-aufsperrdienst.de\\\/en\\\/locksmith-augsburg-inninger-dorfplatz\\\/#breadcrumb\",\"itemListElement\":[{\"@type\":\"ListItem\",\"position\":1,\"name\":\"Home\",\"item\":\"https:\\\/\\\/www.amper-aufsperrdienst.de\\\/en\\\/\"},{\"@type\":\"ListItem\",\"position\":2,\"name\":\"Locksmith Augsburg Inninger Dorfplatz\"}]},{\"@type\":\"WebSite\",\"@id\":\"https:\\\/\\\/www.amper-aufsperrdienst.de\\\/en\\\/#website\",\"url\":\"https:\\\/\\\/www.amper-aufsperrdienst.de\\\/en\\\/\",\"name\":\"Locksmith for Munich, Dachau and F\u00fcrstenfeldbruck\",\"description\":\"Amper Aufsperrdienst\",\"potentialAction\":[{\"@type\":\"SearchAction\",\"target\":{\"@type\":\"EntryPoint\",\"urlTemplate\":\"https:\\\/\\\/www.amper-aufsperrdienst.de\\\/en\\\/?s={search_term_string}\"},\"query-input\":{\"@type\":\"PropertyValueSpecification\",\"valueRequired\":true,\"valueName\":\"search_term_string\"}}],\"inLanguage\":\"en-US\"}]}<\/script>\n<!-- \/ Yoast SEO plugin. -->","yoast_head_json":{"title":"Locksmith Augsburg Inninger Dorfplatz: from \u20ac52,- fixed price","description":"Traditional locksmith service in Augsburg's Inninger Dorfplatz with extensive experience and expertise: Locksmith with a fixed-price guarantee, run by the third generation. Available free of charge at any time, even on Sundays and public holidays. Friendly locksmiths with the best specialized tools. Damage-free door opening in approximately 30 minutes.","robots":{"index":"index","follow":"follow","max-snippet":"max-snippet:-1","max-image-preview":"max-image-preview:large","max-video-preview":"max-video-preview:-1"},"canonical":"https:\/\/www.amper-aufsperrdienst.de\/en\/locksmith-augsburg-inninger-dorfplatz\/","og_locale":"en_US","og_type":"article","og_title":"Locksmith Augsburg Inninger Dorfplatz: from \u20ac52,- fixed price","og_description":"Traditional locksmith service in Augsburg's Inninger Dorfplatz with extensive experience and expertise: Locksmith with a fixed-price guarantee, run by the third generation. Available free of charge at any time, even on Sundays and public holidays. Friendly locksmiths with the best specialized tools. Damage-free door opening in approximately 30 minutes.","og_url":"https:\/\/www.amper-aufsperrdienst.de\/en\/locksmith-augsburg-inninger-dorfplatz\/","og_site_name":"Locksmith for Munich, Dachau and F\u00fcrstenfeldbruck","article_modified_time":"2026-01-27T07:44:47+00:00","og_image":[{"width":960,"height":360,"url":"https:\/\/www.amper-aufsperrdienst.de\/wp-content\/uploads\/2014\/12\/header-augsburg.jpg","type":"image\/jpeg"}],"twitter_misc":{"Est. reading time":"4 minutes"},"schema":{"@context":"https:\/\/schema.org","@graph":[{"@type":"WebPage","@id":"https:\/\/www.amper-aufsperrdienst.de\/en\/locksmith-augsburg-inninger-dorfplatz\/","url":"https:\/\/www.amper-aufsperrdienst.de\/en\/locksmith-augsburg-inninger-dorfplatz\/","name":"Locksmith Augsburg Inninger Dorfplatz: from \u20ac52,- fixed price","isPartOf":{"@id":"https:\/\/www.amper-aufsperrdienst.de\/en\/#website"},"primaryImageOfPage":{"@id":"https:\/\/www.amper-aufsperrdienst.de\/en\/locksmith-augsburg-inninger-dorfplatz\/#primaryimage"},"image":{"@id":"https:\/\/www.amper-aufsperrdienst.de\/en\/locksmith-augsburg-inninger-dorfplatz\/#primaryimage"},"thumbnailUrl":"https:\/\/www.amper-aufsperrdienst.de\/wp-content\/uploads\/2014\/12\/header-augsburg.jpg","datePublished":"2018-04-30T02:13:14+00:00","dateModified":"2026-01-27T07:44:47+00:00","description":"Traditional locksmith service in Augsburg's Inninger Dorfplatz with extensive experience and expertise: Locksmith with a fixed-price guarantee, run by the third generation. Available free of charge at any time, even on Sundays and public holidays. Friendly locksmiths with the best specialized tools. Damage-free door opening in approximately 30 minutes.","breadcrumb":{"@id":"https:\/\/www.amper-aufsperrdienst.de\/en\/locksmith-augsburg-inninger-dorfplatz\/#breadcrumb"},"inLanguage":"en-US","potentialAction":[{"@type":"ReadAction","target":["https:\/\/www.amper-aufsperrdienst.de\/en\/locksmith-augsburg-inninger-dorfplatz\/"]}]},{"@type":"ImageObject","inLanguage":"en-US","@id":"https:\/\/www.amper-aufsperrdienst.de\/en\/locksmith-augsburg-inninger-dorfplatz\/#primaryimage","url":"https:\/\/www.amper-aufsperrdienst.de\/wp-content\/uploads\/2014\/12\/header-augsburg.jpg","contentUrl":"https:\/\/www.amper-aufsperrdienst.de\/wp-content\/uploads\/2014\/12\/header-augsburg.jpg","width":960,"height":360},{"@type":"BreadcrumbList","@id":"https:\/\/www.amper-aufsperrdienst.de\/en\/locksmith-augsburg-inninger-dorfplatz\/#breadcrumb","itemListElement":[{"@type":"ListItem","position":1,"name":"Home","item":"https:\/\/www.amper-aufsperrdienst.de\/en\/"},{"@type":"ListItem","position":2,"name":"Locksmith Augsburg Inninger Dorfplatz"}]},{"@type":"WebSite","@id":"https:\/\/www.amper-aufsperrdienst.de\/en\/#website","url":"https:\/\/www.amper-aufsperrdienst.de\/en\/","name":"Locksmith for Munich, Dachau and F\u00fcrstenfeldbruck","description":"Amper Aufsperrdienst","potentialAction":[{"@type":"SearchAction","target":{"@type":"EntryPoint","urlTemplate":"https:\/\/www.amper-aufsperrdienst.de\/en\/?s={search_term_string}"},"query-input":{"@type":"PropertyValueSpecification","valueRequired":true,"valueName":"search_term_string"}}],"inLanguage":"en-US"}]}},"_links":{"self":[{"href":"https:\/\/www.amper-aufsperrdienst.de\/en\/wp-json\/wp\/v2\/pages\/12490","targetHints":{"allow":["GET"]}}],"collection":[{"href":"https:\/\/www.amper-aufsperrdienst.de\/en\/wp-json\/wp\/v2\/pages"}],"about":[{"href":"https:\/\/www.amper-aufsperrdienst.de\/en\/wp-json\/wp\/v2\/types\/page"}],"author":[{"embeddable":true,"href":"https:\/\/www.amper-aufsperrdienst.de\/en\/wp-json\/wp\/v2\/users\/2"}],"replies":[{"embeddable":true,"href":"https:\/\/www.amper-aufsperrdienst.de\/en\/wp-json\/wp\/v2\/comments?post=12490"}],"version-history":[{"count":2,"href":"https:\/\/www.amper-aufsperrdienst.de\/en\/wp-json\/wp\/v2\/pages\/12490\/revisions"}],"predecessor-version":[{"id":12540,"href":"https:\/\/www.amper-aufsperrdienst.de\/en\/wp-json\/wp\/v2\/pages\/12490\/revisions\/12540"}],"wp:featuredmedia":[{"embeddable":true,"href":"https:\/\/www.amper-aufsperrdienst.de\/en\/wp-json\/wp\/v2\/media\/10927"}],"wp:attachment":[{"href":"https:\/\/www.amper-aufsperrdienst.de\/en\/wp-json\/wp\/v2\/media?parent=12490"}],"curies":[{"name":"wp","href":"https:\/\/api.w.org\/{rel}","templated":true}]}}