{"id":12533,"date":"2018-01-22T18:05:05","date_gmt":"2018-01-22T16:05:05","guid":{"rendered":"https:\/\/www.amper-aufsperrdienst.de\/schluesseldienst-vatterstetten\/"},"modified":"2026-01-28T07:43:52","modified_gmt":"2026-01-28T05:43:52","slug":"locksmith-vatterstetten","status":"publish","type":"page","link":"https:\/\/www.amper-aufsperrdienst.de\/en\/locksmith-vatterstetten\/","title":{"rendered":"Locksmith Vatterstetten"},"content":{"rendered":"<p><img loading=\"lazy\" decoding=\"async\" class=\"alignleft\" style=\"margin-bottom: 5px !important;\" src=\"https:\/\/www.amper-aufsperrdienst.de\/wp-content\/uploads\/2021\/03\/schluesseldienst-vatterstetten-festpreis-ab-52-siegel.jpg\" alt=\"Amper Locksmith Opening Service vatterstetten with fixed price from 52,- EUR\" width=\"250\" height=\"250\" \/><\/p>\n<p>You were only a little careless for a few moments, but that was enough, and now you&#8217;re in a mess! You are standing all alone in front of your own front door in Vaterstetten and simply can&#8217;t get into your familiar home. The spare key should have long been left with the neighbor, but unfortunately that was neglected.<\/p>\n<p>At this point, usually only a professional locksmith can help, unless you want to use force on the door yourself, for example by drilling into the lock. Don\u2019t worry, the Amper Unlocking Service is happy to assist you in situations like this and will set off for Vaterstetten immediately after your free call!<\/p>\n          <!-- tarif -->\n<h2><b><span style=\"vertical-align: inherit;\"><span style=\"vertical-align: inherit;\">Our binding fixed prices start from \u20ac52.<\/span><\/span><\/b><\/h2>\n<p>Amper Locksmith Service is a fair locksmith service with transparent fixed prices:<\/p>\n<div class=\"table-title\">\n\tPRICE LIST  UNLOCK\n<\/div>\n<!-- Table part-->\n<table class=\"table\">\n  <thead class=\"header\">\n\t  <tr>\n     \t <th scope=\"col\">Time<\/th>\n     \t <th scope=\"col\">8 - 18<\/th>\n     \t <th scope=\"col\">18 - 22<\/th>\n     \t <th scope=\"col\">22 - 8<\/th>\n\t<\/tr>\n  <\/thead>\n  <tbody>\n     \t  <tr class=\"weekdays\">\n     \t  \t  <td class=\"tag\" data-label=\"Time\">Mo - Fr<\/td>\n     \t  \t  <td class=\"hrs tag\" data-label=\"8 - 18\">52,- \u20ac<\/td>\n     \t  \t  <td class=\"tag space\" data-label=\"18 - 22\">82,- \u20ac<\/td>\n     \t  \t  <td data-label=\"22 - 8\">95,- \u20ac<\/td>\n     \t  <\/tr>\n     <tr class=\"weekends\">\n     \t  \t  <td class=\"tag\" data-label=\"Time\">Sa<\/td>\n     \t  \t  <td class=\"tag\" data-label=\"8 - 18\">95,- \u20ac<\/td>\n     \t  \t  <td class=\"tag\" data-label=\"18 - 22\">95,- \u20ac<\/td>\n     \t  \t  <td data-label=\"22 - 8\">125,- \u20ac<\/td>\n     \t  <\/tr>\n     <tr class=\"holidays\">\n     \t  \t  <td class=\"tag\" data-label=\"Time\">So & holiday<\/td>\n     \t  \t  <td class=\"tag\" data-label=\"8 - 18\">125,- \u20ac<\/td>\n     \t  \t  <td class=\"tag\" data-label=\"18 - 22\">125,-\u20ac<\/td>\n     \t  \t  <td data-label=\"22 - 8\">125,-\u20ac<\/td>\n     \t  <\/tr>\n     <\/tbody>\n<\/table>\n<!-- Table Description-->\n<div class=\"table-description\">\n\t<em>Please call to inquire about travel costs.<\/em>\n<\/div>\n<!-- Wordings below -->\n<div class=\"wordings\">\n<p>The prices listed in this table are binding for unlocking a door that has slammed shut or been pulled shut (without self-locking mechanisms). Please feel free to contact us if you would like a price quote for other locksmith services. We will gladly provide you with a transparent, fixed-price offer.<\/p>\n<\/div>\n\n<!-- END Wordings -->\n\n\n\n<div class=\"ansprech\">Locksmith Vaterstetten with free 24-hour emergency number<br \/><h3 class=\"phone mobilesOnly\"><a href=\"tel:+498000131131\">0800 \/ 0 131 131<\/a><\/h3><h3 class=\"phone desktopOnly\"><a href=\"tel:+498000131131\">0800 \/ 0 131 131<\/a><\/h3>Fair fixed prices for non-destructive door opening<\/div>\n<h2>Fast door unlocking by a professional at a fixed price<\/h2>\n<p>For decades, we have been helping those in need through our long-standing expertise, focusing on price transparency and customer service. We deliberately want to provide a counterbalance to companies that are not really companies at all and that simply want to lead people astray.<\/p>\n<p>Sometimes incredible prices are charged, which were not transparent beforehand. It&#8217;s different with us because you can easily find out over the phone what costs you will face. You just need to describe the situation you are in, and then we can get started.<\/p>\n<h2>The municipality of Vaterstetten in the Upper Bavarian district of Ebersberg<\/h2>\n<p>After Unterhaching, Vaterstetten is the municipality with the largest population in the Free State of Bavaria and currently has just under 23,000 inhabitants, but it is still neither a market town nor a city. It is located quite centrally between Munich and Ebersberg, at the transition from the Munich gravel plain to the Ebersberg Forest.<\/p>\n<p>The districts include Neufarn, Hergolding, Baldham, Purfing, Parsdorf, Wei\u00dfenfelden, and of course Vaterstetten. The municipal code is 09 1 75 132, the five postal codes are 85591, 85598, 85599, 85622, 85646, and the telephone area codes are 08106 and 089. Among the main streets are, among others, M\u00fcnchener Stra\u00dfe, Bahnhofstra\u00dfe, Anzinger Stra\u00dfe, Neufarner Stra\u00dfe, Parsdorfer Stra\u00dfe, Vaterstettener Stra\u00dfe, Dorfstra\u00dfe, and Ammerthaler Weg.<\/p>\n<h2>On the go with professional equipment<\/h2>\n<p>But even if you live outside these towns, we will come to you and, of course, always carry our special tools with us. Only then can we guarantee with over 99% certainty that we can open the door without causing any damage, at least if it is simply closed.<\/p>\n<p>By the way, the team led by company owner Mario Pichelmaier can not only help you with door lockouts but is also very knowledgeable in security technology. Would you like to have an analysis to see if the locks on your windows and doors still meet the latest safety standards? No problem \u2013 we would be happy to take a closer look and provide you with reliable advice.<\/p>\n<div class=\"ansprech\">Locksmith Vaterstetten with free 24-hour emergency number<br \/><h3 class=\"phone mobilesOnly\"><a href=\"tel:+498000131131\">0800 \/ 0 131 131<\/a><\/h3><h3 class=\"phone desktopOnly\"><a href=\"tel:+498000131131\">0800 \/ 0 131 131<\/a><\/h3>Fair fixed prices for non-destructive door opening<\/div>\n\n\n<p><\/p>\n","protected":false},"excerpt":{"rendered":"<p>You were only a little careless for a few moments, but that was enough, and now you&#8217;re in a mess! You are standing all alone in front of your own front door in Vaterstetten and simply can&#8217;t get into your familiar home. The spare key should have long been left with the neighbor, but unfortunately [&hellip;]<\/p>\n","protected":false},"author":2,"featured_media":0,"parent":0,"menu_order":0,"comment_status":"closed","ping_status":"closed","template":"","meta":{"footnotes":"","_links_to":"","_links_to_target":""},"class_list":["post-12533","page","type-page","status-publish","hentry"],"yoast_head":"<!-- This site is optimized with the Yoast SEO plugin v27.4 - https:\/\/yoast.com\/product\/yoast-seo-wordpress\/ -->\n<title>Locksmith Vatterstetten: fixed price from 52 EUR<\/title>\n<meta name=\"description\" content=\"The locksmith service Vatterstetten helps you if you\u2019ve locked yourself out! Our experienced technicians will be at your location in about 30 minutes and unlock your door without any damage at a guaranteed fixed price!\" \/>\n<meta name=\"robots\" content=\"index, follow, max-snippet:-1, max-image-preview:large, max-video-preview:-1\" \/>\n<link rel=\"canonical\" href=\"https:\/\/www.amper-aufsperrdienst.de\/en\/locksmith-vatterstetten\/\" \/>\n<meta property=\"og:locale\" content=\"en_US\" \/>\n<meta property=\"og:type\" content=\"article\" \/>\n<meta property=\"og:title\" content=\"Locksmith Vatterstetten: fixed price from 52 EUR\" \/>\n<meta property=\"og:description\" content=\"The locksmith service Vatterstetten helps you if you\u2019ve locked yourself out! Our experienced technicians will be at your location in about 30 minutes and unlock your door without any damage at a guaranteed fixed price!\" \/>\n<meta property=\"og:url\" content=\"https:\/\/www.amper-aufsperrdienst.de\/en\/locksmith-vatterstetten\/\" \/>\n<meta property=\"og:site_name\" content=\"Locksmith for Munich, Dachau and F\u00fcrstenfeldbruck\" \/>\n<meta property=\"article:modified_time\" content=\"2026-01-28T05:43:52+00:00\" \/>\n<meta property=\"og:image\" content=\"https:\/\/www.amper-aufsperrdienst.de\/wp-content\/uploads\/2021\/03\/schluesseldienst-vatterstetten-festpreis-ab-52-siegel.jpg\" \/>\n<meta name=\"twitter:label1\" content=\"Est. reading time\" \/>\n\t<meta name=\"twitter:data1\" content=\"3 minutes\" \/>\n<script type=\"application\/ld+json\" class=\"yoast-schema-graph\">{\"@context\":\"https:\\\/\\\/schema.org\",\"@graph\":[{\"@type\":\"WebPage\",\"@id\":\"https:\\\/\\\/www.amper-aufsperrdienst.de\\\/en\\\/locksmith-vatterstetten\\\/\",\"url\":\"https:\\\/\\\/www.amper-aufsperrdienst.de\\\/en\\\/locksmith-vatterstetten\\\/\",\"name\":\"Locksmith Vatterstetten: fixed price from 52 EUR\",\"isPartOf\":{\"@id\":\"https:\\\/\\\/www.amper-aufsperrdienst.de\\\/en\\\/#website\"},\"primaryImageOfPage\":{\"@id\":\"https:\\\/\\\/www.amper-aufsperrdienst.de\\\/en\\\/locksmith-vatterstetten\\\/#primaryimage\"},\"image\":{\"@id\":\"https:\\\/\\\/www.amper-aufsperrdienst.de\\\/en\\\/locksmith-vatterstetten\\\/#primaryimage\"},\"thumbnailUrl\":\"https:\\\/\\\/www.amper-aufsperrdienst.de\\\/wp-content\\\/uploads\\\/2021\\\/03\\\/schluesseldienst-vatterstetten-festpreis-ab-52-siegel.jpg\",\"datePublished\":\"2018-01-22T16:05:05+00:00\",\"dateModified\":\"2026-01-28T05:43:52+00:00\",\"description\":\"The locksmith service Vatterstetten helps you if you\u2019ve locked yourself out! Our experienced technicians will be at your location in about 30 minutes and unlock your door without any damage at a guaranteed fixed price!\",\"breadcrumb\":{\"@id\":\"https:\\\/\\\/www.amper-aufsperrdienst.de\\\/en\\\/locksmith-vatterstetten\\\/#breadcrumb\"},\"inLanguage\":\"en-US\",\"potentialAction\":[{\"@type\":\"ReadAction\",\"target\":[\"https:\\\/\\\/www.amper-aufsperrdienst.de\\\/en\\\/locksmith-vatterstetten\\\/\"]}]},{\"@type\":\"ImageObject\",\"inLanguage\":\"en-US\",\"@id\":\"https:\\\/\\\/www.amper-aufsperrdienst.de\\\/en\\\/locksmith-vatterstetten\\\/#primaryimage\",\"url\":\"https:\\\/\\\/www.amper-aufsperrdienst.de\\\/wp-content\\\/uploads\\\/2021\\\/03\\\/schluesseldienst-vatterstetten-festpreis-ab-52-siegel.jpg\",\"contentUrl\":\"https:\\\/\\\/www.amper-aufsperrdienst.de\\\/wp-content\\\/uploads\\\/2021\\\/03\\\/schluesseldienst-vatterstetten-festpreis-ab-52-siegel.jpg\"},{\"@type\":\"BreadcrumbList\",\"@id\":\"https:\\\/\\\/www.amper-aufsperrdienst.de\\\/en\\\/locksmith-vatterstetten\\\/#breadcrumb\",\"itemListElement\":[{\"@type\":\"ListItem\",\"position\":1,\"name\":\"Home\",\"item\":\"https:\\\/\\\/www.amper-aufsperrdienst.de\\\/en\\\/\"},{\"@type\":\"ListItem\",\"position\":2,\"name\":\"Locksmith Vatterstetten\"}]},{\"@type\":\"WebSite\",\"@id\":\"https:\\\/\\\/www.amper-aufsperrdienst.de\\\/en\\\/#website\",\"url\":\"https:\\\/\\\/www.amper-aufsperrdienst.de\\\/en\\\/\",\"name\":\"Locksmith for Munich, Dachau and F\u00fcrstenfeldbruck\",\"description\":\"Amper Aufsperrdienst\",\"potentialAction\":[{\"@type\":\"SearchAction\",\"target\":{\"@type\":\"EntryPoint\",\"urlTemplate\":\"https:\\\/\\\/www.amper-aufsperrdienst.de\\\/en\\\/?s={search_term_string}\"},\"query-input\":{\"@type\":\"PropertyValueSpecification\",\"valueRequired\":true,\"valueName\":\"search_term_string\"}}],\"inLanguage\":\"en-US\"}]}<\/script>\n<!-- \/ Yoast SEO plugin. -->","yoast_head_json":{"title":"Locksmith Vatterstetten: fixed price from 52 EUR","description":"The locksmith service Vatterstetten helps you if you\u2019ve locked yourself out! Our experienced technicians will be at your location in about 30 minutes and unlock your door without any damage at a guaranteed fixed price!","robots":{"index":"index","follow":"follow","max-snippet":"max-snippet:-1","max-image-preview":"max-image-preview:large","max-video-preview":"max-video-preview:-1"},"canonical":"https:\/\/www.amper-aufsperrdienst.de\/en\/locksmith-vatterstetten\/","og_locale":"en_US","og_type":"article","og_title":"Locksmith Vatterstetten: fixed price from 52 EUR","og_description":"The locksmith service Vatterstetten helps you if you\u2019ve locked yourself out! Our experienced technicians will be at your location in about 30 minutes and unlock your door without any damage at a guaranteed fixed price!","og_url":"https:\/\/www.amper-aufsperrdienst.de\/en\/locksmith-vatterstetten\/","og_site_name":"Locksmith for Munich, Dachau and F\u00fcrstenfeldbruck","article_modified_time":"2026-01-28T05:43:52+00:00","og_image":[{"url":"https:\/\/www.amper-aufsperrdienst.de\/wp-content\/uploads\/2021\/03\/schluesseldienst-vatterstetten-festpreis-ab-52-siegel.jpg","type":"","width":"","height":""}],"twitter_misc":{"Est. reading time":"3 minutes"},"schema":{"@context":"https:\/\/schema.org","@graph":[{"@type":"WebPage","@id":"https:\/\/www.amper-aufsperrdienst.de\/en\/locksmith-vatterstetten\/","url":"https:\/\/www.amper-aufsperrdienst.de\/en\/locksmith-vatterstetten\/","name":"Locksmith Vatterstetten: fixed price from 52 EUR","isPartOf":{"@id":"https:\/\/www.amper-aufsperrdienst.de\/en\/#website"},"primaryImageOfPage":{"@id":"https:\/\/www.amper-aufsperrdienst.de\/en\/locksmith-vatterstetten\/#primaryimage"},"image":{"@id":"https:\/\/www.amper-aufsperrdienst.de\/en\/locksmith-vatterstetten\/#primaryimage"},"thumbnailUrl":"https:\/\/www.amper-aufsperrdienst.de\/wp-content\/uploads\/2021\/03\/schluesseldienst-vatterstetten-festpreis-ab-52-siegel.jpg","datePublished":"2018-01-22T16:05:05+00:00","dateModified":"2026-01-28T05:43:52+00:00","description":"The locksmith service Vatterstetten helps you if you\u2019ve locked yourself out! Our experienced technicians will be at your location in about 30 minutes and unlock your door without any damage at a guaranteed fixed price!","breadcrumb":{"@id":"https:\/\/www.amper-aufsperrdienst.de\/en\/locksmith-vatterstetten\/#breadcrumb"},"inLanguage":"en-US","potentialAction":[{"@type":"ReadAction","target":["https:\/\/www.amper-aufsperrdienst.de\/en\/locksmith-vatterstetten\/"]}]},{"@type":"ImageObject","inLanguage":"en-US","@id":"https:\/\/www.amper-aufsperrdienst.de\/en\/locksmith-vatterstetten\/#primaryimage","url":"https:\/\/www.amper-aufsperrdienst.de\/wp-content\/uploads\/2021\/03\/schluesseldienst-vatterstetten-festpreis-ab-52-siegel.jpg","contentUrl":"https:\/\/www.amper-aufsperrdienst.de\/wp-content\/uploads\/2021\/03\/schluesseldienst-vatterstetten-festpreis-ab-52-siegel.jpg"},{"@type":"BreadcrumbList","@id":"https:\/\/www.amper-aufsperrdienst.de\/en\/locksmith-vatterstetten\/#breadcrumb","itemListElement":[{"@type":"ListItem","position":1,"name":"Home","item":"https:\/\/www.amper-aufsperrdienst.de\/en\/"},{"@type":"ListItem","position":2,"name":"Locksmith Vatterstetten"}]},{"@type":"WebSite","@id":"https:\/\/www.amper-aufsperrdienst.de\/en\/#website","url":"https:\/\/www.amper-aufsperrdienst.de\/en\/","name":"Locksmith for Munich, Dachau and F\u00fcrstenfeldbruck","description":"Amper Aufsperrdienst","potentialAction":[{"@type":"SearchAction","target":{"@type":"EntryPoint","urlTemplate":"https:\/\/www.amper-aufsperrdienst.de\/en\/?s={search_term_string}"},"query-input":{"@type":"PropertyValueSpecification","valueRequired":true,"valueName":"search_term_string"}}],"inLanguage":"en-US"}]}},"_links":{"self":[{"href":"https:\/\/www.amper-aufsperrdienst.de\/en\/wp-json\/wp\/v2\/pages\/12533","targetHints":{"allow":["GET"]}}],"collection":[{"href":"https:\/\/www.amper-aufsperrdienst.de\/en\/wp-json\/wp\/v2\/pages"}],"about":[{"href":"https:\/\/www.amper-aufsperrdienst.de\/en\/wp-json\/wp\/v2\/types\/page"}],"author":[{"embeddable":true,"href":"https:\/\/www.amper-aufsperrdienst.de\/en\/wp-json\/wp\/v2\/users\/2"}],"replies":[{"embeddable":true,"href":"https:\/\/www.amper-aufsperrdienst.de\/en\/wp-json\/wp\/v2\/comments?post=12533"}],"version-history":[{"count":2,"href":"https:\/\/www.amper-aufsperrdienst.de\/en\/wp-json\/wp\/v2\/pages\/12533\/revisions"}],"predecessor-version":[{"id":14630,"href":"https:\/\/www.amper-aufsperrdienst.de\/en\/wp-json\/wp\/v2\/pages\/12533\/revisions\/14630"}],"wp:attachment":[{"href":"https:\/\/www.amper-aufsperrdienst.de\/en\/wp-json\/wp\/v2\/media?parent=12533"}],"curies":[{"name":"wp","href":"https:\/\/api.w.org\/{rel}","templated":true}]}}