{"id":12562,"date":"2018-05-02T09:30:54","date_gmt":"2018-05-02T07:30:54","guid":{"rendered":"https:\/\/www.amper-aufsperrdienst.de\/schluesseldienst-augsburg-theodor-heuss-platz\/"},"modified":"2026-01-27T09:49:09","modified_gmt":"2026-01-27T07:49:09","slug":"locksmith-augsburg-theodor-heuss-platz","status":"publish","type":"page","link":"https:\/\/www.amper-aufsperrdienst.de\/en\/locksmith-augsburg-theodor-heuss-platz\/","title":{"rendered":"Locksmith Augsburg Theodor-Heuss-Platz"},"content":{"rendered":"<p><img loading=\"lazy\" decoding=\"async\" class=\"alignleft\" style=\"margin-bottom: 5px !important;\" src=\"https:\/\/www.amper-aufsperrdienst.de\/wp-content\/uploads\/2021\/03\/schluesseldienst-augsburg-theodor-heuss-platz-festpreis-ab-52-siegel.jpg\" alt=\"Locksmith Amper - Locksmith Augsburg-Theodor-Heuss-Platz with a fixed price starting from 52,- EUR\" width=\"250\" height=\"250\" \/><\/p>\n<p>Are you an Augsburg resident living right on Theodor-Heuss-Platz, but you can&#8217;t get into your own home because you&#8217;ve accidentally locked yourself out? Did you just want to quickly meet the pizza delivery guy when the door slammed shut and you realized your key was still inside? Or is your key so worn out that it no longer opens the lock?<\/p>\n<p>We are your experienced and reliable locksmith service in Augsburg&#8217;s Theodor-Heuss-Platz district if you find yourself facing a locked or jammed front door. We are a third-generation locksmith service and use only the best specialized tools to offer damage-free door opening at a reasonable fixed price. We are not only available during certain business hours! We work 24\/7, 365 days a year! We are a true 24\/7 emergency service with a free 24-hour emergency hotline.<\/p>\n          <!-- tarif -->\n<h2><b><span style=\"vertical-align: inherit;\"><span style=\"vertical-align: inherit;\">Our binding fixed prices start from \u20ac52.<\/span><\/span><\/b><\/h2>\n<p>Amper Locksmith Service is a fair locksmith service with transparent fixed prices:<\/p>\n<div class=\"table-title\">\n\tPRICE LIST  UNLOCK\n<\/div>\n<!-- Table part-->\n<table class=\"table\">\n  <thead class=\"header\">\n\t  <tr>\n     \t <th scope=\"col\">Time<\/th>\n     \t <th scope=\"col\">8 - 18<\/th>\n     \t <th scope=\"col\">18 - 22<\/th>\n     \t <th scope=\"col\">22 - 8<\/th>\n\t<\/tr>\n  <\/thead>\n  <tbody>\n     \t  <tr class=\"weekdays\">\n     \t  \t  <td class=\"tag\" data-label=\"Time\">Mo - Fr<\/td>\n     \t  \t  <td class=\"hrs tag\" data-label=\"8 - 18\">52,- \u20ac<\/td>\n     \t  \t  <td class=\"tag space\" data-label=\"18 - 22\">82,- \u20ac<\/td>\n     \t  \t  <td data-label=\"22 - 8\">95,- \u20ac<\/td>\n     \t  <\/tr>\n     <tr class=\"weekends\">\n     \t  \t  <td class=\"tag\" data-label=\"Time\">Sa<\/td>\n     \t  \t  <td class=\"tag\" data-label=\"8 - 18\">95,- \u20ac<\/td>\n     \t  \t  <td class=\"tag\" data-label=\"18 - 22\">95,- \u20ac<\/td>\n     \t  \t  <td data-label=\"22 - 8\">125,- \u20ac<\/td>\n     \t  <\/tr>\n     <tr class=\"holidays\">\n     \t  \t  <td class=\"tag\" data-label=\"Time\">So & holiday<\/td>\n     \t  \t  <td class=\"tag\" data-label=\"8 - 18\">125,- \u20ac<\/td>\n     \t  \t  <td class=\"tag\" data-label=\"18 - 22\">125,-\u20ac<\/td>\n     \t  \t  <td data-label=\"22 - 8\">125,-\u20ac<\/td>\n     \t  <\/tr>\n     <\/tbody>\n<\/table>\n<!-- Table Description-->\n<div class=\"table-description\">\n\t<em>Please call to inquire about travel costs.<\/em>\n<\/div>\n<!-- Wordings below -->\n<div class=\"wordings\">\n<p>The prices listed in this table are binding for unlocking a door that has slammed shut or been pulled shut (without self-locking mechanisms). Please feel free to contact us if you would like a price quote for other locksmith services. We will gladly provide you with a transparent, fixed-price offer.<\/p>\n<\/div>\n\n<!-- END Wordings -->\n\n\n\n<div class=\"ansprech\">Locksmith Augsburg Theodor-Heuss-Platz with fair fixed prices<br \/>\n<h3 class=\"phone mobilesOnly\"><a href=\"tel:+498000131131\">0800 \/ 0 131 131<\/a><\/h3><h3 class=\"phone desktopOnly\"><a href=\"tel:+498000131131\">0800 \/ 0 131 131<\/a><\/h3>Available anytime, free of charge! Damage-free door opening in just about half an hour<\/div>\n<h2>Theodor-Heuss-Platz on the edge of Augsburg&#8217;s city center<\/h2>\n<p>After the Eserwall was removed at the end of the 19th century, Theodor-Heuss-Platz was created. It is located on the edge of Augsburg&#8217;s beautiful city center and is considered a pleasant place for recreation and relaxation for the residents in the vicinity. The most important streets near the square are Bismarckstra\u00dfe, Eserwallstra\u00dfe, Kitzenmarkt, Schie\u00dfgrabenstra\u00dfe, and Stettenstra\u00dfe.<\/p>\n<p>There are several benches at Theodor-Heuss-Platz that invite you to linger. Back then, the square was called Kaiserplatz. In 1982, the &#8220;Alpini Monument&#8221; was erected on the edge of Theodor-Heuss-Platz, ostensibly to warn against dictatorship and war.<\/p>\n<h2>Locksmith Augsburg Theodor-Heuss-Platz: professional door opening with special tools<\/h2>\n<p>Do you need a true specialist for your door in Augsburg&#8217;s Theodor-Heuss-Platz area or on one of the streets mentioned above? Someone who understands how to unlock your locked or jammed apartment door without causing any damage, using the best specialized tools? Then you&#8217;ve come to the right place. Our highly trained locksmiths have the necessary expertise and the right tools to unlock your door with a very high probability of causing no damage. In over 99% of our door openings, we work flawlessly and leave no damage to your door. Such damage can be quite costly, which is why we strongly advise you not to try to force the door open yourself.<\/p>\n<h2>Available 365 days a year<\/h2>\n<p>Our specialty isn&#8217;t just about opening doors quickly and without damage. What our customers also greatly appreciate is that we&#8217;re available 24\/7, 365 days a year. Are you worried because you found yourself locked out early on Father&#8217;s Day? Or did you lock yourself out on New Year&#8217;s Day? Don&#8217;t worry. Our 24\/7 emergency service is happy to help you out if you need our expert assistance in the form of non-destructive door opening at a reasonable fixed price.<\/p>\n<h2>Fair Fixed Price<\/h2>\n<p>As a third-generation locksmith service, we continue to operate with fair fixed prices. After you describe your specific needs during your free initial call, we will gladly provide you with a fairly calculated fixed-price quote. Should you accept this offer, you can be 100% certain that it will remain valid even after your door has been opened. We don&#8217;t use tricks or hidden costs! We are fair and transparent and strive to ensure a positive customer experience!<\/p>\n<p>Do you need an experienced and affordable locksmith in Augsburg Theodor-Heuss-Platz? Call us anytime, free of charge; we are happy to assist you!<\/p>\n<div class=\"ansprech\">Locksmith Augsburg Theodor-Heuss-Platz with fair fixed prices<br \/>\n<h3 class=\"phone mobilesOnly\"><a href=\"tel:+498000131131\">0800 \/ 0 131 131<\/a><\/h3><h3 class=\"phone desktopOnly\"><a href=\"tel:+498000131131\">0800 \/ 0 131 131<\/a><\/h3>Always reachable free of charge! Damage-free door opening in only about half an hour<\/div>\n","protected":false},"excerpt":{"rendered":"<p>Are you an Augsburg resident living right on Theodor-Heuss-Platz, but you can&#8217;t get into your own home because you&#8217;ve accidentally locked yourself out? Did you just want to quickly meet the pizza delivery guy when the door slammed shut and you realized your key was still inside? Or is your key so worn out that [&hellip;]<\/p>\n","protected":false},"author":2,"featured_media":10927,"parent":0,"menu_order":0,"comment_status":"closed","ping_status":"closed","template":"","meta":{"footnotes":"","_links_to":"","_links_to_target":""},"class_list":["post-12562","page","type-page","status-publish","has-post-thumbnail","hentry"],"yoast_head":"<!-- This site is optimized with the Yoast SEO plugin v27.4 - https:\/\/yoast.com\/product\/yoast-seo-wordpress\/ -->\n<title>Locksmith Augsburg Theodor-Heuss-Platz: from \u20ac52,- fixed price<\/title>\n<meta name=\"description\" content=\"Transparent and competent locksmith service in Augsburg&#039;s Theodor-Heuss-Platz for non-destructive door opening in just about 30 minutes: Fixed price guarantee for reliable unlocking, free phone number, friendly experts, and use of specialized tools. Available 24\/7, 365 days a year!\" \/>\n<meta name=\"robots\" content=\"index, follow, max-snippet:-1, max-image-preview:large, max-video-preview:-1\" \/>\n<link rel=\"canonical\" href=\"https:\/\/www.amper-aufsperrdienst.de\/en\/locksmith-augsburg-theodor-heuss-platz\/\" \/>\n<meta property=\"og:locale\" content=\"en_US\" \/>\n<meta property=\"og:type\" content=\"article\" \/>\n<meta property=\"og:title\" content=\"Locksmith Augsburg Theodor-Heuss-Platz: from \u20ac52,- fixed price\" \/>\n<meta property=\"og:description\" content=\"Transparent and competent locksmith service in Augsburg&#039;s Theodor-Heuss-Platz for non-destructive door opening in just about 30 minutes: Fixed price guarantee for reliable unlocking, free phone number, friendly experts, and use of specialized tools. Available 24\/7, 365 days a year!\" \/>\n<meta property=\"og:url\" content=\"https:\/\/www.amper-aufsperrdienst.de\/en\/locksmith-augsburg-theodor-heuss-platz\/\" \/>\n<meta property=\"og:site_name\" content=\"Locksmith for Munich, Dachau and F\u00fcrstenfeldbruck\" \/>\n<meta property=\"article:modified_time\" content=\"2026-01-27T07:49:09+00:00\" \/>\n<meta property=\"og:image\" content=\"https:\/\/www.amper-aufsperrdienst.de\/wp-content\/uploads\/2014\/12\/header-augsburg.jpg\" \/>\n\t<meta property=\"og:image:width\" content=\"960\" \/>\n\t<meta property=\"og:image:height\" content=\"360\" \/>\n\t<meta property=\"og:image:type\" content=\"image\/jpeg\" \/>\n<meta name=\"twitter:label1\" content=\"Est. reading time\" \/>\n\t<meta name=\"twitter:data1\" content=\"4 minutes\" \/>\n<script type=\"application\/ld+json\" class=\"yoast-schema-graph\">{\"@context\":\"https:\\\/\\\/schema.org\",\"@graph\":[{\"@type\":\"WebPage\",\"@id\":\"https:\\\/\\\/www.amper-aufsperrdienst.de\\\/en\\\/locksmith-augsburg-theodor-heuss-platz\\\/\",\"url\":\"https:\\\/\\\/www.amper-aufsperrdienst.de\\\/en\\\/locksmith-augsburg-theodor-heuss-platz\\\/\",\"name\":\"Locksmith Augsburg Theodor-Heuss-Platz: from \u20ac52,- fixed price\",\"isPartOf\":{\"@id\":\"https:\\\/\\\/www.amper-aufsperrdienst.de\\\/en\\\/#website\"},\"primaryImageOfPage\":{\"@id\":\"https:\\\/\\\/www.amper-aufsperrdienst.de\\\/en\\\/locksmith-augsburg-theodor-heuss-platz\\\/#primaryimage\"},\"image\":{\"@id\":\"https:\\\/\\\/www.amper-aufsperrdienst.de\\\/en\\\/locksmith-augsburg-theodor-heuss-platz\\\/#primaryimage\"},\"thumbnailUrl\":\"https:\\\/\\\/www.amper-aufsperrdienst.de\\\/wp-content\\\/uploads\\\/2014\\\/12\\\/header-augsburg.jpg\",\"datePublished\":\"2018-05-02T07:30:54+00:00\",\"dateModified\":\"2026-01-27T07:49:09+00:00\",\"description\":\"Transparent and competent locksmith service in Augsburg's Theodor-Heuss-Platz for non-destructive door opening in just about 30 minutes: Fixed price guarantee for reliable unlocking, free phone number, friendly experts, and use of specialized tools. Available 24\\\/7, 365 days a year!\",\"breadcrumb\":{\"@id\":\"https:\\\/\\\/www.amper-aufsperrdienst.de\\\/en\\\/locksmith-augsburg-theodor-heuss-platz\\\/#breadcrumb\"},\"inLanguage\":\"en-US\",\"potentialAction\":[{\"@type\":\"ReadAction\",\"target\":[\"https:\\\/\\\/www.amper-aufsperrdienst.de\\\/en\\\/locksmith-augsburg-theodor-heuss-platz\\\/\"]}]},{\"@type\":\"ImageObject\",\"inLanguage\":\"en-US\",\"@id\":\"https:\\\/\\\/www.amper-aufsperrdienst.de\\\/en\\\/locksmith-augsburg-theodor-heuss-platz\\\/#primaryimage\",\"url\":\"https:\\\/\\\/www.amper-aufsperrdienst.de\\\/wp-content\\\/uploads\\\/2014\\\/12\\\/header-augsburg.jpg\",\"contentUrl\":\"https:\\\/\\\/www.amper-aufsperrdienst.de\\\/wp-content\\\/uploads\\\/2014\\\/12\\\/header-augsburg.jpg\",\"width\":960,\"height\":360},{\"@type\":\"BreadcrumbList\",\"@id\":\"https:\\\/\\\/www.amper-aufsperrdienst.de\\\/en\\\/locksmith-augsburg-theodor-heuss-platz\\\/#breadcrumb\",\"itemListElement\":[{\"@type\":\"ListItem\",\"position\":1,\"name\":\"Home\",\"item\":\"https:\\\/\\\/www.amper-aufsperrdienst.de\\\/en\\\/\"},{\"@type\":\"ListItem\",\"position\":2,\"name\":\"Locksmith Augsburg Theodor-Heuss-Platz\"}]},{\"@type\":\"WebSite\",\"@id\":\"https:\\\/\\\/www.amper-aufsperrdienst.de\\\/en\\\/#website\",\"url\":\"https:\\\/\\\/www.amper-aufsperrdienst.de\\\/en\\\/\",\"name\":\"Locksmith for Munich, Dachau and F\u00fcrstenfeldbruck\",\"description\":\"Amper Aufsperrdienst\",\"potentialAction\":[{\"@type\":\"SearchAction\",\"target\":{\"@type\":\"EntryPoint\",\"urlTemplate\":\"https:\\\/\\\/www.amper-aufsperrdienst.de\\\/en\\\/?s={search_term_string}\"},\"query-input\":{\"@type\":\"PropertyValueSpecification\",\"valueRequired\":true,\"valueName\":\"search_term_string\"}}],\"inLanguage\":\"en-US\"}]}<\/script>\n<!-- \/ Yoast SEO plugin. -->","yoast_head_json":{"title":"Locksmith Augsburg Theodor-Heuss-Platz: from \u20ac52,- fixed price","description":"Transparent and competent locksmith service in Augsburg's Theodor-Heuss-Platz for non-destructive door opening in just about 30 minutes: Fixed price guarantee for reliable unlocking, free phone number, friendly experts, and use of specialized tools. Available 24\/7, 365 days a year!","robots":{"index":"index","follow":"follow","max-snippet":"max-snippet:-1","max-image-preview":"max-image-preview:large","max-video-preview":"max-video-preview:-1"},"canonical":"https:\/\/www.amper-aufsperrdienst.de\/en\/locksmith-augsburg-theodor-heuss-platz\/","og_locale":"en_US","og_type":"article","og_title":"Locksmith Augsburg Theodor-Heuss-Platz: from \u20ac52,- fixed price","og_description":"Transparent and competent locksmith service in Augsburg's Theodor-Heuss-Platz for non-destructive door opening in just about 30 minutes: Fixed price guarantee for reliable unlocking, free phone number, friendly experts, and use of specialized tools. Available 24\/7, 365 days a year!","og_url":"https:\/\/www.amper-aufsperrdienst.de\/en\/locksmith-augsburg-theodor-heuss-platz\/","og_site_name":"Locksmith for Munich, Dachau and F\u00fcrstenfeldbruck","article_modified_time":"2026-01-27T07:49:09+00:00","og_image":[{"width":960,"height":360,"url":"https:\/\/www.amper-aufsperrdienst.de\/wp-content\/uploads\/2014\/12\/header-augsburg.jpg","type":"image\/jpeg"}],"twitter_misc":{"Est. reading time":"4 minutes"},"schema":{"@context":"https:\/\/schema.org","@graph":[{"@type":"WebPage","@id":"https:\/\/www.amper-aufsperrdienst.de\/en\/locksmith-augsburg-theodor-heuss-platz\/","url":"https:\/\/www.amper-aufsperrdienst.de\/en\/locksmith-augsburg-theodor-heuss-platz\/","name":"Locksmith Augsburg Theodor-Heuss-Platz: from \u20ac52,- fixed price","isPartOf":{"@id":"https:\/\/www.amper-aufsperrdienst.de\/en\/#website"},"primaryImageOfPage":{"@id":"https:\/\/www.amper-aufsperrdienst.de\/en\/locksmith-augsburg-theodor-heuss-platz\/#primaryimage"},"image":{"@id":"https:\/\/www.amper-aufsperrdienst.de\/en\/locksmith-augsburg-theodor-heuss-platz\/#primaryimage"},"thumbnailUrl":"https:\/\/www.amper-aufsperrdienst.de\/wp-content\/uploads\/2014\/12\/header-augsburg.jpg","datePublished":"2018-05-02T07:30:54+00:00","dateModified":"2026-01-27T07:49:09+00:00","description":"Transparent and competent locksmith service in Augsburg's Theodor-Heuss-Platz for non-destructive door opening in just about 30 minutes: Fixed price guarantee for reliable unlocking, free phone number, friendly experts, and use of specialized tools. Available 24\/7, 365 days a year!","breadcrumb":{"@id":"https:\/\/www.amper-aufsperrdienst.de\/en\/locksmith-augsburg-theodor-heuss-platz\/#breadcrumb"},"inLanguage":"en-US","potentialAction":[{"@type":"ReadAction","target":["https:\/\/www.amper-aufsperrdienst.de\/en\/locksmith-augsburg-theodor-heuss-platz\/"]}]},{"@type":"ImageObject","inLanguage":"en-US","@id":"https:\/\/www.amper-aufsperrdienst.de\/en\/locksmith-augsburg-theodor-heuss-platz\/#primaryimage","url":"https:\/\/www.amper-aufsperrdienst.de\/wp-content\/uploads\/2014\/12\/header-augsburg.jpg","contentUrl":"https:\/\/www.amper-aufsperrdienst.de\/wp-content\/uploads\/2014\/12\/header-augsburg.jpg","width":960,"height":360},{"@type":"BreadcrumbList","@id":"https:\/\/www.amper-aufsperrdienst.de\/en\/locksmith-augsburg-theodor-heuss-platz\/#breadcrumb","itemListElement":[{"@type":"ListItem","position":1,"name":"Home","item":"https:\/\/www.amper-aufsperrdienst.de\/en\/"},{"@type":"ListItem","position":2,"name":"Locksmith Augsburg Theodor-Heuss-Platz"}]},{"@type":"WebSite","@id":"https:\/\/www.amper-aufsperrdienst.de\/en\/#website","url":"https:\/\/www.amper-aufsperrdienst.de\/en\/","name":"Locksmith for Munich, Dachau and F\u00fcrstenfeldbruck","description":"Amper Aufsperrdienst","potentialAction":[{"@type":"SearchAction","target":{"@type":"EntryPoint","urlTemplate":"https:\/\/www.amper-aufsperrdienst.de\/en\/?s={search_term_string}"},"query-input":{"@type":"PropertyValueSpecification","valueRequired":true,"valueName":"search_term_string"}}],"inLanguage":"en-US"}]}},"_links":{"self":[{"href":"https:\/\/www.amper-aufsperrdienst.de\/en\/wp-json\/wp\/v2\/pages\/12562","targetHints":{"allow":["GET"]}}],"collection":[{"href":"https:\/\/www.amper-aufsperrdienst.de\/en\/wp-json\/wp\/v2\/pages"}],"about":[{"href":"https:\/\/www.amper-aufsperrdienst.de\/en\/wp-json\/wp\/v2\/types\/page"}],"author":[{"embeddable":true,"href":"https:\/\/www.amper-aufsperrdienst.de\/en\/wp-json\/wp\/v2\/users\/2"}],"replies":[{"embeddable":true,"href":"https:\/\/www.amper-aufsperrdienst.de\/en\/wp-json\/wp\/v2\/comments?post=12562"}],"version-history":[{"count":2,"href":"https:\/\/www.amper-aufsperrdienst.de\/en\/wp-json\/wp\/v2\/pages\/12562\/revisions"}],"predecessor-version":[{"id":12575,"href":"https:\/\/www.amper-aufsperrdienst.de\/en\/wp-json\/wp\/v2\/pages\/12562\/revisions\/12575"}],"wp:featuredmedia":[{"embeddable":true,"href":"https:\/\/www.amper-aufsperrdienst.de\/en\/wp-json\/wp\/v2\/media\/10927"}],"wp:attachment":[{"href":"https:\/\/www.amper-aufsperrdienst.de\/en\/wp-json\/wp\/v2\/media?parent=12562"}],"curies":[{"name":"wp","href":"https:\/\/api.w.org\/{rel}","templated":true}]}}