{"id":12602,"date":"2017-11-30T13:43:29","date_gmt":"2017-11-30T11:43:29","guid":{"rendered":"https:\/\/www.amper-aufsperrdienst.de\/schlusseldienst-unterdiesen\/"},"modified":"2026-01-28T07:47:21","modified_gmt":"2026-01-28T05:47:21","slug":"locksmith-unterdiesen","status":"publish","type":"page","link":"https:\/\/www.amper-aufsperrdienst.de\/en\/locksmith-unterdiesen\/","title":{"rendered":"Locksmith Unterdie\u00dfen"},"content":{"rendered":"<p><img loading=\"lazy\" decoding=\"async\" class=\"alignleft\" style=\"margin-bottom: 5px !important;\" src=\"https:\/\/www.amper-aufsperrdienst.de\/wp-content\/uploads\/2021\/03\/schluesseldienst-unterdiessen-festpreis-ab-52-siegel.jpg\" alt=\"Amper Locksmith Opening Service unterdiessen with fixed price from 52,- EUR\" width=\"250\" height=\"250\" \/><\/p>\n<p>If you happen to have locked yourself out in the Upper Bavarian community of Unterdie\u00dfen and are currently looking for a professional to unlock your closed or locked front door at a fair fixed price without causing any damage, you are welcome to contact us and explain your emergency situation over the phone. If you wish, we can already provide you with a binding and fairly calculated fixed-price offer over the phone, which you can accept or decline. If you hire us for a fast, non-destructive door opening, we will set off immediately to help you out of your predicament as quickly as possible. As a locksmith service in Unterdie\u00dfen, we have been operating in the third generation and possess a great deal of know-how and experience.<\/p>\n          <!-- tarif -->\n<h2><b><span style=\"vertical-align: inherit;\"><span style=\"vertical-align: inherit;\">Our binding fixed prices start from \u20ac52.<\/span><\/span><\/b><\/h2>\n<p>Amper Locksmith Service is a fair locksmith service with transparent fixed prices:<\/p>\n<div class=\"table-title\">\n\tPRICE LIST  UNLOCK\n<\/div>\n<!-- Table part-->\n<table class=\"table\">\n  <thead class=\"header\">\n\t  <tr>\n     \t <th scope=\"col\">Time<\/th>\n     \t <th scope=\"col\">8 - 18<\/th>\n     \t <th scope=\"col\">18 - 22<\/th>\n     \t <th scope=\"col\">22 - 8<\/th>\n\t<\/tr>\n  <\/thead>\n  <tbody>\n     \t  <tr class=\"weekdays\">\n     \t  \t  <td class=\"tag\" data-label=\"Time\">Mo - Fr<\/td>\n     \t  \t  <td class=\"hrs tag\" data-label=\"8 - 18\">52,- \u20ac<\/td>\n     \t  \t  <td class=\"tag space\" data-label=\"18 - 22\">82,- \u20ac<\/td>\n     \t  \t  <td data-label=\"22 - 8\">95,- \u20ac<\/td>\n     \t  <\/tr>\n     <tr class=\"weekends\">\n     \t  \t  <td class=\"tag\" data-label=\"Time\">Sa<\/td>\n     \t  \t  <td class=\"tag\" data-label=\"8 - 18\">95,- \u20ac<\/td>\n     \t  \t  <td class=\"tag\" data-label=\"18 - 22\">95,- \u20ac<\/td>\n     \t  \t  <td data-label=\"22 - 8\">125,- \u20ac<\/td>\n     \t  <\/tr>\n     <tr class=\"holidays\">\n     \t  \t  <td class=\"tag\" data-label=\"Time\">So & holiday<\/td>\n     \t  \t  <td class=\"tag\" data-label=\"8 - 18\">125,- \u20ac<\/td>\n     \t  \t  <td class=\"tag\" data-label=\"18 - 22\">125,-\u20ac<\/td>\n     \t  \t  <td data-label=\"22 - 8\">125,-\u20ac<\/td>\n     \t  <\/tr>\n     <\/tbody>\n<\/table>\n<!-- Table Description-->\n<div class=\"table-description\">\n\t<em>Please call to inquire about travel costs.<\/em>\n<\/div>\n<!-- Wordings below -->\n<div class=\"wordings\">\n<p>The prices listed in this table are binding for unlocking a door that has slammed shut or been pulled shut (without self-locking mechanisms). Please feel free to contact us if you would like a price quote for other locksmith services. We will gladly provide you with a transparent, fixed-price offer.<\/p>\n<\/div>\n\n<!-- END Wordings -->\n\n\n\n<div class=\"ansprech\">Locksmith Unterdie\u00dfen with 24-hour emergency service<br \/>\n<h3 class=\"phone mobilesOnly\"><a href=\"tel:+498000131131\">0800 \/ 0 131 131<\/a><\/h3><h3 class=\"phone desktopOnly\"><a href=\"tel:+498000131131\">0800 \/ 0 131 131<\/a><\/h3>Free emergency number &amp; Fixed Price Guarantee<\/div>\n<h2>The municipality of Unterdie\u00dfen in the district of Landsberg am Lech<\/h2>\n<p>The municipality of Unterdie\u00dfen is located in the far west of the Landsberg am Lech district and belongs to the Fuchstal administrative community. Around 1,400 people live here on an area of 12.79 square kilometers. The postal code is 86944, and the telephone area code is 08243.<\/p>\n<p>Unterdie\u00dfen is located on the left bank of the Lech and consists of the three districts Dornstetten, Oberdie\u00dfen, and Unterdie\u00dfen.<\/p>\n<p>The settlement of Unterdie\u00dfen was mentioned for the first time in a document in the year 1126.<\/p>\n<h2>Locksmith Unterdie\u00dfen: fair flat rate for professional door unlocking<\/h2>\n<p>Do you need a professional locksmith service for Unterdie\u00dfen, Oberdie\u00dfen, or Dornstetten that offers non-destructive door openings at a fixed price? Feel free to call us and hire us at any time! The price we already mentioned to you over the phone includes all costs and remains valid, as discussed, even after the service is completed. We do not add any additional charges that you were unaware of. While unpleasant surprises may occur with other &#8220;locksmith services,&#8221; you can be sure with us that our fixed prices are actually honored.<\/p>\n<h2>Friendly locksmiths with a lot of know-how<\/h2>\n<p>Friendliness, precision, and utmost professionalism are the pillars of our work at the castle. Our employees are highly trained and possess a great deal of expertise and know-how. Now in the third generation, we at Schl\u00fcsseldienst Unterdie\u00dfen open closed or locked entrance doors. In doing so, we use only specialized locksmith tools; otherwise, we would not be able to complete over 99% of our jobs without causing any damage.<\/p>\n<h2>24\/7 emergency service with fast response time<\/h2>\n<p>As an emergency locksmith service, we unlock doors on all days of the year and at any time. Are you standing in front of a locked door early on Ascension Day? Or did you accidentally lock yourself out on the night of May 1st? Amper Unlocking Service is happy to help you, because unlike a regular locksmith bound to fixed opening hours, we work around the clock for you! Our free emergency number is always reachable 24\/7!<\/p>\n<p>Contact us immediately if you are currently looking for a fast, professional, and affordable locksmith in Unterdie\u00dfen! We are happy to help you at a fair and fixed price!<\/p>\n<div class=\"ansprech\">Locksmith Unterdie\u00dfen with 24-hour emergency service<br \/>\n<h3 class=\"phone mobilesOnly\"><a href=\"tel:+498000131131\">0800 \/ 0 131 131<\/a><\/h3><h3 class=\"phone desktopOnly\"><a href=\"tel:+498000131131\">0800 \/ 0 131 131<\/a><\/h3>Free emergency number &amp; Fixed Price Guarantee<\/div>\n","protected":false},"excerpt":{"rendered":"<p>If you happen to have locked yourself out in the Upper Bavarian community of Unterdie\u00dfen and are currently looking for a professional to unlock your closed or locked front door at a fair fixed price without causing any damage, you are welcome to contact us and explain your emergency situation over the phone. If you [&hellip;]<\/p>\n","protected":false},"author":2,"featured_media":11709,"parent":0,"menu_order":0,"comment_status":"closed","ping_status":"closed","template":"","meta":{"footnotes":"","_links_to":"","_links_to_target":""},"class_list":["post-12602","page","type-page","status-publish","has-post-thumbnail","hentry"],"yoast_head":"<!-- This site is optimized with the Yoast SEO plugin v27.4 - https:\/\/yoast.com\/product\/yoast-seo-wordpress\/ -->\n<title>Locksmith Unterdie\u00dfen: fixed price from 52,- EUR<\/title>\n<meta name=\"description\" content=\"Traditional locksmith service in Unterdie\u00dfen, now in its 3rd generation: fair pricing, fixed-price guarantee, free emergency call &amp; available 24\/7!\" \/>\n<meta name=\"robots\" content=\"index, follow, max-snippet:-1, max-image-preview:large, max-video-preview:-1\" \/>\n<link rel=\"canonical\" href=\"https:\/\/www.amper-aufsperrdienst.de\/en\/locksmith-unterdiesen\/\" \/>\n<meta property=\"og:locale\" content=\"en_US\" \/>\n<meta property=\"og:type\" content=\"article\" \/>\n<meta property=\"og:title\" content=\"Locksmith Unterdie\u00dfen: fixed price from 52,- EUR\" \/>\n<meta property=\"og:description\" content=\"Traditional locksmith service in Unterdie\u00dfen, now in its 3rd generation: fair pricing, fixed-price guarantee, free emergency call &amp; available 24\/7!\" \/>\n<meta property=\"og:url\" content=\"https:\/\/www.amper-aufsperrdienst.de\/en\/locksmith-unterdiesen\/\" \/>\n<meta property=\"og:site_name\" content=\"Locksmith for Munich, Dachau and F\u00fcrstenfeldbruck\" \/>\n<meta property=\"article:modified_time\" content=\"2026-01-28T05:47:21+00:00\" \/>\n<meta property=\"og:image\" content=\"https:\/\/www.amper-aufsperrdienst.de\/wp-content\/uploads\/2014\/12\/header-landsberg.jpg\" \/>\n\t<meta property=\"og:image:width\" content=\"960\" \/>\n\t<meta property=\"og:image:height\" content=\"360\" \/>\n\t<meta property=\"og:image:type\" content=\"image\/jpeg\" \/>\n<meta name=\"twitter:label1\" content=\"Est. reading time\" \/>\n\t<meta name=\"twitter:data1\" content=\"4 minutes\" \/>\n<script type=\"application\/ld+json\" class=\"yoast-schema-graph\">{\"@context\":\"https:\\\/\\\/schema.org\",\"@graph\":[{\"@type\":\"WebPage\",\"@id\":\"https:\\\/\\\/www.amper-aufsperrdienst.de\\\/en\\\/locksmith-unterdiesen\\\/\",\"url\":\"https:\\\/\\\/www.amper-aufsperrdienst.de\\\/en\\\/locksmith-unterdiesen\\\/\",\"name\":\"Locksmith Unterdie\u00dfen: fixed price from 52,- EUR\",\"isPartOf\":{\"@id\":\"https:\\\/\\\/www.amper-aufsperrdienst.de\\\/en\\\/#website\"},\"primaryImageOfPage\":{\"@id\":\"https:\\\/\\\/www.amper-aufsperrdienst.de\\\/en\\\/locksmith-unterdiesen\\\/#primaryimage\"},\"image\":{\"@id\":\"https:\\\/\\\/www.amper-aufsperrdienst.de\\\/en\\\/locksmith-unterdiesen\\\/#primaryimage\"},\"thumbnailUrl\":\"https:\\\/\\\/www.amper-aufsperrdienst.de\\\/wp-content\\\/uploads\\\/2014\\\/12\\\/header-landsberg.jpg\",\"datePublished\":\"2017-11-30T11:43:29+00:00\",\"dateModified\":\"2026-01-28T05:47:21+00:00\",\"description\":\"Traditional locksmith service in Unterdie\u00dfen, now in its 3rd generation: fair pricing, fixed-price guarantee, free emergency call & available 24\\\/7!\",\"breadcrumb\":{\"@id\":\"https:\\\/\\\/www.amper-aufsperrdienst.de\\\/en\\\/locksmith-unterdiesen\\\/#breadcrumb\"},\"inLanguage\":\"en-US\",\"potentialAction\":[{\"@type\":\"ReadAction\",\"target\":[\"https:\\\/\\\/www.amper-aufsperrdienst.de\\\/en\\\/locksmith-unterdiesen\\\/\"]}]},{\"@type\":\"ImageObject\",\"inLanguage\":\"en-US\",\"@id\":\"https:\\\/\\\/www.amper-aufsperrdienst.de\\\/en\\\/locksmith-unterdiesen\\\/#primaryimage\",\"url\":\"https:\\\/\\\/www.amper-aufsperrdienst.de\\\/wp-content\\\/uploads\\\/2014\\\/12\\\/header-landsberg.jpg\",\"contentUrl\":\"https:\\\/\\\/www.amper-aufsperrdienst.de\\\/wp-content\\\/uploads\\\/2014\\\/12\\\/header-landsberg.jpg\",\"width\":960,\"height\":360},{\"@type\":\"BreadcrumbList\",\"@id\":\"https:\\\/\\\/www.amper-aufsperrdienst.de\\\/en\\\/locksmith-unterdiesen\\\/#breadcrumb\",\"itemListElement\":[{\"@type\":\"ListItem\",\"position\":1,\"name\":\"Home\",\"item\":\"https:\\\/\\\/www.amper-aufsperrdienst.de\\\/en\\\/\"},{\"@type\":\"ListItem\",\"position\":2,\"name\":\"Locksmith Unterdie\u00dfen\"}]},{\"@type\":\"WebSite\",\"@id\":\"https:\\\/\\\/www.amper-aufsperrdienst.de\\\/en\\\/#website\",\"url\":\"https:\\\/\\\/www.amper-aufsperrdienst.de\\\/en\\\/\",\"name\":\"Locksmith for Munich, Dachau and F\u00fcrstenfeldbruck\",\"description\":\"Amper Aufsperrdienst\",\"potentialAction\":[{\"@type\":\"SearchAction\",\"target\":{\"@type\":\"EntryPoint\",\"urlTemplate\":\"https:\\\/\\\/www.amper-aufsperrdienst.de\\\/en\\\/?s={search_term_string}\"},\"query-input\":{\"@type\":\"PropertyValueSpecification\",\"valueRequired\":true,\"valueName\":\"search_term_string\"}}],\"inLanguage\":\"en-US\"}]}<\/script>\n<!-- \/ Yoast SEO plugin. -->","yoast_head_json":{"title":"Locksmith Unterdie\u00dfen: fixed price from 52,- EUR","description":"Traditional locksmith service in Unterdie\u00dfen, now in its 3rd generation: fair pricing, fixed-price guarantee, free emergency call & available 24\/7!","robots":{"index":"index","follow":"follow","max-snippet":"max-snippet:-1","max-image-preview":"max-image-preview:large","max-video-preview":"max-video-preview:-1"},"canonical":"https:\/\/www.amper-aufsperrdienst.de\/en\/locksmith-unterdiesen\/","og_locale":"en_US","og_type":"article","og_title":"Locksmith Unterdie\u00dfen: fixed price from 52,- EUR","og_description":"Traditional locksmith service in Unterdie\u00dfen, now in its 3rd generation: fair pricing, fixed-price guarantee, free emergency call & available 24\/7!","og_url":"https:\/\/www.amper-aufsperrdienst.de\/en\/locksmith-unterdiesen\/","og_site_name":"Locksmith for Munich, Dachau and F\u00fcrstenfeldbruck","article_modified_time":"2026-01-28T05:47:21+00:00","og_image":[{"width":960,"height":360,"url":"https:\/\/www.amper-aufsperrdienst.de\/wp-content\/uploads\/2014\/12\/header-landsberg.jpg","type":"image\/jpeg"}],"twitter_misc":{"Est. reading time":"4 minutes"},"schema":{"@context":"https:\/\/schema.org","@graph":[{"@type":"WebPage","@id":"https:\/\/www.amper-aufsperrdienst.de\/en\/locksmith-unterdiesen\/","url":"https:\/\/www.amper-aufsperrdienst.de\/en\/locksmith-unterdiesen\/","name":"Locksmith Unterdie\u00dfen: fixed price from 52,- EUR","isPartOf":{"@id":"https:\/\/www.amper-aufsperrdienst.de\/en\/#website"},"primaryImageOfPage":{"@id":"https:\/\/www.amper-aufsperrdienst.de\/en\/locksmith-unterdiesen\/#primaryimage"},"image":{"@id":"https:\/\/www.amper-aufsperrdienst.de\/en\/locksmith-unterdiesen\/#primaryimage"},"thumbnailUrl":"https:\/\/www.amper-aufsperrdienst.de\/wp-content\/uploads\/2014\/12\/header-landsberg.jpg","datePublished":"2017-11-30T11:43:29+00:00","dateModified":"2026-01-28T05:47:21+00:00","description":"Traditional locksmith service in Unterdie\u00dfen, now in its 3rd generation: fair pricing, fixed-price guarantee, free emergency call & available 24\/7!","breadcrumb":{"@id":"https:\/\/www.amper-aufsperrdienst.de\/en\/locksmith-unterdiesen\/#breadcrumb"},"inLanguage":"en-US","potentialAction":[{"@type":"ReadAction","target":["https:\/\/www.amper-aufsperrdienst.de\/en\/locksmith-unterdiesen\/"]}]},{"@type":"ImageObject","inLanguage":"en-US","@id":"https:\/\/www.amper-aufsperrdienst.de\/en\/locksmith-unterdiesen\/#primaryimage","url":"https:\/\/www.amper-aufsperrdienst.de\/wp-content\/uploads\/2014\/12\/header-landsberg.jpg","contentUrl":"https:\/\/www.amper-aufsperrdienst.de\/wp-content\/uploads\/2014\/12\/header-landsberg.jpg","width":960,"height":360},{"@type":"BreadcrumbList","@id":"https:\/\/www.amper-aufsperrdienst.de\/en\/locksmith-unterdiesen\/#breadcrumb","itemListElement":[{"@type":"ListItem","position":1,"name":"Home","item":"https:\/\/www.amper-aufsperrdienst.de\/en\/"},{"@type":"ListItem","position":2,"name":"Locksmith Unterdie\u00dfen"}]},{"@type":"WebSite","@id":"https:\/\/www.amper-aufsperrdienst.de\/en\/#website","url":"https:\/\/www.amper-aufsperrdienst.de\/en\/","name":"Locksmith for Munich, Dachau and F\u00fcrstenfeldbruck","description":"Amper Aufsperrdienst","potentialAction":[{"@type":"SearchAction","target":{"@type":"EntryPoint","urlTemplate":"https:\/\/www.amper-aufsperrdienst.de\/en\/?s={search_term_string}"},"query-input":{"@type":"PropertyValueSpecification","valueRequired":true,"valueName":"search_term_string"}}],"inLanguage":"en-US"}]}},"_links":{"self":[{"href":"https:\/\/www.amper-aufsperrdienst.de\/en\/wp-json\/wp\/v2\/pages\/12602","targetHints":{"allow":["GET"]}}],"collection":[{"href":"https:\/\/www.amper-aufsperrdienst.de\/en\/wp-json\/wp\/v2\/pages"}],"about":[{"href":"https:\/\/www.amper-aufsperrdienst.de\/en\/wp-json\/wp\/v2\/types\/page"}],"author":[{"embeddable":true,"href":"https:\/\/www.amper-aufsperrdienst.de\/en\/wp-json\/wp\/v2\/users\/2"}],"replies":[{"embeddable":true,"href":"https:\/\/www.amper-aufsperrdienst.de\/en\/wp-json\/wp\/v2\/comments?post=12602"}],"version-history":[{"count":1,"href":"https:\/\/www.amper-aufsperrdienst.de\/en\/wp-json\/wp\/v2\/pages\/12602\/revisions"}],"predecessor-version":[{"id":12652,"href":"https:\/\/www.amper-aufsperrdienst.de\/en\/wp-json\/wp\/v2\/pages\/12602\/revisions\/12652"}],"wp:featuredmedia":[{"embeddable":true,"href":"https:\/\/www.amper-aufsperrdienst.de\/en\/wp-json\/wp\/v2\/media\/11709"}],"wp:attachment":[{"href":"https:\/\/www.amper-aufsperrdienst.de\/en\/wp-json\/wp\/v2\/media?parent=12602"}],"curies":[{"name":"wp","href":"https:\/\/api.w.org\/{rel}","templated":true}]}}