{"id":12611,"date":"2018-05-02T07:33:52","date_gmt":"2018-05-02T05:33:52","guid":{"rendered":"https:\/\/www.amper-aufsperrdienst.de\/schluesseldienst-augsburg-schwibbogenplatz\/"},"modified":"2026-01-27T09:52:44","modified_gmt":"2026-01-27T07:52:44","slug":"locksmith-augsburg-schwibbogenplatz","status":"publish","type":"page","link":"https:\/\/www.amper-aufsperrdienst.de\/en\/locksmith-augsburg-schwibbogenplatz\/","title":{"rendered":"Locksmith Augsburg Schwibbogenplatz"},"content":{"rendered":"<p><img loading=\"lazy\" decoding=\"async\" class=\"alignleft\" style=\"margin-bottom: 5px !important;\" src=\"https:\/\/www.amper-aufsperrdienst.de\/wp-content\/uploads\/2021\/03\/schluesseldienst-augsburg-schwibbogenplatz-festpreis-ab-52-siegel.jpg\" alt=\"Locksmith Amper - locksmith service Augsburg-Schwibbogenplatz with a fixed price starting from 52,- EUR\" width=\"250\" height=\"250\" \/><\/p>\n<p>You live in Augsburg&#8217;s beautiful old town right by the Schwibbogenplatz, but you find yourself in a very unpleasant predicament because you&#8217;ve accidentally locked yourself out of your own apartment? Your handbag was stolen, and your keys were inside? Did you just want to take the dog out for a quick walk when the door closed and you realized you hadn&#8217;t taken your keys with you?<\/p>\n<p>We&#8217;re happy to help you out of a jam if you need an honest, fair, and reliable locksmith in Augsburg&#8217;s Schwibbogenplatz area! We specialize in non-destructive door openings and will come to you immediately after you call. Our fixed prices are absolutely fair. We&#8217;ll be there in about 30 minutes and are even available on Sundays and public holidays!<\/p>\n          <!-- tarif -->\n<h2><b><span style=\"vertical-align: inherit;\"><span style=\"vertical-align: inherit;\">Our binding fixed prices start from \u20ac52.<\/span><\/span><\/b><\/h2>\n<p>Amper Locksmith Service is a fair locksmith service with transparent fixed prices:<\/p>\n<div class=\"table-title\">\n\tPRICE LIST  UNLOCK\n<\/div>\n<!-- Table part-->\n<table class=\"table\">\n  <thead class=\"header\">\n\t  <tr>\n     \t <th scope=\"col\">Time<\/th>\n     \t <th scope=\"col\">8 - 18<\/th>\n     \t <th scope=\"col\">18 - 22<\/th>\n     \t <th scope=\"col\">22 - 8<\/th>\n\t<\/tr>\n  <\/thead>\n  <tbody>\n     \t  <tr class=\"weekdays\">\n     \t  \t  <td class=\"tag\" data-label=\"Time\">Mo - Fr<\/td>\n     \t  \t  <td class=\"hrs tag\" data-label=\"8 - 18\">52,- \u20ac<\/td>\n     \t  \t  <td class=\"tag space\" data-label=\"18 - 22\">82,- \u20ac<\/td>\n     \t  \t  <td data-label=\"22 - 8\">95,- \u20ac<\/td>\n     \t  <\/tr>\n     <tr class=\"weekends\">\n     \t  \t  <td class=\"tag\" data-label=\"Time\">Sa<\/td>\n     \t  \t  <td class=\"tag\" data-label=\"8 - 18\">95,- \u20ac<\/td>\n     \t  \t  <td class=\"tag\" data-label=\"18 - 22\">95,- \u20ac<\/td>\n     \t  \t  <td data-label=\"22 - 8\">125,- \u20ac<\/td>\n     \t  <\/tr>\n     <tr class=\"holidays\">\n     \t  \t  <td class=\"tag\" data-label=\"Time\">So & holiday<\/td>\n     \t  \t  <td class=\"tag\" data-label=\"8 - 18\">125,- \u20ac<\/td>\n     \t  \t  <td class=\"tag\" data-label=\"18 - 22\">125,-\u20ac<\/td>\n     \t  \t  <td data-label=\"22 - 8\">125,-\u20ac<\/td>\n     \t  <\/tr>\n     <\/tbody>\n<\/table>\n<!-- Table Description-->\n<div class=\"table-description\">\n\t<em>Please call to inquire about travel costs.<\/em>\n<\/div>\n<!-- Wordings below -->\n<div class=\"wordings\">\n<p>The prices listed in this table are binding for unlocking a door that has slammed shut or been pulled shut (without self-locking mechanisms). Please feel free to contact us if you would like a price quote for other locksmith services. We will gladly provide you with a transparent, fixed-price offer.<\/p>\n<\/div>\n\n<!-- END Wordings -->\n\n\n\n<div class=\"ansprech\">Traditional locksmith service Augsburg Schwibbogenplatz with extensive expertise and experience<br \/>\n<h3 class=\"phone mobilesOnly\"><a href=\"tel:+498000131131\">0800 \/ 0 131 131<\/a><\/h3><h3 class=\"phone desktopOnly\"><a href=\"tel:+498000131131\">0800 \/ 0 131 131<\/a><\/h3>24\/7 emergency service, use of top-of-the-line locksmith tools, and affordable fixed prices<\/div>\n<h2>Schwibbogenplatz in Augsburg&#8217;s Old Town<\/h2>\n<p>Schwibbogenplatz, named after the Schwibbogentor (arched gate), is located in Augsburg&#8217;s charming old town. It offers plenty of shade in the summer, making it a pleasant place to relax. The Schwibbogentor stood on the site of the square until the second half of the 19th century. Today, a villa used by the Augsburg Youth Council occupies the site. There is also an old, listed observation tower.<\/p>\n<p>The most important surrounding streets of Schwibbogenplatz are Forsterstra\u00dfe, Provinostra\u00dfe, Remboldstra\u00dfe, and Wolfsg\u00e4\u00dfchen.<\/p>\n<h2>Locksmith Augsburg Schwibbogenplatz: available around the clock!<\/h2>\n<p>Are you looking for a fast, experienced, and reliable locksmith in Augsburg Schwibbogenplatz who is available not only on weekdays at specific times, but also around the clock on Sundays and public holidays? We are a true 24\/7 emergency service, always there for you when you need the competent and professional assistance of a locksmith. Have you locked yourself out on Easter, Pentecost, Christmas, or New Year&#8217;s Day? No problem! We are happy to help and will unlock your locked or jammed apartment door for a fair, fixed price!<\/p>\n<h2>Against Fraud and Rip-offs<\/h2>\n<p>As a traditional, third-generation family business, it is of utmost importance to us that we convince our customers with our fair and transparent approach. The prices we quote are therefore fixed, all-inclusive prices! There are no hidden costs with us. We clearly distance ourselves from any kind of fraud or rip-off. We know that, unfortunately, there are a few bad apples in our industry who charge several hundred or even thousands of euros for a standard door opening. You certainly won&#8217;t find such exorbitant prices with us!<\/p>\n<h2>Damage-free door opening at Schwibbogenplatz<\/h2>\n<p>We specialize in damage-free door openings using specialized tools. Our employees are friendly and well-trained, and of course, they know how to use their specialized tools to their fullest potential. In over 99% of our jobs, we manage to avoid causing any costly consequential damage to the door. This is only possible with extensive experience, skill, and the right tools!<\/p>\n<p>Do you need an experienced and reliable locksmith in Augsburg Schwibbogenplatz as soon as possible? Contact us anytime, free of charge; we&#8217;re happy to help!<\/p>\n<div class=\"ansprech\">Traditional locksmith service Augsburg Schwibbogenplatz with extensive know-how and experience<br \/>\n<h3 class=\"phone mobilesOnly\"><a href=\"tel:+498000131131\">0800 \/ 0 131 131<\/a><\/h3><h3 class=\"phone desktopOnly\"><a href=\"tel:+498000131131\">0800 \/ 0 131 131<\/a><\/h3>24\/7 emergency service, use of the best locksmith tools and affordable fixed prices<\/div>\n","protected":false},"excerpt":{"rendered":"<p>You live in Augsburg&#8217;s beautiful old town right by the Schwibbogenplatz, but you find yourself in a very unpleasant predicament because you&#8217;ve accidentally locked yourself out of your own apartment? Your handbag was stolen, and your keys were inside? Did you just want to take the dog out for a quick walk when the door [&hellip;]<\/p>\n","protected":false},"author":2,"featured_media":10927,"parent":0,"menu_order":0,"comment_status":"closed","ping_status":"closed","template":"","meta":{"footnotes":"","_links_to":"","_links_to_target":""},"class_list":["post-12611","page","type-page","status-publish","has-post-thumbnail","hentry"],"yoast_head":"<!-- This site is optimized with the Yoast SEO plugin v27.4 - https:\/\/yoast.com\/product\/yoast-seo-wordpress\/ -->\n<title>Locksmith Augsburg Schwibbogenplatz: from \u20ac52,- fixed price<\/title>\n<meta name=\"description\" content=\"Traditional and experienced locksmith service in Augsburg&#039;s Schwibbogenplatz district, featuring friendly locksmith experts, 24\/7 availability, a freephone number, and affordable fixed prices: damage-free door opening with specialized tools in approximately 30 minutes. Available 24\/7, including Sundays and public holidays!\" \/>\n<meta name=\"robots\" content=\"index, follow, max-snippet:-1, max-image-preview:large, max-video-preview:-1\" \/>\n<link rel=\"canonical\" href=\"https:\/\/www.amper-aufsperrdienst.de\/en\/locksmith-augsburg-schwibbogenplatz\/\" \/>\n<meta property=\"og:locale\" content=\"en_US\" \/>\n<meta property=\"og:type\" content=\"article\" \/>\n<meta property=\"og:title\" content=\"Locksmith Augsburg Schwibbogenplatz: from \u20ac52,- fixed price\" \/>\n<meta property=\"og:description\" content=\"Traditional and experienced locksmith service in Augsburg&#039;s Schwibbogenplatz district, featuring friendly locksmith experts, 24\/7 availability, a freephone number, and affordable fixed prices: damage-free door opening with specialized tools in approximately 30 minutes. Available 24\/7, including Sundays and public holidays!\" \/>\n<meta property=\"og:url\" content=\"https:\/\/www.amper-aufsperrdienst.de\/en\/locksmith-augsburg-schwibbogenplatz\/\" \/>\n<meta property=\"og:site_name\" content=\"Locksmith for Munich, Dachau and F\u00fcrstenfeldbruck\" \/>\n<meta property=\"article:modified_time\" content=\"2026-01-27T07:52:44+00:00\" \/>\n<meta property=\"og:image\" content=\"https:\/\/www.amper-aufsperrdienst.de\/wp-content\/uploads\/2014\/12\/header-augsburg.jpg\" \/>\n\t<meta property=\"og:image:width\" content=\"960\" \/>\n\t<meta property=\"og:image:height\" content=\"360\" \/>\n\t<meta property=\"og:image:type\" content=\"image\/jpeg\" \/>\n<meta name=\"twitter:label1\" content=\"Est. reading time\" \/>\n\t<meta name=\"twitter:data1\" content=\"4 minutes\" \/>\n<script type=\"application\/ld+json\" class=\"yoast-schema-graph\">{\"@context\":\"https:\\\/\\\/schema.org\",\"@graph\":[{\"@type\":\"WebPage\",\"@id\":\"https:\\\/\\\/www.amper-aufsperrdienst.de\\\/en\\\/locksmith-augsburg-schwibbogenplatz\\\/\",\"url\":\"https:\\\/\\\/www.amper-aufsperrdienst.de\\\/en\\\/locksmith-augsburg-schwibbogenplatz\\\/\",\"name\":\"Locksmith Augsburg Schwibbogenplatz: from \u20ac52,- fixed price\",\"isPartOf\":{\"@id\":\"https:\\\/\\\/www.amper-aufsperrdienst.de\\\/en\\\/#website\"},\"primaryImageOfPage\":{\"@id\":\"https:\\\/\\\/www.amper-aufsperrdienst.de\\\/en\\\/locksmith-augsburg-schwibbogenplatz\\\/#primaryimage\"},\"image\":{\"@id\":\"https:\\\/\\\/www.amper-aufsperrdienst.de\\\/en\\\/locksmith-augsburg-schwibbogenplatz\\\/#primaryimage\"},\"thumbnailUrl\":\"https:\\\/\\\/www.amper-aufsperrdienst.de\\\/wp-content\\\/uploads\\\/2014\\\/12\\\/header-augsburg.jpg\",\"datePublished\":\"2018-05-02T05:33:52+00:00\",\"dateModified\":\"2026-01-27T07:52:44+00:00\",\"description\":\"Traditional and experienced locksmith service in Augsburg's Schwibbogenplatz district, featuring friendly locksmith experts, 24\\\/7 availability, a freephone number, and affordable fixed prices: damage-free door opening with specialized tools in approximately 30 minutes. Available 24\\\/7, including Sundays and public holidays!\",\"breadcrumb\":{\"@id\":\"https:\\\/\\\/www.amper-aufsperrdienst.de\\\/en\\\/locksmith-augsburg-schwibbogenplatz\\\/#breadcrumb\"},\"inLanguage\":\"en-US\",\"potentialAction\":[{\"@type\":\"ReadAction\",\"target\":[\"https:\\\/\\\/www.amper-aufsperrdienst.de\\\/en\\\/locksmith-augsburg-schwibbogenplatz\\\/\"]}]},{\"@type\":\"ImageObject\",\"inLanguage\":\"en-US\",\"@id\":\"https:\\\/\\\/www.amper-aufsperrdienst.de\\\/en\\\/locksmith-augsburg-schwibbogenplatz\\\/#primaryimage\",\"url\":\"https:\\\/\\\/www.amper-aufsperrdienst.de\\\/wp-content\\\/uploads\\\/2014\\\/12\\\/header-augsburg.jpg\",\"contentUrl\":\"https:\\\/\\\/www.amper-aufsperrdienst.de\\\/wp-content\\\/uploads\\\/2014\\\/12\\\/header-augsburg.jpg\",\"width\":960,\"height\":360},{\"@type\":\"BreadcrumbList\",\"@id\":\"https:\\\/\\\/www.amper-aufsperrdienst.de\\\/en\\\/locksmith-augsburg-schwibbogenplatz\\\/#breadcrumb\",\"itemListElement\":[{\"@type\":\"ListItem\",\"position\":1,\"name\":\"Home\",\"item\":\"https:\\\/\\\/www.amper-aufsperrdienst.de\\\/en\\\/\"},{\"@type\":\"ListItem\",\"position\":2,\"name\":\"Locksmith Augsburg Schwibbogenplatz\"}]},{\"@type\":\"WebSite\",\"@id\":\"https:\\\/\\\/www.amper-aufsperrdienst.de\\\/en\\\/#website\",\"url\":\"https:\\\/\\\/www.amper-aufsperrdienst.de\\\/en\\\/\",\"name\":\"Locksmith for Munich, Dachau and F\u00fcrstenfeldbruck\",\"description\":\"Amper Aufsperrdienst\",\"potentialAction\":[{\"@type\":\"SearchAction\",\"target\":{\"@type\":\"EntryPoint\",\"urlTemplate\":\"https:\\\/\\\/www.amper-aufsperrdienst.de\\\/en\\\/?s={search_term_string}\"},\"query-input\":{\"@type\":\"PropertyValueSpecification\",\"valueRequired\":true,\"valueName\":\"search_term_string\"}}],\"inLanguage\":\"en-US\"}]}<\/script>\n<!-- \/ Yoast SEO plugin. -->","yoast_head_json":{"title":"Locksmith Augsburg Schwibbogenplatz: from \u20ac52,- fixed price","description":"Traditional and experienced locksmith service in Augsburg's Schwibbogenplatz district, featuring friendly locksmith experts, 24\/7 availability, a freephone number, and affordable fixed prices: damage-free door opening with specialized tools in approximately 30 minutes. Available 24\/7, including Sundays and public holidays!","robots":{"index":"index","follow":"follow","max-snippet":"max-snippet:-1","max-image-preview":"max-image-preview:large","max-video-preview":"max-video-preview:-1"},"canonical":"https:\/\/www.amper-aufsperrdienst.de\/en\/locksmith-augsburg-schwibbogenplatz\/","og_locale":"en_US","og_type":"article","og_title":"Locksmith Augsburg Schwibbogenplatz: from \u20ac52,- fixed price","og_description":"Traditional and experienced locksmith service in Augsburg's Schwibbogenplatz district, featuring friendly locksmith experts, 24\/7 availability, a freephone number, and affordable fixed prices: damage-free door opening with specialized tools in approximately 30 minutes. Available 24\/7, including Sundays and public holidays!","og_url":"https:\/\/www.amper-aufsperrdienst.de\/en\/locksmith-augsburg-schwibbogenplatz\/","og_site_name":"Locksmith for Munich, Dachau and F\u00fcrstenfeldbruck","article_modified_time":"2026-01-27T07:52:44+00:00","og_image":[{"width":960,"height":360,"url":"https:\/\/www.amper-aufsperrdienst.de\/wp-content\/uploads\/2014\/12\/header-augsburg.jpg","type":"image\/jpeg"}],"twitter_misc":{"Est. reading time":"4 minutes"},"schema":{"@context":"https:\/\/schema.org","@graph":[{"@type":"WebPage","@id":"https:\/\/www.amper-aufsperrdienst.de\/en\/locksmith-augsburg-schwibbogenplatz\/","url":"https:\/\/www.amper-aufsperrdienst.de\/en\/locksmith-augsburg-schwibbogenplatz\/","name":"Locksmith Augsburg Schwibbogenplatz: from \u20ac52,- fixed price","isPartOf":{"@id":"https:\/\/www.amper-aufsperrdienst.de\/en\/#website"},"primaryImageOfPage":{"@id":"https:\/\/www.amper-aufsperrdienst.de\/en\/locksmith-augsburg-schwibbogenplatz\/#primaryimage"},"image":{"@id":"https:\/\/www.amper-aufsperrdienst.de\/en\/locksmith-augsburg-schwibbogenplatz\/#primaryimage"},"thumbnailUrl":"https:\/\/www.amper-aufsperrdienst.de\/wp-content\/uploads\/2014\/12\/header-augsburg.jpg","datePublished":"2018-05-02T05:33:52+00:00","dateModified":"2026-01-27T07:52:44+00:00","description":"Traditional and experienced locksmith service in Augsburg's Schwibbogenplatz district, featuring friendly locksmith experts, 24\/7 availability, a freephone number, and affordable fixed prices: damage-free door opening with specialized tools in approximately 30 minutes. Available 24\/7, including Sundays and public holidays!","breadcrumb":{"@id":"https:\/\/www.amper-aufsperrdienst.de\/en\/locksmith-augsburg-schwibbogenplatz\/#breadcrumb"},"inLanguage":"en-US","potentialAction":[{"@type":"ReadAction","target":["https:\/\/www.amper-aufsperrdienst.de\/en\/locksmith-augsburg-schwibbogenplatz\/"]}]},{"@type":"ImageObject","inLanguage":"en-US","@id":"https:\/\/www.amper-aufsperrdienst.de\/en\/locksmith-augsburg-schwibbogenplatz\/#primaryimage","url":"https:\/\/www.amper-aufsperrdienst.de\/wp-content\/uploads\/2014\/12\/header-augsburg.jpg","contentUrl":"https:\/\/www.amper-aufsperrdienst.de\/wp-content\/uploads\/2014\/12\/header-augsburg.jpg","width":960,"height":360},{"@type":"BreadcrumbList","@id":"https:\/\/www.amper-aufsperrdienst.de\/en\/locksmith-augsburg-schwibbogenplatz\/#breadcrumb","itemListElement":[{"@type":"ListItem","position":1,"name":"Home","item":"https:\/\/www.amper-aufsperrdienst.de\/en\/"},{"@type":"ListItem","position":2,"name":"Locksmith Augsburg Schwibbogenplatz"}]},{"@type":"WebSite","@id":"https:\/\/www.amper-aufsperrdienst.de\/en\/#website","url":"https:\/\/www.amper-aufsperrdienst.de\/en\/","name":"Locksmith for Munich, Dachau and F\u00fcrstenfeldbruck","description":"Amper Aufsperrdienst","potentialAction":[{"@type":"SearchAction","target":{"@type":"EntryPoint","urlTemplate":"https:\/\/www.amper-aufsperrdienst.de\/en\/?s={search_term_string}"},"query-input":{"@type":"PropertyValueSpecification","valueRequired":true,"valueName":"search_term_string"}}],"inLanguage":"en-US"}]}},"_links":{"self":[{"href":"https:\/\/www.amper-aufsperrdienst.de\/en\/wp-json\/wp\/v2\/pages\/12611","targetHints":{"allow":["GET"]}}],"collection":[{"href":"https:\/\/www.amper-aufsperrdienst.de\/en\/wp-json\/wp\/v2\/pages"}],"about":[{"href":"https:\/\/www.amper-aufsperrdienst.de\/en\/wp-json\/wp\/v2\/types\/page"}],"author":[{"embeddable":true,"href":"https:\/\/www.amper-aufsperrdienst.de\/en\/wp-json\/wp\/v2\/users\/2"}],"replies":[{"embeddable":true,"href":"https:\/\/www.amper-aufsperrdienst.de\/en\/wp-json\/wp\/v2\/comments?post=12611"}],"version-history":[{"count":2,"href":"https:\/\/www.amper-aufsperrdienst.de\/en\/wp-json\/wp\/v2\/pages\/12611\/revisions"}],"predecessor-version":[{"id":12717,"href":"https:\/\/www.amper-aufsperrdienst.de\/en\/wp-json\/wp\/v2\/pages\/12611\/revisions\/12717"}],"wp:featuredmedia":[{"embeddable":true,"href":"https:\/\/www.amper-aufsperrdienst.de\/en\/wp-json\/wp\/v2\/media\/10927"}],"wp:attachment":[{"href":"https:\/\/www.amper-aufsperrdienst.de\/en\/wp-json\/wp\/v2\/media?parent=12611"}],"curies":[{"name":"wp","href":"https:\/\/api.w.org\/{rel}","templated":true}]}}