{"id":12614,"date":"2018-05-01T13:09:49","date_gmt":"2018-05-01T11:09:49","guid":{"rendered":"https:\/\/www.amper-aufsperrdienst.de\/schluesseldienst-augsburg-rathausplatz\/"},"modified":"2026-01-27T09:55:46","modified_gmt":"2026-01-27T07:55:46","slug":"locksmith-augsburg-rathausplatz","status":"publish","type":"page","link":"https:\/\/www.amper-aufsperrdienst.de\/en\/locksmith-augsburg-rathausplatz\/","title":{"rendered":"Locksmith Augsburg Rathausplatz"},"content":{"rendered":"<p><img loading=\"lazy\" decoding=\"async\" class=\"alignleft\" style=\"margin-bottom: 5px !important;\" src=\"https:\/\/www.amper-aufsperrdienst.de\/wp-content\/uploads\/2021\/03\/schluesseldienst-augsburg-rathausplatz-festpreis-ab-52-siegel.jpg\" alt=\"Locksmith Amper - locksmith service Augsburg-Rathausplatz with a fixed price starting from 52,- EUR\" width=\"250\" height=\"250\" \/><\/p>\n<p>You have an apartment right on Augsburg&#8217;s town hall square, but you&#8217;re anything but happy because you&#8217;re standing in front of a door you can&#8217;t unlock yourself? Did you just want to take a quick stroll in Augsburg&#8217;s city center when the door slammed shut and you realized you didn&#8217;t have your keys with you? Or are you just returning from vacation and can&#8217;t find your key because you obviously left it in your hotel room?<\/p>\n<p>There are many reasons why you might find yourself locked out. But don&#8217;t despair! Instead, call our experienced, traditional, and trustworthy locksmith service, a third-generation family business operating in Augsburg&#8217;s Rathausplatz district. Our fixed prices are absolutely fair and remain valid even after we&#8217;ve unlocked your door. We specialize in damage-free door openings and will come to you immediately after you call. We typically arrive within half an hour!<\/p>\n          <!-- tarif -->\n<h2><b><span style=\"vertical-align: inherit;\"><span style=\"vertical-align: inherit;\">Our binding fixed prices start from \u20ac52.<\/span><\/span><\/b><\/h2>\n<p>Amper Locksmith Service is a fair locksmith service with transparent fixed prices:<\/p>\n<div class=\"table-title\">\n\tPRICE LIST  UNLOCK\n<\/div>\n<!-- Table part-->\n<table class=\"table\">\n  <thead class=\"header\">\n\t  <tr>\n     \t <th scope=\"col\">Time<\/th>\n     \t <th scope=\"col\">8 - 18<\/th>\n     \t <th scope=\"col\">18 - 22<\/th>\n     \t <th scope=\"col\">22 - 8<\/th>\n\t<\/tr>\n  <\/thead>\n  <tbody>\n     \t  <tr class=\"weekdays\">\n     \t  \t  <td class=\"tag\" data-label=\"Time\">Mo - Fr<\/td>\n     \t  \t  <td class=\"hrs tag\" data-label=\"8 - 18\">52,- \u20ac<\/td>\n     \t  \t  <td class=\"tag space\" data-label=\"18 - 22\">82,- \u20ac<\/td>\n     \t  \t  <td data-label=\"22 - 8\">95,- \u20ac<\/td>\n     \t  <\/tr>\n     <tr class=\"weekends\">\n     \t  \t  <td class=\"tag\" data-label=\"Time\">Sa<\/td>\n     \t  \t  <td class=\"tag\" data-label=\"8 - 18\">95,- \u20ac<\/td>\n     \t  \t  <td class=\"tag\" data-label=\"18 - 22\">95,- \u20ac<\/td>\n     \t  \t  <td data-label=\"22 - 8\">125,- \u20ac<\/td>\n     \t  <\/tr>\n     <tr class=\"holidays\">\n     \t  \t  <td class=\"tag\" data-label=\"Time\">So & holiday<\/td>\n     \t  \t  <td class=\"tag\" data-label=\"8 - 18\">125,- \u20ac<\/td>\n     \t  \t  <td class=\"tag\" data-label=\"18 - 22\">125,-\u20ac<\/td>\n     \t  \t  <td data-label=\"22 - 8\">125,-\u20ac<\/td>\n     \t  <\/tr>\n     <\/tbody>\n<\/table>\n<!-- Table Description-->\n<div class=\"table-description\">\n\t<em>Please call to inquire about travel costs.<\/em>\n<\/div>\n<!-- Wordings below -->\n<div class=\"wordings\">\n<p>The prices listed in this table are binding for unlocking a door that has slammed shut or been pulled shut (without self-locking mechanisms). Please feel free to contact us if you would like a price quote for other locksmith services. We will gladly provide you with a transparent, fixed-price offer.<\/p>\n<\/div>\n\n<!-- END Wordings -->\n\n\n\n<div class=\"ansprech\">Traditional locksmith service Augsburg Rathausplatz with competent and friendly locksmiths<br \/>\n<h3 class=\"phone mobilesOnly\"><a href=\"tel:+498000131131\">0800 \/ 0 131 131<\/a><\/h3><h3 class=\"phone desktopOnly\"><a href=\"tel:+498000131131\">0800 \/ 0 131 131<\/a><\/h3>Free 24-hour hotline, use of professional tools and fixed price guarantee<\/div>\n<h2>The Rathausplatz in the heart of Augsburg<\/h2>\n<p>As the name suggests, the Rathausplatz is located directly next to the beautiful Augsburg Town Hall in the center of the historic city. It is surrounded by the historic streets Am Perlachberg, Karolinenstra\u00dfe, Maximilianstra\u00dfe and Philippine-Welser-Stra\u00dfe. The Rathausplatz, which measures approximately 80 meters by 80 meters, often hosts wonderful events and festivals. Numerous historic buildings and beautiful structures are located near the Rathausplatz, making it a popular destination.<\/p>\n<p>Particularly worth seeing are Augsburg&#8217;s Town Hall itself, the Augustus Fountain, and the Perlach Tower. Augsburg&#8217;s Town Hall also boasts a &#8220;Golden Hall,&#8221; which attracts many tourists.<\/p>\n<p>In general, Augsburg&#8217;s Town Hall Square is one of the city&#8217;s most striking squares. Most sightseeing tours begin right here. There are also numerous excellent cafes, bars, and restaurants.<\/p>\n<h2>Augsburg Town Hall Square Locksmith Service: Fast Service with Fixed Price Guarantee<\/h2>\n<p>Have you unfortunately locked yourself out at the Town Hall Square and now urgently need a fast and reliable locksmith service that will help you out of your predicament for a fair fixed price? In this case, please call us free of charge and describe your emergency. Based on your description, we will tell you directly over the phone what we can do for you and what fixed price we would charge. This fixed price is, of course, non-negotiable. After the door has been opened, we will not add any further charges. Because transparency and fairness are very important to us!<\/p>\n<h2>Locked out on the weekend or holiday?<\/h2>\n<p>Do you need our expert help on a Sunday or holiday? Even in such cases, we are the right contact for you. As a genuine emergency service, we don&#8217;t just come to you on weekdays during &#8220;normal&#8221; business hours; we are available 24\/7, 365 days a year! Our free 24-hour emergency hotline is always available \u2013 whether you need our help on a weekday, on the weekend, or at Christmas!<\/p>\n<h2>Protect your property better against burglary<\/h2>\n<p>Of course, you can not only hire us for non-destructive door opening at a reasonable fixed price, but we also help you better protect your property against burglary with suitable locking systems. We will gladly create a detailed security concept in close consultation with you. Based on this concept, we will then install high-quality locking systems on your windows and doors.<\/p>\n<p>Are you currently looking for a transparent, competent, and trustworthy locksmith in Augsburg&#8217;s Rathausplatz area? Simply call us free of charge! We are happy to assist you!<\/p>\n<div class=\"ansprech\">Traditional locksmith service Augsburg Rathausplatz with competent and friendly locksmiths<br \/>\n<h3 class=\"phone mobilesOnly\"><a href=\"tel:+498000131131\">0800 \/ 0 131 131<\/a><\/h3><h3 class=\"phone desktopOnly\"><a href=\"tel:+498000131131\">0800 \/ 0 131 131<\/a><\/h3>Free 24-hour hotline, use of professional tools and fixed price guarantee<\/div>\n","protected":false},"excerpt":{"rendered":"<p>You have an apartment right on Augsburg&#8217;s town hall square, but you&#8217;re anything but happy because you&#8217;re standing in front of a door you can&#8217;t unlock yourself? Did you just want to take a quick stroll in Augsburg&#8217;s city center when the door slammed shut and you realized you didn&#8217;t have your keys with you? [&hellip;]<\/p>\n","protected":false},"author":2,"featured_media":10927,"parent":0,"menu_order":0,"comment_status":"closed","ping_status":"closed","template":"","meta":{"footnotes":"","_links_to":"","_links_to_target":""},"class_list":["post-12614","page","type-page","status-publish","has-post-thumbnail","hentry"],"yoast_head":"<!-- This site is optimized with the Yoast SEO plugin v27.4 - https:\/\/yoast.com\/product\/yoast-seo-wordpress\/ -->\n<title>Locksmith Augsburg Rathausplatz: from \u20ac52,- fixed price<\/title>\n<meta name=\"description\" content=\"Traditional and fair locksmith service in Augsburg&#039;s Rathausplatz with experienced locksmiths, fixed price guarantee, 24\/7 service and free telephone number: fast, non-destructive door opening in just about 30 minutes. Our friendly staff will gladly unlock your door even on weekends or holidays!\" \/>\n<meta name=\"robots\" content=\"index, follow, max-snippet:-1, max-image-preview:large, max-video-preview:-1\" \/>\n<link rel=\"canonical\" href=\"https:\/\/www.amper-aufsperrdienst.de\/en\/locksmith-augsburg-rathausplatz\/\" \/>\n<meta property=\"og:locale\" content=\"en_US\" \/>\n<meta property=\"og:type\" content=\"article\" \/>\n<meta property=\"og:title\" content=\"Locksmith Augsburg Rathausplatz: from \u20ac52,- fixed price\" \/>\n<meta property=\"og:description\" content=\"Traditional and fair locksmith service in Augsburg&#039;s Rathausplatz with experienced locksmiths, fixed price guarantee, 24\/7 service and free telephone number: fast, non-destructive door opening in just about 30 minutes. Our friendly staff will gladly unlock your door even on weekends or holidays!\" \/>\n<meta property=\"og:url\" content=\"https:\/\/www.amper-aufsperrdienst.de\/en\/locksmith-augsburg-rathausplatz\/\" \/>\n<meta property=\"og:site_name\" content=\"Locksmith for Munich, Dachau and F\u00fcrstenfeldbruck\" \/>\n<meta property=\"article:modified_time\" content=\"2026-01-27T07:55:46+00:00\" \/>\n<meta property=\"og:image\" content=\"https:\/\/www.amper-aufsperrdienst.de\/wp-content\/uploads\/2014\/12\/header-augsburg.jpg\" \/>\n\t<meta property=\"og:image:width\" content=\"960\" \/>\n\t<meta property=\"og:image:height\" content=\"360\" \/>\n\t<meta property=\"og:image:type\" content=\"image\/jpeg\" \/>\n<meta name=\"twitter:label1\" content=\"Est. reading time\" \/>\n\t<meta name=\"twitter:data1\" content=\"4 minutes\" \/>\n<script type=\"application\/ld+json\" class=\"yoast-schema-graph\">{\"@context\":\"https:\\\/\\\/schema.org\",\"@graph\":[{\"@type\":\"WebPage\",\"@id\":\"https:\\\/\\\/www.amper-aufsperrdienst.de\\\/en\\\/locksmith-augsburg-rathausplatz\\\/\",\"url\":\"https:\\\/\\\/www.amper-aufsperrdienst.de\\\/en\\\/locksmith-augsburg-rathausplatz\\\/\",\"name\":\"Locksmith Augsburg Rathausplatz: from \u20ac52,- fixed price\",\"isPartOf\":{\"@id\":\"https:\\\/\\\/www.amper-aufsperrdienst.de\\\/en\\\/#website\"},\"primaryImageOfPage\":{\"@id\":\"https:\\\/\\\/www.amper-aufsperrdienst.de\\\/en\\\/locksmith-augsburg-rathausplatz\\\/#primaryimage\"},\"image\":{\"@id\":\"https:\\\/\\\/www.amper-aufsperrdienst.de\\\/en\\\/locksmith-augsburg-rathausplatz\\\/#primaryimage\"},\"thumbnailUrl\":\"https:\\\/\\\/www.amper-aufsperrdienst.de\\\/wp-content\\\/uploads\\\/2014\\\/12\\\/header-augsburg.jpg\",\"datePublished\":\"2018-05-01T11:09:49+00:00\",\"dateModified\":\"2026-01-27T07:55:46+00:00\",\"description\":\"Traditional and fair locksmith service in Augsburg's Rathausplatz with experienced locksmiths, fixed price guarantee, 24\\\/7 service and free telephone number: fast, non-destructive door opening in just about 30 minutes. Our friendly staff will gladly unlock your door even on weekends or holidays!\",\"breadcrumb\":{\"@id\":\"https:\\\/\\\/www.amper-aufsperrdienst.de\\\/en\\\/locksmith-augsburg-rathausplatz\\\/#breadcrumb\"},\"inLanguage\":\"en-US\",\"potentialAction\":[{\"@type\":\"ReadAction\",\"target\":[\"https:\\\/\\\/www.amper-aufsperrdienst.de\\\/en\\\/locksmith-augsburg-rathausplatz\\\/\"]}]},{\"@type\":\"ImageObject\",\"inLanguage\":\"en-US\",\"@id\":\"https:\\\/\\\/www.amper-aufsperrdienst.de\\\/en\\\/locksmith-augsburg-rathausplatz\\\/#primaryimage\",\"url\":\"https:\\\/\\\/www.amper-aufsperrdienst.de\\\/wp-content\\\/uploads\\\/2014\\\/12\\\/header-augsburg.jpg\",\"contentUrl\":\"https:\\\/\\\/www.amper-aufsperrdienst.de\\\/wp-content\\\/uploads\\\/2014\\\/12\\\/header-augsburg.jpg\",\"width\":960,\"height\":360},{\"@type\":\"BreadcrumbList\",\"@id\":\"https:\\\/\\\/www.amper-aufsperrdienst.de\\\/en\\\/locksmith-augsburg-rathausplatz\\\/#breadcrumb\",\"itemListElement\":[{\"@type\":\"ListItem\",\"position\":1,\"name\":\"Home\",\"item\":\"https:\\\/\\\/www.amper-aufsperrdienst.de\\\/en\\\/\"},{\"@type\":\"ListItem\",\"position\":2,\"name\":\"Locksmith Augsburg Rathausplatz\"}]},{\"@type\":\"WebSite\",\"@id\":\"https:\\\/\\\/www.amper-aufsperrdienst.de\\\/en\\\/#website\",\"url\":\"https:\\\/\\\/www.amper-aufsperrdienst.de\\\/en\\\/\",\"name\":\"Locksmith for Munich, Dachau and F\u00fcrstenfeldbruck\",\"description\":\"Amper Aufsperrdienst\",\"potentialAction\":[{\"@type\":\"SearchAction\",\"target\":{\"@type\":\"EntryPoint\",\"urlTemplate\":\"https:\\\/\\\/www.amper-aufsperrdienst.de\\\/en\\\/?s={search_term_string}\"},\"query-input\":{\"@type\":\"PropertyValueSpecification\",\"valueRequired\":true,\"valueName\":\"search_term_string\"}}],\"inLanguage\":\"en-US\"}]}<\/script>\n<!-- \/ Yoast SEO plugin. -->","yoast_head_json":{"title":"Locksmith Augsburg Rathausplatz: from \u20ac52,- fixed price","description":"Traditional and fair locksmith service in Augsburg's Rathausplatz with experienced locksmiths, fixed price guarantee, 24\/7 service and free telephone number: fast, non-destructive door opening in just about 30 minutes. Our friendly staff will gladly unlock your door even on weekends or holidays!","robots":{"index":"index","follow":"follow","max-snippet":"max-snippet:-1","max-image-preview":"max-image-preview:large","max-video-preview":"max-video-preview:-1"},"canonical":"https:\/\/www.amper-aufsperrdienst.de\/en\/locksmith-augsburg-rathausplatz\/","og_locale":"en_US","og_type":"article","og_title":"Locksmith Augsburg Rathausplatz: from \u20ac52,- fixed price","og_description":"Traditional and fair locksmith service in Augsburg's Rathausplatz with experienced locksmiths, fixed price guarantee, 24\/7 service and free telephone number: fast, non-destructive door opening in just about 30 minutes. Our friendly staff will gladly unlock your door even on weekends or holidays!","og_url":"https:\/\/www.amper-aufsperrdienst.de\/en\/locksmith-augsburg-rathausplatz\/","og_site_name":"Locksmith for Munich, Dachau and F\u00fcrstenfeldbruck","article_modified_time":"2026-01-27T07:55:46+00:00","og_image":[{"width":960,"height":360,"url":"https:\/\/www.amper-aufsperrdienst.de\/wp-content\/uploads\/2014\/12\/header-augsburg.jpg","type":"image\/jpeg"}],"twitter_misc":{"Est. reading time":"4 minutes"},"schema":{"@context":"https:\/\/schema.org","@graph":[{"@type":"WebPage","@id":"https:\/\/www.amper-aufsperrdienst.de\/en\/locksmith-augsburg-rathausplatz\/","url":"https:\/\/www.amper-aufsperrdienst.de\/en\/locksmith-augsburg-rathausplatz\/","name":"Locksmith Augsburg Rathausplatz: from \u20ac52,- fixed price","isPartOf":{"@id":"https:\/\/www.amper-aufsperrdienst.de\/en\/#website"},"primaryImageOfPage":{"@id":"https:\/\/www.amper-aufsperrdienst.de\/en\/locksmith-augsburg-rathausplatz\/#primaryimage"},"image":{"@id":"https:\/\/www.amper-aufsperrdienst.de\/en\/locksmith-augsburg-rathausplatz\/#primaryimage"},"thumbnailUrl":"https:\/\/www.amper-aufsperrdienst.de\/wp-content\/uploads\/2014\/12\/header-augsburg.jpg","datePublished":"2018-05-01T11:09:49+00:00","dateModified":"2026-01-27T07:55:46+00:00","description":"Traditional and fair locksmith service in Augsburg's Rathausplatz with experienced locksmiths, fixed price guarantee, 24\/7 service and free telephone number: fast, non-destructive door opening in just about 30 minutes. Our friendly staff will gladly unlock your door even on weekends or holidays!","breadcrumb":{"@id":"https:\/\/www.amper-aufsperrdienst.de\/en\/locksmith-augsburg-rathausplatz\/#breadcrumb"},"inLanguage":"en-US","potentialAction":[{"@type":"ReadAction","target":["https:\/\/www.amper-aufsperrdienst.de\/en\/locksmith-augsburg-rathausplatz\/"]}]},{"@type":"ImageObject","inLanguage":"en-US","@id":"https:\/\/www.amper-aufsperrdienst.de\/en\/locksmith-augsburg-rathausplatz\/#primaryimage","url":"https:\/\/www.amper-aufsperrdienst.de\/wp-content\/uploads\/2014\/12\/header-augsburg.jpg","contentUrl":"https:\/\/www.amper-aufsperrdienst.de\/wp-content\/uploads\/2014\/12\/header-augsburg.jpg","width":960,"height":360},{"@type":"BreadcrumbList","@id":"https:\/\/www.amper-aufsperrdienst.de\/en\/locksmith-augsburg-rathausplatz\/#breadcrumb","itemListElement":[{"@type":"ListItem","position":1,"name":"Home","item":"https:\/\/www.amper-aufsperrdienst.de\/en\/"},{"@type":"ListItem","position":2,"name":"Locksmith Augsburg Rathausplatz"}]},{"@type":"WebSite","@id":"https:\/\/www.amper-aufsperrdienst.de\/en\/#website","url":"https:\/\/www.amper-aufsperrdienst.de\/en\/","name":"Locksmith for Munich, Dachau and F\u00fcrstenfeldbruck","description":"Amper Aufsperrdienst","potentialAction":[{"@type":"SearchAction","target":{"@type":"EntryPoint","urlTemplate":"https:\/\/www.amper-aufsperrdienst.de\/en\/?s={search_term_string}"},"query-input":{"@type":"PropertyValueSpecification","valueRequired":true,"valueName":"search_term_string"}}],"inLanguage":"en-US"}]}},"_links":{"self":[{"href":"https:\/\/www.amper-aufsperrdienst.de\/en\/wp-json\/wp\/v2\/pages\/12614","targetHints":{"allow":["GET"]}}],"collection":[{"href":"https:\/\/www.amper-aufsperrdienst.de\/en\/wp-json\/wp\/v2\/pages"}],"about":[{"href":"https:\/\/www.amper-aufsperrdienst.de\/en\/wp-json\/wp\/v2\/types\/page"}],"author":[{"embeddable":true,"href":"https:\/\/www.amper-aufsperrdienst.de\/en\/wp-json\/wp\/v2\/users\/2"}],"replies":[{"embeddable":true,"href":"https:\/\/www.amper-aufsperrdienst.de\/en\/wp-json\/wp\/v2\/comments?post=12614"}],"version-history":[{"count":2,"href":"https:\/\/www.amper-aufsperrdienst.de\/en\/wp-json\/wp\/v2\/pages\/12614\/revisions"}],"predecessor-version":[{"id":12805,"href":"https:\/\/www.amper-aufsperrdienst.de\/en\/wp-json\/wp\/v2\/pages\/12614\/revisions\/12805"}],"wp:featuredmedia":[{"embeddable":true,"href":"https:\/\/www.amper-aufsperrdienst.de\/en\/wp-json\/wp\/v2\/media\/10927"}],"wp:attachment":[{"href":"https:\/\/www.amper-aufsperrdienst.de\/en\/wp-json\/wp\/v2\/media?parent=12614"}],"curies":[{"name":"wp","href":"https:\/\/api.w.org\/{rel}","templated":true}]}}