{"id":12616,"date":"2018-05-01T12:12:17","date_gmt":"2018-05-01T10:12:17","guid":{"rendered":"https:\/\/www.amper-aufsperrdienst.de\/schluesseldienst-augsburg-prinzregentenplatz\/"},"modified":"2026-01-27T09:57:16","modified_gmt":"2026-01-27T07:57:16","slug":"locksmith-augsburg-prinzregentenplatz","status":"publish","type":"page","link":"https:\/\/www.amper-aufsperrdienst.de\/en\/locksmith-augsburg-prinzregentenplatz\/","title":{"rendered":"Locksmith Augsburg Prinzregentenplatz"},"content":{"rendered":"<p><img loading=\"lazy\" decoding=\"async\" class=\"alignleft\" style=\"margin-bottom: 5px !important;\" src=\"https:\/\/www.amper-aufsperrdienst.de\/wp-content\/uploads\/2021\/03\/schluesseldienst-augsburg-prinzregentenplatz-festpreis-ab-52-siegel.jpg\" alt=\"Locksmith Amper - locksmith service Augsburg-Prinzregentenplatz with a fixed price starting from 52,- EUR\" width=\"250\" height=\"250\" \/><\/p>\n<p>You live in Augsburg&#8217;s beautiful city center right on Prinzregentenplatz, but you&#8217;re feeling anything but great right now because you&#8217;ve accidentally locked yourself out of your own home? Did you just want to take your dog for a quick walk when the door slammed shut and you realized you&#8217;d forgotten your key? Or is your apartment key so old and worn that it no longer opens the lock?<\/p>\n<p>If you need an experienced, trustworthy, and traditional locksmith service in Augsburg&#8217;s Prinzregentenplatz area, you&#8217;ve come to the right place. For three generations, we&#8217;ve been serving our customers, offering damage-free door opening at a guaranteed fixed price. We&#8217;re available 24\/7 \u2013 even on Sundays and public holidays. Call us anytime, free of charge, to arrange a professional door opening in just about 30 minutes.<\/p>\n          <!-- tarif -->\n<h2><b><span style=\"vertical-align: inherit;\"><span style=\"vertical-align: inherit;\">Our binding fixed prices start from \u20ac52.<\/span><\/span><\/b><\/h2>\n<p>Amper Locksmith Service is a fair locksmith service with transparent fixed prices:<\/p>\n<div class=\"table-title\">\n\tPRICE LIST  UNLOCK\n<\/div>\n<!-- Table part-->\n<table class=\"table\">\n  <thead class=\"header\">\n\t  <tr>\n     \t <th scope=\"col\">Time<\/th>\n     \t <th scope=\"col\">8 - 18<\/th>\n     \t <th scope=\"col\">18 - 22<\/th>\n     \t <th scope=\"col\">22 - 8<\/th>\n\t<\/tr>\n  <\/thead>\n  <tbody>\n     \t  <tr class=\"weekdays\">\n     \t  \t  <td class=\"tag\" data-label=\"Time\">Mo - Fr<\/td>\n     \t  \t  <td class=\"hrs tag\" data-label=\"8 - 18\">52,- \u20ac<\/td>\n     \t  \t  <td class=\"tag space\" data-label=\"18 - 22\">82,- \u20ac<\/td>\n     \t  \t  <td data-label=\"22 - 8\">95,- \u20ac<\/td>\n     \t  <\/tr>\n     <tr class=\"weekends\">\n     \t  \t  <td class=\"tag\" data-label=\"Time\">Sa<\/td>\n     \t  \t  <td class=\"tag\" data-label=\"8 - 18\">95,- \u20ac<\/td>\n     \t  \t  <td class=\"tag\" data-label=\"18 - 22\">95,- \u20ac<\/td>\n     \t  \t  <td data-label=\"22 - 8\">125,- \u20ac<\/td>\n     \t  <\/tr>\n     <tr class=\"holidays\">\n     \t  \t  <td class=\"tag\" data-label=\"Time\">So & holiday<\/td>\n     \t  \t  <td class=\"tag\" data-label=\"8 - 18\">125,- \u20ac<\/td>\n     \t  \t  <td class=\"tag\" data-label=\"18 - 22\">125,-\u20ac<\/td>\n     \t  \t  <td data-label=\"22 - 8\">125,-\u20ac<\/td>\n     \t  <\/tr>\n     <\/tbody>\n<\/table>\n<!-- Table Description-->\n<div class=\"table-description\">\n\t<em>Please call to inquire about travel costs.<\/em>\n<\/div>\n<!-- Wordings below -->\n<div class=\"wordings\">\n<p>The prices listed in this table are binding for unlocking a door that has slammed shut or been pulled shut (without self-locking mechanisms). Please feel free to contact us if you would like a price quote for other locksmith services. We will gladly provide you with a transparent, fixed-price offer.<\/p>\n<\/div>\n\n<!-- END Wordings -->\n\n\n\n<div class=\"ansprech\">Traditional locksmith service in Augsburg, Prinzregentenplatz, run by the third generation<br \/>\n<h3 class=\"phone mobilesOnly\"><a href=\"tel:+498000131131\">0800 \/ 0 131 131<\/a><\/h3><h3 class=\"phone desktopOnly\"><a href=\"tel:+498000131131\">0800 \/ 0 131 131<\/a><\/h3>Call anytime, free of charge! Non-destructive door opening at a fair fixed price<\/div>\n<h2>Prinzregentenplatz in Augsburg&#8217;s city center<\/h2>\n<p>Prinzregentenplatz is located in Augsburg&#8217;s beautiful city center and is dedicated to Prince Regent Luitpold. In the center of the square is the impressive Prince Regent Fountain. The fountain has a diameter of approximately 13 meters, and its basin, framed by granite steps, is made of shell limestone. The fountain was created by the sculptor Franz Bernauer.<\/p>\n<p>The most important streets surrounding Prinzregentenplatz are Burgkmairstra\u00dfe, Holbeinstra\u00dfe, Prinzregentenstra\u00dfe, and Schaezlerstra\u00dfe.<\/p>\n<h2>Locksmith Augsburg Prinzregentenplatz: Professional Door Opening Without Damage<\/h2>\n<p>Have you locked yourself out and are urgently looking for a locksmith who can open your door professionally without causing any damage? Call us anytime, free of charge. We&#8217;ll be happy to help you quickly and expertly with a door opening. Our locksmith experts are highly trained and, of course, bring the right tools to open your locked or jammed door quickly and without damage. In over 99% of our jobs, we work completely non-destructively and are therefore successful. Experience our expertise for yourself as a third-generation family-run locksmith service serving Prinzregentenplatz in Augsburg.<\/p>\n<h2>Fair Fixed Price for Professional Service<\/h2>\n<p>We offer our door unlocking services at a fairly calculated fixed price. During your free call, please describe exactly what happened, and we will give you a firm, binding quote. If you accept, you can commission us right there on the phone for a damage-free door opening. We will then come to you immediately to get you back into your home in about 30 minutes. We, of course, stick to the prices we quote. There are no hidden costs with us \u2013 guaranteed!<\/p>\n<h2>Locked Out at Night?<\/h2>\n<p>Are you about to despair because you&#8217;ve locked yourself out late at night? That&#8217;s no problem for our experienced and fast locksmith service in Augsburg Prinzregentenplatz, especially since we have a genuine 24\/7 emergency service. We don&#8217;t work during specific business hours, but simply every day of the year, at any time. So please feel free to call us free of charge if you find yourself locked out at night, on weekends or public holidays.<\/p>\n<p>Do you urgently need a traditional, trustworthy, and fair locksmith service in Augsburg Prinzregentenplatz? Give us a call! Our experts are ready to assist you with damage-free door opening at a reasonable fixed price!<\/p>\n<div class=\"ansprech\">Traditional locksmith service in Augsburg, Prinzregentenplatz, now in its third generation<br \/>\n<h3 class=\"phone mobilesOnly\"><a href=\"tel:+498000131131\">0800 \/ 0 131 131<\/a><\/h3><h3 class=\"phone desktopOnly\"><a href=\"tel:+498000131131\">0800 \/ 0 131 131<\/a><\/h3>Call us anytime, free of charge! Non-destructive door opening at a fair fixed price<\/div>\n","protected":false},"excerpt":{"rendered":"<p>You live in Augsburg&#8217;s beautiful city center right on Prinzregentenplatz, but you&#8217;re feeling anything but great right now because you&#8217;ve accidentally locked yourself out of your own home? Did you just want to take your dog for a quick walk when the door slammed shut and you realized you&#8217;d forgotten your key? Or is your [&hellip;]<\/p>\n","protected":false},"author":2,"featured_media":10927,"parent":0,"menu_order":0,"comment_status":"closed","ping_status":"closed","template":"","meta":{"footnotes":"","_links_to":"","_links_to_target":""},"class_list":["post-12616","page","type-page","status-publish","has-post-thumbnail","hentry"],"yoast_head":"<!-- This site is optimized with the Yoast SEO plugin v27.4 - https:\/\/yoast.com\/product\/yoast-seo-wordpress\/ -->\n<title>Locksmith Augsburg Prinzregentenplatz: from \u20ac52,- fixed price<\/title>\n<meta name=\"description\" content=\"Traditional and professional locksmith service in Augsburg&#039;s Prinzregentenplatz, now in its third generation: non-destructive door opening in just about 30 minutes at a low fixed price. Available 24\/7, free of charge \u2013 even on Sundays and public holidays. Friendly locksmiths with the best specialized tools.\" \/>\n<meta name=\"robots\" content=\"index, follow, max-snippet:-1, max-image-preview:large, max-video-preview:-1\" \/>\n<link rel=\"canonical\" href=\"https:\/\/www.amper-aufsperrdienst.de\/en\/locksmith-augsburg-prinzregentenplatz\/\" \/>\n<meta property=\"og:locale\" content=\"en_US\" \/>\n<meta property=\"og:type\" content=\"article\" \/>\n<meta property=\"og:title\" content=\"Locksmith Augsburg Prinzregentenplatz: from \u20ac52,- fixed price\" \/>\n<meta property=\"og:description\" content=\"Traditional and professional locksmith service in Augsburg&#039;s Prinzregentenplatz, now in its third generation: non-destructive door opening in just about 30 minutes at a low fixed price. Available 24\/7, free of charge \u2013 even on Sundays and public holidays. Friendly locksmiths with the best specialized tools.\" \/>\n<meta property=\"og:url\" content=\"https:\/\/www.amper-aufsperrdienst.de\/en\/locksmith-augsburg-prinzregentenplatz\/\" \/>\n<meta property=\"og:site_name\" content=\"Locksmith for Munich, Dachau and F\u00fcrstenfeldbruck\" \/>\n<meta property=\"article:modified_time\" content=\"2026-01-27T07:57:16+00:00\" \/>\n<meta property=\"og:image\" content=\"https:\/\/www.amper-aufsperrdienst.de\/wp-content\/uploads\/2014\/12\/header-augsburg.jpg\" \/>\n\t<meta property=\"og:image:width\" content=\"960\" \/>\n\t<meta property=\"og:image:height\" content=\"360\" \/>\n\t<meta property=\"og:image:type\" content=\"image\/jpeg\" \/>\n<meta name=\"twitter:label1\" content=\"Est. reading time\" \/>\n\t<meta name=\"twitter:data1\" content=\"4 minutes\" \/>\n<script type=\"application\/ld+json\" class=\"yoast-schema-graph\">{\"@context\":\"https:\\\/\\\/schema.org\",\"@graph\":[{\"@type\":\"WebPage\",\"@id\":\"https:\\\/\\\/www.amper-aufsperrdienst.de\\\/en\\\/locksmith-augsburg-prinzregentenplatz\\\/\",\"url\":\"https:\\\/\\\/www.amper-aufsperrdienst.de\\\/en\\\/locksmith-augsburg-prinzregentenplatz\\\/\",\"name\":\"Locksmith Augsburg Prinzregentenplatz: from \u20ac52,- fixed price\",\"isPartOf\":{\"@id\":\"https:\\\/\\\/www.amper-aufsperrdienst.de\\\/en\\\/#website\"},\"primaryImageOfPage\":{\"@id\":\"https:\\\/\\\/www.amper-aufsperrdienst.de\\\/en\\\/locksmith-augsburg-prinzregentenplatz\\\/#primaryimage\"},\"image\":{\"@id\":\"https:\\\/\\\/www.amper-aufsperrdienst.de\\\/en\\\/locksmith-augsburg-prinzregentenplatz\\\/#primaryimage\"},\"thumbnailUrl\":\"https:\\\/\\\/www.amper-aufsperrdienst.de\\\/wp-content\\\/uploads\\\/2014\\\/12\\\/header-augsburg.jpg\",\"datePublished\":\"2018-05-01T10:12:17+00:00\",\"dateModified\":\"2026-01-27T07:57:16+00:00\",\"description\":\"Traditional and professional locksmith service in Augsburg's Prinzregentenplatz, now in its third generation: non-destructive door opening in just about 30 minutes at a low fixed price. Available 24\\\/7, free of charge \u2013 even on Sundays and public holidays. Friendly locksmiths with the best specialized tools.\",\"breadcrumb\":{\"@id\":\"https:\\\/\\\/www.amper-aufsperrdienst.de\\\/en\\\/locksmith-augsburg-prinzregentenplatz\\\/#breadcrumb\"},\"inLanguage\":\"en-US\",\"potentialAction\":[{\"@type\":\"ReadAction\",\"target\":[\"https:\\\/\\\/www.amper-aufsperrdienst.de\\\/en\\\/locksmith-augsburg-prinzregentenplatz\\\/\"]}]},{\"@type\":\"ImageObject\",\"inLanguage\":\"en-US\",\"@id\":\"https:\\\/\\\/www.amper-aufsperrdienst.de\\\/en\\\/locksmith-augsburg-prinzregentenplatz\\\/#primaryimage\",\"url\":\"https:\\\/\\\/www.amper-aufsperrdienst.de\\\/wp-content\\\/uploads\\\/2014\\\/12\\\/header-augsburg.jpg\",\"contentUrl\":\"https:\\\/\\\/www.amper-aufsperrdienst.de\\\/wp-content\\\/uploads\\\/2014\\\/12\\\/header-augsburg.jpg\",\"width\":960,\"height\":360},{\"@type\":\"BreadcrumbList\",\"@id\":\"https:\\\/\\\/www.amper-aufsperrdienst.de\\\/en\\\/locksmith-augsburg-prinzregentenplatz\\\/#breadcrumb\",\"itemListElement\":[{\"@type\":\"ListItem\",\"position\":1,\"name\":\"Home\",\"item\":\"https:\\\/\\\/www.amper-aufsperrdienst.de\\\/en\\\/\"},{\"@type\":\"ListItem\",\"position\":2,\"name\":\"Locksmith Augsburg Prinzregentenplatz\"}]},{\"@type\":\"WebSite\",\"@id\":\"https:\\\/\\\/www.amper-aufsperrdienst.de\\\/en\\\/#website\",\"url\":\"https:\\\/\\\/www.amper-aufsperrdienst.de\\\/en\\\/\",\"name\":\"Locksmith for Munich, Dachau and F\u00fcrstenfeldbruck\",\"description\":\"Amper Aufsperrdienst\",\"potentialAction\":[{\"@type\":\"SearchAction\",\"target\":{\"@type\":\"EntryPoint\",\"urlTemplate\":\"https:\\\/\\\/www.amper-aufsperrdienst.de\\\/en\\\/?s={search_term_string}\"},\"query-input\":{\"@type\":\"PropertyValueSpecification\",\"valueRequired\":true,\"valueName\":\"search_term_string\"}}],\"inLanguage\":\"en-US\"}]}<\/script>\n<!-- \/ Yoast SEO plugin. -->","yoast_head_json":{"title":"Locksmith Augsburg Prinzregentenplatz: from \u20ac52,- fixed price","description":"Traditional and professional locksmith service in Augsburg's Prinzregentenplatz, now in its third generation: non-destructive door opening in just about 30 minutes at a low fixed price. Available 24\/7, free of charge \u2013 even on Sundays and public holidays. Friendly locksmiths with the best specialized tools.","robots":{"index":"index","follow":"follow","max-snippet":"max-snippet:-1","max-image-preview":"max-image-preview:large","max-video-preview":"max-video-preview:-1"},"canonical":"https:\/\/www.amper-aufsperrdienst.de\/en\/locksmith-augsburg-prinzregentenplatz\/","og_locale":"en_US","og_type":"article","og_title":"Locksmith Augsburg Prinzregentenplatz: from \u20ac52,- fixed price","og_description":"Traditional and professional locksmith service in Augsburg's Prinzregentenplatz, now in its third generation: non-destructive door opening in just about 30 minutes at a low fixed price. Available 24\/7, free of charge \u2013 even on Sundays and public holidays. Friendly locksmiths with the best specialized tools.","og_url":"https:\/\/www.amper-aufsperrdienst.de\/en\/locksmith-augsburg-prinzregentenplatz\/","og_site_name":"Locksmith for Munich, Dachau and F\u00fcrstenfeldbruck","article_modified_time":"2026-01-27T07:57:16+00:00","og_image":[{"width":960,"height":360,"url":"https:\/\/www.amper-aufsperrdienst.de\/wp-content\/uploads\/2014\/12\/header-augsburg.jpg","type":"image\/jpeg"}],"twitter_misc":{"Est. reading time":"4 minutes"},"schema":{"@context":"https:\/\/schema.org","@graph":[{"@type":"WebPage","@id":"https:\/\/www.amper-aufsperrdienst.de\/en\/locksmith-augsburg-prinzregentenplatz\/","url":"https:\/\/www.amper-aufsperrdienst.de\/en\/locksmith-augsburg-prinzregentenplatz\/","name":"Locksmith Augsburg Prinzregentenplatz: from \u20ac52,- fixed price","isPartOf":{"@id":"https:\/\/www.amper-aufsperrdienst.de\/en\/#website"},"primaryImageOfPage":{"@id":"https:\/\/www.amper-aufsperrdienst.de\/en\/locksmith-augsburg-prinzregentenplatz\/#primaryimage"},"image":{"@id":"https:\/\/www.amper-aufsperrdienst.de\/en\/locksmith-augsburg-prinzregentenplatz\/#primaryimage"},"thumbnailUrl":"https:\/\/www.amper-aufsperrdienst.de\/wp-content\/uploads\/2014\/12\/header-augsburg.jpg","datePublished":"2018-05-01T10:12:17+00:00","dateModified":"2026-01-27T07:57:16+00:00","description":"Traditional and professional locksmith service in Augsburg's Prinzregentenplatz, now in its third generation: non-destructive door opening in just about 30 minutes at a low fixed price. Available 24\/7, free of charge \u2013 even on Sundays and public holidays. Friendly locksmiths with the best specialized tools.","breadcrumb":{"@id":"https:\/\/www.amper-aufsperrdienst.de\/en\/locksmith-augsburg-prinzregentenplatz\/#breadcrumb"},"inLanguage":"en-US","potentialAction":[{"@type":"ReadAction","target":["https:\/\/www.amper-aufsperrdienst.de\/en\/locksmith-augsburg-prinzregentenplatz\/"]}]},{"@type":"ImageObject","inLanguage":"en-US","@id":"https:\/\/www.amper-aufsperrdienst.de\/en\/locksmith-augsburg-prinzregentenplatz\/#primaryimage","url":"https:\/\/www.amper-aufsperrdienst.de\/wp-content\/uploads\/2014\/12\/header-augsburg.jpg","contentUrl":"https:\/\/www.amper-aufsperrdienst.de\/wp-content\/uploads\/2014\/12\/header-augsburg.jpg","width":960,"height":360},{"@type":"BreadcrumbList","@id":"https:\/\/www.amper-aufsperrdienst.de\/en\/locksmith-augsburg-prinzregentenplatz\/#breadcrumb","itemListElement":[{"@type":"ListItem","position":1,"name":"Home","item":"https:\/\/www.amper-aufsperrdienst.de\/en\/"},{"@type":"ListItem","position":2,"name":"Locksmith Augsburg Prinzregentenplatz"}]},{"@type":"WebSite","@id":"https:\/\/www.amper-aufsperrdienst.de\/en\/#website","url":"https:\/\/www.amper-aufsperrdienst.de\/en\/","name":"Locksmith for Munich, Dachau and F\u00fcrstenfeldbruck","description":"Amper Aufsperrdienst","potentialAction":[{"@type":"SearchAction","target":{"@type":"EntryPoint","urlTemplate":"https:\/\/www.amper-aufsperrdienst.de\/en\/?s={search_term_string}"},"query-input":{"@type":"PropertyValueSpecification","valueRequired":true,"valueName":"search_term_string"}}],"inLanguage":"en-US"}]}},"_links":{"self":[{"href":"https:\/\/www.amper-aufsperrdienst.de\/en\/wp-json\/wp\/v2\/pages\/12616","targetHints":{"allow":["GET"]}}],"collection":[{"href":"https:\/\/www.amper-aufsperrdienst.de\/en\/wp-json\/wp\/v2\/pages"}],"about":[{"href":"https:\/\/www.amper-aufsperrdienst.de\/en\/wp-json\/wp\/v2\/types\/page"}],"author":[{"embeddable":true,"href":"https:\/\/www.amper-aufsperrdienst.de\/en\/wp-json\/wp\/v2\/users\/2"}],"replies":[{"embeddable":true,"href":"https:\/\/www.amper-aufsperrdienst.de\/en\/wp-json\/wp\/v2\/comments?post=12616"}],"version-history":[{"count":2,"href":"https:\/\/www.amper-aufsperrdienst.de\/en\/wp-json\/wp\/v2\/pages\/12616\/revisions"}],"predecessor-version":[{"id":12814,"href":"https:\/\/www.amper-aufsperrdienst.de\/en\/wp-json\/wp\/v2\/pages\/12616\/revisions\/12814"}],"wp:featuredmedia":[{"embeddable":true,"href":"https:\/\/www.amper-aufsperrdienst.de\/en\/wp-json\/wp\/v2\/media\/10927"}],"wp:attachment":[{"href":"https:\/\/www.amper-aufsperrdienst.de\/en\/wp-json\/wp\/v2\/media?parent=12616"}],"curies":[{"name":"wp","href":"https:\/\/api.w.org\/{rel}","templated":true}]}}