{"id":12621,"date":"2018-05-01T10:24:03","date_gmt":"2018-05-01T08:24:03","guid":{"rendered":"https:\/\/www.amper-aufsperrdienst.de\/schluesseldienst-augsburg-metzgplatz\/"},"modified":"2026-01-27T10:00:22","modified_gmt":"2026-01-27T08:00:22","slug":"locksmith-augsburg-metzgplatz","status":"publish","type":"page","link":"https:\/\/www.amper-aufsperrdienst.de\/en\/locksmith-augsburg-metzgplatz\/","title":{"rendered":"Locksmith Augsburg Metzgplatz"},"content":{"rendered":"<p><img loading=\"lazy\" decoding=\"async\" class=\"alignleft\" style=\"margin-bottom: 5px !important;\" src=\"https:\/\/www.amper-aufsperrdienst.de\/wp-content\/uploads\/2021\/03\/schluesseldienst-augsburg-metzgplatz-festpreis-ab-52-siegel.jpg\" alt=\"Locksmith Amper - locksmith service Augsburg-Metzgplatz with a fixed price starting from 52,- EUR\" width=\"250\" height=\"250\" \/><\/p>\n<p>You live in Augsburg&#8217;s city center, right on Metzgplatz, but you can&#8217;t get into your own apartment because you&#8217;ve left your keys somewhere? Did you just want to quickly check your mailbox when the door slammed shut and you realized you&#8217;d left your key on the kitchen table? Or did your key, unfortunately, break off in the lock?<\/p>\n<p>In these and similar situations, we, as a reliable, fast, and honest locksmith service in Augsburg Metzgplatz, are happy to help you out of your emergency. Just one free call is all it takes, and we&#8217;ll be on our way to help you with a damage-free door opening at a guaranteed fixed price. We are available around the clock. Do you need our help on a Sunday or public holiday, or even at night? We are happy to be there for you at a fixed price, even at those times!<\/p>\n          <!-- tarif -->\n<h2><b><span style=\"vertical-align: inherit;\"><span style=\"vertical-align: inherit;\">Our binding fixed prices start from \u20ac52.<\/span><\/span><\/b><\/h2>\n<p>Amper Locksmith Service is a fair locksmith service with transparent fixed prices:<\/p>\n<div class=\"table-title\">\n\tPRICE LIST  UNLOCK\n<\/div>\n<!-- Table part-->\n<table class=\"table\">\n  <thead class=\"header\">\n\t  <tr>\n     \t <th scope=\"col\">Time<\/th>\n     \t <th scope=\"col\">8 - 18<\/th>\n     \t <th scope=\"col\">18 - 22<\/th>\n     \t <th scope=\"col\">22 - 8<\/th>\n\t<\/tr>\n  <\/thead>\n  <tbody>\n     \t  <tr class=\"weekdays\">\n     \t  \t  <td class=\"tag\" data-label=\"Time\">Mo - Fr<\/td>\n     \t  \t  <td class=\"hrs tag\" data-label=\"8 - 18\">52,- \u20ac<\/td>\n     \t  \t  <td class=\"tag space\" data-label=\"18 - 22\">82,- \u20ac<\/td>\n     \t  \t  <td data-label=\"22 - 8\">95,- \u20ac<\/td>\n     \t  <\/tr>\n     <tr class=\"weekends\">\n     \t  \t  <td class=\"tag\" data-label=\"Time\">Sa<\/td>\n     \t  \t  <td class=\"tag\" data-label=\"8 - 18\">95,- \u20ac<\/td>\n     \t  \t  <td class=\"tag\" data-label=\"18 - 22\">95,- \u20ac<\/td>\n     \t  \t  <td data-label=\"22 - 8\">125,- \u20ac<\/td>\n     \t  <\/tr>\n     <tr class=\"holidays\">\n     \t  \t  <td class=\"tag\" data-label=\"Time\">So & holiday<\/td>\n     \t  \t  <td class=\"tag\" data-label=\"8 - 18\">125,- \u20ac<\/td>\n     \t  \t  <td class=\"tag\" data-label=\"18 - 22\">125,-\u20ac<\/td>\n     \t  \t  <td data-label=\"22 - 8\">125,-\u20ac<\/td>\n     \t  <\/tr>\n     <\/tbody>\n<\/table>\n<!-- Table Description-->\n<div class=\"table-description\">\n\t<em>Please call to inquire about travel costs.<\/em>\n<\/div>\n<!-- Wordings below -->\n<div class=\"wordings\">\n<p>The prices listed in this table are binding for unlocking a door that has slammed shut or been pulled shut (without self-locking mechanisms). Please feel free to contact us if you would like a price quote for other locksmith services. We will gladly provide you with a transparent, fixed-price offer.<\/p>\n<\/div>\n\n<!-- END Wordings -->\n\n\n\n<div class=\"ansprech\">Reliable locksmith service in Augsburg&#8217;s Metzgplatz district with extensive expertise and 24-hour emergency service.<br \/>\n<h3 class=\"phone mobilesOnly\"><a href=\"tel:+498000131131\">0800 \/ 0 131 131<\/a><\/h3><h3 class=\"phone desktopOnly\"><a href=\"tel:+498000131131\">0800 \/ 0 131 131<\/a><\/h3>Friendly locksmiths, free phone number &amp; fixed price guarantee<\/div>\n<h2>The Metzgplatz in Augsburg&#8217;s city center<\/h2>\n<p>The Metzgplatz is located in Augsburg&#8217;s city center and its name is a reminder that until the 1930s, it was said to have smelled strongly of garbage and blood. This was because numerous carts loaded with slaughtered livestock were brought here. The following streets are located near the Metzgplatz: Am Perlachberg, Barf\u00fc\u00dferstra\u00dfe, Hinter der Metzg, and Sterngasse.<\/p>\n<p>The square&#8217;s current appearance is characterized by numerous shops. The so-called Schaurhaus, named after the chemist Matthias Schaur, also used to stand here. Unfortunately, it was completely destroyed in World War II.<\/p>\n<h2>Locksmith Augsburg Metzgplatz: Available 24\/7<\/h2>\n<p>Do you need a reliable locksmith service for Augsburg&#8217;s Metzgplatz or one of its intersecting streets, one that is available at any time and specializes in non-destructive door openings? We are available 24\/7, 365 days a year. As a genuine emergency service, we know that many lockouts occur on Sundays and public holidays. And since we don&#8217;t want you to be locked out on such a day, we are available around the clock, even on those days.<\/p>\n<h2>Fixed-Price Guarantee for Reliable Locksmith Services<\/h2>\n<p>We are not only available 365 days a year, but we also offer a fixed-price guarantee on all our services. If we quote a fixed price over the phone, that price is final (otherwise it wouldn&#8217;t be a fixed price!). We certainly don&#8217;t use hidden costs or any kind of scam to rip you off. High customer satisfaction is very important to us. Otherwise, we wouldn&#8217;t have been unlocking doors in Augsburg without damage for three generations.<\/p>\n<h2>More Protection Against Burglars<\/h2>\n<p>Do you need our help because you want to better protect your property from burglars? In that case, we&#8217;re definitely the right people to contact. We specialize in sound security concepts and are, of course, also able to professionally install high-quality locking systems on your windows and doors.<\/p>\n<p>So call us anytime, free of charge, if you need a professional locksmith in Augsburg Metzgplatz! We&#8217;re happy to help!<\/p>\n<div class=\"ansprech\">Reliable locksmith service in Augsburg Metzgplatz with extensive expertise and 24-hour emergency service<br \/>\n<h3 class=\"phone mobilesOnly\"><a href=\"tel:+498000131131\">0800 \/ 0 131 131<\/a><\/h3><h3 class=\"phone desktopOnly\"><a href=\"tel:+498000131131\">0800 \/ 0 131 131<\/a><\/h3>Friendly locksmiths, free phone number &amp; fixed price guarantee<\/div>\n","protected":false},"excerpt":{"rendered":"<p>You live in Augsburg&#8217;s city center, right on Metzgplatz, but you can&#8217;t get into your own apartment because you&#8217;ve left your keys somewhere? Did you just want to quickly check your mailbox when the door slammed shut and you realized you&#8217;d left your key on the kitchen table? Or did your key, unfortunately, break off [&hellip;]<\/p>\n","protected":false},"author":2,"featured_media":10927,"parent":0,"menu_order":0,"comment_status":"closed","ping_status":"closed","template":"","meta":{"footnotes":"","_links_to":"","_links_to_target":""},"class_list":["post-12621","page","type-page","status-publish","has-post-thumbnail","hentry"],"yoast_head":"<!-- This site is optimized with the Yoast SEO plugin v27.4 - https:\/\/yoast.com\/product\/yoast-seo-wordpress\/ -->\n<title>Locksmith Augsburg Metzgplatz: from \u20ac52,- fixed price<\/title>\n<meta name=\"description\" content=\"Friendly and fast locksmith service in Augsburg Metzgplatz with 24-hour availability, free phone number, competent staff, and a fixed-price guarantee: non-destructive door opening in just about 30 minutes using the best specialized tools. We are also happy to come to your home on weekends and holidays!\" \/>\n<meta name=\"robots\" content=\"index, follow, max-snippet:-1, max-image-preview:large, max-video-preview:-1\" \/>\n<link rel=\"canonical\" href=\"https:\/\/www.amper-aufsperrdienst.de\/en\/locksmith-augsburg-metzgplatz\/\" \/>\n<meta property=\"og:locale\" content=\"en_US\" \/>\n<meta property=\"og:type\" content=\"article\" \/>\n<meta property=\"og:title\" content=\"Locksmith Augsburg Metzgplatz: from \u20ac52,- fixed price\" \/>\n<meta property=\"og:description\" content=\"Friendly and fast locksmith service in Augsburg Metzgplatz with 24-hour availability, free phone number, competent staff, and a fixed-price guarantee: non-destructive door opening in just about 30 minutes using the best specialized tools. We are also happy to come to your home on weekends and holidays!\" \/>\n<meta property=\"og:url\" content=\"https:\/\/www.amper-aufsperrdienst.de\/en\/locksmith-augsburg-metzgplatz\/\" \/>\n<meta property=\"og:site_name\" content=\"Locksmith for Munich, Dachau and F\u00fcrstenfeldbruck\" \/>\n<meta property=\"article:modified_time\" content=\"2026-01-27T08:00:22+00:00\" \/>\n<meta property=\"og:image\" content=\"https:\/\/www.amper-aufsperrdienst.de\/wp-content\/uploads\/2014\/12\/header-augsburg.jpg\" \/>\n\t<meta property=\"og:image:width\" content=\"960\" \/>\n\t<meta property=\"og:image:height\" content=\"360\" \/>\n\t<meta property=\"og:image:type\" content=\"image\/jpeg\" \/>\n<meta name=\"twitter:label1\" content=\"Est. reading time\" \/>\n\t<meta name=\"twitter:data1\" content=\"4 minutes\" \/>\n<script type=\"application\/ld+json\" class=\"yoast-schema-graph\">{\"@context\":\"https:\\\/\\\/schema.org\",\"@graph\":[{\"@type\":\"WebPage\",\"@id\":\"https:\\\/\\\/www.amper-aufsperrdienst.de\\\/en\\\/locksmith-augsburg-metzgplatz\\\/\",\"url\":\"https:\\\/\\\/www.amper-aufsperrdienst.de\\\/en\\\/locksmith-augsburg-metzgplatz\\\/\",\"name\":\"Locksmith Augsburg Metzgplatz: from \u20ac52,- fixed price\",\"isPartOf\":{\"@id\":\"https:\\\/\\\/www.amper-aufsperrdienst.de\\\/en\\\/#website\"},\"primaryImageOfPage\":{\"@id\":\"https:\\\/\\\/www.amper-aufsperrdienst.de\\\/en\\\/locksmith-augsburg-metzgplatz\\\/#primaryimage\"},\"image\":{\"@id\":\"https:\\\/\\\/www.amper-aufsperrdienst.de\\\/en\\\/locksmith-augsburg-metzgplatz\\\/#primaryimage\"},\"thumbnailUrl\":\"https:\\\/\\\/www.amper-aufsperrdienst.de\\\/wp-content\\\/uploads\\\/2014\\\/12\\\/header-augsburg.jpg\",\"datePublished\":\"2018-05-01T08:24:03+00:00\",\"dateModified\":\"2026-01-27T08:00:22+00:00\",\"description\":\"Friendly and fast locksmith service in Augsburg Metzgplatz with 24-hour availability, free phone number, competent staff, and a fixed-price guarantee: non-destructive door opening in just about 30 minutes using the best specialized tools. We are also happy to come to your home on weekends and holidays!\",\"breadcrumb\":{\"@id\":\"https:\\\/\\\/www.amper-aufsperrdienst.de\\\/en\\\/locksmith-augsburg-metzgplatz\\\/#breadcrumb\"},\"inLanguage\":\"en-US\",\"potentialAction\":[{\"@type\":\"ReadAction\",\"target\":[\"https:\\\/\\\/www.amper-aufsperrdienst.de\\\/en\\\/locksmith-augsburg-metzgplatz\\\/\"]}]},{\"@type\":\"ImageObject\",\"inLanguage\":\"en-US\",\"@id\":\"https:\\\/\\\/www.amper-aufsperrdienst.de\\\/en\\\/locksmith-augsburg-metzgplatz\\\/#primaryimage\",\"url\":\"https:\\\/\\\/www.amper-aufsperrdienst.de\\\/wp-content\\\/uploads\\\/2014\\\/12\\\/header-augsburg.jpg\",\"contentUrl\":\"https:\\\/\\\/www.amper-aufsperrdienst.de\\\/wp-content\\\/uploads\\\/2014\\\/12\\\/header-augsburg.jpg\",\"width\":960,\"height\":360},{\"@type\":\"BreadcrumbList\",\"@id\":\"https:\\\/\\\/www.amper-aufsperrdienst.de\\\/en\\\/locksmith-augsburg-metzgplatz\\\/#breadcrumb\",\"itemListElement\":[{\"@type\":\"ListItem\",\"position\":1,\"name\":\"Home\",\"item\":\"https:\\\/\\\/www.amper-aufsperrdienst.de\\\/en\\\/\"},{\"@type\":\"ListItem\",\"position\":2,\"name\":\"Locksmith Augsburg Metzgplatz\"}]},{\"@type\":\"WebSite\",\"@id\":\"https:\\\/\\\/www.amper-aufsperrdienst.de\\\/en\\\/#website\",\"url\":\"https:\\\/\\\/www.amper-aufsperrdienst.de\\\/en\\\/\",\"name\":\"Locksmith for Munich, Dachau and F\u00fcrstenfeldbruck\",\"description\":\"Amper Aufsperrdienst\",\"potentialAction\":[{\"@type\":\"SearchAction\",\"target\":{\"@type\":\"EntryPoint\",\"urlTemplate\":\"https:\\\/\\\/www.amper-aufsperrdienst.de\\\/en\\\/?s={search_term_string}\"},\"query-input\":{\"@type\":\"PropertyValueSpecification\",\"valueRequired\":true,\"valueName\":\"search_term_string\"}}],\"inLanguage\":\"en-US\"}]}<\/script>\n<!-- \/ Yoast SEO plugin. -->","yoast_head_json":{"title":"Locksmith Augsburg Metzgplatz: from \u20ac52,- fixed price","description":"Friendly and fast locksmith service in Augsburg Metzgplatz with 24-hour availability, free phone number, competent staff, and a fixed-price guarantee: non-destructive door opening in just about 30 minutes using the best specialized tools. We are also happy to come to your home on weekends and holidays!","robots":{"index":"index","follow":"follow","max-snippet":"max-snippet:-1","max-image-preview":"max-image-preview:large","max-video-preview":"max-video-preview:-1"},"canonical":"https:\/\/www.amper-aufsperrdienst.de\/en\/locksmith-augsburg-metzgplatz\/","og_locale":"en_US","og_type":"article","og_title":"Locksmith Augsburg Metzgplatz: from \u20ac52,- fixed price","og_description":"Friendly and fast locksmith service in Augsburg Metzgplatz with 24-hour availability, free phone number, competent staff, and a fixed-price guarantee: non-destructive door opening in just about 30 minutes using the best specialized tools. We are also happy to come to your home on weekends and holidays!","og_url":"https:\/\/www.amper-aufsperrdienst.de\/en\/locksmith-augsburg-metzgplatz\/","og_site_name":"Locksmith for Munich, Dachau and F\u00fcrstenfeldbruck","article_modified_time":"2026-01-27T08:00:22+00:00","og_image":[{"width":960,"height":360,"url":"https:\/\/www.amper-aufsperrdienst.de\/wp-content\/uploads\/2014\/12\/header-augsburg.jpg","type":"image\/jpeg"}],"twitter_misc":{"Est. reading time":"4 minutes"},"schema":{"@context":"https:\/\/schema.org","@graph":[{"@type":"WebPage","@id":"https:\/\/www.amper-aufsperrdienst.de\/en\/locksmith-augsburg-metzgplatz\/","url":"https:\/\/www.amper-aufsperrdienst.de\/en\/locksmith-augsburg-metzgplatz\/","name":"Locksmith Augsburg Metzgplatz: from \u20ac52,- fixed price","isPartOf":{"@id":"https:\/\/www.amper-aufsperrdienst.de\/en\/#website"},"primaryImageOfPage":{"@id":"https:\/\/www.amper-aufsperrdienst.de\/en\/locksmith-augsburg-metzgplatz\/#primaryimage"},"image":{"@id":"https:\/\/www.amper-aufsperrdienst.de\/en\/locksmith-augsburg-metzgplatz\/#primaryimage"},"thumbnailUrl":"https:\/\/www.amper-aufsperrdienst.de\/wp-content\/uploads\/2014\/12\/header-augsburg.jpg","datePublished":"2018-05-01T08:24:03+00:00","dateModified":"2026-01-27T08:00:22+00:00","description":"Friendly and fast locksmith service in Augsburg Metzgplatz with 24-hour availability, free phone number, competent staff, and a fixed-price guarantee: non-destructive door opening in just about 30 minutes using the best specialized tools. We are also happy to come to your home on weekends and holidays!","breadcrumb":{"@id":"https:\/\/www.amper-aufsperrdienst.de\/en\/locksmith-augsburg-metzgplatz\/#breadcrumb"},"inLanguage":"en-US","potentialAction":[{"@type":"ReadAction","target":["https:\/\/www.amper-aufsperrdienst.de\/en\/locksmith-augsburg-metzgplatz\/"]}]},{"@type":"ImageObject","inLanguage":"en-US","@id":"https:\/\/www.amper-aufsperrdienst.de\/en\/locksmith-augsburg-metzgplatz\/#primaryimage","url":"https:\/\/www.amper-aufsperrdienst.de\/wp-content\/uploads\/2014\/12\/header-augsburg.jpg","contentUrl":"https:\/\/www.amper-aufsperrdienst.de\/wp-content\/uploads\/2014\/12\/header-augsburg.jpg","width":960,"height":360},{"@type":"BreadcrumbList","@id":"https:\/\/www.amper-aufsperrdienst.de\/en\/locksmith-augsburg-metzgplatz\/#breadcrumb","itemListElement":[{"@type":"ListItem","position":1,"name":"Home","item":"https:\/\/www.amper-aufsperrdienst.de\/en\/"},{"@type":"ListItem","position":2,"name":"Locksmith Augsburg Metzgplatz"}]},{"@type":"WebSite","@id":"https:\/\/www.amper-aufsperrdienst.de\/en\/#website","url":"https:\/\/www.amper-aufsperrdienst.de\/en\/","name":"Locksmith for Munich, Dachau and F\u00fcrstenfeldbruck","description":"Amper Aufsperrdienst","potentialAction":[{"@type":"SearchAction","target":{"@type":"EntryPoint","urlTemplate":"https:\/\/www.amper-aufsperrdienst.de\/en\/?s={search_term_string}"},"query-input":{"@type":"PropertyValueSpecification","valueRequired":true,"valueName":"search_term_string"}}],"inLanguage":"en-US"}]}},"_links":{"self":[{"href":"https:\/\/www.amper-aufsperrdienst.de\/en\/wp-json\/wp\/v2\/pages\/12621","targetHints":{"allow":["GET"]}}],"collection":[{"href":"https:\/\/www.amper-aufsperrdienst.de\/en\/wp-json\/wp\/v2\/pages"}],"about":[{"href":"https:\/\/www.amper-aufsperrdienst.de\/en\/wp-json\/wp\/v2\/types\/page"}],"author":[{"embeddable":true,"href":"https:\/\/www.amper-aufsperrdienst.de\/en\/wp-json\/wp\/v2\/users\/2"}],"replies":[{"embeddable":true,"href":"https:\/\/www.amper-aufsperrdienst.de\/en\/wp-json\/wp\/v2\/comments?post=12621"}],"version-history":[{"count":2,"href":"https:\/\/www.amper-aufsperrdienst.de\/en\/wp-json\/wp\/v2\/pages\/12621\/revisions"}],"predecessor-version":[{"id":12870,"href":"https:\/\/www.amper-aufsperrdienst.de\/en\/wp-json\/wp\/v2\/pages\/12621\/revisions\/12870"}],"wp:featuredmedia":[{"embeddable":true,"href":"https:\/\/www.amper-aufsperrdienst.de\/en\/wp-json\/wp\/v2\/media\/10927"}],"wp:attachment":[{"href":"https:\/\/www.amper-aufsperrdienst.de\/en\/wp-json\/wp\/v2\/media?parent=12621"}],"curies":[{"name":"wp","href":"https:\/\/api.w.org\/{rel}","templated":true}]}}