{"id":12639,"date":"2018-07-03T05:33:22","date_gmt":"2018-07-03T03:33:22","guid":{"rendered":"https:\/\/www.amper-aufsperrdienst.de\/locksmith-munich-dianapark\/"},"modified":"2026-01-22T03:22:47","modified_gmt":"2026-01-22T01:22:47","slug":"locksmith-munich-dianapark","status":"publish","type":"page","link":"https:\/\/www.amper-aufsperrdienst.de\/en\/locksmith-munich-dianapark\/","title":{"rendered":"Locksmith Munich Dianapark"},"content":{"rendered":"<p><img loading=\"lazy\" decoding=\"async\" class=\"alignleft\" style=\"margin-bottom: 5px !important;\" src=\"https:\/\/www.amper-aufsperrdienst.de\/wp-content\/uploads\/2021\/03\/schluesseldienst-muenchen-dianapark-festpreis-ab-52-siegel.jpg\" alt=\"Amper Locksmith Service - Locksmith Munich-Dianapark with fixed prices starting at \u20ac52\" width=\"250\" height=\"250\" \/><\/p>\n<p>Have you locked yourself out of your house without taking your key? Do you need the immediate assistance of an experienced locksmith? We&#8217;re happy to help if you&#8217;ve been locked out. As a traditional and experienced locksmith service in Munich&#8217;s Dianapark district, we offer fair fixed prices and are available 24\/7, 365 days a year. Our friendly staff are highly skilled and use only the best specialized tools.<\/p>\n<p>For three generations, we&#8217;ve been unlocking front doors and villa doors for a fair, fixed price. We can confidently say we truly understand our craft. In approximately 99% of our cases, we ensure completely damage-free door opening. Experience our first-class service for yourself!<\/p>\n          <!-- tarif -->\n<h2><b><span style=\"vertical-align: inherit;\"><span style=\"vertical-align: inherit;\">Our binding fixed prices start from \u20ac52.<\/span><\/span><\/b><\/h2>\n<p>Amper Locksmith Service is a fair locksmith service with transparent fixed prices:<\/p>\n<div class=\"table-title\">\n\tPRICE LIST  UNLOCK\n<\/div>\n<!-- Table part-->\n<table class=\"table\">\n  <thead class=\"header\">\n\t  <tr>\n     \t <th scope=\"col\">Time<\/th>\n     \t <th scope=\"col\">8 - 18<\/th>\n     \t <th scope=\"col\">18 - 22<\/th>\n     \t <th scope=\"col\">22 - 8<\/th>\n\t<\/tr>\n  <\/thead>\n  <tbody>\n     \t  <tr class=\"weekdays\">\n     \t  \t  <td class=\"tag\" data-label=\"Time\">Mo - Fr<\/td>\n     \t  \t  <td class=\"hrs tag\" data-label=\"8 - 18\">52,- \u20ac<\/td>\n     \t  \t  <td class=\"tag space\" data-label=\"18 - 22\">82,- \u20ac<\/td>\n     \t  \t  <td data-label=\"22 - 8\">95,- \u20ac<\/td>\n     \t  <\/tr>\n     <tr class=\"weekends\">\n     \t  \t  <td class=\"tag\" data-label=\"Time\">Sa<\/td>\n     \t  \t  <td class=\"tag\" data-label=\"8 - 18\">95,- \u20ac<\/td>\n     \t  \t  <td class=\"tag\" data-label=\"18 - 22\">95,- \u20ac<\/td>\n     \t  \t  <td data-label=\"22 - 8\">125,- \u20ac<\/td>\n     \t  <\/tr>\n     <tr class=\"holidays\">\n     \t  \t  <td class=\"tag\" data-label=\"Time\">So & holiday<\/td>\n     \t  \t  <td class=\"tag\" data-label=\"8 - 18\">125,- \u20ac<\/td>\n     \t  \t  <td class=\"tag\" data-label=\"18 - 22\">125,-\u20ac<\/td>\n     \t  \t  <td data-label=\"22 - 8\">125,-\u20ac<\/td>\n     \t  <\/tr>\n     <\/tbody>\n<\/table>\n<!-- Table Description-->\n<div class=\"table-description\">\n\t<em>Please call to inquire about travel costs.<\/em>\n<\/div>\n<!-- Wordings below -->\n<div class=\"wordings\">\n<p>The prices listed in this table are binding for unlocking a door that has slammed shut or been pulled shut (without self-locking mechanisms). Please feel free to contact us if you would like a price quote for other locksmith services. We will gladly provide you with a transparent, fixed-price offer.<\/p>\n<\/div>\n\n<!-- END Wordings -->\n\n\n\n<div class=\"ansprech\">Fast locksmith service in Munich&#8217;s Dianapark district with a fixed-price guarantee.<br \/>\n<h3 class=\"phone mobilesOnly\"><a href=\"tel:+498000131131\">0800 \/ 0 131 131<\/a><\/h3><h3 class=\"phone desktopOnly\"><a href=\"tel:+498000131131\">0800 \/ 0 131 131<\/a><\/h3>Damage-free door opening 24\/7, 365 days a year! Call for free!<\/div>\n<h2>Dianapark in the Daglfing district of Munich<\/h2>\n<p>Diana Park in the Munich district of Daglfing was created in 1980 and is located between Daglfinger Stra\u00dfe, Erchanbertstra\u00dfe, and Kunihohstra\u00dfe. Daglfing itself belongs to the beautiful Bogenhausen district. To the east of Diana Park are fields and open countryside.<\/p>\n<p>Until 1960, the well-known Zehetmayrhof estate was located on the site of the present-day housing development (more precisely, at Kunihohstra\u00dfe 12). This estate was first documented in land registers in the 14th century. The history of this estate was documented by Fritz Lutz, a local historian who was very interested in the Zehetmayrhof.<\/p>\n<h2>Locksmith Munich Dianapark: Non-destructive unlocking at a transparent fixed price<\/h2>\n<p>Are you locked out or have your door slammed shut and need an experienced locksmith who can open it without damage for a fixed price? You&#8217;re glad you found the Amper Locksmith Service website! We use only the best professional tools to ensure virtually non-destructive door openings. Our staff are friendly, honest, and professional. The fixed prices we quote are 100% guaranteed, exactly as agreed upon over the phone or before we open the door.<\/p>\n<h2>Available every day \u2013 24\/7!<\/h2>\n<p>As Amper Locksmith Service is a genuine emergency locksmith service, we are available every day of the year \u2013 not just during business hours, but around the clock! As a long-established company founded by Mario Pichelmaier&#8217;s grandfather, we understand that lockouts can be needed at any time, especially on weekends and holidays. Because we don&#8217;t want to leave you locked out, our toll-free emergency hotline is always available!<\/p>\n<p>Are you looking for a customer-oriented, honest, and fast locksmith in Munich&#8217;s Dianapark district? Give us a call for a detailed consultation! Once you&#8217;ve commissioned us for a damage-free opening at a fixed price, we&#8217;ll set off immediately and be at your location in approximately 30 minutes!<\/p>\n<div class=\"ansprech\">Fast locksmith service in Munich&#8217;s Dianapark with a fixed price guarantee<br \/>\n<h3 class=\"phone mobilesOnly\"><a href=\"tel:+498000131131\">0800 \/ 0 131 131<\/a><\/h3><h3 class=\"phone desktopOnly\"><a href=\"tel:+498000131131\">0800 \/ 0 131 131<\/a><\/h3>Damage-free door opening 24\/7, 365 days a year! Call us for free!<\/div>\n","protected":false},"excerpt":{"rendered":"<p>Have you locked yourself out of your house without taking your key? Do you need the immediate assistance of an experienced locksmith? We&#8217;re happy to help if you&#8217;ve been locked out. As a traditional and experienced locksmith service in Munich&#8217;s Dianapark district, we offer fair fixed prices and are available 24\/7, 365 days a year. [&hellip;]<\/p>\n","protected":false},"author":2,"featured_media":0,"parent":0,"menu_order":0,"comment_status":"closed","ping_status":"closed","template":"","meta":{"footnotes":"","_links_to":"","_links_to_target":""},"class_list":["post-12639","page","type-page","status-publish","hentry"],"yoast_head":"<!-- This site is optimized with the Yoast SEO plugin v27.4 - https:\/\/yoast.com\/product\/yoast-seo-wordpress\/ -->\n<title>Locksmith Munich Dianapark: Fixed price from \u20ac52<\/title>\n<meta name=\"description\" content=\"Traditional and trustworthy locksmith service in Munich Dianapark with highly trained locksmith experts, fast 24\/7 service, free telephone number, and fair fixed prices: Contact us anytime for non-destructive door opening using high-quality professional tools!\" \/>\n<meta name=\"robots\" content=\"index, follow, max-snippet:-1, max-image-preview:large, max-video-preview:-1\" \/>\n<link rel=\"canonical\" href=\"https:\/\/www.amper-aufsperrdienst.de\/en\/locksmith-munich-dianapark\/\" \/>\n<meta property=\"og:locale\" content=\"en_US\" \/>\n<meta property=\"og:type\" content=\"article\" \/>\n<meta property=\"og:title\" content=\"Locksmith Munich Dianapark: Fixed price from \u20ac52\" \/>\n<meta property=\"og:description\" content=\"Traditional and trustworthy locksmith service in Munich Dianapark with highly trained locksmith experts, fast 24\/7 service, free telephone number, and fair fixed prices: Contact us anytime for non-destructive door opening using high-quality professional tools!\" \/>\n<meta property=\"og:url\" content=\"https:\/\/www.amper-aufsperrdienst.de\/en\/locksmith-munich-dianapark\/\" \/>\n<meta property=\"og:site_name\" content=\"Locksmith for Munich, Dachau and F\u00fcrstenfeldbruck\" \/>\n<meta property=\"article:modified_time\" content=\"2026-01-22T01:22:47+00:00\" \/>\n<meta property=\"og:image\" content=\"https:\/\/www.amper-aufsperrdienst.de\/wp-content\/uploads\/2021\/03\/schluesseldienst-muenchen-dianapark-festpreis-ab-52-siegel.jpg\" \/>\n<meta name=\"twitter:label1\" content=\"Est. reading time\" \/>\n\t<meta name=\"twitter:data1\" content=\"3 minutes\" \/>\n<script type=\"application\/ld+json\" class=\"yoast-schema-graph\">{\"@context\":\"https:\\\/\\\/schema.org\",\"@graph\":[{\"@type\":\"WebPage\",\"@id\":\"https:\\\/\\\/www.amper-aufsperrdienst.de\\\/en\\\/locksmith-munich-dianapark\\\/\",\"url\":\"https:\\\/\\\/www.amper-aufsperrdienst.de\\\/en\\\/locksmith-munich-dianapark\\\/\",\"name\":\"Locksmith Munich Dianapark: Fixed price from \u20ac52\",\"isPartOf\":{\"@id\":\"https:\\\/\\\/www.amper-aufsperrdienst.de\\\/en\\\/#website\"},\"primaryImageOfPage\":{\"@id\":\"https:\\\/\\\/www.amper-aufsperrdienst.de\\\/en\\\/locksmith-munich-dianapark\\\/#primaryimage\"},\"image\":{\"@id\":\"https:\\\/\\\/www.amper-aufsperrdienst.de\\\/en\\\/locksmith-munich-dianapark\\\/#primaryimage\"},\"thumbnailUrl\":\"https:\\\/\\\/www.amper-aufsperrdienst.de\\\/wp-content\\\/uploads\\\/2021\\\/03\\\/schluesseldienst-muenchen-dianapark-festpreis-ab-52-siegel.jpg\",\"datePublished\":\"2018-07-03T03:33:22+00:00\",\"dateModified\":\"2026-01-22T01:22:47+00:00\",\"description\":\"Traditional and trustworthy locksmith service in Munich Dianapark with highly trained locksmith experts, fast 24\\\/7 service, free telephone number, and fair fixed prices: Contact us anytime for non-destructive door opening using high-quality professional tools!\",\"breadcrumb\":{\"@id\":\"https:\\\/\\\/www.amper-aufsperrdienst.de\\\/en\\\/locksmith-munich-dianapark\\\/#breadcrumb\"},\"inLanguage\":\"en-US\",\"potentialAction\":[{\"@type\":\"ReadAction\",\"target\":[\"https:\\\/\\\/www.amper-aufsperrdienst.de\\\/en\\\/locksmith-munich-dianapark\\\/\"]}]},{\"@type\":\"ImageObject\",\"inLanguage\":\"en-US\",\"@id\":\"https:\\\/\\\/www.amper-aufsperrdienst.de\\\/en\\\/locksmith-munich-dianapark\\\/#primaryimage\",\"url\":\"https:\\\/\\\/www.amper-aufsperrdienst.de\\\/wp-content\\\/uploads\\\/2021\\\/03\\\/schluesseldienst-muenchen-dianapark-festpreis-ab-52-siegel.jpg\",\"contentUrl\":\"https:\\\/\\\/www.amper-aufsperrdienst.de\\\/wp-content\\\/uploads\\\/2021\\\/03\\\/schluesseldienst-muenchen-dianapark-festpreis-ab-52-siegel.jpg\"},{\"@type\":\"BreadcrumbList\",\"@id\":\"https:\\\/\\\/www.amper-aufsperrdienst.de\\\/en\\\/locksmith-munich-dianapark\\\/#breadcrumb\",\"itemListElement\":[{\"@type\":\"ListItem\",\"position\":1,\"name\":\"Home\",\"item\":\"https:\\\/\\\/www.amper-aufsperrdienst.de\\\/en\\\/\"},{\"@type\":\"ListItem\",\"position\":2,\"name\":\"Locksmith Munich Dianapark\"}]},{\"@type\":\"WebSite\",\"@id\":\"https:\\\/\\\/www.amper-aufsperrdienst.de\\\/en\\\/#website\",\"url\":\"https:\\\/\\\/www.amper-aufsperrdienst.de\\\/en\\\/\",\"name\":\"Locksmith for Munich, Dachau and F\u00fcrstenfeldbruck\",\"description\":\"Amper Aufsperrdienst\",\"potentialAction\":[{\"@type\":\"SearchAction\",\"target\":{\"@type\":\"EntryPoint\",\"urlTemplate\":\"https:\\\/\\\/www.amper-aufsperrdienst.de\\\/en\\\/?s={search_term_string}\"},\"query-input\":{\"@type\":\"PropertyValueSpecification\",\"valueRequired\":true,\"valueName\":\"search_term_string\"}}],\"inLanguage\":\"en-US\"}]}<\/script>\n<!-- \/ Yoast SEO plugin. -->","yoast_head_json":{"title":"Locksmith Munich Dianapark: Fixed price from \u20ac52","description":"Traditional and trustworthy locksmith service in Munich Dianapark with highly trained locksmith experts, fast 24\/7 service, free telephone number, and fair fixed prices: Contact us anytime for non-destructive door opening using high-quality professional tools!","robots":{"index":"index","follow":"follow","max-snippet":"max-snippet:-1","max-image-preview":"max-image-preview:large","max-video-preview":"max-video-preview:-1"},"canonical":"https:\/\/www.amper-aufsperrdienst.de\/en\/locksmith-munich-dianapark\/","og_locale":"en_US","og_type":"article","og_title":"Locksmith Munich Dianapark: Fixed price from \u20ac52","og_description":"Traditional and trustworthy locksmith service in Munich Dianapark with highly trained locksmith experts, fast 24\/7 service, free telephone number, and fair fixed prices: Contact us anytime for non-destructive door opening using high-quality professional tools!","og_url":"https:\/\/www.amper-aufsperrdienst.de\/en\/locksmith-munich-dianapark\/","og_site_name":"Locksmith for Munich, Dachau and F\u00fcrstenfeldbruck","article_modified_time":"2026-01-22T01:22:47+00:00","og_image":[{"url":"https:\/\/www.amper-aufsperrdienst.de\/wp-content\/uploads\/2021\/03\/schluesseldienst-muenchen-dianapark-festpreis-ab-52-siegel.jpg","type":"","width":"","height":""}],"twitter_misc":{"Est. reading time":"3 minutes"},"schema":{"@context":"https:\/\/schema.org","@graph":[{"@type":"WebPage","@id":"https:\/\/www.amper-aufsperrdienst.de\/en\/locksmith-munich-dianapark\/","url":"https:\/\/www.amper-aufsperrdienst.de\/en\/locksmith-munich-dianapark\/","name":"Locksmith Munich Dianapark: Fixed price from \u20ac52","isPartOf":{"@id":"https:\/\/www.amper-aufsperrdienst.de\/en\/#website"},"primaryImageOfPage":{"@id":"https:\/\/www.amper-aufsperrdienst.de\/en\/locksmith-munich-dianapark\/#primaryimage"},"image":{"@id":"https:\/\/www.amper-aufsperrdienst.de\/en\/locksmith-munich-dianapark\/#primaryimage"},"thumbnailUrl":"https:\/\/www.amper-aufsperrdienst.de\/wp-content\/uploads\/2021\/03\/schluesseldienst-muenchen-dianapark-festpreis-ab-52-siegel.jpg","datePublished":"2018-07-03T03:33:22+00:00","dateModified":"2026-01-22T01:22:47+00:00","description":"Traditional and trustworthy locksmith service in Munich Dianapark with highly trained locksmith experts, fast 24\/7 service, free telephone number, and fair fixed prices: Contact us anytime for non-destructive door opening using high-quality professional tools!","breadcrumb":{"@id":"https:\/\/www.amper-aufsperrdienst.de\/en\/locksmith-munich-dianapark\/#breadcrumb"},"inLanguage":"en-US","potentialAction":[{"@type":"ReadAction","target":["https:\/\/www.amper-aufsperrdienst.de\/en\/locksmith-munich-dianapark\/"]}]},{"@type":"ImageObject","inLanguage":"en-US","@id":"https:\/\/www.amper-aufsperrdienst.de\/en\/locksmith-munich-dianapark\/#primaryimage","url":"https:\/\/www.amper-aufsperrdienst.de\/wp-content\/uploads\/2021\/03\/schluesseldienst-muenchen-dianapark-festpreis-ab-52-siegel.jpg","contentUrl":"https:\/\/www.amper-aufsperrdienst.de\/wp-content\/uploads\/2021\/03\/schluesseldienst-muenchen-dianapark-festpreis-ab-52-siegel.jpg"},{"@type":"BreadcrumbList","@id":"https:\/\/www.amper-aufsperrdienst.de\/en\/locksmith-munich-dianapark\/#breadcrumb","itemListElement":[{"@type":"ListItem","position":1,"name":"Home","item":"https:\/\/www.amper-aufsperrdienst.de\/en\/"},{"@type":"ListItem","position":2,"name":"Locksmith Munich Dianapark"}]},{"@type":"WebSite","@id":"https:\/\/www.amper-aufsperrdienst.de\/en\/#website","url":"https:\/\/www.amper-aufsperrdienst.de\/en\/","name":"Locksmith for Munich, Dachau and F\u00fcrstenfeldbruck","description":"Amper Aufsperrdienst","potentialAction":[{"@type":"SearchAction","target":{"@type":"EntryPoint","urlTemplate":"https:\/\/www.amper-aufsperrdienst.de\/en\/?s={search_term_string}"},"query-input":{"@type":"PropertyValueSpecification","valueRequired":true,"valueName":"search_term_string"}}],"inLanguage":"en-US"}]}},"_links":{"self":[{"href":"https:\/\/www.amper-aufsperrdienst.de\/en\/wp-json\/wp\/v2\/pages\/12639","targetHints":{"allow":["GET"]}}],"collection":[{"href":"https:\/\/www.amper-aufsperrdienst.de\/en\/wp-json\/wp\/v2\/pages"}],"about":[{"href":"https:\/\/www.amper-aufsperrdienst.de\/en\/wp-json\/wp\/v2\/types\/page"}],"author":[{"embeddable":true,"href":"https:\/\/www.amper-aufsperrdienst.de\/en\/wp-json\/wp\/v2\/users\/2"}],"replies":[{"embeddable":true,"href":"https:\/\/www.amper-aufsperrdienst.de\/en\/wp-json\/wp\/v2\/comments?post=12639"}],"version-history":[{"count":1,"href":"https:\/\/www.amper-aufsperrdienst.de\/en\/wp-json\/wp\/v2\/pages\/12639\/revisions"}],"predecessor-version":[{"id":12660,"href":"https:\/\/www.amper-aufsperrdienst.de\/en\/wp-json\/wp\/v2\/pages\/12639\/revisions\/12660"}],"wp:attachment":[{"href":"https:\/\/www.amper-aufsperrdienst.de\/en\/wp-json\/wp\/v2\/media?parent=12639"}],"curies":[{"name":"wp","href":"https:\/\/api.w.org\/{rel}","templated":true}]}}