{"id":12645,"date":"2018-05-01T10:07:31","date_gmt":"2018-05-01T08:07:31","guid":{"rendered":"https:\/\/www.amper-aufsperrdienst.de\/schluesseldienst-augsburg-maximilianstrasse\/"},"modified":"2026-01-27T10:02:15","modified_gmt":"2026-01-27T08:02:15","slug":"locksmith-augsburg-maximilianstrasse","status":"publish","type":"page","link":"https:\/\/www.amper-aufsperrdienst.de\/en\/locksmith-augsburg-maximilianstrasse\/","title":{"rendered":"Locksmith Augsburg Maximilianstra\u00dfe"},"content":{"rendered":"<p><img loading=\"lazy\" decoding=\"async\" class=\"alignleft\" style=\"margin-bottom: 5px !important;\" src=\"https:\/\/www.amper-aufsperrdienst.de\/wp-content\/uploads\/2021\/03\/schluesseldienst-augsburg-maximilianstrasse-festpreis-ab-52-siegel.jpg\" alt=\"Locksmith Amper - locksmith service Augsburg-Maximilianstrasse with fixed price from 52,- EUR\" width=\"250\" height=\"250\" \/><\/p>\n<p>Do you live on Maximilianstrasse in the heart of Augsburg, but find yourself in a very unpleasant situation because your key has broken off in the lock? Did you just want to grab a quick cocktail with friends when you absentmindedly closed the door without having your key with you? Are you coming home from the office, ready to relax, but now on the verge of despair because you&#8217;ve lost your key somewhere?<\/p>\n<p>Call us anytime, free of charge, and describe your situation. We&#8217;ll tell you right away on the phone what we can do for you and exactly how much our service will cost. As an experienced and reliable locksmith service on Maximilianstrasse in Augsburg, we&#8217;ve been offering fast door unlocking at a reasonable fixed price for three generations. Once you&#8217;ve contacted us, we&#8217;ll come to you immediately to get you out of your predicament in about 30 minutes.<\/p>\n          <!-- tarif -->\n<h2><b><span style=\"vertical-align: inherit;\"><span style=\"vertical-align: inherit;\">Our binding fixed prices start from \u20ac52.<\/span><\/span><\/b><\/h2>\n<p>Amper Locksmith Service is a fair locksmith service with transparent fixed prices:<\/p>\n<div class=\"table-title\">\n\tPRICE LIST  UNLOCK\n<\/div>\n<!-- Table part-->\n<table class=\"table\">\n  <thead class=\"header\">\n\t  <tr>\n     \t <th scope=\"col\">Time<\/th>\n     \t <th scope=\"col\">8 - 18<\/th>\n     \t <th scope=\"col\">18 - 22<\/th>\n     \t <th scope=\"col\">22 - 8<\/th>\n\t<\/tr>\n  <\/thead>\n  <tbody>\n     \t  <tr class=\"weekdays\">\n     \t  \t  <td class=\"tag\" data-label=\"Time\">Mo - Fr<\/td>\n     \t  \t  <td class=\"hrs tag\" data-label=\"8 - 18\">52,- \u20ac<\/td>\n     \t  \t  <td class=\"tag space\" data-label=\"18 - 22\">82,- \u20ac<\/td>\n     \t  \t  <td data-label=\"22 - 8\">95,- \u20ac<\/td>\n     \t  <\/tr>\n     <tr class=\"weekends\">\n     \t  \t  <td class=\"tag\" data-label=\"Time\">Sa<\/td>\n     \t  \t  <td class=\"tag\" data-label=\"8 - 18\">95,- \u20ac<\/td>\n     \t  \t  <td class=\"tag\" data-label=\"18 - 22\">95,- \u20ac<\/td>\n     \t  \t  <td data-label=\"22 - 8\">125,- \u20ac<\/td>\n     \t  <\/tr>\n     <tr class=\"holidays\">\n     \t  \t  <td class=\"tag\" data-label=\"Time\">So & holiday<\/td>\n     \t  \t  <td class=\"tag\" data-label=\"8 - 18\">125,- \u20ac<\/td>\n     \t  \t  <td class=\"tag\" data-label=\"18 - 22\">125,-\u20ac<\/td>\n     \t  \t  <td data-label=\"22 - 8\">125,-\u20ac<\/td>\n     \t  <\/tr>\n     <\/tbody>\n<\/table>\n<!-- Table Description-->\n<div class=\"table-description\">\n\t<em>Please call to inquire about travel costs.<\/em>\n<\/div>\n<!-- Wordings below -->\n<div class=\"wordings\">\n<p>The prices listed in this table are binding for unlocking a door that has slammed shut or been pulled shut (without self-locking mechanisms). Please feel free to contact us if you would like a price quote for other locksmith services. We will gladly provide you with a transparent, fixed-price offer.<\/p>\n<\/div>\n\n<!-- END Wordings -->\n\n\n\n<div class=\"ansprech\">Reliable locksmith service in Augsburg, Maximilianstra\u00dfe, with extensive experience and 24\/7 service.<br \/>\n<h3 class=\"phone mobilesOnly\"><a href=\"tel:+498000131131\">0800 \/ 0 131 131<\/a><\/h3><h3 class=\"phone desktopOnly\"><a href=\"tel:+498000131131\">0800 \/ 0 131 131<\/a><\/h3> Friendly team, free emergency hotline &#038; fixed price guarantee.<\/div>\n<h2>Maximilianstra\u00dfe in the heart of Augsburg.<\/h2>\n<p>Augsburg&#8217;s Maximilianstra\u00dfe is one of the most important streets not only in Augsburg, but in all of southern Germany. It boasts a multitude of impressive buildings and structures. These are partly Gothic, partly Renaissance, and partly Neoclassical. The street was formerly known as the wine market. In its immediate vicinity are Hallstra\u00dfe, Katharinengasse, Waagg\u00e4\u00dfchen, and Wintergasse.<\/p>\n<p>Augsburg&#8217;s Maximilianstrasse attracts many tourists and short-break visitors every year. There, you can not only admire numerous beautiful buildings, but also stop at one of the many restaurants or caf\u00e9s for a drink or a meal.<\/p>\n<h2>Locksmith Augsburg Maximilianstrasse: affordable fixed price for professional door opening<\/h2>\n<p>Do you need a professional, reliable, and honest locksmith service for Augsburg&#8217;s famous Maximilianstrasse or one of the surrounding streets? We can help you with damage-free door opening at a reasonable fixed price? If so, please contact us by calling our free emergency hotline. Describe your situation, and we&#8217;ll give you a fair, fixed-price quote right over the phone, which you can accept or decline. If you agree to our offer, we&#8217;ll set off immediately to help you. The price we quote will, of course, be honored exactly after the work is completed. No unpleasant surprises! We don&#8217;t operate like other &#8220;companies&#8221; in our industry who lure you in with cheap offers but then charge exorbitant additional fees!<\/p>\n<h2>Locked out on a public holiday?<\/h2>\n<p>Are you about to despair because you&#8217;ve locked yourself out on a public holiday? Don&#8217;t be! Our experienced locksmith service in Augsburg Maximilianstra\u00dfe is available not only on weekdays during normal business hours, but also around the clock on weekends and holidays! We offer a genuine 24\/7 emergency service that you can reach anytime, free of charge! We simply don&#8217;t want you to be left standing in front of a locked door. That&#8217;s why we&#8217;re always there for you!<\/p>\n<p>Have you locked yourself out and need the help of a competent locksmith? Give us a call! One of our experts will be happy to come to you as quickly as possible to help you out with a damage-free door opening at a low fixed price!<\/p>\n<div class=\"ansprech\">Reliable locksmith service in Augsburg, Maximilianstra\u00dfe, with extensive experience and 24\/7 service<br \/>\n<h3 class=\"phone mobilesOnly\"><a href=\"tel:+498000131131\">0800 \/ 0 131 131<\/a><\/h3><h3 class=\"phone desktopOnly\"><a href=\"tel:+498000131131\">0800 \/ 0 131 131<\/a><\/h3>Friendly team, free emergency hotline &#038; fixed price guarantee<\/div>\n","protected":false},"excerpt":{"rendered":"<p>Do you live on Maximilianstrasse in the heart of Augsburg, but find yourself in a very unpleasant situation because your key has broken off in the lock? Did you just want to grab a quick cocktail with friends when you absentmindedly closed the door without having your key with you? Are you coming home from [&hellip;]<\/p>\n","protected":false},"author":2,"featured_media":10927,"parent":0,"menu_order":0,"comment_status":"closed","ping_status":"closed","template":"","meta":{"footnotes":"","_links_to":"","_links_to_target":""},"class_list":["post-12645","page","type-page","status-publish","has-post-thumbnail","hentry"],"yoast_head":"<!-- This site is optimized with the Yoast SEO plugin v27.4 - https:\/\/yoast.com\/product\/yoast-seo-wordpress\/ -->\n<title>Locksmith Augsburg Maximilianstra\u00dfe: from \u20ac52,- fixed price<\/title>\n<meta name=\"description\" content=\"Experienced and professional locksmith service in Augsburg, Maximilianstra\u00dfe, with friendly staff, fast 24-hour emergency service, free emergency hotline, and affordable fixed prices: We unlock your door without damage using specialized tools. We are even available on weekends and holidays!\" \/>\n<meta name=\"robots\" content=\"index, follow, max-snippet:-1, max-image-preview:large, max-video-preview:-1\" \/>\n<link rel=\"canonical\" href=\"https:\/\/www.amper-aufsperrdienst.de\/en\/locksmith-augsburg-maximilianstrasse\/\" \/>\n<meta property=\"og:locale\" content=\"en_US\" \/>\n<meta property=\"og:type\" content=\"article\" \/>\n<meta property=\"og:title\" content=\"Locksmith Augsburg Maximilianstra\u00dfe: from \u20ac52,- fixed price\" \/>\n<meta property=\"og:description\" content=\"Experienced and professional locksmith service in Augsburg, Maximilianstra\u00dfe, with friendly staff, fast 24-hour emergency service, free emergency hotline, and affordable fixed prices: We unlock your door without damage using specialized tools. We are even available on weekends and holidays!\" \/>\n<meta property=\"og:url\" content=\"https:\/\/www.amper-aufsperrdienst.de\/en\/locksmith-augsburg-maximilianstrasse\/\" \/>\n<meta property=\"og:site_name\" content=\"Locksmith for Munich, Dachau and F\u00fcrstenfeldbruck\" \/>\n<meta property=\"article:modified_time\" content=\"2026-01-27T08:02:15+00:00\" \/>\n<meta property=\"og:image\" content=\"https:\/\/www.amper-aufsperrdienst.de\/wp-content\/uploads\/2014\/12\/header-augsburg.jpg\" \/>\n\t<meta property=\"og:image:width\" content=\"960\" \/>\n\t<meta property=\"og:image:height\" content=\"360\" \/>\n\t<meta property=\"og:image:type\" content=\"image\/jpeg\" \/>\n<meta name=\"twitter:label1\" content=\"Est. reading time\" \/>\n\t<meta name=\"twitter:data1\" content=\"4 minutes\" \/>\n<script type=\"application\/ld+json\" class=\"yoast-schema-graph\">{\"@context\":\"https:\\\/\\\/schema.org\",\"@graph\":[{\"@type\":\"WebPage\",\"@id\":\"https:\\\/\\\/www.amper-aufsperrdienst.de\\\/en\\\/locksmith-augsburg-maximilianstrasse\\\/\",\"url\":\"https:\\\/\\\/www.amper-aufsperrdienst.de\\\/en\\\/locksmith-augsburg-maximilianstrasse\\\/\",\"name\":\"Locksmith Augsburg Maximilianstra\u00dfe: from \u20ac52,- fixed price\",\"isPartOf\":{\"@id\":\"https:\\\/\\\/www.amper-aufsperrdienst.de\\\/en\\\/#website\"},\"primaryImageOfPage\":{\"@id\":\"https:\\\/\\\/www.amper-aufsperrdienst.de\\\/en\\\/locksmith-augsburg-maximilianstrasse\\\/#primaryimage\"},\"image\":{\"@id\":\"https:\\\/\\\/www.amper-aufsperrdienst.de\\\/en\\\/locksmith-augsburg-maximilianstrasse\\\/#primaryimage\"},\"thumbnailUrl\":\"https:\\\/\\\/www.amper-aufsperrdienst.de\\\/wp-content\\\/uploads\\\/2014\\\/12\\\/header-augsburg.jpg\",\"datePublished\":\"2018-05-01T08:07:31+00:00\",\"dateModified\":\"2026-01-27T08:02:15+00:00\",\"description\":\"Experienced and professional locksmith service in Augsburg, Maximilianstra\u00dfe, with friendly staff, fast 24-hour emergency service, free emergency hotline, and affordable fixed prices: We unlock your door without damage using specialized tools. We are even available on weekends and holidays!\",\"breadcrumb\":{\"@id\":\"https:\\\/\\\/www.amper-aufsperrdienst.de\\\/en\\\/locksmith-augsburg-maximilianstrasse\\\/#breadcrumb\"},\"inLanguage\":\"en-US\",\"potentialAction\":[{\"@type\":\"ReadAction\",\"target\":[\"https:\\\/\\\/www.amper-aufsperrdienst.de\\\/en\\\/locksmith-augsburg-maximilianstrasse\\\/\"]}]},{\"@type\":\"ImageObject\",\"inLanguage\":\"en-US\",\"@id\":\"https:\\\/\\\/www.amper-aufsperrdienst.de\\\/en\\\/locksmith-augsburg-maximilianstrasse\\\/#primaryimage\",\"url\":\"https:\\\/\\\/www.amper-aufsperrdienst.de\\\/wp-content\\\/uploads\\\/2014\\\/12\\\/header-augsburg.jpg\",\"contentUrl\":\"https:\\\/\\\/www.amper-aufsperrdienst.de\\\/wp-content\\\/uploads\\\/2014\\\/12\\\/header-augsburg.jpg\",\"width\":960,\"height\":360},{\"@type\":\"BreadcrumbList\",\"@id\":\"https:\\\/\\\/www.amper-aufsperrdienst.de\\\/en\\\/locksmith-augsburg-maximilianstrasse\\\/#breadcrumb\",\"itemListElement\":[{\"@type\":\"ListItem\",\"position\":1,\"name\":\"Home\",\"item\":\"https:\\\/\\\/www.amper-aufsperrdienst.de\\\/en\\\/\"},{\"@type\":\"ListItem\",\"position\":2,\"name\":\"Locksmith Augsburg Maximilianstra\u00dfe\"}]},{\"@type\":\"WebSite\",\"@id\":\"https:\\\/\\\/www.amper-aufsperrdienst.de\\\/en\\\/#website\",\"url\":\"https:\\\/\\\/www.amper-aufsperrdienst.de\\\/en\\\/\",\"name\":\"Locksmith for Munich, Dachau and F\u00fcrstenfeldbruck\",\"description\":\"Amper Aufsperrdienst\",\"potentialAction\":[{\"@type\":\"SearchAction\",\"target\":{\"@type\":\"EntryPoint\",\"urlTemplate\":\"https:\\\/\\\/www.amper-aufsperrdienst.de\\\/en\\\/?s={search_term_string}\"},\"query-input\":{\"@type\":\"PropertyValueSpecification\",\"valueRequired\":true,\"valueName\":\"search_term_string\"}}],\"inLanguage\":\"en-US\"}]}<\/script>\n<!-- \/ Yoast SEO plugin. -->","yoast_head_json":{"title":"Locksmith Augsburg Maximilianstra\u00dfe: from \u20ac52,- fixed price","description":"Experienced and professional locksmith service in Augsburg, Maximilianstra\u00dfe, with friendly staff, fast 24-hour emergency service, free emergency hotline, and affordable fixed prices: We unlock your door without damage using specialized tools. We are even available on weekends and holidays!","robots":{"index":"index","follow":"follow","max-snippet":"max-snippet:-1","max-image-preview":"max-image-preview:large","max-video-preview":"max-video-preview:-1"},"canonical":"https:\/\/www.amper-aufsperrdienst.de\/en\/locksmith-augsburg-maximilianstrasse\/","og_locale":"en_US","og_type":"article","og_title":"Locksmith Augsburg Maximilianstra\u00dfe: from \u20ac52,- fixed price","og_description":"Experienced and professional locksmith service in Augsburg, Maximilianstra\u00dfe, with friendly staff, fast 24-hour emergency service, free emergency hotline, and affordable fixed prices: We unlock your door without damage using specialized tools. We are even available on weekends and holidays!","og_url":"https:\/\/www.amper-aufsperrdienst.de\/en\/locksmith-augsburg-maximilianstrasse\/","og_site_name":"Locksmith for Munich, Dachau and F\u00fcrstenfeldbruck","article_modified_time":"2026-01-27T08:02:15+00:00","og_image":[{"width":960,"height":360,"url":"https:\/\/www.amper-aufsperrdienst.de\/wp-content\/uploads\/2014\/12\/header-augsburg.jpg","type":"image\/jpeg"}],"twitter_misc":{"Est. reading time":"4 minutes"},"schema":{"@context":"https:\/\/schema.org","@graph":[{"@type":"WebPage","@id":"https:\/\/www.amper-aufsperrdienst.de\/en\/locksmith-augsburg-maximilianstrasse\/","url":"https:\/\/www.amper-aufsperrdienst.de\/en\/locksmith-augsburg-maximilianstrasse\/","name":"Locksmith Augsburg Maximilianstra\u00dfe: from \u20ac52,- fixed price","isPartOf":{"@id":"https:\/\/www.amper-aufsperrdienst.de\/en\/#website"},"primaryImageOfPage":{"@id":"https:\/\/www.amper-aufsperrdienst.de\/en\/locksmith-augsburg-maximilianstrasse\/#primaryimage"},"image":{"@id":"https:\/\/www.amper-aufsperrdienst.de\/en\/locksmith-augsburg-maximilianstrasse\/#primaryimage"},"thumbnailUrl":"https:\/\/www.amper-aufsperrdienst.de\/wp-content\/uploads\/2014\/12\/header-augsburg.jpg","datePublished":"2018-05-01T08:07:31+00:00","dateModified":"2026-01-27T08:02:15+00:00","description":"Experienced and professional locksmith service in Augsburg, Maximilianstra\u00dfe, with friendly staff, fast 24-hour emergency service, free emergency hotline, and affordable fixed prices: We unlock your door without damage using specialized tools. We are even available on weekends and holidays!","breadcrumb":{"@id":"https:\/\/www.amper-aufsperrdienst.de\/en\/locksmith-augsburg-maximilianstrasse\/#breadcrumb"},"inLanguage":"en-US","potentialAction":[{"@type":"ReadAction","target":["https:\/\/www.amper-aufsperrdienst.de\/en\/locksmith-augsburg-maximilianstrasse\/"]}]},{"@type":"ImageObject","inLanguage":"en-US","@id":"https:\/\/www.amper-aufsperrdienst.de\/en\/locksmith-augsburg-maximilianstrasse\/#primaryimage","url":"https:\/\/www.amper-aufsperrdienst.de\/wp-content\/uploads\/2014\/12\/header-augsburg.jpg","contentUrl":"https:\/\/www.amper-aufsperrdienst.de\/wp-content\/uploads\/2014\/12\/header-augsburg.jpg","width":960,"height":360},{"@type":"BreadcrumbList","@id":"https:\/\/www.amper-aufsperrdienst.de\/en\/locksmith-augsburg-maximilianstrasse\/#breadcrumb","itemListElement":[{"@type":"ListItem","position":1,"name":"Home","item":"https:\/\/www.amper-aufsperrdienst.de\/en\/"},{"@type":"ListItem","position":2,"name":"Locksmith Augsburg Maximilianstra\u00dfe"}]},{"@type":"WebSite","@id":"https:\/\/www.amper-aufsperrdienst.de\/en\/#website","url":"https:\/\/www.amper-aufsperrdienst.de\/en\/","name":"Locksmith for Munich, Dachau and F\u00fcrstenfeldbruck","description":"Amper Aufsperrdienst","potentialAction":[{"@type":"SearchAction","target":{"@type":"EntryPoint","urlTemplate":"https:\/\/www.amper-aufsperrdienst.de\/en\/?s={search_term_string}"},"query-input":{"@type":"PropertyValueSpecification","valueRequired":true,"valueName":"search_term_string"}}],"inLanguage":"en-US"}]}},"_links":{"self":[{"href":"https:\/\/www.amper-aufsperrdienst.de\/en\/wp-json\/wp\/v2\/pages\/12645","targetHints":{"allow":["GET"]}}],"collection":[{"href":"https:\/\/www.amper-aufsperrdienst.de\/en\/wp-json\/wp\/v2\/pages"}],"about":[{"href":"https:\/\/www.amper-aufsperrdienst.de\/en\/wp-json\/wp\/v2\/types\/page"}],"author":[{"embeddable":true,"href":"https:\/\/www.amper-aufsperrdienst.de\/en\/wp-json\/wp\/v2\/users\/2"}],"replies":[{"embeddable":true,"href":"https:\/\/www.amper-aufsperrdienst.de\/en\/wp-json\/wp\/v2\/comments?post=12645"}],"version-history":[{"count":2,"href":"https:\/\/www.amper-aufsperrdienst.de\/en\/wp-json\/wp\/v2\/pages\/12645\/revisions"}],"predecessor-version":[{"id":12851,"href":"https:\/\/www.amper-aufsperrdienst.de\/en\/wp-json\/wp\/v2\/pages\/12645\/revisions\/12851"}],"wp:featuredmedia":[{"embeddable":true,"href":"https:\/\/www.amper-aufsperrdienst.de\/en\/wp-json\/wp\/v2\/media\/10927"}],"wp:attachment":[{"href":"https:\/\/www.amper-aufsperrdienst.de\/en\/wp-json\/wp\/v2\/media?parent=12645"}],"curies":[{"name":"wp","href":"https:\/\/api.w.org\/{rel}","templated":true}]}}