{"id":12663,"date":"2017-08-29T18:47:07","date_gmt":"2017-08-29T16:47:07","guid":{"rendered":"https:\/\/www.amper-aufsperrdienst.de\/schluesseldienst-tuerkenfeld\/"},"modified":"2026-01-28T07:49:17","modified_gmt":"2026-01-28T05:49:17","slug":"locksmith-turkenfeld","status":"publish","type":"page","link":"https:\/\/www.amper-aufsperrdienst.de\/en\/locksmith-turkenfeld\/","title":{"rendered":"Locksmith T\u00fcrkenfeld"},"content":{"rendered":"<p><img loading=\"lazy\" decoding=\"async\" class=\"alignleft\" style=\"margin-bottom: 5px !important;\" src=\"https:\/\/www.amper-aufsperrdienst.de\/wp-content\/uploads\/2021\/03\/schluesseldienst-tuerkenfeld-festpreis-ab-52-siegel.jpg\" alt=\"Amper Locksmith Opening Service tuerkenfeld with fixed price from 52,- EUR\" width=\"250\" height=\"250\" \/><\/p>\n<p>The door was already closed when you realized that your key was still hanging in the hallway and you hadn\u2019t taken it with you. Getting locked out happens from time to time! That\u2019s exactly why we exist as a reliable and competent locksmith service in T\u00fcrkenfeld! Have you locked yourself out? Just give us a call, completely without obligation and at any time of day. After you explain your predicament to us, we\u2019ll give you a fair and affordable fixed-price quote! Of course, we\u2019ll also tell you the approximate arrival time when you call. Essentially, we always help as quickly as possible!<\/p>\n          <!-- tarif -->\n<h2><b><span style=\"vertical-align: inherit;\"><span style=\"vertical-align: inherit;\">Our binding fixed prices start from \u20ac52.<\/span><\/span><\/b><\/h2>\n<p>Amper Locksmith Service is a fair locksmith service with transparent fixed prices:<\/p>\n<div class=\"table-title\">\n\tPRICE LIST  UNLOCK\n<\/div>\n<!-- Table part-->\n<table class=\"table\">\n  <thead class=\"header\">\n\t  <tr>\n     \t <th scope=\"col\">Time<\/th>\n     \t <th scope=\"col\">8 - 18<\/th>\n     \t <th scope=\"col\">18 - 22<\/th>\n     \t <th scope=\"col\">22 - 8<\/th>\n\t<\/tr>\n  <\/thead>\n  <tbody>\n     \t  <tr class=\"weekdays\">\n     \t  \t  <td class=\"tag\" data-label=\"Time\">Mo - Fr<\/td>\n     \t  \t  <td class=\"hrs tag\" data-label=\"8 - 18\">52,- \u20ac<\/td>\n     \t  \t  <td class=\"tag space\" data-label=\"18 - 22\">82,- \u20ac<\/td>\n     \t  \t  <td data-label=\"22 - 8\">95,- \u20ac<\/td>\n     \t  <\/tr>\n     <tr class=\"weekends\">\n     \t  \t  <td class=\"tag\" data-label=\"Time\">Sa<\/td>\n     \t  \t  <td class=\"tag\" data-label=\"8 - 18\">95,- \u20ac<\/td>\n     \t  \t  <td class=\"tag\" data-label=\"18 - 22\">95,- \u20ac<\/td>\n     \t  \t  <td data-label=\"22 - 8\">125,- \u20ac<\/td>\n     \t  <\/tr>\n     <tr class=\"holidays\">\n     \t  \t  <td class=\"tag\" data-label=\"Time\">So & holiday<\/td>\n     \t  \t  <td class=\"tag\" data-label=\"8 - 18\">125,- \u20ac<\/td>\n     \t  \t  <td class=\"tag\" data-label=\"18 - 22\">125,-\u20ac<\/td>\n     \t  \t  <td data-label=\"22 - 8\">125,-\u20ac<\/td>\n     \t  <\/tr>\n     <\/tbody>\n<\/table>\n<!-- Table Description-->\n<div class=\"table-description\">\n\t<em>Please call to inquire about travel costs.<\/em>\n<\/div>\n<!-- Wordings below -->\n<div class=\"wordings\">\n<p>The prices listed in this table are binding for unlocking a door that has slammed shut or been pulled shut (without self-locking mechanisms). Please feel free to contact us if you would like a price quote for other locksmith services. We will gladly provide you with a transparent, fixed-price offer.<\/p>\n<\/div>\n\n<!-- END Wordings -->\n\n\n\n<div class=\"ansprech\">Our 24-hour emergency number for T\u00fcrkenfeld<br \/>\n<h3 class=\"phone mobilesOnly\"><a href=\"tel:+498000131131\">0800 \/ 0 131 131<\/a><\/h3><h3 class=\"phone desktopOnly\"><a href=\"tel:+498000131131\">0800 \/ 0 131 131<\/a><\/h3> Free and available anytime!<\/div>\n<h2>The municipality of T\u00fcrkenfeld in the district of F\u00fcrstenfeldbruck<\/h2>\n<p>The municipality of T\u00fcrkenfeld is located about 14 kilometers southwest of F\u00fcrstenfeldbruck. It belongs to the district of F\u00fcrstenfeldbruck and has just under 3,800 inhabitants over an area of exactly 15.95 square kilometers. The postal code of T\u00fcrkenfeld is 82299.<\/p>\n<p>The municipality of T\u00fcrkenfeld consists of a total of 6 districts. In alphabetical order, they are: Burgholz, Klotzau, Peutenm\u00fchle, Pleitmannswang, T\u00fcrkenfeld, and Zankenhausen. At exactly 624 meters above sea level, the &#8216;Steingassenberg,&#8217; located within the municipality of T\u00fcrkenfeld, is the highest point in the entire district of F\u00fcrstenfeldbruck.<\/p>\n<p>T\u00fcrkenfeld was mentioned in writing for the first time in the year 749. At that time, the village was still called &#8216;Duringueld&#8217;. This name is derived from the personal name &#8216;Durinc&#8217;. At a later point, the name changed to &#8216;T\u00fcrkenfeld&#8217; &#8211; strongly influenced by the so-called Turkish wars in the mid-15th century.<\/p>\n<h2>Locksmith T\u00fcrkenfeld: Unlocking at a Fixed Price<\/h2>\n<p>If you need a reliable emergency locksmith for the beautiful community of T\u00fcrkenfeld in the Upper Bavarian district of F\u00fcrstenfeldbruck, Amper Lock Service is the right place for you! We carry out professional door openings without damage at a reasonable fixed price. There are no nasty surprises, because the fixed prices we give over the phone are non-negotiable. We stand for fairness, reliability, and transparency, and that is why we also guarantee our fixed prices! No exceptions!<\/p>\n<h2>Non-destructive door opening with special tools<\/h2>\n<p>As a professional locksmith service in T\u00fcrkenfeld, we naturally want to ensure that our door openings are carried out completely without damage. Of course, we cannot guarantee that damage will never occur during a lock opening. Nevertheless, we can point out that in over 99% of our lock openings, we cause no damage to cylinders, front doors, or door frames. This is because we use professional locksmith tools specifically designed and manufactured for non-destructive door openings. In addition, all our employees are very well trained and are experienced when it comes to locksmith service assignments.<\/p>\n<h2>Always available, 24\/7<\/h2>\n<p>By the way, we are not just any locksmith service, but a proper emergency locksmith available 24 hours a day. Therefore, we don\u2019t just work during the day, but especially at night. We don\u2019t just work on weekdays, but especially on weekends and public holidays, when lockouts occur most frequently. Since we stand for the highest level of service, we offer non-destructive door openings around the clock at a reasonable fixed price!<\/p>\n<p>See for yourself our service as a reliable locksmith in T\u00fcrkenfeld. Our emergency number is free and always available! Call us, we are happy to help quickly and competently!<\/p>\n<div class=\"ansprech\">Our 24-hour emergency number for T\u00fcrkenfeld<br \/>\n<h3 class=\"phone mobilesOnly\"><a href=\"tel:+498000131131\">0800 \/ 0 131 131<\/a><\/h3><h3 class=\"phone desktopOnly\"><a href=\"tel:+498000131131\">0800 \/ 0 131 131<\/a><\/h3> Free of charge and available anytime!<\/div>\n","protected":false},"excerpt":{"rendered":"<p>The door was already closed when you realized that your key was still hanging in the hallway and you hadn\u2019t taken it with you. Getting locked out happens from time to time! That\u2019s exactly why we exist as a reliable and competent locksmith service in T\u00fcrkenfeld! Have you locked yourself out? Just give us a [&hellip;]<\/p>\n","protected":false},"author":2,"featured_media":10880,"parent":0,"menu_order":0,"comment_status":"closed","ping_status":"closed","template":"","meta":{"footnotes":"","_links_to":"","_links_to_target":""},"class_list":["post-12663","page","type-page","status-publish","has-post-thumbnail","hentry"],"yoast_head":"<!-- This site is optimized with the Yoast SEO plugin v27.4 - https:\/\/yoast.com\/product\/yoast-seo-wordpress\/ -->\n<title>Locksmith T\u00fcrkenfeld: from 52,- EUR fixed price<\/title>\n<meta name=\"description\" content=\"Transparent locksmith in T\u00fcrkenfeld with affordable fixed price, free phone number &amp; 24-hour emergency service: fast door opening without damage!\" \/>\n<meta name=\"robots\" content=\"index, follow, max-snippet:-1, max-image-preview:large, max-video-preview:-1\" \/>\n<link rel=\"canonical\" href=\"https:\/\/www.amper-aufsperrdienst.de\/en\/locksmith-turkenfeld\/\" \/>\n<meta property=\"og:locale\" content=\"en_US\" \/>\n<meta property=\"og:type\" content=\"article\" \/>\n<meta property=\"og:title\" content=\"Locksmith T\u00fcrkenfeld: from 52,- EUR fixed price\" \/>\n<meta property=\"og:description\" content=\"Transparent locksmith in T\u00fcrkenfeld with affordable fixed price, free phone number &amp; 24-hour emergency service: fast door opening without damage!\" \/>\n<meta property=\"og:url\" content=\"https:\/\/www.amper-aufsperrdienst.de\/en\/locksmith-turkenfeld\/\" \/>\n<meta property=\"og:site_name\" content=\"Locksmith for Munich, Dachau and F\u00fcrstenfeldbruck\" \/>\n<meta property=\"article:modified_time\" content=\"2026-01-28T05:49:17+00:00\" \/>\n<meta property=\"og:image\" content=\"https:\/\/www.amper-aufsperrdienst.de\/wp-content\/uploads\/2014\/12\/header-ffb.jpg\" \/>\n\t<meta property=\"og:image:width\" content=\"960\" \/>\n\t<meta property=\"og:image:height\" content=\"360\" \/>\n\t<meta property=\"og:image:type\" content=\"image\/jpeg\" \/>\n<meta name=\"twitter:label1\" content=\"Est. reading time\" \/>\n\t<meta name=\"twitter:data1\" content=\"4 minutes\" \/>\n<script type=\"application\/ld+json\" class=\"yoast-schema-graph\">{\"@context\":\"https:\\\/\\\/schema.org\",\"@graph\":[{\"@type\":\"WebPage\",\"@id\":\"https:\\\/\\\/www.amper-aufsperrdienst.de\\\/en\\\/locksmith-turkenfeld\\\/\",\"url\":\"https:\\\/\\\/www.amper-aufsperrdienst.de\\\/en\\\/locksmith-turkenfeld\\\/\",\"name\":\"Locksmith T\u00fcrkenfeld: from 52,- EUR fixed price\",\"isPartOf\":{\"@id\":\"https:\\\/\\\/www.amper-aufsperrdienst.de\\\/en\\\/#website\"},\"primaryImageOfPage\":{\"@id\":\"https:\\\/\\\/www.amper-aufsperrdienst.de\\\/en\\\/locksmith-turkenfeld\\\/#primaryimage\"},\"image\":{\"@id\":\"https:\\\/\\\/www.amper-aufsperrdienst.de\\\/en\\\/locksmith-turkenfeld\\\/#primaryimage\"},\"thumbnailUrl\":\"https:\\\/\\\/www.amper-aufsperrdienst.de\\\/wp-content\\\/uploads\\\/2014\\\/12\\\/header-ffb.jpg\",\"datePublished\":\"2017-08-29T16:47:07+00:00\",\"dateModified\":\"2026-01-28T05:49:17+00:00\",\"description\":\"Transparent locksmith in T\u00fcrkenfeld with affordable fixed price, free phone number & 24-hour emergency service: fast door opening without damage!\",\"breadcrumb\":{\"@id\":\"https:\\\/\\\/www.amper-aufsperrdienst.de\\\/en\\\/locksmith-turkenfeld\\\/#breadcrumb\"},\"inLanguage\":\"en-US\",\"potentialAction\":[{\"@type\":\"ReadAction\",\"target\":[\"https:\\\/\\\/www.amper-aufsperrdienst.de\\\/en\\\/locksmith-turkenfeld\\\/\"]}]},{\"@type\":\"ImageObject\",\"inLanguage\":\"en-US\",\"@id\":\"https:\\\/\\\/www.amper-aufsperrdienst.de\\\/en\\\/locksmith-turkenfeld\\\/#primaryimage\",\"url\":\"https:\\\/\\\/www.amper-aufsperrdienst.de\\\/wp-content\\\/uploads\\\/2014\\\/12\\\/header-ffb.jpg\",\"contentUrl\":\"https:\\\/\\\/www.amper-aufsperrdienst.de\\\/wp-content\\\/uploads\\\/2014\\\/12\\\/header-ffb.jpg\",\"width\":960,\"height\":360},{\"@type\":\"BreadcrumbList\",\"@id\":\"https:\\\/\\\/www.amper-aufsperrdienst.de\\\/en\\\/locksmith-turkenfeld\\\/#breadcrumb\",\"itemListElement\":[{\"@type\":\"ListItem\",\"position\":1,\"name\":\"Home\",\"item\":\"https:\\\/\\\/www.amper-aufsperrdienst.de\\\/en\\\/\"},{\"@type\":\"ListItem\",\"position\":2,\"name\":\"Locksmith T\u00fcrkenfeld\"}]},{\"@type\":\"WebSite\",\"@id\":\"https:\\\/\\\/www.amper-aufsperrdienst.de\\\/en\\\/#website\",\"url\":\"https:\\\/\\\/www.amper-aufsperrdienst.de\\\/en\\\/\",\"name\":\"Locksmith for Munich, Dachau and F\u00fcrstenfeldbruck\",\"description\":\"Amper Aufsperrdienst\",\"potentialAction\":[{\"@type\":\"SearchAction\",\"target\":{\"@type\":\"EntryPoint\",\"urlTemplate\":\"https:\\\/\\\/www.amper-aufsperrdienst.de\\\/en\\\/?s={search_term_string}\"},\"query-input\":{\"@type\":\"PropertyValueSpecification\",\"valueRequired\":true,\"valueName\":\"search_term_string\"}}],\"inLanguage\":\"en-US\"}]}<\/script>\n<!-- \/ Yoast SEO plugin. -->","yoast_head_json":{"title":"Locksmith T\u00fcrkenfeld: from 52,- EUR fixed price","description":"Transparent locksmith in T\u00fcrkenfeld with affordable fixed price, free phone number & 24-hour emergency service: fast door opening without damage!","robots":{"index":"index","follow":"follow","max-snippet":"max-snippet:-1","max-image-preview":"max-image-preview:large","max-video-preview":"max-video-preview:-1"},"canonical":"https:\/\/www.amper-aufsperrdienst.de\/en\/locksmith-turkenfeld\/","og_locale":"en_US","og_type":"article","og_title":"Locksmith T\u00fcrkenfeld: from 52,- EUR fixed price","og_description":"Transparent locksmith in T\u00fcrkenfeld with affordable fixed price, free phone number & 24-hour emergency service: fast door opening without damage!","og_url":"https:\/\/www.amper-aufsperrdienst.de\/en\/locksmith-turkenfeld\/","og_site_name":"Locksmith for Munich, Dachau and F\u00fcrstenfeldbruck","article_modified_time":"2026-01-28T05:49:17+00:00","og_image":[{"width":960,"height":360,"url":"https:\/\/www.amper-aufsperrdienst.de\/wp-content\/uploads\/2014\/12\/header-ffb.jpg","type":"image\/jpeg"}],"twitter_misc":{"Est. reading time":"4 minutes"},"schema":{"@context":"https:\/\/schema.org","@graph":[{"@type":"WebPage","@id":"https:\/\/www.amper-aufsperrdienst.de\/en\/locksmith-turkenfeld\/","url":"https:\/\/www.amper-aufsperrdienst.de\/en\/locksmith-turkenfeld\/","name":"Locksmith T\u00fcrkenfeld: from 52,- EUR fixed price","isPartOf":{"@id":"https:\/\/www.amper-aufsperrdienst.de\/en\/#website"},"primaryImageOfPage":{"@id":"https:\/\/www.amper-aufsperrdienst.de\/en\/locksmith-turkenfeld\/#primaryimage"},"image":{"@id":"https:\/\/www.amper-aufsperrdienst.de\/en\/locksmith-turkenfeld\/#primaryimage"},"thumbnailUrl":"https:\/\/www.amper-aufsperrdienst.de\/wp-content\/uploads\/2014\/12\/header-ffb.jpg","datePublished":"2017-08-29T16:47:07+00:00","dateModified":"2026-01-28T05:49:17+00:00","description":"Transparent locksmith in T\u00fcrkenfeld with affordable fixed price, free phone number & 24-hour emergency service: fast door opening without damage!","breadcrumb":{"@id":"https:\/\/www.amper-aufsperrdienst.de\/en\/locksmith-turkenfeld\/#breadcrumb"},"inLanguage":"en-US","potentialAction":[{"@type":"ReadAction","target":["https:\/\/www.amper-aufsperrdienst.de\/en\/locksmith-turkenfeld\/"]}]},{"@type":"ImageObject","inLanguage":"en-US","@id":"https:\/\/www.amper-aufsperrdienst.de\/en\/locksmith-turkenfeld\/#primaryimage","url":"https:\/\/www.amper-aufsperrdienst.de\/wp-content\/uploads\/2014\/12\/header-ffb.jpg","contentUrl":"https:\/\/www.amper-aufsperrdienst.de\/wp-content\/uploads\/2014\/12\/header-ffb.jpg","width":960,"height":360},{"@type":"BreadcrumbList","@id":"https:\/\/www.amper-aufsperrdienst.de\/en\/locksmith-turkenfeld\/#breadcrumb","itemListElement":[{"@type":"ListItem","position":1,"name":"Home","item":"https:\/\/www.amper-aufsperrdienst.de\/en\/"},{"@type":"ListItem","position":2,"name":"Locksmith T\u00fcrkenfeld"}]},{"@type":"WebSite","@id":"https:\/\/www.amper-aufsperrdienst.de\/en\/#website","url":"https:\/\/www.amper-aufsperrdienst.de\/en\/","name":"Locksmith for Munich, Dachau and F\u00fcrstenfeldbruck","description":"Amper Aufsperrdienst","potentialAction":[{"@type":"SearchAction","target":{"@type":"EntryPoint","urlTemplate":"https:\/\/www.amper-aufsperrdienst.de\/en\/?s={search_term_string}"},"query-input":{"@type":"PropertyValueSpecification","valueRequired":true,"valueName":"search_term_string"}}],"inLanguage":"en-US"}]}},"_links":{"self":[{"href":"https:\/\/www.amper-aufsperrdienst.de\/en\/wp-json\/wp\/v2\/pages\/12663","targetHints":{"allow":["GET"]}}],"collection":[{"href":"https:\/\/www.amper-aufsperrdienst.de\/en\/wp-json\/wp\/v2\/pages"}],"about":[{"href":"https:\/\/www.amper-aufsperrdienst.de\/en\/wp-json\/wp\/v2\/types\/page"}],"author":[{"embeddable":true,"href":"https:\/\/www.amper-aufsperrdienst.de\/en\/wp-json\/wp\/v2\/users\/2"}],"replies":[{"embeddable":true,"href":"https:\/\/www.amper-aufsperrdienst.de\/en\/wp-json\/wp\/v2\/comments?post=12663"}],"version-history":[{"count":1,"href":"https:\/\/www.amper-aufsperrdienst.de\/en\/wp-json\/wp\/v2\/pages\/12663\/revisions"}],"predecessor-version":[{"id":12728,"href":"https:\/\/www.amper-aufsperrdienst.de\/en\/wp-json\/wp\/v2\/pages\/12663\/revisions\/12728"}],"wp:featuredmedia":[{"embeddable":true,"href":"https:\/\/www.amper-aufsperrdienst.de\/en\/wp-json\/wp\/v2\/media\/10880"}],"wp:attachment":[{"href":"https:\/\/www.amper-aufsperrdienst.de\/en\/wp-json\/wp\/v2\/media?parent=12663"}],"curies":[{"name":"wp","href":"https:\/\/api.w.org\/{rel}","templated":true}]}}