{"id":12896,"date":"2018-02-28T08:45:26","date_gmt":"2018-02-28T06:45:26","guid":{"rendered":"https:\/\/www.amper-aufsperrdienst.de\/locksmith-munich-erlenplatz\/"},"modified":"2026-01-22T05:05:22","modified_gmt":"2026-01-22T03:05:22","slug":"locksmith-munich-erlenplatz","status":"publish","type":"page","link":"https:\/\/www.amper-aufsperrdienst.de\/en\/locksmith-munich-erlenplatz\/","title":{"rendered":"Locksmith Munich Erlenplatz"},"content":{"rendered":"<p><img loading=\"lazy\" decoding=\"async\" class=\"alignleft\" style=\"margin-bottom: 5px !important;\" src=\"https:\/\/www.amper-aufsperrdienst.de\/wp-content\/uploads\/2021\/03\/schluesseldienst-muenchen-erlenplatz-festpreis-ab-52-siegel.jpg\" alt=\"Amper Locksmith Service - Locksmith Munich-Erlenplatz with fixed prices starting at \u20ac52\" width=\"250\" height=\"250\" \/><\/p>\n<p>As always, you have your key in your purse or pocket\u2014or do you? Do you live near Erlenplatz in Munich and find yourself locked out? While this isn&#8217;t a pleasant situation, Amper Locksmith Service is exactly what you need. We&#8217;ll unlock your door without causing any damage and ensure you can get back into your apartment as quickly as possible. You can rely on us to be there in about 30 minutes and work for a fair, fixed price!<\/p>\n          <!-- tarif -->\n<h2><b><span style=\"vertical-align: inherit;\"><span style=\"vertical-align: inherit;\">Our binding fixed prices start from \u20ac52.<\/span><\/span><\/b><\/h2>\n<p>Amper Locksmith Service is a fair locksmith service with transparent fixed prices:<\/p>\n<div class=\"table-title\">\n\tPRICE LIST  UNLOCK\n<\/div>\n<!-- Table part-->\n<table class=\"table\">\n  <thead class=\"header\">\n\t  <tr>\n     \t <th scope=\"col\">Time<\/th>\n     \t <th scope=\"col\">8 - 18<\/th>\n     \t <th scope=\"col\">18 - 22<\/th>\n     \t <th scope=\"col\">22 - 8<\/th>\n\t<\/tr>\n  <\/thead>\n  <tbody>\n     \t  <tr class=\"weekdays\">\n     \t  \t  <td class=\"tag\" data-label=\"Time\">Mo - Fr<\/td>\n     \t  \t  <td class=\"hrs tag\" data-label=\"8 - 18\">52,- \u20ac<\/td>\n     \t  \t  <td class=\"tag space\" data-label=\"18 - 22\">82,- \u20ac<\/td>\n     \t  \t  <td data-label=\"22 - 8\">95,- \u20ac<\/td>\n     \t  <\/tr>\n     <tr class=\"weekends\">\n     \t  \t  <td class=\"tag\" data-label=\"Time\">Sa<\/td>\n     \t  \t  <td class=\"tag\" data-label=\"8 - 18\">95,- \u20ac<\/td>\n     \t  \t  <td class=\"tag\" data-label=\"18 - 22\">95,- \u20ac<\/td>\n     \t  \t  <td data-label=\"22 - 8\">125,- \u20ac<\/td>\n     \t  <\/tr>\n     <tr class=\"holidays\">\n     \t  \t  <td class=\"tag\" data-label=\"Time\">So & holiday<\/td>\n     \t  \t  <td class=\"tag\" data-label=\"8 - 18\">125,- \u20ac<\/td>\n     \t  \t  <td class=\"tag\" data-label=\"18 - 22\">125,-\u20ac<\/td>\n     \t  \t  <td data-label=\"22 - 8\">125,-\u20ac<\/td>\n     \t  <\/tr>\n     <\/tbody>\n<\/table>\n<!-- Table Description-->\n<div class=\"table-description\">\n\t<em>Please call to inquire about travel costs.<\/em>\n<\/div>\n<!-- Wordings below -->\n<div class=\"wordings\">\n<p>The prices listed in this table are binding for unlocking a door that has slammed shut or been pulled shut (without self-locking mechanisms). Please feel free to contact us if you would like a price quote for other locksmith services. We will gladly provide you with a transparent, fixed-price offer.<\/p>\n<\/div>\n\n<!-- END Wordings -->\n\n\n\n<div class=\"ansprech\">Locksmith Munich Erlenplatz with 24\/7 on-call service<br \/>\n<h3 class=\"phone mobilesOnly\"><a href=\"tel:+498000131131\">0800 \/ 0 131 131<\/a><\/h3><h3 class=\"phone desktopOnly\"><a href=\"tel:+498000131131\">0800 \/ 0 131 131<\/a><\/h3>Damage-free door unlocking at a transparent fixed price, free emergency hotline!<\/div>\n<h2>Erlenplatz in Munich&#8217;s Feldmoching-Hasenbergl district<\/h2>\n<p>Erlenplatz is located in Munich&#8217;s 24th district, Feldmoching-Hasenbergl. The square was first named in 1906. It is bordered by Pappelallee, Am Bl\u00fctenanger, and Schneegl\u00f6ckchenstra\u00dfe. Like the surrounding streets, Erlenplatz takes its name from the alder tree genus. In Central Europe, there are black alder, grey alder, and green alder. They all belong to the birch family (Birchaceae).<\/p>\n<p>The site is located in the Fasanerie area, a settlement established in 1892. Gardener Aschauer built the first house in this new settlement in 1897. However, this house was demolished in 2006, and a new wholesale food market was built on the site.<\/p>\n<h2>Amper Locksmith Service: Your Professional Emergency Locksmith<\/h2>\n<p>Whether you live near Erlenplatz or in the surrounding area, our Munich Erlenplatz locksmith service is always there for you. As a long-established company with years of experience, we bring our specialized tools to every call. This allows us to open even the most sophisticated locks. If your door has simply slammed shut, we can guarantee a virtually 100% damage-free opening. We leave no damage to your front door.<\/p>\n<p>Our friendly and highly experienced staff ensure safe and damage-free door opening. Do you have questions about security technology or would you like some advice? Amper Locksmith Service is happy to assist you. We offer a variety of solutions to enhance your security. This way, burglars won&#8217;t stand a chance.<\/p>\n<h2>Locksmith Munich Erlenplatz: No hidden costs<\/h2>\n<p>As a professional team led by company owner Mario Pichelmaier, we guarantee you a professional and swift door opening service. If you can explain your situation to us over the phone, we can give you a fixed price quote. This price will, of course, also apply to your on-site visit.<\/p>\n<p>Unfortunately, many locksmiths exploit the distress of unsuspecting citizens. Whether it&#8217;s exorbitant additional costs or special surcharges, the methods of many disguised companies are varied. Our locksmith service in Munich Erlenplatz, however, operates with fixed prices. These prices also apply if you need a damage-free door opening on Sundays or public holidays. We are available 24\/7 via our toll-free number.<\/p>\n<div class=\"ansprech\">Locksmith in Munich Erlenplatz with 24\/7 on-call service<br \/>\n<h3 class=\"phone mobilesOnly\"><a href=\"tel:+498000131131\">0800 \/ 0 131 131<\/a><\/h3><h3 class=\"phone desktopOnly\"><a href=\"tel:+498000131131\">0800 \/ 0 131 131<\/a><\/h3>Damage-free door opening at a transparent fixed price, free emergency hotline!<\/div>\n","protected":false},"excerpt":{"rendered":"<p>As always, you have your key in your purse or pocket\u2014or do you? Do you live near Erlenplatz in Munich and find yourself locked out? While this isn&#8217;t a pleasant situation, Amper Locksmith Service is exactly what you need. We&#8217;ll unlock your door without causing any damage and ensure you can get back into your [&hellip;]<\/p>\n","protected":false},"author":2,"featured_media":0,"parent":0,"menu_order":0,"comment_status":"closed","ping_status":"closed","template":"","meta":{"footnotes":"","_links_to":"","_links_to_target":""},"class_list":["post-12896","page","type-page","status-publish","hentry"],"yoast_head":"<!-- This site is optimized with the Yoast SEO plugin v27.4 - https:\/\/yoast.com\/product\/yoast-seo-wordpress\/ -->\n<title>Locksmith Munich Erlenplatz: Fixed price from \u20ac52<\/title>\n<meta name=\"description\" content=\"Experienced locksmith service in Munich Erlenplatz, now in its third generation: fair fixed prices, free emergency hotline, reliable staff, and fast 24-hour service! Available even on Sundays and public holidays! Damage-free door opening using the best locksmith tools!\" \/>\n<meta name=\"robots\" content=\"index, follow, max-snippet:-1, max-image-preview:large, max-video-preview:-1\" \/>\n<link rel=\"canonical\" href=\"https:\/\/www.amper-aufsperrdienst.de\/en\/locksmith-munich-erlenplatz\/\" \/>\n<meta property=\"og:locale\" content=\"en_US\" \/>\n<meta property=\"og:type\" content=\"article\" \/>\n<meta property=\"og:title\" content=\"Locksmith Munich Erlenplatz: Fixed price from \u20ac52\" \/>\n<meta property=\"og:description\" content=\"Experienced locksmith service in Munich Erlenplatz, now in its third generation: fair fixed prices, free emergency hotline, reliable staff, and fast 24-hour service! Available even on Sundays and public holidays! Damage-free door opening using the best locksmith tools!\" \/>\n<meta property=\"og:url\" content=\"https:\/\/www.amper-aufsperrdienst.de\/en\/locksmith-munich-erlenplatz\/\" \/>\n<meta property=\"og:site_name\" content=\"Locksmith for Munich, Dachau and F\u00fcrstenfeldbruck\" \/>\n<meta property=\"article:modified_time\" content=\"2026-01-22T03:05:22+00:00\" \/>\n<meta property=\"og:image\" content=\"https:\/\/www.amper-aufsperrdienst.de\/wp-content\/uploads\/2021\/03\/schluesseldienst-muenchen-erlenplatz-festpreis-ab-52-siegel.jpg\" \/>\n<meta name=\"twitter:label1\" content=\"Est. reading time\" \/>\n\t<meta name=\"twitter:data1\" content=\"3 minutes\" \/>\n<script type=\"application\/ld+json\" class=\"yoast-schema-graph\">{\"@context\":\"https:\\\/\\\/schema.org\",\"@graph\":[{\"@type\":\"WebPage\",\"@id\":\"https:\\\/\\\/www.amper-aufsperrdienst.de\\\/en\\\/locksmith-munich-erlenplatz\\\/\",\"url\":\"https:\\\/\\\/www.amper-aufsperrdienst.de\\\/en\\\/locksmith-munich-erlenplatz\\\/\",\"name\":\"Locksmith Munich Erlenplatz: Fixed price from \u20ac52\",\"isPartOf\":{\"@id\":\"https:\\\/\\\/www.amper-aufsperrdienst.de\\\/en\\\/#website\"},\"primaryImageOfPage\":{\"@id\":\"https:\\\/\\\/www.amper-aufsperrdienst.de\\\/en\\\/locksmith-munich-erlenplatz\\\/#primaryimage\"},\"image\":{\"@id\":\"https:\\\/\\\/www.amper-aufsperrdienst.de\\\/en\\\/locksmith-munich-erlenplatz\\\/#primaryimage\"},\"thumbnailUrl\":\"https:\\\/\\\/www.amper-aufsperrdienst.de\\\/wp-content\\\/uploads\\\/2021\\\/03\\\/schluesseldienst-muenchen-erlenplatz-festpreis-ab-52-siegel.jpg\",\"datePublished\":\"2018-02-28T06:45:26+00:00\",\"dateModified\":\"2026-01-22T03:05:22+00:00\",\"description\":\"Experienced locksmith service in Munich Erlenplatz, now in its third generation: fair fixed prices, free emergency hotline, reliable staff, and fast 24-hour service! Available even on Sundays and public holidays! Damage-free door opening using the best locksmith tools!\",\"breadcrumb\":{\"@id\":\"https:\\\/\\\/www.amper-aufsperrdienst.de\\\/en\\\/locksmith-munich-erlenplatz\\\/#breadcrumb\"},\"inLanguage\":\"en-US\",\"potentialAction\":[{\"@type\":\"ReadAction\",\"target\":[\"https:\\\/\\\/www.amper-aufsperrdienst.de\\\/en\\\/locksmith-munich-erlenplatz\\\/\"]}]},{\"@type\":\"ImageObject\",\"inLanguage\":\"en-US\",\"@id\":\"https:\\\/\\\/www.amper-aufsperrdienst.de\\\/en\\\/locksmith-munich-erlenplatz\\\/#primaryimage\",\"url\":\"https:\\\/\\\/www.amper-aufsperrdienst.de\\\/wp-content\\\/uploads\\\/2021\\\/03\\\/schluesseldienst-muenchen-erlenplatz-festpreis-ab-52-siegel.jpg\",\"contentUrl\":\"https:\\\/\\\/www.amper-aufsperrdienst.de\\\/wp-content\\\/uploads\\\/2021\\\/03\\\/schluesseldienst-muenchen-erlenplatz-festpreis-ab-52-siegel.jpg\"},{\"@type\":\"BreadcrumbList\",\"@id\":\"https:\\\/\\\/www.amper-aufsperrdienst.de\\\/en\\\/locksmith-munich-erlenplatz\\\/#breadcrumb\",\"itemListElement\":[{\"@type\":\"ListItem\",\"position\":1,\"name\":\"Home\",\"item\":\"https:\\\/\\\/www.amper-aufsperrdienst.de\\\/en\\\/\"},{\"@type\":\"ListItem\",\"position\":2,\"name\":\"Locksmith Munich Erlenplatz\"}]},{\"@type\":\"WebSite\",\"@id\":\"https:\\\/\\\/www.amper-aufsperrdienst.de\\\/en\\\/#website\",\"url\":\"https:\\\/\\\/www.amper-aufsperrdienst.de\\\/en\\\/\",\"name\":\"Locksmith for Munich, Dachau and F\u00fcrstenfeldbruck\",\"description\":\"Amper Aufsperrdienst\",\"potentialAction\":[{\"@type\":\"SearchAction\",\"target\":{\"@type\":\"EntryPoint\",\"urlTemplate\":\"https:\\\/\\\/www.amper-aufsperrdienst.de\\\/en\\\/?s={search_term_string}\"},\"query-input\":{\"@type\":\"PropertyValueSpecification\",\"valueRequired\":true,\"valueName\":\"search_term_string\"}}],\"inLanguage\":\"en-US\"}]}<\/script>\n<!-- \/ Yoast SEO plugin. -->","yoast_head_json":{"title":"Locksmith Munich Erlenplatz: Fixed price from \u20ac52","description":"Experienced locksmith service in Munich Erlenplatz, now in its third generation: fair fixed prices, free emergency hotline, reliable staff, and fast 24-hour service! Available even on Sundays and public holidays! Damage-free door opening using the best locksmith tools!","robots":{"index":"index","follow":"follow","max-snippet":"max-snippet:-1","max-image-preview":"max-image-preview:large","max-video-preview":"max-video-preview:-1"},"canonical":"https:\/\/www.amper-aufsperrdienst.de\/en\/locksmith-munich-erlenplatz\/","og_locale":"en_US","og_type":"article","og_title":"Locksmith Munich Erlenplatz: Fixed price from \u20ac52","og_description":"Experienced locksmith service in Munich Erlenplatz, now in its third generation: fair fixed prices, free emergency hotline, reliable staff, and fast 24-hour service! Available even on Sundays and public holidays! Damage-free door opening using the best locksmith tools!","og_url":"https:\/\/www.amper-aufsperrdienst.de\/en\/locksmith-munich-erlenplatz\/","og_site_name":"Locksmith for Munich, Dachau and F\u00fcrstenfeldbruck","article_modified_time":"2026-01-22T03:05:22+00:00","og_image":[{"url":"https:\/\/www.amper-aufsperrdienst.de\/wp-content\/uploads\/2021\/03\/schluesseldienst-muenchen-erlenplatz-festpreis-ab-52-siegel.jpg","type":"","width":"","height":""}],"twitter_misc":{"Est. reading time":"3 minutes"},"schema":{"@context":"https:\/\/schema.org","@graph":[{"@type":"WebPage","@id":"https:\/\/www.amper-aufsperrdienst.de\/en\/locksmith-munich-erlenplatz\/","url":"https:\/\/www.amper-aufsperrdienst.de\/en\/locksmith-munich-erlenplatz\/","name":"Locksmith Munich Erlenplatz: Fixed price from \u20ac52","isPartOf":{"@id":"https:\/\/www.amper-aufsperrdienst.de\/en\/#website"},"primaryImageOfPage":{"@id":"https:\/\/www.amper-aufsperrdienst.de\/en\/locksmith-munich-erlenplatz\/#primaryimage"},"image":{"@id":"https:\/\/www.amper-aufsperrdienst.de\/en\/locksmith-munich-erlenplatz\/#primaryimage"},"thumbnailUrl":"https:\/\/www.amper-aufsperrdienst.de\/wp-content\/uploads\/2021\/03\/schluesseldienst-muenchen-erlenplatz-festpreis-ab-52-siegel.jpg","datePublished":"2018-02-28T06:45:26+00:00","dateModified":"2026-01-22T03:05:22+00:00","description":"Experienced locksmith service in Munich Erlenplatz, now in its third generation: fair fixed prices, free emergency hotline, reliable staff, and fast 24-hour service! Available even on Sundays and public holidays! Damage-free door opening using the best locksmith tools!","breadcrumb":{"@id":"https:\/\/www.amper-aufsperrdienst.de\/en\/locksmith-munich-erlenplatz\/#breadcrumb"},"inLanguage":"en-US","potentialAction":[{"@type":"ReadAction","target":["https:\/\/www.amper-aufsperrdienst.de\/en\/locksmith-munich-erlenplatz\/"]}]},{"@type":"ImageObject","inLanguage":"en-US","@id":"https:\/\/www.amper-aufsperrdienst.de\/en\/locksmith-munich-erlenplatz\/#primaryimage","url":"https:\/\/www.amper-aufsperrdienst.de\/wp-content\/uploads\/2021\/03\/schluesseldienst-muenchen-erlenplatz-festpreis-ab-52-siegel.jpg","contentUrl":"https:\/\/www.amper-aufsperrdienst.de\/wp-content\/uploads\/2021\/03\/schluesseldienst-muenchen-erlenplatz-festpreis-ab-52-siegel.jpg"},{"@type":"BreadcrumbList","@id":"https:\/\/www.amper-aufsperrdienst.de\/en\/locksmith-munich-erlenplatz\/#breadcrumb","itemListElement":[{"@type":"ListItem","position":1,"name":"Home","item":"https:\/\/www.amper-aufsperrdienst.de\/en\/"},{"@type":"ListItem","position":2,"name":"Locksmith Munich Erlenplatz"}]},{"@type":"WebSite","@id":"https:\/\/www.amper-aufsperrdienst.de\/en\/#website","url":"https:\/\/www.amper-aufsperrdienst.de\/en\/","name":"Locksmith for Munich, Dachau and F\u00fcrstenfeldbruck","description":"Amper Aufsperrdienst","potentialAction":[{"@type":"SearchAction","target":{"@type":"EntryPoint","urlTemplate":"https:\/\/www.amper-aufsperrdienst.de\/en\/?s={search_term_string}"},"query-input":{"@type":"PropertyValueSpecification","valueRequired":true,"valueName":"search_term_string"}}],"inLanguage":"en-US"}]}},"_links":{"self":[{"href":"https:\/\/www.amper-aufsperrdienst.de\/en\/wp-json\/wp\/v2\/pages\/12896","targetHints":{"allow":["GET"]}}],"collection":[{"href":"https:\/\/www.amper-aufsperrdienst.de\/en\/wp-json\/wp\/v2\/pages"}],"about":[{"href":"https:\/\/www.amper-aufsperrdienst.de\/en\/wp-json\/wp\/v2\/types\/page"}],"author":[{"embeddable":true,"href":"https:\/\/www.amper-aufsperrdienst.de\/en\/wp-json\/wp\/v2\/users\/2"}],"replies":[{"embeddable":true,"href":"https:\/\/www.amper-aufsperrdienst.de\/en\/wp-json\/wp\/v2\/comments?post=12896"}],"version-history":[{"count":1,"href":"https:\/\/www.amper-aufsperrdienst.de\/en\/wp-json\/wp\/v2\/pages\/12896\/revisions"}],"predecessor-version":[{"id":12899,"href":"https:\/\/www.amper-aufsperrdienst.de\/en\/wp-json\/wp\/v2\/pages\/12896\/revisions\/12899"}],"wp:attachment":[{"href":"https:\/\/www.amper-aufsperrdienst.de\/en\/wp-json\/wp\/v2\/media?parent=12896"}],"curies":[{"name":"wp","href":"https:\/\/api.w.org\/{rel}","templated":true}]}}