{"id":12897,"date":"2017-09-25T11:02:04","date_gmt":"2017-09-25T09:02:04","guid":{"rendered":"https:\/\/www.amper-aufsperrdienst.de\/schluesseldienst-sielenbach\/"},"modified":"2026-01-28T07:56:16","modified_gmt":"2026-01-28T05:56:16","slug":"locksmith-sielenbach","status":"publish","type":"page","link":"https:\/\/www.amper-aufsperrdienst.de\/en\/locksmith-sielenbach\/","title":{"rendered":"Locksmith Sielenbach"},"content":{"rendered":"<p><img loading=\"lazy\" decoding=\"async\" class=\"alignleft\" style=\"margin-bottom: 5px !important;\" src=\"https:\/\/www.amper-aufsperrdienst.de\/wp-content\/uploads\/2021\/03\/schluesseldienst-sielenbach-festpreis-ab-52-siegel.jpg\" alt=\"Amper Locksmith Opening Service sielenbach with fixed price from 52,- EUR\" width=\"250\" height=\"250\" \/><\/p>\n<p>That&#8217;s just what you needed: you&#8217;re standing in front of your locked front door and can&#8217;t open it because you don&#8217;t have the corresponding key with you? You forgot it, lost it, or left it somewhere? Or is it already so worn that it can no longer open the lock? In all these and similar emergency situations, there is no need to despair. Because Amper Lockout Service, as a locksmith service in Sielenbach, is happy to help quickly, reliably, and at a reasonable fixed price. Call us anytime for free, explain your exact emergency, and if you wish, we can give you a fixed price over the phone before you decide to give us the job.<\/p>\n          <!-- tarif -->\n<h2><b><span style=\"vertical-align: inherit;\"><span style=\"vertical-align: inherit;\">Our binding fixed prices start from \u20ac52.<\/span><\/span><\/b><\/h2>\n<p>Amper Locksmith Service is a fair locksmith service with transparent fixed prices:<\/p>\n<div class=\"table-title\">\n\tPRICE LIST  UNLOCK\n<\/div>\n<!-- Table part-->\n<table class=\"table\">\n  <thead class=\"header\">\n\t  <tr>\n     \t <th scope=\"col\">Time<\/th>\n     \t <th scope=\"col\">8 - 18<\/th>\n     \t <th scope=\"col\">18 - 22<\/th>\n     \t <th scope=\"col\">22 - 8<\/th>\n\t<\/tr>\n  <\/thead>\n  <tbody>\n     \t  <tr class=\"weekdays\">\n     \t  \t  <td class=\"tag\" data-label=\"Time\">Mo - Fr<\/td>\n     \t  \t  <td class=\"hrs tag\" data-label=\"8 - 18\">52,- \u20ac<\/td>\n     \t  \t  <td class=\"tag space\" data-label=\"18 - 22\">82,- \u20ac<\/td>\n     \t  \t  <td data-label=\"22 - 8\">95,- \u20ac<\/td>\n     \t  <\/tr>\n     <tr class=\"weekends\">\n     \t  \t  <td class=\"tag\" data-label=\"Time\">Sa<\/td>\n     \t  \t  <td class=\"tag\" data-label=\"8 - 18\">95,- \u20ac<\/td>\n     \t  \t  <td class=\"tag\" data-label=\"18 - 22\">95,- \u20ac<\/td>\n     \t  \t  <td data-label=\"22 - 8\">125,- \u20ac<\/td>\n     \t  <\/tr>\n     <tr class=\"holidays\">\n     \t  \t  <td class=\"tag\" data-label=\"Time\">So & holiday<\/td>\n     \t  \t  <td class=\"tag\" data-label=\"8 - 18\">125,- \u20ac<\/td>\n     \t  \t  <td class=\"tag\" data-label=\"18 - 22\">125,-\u20ac<\/td>\n     \t  \t  <td data-label=\"22 - 8\">125,-\u20ac<\/td>\n     \t  <\/tr>\n     <\/tbody>\n<\/table>\n<!-- Table Description-->\n<div class=\"table-description\">\n\t<em>Please call to inquire about travel costs.<\/em>\n<\/div>\n<!-- Wordings below -->\n<div class=\"wordings\">\n<p>The prices listed in this table are binding for unlocking a door that has slammed shut or been pulled shut (without self-locking mechanisms). Please feel free to contact us if you would like a price quote for other locksmith services. We will gladly provide you with a transparent, fixed-price offer.<\/p>\n<\/div>\n\n<!-- END Wordings -->\n\n\n\n<div class=\"ansprech\">Our 24-hour emergency number for Sielenbach<br \/>\n<h3 class=\"phone mobilesOnly\"><a href=\"tel:+498000131131\">0800 \/ 0 131 131<\/a><\/h3><h3 class=\"phone desktopOnly\"><a href=\"tel:+498000131131\">0800 \/ 0 131 131<\/a><\/h3> Free of charge and available anytime!<\/div>\n<h2>The municipality of Sielenbach in the district of Aichach-Friedberg<\/h2>\n<p>The beautiful community of Sielenbach is a member of the Dasing administrative community and belongs to the Bavarian-Swabian district of Aichach-Friedberg. Over 1,600 people live here on an area of exactly 17.84 square kilometers. The postal code is 86577.<\/p>\n<p>Sielenbach is located in the far east of the Aichach-Friedberg district and has 12 municipal parts. These are, in alphabetical order: Gollenhof, Heilbach, Holzgrub, Morabach, Oberhaslach, Raderstetten, Schafhausen, Sch\u00f6nberg, Sielenbach, T\u00f6dtenried, Unterhaslach, and Unterschr\u00f6ttenloh.<\/p>\n<h2>Sielenbach Locksmith: Door Opening at a Fixed Price<\/h2>\n<p>Do you need a reliable locksmith for Sielenbach or one of the above-mentioned communities? Feel free to call the Amper Unlocking Service on their free 24-hour emergency number. We will gladly unlock your front door without damage for a fixed and reasonable price. Rest assured that the fixed prices we give you over the phone are genuinely fixed! We do not add any additional charges after unlocking your door, as is common with other &#8220;locksmith services.&#8221;<\/p>\n<h2>Locksmith in the third generation<\/h2>\n<p>Amper Lockout Service is a locksmith with tradition. For three generations, the Pichelmaier family has competently and quickly reopened house or apartment doors that have been accidentally closed or locked! Honesty and precision are very important to us. It is also important to us to be a true emergency locksmith service. So it\u2019s absolutely no problem if you lock yourself out at night or on a holiday. Amper Lockout Service doesn\u2019t just work during regular business hours, but also on Sundays and holidays \u2013 both during the day and at night!<\/p>\n<h2>Use of professional tools<\/h2>\n<p>It is of great importance to us to unlock doors without causing any damage. That is why we rely on the highest level of concentration, expertise, and experience. In our work, we use only professional locksmith tools that were specifically developed for the purpose of unlocking doors without causing damage. This is the only way we can achieve a success rate of over 99% in our unlockings without causing any damage.<\/p>\n<p>Are you currently looking for an experienced, fast, and honest locksmith service for Sielenbach or Unterbergen? The Amper Unlocking Service is happy to help you if you need your closed or locked front door reopened at an affordable fixed price without any damage!<\/p>\n<div class=\"ansprech\">Our 24-hour emergency number for Sielenbach<br \/>\n<h3 class=\"phone mobilesOnly\"><a href=\"tel:+498000131131\">0800 \/ 0 131 131<\/a><\/h3><h3 class=\"phone desktopOnly\"><a href=\"tel:+498000131131\">0800 \/ 0 131 131<\/a><\/h3> Free of charge and available anytime!<\/div>\n","protected":false},"excerpt":{"rendered":"<p>That&#8217;s just what you needed: you&#8217;re standing in front of your locked front door and can&#8217;t open it because you don&#8217;t have the corresponding key with you? You forgot it, lost it, or left it somewhere? Or is it already so worn that it can no longer open the lock? In all these and similar [&hellip;]<\/p>\n","protected":false},"author":2,"featured_media":10837,"parent":0,"menu_order":0,"comment_status":"closed","ping_status":"closed","template":"","meta":{"footnotes":"","_links_to":"","_links_to_target":""},"class_list":["post-12897","page","type-page","status-publish","has-post-thumbnail","hentry"],"yoast_head":"<!-- This site is optimized with the Yoast SEO plugin v27.4 - https:\/\/yoast.com\/product\/yoast-seo-wordpress\/ -->\n<title>Sielenbach Locksmith: fixed price from 52 EUR<\/title>\n<meta name=\"description\" content=\"Fast locksmith service in Sielenbach with affordable flat rates, 24-hour emergency service &amp; free emergency call: non-destructive door opening, also at night &amp; on holidays\" \/>\n<meta name=\"robots\" content=\"index, follow, max-snippet:-1, max-image-preview:large, max-video-preview:-1\" \/>\n<link rel=\"canonical\" href=\"https:\/\/www.amper-aufsperrdienst.de\/en\/locksmith-sielenbach\/\" \/>\n<meta property=\"og:locale\" content=\"en_US\" \/>\n<meta property=\"og:type\" content=\"article\" \/>\n<meta property=\"og:title\" content=\"Sielenbach Locksmith: fixed price from 52 EUR\" \/>\n<meta property=\"og:description\" content=\"Fast locksmith service in Sielenbach with affordable flat rates, 24-hour emergency service &amp; free emergency call: non-destructive door opening, also at night &amp; on holidays\" \/>\n<meta property=\"og:url\" content=\"https:\/\/www.amper-aufsperrdienst.de\/en\/locksmith-sielenbach\/\" \/>\n<meta property=\"og:site_name\" content=\"Locksmith for Munich, Dachau and F\u00fcrstenfeldbruck\" \/>\n<meta property=\"article:modified_time\" content=\"2026-01-28T05:56:16+00:00\" \/>\n<meta property=\"og:image\" content=\"https:\/\/www.amper-aufsperrdienst.de\/wp-content\/uploads\/2014\/12\/header-aichach.jpg\" \/>\n\t<meta property=\"og:image:width\" content=\"960\" \/>\n\t<meta property=\"og:image:height\" content=\"360\" \/>\n\t<meta property=\"og:image:type\" content=\"image\/jpeg\" \/>\n<meta name=\"twitter:label1\" content=\"Est. reading time\" \/>\n\t<meta name=\"twitter:data1\" content=\"4 minutes\" \/>\n<script type=\"application\/ld+json\" class=\"yoast-schema-graph\">{\"@context\":\"https:\\\/\\\/schema.org\",\"@graph\":[{\"@type\":\"WebPage\",\"@id\":\"https:\\\/\\\/www.amper-aufsperrdienst.de\\\/en\\\/locksmith-sielenbach\\\/\",\"url\":\"https:\\\/\\\/www.amper-aufsperrdienst.de\\\/en\\\/locksmith-sielenbach\\\/\",\"name\":\"Sielenbach Locksmith: fixed price from 52 EUR\",\"isPartOf\":{\"@id\":\"https:\\\/\\\/www.amper-aufsperrdienst.de\\\/en\\\/#website\"},\"primaryImageOfPage\":{\"@id\":\"https:\\\/\\\/www.amper-aufsperrdienst.de\\\/en\\\/locksmith-sielenbach\\\/#primaryimage\"},\"image\":{\"@id\":\"https:\\\/\\\/www.amper-aufsperrdienst.de\\\/en\\\/locksmith-sielenbach\\\/#primaryimage\"},\"thumbnailUrl\":\"https:\\\/\\\/www.amper-aufsperrdienst.de\\\/wp-content\\\/uploads\\\/2014\\\/12\\\/header-aichach.jpg\",\"datePublished\":\"2017-09-25T09:02:04+00:00\",\"dateModified\":\"2026-01-28T05:56:16+00:00\",\"description\":\"Fast locksmith service in Sielenbach with affordable flat rates, 24-hour emergency service & free emergency call: non-destructive door opening, also at night & on holidays\",\"breadcrumb\":{\"@id\":\"https:\\\/\\\/www.amper-aufsperrdienst.de\\\/en\\\/locksmith-sielenbach\\\/#breadcrumb\"},\"inLanguage\":\"en-US\",\"potentialAction\":[{\"@type\":\"ReadAction\",\"target\":[\"https:\\\/\\\/www.amper-aufsperrdienst.de\\\/en\\\/locksmith-sielenbach\\\/\"]}]},{\"@type\":\"ImageObject\",\"inLanguage\":\"en-US\",\"@id\":\"https:\\\/\\\/www.amper-aufsperrdienst.de\\\/en\\\/locksmith-sielenbach\\\/#primaryimage\",\"url\":\"https:\\\/\\\/www.amper-aufsperrdienst.de\\\/wp-content\\\/uploads\\\/2014\\\/12\\\/header-aichach.jpg\",\"contentUrl\":\"https:\\\/\\\/www.amper-aufsperrdienst.de\\\/wp-content\\\/uploads\\\/2014\\\/12\\\/header-aichach.jpg\",\"width\":960,\"height\":360},{\"@type\":\"BreadcrumbList\",\"@id\":\"https:\\\/\\\/www.amper-aufsperrdienst.de\\\/en\\\/locksmith-sielenbach\\\/#breadcrumb\",\"itemListElement\":[{\"@type\":\"ListItem\",\"position\":1,\"name\":\"Home\",\"item\":\"https:\\\/\\\/www.amper-aufsperrdienst.de\\\/en\\\/\"},{\"@type\":\"ListItem\",\"position\":2,\"name\":\"Locksmith Sielenbach\"}]},{\"@type\":\"WebSite\",\"@id\":\"https:\\\/\\\/www.amper-aufsperrdienst.de\\\/en\\\/#website\",\"url\":\"https:\\\/\\\/www.amper-aufsperrdienst.de\\\/en\\\/\",\"name\":\"Locksmith for Munich, Dachau and F\u00fcrstenfeldbruck\",\"description\":\"Amper Aufsperrdienst\",\"potentialAction\":[{\"@type\":\"SearchAction\",\"target\":{\"@type\":\"EntryPoint\",\"urlTemplate\":\"https:\\\/\\\/www.amper-aufsperrdienst.de\\\/en\\\/?s={search_term_string}\"},\"query-input\":{\"@type\":\"PropertyValueSpecification\",\"valueRequired\":true,\"valueName\":\"search_term_string\"}}],\"inLanguage\":\"en-US\"}]}<\/script>\n<!-- \/ Yoast SEO plugin. -->","yoast_head_json":{"title":"Sielenbach Locksmith: fixed price from 52 EUR","description":"Fast locksmith service in Sielenbach with affordable flat rates, 24-hour emergency service & free emergency call: non-destructive door opening, also at night & on holidays","robots":{"index":"index","follow":"follow","max-snippet":"max-snippet:-1","max-image-preview":"max-image-preview:large","max-video-preview":"max-video-preview:-1"},"canonical":"https:\/\/www.amper-aufsperrdienst.de\/en\/locksmith-sielenbach\/","og_locale":"en_US","og_type":"article","og_title":"Sielenbach Locksmith: fixed price from 52 EUR","og_description":"Fast locksmith service in Sielenbach with affordable flat rates, 24-hour emergency service & free emergency call: non-destructive door opening, also at night & on holidays","og_url":"https:\/\/www.amper-aufsperrdienst.de\/en\/locksmith-sielenbach\/","og_site_name":"Locksmith for Munich, Dachau and F\u00fcrstenfeldbruck","article_modified_time":"2026-01-28T05:56:16+00:00","og_image":[{"width":960,"height":360,"url":"https:\/\/www.amper-aufsperrdienst.de\/wp-content\/uploads\/2014\/12\/header-aichach.jpg","type":"image\/jpeg"}],"twitter_misc":{"Est. reading time":"4 minutes"},"schema":{"@context":"https:\/\/schema.org","@graph":[{"@type":"WebPage","@id":"https:\/\/www.amper-aufsperrdienst.de\/en\/locksmith-sielenbach\/","url":"https:\/\/www.amper-aufsperrdienst.de\/en\/locksmith-sielenbach\/","name":"Sielenbach Locksmith: fixed price from 52 EUR","isPartOf":{"@id":"https:\/\/www.amper-aufsperrdienst.de\/en\/#website"},"primaryImageOfPage":{"@id":"https:\/\/www.amper-aufsperrdienst.de\/en\/locksmith-sielenbach\/#primaryimage"},"image":{"@id":"https:\/\/www.amper-aufsperrdienst.de\/en\/locksmith-sielenbach\/#primaryimage"},"thumbnailUrl":"https:\/\/www.amper-aufsperrdienst.de\/wp-content\/uploads\/2014\/12\/header-aichach.jpg","datePublished":"2017-09-25T09:02:04+00:00","dateModified":"2026-01-28T05:56:16+00:00","description":"Fast locksmith service in Sielenbach with affordable flat rates, 24-hour emergency service & free emergency call: non-destructive door opening, also at night & on holidays","breadcrumb":{"@id":"https:\/\/www.amper-aufsperrdienst.de\/en\/locksmith-sielenbach\/#breadcrumb"},"inLanguage":"en-US","potentialAction":[{"@type":"ReadAction","target":["https:\/\/www.amper-aufsperrdienst.de\/en\/locksmith-sielenbach\/"]}]},{"@type":"ImageObject","inLanguage":"en-US","@id":"https:\/\/www.amper-aufsperrdienst.de\/en\/locksmith-sielenbach\/#primaryimage","url":"https:\/\/www.amper-aufsperrdienst.de\/wp-content\/uploads\/2014\/12\/header-aichach.jpg","contentUrl":"https:\/\/www.amper-aufsperrdienst.de\/wp-content\/uploads\/2014\/12\/header-aichach.jpg","width":960,"height":360},{"@type":"BreadcrumbList","@id":"https:\/\/www.amper-aufsperrdienst.de\/en\/locksmith-sielenbach\/#breadcrumb","itemListElement":[{"@type":"ListItem","position":1,"name":"Home","item":"https:\/\/www.amper-aufsperrdienst.de\/en\/"},{"@type":"ListItem","position":2,"name":"Locksmith Sielenbach"}]},{"@type":"WebSite","@id":"https:\/\/www.amper-aufsperrdienst.de\/en\/#website","url":"https:\/\/www.amper-aufsperrdienst.de\/en\/","name":"Locksmith for Munich, Dachau and F\u00fcrstenfeldbruck","description":"Amper Aufsperrdienst","potentialAction":[{"@type":"SearchAction","target":{"@type":"EntryPoint","urlTemplate":"https:\/\/www.amper-aufsperrdienst.de\/en\/?s={search_term_string}"},"query-input":{"@type":"PropertyValueSpecification","valueRequired":true,"valueName":"search_term_string"}}],"inLanguage":"en-US"}]}},"_links":{"self":[{"href":"https:\/\/www.amper-aufsperrdienst.de\/en\/wp-json\/wp\/v2\/pages\/12897","targetHints":{"allow":["GET"]}}],"collection":[{"href":"https:\/\/www.amper-aufsperrdienst.de\/en\/wp-json\/wp\/v2\/pages"}],"about":[{"href":"https:\/\/www.amper-aufsperrdienst.de\/en\/wp-json\/wp\/v2\/types\/page"}],"author":[{"embeddable":true,"href":"https:\/\/www.amper-aufsperrdienst.de\/en\/wp-json\/wp\/v2\/users\/2"}],"replies":[{"embeddable":true,"href":"https:\/\/www.amper-aufsperrdienst.de\/en\/wp-json\/wp\/v2\/comments?post=12897"}],"version-history":[{"count":1,"href":"https:\/\/www.amper-aufsperrdienst.de\/en\/wp-json\/wp\/v2\/pages\/12897\/revisions"}],"predecessor-version":[{"id":12930,"href":"https:\/\/www.amper-aufsperrdienst.de\/en\/wp-json\/wp\/v2\/pages\/12897\/revisions\/12930"}],"wp:featuredmedia":[{"embeddable":true,"href":"https:\/\/www.amper-aufsperrdienst.de\/en\/wp-json\/wp\/v2\/media\/10837"}],"wp:attachment":[{"href":"https:\/\/www.amper-aufsperrdienst.de\/en\/wp-json\/wp\/v2\/media?parent=12897"}],"curies":[{"name":"wp","href":"https:\/\/api.w.org\/{rel}","templated":true}]}}