{"id":12935,"date":"2018-07-10T07:17:46","date_gmt":"2018-07-10T05:17:46","guid":{"rendered":"https:\/\/www.amper-aufsperrdienst.de\/locksmith-munich-feldmuellersiedlung\/"},"modified":"2026-01-22T05:26:02","modified_gmt":"2026-01-22T03:26:02","slug":"locksmith-munich-feldmuellersiedlung","status":"publish","type":"page","link":"https:\/\/www.amper-aufsperrdienst.de\/en\/locksmith-munich-feldmuellersiedlung\/","title":{"rendered":"Locksmith Munich Feldm\u00fcllersiedlung"},"content":{"rendered":"<p><img loading=\"lazy\" decoding=\"async\" class=\"alignleft\" style=\"margin-bottom: 5px !important;\" src=\"https:\/\/www.amper-aufsperrdienst.de\/wp-content\/uploads\/2021\/03\/schluesseldienst-muenchen-feldmuellersiedlung-festpreis-ab-52-siegel.jpg\" alt=\"Amper Locksmith Service - Locksmith Munich-Feldm\u00fcllersiedlung with fixed prices starting at \u20ac52\" width=\"250\" height=\"250\" \/>Do you urgently need a reliable and skilled locksmith in the Feldm\u00fcller housing estate in Obergiesing who can open your door non-destructively in approximately 30 minutes for a fixed price? Then call the professionals at Amper Locksmith Service! We are available 24\/7, 365 days a year, and know exactly how to quickly and damage-free open locked or jammed apartment and house doors. We offer a fixed-price guarantee because we are unfortunately aware of the many unscrupulous operators in our industry.<\/p>\n          <!-- tarif -->\n<h2><b><span style=\"vertical-align: inherit;\"><span style=\"vertical-align: inherit;\">Our binding fixed prices start from \u20ac52.<\/span><\/span><\/b><\/h2>\n<p>Amper Locksmith Service is a fair locksmith service with transparent fixed prices:<\/p>\n<div class=\"table-title\">\n\tPRICE LIST  UNLOCK\n<\/div>\n<!-- Table part-->\n<table class=\"table\">\n  <thead class=\"header\">\n\t  <tr>\n     \t <th scope=\"col\">Time<\/th>\n     \t <th scope=\"col\">8 - 18<\/th>\n     \t <th scope=\"col\">18 - 22<\/th>\n     \t <th scope=\"col\">22 - 8<\/th>\n\t<\/tr>\n  <\/thead>\n  <tbody>\n     \t  <tr class=\"weekdays\">\n     \t  \t  <td class=\"tag\" data-label=\"Time\">Mo - Fr<\/td>\n     \t  \t  <td class=\"hrs tag\" data-label=\"8 - 18\">52,- \u20ac<\/td>\n     \t  \t  <td class=\"tag space\" data-label=\"18 - 22\">82,- \u20ac<\/td>\n     \t  \t  <td data-label=\"22 - 8\">95,- \u20ac<\/td>\n     \t  <\/tr>\n     <tr class=\"weekends\">\n     \t  \t  <td class=\"tag\" data-label=\"Time\">Sa<\/td>\n     \t  \t  <td class=\"tag\" data-label=\"8 - 18\">95,- \u20ac<\/td>\n     \t  \t  <td class=\"tag\" data-label=\"18 - 22\">95,- \u20ac<\/td>\n     \t  \t  <td data-label=\"22 - 8\">125,- \u20ac<\/td>\n     \t  <\/tr>\n     <tr class=\"holidays\">\n     \t  \t  <td class=\"tag\" data-label=\"Time\">So & holiday<\/td>\n     \t  \t  <td class=\"tag\" data-label=\"8 - 18\">125,- \u20ac<\/td>\n     \t  \t  <td class=\"tag\" data-label=\"18 - 22\">125,-\u20ac<\/td>\n     \t  \t  <td data-label=\"22 - 8\">125,-\u20ac<\/td>\n     \t  <\/tr>\n     <\/tbody>\n<\/table>\n<!-- Table Description-->\n<div class=\"table-description\">\n\t<em>Please call to inquire about travel costs.<\/em>\n<\/div>\n<!-- Wordings below -->\n<div class=\"wordings\">\n<p>The prices listed in this table are binding for unlocking a door that has slammed shut or been pulled shut (without self-locking mechanisms). Please feel free to contact us if you would like a price quote for other locksmith services. We will gladly provide you with a transparent, fixed-price offer.<\/p>\n<\/div>\n\n<!-- END Wordings -->\n\n\n\n<div class=\"ansprech\">Competent locksmith service in Munich&#8217;s Feldm\u00fcllersiedlung district with experienced locksmith experts<br \/>\n<h3 class=\"phone mobilesOnly\"><a href=\"tel:+498000131131\">0800 \/ 0 131 131<\/a><\/h3><h3 class=\"phone desktopOnly\"><a href=\"tel:+498000131131\">0800 \/ 0 131 131<\/a><\/h3>Damage-free door opening at a fair, fixed price! Available anytime, free of charge!<\/div>\n<h2>The Feldm\u00fcllersiedlung is located in the Obergiesing district of Munich.<\/h2>\n<p>The Feldm\u00fcller housing estate is located in the Obergiesing district of Munich and is listed as a Bavarian monument, making it a protected historical site. It lies within the area bounded by Tegernseer Landstra\u00dfe, the parish church on Ichostra\u00dfe, Gietlstra\u00dfe, and the Church of the Holy Cross.<\/p>\n<p>The Feldm\u00fcller housing estate consists primarily of smaller houses built in the 19th century. The estate is named after Therese Feldm\u00fcller, who lived in Giesing in the 19th century and sold the land on which the Feldm\u00fcller estate now stands to tradespeople and craftsmen. These individuals then built the smaller, single-story houses, some with backyards, others with gardens.<\/p>\n<p>The Feldm\u00fcller housing estate was therefore already a true working-class neighborhood in the 19th century. The Obergiesing town center is more rural, which is why there was a contrast here.<\/p>\n<p>Some of the houses in the Feldm\u00fcller housing estate were extended upwards towards the end of the 19th century. Examples can be found on Kiesstra\u00dfe and Obere Grasstra\u00dfe.<\/p>\n<h2>Locksmith Munich Feldm\u00fcller housing estate: affordable fixed price for fast unlocking<\/h2>\n<p>Do you live in the listed Feldm\u00fcller housing estate and are currently looking for a professional locksmith service that can provide fast door unlocking at a reasonable fixed price? Amper Locksmith Service is happy to be your fair locksmith in an emergency if you&#8217;re currently staring at a locked or jammed front door. Our fixed prices are affordable and fairly calculated. We guarantee to honor them 100% as quoted over the phone!<\/p>\n<h2>Available 24\/7<\/h2>\n<p>We offer fair and transparent fixed prices and are available around the clock, every day of the year. As a true emergency locksmith service, we don&#8217;t have fixed business hours. If you need our help, simply call us free of charge and explain your situation. Whether it&#8217;s a weekday, weekend, or holiday, Amper Locksmith Service is there for you at a fixed price. Our friendly locksmiths are highly trained and, using professional specialized tools, successfully open doors without damage in over 99% of their callouts.<\/p>\n<p>You don&#8217;t want to just hire any locksmith in Munich&#8217;s Feldm\u00fcllersiedlung district to open your door, you want a real expert! Call us free of charge, we&#8217;re happy to help!<\/p>\n<div class=\"ansprech\">Competent locksmith service in Munich Feldm\u00fcllersiedlung with experienced locksmith experts<br \/>\n<h3 class=\"phone mobilesOnly\"><a href=\"tel:+498000131131\">0800 \/ 0 131 131<\/a><\/h3><h3 class=\"phone desktopOnly\"><a href=\"tel:+498000131131\">0800 \/ 0 131 131<\/a><\/h3>Damage-free door opening at a fair fixed price! Available anytime, free of charge!<\/div>\n","protected":false},"excerpt":{"rendered":"<p>Do you urgently need a reliable and skilled locksmith in the Feldm\u00fcller housing estate in Obergiesing who can open your door non-destructively in approximately 30 minutes for a fixed price? Then call the professionals at Amper Locksmith Service! We are available 24\/7, 365 days a year, and know exactly how to quickly and damage-free open [&hellip;]<\/p>\n","protected":false},"author":2,"featured_media":0,"parent":0,"menu_order":0,"comment_status":"closed","ping_status":"closed","template":"","meta":{"footnotes":"","_links_to":"","_links_to_target":""},"class_list":["post-12935","page","type-page","status-publish","hentry"],"yoast_head":"<!-- This site is optimized with the Yoast SEO plugin v27.4 - https:\/\/yoast.com\/product\/yoast-seo-wordpress\/ -->\n<title>Locksmith Munich Feldm\u00fcllersiedlung: Fixed price from \u20ac52<\/title>\n<meta name=\"description\" content=\"Competent and experienced locksmith service in Munich Feldm\u00fcllersiedlung with skilled locksmith experts, 24-hour emergency hotline, and fixed price guarantee: non-destructive door opening 24\/7, 365 days a year! Call now for free and expert advice!\" \/>\n<meta name=\"robots\" content=\"index, follow, max-snippet:-1, max-image-preview:large, max-video-preview:-1\" \/>\n<link rel=\"canonical\" href=\"https:\/\/www.amper-aufsperrdienst.de\/en\/locksmith-munich-feldmuellersiedlung\/\" \/>\n<meta property=\"og:locale\" content=\"en_US\" \/>\n<meta property=\"og:type\" content=\"article\" \/>\n<meta property=\"og:title\" content=\"Locksmith Munich Feldm\u00fcllersiedlung: Fixed price from \u20ac52\" \/>\n<meta property=\"og:description\" content=\"Competent and experienced locksmith service in Munich Feldm\u00fcllersiedlung with skilled locksmith experts, 24-hour emergency hotline, and fixed price guarantee: non-destructive door opening 24\/7, 365 days a year! Call now for free and expert advice!\" \/>\n<meta property=\"og:url\" content=\"https:\/\/www.amper-aufsperrdienst.de\/en\/locksmith-munich-feldmuellersiedlung\/\" \/>\n<meta property=\"og:site_name\" content=\"Locksmith for Munich, Dachau and F\u00fcrstenfeldbruck\" \/>\n<meta property=\"article:modified_time\" content=\"2026-01-22T03:26:02+00:00\" \/>\n<meta property=\"og:image\" content=\"https:\/\/www.amper-aufsperrdienst.de\/wp-content\/uploads\/2021\/03\/schluesseldienst-muenchen-feldmuellersiedlung-festpreis-ab-52-siegel.jpg\" \/>\n<meta name=\"twitter:label1\" content=\"Est. reading time\" \/>\n\t<meta name=\"twitter:data1\" content=\"3 minutes\" \/>\n<script type=\"application\/ld+json\" class=\"yoast-schema-graph\">{\"@context\":\"https:\\\/\\\/schema.org\",\"@graph\":[{\"@type\":\"WebPage\",\"@id\":\"https:\\\/\\\/www.amper-aufsperrdienst.de\\\/en\\\/locksmith-munich-feldmuellersiedlung\\\/\",\"url\":\"https:\\\/\\\/www.amper-aufsperrdienst.de\\\/en\\\/locksmith-munich-feldmuellersiedlung\\\/\",\"name\":\"Locksmith Munich Feldm\u00fcllersiedlung: Fixed price from \u20ac52\",\"isPartOf\":{\"@id\":\"https:\\\/\\\/www.amper-aufsperrdienst.de\\\/en\\\/#website\"},\"primaryImageOfPage\":{\"@id\":\"https:\\\/\\\/www.amper-aufsperrdienst.de\\\/en\\\/locksmith-munich-feldmuellersiedlung\\\/#primaryimage\"},\"image\":{\"@id\":\"https:\\\/\\\/www.amper-aufsperrdienst.de\\\/en\\\/locksmith-munich-feldmuellersiedlung\\\/#primaryimage\"},\"thumbnailUrl\":\"https:\\\/\\\/www.amper-aufsperrdienst.de\\\/wp-content\\\/uploads\\\/2021\\\/03\\\/schluesseldienst-muenchen-feldmuellersiedlung-festpreis-ab-52-siegel.jpg\",\"datePublished\":\"2018-07-10T05:17:46+00:00\",\"dateModified\":\"2026-01-22T03:26:02+00:00\",\"description\":\"Competent and experienced locksmith service in Munich Feldm\u00fcllersiedlung with skilled locksmith experts, 24-hour emergency hotline, and fixed price guarantee: non-destructive door opening 24\\\/7, 365 days a year! Call now for free and expert advice!\",\"breadcrumb\":{\"@id\":\"https:\\\/\\\/www.amper-aufsperrdienst.de\\\/en\\\/locksmith-munich-feldmuellersiedlung\\\/#breadcrumb\"},\"inLanguage\":\"en-US\",\"potentialAction\":[{\"@type\":\"ReadAction\",\"target\":[\"https:\\\/\\\/www.amper-aufsperrdienst.de\\\/en\\\/locksmith-munich-feldmuellersiedlung\\\/\"]}]},{\"@type\":\"ImageObject\",\"inLanguage\":\"en-US\",\"@id\":\"https:\\\/\\\/www.amper-aufsperrdienst.de\\\/en\\\/locksmith-munich-feldmuellersiedlung\\\/#primaryimage\",\"url\":\"https:\\\/\\\/www.amper-aufsperrdienst.de\\\/wp-content\\\/uploads\\\/2021\\\/03\\\/schluesseldienst-muenchen-feldmuellersiedlung-festpreis-ab-52-siegel.jpg\",\"contentUrl\":\"https:\\\/\\\/www.amper-aufsperrdienst.de\\\/wp-content\\\/uploads\\\/2021\\\/03\\\/schluesseldienst-muenchen-feldmuellersiedlung-festpreis-ab-52-siegel.jpg\"},{\"@type\":\"BreadcrumbList\",\"@id\":\"https:\\\/\\\/www.amper-aufsperrdienst.de\\\/en\\\/locksmith-munich-feldmuellersiedlung\\\/#breadcrumb\",\"itemListElement\":[{\"@type\":\"ListItem\",\"position\":1,\"name\":\"Home\",\"item\":\"https:\\\/\\\/www.amper-aufsperrdienst.de\\\/en\\\/\"},{\"@type\":\"ListItem\",\"position\":2,\"name\":\"Locksmith Munich Feldm\u00fcllersiedlung\"}]},{\"@type\":\"WebSite\",\"@id\":\"https:\\\/\\\/www.amper-aufsperrdienst.de\\\/en\\\/#website\",\"url\":\"https:\\\/\\\/www.amper-aufsperrdienst.de\\\/en\\\/\",\"name\":\"Locksmith for Munich, Dachau and F\u00fcrstenfeldbruck\",\"description\":\"Amper Aufsperrdienst\",\"potentialAction\":[{\"@type\":\"SearchAction\",\"target\":{\"@type\":\"EntryPoint\",\"urlTemplate\":\"https:\\\/\\\/www.amper-aufsperrdienst.de\\\/en\\\/?s={search_term_string}\"},\"query-input\":{\"@type\":\"PropertyValueSpecification\",\"valueRequired\":true,\"valueName\":\"search_term_string\"}}],\"inLanguage\":\"en-US\"}]}<\/script>\n<!-- \/ Yoast SEO plugin. -->","yoast_head_json":{"title":"Locksmith Munich Feldm\u00fcllersiedlung: Fixed price from \u20ac52","description":"Competent and experienced locksmith service in Munich Feldm\u00fcllersiedlung with skilled locksmith experts, 24-hour emergency hotline, and fixed price guarantee: non-destructive door opening 24\/7, 365 days a year! Call now for free and expert advice!","robots":{"index":"index","follow":"follow","max-snippet":"max-snippet:-1","max-image-preview":"max-image-preview:large","max-video-preview":"max-video-preview:-1"},"canonical":"https:\/\/www.amper-aufsperrdienst.de\/en\/locksmith-munich-feldmuellersiedlung\/","og_locale":"en_US","og_type":"article","og_title":"Locksmith Munich Feldm\u00fcllersiedlung: Fixed price from \u20ac52","og_description":"Competent and experienced locksmith service in Munich Feldm\u00fcllersiedlung with skilled locksmith experts, 24-hour emergency hotline, and fixed price guarantee: non-destructive door opening 24\/7, 365 days a year! Call now for free and expert advice!","og_url":"https:\/\/www.amper-aufsperrdienst.de\/en\/locksmith-munich-feldmuellersiedlung\/","og_site_name":"Locksmith for Munich, Dachau and F\u00fcrstenfeldbruck","article_modified_time":"2026-01-22T03:26:02+00:00","og_image":[{"url":"https:\/\/www.amper-aufsperrdienst.de\/wp-content\/uploads\/2021\/03\/schluesseldienst-muenchen-feldmuellersiedlung-festpreis-ab-52-siegel.jpg","type":"","width":"","height":""}],"twitter_misc":{"Est. reading time":"3 minutes"},"schema":{"@context":"https:\/\/schema.org","@graph":[{"@type":"WebPage","@id":"https:\/\/www.amper-aufsperrdienst.de\/en\/locksmith-munich-feldmuellersiedlung\/","url":"https:\/\/www.amper-aufsperrdienst.de\/en\/locksmith-munich-feldmuellersiedlung\/","name":"Locksmith Munich Feldm\u00fcllersiedlung: Fixed price from \u20ac52","isPartOf":{"@id":"https:\/\/www.amper-aufsperrdienst.de\/en\/#website"},"primaryImageOfPage":{"@id":"https:\/\/www.amper-aufsperrdienst.de\/en\/locksmith-munich-feldmuellersiedlung\/#primaryimage"},"image":{"@id":"https:\/\/www.amper-aufsperrdienst.de\/en\/locksmith-munich-feldmuellersiedlung\/#primaryimage"},"thumbnailUrl":"https:\/\/www.amper-aufsperrdienst.de\/wp-content\/uploads\/2021\/03\/schluesseldienst-muenchen-feldmuellersiedlung-festpreis-ab-52-siegel.jpg","datePublished":"2018-07-10T05:17:46+00:00","dateModified":"2026-01-22T03:26:02+00:00","description":"Competent and experienced locksmith service in Munich Feldm\u00fcllersiedlung with skilled locksmith experts, 24-hour emergency hotline, and fixed price guarantee: non-destructive door opening 24\/7, 365 days a year! Call now for free and expert advice!","breadcrumb":{"@id":"https:\/\/www.amper-aufsperrdienst.de\/en\/locksmith-munich-feldmuellersiedlung\/#breadcrumb"},"inLanguage":"en-US","potentialAction":[{"@type":"ReadAction","target":["https:\/\/www.amper-aufsperrdienst.de\/en\/locksmith-munich-feldmuellersiedlung\/"]}]},{"@type":"ImageObject","inLanguage":"en-US","@id":"https:\/\/www.amper-aufsperrdienst.de\/en\/locksmith-munich-feldmuellersiedlung\/#primaryimage","url":"https:\/\/www.amper-aufsperrdienst.de\/wp-content\/uploads\/2021\/03\/schluesseldienst-muenchen-feldmuellersiedlung-festpreis-ab-52-siegel.jpg","contentUrl":"https:\/\/www.amper-aufsperrdienst.de\/wp-content\/uploads\/2021\/03\/schluesseldienst-muenchen-feldmuellersiedlung-festpreis-ab-52-siegel.jpg"},{"@type":"BreadcrumbList","@id":"https:\/\/www.amper-aufsperrdienst.de\/en\/locksmith-munich-feldmuellersiedlung\/#breadcrumb","itemListElement":[{"@type":"ListItem","position":1,"name":"Home","item":"https:\/\/www.amper-aufsperrdienst.de\/en\/"},{"@type":"ListItem","position":2,"name":"Locksmith Munich Feldm\u00fcllersiedlung"}]},{"@type":"WebSite","@id":"https:\/\/www.amper-aufsperrdienst.de\/en\/#website","url":"https:\/\/www.amper-aufsperrdienst.de\/en\/","name":"Locksmith for Munich, Dachau and F\u00fcrstenfeldbruck","description":"Amper Aufsperrdienst","potentialAction":[{"@type":"SearchAction","target":{"@type":"EntryPoint","urlTemplate":"https:\/\/www.amper-aufsperrdienst.de\/en\/?s={search_term_string}"},"query-input":{"@type":"PropertyValueSpecification","valueRequired":true,"valueName":"search_term_string"}}],"inLanguage":"en-US"}]}},"_links":{"self":[{"href":"https:\/\/www.amper-aufsperrdienst.de\/en\/wp-json\/wp\/v2\/pages\/12935","targetHints":{"allow":["GET"]}}],"collection":[{"href":"https:\/\/www.amper-aufsperrdienst.de\/en\/wp-json\/wp\/v2\/pages"}],"about":[{"href":"https:\/\/www.amper-aufsperrdienst.de\/en\/wp-json\/wp\/v2\/types\/page"}],"author":[{"embeddable":true,"href":"https:\/\/www.amper-aufsperrdienst.de\/en\/wp-json\/wp\/v2\/users\/2"}],"replies":[{"embeddable":true,"href":"https:\/\/www.amper-aufsperrdienst.de\/en\/wp-json\/wp\/v2\/comments?post=12935"}],"version-history":[{"count":1,"href":"https:\/\/www.amper-aufsperrdienst.de\/en\/wp-json\/wp\/v2\/pages\/12935\/revisions"}],"predecessor-version":[{"id":12937,"href":"https:\/\/www.amper-aufsperrdienst.de\/en\/wp-json\/wp\/v2\/pages\/12935\/revisions\/12937"}],"wp:attachment":[{"href":"https:\/\/www.amper-aufsperrdienst.de\/en\/wp-json\/wp\/v2\/media?parent=12935"}],"curies":[{"name":"wp","href":"https:\/\/api.w.org\/{rel}","templated":true}]}}