{"id":12970,"date":"2019-03-16T05:48:04","date_gmt":"2019-03-16T03:48:04","guid":{"rendered":"https:\/\/www.amper-aufsperrdienst.de\/schluesseldienst-muenchen-dachauer-strasse\/"},"modified":"2026-01-30T10:59:57","modified_gmt":"2026-01-30T08:59:57","slug":"locksmith-munich-dachauer-strasse","status":"publish","type":"page","link":"https:\/\/www.amper-aufsperrdienst.de\/en\/locksmith-munich-dachauer-strasse\/","title":{"rendered":"Locksmith MUNICH DACHAUER STRASSE"},"content":{"rendered":"<p><img loading=\"lazy\" decoding=\"async\" class=\"alignleft\" style=\"margin-bottom: 5px !important;\" src=\"https:\/\/www.amper-aufsperrdienst.de\/wp-content\/uploads\/2021\/03\/schluesseldienst-muenchen-dachauer-strasse-festpreis-ab-52-siegel.jpg\" alt=\"Amper Locksmith Opening Service muenchen-dachauer-strasse with fixed price from 52,- EUR\" width=\"250\" height=\"250\" \/><\/p>\n<p>Everyone has experienced a situation like this: You leave the house, lost in thought, and only realize after the door has clicked shut that your house key is still on the kitchen table. Amper Locksmith Service ensures you don&#8217;t have to wait long in front of locked doors, because our technicians head straight to your location on Dachauer Stra\u00dfe after you call us and, based on experience, arrive within 30 minutes at the latest. Our on-call service is available 24\/7, 365 days a year. We are a genuine emergency service, always available to help customers who have accidentally locked themselves out.<\/p>\n          <!-- tarif -->\n<h2><b><span style=\"vertical-align: inherit;\"><span style=\"vertical-align: inherit;\">Our binding fixed prices start from \u20ac52.<\/span><\/span><\/b><\/h2>\n<p>Amper Locksmith Service is a fair locksmith service with transparent fixed prices:<\/p>\n<div class=\"table-title\">\n\tPRICE LIST  UNLOCK\n<\/div>\n<!-- Table part-->\n<table class=\"table\">\n  <thead class=\"header\">\n\t  <tr>\n     \t <th scope=\"col\">Time<\/th>\n     \t <th scope=\"col\">8 - 18<\/th>\n     \t <th scope=\"col\">18 - 22<\/th>\n     \t <th scope=\"col\">22 - 8<\/th>\n\t<\/tr>\n  <\/thead>\n  <tbody>\n     \t  <tr class=\"weekdays\">\n     \t  \t  <td class=\"tag\" data-label=\"Time\">Mo - Fr<\/td>\n     \t  \t  <td class=\"hrs tag\" data-label=\"8 - 18\">52,- \u20ac<\/td>\n     \t  \t  <td class=\"tag space\" data-label=\"18 - 22\">82,- \u20ac<\/td>\n     \t  \t  <td data-label=\"22 - 8\">95,- \u20ac<\/td>\n     \t  <\/tr>\n     <tr class=\"weekends\">\n     \t  \t  <td class=\"tag\" data-label=\"Time\">Sa<\/td>\n     \t  \t  <td class=\"tag\" data-label=\"8 - 18\">95,- \u20ac<\/td>\n     \t  \t  <td class=\"tag\" data-label=\"18 - 22\">95,- \u20ac<\/td>\n     \t  \t  <td data-label=\"22 - 8\">125,- \u20ac<\/td>\n     \t  <\/tr>\n     <tr class=\"holidays\">\n     \t  \t  <td class=\"tag\" data-label=\"Time\">So & holiday<\/td>\n     \t  \t  <td class=\"tag\" data-label=\"8 - 18\">125,- \u20ac<\/td>\n     \t  \t  <td class=\"tag\" data-label=\"18 - 22\">125,-\u20ac<\/td>\n     \t  \t  <td data-label=\"22 - 8\">125,-\u20ac<\/td>\n     \t  <\/tr>\n     <\/tbody>\n<\/table>\n<!-- Table Description-->\n<div class=\"table-description\">\n\t<em>Please call to inquire about travel costs.<\/em>\n<\/div>\n<!-- Wordings below -->\n<div class=\"wordings\">\n<p>The prices listed in this table are binding for unlocking a door that has slammed shut or been pulled shut (without self-locking mechanisms). Please feel free to contact us if you would like a price quote for other locksmith services. We will gladly provide you with a transparent, fixed-price offer.<\/p>\n<\/div>\n\n<!-- END Wordings -->\n\n\n\n<h2>KEY SERVICE MUNICH DACHAUER STREET: PROFESSIONAL WORK AT FAIR FIXED PRICES<\/h2>\n<p>Mario Pichelmaier and his team at Amper Locksmith Service have been delighting customers for three generations. The exceptional popularity of our locksmith service is a result of our outstanding work and the transparency of our fixed prices, which we are happy to quote you during our initial phone call and which will absolutely not change to your disadvantage. Thanks to the expert skills our employees have acquired over the years, as well as precise locksmith tools, we can also open most doors completely without damage. You won&#8217;t find better service at a fair fixed price!<\/p>\n<h2>Amper Locksmith Service: On Duty Around the Clock<\/h2>\n<p>We are a genuine emergency locksmith service and therefore available at any time, even in the middle of the night and of course on Christmas or other holidays. We will rush to your aid on Dachauer Stra\u00dfe in Munich \u2013 day or night, regardless of weather or traffic conditions. We don&#8217;t have business hours or waiting lists. That&#8217;s why we&#8217;re always there very quickly!<\/p>\n<h2>PROFESSIONAL BURGLARY PROTECTION: COMPLETE PACKAGE FROM CONSULTATION TO INSTALLATION<\/h2>\n<p>We don&#8217;t just specialize in emergencies; we also replace old locks and optimize the security of your home. We&#8217;ll come to your property to conduct a thorough vulnerability analysis, based on which we&#8217;ll suggest suitable locking systems and install them if desired. If a house is visibly equipped with security technology, burglars are usually deterred from even attempting a break-in and look for easier targets.<\/p>\n<h2>Dachauer Strasse in Munich<\/h2>\n<p>Dachauer Stra\u00dfe is a whopping 11.2 kilometers long, making it the longest street in the city. It connects to Dachau Palace, which gives it its name. It begins in the lively Maxvorstadt district and ends in Karlsfeld at M\u00fcnchner Stra\u00dfe. Important institutions along Dachauer Stra\u00dfe include the headquarters of the Goethe Institute and the Munich Education Center. Culturally, Dachauer Stra\u00dfe also offers a wealth of attractions, such as the Leonrod House for Art, Culture and Communication, and the Schwere Reiter Theater. Dachauer Stra\u00dfe intersects with other streets, including Donauw\u00f6rther Stra\u00dfe, Nymphenburger Stra\u00dfe, and Georg-Brauchle-Ring.<\/p>\n<p>If you&#8217;ve accidentally locked yourself out on Dachauer Stra\u00dfe or have any other issue with your door or lock, then Amper Locksmith Service is the right contact for you. Simply call our free emergency number, and we&#8217;ll rush to your aid immediately.<\/p>\n","protected":false},"excerpt":{"rendered":"<p>Everyone has experienced a situation like this: You leave the house, lost in thought, and only realize after the door has clicked shut that your house key is still on the kitchen table. Amper Locksmith Service ensures you don&#8217;t have to wait long in front of locked doors, because our technicians head straight to your [&hellip;]<\/p>\n","protected":false},"author":2,"featured_media":0,"parent":0,"menu_order":0,"comment_status":"closed","ping_status":"closed","template":"","meta":{"footnotes":"","_links_to":"","_links_to_target":""},"class_list":["post-12970","page","type-page","status-publish","hentry"],"yoast_head":"<!-- This site is optimized with the Yoast SEO plugin v27.4 - https:\/\/yoast.com\/product\/yoast-seo-wordpress\/ -->\n<title>Locksmith Munich Dachauer Stra\u00dfe: from \u20ac52,- fixed price<\/title>\n<meta name=\"description\" content=\"Our competent locksmith service in Munich Dachauer Stra\u00dfe impresses with quality work, a 24\/7 on-call service and guaranteed fixed prices.\" \/>\n<meta name=\"robots\" content=\"index, follow, max-snippet:-1, max-image-preview:large, max-video-preview:-1\" \/>\n<link rel=\"canonical\" href=\"https:\/\/www.amper-aufsperrdienst.de\/en\/locksmith-munich-dachauer-strasse\/\" \/>\n<meta property=\"og:locale\" content=\"en_US\" \/>\n<meta property=\"og:type\" content=\"article\" \/>\n<meta property=\"og:title\" content=\"Locksmith Munich Dachauer Stra\u00dfe: from \u20ac52,- fixed price\" \/>\n<meta property=\"og:description\" content=\"Our competent locksmith service in Munich Dachauer Stra\u00dfe impresses with quality work, a 24\/7 on-call service and guaranteed fixed prices.\" \/>\n<meta property=\"og:url\" content=\"https:\/\/www.amper-aufsperrdienst.de\/en\/locksmith-munich-dachauer-strasse\/\" \/>\n<meta property=\"og:site_name\" content=\"Locksmith for Munich, Dachau and F\u00fcrstenfeldbruck\" \/>\n<meta property=\"article:modified_time\" content=\"2026-01-30T08:59:57+00:00\" \/>\n<meta property=\"og:image\" content=\"https:\/\/www.amper-aufsperrdienst.de\/wp-content\/uploads\/2021\/03\/schluesseldienst-muenchen-dachauer-strasse-festpreis-ab-52-siegel.jpg\" \/>\n<meta name=\"twitter:label1\" content=\"Est. reading time\" \/>\n\t<meta name=\"twitter:data1\" content=\"3 minutes\" \/>\n<script type=\"application\/ld+json\" class=\"yoast-schema-graph\">{\"@context\":\"https:\\\/\\\/schema.org\",\"@graph\":[{\"@type\":\"WebPage\",\"@id\":\"https:\\\/\\\/www.amper-aufsperrdienst.de\\\/en\\\/locksmith-munich-dachauer-strasse\\\/\",\"url\":\"https:\\\/\\\/www.amper-aufsperrdienst.de\\\/en\\\/locksmith-munich-dachauer-strasse\\\/\",\"name\":\"Locksmith Munich Dachauer Stra\u00dfe: from \u20ac52,- fixed price\",\"isPartOf\":{\"@id\":\"https:\\\/\\\/www.amper-aufsperrdienst.de\\\/en\\\/#website\"},\"primaryImageOfPage\":{\"@id\":\"https:\\\/\\\/www.amper-aufsperrdienst.de\\\/en\\\/locksmith-munich-dachauer-strasse\\\/#primaryimage\"},\"image\":{\"@id\":\"https:\\\/\\\/www.amper-aufsperrdienst.de\\\/en\\\/locksmith-munich-dachauer-strasse\\\/#primaryimage\"},\"thumbnailUrl\":\"https:\\\/\\\/www.amper-aufsperrdienst.de\\\/wp-content\\\/uploads\\\/2021\\\/03\\\/schluesseldienst-muenchen-dachauer-strasse-festpreis-ab-52-siegel.jpg\",\"datePublished\":\"2019-03-16T03:48:04+00:00\",\"dateModified\":\"2026-01-30T08:59:57+00:00\",\"description\":\"Our competent locksmith service in Munich Dachauer Stra\u00dfe impresses with quality work, a 24\\\/7 on-call service and guaranteed fixed prices.\",\"breadcrumb\":{\"@id\":\"https:\\\/\\\/www.amper-aufsperrdienst.de\\\/en\\\/locksmith-munich-dachauer-strasse\\\/#breadcrumb\"},\"inLanguage\":\"en-US\",\"potentialAction\":[{\"@type\":\"ReadAction\",\"target\":[\"https:\\\/\\\/www.amper-aufsperrdienst.de\\\/en\\\/locksmith-munich-dachauer-strasse\\\/\"]}]},{\"@type\":\"ImageObject\",\"inLanguage\":\"en-US\",\"@id\":\"https:\\\/\\\/www.amper-aufsperrdienst.de\\\/en\\\/locksmith-munich-dachauer-strasse\\\/#primaryimage\",\"url\":\"https:\\\/\\\/www.amper-aufsperrdienst.de\\\/wp-content\\\/uploads\\\/2021\\\/03\\\/schluesseldienst-muenchen-dachauer-strasse-festpreis-ab-52-siegel.jpg\",\"contentUrl\":\"https:\\\/\\\/www.amper-aufsperrdienst.de\\\/wp-content\\\/uploads\\\/2021\\\/03\\\/schluesseldienst-muenchen-dachauer-strasse-festpreis-ab-52-siegel.jpg\"},{\"@type\":\"BreadcrumbList\",\"@id\":\"https:\\\/\\\/www.amper-aufsperrdienst.de\\\/en\\\/locksmith-munich-dachauer-strasse\\\/#breadcrumb\",\"itemListElement\":[{\"@type\":\"ListItem\",\"position\":1,\"name\":\"Home\",\"item\":\"https:\\\/\\\/www.amper-aufsperrdienst.de\\\/en\\\/\"},{\"@type\":\"ListItem\",\"position\":2,\"name\":\"Locksmith MUNICH DACHAUER STRASSE\"}]},{\"@type\":\"WebSite\",\"@id\":\"https:\\\/\\\/www.amper-aufsperrdienst.de\\\/en\\\/#website\",\"url\":\"https:\\\/\\\/www.amper-aufsperrdienst.de\\\/en\\\/\",\"name\":\"Locksmith for Munich, Dachau and F\u00fcrstenfeldbruck\",\"description\":\"Amper Aufsperrdienst\",\"potentialAction\":[{\"@type\":\"SearchAction\",\"target\":{\"@type\":\"EntryPoint\",\"urlTemplate\":\"https:\\\/\\\/www.amper-aufsperrdienst.de\\\/en\\\/?s={search_term_string}\"},\"query-input\":{\"@type\":\"PropertyValueSpecification\",\"valueRequired\":true,\"valueName\":\"search_term_string\"}}],\"inLanguage\":\"en-US\"}]}<\/script>\n<!-- \/ Yoast SEO plugin. -->","yoast_head_json":{"title":"Locksmith Munich Dachauer Stra\u00dfe: from \u20ac52,- fixed price","description":"Our competent locksmith service in Munich Dachauer Stra\u00dfe impresses with quality work, a 24\/7 on-call service and guaranteed fixed prices.","robots":{"index":"index","follow":"follow","max-snippet":"max-snippet:-1","max-image-preview":"max-image-preview:large","max-video-preview":"max-video-preview:-1"},"canonical":"https:\/\/www.amper-aufsperrdienst.de\/en\/locksmith-munich-dachauer-strasse\/","og_locale":"en_US","og_type":"article","og_title":"Locksmith Munich Dachauer Stra\u00dfe: from \u20ac52,- fixed price","og_description":"Our competent locksmith service in Munich Dachauer Stra\u00dfe impresses with quality work, a 24\/7 on-call service and guaranteed fixed prices.","og_url":"https:\/\/www.amper-aufsperrdienst.de\/en\/locksmith-munich-dachauer-strasse\/","og_site_name":"Locksmith for Munich, Dachau and F\u00fcrstenfeldbruck","article_modified_time":"2026-01-30T08:59:57+00:00","og_image":[{"url":"https:\/\/www.amper-aufsperrdienst.de\/wp-content\/uploads\/2021\/03\/schluesseldienst-muenchen-dachauer-strasse-festpreis-ab-52-siegel.jpg","type":"","width":"","height":""}],"twitter_misc":{"Est. reading time":"3 minutes"},"schema":{"@context":"https:\/\/schema.org","@graph":[{"@type":"WebPage","@id":"https:\/\/www.amper-aufsperrdienst.de\/en\/locksmith-munich-dachauer-strasse\/","url":"https:\/\/www.amper-aufsperrdienst.de\/en\/locksmith-munich-dachauer-strasse\/","name":"Locksmith Munich Dachauer Stra\u00dfe: from \u20ac52,- fixed price","isPartOf":{"@id":"https:\/\/www.amper-aufsperrdienst.de\/en\/#website"},"primaryImageOfPage":{"@id":"https:\/\/www.amper-aufsperrdienst.de\/en\/locksmith-munich-dachauer-strasse\/#primaryimage"},"image":{"@id":"https:\/\/www.amper-aufsperrdienst.de\/en\/locksmith-munich-dachauer-strasse\/#primaryimage"},"thumbnailUrl":"https:\/\/www.amper-aufsperrdienst.de\/wp-content\/uploads\/2021\/03\/schluesseldienst-muenchen-dachauer-strasse-festpreis-ab-52-siegel.jpg","datePublished":"2019-03-16T03:48:04+00:00","dateModified":"2026-01-30T08:59:57+00:00","description":"Our competent locksmith service in Munich Dachauer Stra\u00dfe impresses with quality work, a 24\/7 on-call service and guaranteed fixed prices.","breadcrumb":{"@id":"https:\/\/www.amper-aufsperrdienst.de\/en\/locksmith-munich-dachauer-strasse\/#breadcrumb"},"inLanguage":"en-US","potentialAction":[{"@type":"ReadAction","target":["https:\/\/www.amper-aufsperrdienst.de\/en\/locksmith-munich-dachauer-strasse\/"]}]},{"@type":"ImageObject","inLanguage":"en-US","@id":"https:\/\/www.amper-aufsperrdienst.de\/en\/locksmith-munich-dachauer-strasse\/#primaryimage","url":"https:\/\/www.amper-aufsperrdienst.de\/wp-content\/uploads\/2021\/03\/schluesseldienst-muenchen-dachauer-strasse-festpreis-ab-52-siegel.jpg","contentUrl":"https:\/\/www.amper-aufsperrdienst.de\/wp-content\/uploads\/2021\/03\/schluesseldienst-muenchen-dachauer-strasse-festpreis-ab-52-siegel.jpg"},{"@type":"BreadcrumbList","@id":"https:\/\/www.amper-aufsperrdienst.de\/en\/locksmith-munich-dachauer-strasse\/#breadcrumb","itemListElement":[{"@type":"ListItem","position":1,"name":"Home","item":"https:\/\/www.amper-aufsperrdienst.de\/en\/"},{"@type":"ListItem","position":2,"name":"Locksmith MUNICH DACHAUER STRASSE"}]},{"@type":"WebSite","@id":"https:\/\/www.amper-aufsperrdienst.de\/en\/#website","url":"https:\/\/www.amper-aufsperrdienst.de\/en\/","name":"Locksmith for Munich, Dachau and F\u00fcrstenfeldbruck","description":"Amper Aufsperrdienst","potentialAction":[{"@type":"SearchAction","target":{"@type":"EntryPoint","urlTemplate":"https:\/\/www.amper-aufsperrdienst.de\/en\/?s={search_term_string}"},"query-input":{"@type":"PropertyValueSpecification","valueRequired":true,"valueName":"search_term_string"}}],"inLanguage":"en-US"}]}},"_links":{"self":[{"href":"https:\/\/www.amper-aufsperrdienst.de\/en\/wp-json\/wp\/v2\/pages\/12970","targetHints":{"allow":["GET"]}}],"collection":[{"href":"https:\/\/www.amper-aufsperrdienst.de\/en\/wp-json\/wp\/v2\/pages"}],"about":[{"href":"https:\/\/www.amper-aufsperrdienst.de\/en\/wp-json\/wp\/v2\/types\/page"}],"author":[{"embeddable":true,"href":"https:\/\/www.amper-aufsperrdienst.de\/en\/wp-json\/wp\/v2\/users\/2"}],"replies":[{"embeddable":true,"href":"https:\/\/www.amper-aufsperrdienst.de\/en\/wp-json\/wp\/v2\/comments?post=12970"}],"version-history":[{"count":3,"href":"https:\/\/www.amper-aufsperrdienst.de\/en\/wp-json\/wp\/v2\/pages\/12970\/revisions"}],"predecessor-version":[{"id":14883,"href":"https:\/\/www.amper-aufsperrdienst.de\/en\/wp-json\/wp\/v2\/pages\/12970\/revisions\/14883"}],"wp:attachment":[{"href":"https:\/\/www.amper-aufsperrdienst.de\/en\/wp-json\/wp\/v2\/media?parent=12970"}],"curies":[{"name":"wp","href":"https:\/\/api.w.org\/{rel}","templated":true}]}}