{"id":12982,"date":"2017-08-29T19:59:36","date_gmt":"2017-08-29T17:59:36","guid":{"rendered":"https:\/\/www.amper-aufsperrdienst.de\/schluesseldienst-bergkirchen\/"},"modified":"2026-01-27T10:07:45","modified_gmt":"2026-01-27T08:07:45","slug":"locksmith-bergkirchen","status":"publish","type":"page","link":"https:\/\/www.amper-aufsperrdienst.de\/en\/locksmith-bergkirchen\/","title":{"rendered":"Locksmith Bergkirchen"},"content":{"rendered":"<p><img loading=\"lazy\" decoding=\"async\" class=\"alignleft\" style=\"margin-bottom: 5px !important;\" src=\"https:\/\/www.amper-aufsperrdienst.de\/wp-content\/uploads\/2021\/03\/schluesseldienst-bergkirchen-festpreis-ab-52-siegel.jpg\" alt=\"Locksmith Amper - Locksmith Bergkirchen with a fixed price starting from \u20ac52.\" width=\"250\" height=\"250\" \/><\/p>\n<p>You close the door without thinking twice, only to suddenly realize you forgot your key? No problem! Amper Locksmith Service is happy to help if you need an experienced and reliable locksmith in Bergkirchen. Our free 24-hour emergency hotline is available anytime. Call us, describe your situation, and we&#8217;ll give you a fair, fixed-price quote right away! You only decide whether or not to hire us after we&#8217;ve given you the fixed price and the approximate travel time.<\/p>\n          <!-- tarif -->\n<h2><b><span style=\"vertical-align: inherit;\"><span style=\"vertical-align: inherit;\">Our binding fixed prices start from \u20ac52.<\/span><\/span><\/b><\/h2>\n<p>Amper Locksmith Service is a fair locksmith service with transparent fixed prices:<\/p>\n<div class=\"table-title\">\n\tPRICE LIST  UNLOCK\n<\/div>\n<!-- Table part-->\n<table class=\"table\">\n  <thead class=\"header\">\n\t  <tr>\n     \t <th scope=\"col\">Time<\/th>\n     \t <th scope=\"col\">8 - 18<\/th>\n     \t <th scope=\"col\">18 - 22<\/th>\n     \t <th scope=\"col\">22 - 8<\/th>\n\t<\/tr>\n  <\/thead>\n  <tbody>\n     \t  <tr class=\"weekdays\">\n     \t  \t  <td class=\"tag\" data-label=\"Time\">Mo - Fr<\/td>\n     \t  \t  <td class=\"hrs tag\" data-label=\"8 - 18\">52,- \u20ac<\/td>\n     \t  \t  <td class=\"tag space\" data-label=\"18 - 22\">82,- \u20ac<\/td>\n     \t  \t  <td data-label=\"22 - 8\">95,- \u20ac<\/td>\n     \t  <\/tr>\n     <tr class=\"weekends\">\n     \t  \t  <td class=\"tag\" data-label=\"Time\">Sa<\/td>\n     \t  \t  <td class=\"tag\" data-label=\"8 - 18\">95,- \u20ac<\/td>\n     \t  \t  <td class=\"tag\" data-label=\"18 - 22\">95,- \u20ac<\/td>\n     \t  \t  <td data-label=\"22 - 8\">125,- \u20ac<\/td>\n     \t  <\/tr>\n     <tr class=\"holidays\">\n     \t  \t  <td class=\"tag\" data-label=\"Time\">So & holiday<\/td>\n     \t  \t  <td class=\"tag\" data-label=\"8 - 18\">125,- \u20ac<\/td>\n     \t  \t  <td class=\"tag\" data-label=\"18 - 22\">125,-\u20ac<\/td>\n     \t  \t  <td data-label=\"22 - 8\">125,-\u20ac<\/td>\n     \t  <\/tr>\n     <\/tbody>\n<\/table>\n<!-- Table Description-->\n<div class=\"table-description\">\n\t<em>Please call to inquire about travel costs.<\/em>\n<\/div>\n<!-- Wordings below -->\n<div class=\"wordings\">\n<p>The prices listed in this table are binding for unlocking a door that has slammed shut or been pulled shut (without self-locking mechanisms). Please feel free to contact us if you would like a price quote for other locksmith services. We will gladly provide you with a transparent, fixed-price offer.<\/p>\n<\/div>\n\n<!-- END Wordings -->\n\n\n\n<div class=\"ansprech\">Our 24-hour emergency hotline for Bergkirchen<br \/>\n<h3 class=\"phone mobilesOnly\"><a href=\"tel:+498000131131\">0800 \/ 0 131 131<\/a><\/h3><h3 class=\"phone desktopOnly\"><a href=\"tel:+498000131131\">0800 \/ 0 131 131<\/a><\/h3> Free and available anytime!<\/div>\n<h2>The municipality of Bergkirchen in the district of Dachau<\/h2>\n<p>The municipality of Bergkirchen covers an area of \u200b\u200bexactly 59.97 square kilometers and is home to approximately 7,700 people. It belongs to the district of Dachau. The postal code for the municipality is 85232.<\/p>\n<p>Bergkirchen is subdivided into 27 districts. These are \u2013 in alphabetical order: Alt G\u00fcnding. Bergkirchen, Bergkirchen-Lus, Bibereck, Breitenau, Deutenhausen, Eisolzried, Eschenried, Facha, Feldgeding, GADA, Gr\u00f6benried, Hei\u00dfhof, Hopfenau, Kienaden, Kreuzholzhausen, Lauterbach, Neu G\u00fcnding, Neuhimmelreich, Oberbachern, Palsweis, Palsweis-Moos, Priel, Rennhof, Ried, Rodelzried, and Unterbachern.<\/p>\n<p>Bergkirchen is located in the far south of the Dachau district and borders the Bavarian capital, Munich.<\/p>\n<h2>Locksmith Bergkirchen: Opening at a Fixed Price<\/h2>\n<p>Do you live in one of the 27 districts of Bergkirchen and urgently need a locksmith to open your locked front door for a fixed price? Don&#8217;t hesitate any longer and call Amper Locksmith Service free of charge at any time. We specialize in fast, non-destructive door openings and offer them at a fair and affordable fixed price.<\/p>\n<p>With us, fixed prices truly are fixed prices. It may sound strange, but many &#8220;locksmiths&#8221; misuse the term &#8220;fixed price&#8221; and simply add absurdly high additional costs after the door has been opened. You certainly don&#8217;t have to worry about this with us! It should go without saying that we do not want to be associated in any way with fraudsters and rip-off artists in our industry who are known for their opaque and highly unethical practices.<\/p>\n<h2>24-Hour Emergency Locksmith Service<\/h2>\n<p>As an experienced locksmith service now in its third generation, we know that many lockouts occur on weekends or holidays. That&#8217;s why we&#8217;re not a locksmith service that only operates during certain business hours, but a true emergency service with 24-hour on-call availability.<\/p>\n<p>We are therefore available at any time \u2013 even late at night, on Sundays, or on holidays. You can call us anytime, free of charge. And by that, we don&#8217;t mean you&#8217;ll just reach some call center. You will always be connected to a real locksmith expert who is truly knowledgeable about non-destructive door openings and can accurately assess your situation.<\/p>\n<h2>Use of Locksmith Tools<\/h2>\n<p>In our daily operations, we exclusively use tools designed for locksmiths to open doors without causing damage. Naturally, all Amper Locksmith Service employees are highly trained and know exactly how to use their specialized tools. We focus on the highest precision and expertise when opening doors. This is the only way we can ensure that, in the vast majority of cases, no costly consequential damage occurs.<\/p>\n<p>Looking for a competent and reliable locksmith in Bergkirchen? Give us a call. We offer fixed-price door opening services in Bergkirchen and will arrive at your location as quickly as possible after you contact us to help you out of your predicament!<\/p>\n","protected":false},"excerpt":{"rendered":"<p>You close the door without thinking twice, only to suddenly realize you forgot your key? No problem! Amper Locksmith Service is happy to help if you need an experienced and reliable locksmith in Bergkirchen. Our free 24-hour emergency hotline is available anytime. Call us, describe your situation, and we&#8217;ll give you a fair, fixed-price quote [&hellip;]<\/p>\n","protected":false},"author":2,"featured_media":11630,"parent":0,"menu_order":0,"comment_status":"closed","ping_status":"closed","template":"","meta":{"footnotes":"","_links_to":"","_links_to_target":""},"class_list":["post-12982","page","type-page","status-publish","has-post-thumbnail","hentry"],"yoast_head":"<!-- This site is optimized with the Yoast SEO plugin v27.4 - https:\/\/yoast.com\/product\/yoast-seo-wordpress\/ -->\n<title>Locksmith Bergkirchen: from \u20ac52,- fixed price (binding)<\/title>\n<meta name=\"description\" content=\"Expert locksmith service in Bergkirchen with a free phone number, 24-hour service, and affordable fixed price: Damage-free unlocking. Fast and fair!\" \/>\n<meta name=\"robots\" content=\"index, follow, max-snippet:-1, max-image-preview:large, max-video-preview:-1\" \/>\n<link rel=\"canonical\" href=\"https:\/\/www.amper-aufsperrdienst.de\/en\/locksmith-bergkirchen\/\" \/>\n<meta property=\"og:locale\" content=\"en_US\" \/>\n<meta property=\"og:type\" content=\"article\" \/>\n<meta property=\"og:title\" content=\"Locksmith Bergkirchen: from \u20ac52,- fixed price (binding)\" \/>\n<meta property=\"og:description\" content=\"Expert locksmith service in Bergkirchen with a free phone number, 24-hour service, and affordable fixed price: Damage-free unlocking. Fast and fair!\" \/>\n<meta property=\"og:url\" content=\"https:\/\/www.amper-aufsperrdienst.de\/en\/locksmith-bergkirchen\/\" \/>\n<meta property=\"og:site_name\" content=\"Locksmith for Munich, Dachau and F\u00fcrstenfeldbruck\" \/>\n<meta property=\"article:modified_time\" content=\"2026-01-27T08:07:45+00:00\" \/>\n<meta property=\"og:image\" content=\"https:\/\/www.amper-aufsperrdienst.de\/wp-content\/uploads\/2014\/12\/header-dachau.jpg\" \/>\n\t<meta property=\"og:image:width\" content=\"960\" \/>\n\t<meta property=\"og:image:height\" content=\"360\" \/>\n\t<meta property=\"og:image:type\" content=\"image\/jpeg\" \/>\n<meta name=\"twitter:label1\" content=\"Est. reading time\" \/>\n\t<meta name=\"twitter:data1\" content=\"4 minutes\" \/>\n<script type=\"application\/ld+json\" class=\"yoast-schema-graph\">{\"@context\":\"https:\\\/\\\/schema.org\",\"@graph\":[{\"@type\":\"WebPage\",\"@id\":\"https:\\\/\\\/www.amper-aufsperrdienst.de\\\/en\\\/locksmith-bergkirchen\\\/\",\"url\":\"https:\\\/\\\/www.amper-aufsperrdienst.de\\\/en\\\/locksmith-bergkirchen\\\/\",\"name\":\"Locksmith Bergkirchen: from \u20ac52,- fixed price (binding)\",\"isPartOf\":{\"@id\":\"https:\\\/\\\/www.amper-aufsperrdienst.de\\\/en\\\/#website\"},\"primaryImageOfPage\":{\"@id\":\"https:\\\/\\\/www.amper-aufsperrdienst.de\\\/en\\\/locksmith-bergkirchen\\\/#primaryimage\"},\"image\":{\"@id\":\"https:\\\/\\\/www.amper-aufsperrdienst.de\\\/en\\\/locksmith-bergkirchen\\\/#primaryimage\"},\"thumbnailUrl\":\"https:\\\/\\\/www.amper-aufsperrdienst.de\\\/wp-content\\\/uploads\\\/2014\\\/12\\\/header-dachau.jpg\",\"datePublished\":\"2017-08-29T17:59:36+00:00\",\"dateModified\":\"2026-01-27T08:07:45+00:00\",\"description\":\"Expert locksmith service in Bergkirchen with a free phone number, 24-hour service, and affordable fixed price: Damage-free unlocking. Fast and fair!\",\"breadcrumb\":{\"@id\":\"https:\\\/\\\/www.amper-aufsperrdienst.de\\\/en\\\/locksmith-bergkirchen\\\/#breadcrumb\"},\"inLanguage\":\"en-US\",\"potentialAction\":[{\"@type\":\"ReadAction\",\"target\":[\"https:\\\/\\\/www.amper-aufsperrdienst.de\\\/en\\\/locksmith-bergkirchen\\\/\"]}]},{\"@type\":\"ImageObject\",\"inLanguage\":\"en-US\",\"@id\":\"https:\\\/\\\/www.amper-aufsperrdienst.de\\\/en\\\/locksmith-bergkirchen\\\/#primaryimage\",\"url\":\"https:\\\/\\\/www.amper-aufsperrdienst.de\\\/wp-content\\\/uploads\\\/2014\\\/12\\\/header-dachau.jpg\",\"contentUrl\":\"https:\\\/\\\/www.amper-aufsperrdienst.de\\\/wp-content\\\/uploads\\\/2014\\\/12\\\/header-dachau.jpg\",\"width\":960,\"height\":360},{\"@type\":\"BreadcrumbList\",\"@id\":\"https:\\\/\\\/www.amper-aufsperrdienst.de\\\/en\\\/locksmith-bergkirchen\\\/#breadcrumb\",\"itemListElement\":[{\"@type\":\"ListItem\",\"position\":1,\"name\":\"Home\",\"item\":\"https:\\\/\\\/www.amper-aufsperrdienst.de\\\/en\\\/\"},{\"@type\":\"ListItem\",\"position\":2,\"name\":\"Locksmith Bergkirchen\"}]},{\"@type\":\"WebSite\",\"@id\":\"https:\\\/\\\/www.amper-aufsperrdienst.de\\\/en\\\/#website\",\"url\":\"https:\\\/\\\/www.amper-aufsperrdienst.de\\\/en\\\/\",\"name\":\"Locksmith for Munich, Dachau and F\u00fcrstenfeldbruck\",\"description\":\"Amper Aufsperrdienst\",\"potentialAction\":[{\"@type\":\"SearchAction\",\"target\":{\"@type\":\"EntryPoint\",\"urlTemplate\":\"https:\\\/\\\/www.amper-aufsperrdienst.de\\\/en\\\/?s={search_term_string}\"},\"query-input\":{\"@type\":\"PropertyValueSpecification\",\"valueRequired\":true,\"valueName\":\"search_term_string\"}}],\"inLanguage\":\"en-US\"}]}<\/script>\n<!-- \/ Yoast SEO plugin. -->","yoast_head_json":{"title":"Locksmith Bergkirchen: from \u20ac52,- fixed price (binding)","description":"Expert locksmith service in Bergkirchen with a free phone number, 24-hour service, and affordable fixed price: Damage-free unlocking. Fast and fair!","robots":{"index":"index","follow":"follow","max-snippet":"max-snippet:-1","max-image-preview":"max-image-preview:large","max-video-preview":"max-video-preview:-1"},"canonical":"https:\/\/www.amper-aufsperrdienst.de\/en\/locksmith-bergkirchen\/","og_locale":"en_US","og_type":"article","og_title":"Locksmith Bergkirchen: from \u20ac52,- fixed price (binding)","og_description":"Expert locksmith service in Bergkirchen with a free phone number, 24-hour service, and affordable fixed price: Damage-free unlocking. Fast and fair!","og_url":"https:\/\/www.amper-aufsperrdienst.de\/en\/locksmith-bergkirchen\/","og_site_name":"Locksmith for Munich, Dachau and F\u00fcrstenfeldbruck","article_modified_time":"2026-01-27T08:07:45+00:00","og_image":[{"width":960,"height":360,"url":"https:\/\/www.amper-aufsperrdienst.de\/wp-content\/uploads\/2014\/12\/header-dachau.jpg","type":"image\/jpeg"}],"twitter_misc":{"Est. reading time":"4 minutes"},"schema":{"@context":"https:\/\/schema.org","@graph":[{"@type":"WebPage","@id":"https:\/\/www.amper-aufsperrdienst.de\/en\/locksmith-bergkirchen\/","url":"https:\/\/www.amper-aufsperrdienst.de\/en\/locksmith-bergkirchen\/","name":"Locksmith Bergkirchen: from \u20ac52,- fixed price (binding)","isPartOf":{"@id":"https:\/\/www.amper-aufsperrdienst.de\/en\/#website"},"primaryImageOfPage":{"@id":"https:\/\/www.amper-aufsperrdienst.de\/en\/locksmith-bergkirchen\/#primaryimage"},"image":{"@id":"https:\/\/www.amper-aufsperrdienst.de\/en\/locksmith-bergkirchen\/#primaryimage"},"thumbnailUrl":"https:\/\/www.amper-aufsperrdienst.de\/wp-content\/uploads\/2014\/12\/header-dachau.jpg","datePublished":"2017-08-29T17:59:36+00:00","dateModified":"2026-01-27T08:07:45+00:00","description":"Expert locksmith service in Bergkirchen with a free phone number, 24-hour service, and affordable fixed price: Damage-free unlocking. Fast and fair!","breadcrumb":{"@id":"https:\/\/www.amper-aufsperrdienst.de\/en\/locksmith-bergkirchen\/#breadcrumb"},"inLanguage":"en-US","potentialAction":[{"@type":"ReadAction","target":["https:\/\/www.amper-aufsperrdienst.de\/en\/locksmith-bergkirchen\/"]}]},{"@type":"ImageObject","inLanguage":"en-US","@id":"https:\/\/www.amper-aufsperrdienst.de\/en\/locksmith-bergkirchen\/#primaryimage","url":"https:\/\/www.amper-aufsperrdienst.de\/wp-content\/uploads\/2014\/12\/header-dachau.jpg","contentUrl":"https:\/\/www.amper-aufsperrdienst.de\/wp-content\/uploads\/2014\/12\/header-dachau.jpg","width":960,"height":360},{"@type":"BreadcrumbList","@id":"https:\/\/www.amper-aufsperrdienst.de\/en\/locksmith-bergkirchen\/#breadcrumb","itemListElement":[{"@type":"ListItem","position":1,"name":"Home","item":"https:\/\/www.amper-aufsperrdienst.de\/en\/"},{"@type":"ListItem","position":2,"name":"Locksmith Bergkirchen"}]},{"@type":"WebSite","@id":"https:\/\/www.amper-aufsperrdienst.de\/en\/#website","url":"https:\/\/www.amper-aufsperrdienst.de\/en\/","name":"Locksmith for Munich, Dachau and F\u00fcrstenfeldbruck","description":"Amper Aufsperrdienst","potentialAction":[{"@type":"SearchAction","target":{"@type":"EntryPoint","urlTemplate":"https:\/\/www.amper-aufsperrdienst.de\/en\/?s={search_term_string}"},"query-input":{"@type":"PropertyValueSpecification","valueRequired":true,"valueName":"search_term_string"}}],"inLanguage":"en-US"}]}},"_links":{"self":[{"href":"https:\/\/www.amper-aufsperrdienst.de\/en\/wp-json\/wp\/v2\/pages\/12982","targetHints":{"allow":["GET"]}}],"collection":[{"href":"https:\/\/www.amper-aufsperrdienst.de\/en\/wp-json\/wp\/v2\/pages"}],"about":[{"href":"https:\/\/www.amper-aufsperrdienst.de\/en\/wp-json\/wp\/v2\/types\/page"}],"author":[{"embeddable":true,"href":"https:\/\/www.amper-aufsperrdienst.de\/en\/wp-json\/wp\/v2\/users\/2"}],"replies":[{"embeddable":true,"href":"https:\/\/www.amper-aufsperrdienst.de\/en\/wp-json\/wp\/v2\/comments?post=12982"}],"version-history":[{"count":2,"href":"https:\/\/www.amper-aufsperrdienst.de\/en\/wp-json\/wp\/v2\/pages\/12982\/revisions"}],"predecessor-version":[{"id":13383,"href":"https:\/\/www.amper-aufsperrdienst.de\/en\/wp-json\/wp\/v2\/pages\/12982\/revisions\/13383"}],"wp:featuredmedia":[{"embeddable":true,"href":"https:\/\/www.amper-aufsperrdienst.de\/en\/wp-json\/wp\/v2\/media\/11630"}],"wp:attachment":[{"href":"https:\/\/www.amper-aufsperrdienst.de\/en\/wp-json\/wp\/v2\/media?parent=12982"}],"curies":[{"name":"wp","href":"https:\/\/api.w.org\/{rel}","templated":true}]}}