{"id":12994,"date":"2017-08-29T10:16:27","date_gmt":"2017-08-29T08:16:27","guid":{"rendered":"https:\/\/www.amper-aufsperrdienst.de\/schluesseldienst-groebenzell\/"},"modified":"2026-01-27T10:45:34","modified_gmt":"2026-01-27T08:45:34","slug":"locksmith-groebenzell","status":"publish","type":"page","link":"https:\/\/www.amper-aufsperrdienst.de\/en\/locksmith-groebenzell\/","title":{"rendered":"Locksmith Gr\u00f6benzell"},"content":{"rendered":"<p><img loading=\"lazy\" decoding=\"async\" class=\"alignleft\" style=\"margin-bottom: 5px !important;\" src=\"https:\/\/www.amper-aufsperrdienst.de\/wp-content\/uploads\/2021\/03\/schluesseldienst-groebenzell-festpreis-ab-52-siegel.jpg\" alt=\"Locksmith Amper - Locksmith Groebenzell with a fixed price starting from \u20ac52.\" width=\"250\" height=\"250\" \/><\/p>\n<p>Have you lost your key or forgotten it somewhere? Left it in your hotel room, office, or elsewhere? Has your key perhaps broken off in the lock? Or did you accidentally lock yourself out and leave the key in the lock? Call us! Amper Locksmith Service, your fast locksmith in Gr\u00f6benzell, is happy to help and offers a great fixed price! If we quote you a fixed price over the phone, that&#8217;s the price you pay! We are transparent, fair, and reliable!<\/p>\n          <!-- tarif -->\n<h2><b><span style=\"vertical-align: inherit;\"><span style=\"vertical-align: inherit;\">Our binding fixed prices start from \u20ac52.<\/span><\/span><\/b><\/h2>\n<p>Amper Locksmith Service is a fair locksmith service with transparent fixed prices:<\/p>\n<div class=\"table-title\">\n\tPRICE LIST  UNLOCK\n<\/div>\n<!-- Table part-->\n<table class=\"table\">\n  <thead class=\"header\">\n\t  <tr>\n     \t <th scope=\"col\">Time<\/th>\n     \t <th scope=\"col\">8 - 18<\/th>\n     \t <th scope=\"col\">18 - 22<\/th>\n     \t <th scope=\"col\">22 - 8<\/th>\n\t<\/tr>\n  <\/thead>\n  <tbody>\n     \t  <tr class=\"weekdays\">\n     \t  \t  <td class=\"tag\" data-label=\"Time\">Mo - Fr<\/td>\n     \t  \t  <td class=\"hrs tag\" data-label=\"8 - 18\">52,- \u20ac<\/td>\n     \t  \t  <td class=\"tag space\" data-label=\"18 - 22\">82,- \u20ac<\/td>\n     \t  \t  <td data-label=\"22 - 8\">95,- \u20ac<\/td>\n     \t  <\/tr>\n     <tr class=\"weekends\">\n     \t  \t  <td class=\"tag\" data-label=\"Time\">Sa<\/td>\n     \t  \t  <td class=\"tag\" data-label=\"8 - 18\">95,- \u20ac<\/td>\n     \t  \t  <td class=\"tag\" data-label=\"18 - 22\">95,- \u20ac<\/td>\n     \t  \t  <td data-label=\"22 - 8\">125,- \u20ac<\/td>\n     \t  <\/tr>\n     <tr class=\"holidays\">\n     \t  \t  <td class=\"tag\" data-label=\"Time\">So & holiday<\/td>\n     \t  \t  <td class=\"tag\" data-label=\"8 - 18\">125,- \u20ac<\/td>\n     \t  \t  <td class=\"tag\" data-label=\"18 - 22\">125,-\u20ac<\/td>\n     \t  \t  <td data-label=\"22 - 8\">125,-\u20ac<\/td>\n     \t  <\/tr>\n     <\/tbody>\n<\/table>\n<!-- Table Description-->\n<div class=\"table-description\">\n\t<em>Please call to inquire about travel costs.<\/em>\n<\/div>\n<!-- Wordings below -->\n<div class=\"wordings\">\n<p>The prices listed in this table are binding for unlocking a door that has slammed shut or been pulled shut (without self-locking mechanisms). Please feel free to contact us if you would like a price quote for other locksmith services. We will gladly provide you with a transparent, fixed-price offer.<\/p>\n<\/div>\n\n<!-- END Wordings -->\n\n\n\n<div class=\"ansprech\">Our 24-hour emergency hotline for Gr\u00f6benzell<br \/>\n<h3 class=\"phone mobilesOnly\"><a href=\"tel:+498000131131\">0800 \/ 0 131 131<\/a><\/h3><h3 class=\"phone desktopOnly\"><a href=\"tel:+498000131131\">0800 \/ 0 131 131<\/a><\/h3> Free of charge and available at any time!<\/div>\n<h2>The municipality of Gr\u00f6benzell in the district of F\u00fcrstenfeldbruck<\/h2>\n<p>The municipality of Gr\u00f6benzell is located just over 15 kilometers northwest of Munich&#8217;s city center and belongs to the Upper Bavarian district of F\u00fcrstenfeldbruck. Gr\u00f6benzell has a population of nearly 20,000 and an area of \u200b\u200bexactly 6.36 square kilometers. The postal code is 82194. Gr\u00f6benzell is unofficially known as &#8220;Garden City.&#8221;<\/p>\n<p>Gr\u00f6benzell&#8217;s neighbors are Olching to the west and north, Munich to the west, and Puchheim to the south. Gr\u00f6benzell was only established as a political municipality in 1952. Gr\u00f6benzell is characterized by numerous single-family homes. There are also several schools and kindergartens.<\/p>\n<h2>Locksmith Gr\u00f6benzell: Door Opening at a Fixed Price<\/h2>\n<p>Do you need a locksmith in Gr\u00f6benzell as soon as possible? Contact us immediately for damage-free door opening at a reasonable price. Tell us exactly what happened and how we can help you over the phone. We will then give you a fixed price based on your description. Our fixed prices are non-negotiable. We do not add any extra costs to the quoted price, as we are transparent and fair with our customers!<\/p>\n<h2>Available anytime and always on call<\/h2>\n<p>Don&#8217;t worry if you need your door opened at night or on a public holiday. Amper Locksmith Service is not just a locksmith, but an emergency locksmith service. This means that we are available not only during normal business hours, but at all times! Our service is completely independent of time and weather conditions. Even in very bad weather, we will come to you to open your door without causing any damage.<\/p>\n<h2>Special Tools for Damage-Free Door Opening<\/h2>\n<p>As a professional locksmith service in Gr\u00f6benzell, we place the highest value on opening doors completely without damage. That&#8217;s why the locksmiths at Amper Locksmith Service are extremely skilled and experienced. We only use special tools designed specifically for door openings. We can usually open locked-out or even securely locked house or apartment doors without causing any damage. In fact, over 99% of our door openings are damage-free. A rate that only true professionals can achieve.<\/p>\n<p>Do you need a competent, fast, and experienced locksmith in Gr\u00f6benzell? You&#8217;ve come to the right place! We&#8217;ve been operating as an emergency locksmith service for three generations! You probably can&#8217;t get more experience than that. Call us free of charge anytime and see for yourself our first-class service! We&#8217;re happy to help you out of a jam!<\/p>\n","protected":false},"excerpt":{"rendered":"<p>Have you lost your key or forgotten it somewhere? Left it in your hotel room, office, or elsewhere? Has your key perhaps broken off in the lock? Or did you accidentally lock yourself out and leave the key in the lock? Call us! Amper Locksmith Service, your fast locksmith in Gr\u00f6benzell, is happy to help [&hellip;]<\/p>\n","protected":false},"author":2,"featured_media":10880,"parent":0,"menu_order":0,"comment_status":"closed","ping_status":"closed","template":"","meta":{"footnotes":"","_links_to":"","_links_to_target":""},"class_list":["post-12994","page","type-page","status-publish","has-post-thumbnail","hentry"],"yoast_head":"<!-- This site is optimized with the Yoast SEO plugin v27.4 - https:\/\/yoast.com\/product\/yoast-seo-wordpress\/ -->\n<title>Locksmith Gr\u00f6benzell: from \u20ac52,- fixed price (binding)<\/title>\n<meta name=\"description\" content=\"Experienced locksmith service in Gr\u00f6benzell, now in its third generation: affordable fixed price, 24\/7 service &amp; free emergency call. Fast, non-destructive door opening!\" \/>\n<meta name=\"robots\" content=\"index, follow, max-snippet:-1, max-image-preview:large, max-video-preview:-1\" \/>\n<link rel=\"canonical\" href=\"https:\/\/www.amper-aufsperrdienst.de\/en\/locksmith-groebenzell\/\" \/>\n<meta property=\"og:locale\" content=\"en_US\" \/>\n<meta property=\"og:type\" content=\"article\" \/>\n<meta property=\"og:title\" content=\"Locksmith Gr\u00f6benzell: from \u20ac52,- fixed price (binding)\" \/>\n<meta property=\"og:description\" content=\"Experienced locksmith service in Gr\u00f6benzell, now in its third generation: affordable fixed price, 24\/7 service &amp; free emergency call. Fast, non-destructive door opening!\" \/>\n<meta property=\"og:url\" content=\"https:\/\/www.amper-aufsperrdienst.de\/en\/locksmith-groebenzell\/\" \/>\n<meta property=\"og:site_name\" content=\"Locksmith for Munich, Dachau and F\u00fcrstenfeldbruck\" \/>\n<meta property=\"article:modified_time\" content=\"2026-01-27T08:45:34+00:00\" \/>\n<meta property=\"og:image\" content=\"https:\/\/www.amper-aufsperrdienst.de\/wp-content\/uploads\/2014\/12\/header-ffb.jpg\" \/>\n\t<meta property=\"og:image:width\" content=\"960\" \/>\n\t<meta property=\"og:image:height\" content=\"360\" \/>\n\t<meta property=\"og:image:type\" content=\"image\/jpeg\" \/>\n<meta name=\"twitter:label1\" content=\"Est. reading time\" \/>\n\t<meta name=\"twitter:data1\" content=\"4 minutes\" \/>\n<script type=\"application\/ld+json\" class=\"yoast-schema-graph\">{\"@context\":\"https:\\\/\\\/schema.org\",\"@graph\":[{\"@type\":\"WebPage\",\"@id\":\"https:\\\/\\\/www.amper-aufsperrdienst.de\\\/en\\\/locksmith-groebenzell\\\/\",\"url\":\"https:\\\/\\\/www.amper-aufsperrdienst.de\\\/en\\\/locksmith-groebenzell\\\/\",\"name\":\"Locksmith Gr\u00f6benzell: from \u20ac52,- fixed price (binding)\",\"isPartOf\":{\"@id\":\"https:\\\/\\\/www.amper-aufsperrdienst.de\\\/en\\\/#website\"},\"primaryImageOfPage\":{\"@id\":\"https:\\\/\\\/www.amper-aufsperrdienst.de\\\/en\\\/locksmith-groebenzell\\\/#primaryimage\"},\"image\":{\"@id\":\"https:\\\/\\\/www.amper-aufsperrdienst.de\\\/en\\\/locksmith-groebenzell\\\/#primaryimage\"},\"thumbnailUrl\":\"https:\\\/\\\/www.amper-aufsperrdienst.de\\\/wp-content\\\/uploads\\\/2014\\\/12\\\/header-ffb.jpg\",\"datePublished\":\"2017-08-29T08:16:27+00:00\",\"dateModified\":\"2026-01-27T08:45:34+00:00\",\"description\":\"Experienced locksmith service in Gr\u00f6benzell, now in its third generation: affordable fixed price, 24\\\/7 service & free emergency call. Fast, non-destructive door opening!\",\"breadcrumb\":{\"@id\":\"https:\\\/\\\/www.amper-aufsperrdienst.de\\\/en\\\/locksmith-groebenzell\\\/#breadcrumb\"},\"inLanguage\":\"en-US\",\"potentialAction\":[{\"@type\":\"ReadAction\",\"target\":[\"https:\\\/\\\/www.amper-aufsperrdienst.de\\\/en\\\/locksmith-groebenzell\\\/\"]}]},{\"@type\":\"ImageObject\",\"inLanguage\":\"en-US\",\"@id\":\"https:\\\/\\\/www.amper-aufsperrdienst.de\\\/en\\\/locksmith-groebenzell\\\/#primaryimage\",\"url\":\"https:\\\/\\\/www.amper-aufsperrdienst.de\\\/wp-content\\\/uploads\\\/2014\\\/12\\\/header-ffb.jpg\",\"contentUrl\":\"https:\\\/\\\/www.amper-aufsperrdienst.de\\\/wp-content\\\/uploads\\\/2014\\\/12\\\/header-ffb.jpg\",\"width\":960,\"height\":360},{\"@type\":\"BreadcrumbList\",\"@id\":\"https:\\\/\\\/www.amper-aufsperrdienst.de\\\/en\\\/locksmith-groebenzell\\\/#breadcrumb\",\"itemListElement\":[{\"@type\":\"ListItem\",\"position\":1,\"name\":\"Home\",\"item\":\"https:\\\/\\\/www.amper-aufsperrdienst.de\\\/en\\\/\"},{\"@type\":\"ListItem\",\"position\":2,\"name\":\"Locksmith Gr\u00f6benzell\"}]},{\"@type\":\"WebSite\",\"@id\":\"https:\\\/\\\/www.amper-aufsperrdienst.de\\\/en\\\/#website\",\"url\":\"https:\\\/\\\/www.amper-aufsperrdienst.de\\\/en\\\/\",\"name\":\"Locksmith for Munich, Dachau and F\u00fcrstenfeldbruck\",\"description\":\"Amper Aufsperrdienst\",\"potentialAction\":[{\"@type\":\"SearchAction\",\"target\":{\"@type\":\"EntryPoint\",\"urlTemplate\":\"https:\\\/\\\/www.amper-aufsperrdienst.de\\\/en\\\/?s={search_term_string}\"},\"query-input\":{\"@type\":\"PropertyValueSpecification\",\"valueRequired\":true,\"valueName\":\"search_term_string\"}}],\"inLanguage\":\"en-US\"}]}<\/script>\n<!-- \/ Yoast SEO plugin. -->","yoast_head_json":{"title":"Locksmith Gr\u00f6benzell: from \u20ac52,- fixed price (binding)","description":"Experienced locksmith service in Gr\u00f6benzell, now in its third generation: affordable fixed price, 24\/7 service & free emergency call. Fast, non-destructive door opening!","robots":{"index":"index","follow":"follow","max-snippet":"max-snippet:-1","max-image-preview":"max-image-preview:large","max-video-preview":"max-video-preview:-1"},"canonical":"https:\/\/www.amper-aufsperrdienst.de\/en\/locksmith-groebenzell\/","og_locale":"en_US","og_type":"article","og_title":"Locksmith Gr\u00f6benzell: from \u20ac52,- fixed price (binding)","og_description":"Experienced locksmith service in Gr\u00f6benzell, now in its third generation: affordable fixed price, 24\/7 service & free emergency call. Fast, non-destructive door opening!","og_url":"https:\/\/www.amper-aufsperrdienst.de\/en\/locksmith-groebenzell\/","og_site_name":"Locksmith for Munich, Dachau and F\u00fcrstenfeldbruck","article_modified_time":"2026-01-27T08:45:34+00:00","og_image":[{"width":960,"height":360,"url":"https:\/\/www.amper-aufsperrdienst.de\/wp-content\/uploads\/2014\/12\/header-ffb.jpg","type":"image\/jpeg"}],"twitter_misc":{"Est. reading time":"4 minutes"},"schema":{"@context":"https:\/\/schema.org","@graph":[{"@type":"WebPage","@id":"https:\/\/www.amper-aufsperrdienst.de\/en\/locksmith-groebenzell\/","url":"https:\/\/www.amper-aufsperrdienst.de\/en\/locksmith-groebenzell\/","name":"Locksmith Gr\u00f6benzell: from \u20ac52,- fixed price (binding)","isPartOf":{"@id":"https:\/\/www.amper-aufsperrdienst.de\/en\/#website"},"primaryImageOfPage":{"@id":"https:\/\/www.amper-aufsperrdienst.de\/en\/locksmith-groebenzell\/#primaryimage"},"image":{"@id":"https:\/\/www.amper-aufsperrdienst.de\/en\/locksmith-groebenzell\/#primaryimage"},"thumbnailUrl":"https:\/\/www.amper-aufsperrdienst.de\/wp-content\/uploads\/2014\/12\/header-ffb.jpg","datePublished":"2017-08-29T08:16:27+00:00","dateModified":"2026-01-27T08:45:34+00:00","description":"Experienced locksmith service in Gr\u00f6benzell, now in its third generation: affordable fixed price, 24\/7 service & free emergency call. Fast, non-destructive door opening!","breadcrumb":{"@id":"https:\/\/www.amper-aufsperrdienst.de\/en\/locksmith-groebenzell\/#breadcrumb"},"inLanguage":"en-US","potentialAction":[{"@type":"ReadAction","target":["https:\/\/www.amper-aufsperrdienst.de\/en\/locksmith-groebenzell\/"]}]},{"@type":"ImageObject","inLanguage":"en-US","@id":"https:\/\/www.amper-aufsperrdienst.de\/en\/locksmith-groebenzell\/#primaryimage","url":"https:\/\/www.amper-aufsperrdienst.de\/wp-content\/uploads\/2014\/12\/header-ffb.jpg","contentUrl":"https:\/\/www.amper-aufsperrdienst.de\/wp-content\/uploads\/2014\/12\/header-ffb.jpg","width":960,"height":360},{"@type":"BreadcrumbList","@id":"https:\/\/www.amper-aufsperrdienst.de\/en\/locksmith-groebenzell\/#breadcrumb","itemListElement":[{"@type":"ListItem","position":1,"name":"Home","item":"https:\/\/www.amper-aufsperrdienst.de\/en\/"},{"@type":"ListItem","position":2,"name":"Locksmith Gr\u00f6benzell"}]},{"@type":"WebSite","@id":"https:\/\/www.amper-aufsperrdienst.de\/en\/#website","url":"https:\/\/www.amper-aufsperrdienst.de\/en\/","name":"Locksmith for Munich, Dachau and F\u00fcrstenfeldbruck","description":"Amper Aufsperrdienst","potentialAction":[{"@type":"SearchAction","target":{"@type":"EntryPoint","urlTemplate":"https:\/\/www.amper-aufsperrdienst.de\/en\/?s={search_term_string}"},"query-input":{"@type":"PropertyValueSpecification","valueRequired":true,"valueName":"search_term_string"}}],"inLanguage":"en-US"}]}},"_links":{"self":[{"href":"https:\/\/www.amper-aufsperrdienst.de\/en\/wp-json\/wp\/v2\/pages\/12994","targetHints":{"allow":["GET"]}}],"collection":[{"href":"https:\/\/www.amper-aufsperrdienst.de\/en\/wp-json\/wp\/v2\/pages"}],"about":[{"href":"https:\/\/www.amper-aufsperrdienst.de\/en\/wp-json\/wp\/v2\/types\/page"}],"author":[{"embeddable":true,"href":"https:\/\/www.amper-aufsperrdienst.de\/en\/wp-json\/wp\/v2\/users\/2"}],"replies":[{"embeddable":true,"href":"https:\/\/www.amper-aufsperrdienst.de\/en\/wp-json\/wp\/v2\/comments?post=12994"}],"version-history":[{"count":2,"href":"https:\/\/www.amper-aufsperrdienst.de\/en\/wp-json\/wp\/v2\/pages\/12994\/revisions"}],"predecessor-version":[{"id":13191,"href":"https:\/\/www.amper-aufsperrdienst.de\/en\/wp-json\/wp\/v2\/pages\/12994\/revisions\/13191"}],"wp:featuredmedia":[{"embeddable":true,"href":"https:\/\/www.amper-aufsperrdienst.de\/en\/wp-json\/wp\/v2\/media\/10880"}],"wp:attachment":[{"href":"https:\/\/www.amper-aufsperrdienst.de\/en\/wp-json\/wp\/v2\/media?parent=12994"}],"curies":[{"name":"wp","href":"https:\/\/api.w.org\/{rel}","templated":true}]}}