{"id":13000,"date":"2017-08-28T22:30:10","date_gmt":"2017-08-28T20:30:10","guid":{"rendered":"https:\/\/www.amper-aufsperrdienst.de\/schluesseldienst-egenhofen\/"},"modified":"2026-01-27T10:13:24","modified_gmt":"2026-01-27T08:13:24","slug":"locksmith-egenhofen","status":"publish","type":"page","link":"https:\/\/www.amper-aufsperrdienst.de\/en\/locksmith-egenhofen\/","title":{"rendered":"Locksmith Egenhofen"},"content":{"rendered":"<p><img loading=\"lazy\" decoding=\"async\" class=\"alignleft\" style=\"margin-bottom: 5px !important;\" src=\"https:\/\/www.amper-aufsperrdienst.de\/wp-content\/uploads\/2021\/03\/schluesseldienst-egenhofen-festpreis-ab-52-siegel.jpg\" alt=\"Locksmith Amper-aufsperrdienst Egenhofen with a fixed price starting from 52,- EUR\" width=\"250\" height=\"250\" \/><\/p>\n<p>Do you need a lock changed or a damage-free door unlocking service and would like to contact a professional locksmith in Egenhofen? Feel free to call us anytime, free of charge! Amper Locksmith Service is a genuine emergency locksmith service, always ready to respond \u2013 even on holidays or at night. When you call, we&#8217;ll gladly tell you how long it will take us to reach you and exactly how much our service will cost. We offer door unlocking services in Egenhofen at a low fixed price!<\/p>\n          <!-- tarif -->\n<h2><b><span style=\"vertical-align: inherit;\"><span style=\"vertical-align: inherit;\">Our binding fixed prices start from \u20ac52.<\/span><\/span><\/b><\/h2>\n<p>Amper Locksmith Service is a fair locksmith service with transparent fixed prices:<\/p>\n<div class=\"table-title\">\n\tPRICE LIST  UNLOCK\n<\/div>\n<!-- Table part-->\n<table class=\"table\">\n  <thead class=\"header\">\n\t  <tr>\n     \t <th scope=\"col\">Time<\/th>\n     \t <th scope=\"col\">8 - 18<\/th>\n     \t <th scope=\"col\">18 - 22<\/th>\n     \t <th scope=\"col\">22 - 8<\/th>\n\t<\/tr>\n  <\/thead>\n  <tbody>\n     \t  <tr class=\"weekdays\">\n     \t  \t  <td class=\"tag\" data-label=\"Time\">Mo - Fr<\/td>\n     \t  \t  <td class=\"hrs tag\" data-label=\"8 - 18\">52,- \u20ac<\/td>\n     \t  \t  <td class=\"tag space\" data-label=\"18 - 22\">82,- \u20ac<\/td>\n     \t  \t  <td data-label=\"22 - 8\">95,- \u20ac<\/td>\n     \t  <\/tr>\n     <tr class=\"weekends\">\n     \t  \t  <td class=\"tag\" data-label=\"Time\">Sa<\/td>\n     \t  \t  <td class=\"tag\" data-label=\"8 - 18\">95,- \u20ac<\/td>\n     \t  \t  <td class=\"tag\" data-label=\"18 - 22\">95,- \u20ac<\/td>\n     \t  \t  <td data-label=\"22 - 8\">125,- \u20ac<\/td>\n     \t  <\/tr>\n     <tr class=\"holidays\">\n     \t  \t  <td class=\"tag\" data-label=\"Time\">So & holiday<\/td>\n     \t  \t  <td class=\"tag\" data-label=\"8 - 18\">125,- \u20ac<\/td>\n     \t  \t  <td class=\"tag\" data-label=\"18 - 22\">125,-\u20ac<\/td>\n     \t  \t  <td data-label=\"22 - 8\">125,-\u20ac<\/td>\n     \t  <\/tr>\n     <\/tbody>\n<\/table>\n<!-- Table Description-->\n<div class=\"table-description\">\n\t<em>Please call to inquire about travel costs.<\/em>\n<\/div>\n<!-- Wordings below -->\n<div class=\"wordings\">\n<p>The prices listed in this table are binding for unlocking a door that has slammed shut or been pulled shut (without self-locking mechanisms). Please feel free to contact us if you would like a price quote for other locksmith services. We will gladly provide you with a transparent, fixed-price offer.<\/p>\n<\/div>\n\n<!-- END Wordings -->\n\n\n\n<div class=\"ansprech\">Our 24-hour emergency hotline for Egenhofen<br \/>\n<h3 class=\"phone mobilesOnly\"><a href=\"tel:+498000131131\">0800 \/ 0 131 131<\/a><\/h3><h3 class=\"phone desktopOnly\"><a href=\"tel:+498000131131\">0800 \/ 0 131 131<\/a><\/h3> Free of charge and available at any time!<\/div>\n<h2>The municipality of Egenhofen in the district of F\u00fcrstenfeldbruck<\/h2>\n<p>Egenhofen belongs to the Upper Bavarian district of F\u00fcrstenfeldbruck and lies midway between the two major Bavarian cities of Munich and Augsburg. Approximately 3,350 people live here in an area of \u200b\u200baround 33.4 square kilometers. The postal code for the municipality of Egenhofen is 82281.<\/p>\n<p>Egenhofen consists of a total of 24 officially named districts. These are, in alphabetical order: Aufkirchen, Dirlesried, D\u00fcrabuch, Egenhofen, Englertshofen, Eurastetten, Fuchsberg, Furtm\u00fchle, Geisenhofen, Herrnzell, Holzm\u00fchl, Karlshof, Kumpfm\u00fchle, Oberweikertshofen, Osterholzen, Pischertshofen, Poigern, Rammertshofen, Rottenfu\u00df, Unterschweinbach, Waltenhofen, Waltershofen, Wenigm\u00fcnchen and Weyhern.<\/p>\n<h2>Locksmith Egenhofen: Door Opening at a Fixed Price<\/h2>\n<p>Do you need a locksmith who can quickly open your door in Egenhofen at a fixed price? Amper Locksmith Service is happy to assist you if you&#8217;re looking for a reliable, affordable, and fair service provider. The prices we quote over the phone are true fixed prices and cannot be changed. Other locksmiths may operate differently. We, however, adhere to our fixed prices exactly!<\/p>\n<h2>Door Opening Without Damage<\/h2>\n<p>For your door opening in Egenhofen, trust the service and expertise of a true professional! It&#8217;s important that your door opening is not only fast and affordable but also damage-free. The employees of Amper Locksmith Service are therefore highly trained to know exactly what to do at any time, regardless of whether the door has simply slammed shut or is securely locked. We only use professional tools specifically designed for unlocking doors. Otherwise, we couldn&#8217;t achieve a nearly 100% damage-free door opening rate. Only rarely do we actually have to resort to a drill and risk damaging the door or lock cylinder!<\/p>\n<h2>Genuine 24-Hour Emergency Locksmith Service<\/h2>\n<p>Many people don&#8217;t realize that not all locksmith services are created equal. Many locksmiths only operate during specific opening hours and don&#8217;t help with nighttime emergencies. Amper Locksmith Service, on the other hand, is a genuine 24-hour emergency service, available at any time \u2013 even at night and on Sundays and public holidays. You can reach us anytime and request a free, no-obligation fixed-price quote. If you accept our offer, we&#8217;ll come to you as quickly as possible after you give us your approval.<\/p>\n<p>Looking for a reliable and competent locksmith in Egenhofen for damage-free door unlocking at a fair and binding fixed price? Give us a call, we&#8217;re happy to help!<\/p>\n<div class=\"ansprech\">Our 24-hour emergency hotline for Egenhofen<br \/>\n<h3 class=\"phone mobilesOnly\"><a href=\"tel:+498000131131\">0800 \/ 0 131 131<\/a><\/h3><h3 class=\"phone desktopOnly\"><a href=\"tel:+498000131131\">0800 \/ 0 131 131<\/a><\/h3> Free of charge and available at any time!<\/div>\n","protected":false},"excerpt":{"rendered":"<p>Do you need a lock changed or a damage-free door unlocking service and would like to contact a professional locksmith in Egenhofen? Feel free to call us anytime, free of charge! Amper Locksmith Service is a genuine emergency locksmith service, always ready to respond \u2013 even on holidays or at night. When you call, we&#8217;ll [&hellip;]<\/p>\n","protected":false},"author":2,"featured_media":10880,"parent":0,"menu_order":0,"comment_status":"closed","ping_status":"closed","template":"","meta":{"footnotes":"","_links_to":"","_links_to_target":""},"class_list":["post-13000","page","type-page","status-publish","has-post-thumbnail","hentry"],"yoast_head":"<!-- This site is optimized with the Yoast SEO plugin v27.4 - https:\/\/yoast.com\/product\/yoast-seo-wordpress\/ -->\n<title>Locksmith in Egenhofen: fixed price starting from \u20ac52.<\/title>\n<meta name=\"description\" content=\"Professional locksmith service in Egenhofen with affordable fixed prices and 24-hour emergency service: reliable, fast &amp; fair. Damage-free door opening in Egenhofen!\" \/>\n<meta name=\"robots\" content=\"index, follow, max-snippet:-1, max-image-preview:large, max-video-preview:-1\" \/>\n<link rel=\"canonical\" href=\"https:\/\/www.amper-aufsperrdienst.de\/en\/locksmith-egenhofen\/\" \/>\n<meta property=\"og:locale\" content=\"en_US\" \/>\n<meta property=\"og:type\" content=\"article\" \/>\n<meta property=\"og:title\" content=\"Locksmith in Egenhofen: fixed price starting from \u20ac52.\" \/>\n<meta property=\"og:description\" content=\"Professional locksmith service in Egenhofen with affordable fixed prices and 24-hour emergency service: reliable, fast &amp; fair. Damage-free door opening in Egenhofen!\" \/>\n<meta property=\"og:url\" content=\"https:\/\/www.amper-aufsperrdienst.de\/en\/locksmith-egenhofen\/\" \/>\n<meta property=\"og:site_name\" content=\"Locksmith for Munich, Dachau and F\u00fcrstenfeldbruck\" \/>\n<meta property=\"article:modified_time\" content=\"2026-01-27T08:13:24+00:00\" \/>\n<meta property=\"og:image\" content=\"https:\/\/www.amper-aufsperrdienst.de\/wp-content\/uploads\/2014\/12\/header-ffb.jpg\" \/>\n\t<meta property=\"og:image:width\" content=\"960\" \/>\n\t<meta property=\"og:image:height\" content=\"360\" \/>\n\t<meta property=\"og:image:type\" content=\"image\/jpeg\" \/>\n<meta name=\"twitter:label1\" content=\"Est. reading time\" \/>\n\t<meta name=\"twitter:data1\" content=\"4 minutes\" \/>\n<script type=\"application\/ld+json\" class=\"yoast-schema-graph\">{\"@context\":\"https:\\\/\\\/schema.org\",\"@graph\":[{\"@type\":\"WebPage\",\"@id\":\"https:\\\/\\\/www.amper-aufsperrdienst.de\\\/en\\\/locksmith-egenhofen\\\/\",\"url\":\"https:\\\/\\\/www.amper-aufsperrdienst.de\\\/en\\\/locksmith-egenhofen\\\/\",\"name\":\"Locksmith in Egenhofen: fixed price starting from \u20ac52.\",\"isPartOf\":{\"@id\":\"https:\\\/\\\/www.amper-aufsperrdienst.de\\\/en\\\/#website\"},\"primaryImageOfPage\":{\"@id\":\"https:\\\/\\\/www.amper-aufsperrdienst.de\\\/en\\\/locksmith-egenhofen\\\/#primaryimage\"},\"image\":{\"@id\":\"https:\\\/\\\/www.amper-aufsperrdienst.de\\\/en\\\/locksmith-egenhofen\\\/#primaryimage\"},\"thumbnailUrl\":\"https:\\\/\\\/www.amper-aufsperrdienst.de\\\/wp-content\\\/uploads\\\/2014\\\/12\\\/header-ffb.jpg\",\"datePublished\":\"2017-08-28T20:30:10+00:00\",\"dateModified\":\"2026-01-27T08:13:24+00:00\",\"description\":\"Professional locksmith service in Egenhofen with affordable fixed prices and 24-hour emergency service: reliable, fast & fair. Damage-free door opening in Egenhofen!\",\"breadcrumb\":{\"@id\":\"https:\\\/\\\/www.amper-aufsperrdienst.de\\\/en\\\/locksmith-egenhofen\\\/#breadcrumb\"},\"inLanguage\":\"en-US\",\"potentialAction\":[{\"@type\":\"ReadAction\",\"target\":[\"https:\\\/\\\/www.amper-aufsperrdienst.de\\\/en\\\/locksmith-egenhofen\\\/\"]}]},{\"@type\":\"ImageObject\",\"inLanguage\":\"en-US\",\"@id\":\"https:\\\/\\\/www.amper-aufsperrdienst.de\\\/en\\\/locksmith-egenhofen\\\/#primaryimage\",\"url\":\"https:\\\/\\\/www.amper-aufsperrdienst.de\\\/wp-content\\\/uploads\\\/2014\\\/12\\\/header-ffb.jpg\",\"contentUrl\":\"https:\\\/\\\/www.amper-aufsperrdienst.de\\\/wp-content\\\/uploads\\\/2014\\\/12\\\/header-ffb.jpg\",\"width\":960,\"height\":360},{\"@type\":\"BreadcrumbList\",\"@id\":\"https:\\\/\\\/www.amper-aufsperrdienst.de\\\/en\\\/locksmith-egenhofen\\\/#breadcrumb\",\"itemListElement\":[{\"@type\":\"ListItem\",\"position\":1,\"name\":\"Home\",\"item\":\"https:\\\/\\\/www.amper-aufsperrdienst.de\\\/en\\\/\"},{\"@type\":\"ListItem\",\"position\":2,\"name\":\"Locksmith Egenhofen\"}]},{\"@type\":\"WebSite\",\"@id\":\"https:\\\/\\\/www.amper-aufsperrdienst.de\\\/en\\\/#website\",\"url\":\"https:\\\/\\\/www.amper-aufsperrdienst.de\\\/en\\\/\",\"name\":\"Locksmith for Munich, Dachau and F\u00fcrstenfeldbruck\",\"description\":\"Amper Aufsperrdienst\",\"potentialAction\":[{\"@type\":\"SearchAction\",\"target\":{\"@type\":\"EntryPoint\",\"urlTemplate\":\"https:\\\/\\\/www.amper-aufsperrdienst.de\\\/en\\\/?s={search_term_string}\"},\"query-input\":{\"@type\":\"PropertyValueSpecification\",\"valueRequired\":true,\"valueName\":\"search_term_string\"}}],\"inLanguage\":\"en-US\"}]}<\/script>\n<!-- \/ Yoast SEO plugin. -->","yoast_head_json":{"title":"Locksmith in Egenhofen: fixed price starting from \u20ac52.","description":"Professional locksmith service in Egenhofen with affordable fixed prices and 24-hour emergency service: reliable, fast & fair. Damage-free door opening in Egenhofen!","robots":{"index":"index","follow":"follow","max-snippet":"max-snippet:-1","max-image-preview":"max-image-preview:large","max-video-preview":"max-video-preview:-1"},"canonical":"https:\/\/www.amper-aufsperrdienst.de\/en\/locksmith-egenhofen\/","og_locale":"en_US","og_type":"article","og_title":"Locksmith in Egenhofen: fixed price starting from \u20ac52.","og_description":"Professional locksmith service in Egenhofen with affordable fixed prices and 24-hour emergency service: reliable, fast & fair. Damage-free door opening in Egenhofen!","og_url":"https:\/\/www.amper-aufsperrdienst.de\/en\/locksmith-egenhofen\/","og_site_name":"Locksmith for Munich, Dachau and F\u00fcrstenfeldbruck","article_modified_time":"2026-01-27T08:13:24+00:00","og_image":[{"width":960,"height":360,"url":"https:\/\/www.amper-aufsperrdienst.de\/wp-content\/uploads\/2014\/12\/header-ffb.jpg","type":"image\/jpeg"}],"twitter_misc":{"Est. reading time":"4 minutes"},"schema":{"@context":"https:\/\/schema.org","@graph":[{"@type":"WebPage","@id":"https:\/\/www.amper-aufsperrdienst.de\/en\/locksmith-egenhofen\/","url":"https:\/\/www.amper-aufsperrdienst.de\/en\/locksmith-egenhofen\/","name":"Locksmith in Egenhofen: fixed price starting from \u20ac52.","isPartOf":{"@id":"https:\/\/www.amper-aufsperrdienst.de\/en\/#website"},"primaryImageOfPage":{"@id":"https:\/\/www.amper-aufsperrdienst.de\/en\/locksmith-egenhofen\/#primaryimage"},"image":{"@id":"https:\/\/www.amper-aufsperrdienst.de\/en\/locksmith-egenhofen\/#primaryimage"},"thumbnailUrl":"https:\/\/www.amper-aufsperrdienst.de\/wp-content\/uploads\/2014\/12\/header-ffb.jpg","datePublished":"2017-08-28T20:30:10+00:00","dateModified":"2026-01-27T08:13:24+00:00","description":"Professional locksmith service in Egenhofen with affordable fixed prices and 24-hour emergency service: reliable, fast & fair. Damage-free door opening in Egenhofen!","breadcrumb":{"@id":"https:\/\/www.amper-aufsperrdienst.de\/en\/locksmith-egenhofen\/#breadcrumb"},"inLanguage":"en-US","potentialAction":[{"@type":"ReadAction","target":["https:\/\/www.amper-aufsperrdienst.de\/en\/locksmith-egenhofen\/"]}]},{"@type":"ImageObject","inLanguage":"en-US","@id":"https:\/\/www.amper-aufsperrdienst.de\/en\/locksmith-egenhofen\/#primaryimage","url":"https:\/\/www.amper-aufsperrdienst.de\/wp-content\/uploads\/2014\/12\/header-ffb.jpg","contentUrl":"https:\/\/www.amper-aufsperrdienst.de\/wp-content\/uploads\/2014\/12\/header-ffb.jpg","width":960,"height":360},{"@type":"BreadcrumbList","@id":"https:\/\/www.amper-aufsperrdienst.de\/en\/locksmith-egenhofen\/#breadcrumb","itemListElement":[{"@type":"ListItem","position":1,"name":"Home","item":"https:\/\/www.amper-aufsperrdienst.de\/en\/"},{"@type":"ListItem","position":2,"name":"Locksmith Egenhofen"}]},{"@type":"WebSite","@id":"https:\/\/www.amper-aufsperrdienst.de\/en\/#website","url":"https:\/\/www.amper-aufsperrdienst.de\/en\/","name":"Locksmith for Munich, Dachau and F\u00fcrstenfeldbruck","description":"Amper Aufsperrdienst","potentialAction":[{"@type":"SearchAction","target":{"@type":"EntryPoint","urlTemplate":"https:\/\/www.amper-aufsperrdienst.de\/en\/?s={search_term_string}"},"query-input":{"@type":"PropertyValueSpecification","valueRequired":true,"valueName":"search_term_string"}}],"inLanguage":"en-US"}]}},"_links":{"self":[{"href":"https:\/\/www.amper-aufsperrdienst.de\/en\/wp-json\/wp\/v2\/pages\/13000","targetHints":{"allow":["GET"]}}],"collection":[{"href":"https:\/\/www.amper-aufsperrdienst.de\/en\/wp-json\/wp\/v2\/pages"}],"about":[{"href":"https:\/\/www.amper-aufsperrdienst.de\/en\/wp-json\/wp\/v2\/types\/page"}],"author":[{"embeddable":true,"href":"https:\/\/www.amper-aufsperrdienst.de\/en\/wp-json\/wp\/v2\/users\/2"}],"replies":[{"embeddable":true,"href":"https:\/\/www.amper-aufsperrdienst.de\/en\/wp-json\/wp\/v2\/comments?post=13000"}],"version-history":[{"count":2,"href":"https:\/\/www.amper-aufsperrdienst.de\/en\/wp-json\/wp\/v2\/pages\/13000\/revisions"}],"predecessor-version":[{"id":13318,"href":"https:\/\/www.amper-aufsperrdienst.de\/en\/wp-json\/wp\/v2\/pages\/13000\/revisions\/13318"}],"wp:featuredmedia":[{"embeddable":true,"href":"https:\/\/www.amper-aufsperrdienst.de\/en\/wp-json\/wp\/v2\/media\/10880"}],"wp:attachment":[{"href":"https:\/\/www.amper-aufsperrdienst.de\/en\/wp-json\/wp\/v2\/media?parent=13000"}],"curies":[{"name":"wp","href":"https:\/\/api.w.org\/{rel}","templated":true}]}}