{"id":13030,"date":"2019-03-21T04:33:33","date_gmt":"2019-03-21T02:33:33","guid":{"rendered":"https:\/\/www.amper-aufsperrdienst.de\/schluesseldienst-muenchen-duelferstrasse\/"},"modified":"2026-01-28T08:54:08","modified_gmt":"2026-01-28T06:54:08","slug":"locksmith-munich-dulferstrasse","status":"publish","type":"page","link":"https:\/\/www.amper-aufsperrdienst.de\/en\/locksmith-munich-dulferstrasse\/","title":{"rendered":"Locksmith MUNICH D\u00dcLFERSTRASSE"},"content":{"rendered":"<p><img loading=\"lazy\" decoding=\"async\" class=\"alignleft\" style=\"margin-bottom: 5px !important;\" src=\"https:\/\/www.amper-aufsperrdienst.de\/wp-content\/uploads\/2021\/03\/schluesseldienst-muenchen-duelferstrasse-festpreis-ab-52-siegel.jpg\" alt=\"Amper Locksmith Opening Service muenchen-duelferstrasse with fixed price from 52,- EUR\" width=\"250\" height=\"250\" \/><\/p>\n<p>Locking yourself out happens faster than you&#8217;d like to believe. Family is visiting, you accompany them outside, leaving the door open for just a quick goodbye. A gust of wind or your overzealous niece slams the door shut, the key is inside, and you&#8217;re out. But with a professional locksmith service like Amper Locksmith Service, you can get back inside without incurring costly damage. Thanks to our high-quality specialized tools and our highly trained locksmiths, we can almost guarantee to open your door completely damage-free if it has locked itself out.<\/p>\n          <!-- tarif -->\n<h2><b><span style=\"vertical-align: inherit;\"><span style=\"vertical-align: inherit;\">Our binding fixed prices start from \u20ac52.<\/span><\/span><\/b><\/h2>\n<p>Amper Locksmith Service is a fair locksmith service with transparent fixed prices:<\/p>\n<div class=\"table-title\">\n\tPRICE LIST  UNLOCK\n<\/div>\n<!-- Table part-->\n<table class=\"table\">\n  <thead class=\"header\">\n\t  <tr>\n     \t <th scope=\"col\">Time<\/th>\n     \t <th scope=\"col\">8 - 18<\/th>\n     \t <th scope=\"col\">18 - 22<\/th>\n     \t <th scope=\"col\">22 - 8<\/th>\n\t<\/tr>\n  <\/thead>\n  <tbody>\n     \t  <tr class=\"weekdays\">\n     \t  \t  <td class=\"tag\" data-label=\"Time\">Mo - Fr<\/td>\n     \t  \t  <td class=\"hrs tag\" data-label=\"8 - 18\">52,- \u20ac<\/td>\n     \t  \t  <td class=\"tag space\" data-label=\"18 - 22\">82,- \u20ac<\/td>\n     \t  \t  <td data-label=\"22 - 8\">95,- \u20ac<\/td>\n     \t  <\/tr>\n     <tr class=\"weekends\">\n     \t  \t  <td class=\"tag\" data-label=\"Time\">Sa<\/td>\n     \t  \t  <td class=\"tag\" data-label=\"8 - 18\">95,- \u20ac<\/td>\n     \t  \t  <td class=\"tag\" data-label=\"18 - 22\">95,- \u20ac<\/td>\n     \t  \t  <td data-label=\"22 - 8\">125,- \u20ac<\/td>\n     \t  <\/tr>\n     <tr class=\"holidays\">\n     \t  \t  <td class=\"tag\" data-label=\"Time\">So & holiday<\/td>\n     \t  \t  <td class=\"tag\" data-label=\"8 - 18\">125,- \u20ac<\/td>\n     \t  \t  <td class=\"tag\" data-label=\"18 - 22\">125,-\u20ac<\/td>\n     \t  \t  <td data-label=\"22 - 8\">125,-\u20ac<\/td>\n     \t  <\/tr>\n     <\/tbody>\n<\/table>\n<!-- Table Description-->\n<div class=\"table-description\">\n\t<em>Please call to inquire about travel costs.<\/em>\n<\/div>\n<!-- Wordings below -->\n<div class=\"wordings\">\n<p>The prices listed in this table are binding for unlocking a door that has slammed shut or been pulled shut (without self-locking mechanisms). Please feel free to contact us if you would like a price quote for other locksmith services. We will gladly provide you with a transparent, fixed-price offer.<\/p>\n<\/div>\n\n<!-- END Wordings -->\n\n\n\n<h2>FAIR AND TRANSPARENT: OUR FIXED PRICE GUARANTEE<\/h2>\n<p>Time and again, unscrupulous operators in our industry, only interested in making a quick buck, have made negative headlines. Amper Locksmith Service is a third-generation family business, and price certainty is an integral part of high-quality customer service. To ensure our customers have confidence in us, we have always operated with guaranteed fixed prices. As soon as you contact us and explain the service you require, we will calculate a binding, all-inclusive price for you. Therefore, you will know the exact price before our locksmiths even arrive at your address on D\u00fclferstra\u00dfe. This price is guaranteed; you can rest assured that there will be no hidden costs. That&#8217;s our fixed-price guarantee.<\/p>\n<h2>ALWAYS ON DUTY: OUR KEY SERVICE MUNICH D\u00dcLFERSTRASSE<\/h2>\n<p>But what if you&#8217;re locked out on a public holiday or discover late at night that you&#8217;ve lost your key? Waiting isn&#8217;t an option, and we understand that. You can reach us anytime via the Amper Locksmith Service&#8217;s free emergency hotline. We&#8217;re a genuine emergency locksmith service and therefore have neither fixed business hours nor a waiting list. When you need us, we&#8217;ll be there. Experience shows that our technicians are usually at your location on D\u00fclferstra\u00dfe within 30 minutes of your call and will resolve the problem. No matter the time, the day, or the weather: Amper Locksmith Service will rush to your aid.<\/p>\n<h2>D\u00dcLFERSTRASSE IN MUNICH<\/h2>\n<p>D\u00fclferstra\u00dfe is located in the Milbertshofen-Am Hart district of Munich. It branches off from Lerchenstra\u00dfe in the west and ends at Schlei\u00dfheimer Stra\u00dfe. There is an Aral petrol station. The two U-Bahn stations D\u00fclferstra\u00dfe and Hasenbergl, both served by the U2 line, are also accessible via this street. Intersecting streets include Ratoldstra\u00dfe, Asenprunerstra\u00dfe, Johann-Emmer-Stra\u00dfe, and Rainfarnstra\u00dfe.<\/p>\n<p>Are you looking for a reliable locksmith who&#8217;s available even on holidays or at night? Amper Locksmith Service offers this service with a fixed-price guarantee. But even if it&#8217;s not an emergency, we&#8217;re happy to help. Need a professional lock replacement? We can do that! Want to learn more about locking systems for burglary prevention? Our security experts will conduct a vulnerability analysis of your property and install high-quality locking systems from leading manufacturers. When it comes to anything related to keys and locks, Amper Locksmith Service is the right choice. We look forward to your call!<\/p>\n","protected":false},"excerpt":{"rendered":"<p>Locking yourself out happens faster than you&#8217;d like to believe. Family is visiting, you accompany them outside, leaving the door open for just a quick goodbye. A gust of wind or your overzealous niece slams the door shut, the key is inside, and you&#8217;re out. But with a professional locksmith service like Amper Locksmith Service, [&hellip;]<\/p>\n","protected":false},"author":2,"featured_media":0,"parent":0,"menu_order":0,"comment_status":"closed","ping_status":"closed","template":"","meta":{"footnotes":"","_links_to":"","_links_to_target":""},"class_list":["post-13030","page","type-page","status-publish","hentry"],"yoast_head":"<!-- This site is optimized with the Yoast SEO plugin v27.4 - https:\/\/yoast.com\/product\/yoast-seo-wordpress\/ -->\n<title>Locksmith Munich D\u00fclferstra\u00dfe: from \u20ac52,- fixed price<\/title>\n<meta name=\"description\" content=\"Our friendly and expert locksmith service in Munich D\u00fclferstra\u00dfe shines with non-destructive door opening, 24\/7 service and a fixed price guarantee.\" \/>\n<meta name=\"robots\" content=\"index, follow, max-snippet:-1, max-image-preview:large, max-video-preview:-1\" \/>\n<link rel=\"canonical\" href=\"https:\/\/www.amper-aufsperrdienst.de\/en\/locksmith-munich-dulferstrasse\/\" \/>\n<meta property=\"og:locale\" content=\"en_US\" \/>\n<meta property=\"og:type\" content=\"article\" \/>\n<meta property=\"og:title\" content=\"Locksmith Munich D\u00fclferstra\u00dfe: from \u20ac52,- fixed price\" \/>\n<meta property=\"og:description\" content=\"Our friendly and expert locksmith service in Munich D\u00fclferstra\u00dfe shines with non-destructive door opening, 24\/7 service and a fixed price guarantee.\" \/>\n<meta property=\"og:url\" content=\"https:\/\/www.amper-aufsperrdienst.de\/en\/locksmith-munich-dulferstrasse\/\" \/>\n<meta property=\"og:site_name\" content=\"Locksmith for Munich, Dachau and F\u00fcrstenfeldbruck\" \/>\n<meta property=\"article:modified_time\" content=\"2026-01-28T06:54:08+00:00\" \/>\n<meta property=\"og:image\" content=\"https:\/\/www.amper-aufsperrdienst.de\/wp-content\/uploads\/2021\/03\/schluesseldienst-muenchen-duelferstrasse-festpreis-ab-52-siegel.jpg\" \/>\n<meta name=\"twitter:label1\" content=\"Est. reading time\" \/>\n\t<meta name=\"twitter:data1\" content=\"3 minutes\" \/>\n<script type=\"application\/ld+json\" class=\"yoast-schema-graph\">{\"@context\":\"https:\\\/\\\/schema.org\",\"@graph\":[{\"@type\":\"WebPage\",\"@id\":\"https:\\\/\\\/www.amper-aufsperrdienst.de\\\/en\\\/locksmith-munich-dulferstrasse\\\/\",\"url\":\"https:\\\/\\\/www.amper-aufsperrdienst.de\\\/en\\\/locksmith-munich-dulferstrasse\\\/\",\"name\":\"Locksmith Munich D\u00fclferstra\u00dfe: from \u20ac52,- fixed price\",\"isPartOf\":{\"@id\":\"https:\\\/\\\/www.amper-aufsperrdienst.de\\\/en\\\/#website\"},\"primaryImageOfPage\":{\"@id\":\"https:\\\/\\\/www.amper-aufsperrdienst.de\\\/en\\\/locksmith-munich-dulferstrasse\\\/#primaryimage\"},\"image\":{\"@id\":\"https:\\\/\\\/www.amper-aufsperrdienst.de\\\/en\\\/locksmith-munich-dulferstrasse\\\/#primaryimage\"},\"thumbnailUrl\":\"https:\\\/\\\/www.amper-aufsperrdienst.de\\\/wp-content\\\/uploads\\\/2021\\\/03\\\/schluesseldienst-muenchen-duelferstrasse-festpreis-ab-52-siegel.jpg\",\"datePublished\":\"2019-03-21T02:33:33+00:00\",\"dateModified\":\"2026-01-28T06:54:08+00:00\",\"description\":\"Our friendly and expert locksmith service in Munich D\u00fclferstra\u00dfe shines with non-destructive door opening, 24\\\/7 service and a fixed price guarantee.\",\"breadcrumb\":{\"@id\":\"https:\\\/\\\/www.amper-aufsperrdienst.de\\\/en\\\/locksmith-munich-dulferstrasse\\\/#breadcrumb\"},\"inLanguage\":\"en-US\",\"potentialAction\":[{\"@type\":\"ReadAction\",\"target\":[\"https:\\\/\\\/www.amper-aufsperrdienst.de\\\/en\\\/locksmith-munich-dulferstrasse\\\/\"]}]},{\"@type\":\"ImageObject\",\"inLanguage\":\"en-US\",\"@id\":\"https:\\\/\\\/www.amper-aufsperrdienst.de\\\/en\\\/locksmith-munich-dulferstrasse\\\/#primaryimage\",\"url\":\"https:\\\/\\\/www.amper-aufsperrdienst.de\\\/wp-content\\\/uploads\\\/2021\\\/03\\\/schluesseldienst-muenchen-duelferstrasse-festpreis-ab-52-siegel.jpg\",\"contentUrl\":\"https:\\\/\\\/www.amper-aufsperrdienst.de\\\/wp-content\\\/uploads\\\/2021\\\/03\\\/schluesseldienst-muenchen-duelferstrasse-festpreis-ab-52-siegel.jpg\"},{\"@type\":\"BreadcrumbList\",\"@id\":\"https:\\\/\\\/www.amper-aufsperrdienst.de\\\/en\\\/locksmith-munich-dulferstrasse\\\/#breadcrumb\",\"itemListElement\":[{\"@type\":\"ListItem\",\"position\":1,\"name\":\"Home\",\"item\":\"https:\\\/\\\/www.amper-aufsperrdienst.de\\\/en\\\/\"},{\"@type\":\"ListItem\",\"position\":2,\"name\":\"Locksmith MUNICH D\u00dcLFERSTRASSE\"}]},{\"@type\":\"WebSite\",\"@id\":\"https:\\\/\\\/www.amper-aufsperrdienst.de\\\/en\\\/#website\",\"url\":\"https:\\\/\\\/www.amper-aufsperrdienst.de\\\/en\\\/\",\"name\":\"Locksmith for Munich, Dachau and F\u00fcrstenfeldbruck\",\"description\":\"Amper Aufsperrdienst\",\"potentialAction\":[{\"@type\":\"SearchAction\",\"target\":{\"@type\":\"EntryPoint\",\"urlTemplate\":\"https:\\\/\\\/www.amper-aufsperrdienst.de\\\/en\\\/?s={search_term_string}\"},\"query-input\":{\"@type\":\"PropertyValueSpecification\",\"valueRequired\":true,\"valueName\":\"search_term_string\"}}],\"inLanguage\":\"en-US\"}]}<\/script>\n<!-- \/ Yoast SEO plugin. -->","yoast_head_json":{"title":"Locksmith Munich D\u00fclferstra\u00dfe: from \u20ac52,- fixed price","description":"Our friendly and expert locksmith service in Munich D\u00fclferstra\u00dfe shines with non-destructive door opening, 24\/7 service and a fixed price guarantee.","robots":{"index":"index","follow":"follow","max-snippet":"max-snippet:-1","max-image-preview":"max-image-preview:large","max-video-preview":"max-video-preview:-1"},"canonical":"https:\/\/www.amper-aufsperrdienst.de\/en\/locksmith-munich-dulferstrasse\/","og_locale":"en_US","og_type":"article","og_title":"Locksmith Munich D\u00fclferstra\u00dfe: from \u20ac52,- fixed price","og_description":"Our friendly and expert locksmith service in Munich D\u00fclferstra\u00dfe shines with non-destructive door opening, 24\/7 service and a fixed price guarantee.","og_url":"https:\/\/www.amper-aufsperrdienst.de\/en\/locksmith-munich-dulferstrasse\/","og_site_name":"Locksmith for Munich, Dachau and F\u00fcrstenfeldbruck","article_modified_time":"2026-01-28T06:54:08+00:00","og_image":[{"url":"https:\/\/www.amper-aufsperrdienst.de\/wp-content\/uploads\/2021\/03\/schluesseldienst-muenchen-duelferstrasse-festpreis-ab-52-siegel.jpg","type":"","width":"","height":""}],"twitter_misc":{"Est. reading time":"3 minutes"},"schema":{"@context":"https:\/\/schema.org","@graph":[{"@type":"WebPage","@id":"https:\/\/www.amper-aufsperrdienst.de\/en\/locksmith-munich-dulferstrasse\/","url":"https:\/\/www.amper-aufsperrdienst.de\/en\/locksmith-munich-dulferstrasse\/","name":"Locksmith Munich D\u00fclferstra\u00dfe: from \u20ac52,- fixed price","isPartOf":{"@id":"https:\/\/www.amper-aufsperrdienst.de\/en\/#website"},"primaryImageOfPage":{"@id":"https:\/\/www.amper-aufsperrdienst.de\/en\/locksmith-munich-dulferstrasse\/#primaryimage"},"image":{"@id":"https:\/\/www.amper-aufsperrdienst.de\/en\/locksmith-munich-dulferstrasse\/#primaryimage"},"thumbnailUrl":"https:\/\/www.amper-aufsperrdienst.de\/wp-content\/uploads\/2021\/03\/schluesseldienst-muenchen-duelferstrasse-festpreis-ab-52-siegel.jpg","datePublished":"2019-03-21T02:33:33+00:00","dateModified":"2026-01-28T06:54:08+00:00","description":"Our friendly and expert locksmith service in Munich D\u00fclferstra\u00dfe shines with non-destructive door opening, 24\/7 service and a fixed price guarantee.","breadcrumb":{"@id":"https:\/\/www.amper-aufsperrdienst.de\/en\/locksmith-munich-dulferstrasse\/#breadcrumb"},"inLanguage":"en-US","potentialAction":[{"@type":"ReadAction","target":["https:\/\/www.amper-aufsperrdienst.de\/en\/locksmith-munich-dulferstrasse\/"]}]},{"@type":"ImageObject","inLanguage":"en-US","@id":"https:\/\/www.amper-aufsperrdienst.de\/en\/locksmith-munich-dulferstrasse\/#primaryimage","url":"https:\/\/www.amper-aufsperrdienst.de\/wp-content\/uploads\/2021\/03\/schluesseldienst-muenchen-duelferstrasse-festpreis-ab-52-siegel.jpg","contentUrl":"https:\/\/www.amper-aufsperrdienst.de\/wp-content\/uploads\/2021\/03\/schluesseldienst-muenchen-duelferstrasse-festpreis-ab-52-siegel.jpg"},{"@type":"BreadcrumbList","@id":"https:\/\/www.amper-aufsperrdienst.de\/en\/locksmith-munich-dulferstrasse\/#breadcrumb","itemListElement":[{"@type":"ListItem","position":1,"name":"Home","item":"https:\/\/www.amper-aufsperrdienst.de\/en\/"},{"@type":"ListItem","position":2,"name":"Locksmith MUNICH D\u00dcLFERSTRASSE"}]},{"@type":"WebSite","@id":"https:\/\/www.amper-aufsperrdienst.de\/en\/#website","url":"https:\/\/www.amper-aufsperrdienst.de\/en\/","name":"Locksmith for Munich, Dachau and F\u00fcrstenfeldbruck","description":"Amper Aufsperrdienst","potentialAction":[{"@type":"SearchAction","target":{"@type":"EntryPoint","urlTemplate":"https:\/\/www.amper-aufsperrdienst.de\/en\/?s={search_term_string}"},"query-input":{"@type":"PropertyValueSpecification","valueRequired":true,"valueName":"search_term_string"}}],"inLanguage":"en-US"}]}},"_links":{"self":[{"href":"https:\/\/www.amper-aufsperrdienst.de\/en\/wp-json\/wp\/v2\/pages\/13030","targetHints":{"allow":["GET"]}}],"collection":[{"href":"https:\/\/www.amper-aufsperrdienst.de\/en\/wp-json\/wp\/v2\/pages"}],"about":[{"href":"https:\/\/www.amper-aufsperrdienst.de\/en\/wp-json\/wp\/v2\/types\/page"}],"author":[{"embeddable":true,"href":"https:\/\/www.amper-aufsperrdienst.de\/en\/wp-json\/wp\/v2\/users\/2"}],"replies":[{"embeddable":true,"href":"https:\/\/www.amper-aufsperrdienst.de\/en\/wp-json\/wp\/v2\/comments?post=13030"}],"version-history":[{"count":2,"href":"https:\/\/www.amper-aufsperrdienst.de\/en\/wp-json\/wp\/v2\/pages\/13030\/revisions"}],"predecessor-version":[{"id":14420,"href":"https:\/\/www.amper-aufsperrdienst.de\/en\/wp-json\/wp\/v2\/pages\/13030\/revisions\/14420"}],"wp:attachment":[{"href":"https:\/\/www.amper-aufsperrdienst.de\/en\/wp-json\/wp\/v2\/media?parent=13030"}],"curies":[{"name":"wp","href":"https:\/\/api.w.org\/{rel}","templated":true}]}}