{"id":13039,"date":"2019-03-21T04:29:01","date_gmt":"2019-03-21T02:29:01","guid":{"rendered":"https:\/\/www.amper-aufsperrdienst.de\/schluesseldienst-muenchen-dietlindenstrasse\/"},"modified":"2026-01-28T08:53:20","modified_gmt":"2026-01-28T06:53:20","slug":"locksmith-munich-dietlindenstrasse","status":"publish","type":"page","link":"https:\/\/www.amper-aufsperrdienst.de\/en\/locksmith-munich-dietlindenstrasse\/","title":{"rendered":"Locksmith MUNICH DIETLINDENSTRASSE"},"content":{"rendered":"<p><img loading=\"lazy\" decoding=\"async\" class=\"alignleft\" style=\"margin-bottom: 5px !important;\" src=\"https:\/\/www.amper-aufsperrdienst.de\/wp-content\/uploads\/2021\/03\/schluesseldienst-muenchen-dietlindenstrasse-festpreis-ab-52-siegel.jpg\" alt=\"Amper Locksmith Opening Service muenchen-dietlindenstrasse with fixed price from 52,- EUR\" width=\"250\" height=\"250\" \/>The purpose of a good door lock is to keep unwanted visitors out. But if you forget your key, or even break it off in the lock, you suddenly find yourself locked out. In this situation, only a professional locksmith can help prevent further damage. At Amper Locksmith Service, thanks to our many years of experience and high-quality specialized tools, we can almost guarantee that we can open your door without causing any damage, even if it has simply slammed shut. While locked doors are usually a bit more challenging, we often manage to open them without causing any damage.<\/p>\n<p>Even if you&#8217;re not locked out, it&#8217;s advisable to replace any faulty locks that are no longer functioning perfectly. Our security experts are also happy to advise you on burglary prevention and, upon request, install high-quality locking systems to secure your property.<\/p>\n          <!-- tarif -->\n<h2><b><span style=\"vertical-align: inherit;\"><span style=\"vertical-align: inherit;\">Our binding fixed prices start from \u20ac52.<\/span><\/span><\/b><\/h2>\n<p>Amper Locksmith Service is a fair locksmith service with transparent fixed prices:<\/p>\n<div class=\"table-title\">\n\tPRICE LIST  UNLOCK\n<\/div>\n<!-- Table part-->\n<table class=\"table\">\n  <thead class=\"header\">\n\t  <tr>\n     \t <th scope=\"col\">Time<\/th>\n     \t <th scope=\"col\">8 - 18<\/th>\n     \t <th scope=\"col\">18 - 22<\/th>\n     \t <th scope=\"col\">22 - 8<\/th>\n\t<\/tr>\n  <\/thead>\n  <tbody>\n     \t  <tr class=\"weekdays\">\n     \t  \t  <td class=\"tag\" data-label=\"Time\">Mo - Fr<\/td>\n     \t  \t  <td class=\"hrs tag\" data-label=\"8 - 18\">52,- \u20ac<\/td>\n     \t  \t  <td class=\"tag space\" data-label=\"18 - 22\">82,- \u20ac<\/td>\n     \t  \t  <td data-label=\"22 - 8\">95,- \u20ac<\/td>\n     \t  <\/tr>\n     <tr class=\"weekends\">\n     \t  \t  <td class=\"tag\" data-label=\"Time\">Sa<\/td>\n     \t  \t  <td class=\"tag\" data-label=\"8 - 18\">95,- \u20ac<\/td>\n     \t  \t  <td class=\"tag\" data-label=\"18 - 22\">95,- \u20ac<\/td>\n     \t  \t  <td data-label=\"22 - 8\">125,- \u20ac<\/td>\n     \t  <\/tr>\n     <tr class=\"holidays\">\n     \t  \t  <td class=\"tag\" data-label=\"Time\">So & holiday<\/td>\n     \t  \t  <td class=\"tag\" data-label=\"8 - 18\">125,- \u20ac<\/td>\n     \t  \t  <td class=\"tag\" data-label=\"18 - 22\">125,-\u20ac<\/td>\n     \t  \t  <td data-label=\"22 - 8\">125,-\u20ac<\/td>\n     \t  <\/tr>\n     <\/tbody>\n<\/table>\n<!-- Table Description-->\n<div class=\"table-description\">\n\t<em>Please call to inquire about travel costs.<\/em>\n<\/div>\n<!-- Wordings below -->\n<div class=\"wordings\">\n<p>The prices listed in this table are binding for unlocking a door that has slammed shut or been pulled shut (without self-locking mechanisms). Please feel free to contact us if you would like a price quote for other locksmith services. We will gladly provide you with a transparent, fixed-price offer.<\/p>\n<\/div>\n\n<!-- END Wordings -->\n\n\n\n<h2>Locksmith MUNICH DIETLINDENSTRASSE WITH 24\/7 EMERGENCY SERVICE<\/h2>\n<p>Simply replacing a lock because the old one isn&#8217;t working properly anymore isn&#8217;t urgent, of course. However, if you find yourself locked out, perhaps even in the middle of the night or on a public holiday, finding a solution quickly is crucial. After all, nobody wants to spend the night on the street. That&#8217;s why Amper Locksmith Service&#8217;s free emergency hotline is always available. No matter the time of day or day, we&#8217;re always ready to help. Based on our experience, we&#8217;ll be at your location on Dietlindenstra\u00dfe within 30 minutes of your call. We don&#8217;t have fixed business hours or waiting lists; our locksmiths are always ready to respond. If you need a locksmith for professional door opening quickly, Amper Locksmith Service is the right choice.<\/p>\n<h2>OUR FAIRLY CALCULATED FIXED PRICE<\/h2>\n<p>If you&#8217;re not a professional, it&#8217;s always difficult to assess what needs to be done and, more importantly, how much it will cost. To ensure our customers always feel confident and secure when they call Amper Locksmith Service, we&#8217;ve been operating with our proven fixed-price guarantee for three generations. During your initial contact, we&#8217;ll discuss the necessary work and the specific circumstances. We&#8217;ll then calculate a binding, all-inclusive price for you. This means you&#8217;ll know exactly what we&#8217;ll do and how much it will cost before our locksmiths even arrive at your location on Dietlindenstrasse. We guarantee the quoted fixed price and won&#8217;t charge you a single cent more. You can rest assured: with Amper Locksmith Service, there are no hidden costs, only a fair and guaranteed fixed price.<\/p>\n<h2>DIETLINDENSTRASSE IN MUNICH<\/h2>\n<p>Dietlindenstra\u00dfe is located in the Schwabing district of Munich. It begins at Potsdamer Stra\u00dfe, ends at Biedersteiner Stra\u00dfe, and then leads to Isarring. Its cross streets are Ungererstra\u00dfe, Kunigundenstra\u00dfe, and Klementinenstra\u00dfe. An Esso gas station, the Biederstein Clinic and Polyclinic for Dermatology and Allergology, and the Dietlindenstra\u00dfe U-Bahn station (U6 line) are located along the street.<\/p>\n<p>Do you need a reliable and professional locksmith for your property on Dietlindenstra\u00dfe? Amper Locksmith Service is always available via its free 24\/7 emergency hotline, will open your door without damage, and at a guaranteed fixed price. We look forward to helping you!<\/p>\n","protected":false},"excerpt":{"rendered":"<p>The purpose of a good door lock is to keep unwanted visitors out. But if you forget your key, or even break it off in the lock, you suddenly find yourself locked out. In this situation, only a professional locksmith can help prevent further damage. At Amper Locksmith Service, thanks to our many years of [&hellip;]<\/p>\n","protected":false},"author":2,"featured_media":0,"parent":0,"menu_order":0,"comment_status":"closed","ping_status":"closed","template":"","meta":{"footnotes":"","_links_to":"","_links_to_target":""},"class_list":["post-13039","page","type-page","status-publish","hentry"],"yoast_head":"<!-- This site is optimized with the Yoast SEO plugin v27.4 - https:\/\/yoast.com\/product\/yoast-seo-wordpress\/ -->\n<title>Locksmith Munich Dietlindenstra\u00dfe: from \u20ac52,- fixed price<\/title>\n<meta name=\"description\" content=\"Our experienced locksmith service in Munich Dietlindenstra\u00dfe performs non-destructive door openings with 24\/7 emergency service and a fixed price guarantee.\" \/>\n<meta name=\"robots\" content=\"index, follow, max-snippet:-1, max-image-preview:large, max-video-preview:-1\" \/>\n<link rel=\"canonical\" href=\"https:\/\/www.amper-aufsperrdienst.de\/en\/locksmith-munich-dietlindenstrasse\/\" \/>\n<meta property=\"og:locale\" content=\"en_US\" \/>\n<meta property=\"og:type\" content=\"article\" \/>\n<meta property=\"og:title\" content=\"Locksmith Munich Dietlindenstra\u00dfe: from \u20ac52,- fixed price\" \/>\n<meta property=\"og:description\" content=\"Our experienced locksmith service in Munich Dietlindenstra\u00dfe performs non-destructive door openings with 24\/7 emergency service and a fixed price guarantee.\" \/>\n<meta property=\"og:url\" content=\"https:\/\/www.amper-aufsperrdienst.de\/en\/locksmith-munich-dietlindenstrasse\/\" \/>\n<meta property=\"og:site_name\" content=\"Locksmith for Munich, Dachau and F\u00fcrstenfeldbruck\" \/>\n<meta property=\"article:modified_time\" content=\"2026-01-28T06:53:20+00:00\" \/>\n<meta property=\"og:image\" content=\"https:\/\/www.amper-aufsperrdienst.de\/wp-content\/uploads\/2021\/03\/schluesseldienst-muenchen-dietlindenstrasse-festpreis-ab-52-siegel.jpg\" \/>\n<meta name=\"twitter:label1\" content=\"Est. reading time\" \/>\n\t<meta name=\"twitter:data1\" content=\"4 minutes\" \/>\n<script type=\"application\/ld+json\" class=\"yoast-schema-graph\">{\"@context\":\"https:\\\/\\\/schema.org\",\"@graph\":[{\"@type\":\"WebPage\",\"@id\":\"https:\\\/\\\/www.amper-aufsperrdienst.de\\\/en\\\/locksmith-munich-dietlindenstrasse\\\/\",\"url\":\"https:\\\/\\\/www.amper-aufsperrdienst.de\\\/en\\\/locksmith-munich-dietlindenstrasse\\\/\",\"name\":\"Locksmith Munich Dietlindenstra\u00dfe: from \u20ac52,- fixed price\",\"isPartOf\":{\"@id\":\"https:\\\/\\\/www.amper-aufsperrdienst.de\\\/en\\\/#website\"},\"primaryImageOfPage\":{\"@id\":\"https:\\\/\\\/www.amper-aufsperrdienst.de\\\/en\\\/locksmith-munich-dietlindenstrasse\\\/#primaryimage\"},\"image\":{\"@id\":\"https:\\\/\\\/www.amper-aufsperrdienst.de\\\/en\\\/locksmith-munich-dietlindenstrasse\\\/#primaryimage\"},\"thumbnailUrl\":\"https:\\\/\\\/www.amper-aufsperrdienst.de\\\/wp-content\\\/uploads\\\/2021\\\/03\\\/schluesseldienst-muenchen-dietlindenstrasse-festpreis-ab-52-siegel.jpg\",\"datePublished\":\"2019-03-21T02:29:01+00:00\",\"dateModified\":\"2026-01-28T06:53:20+00:00\",\"description\":\"Our experienced locksmith service in Munich Dietlindenstra\u00dfe performs non-destructive door openings with 24\\\/7 emergency service and a fixed price guarantee.\",\"breadcrumb\":{\"@id\":\"https:\\\/\\\/www.amper-aufsperrdienst.de\\\/en\\\/locksmith-munich-dietlindenstrasse\\\/#breadcrumb\"},\"inLanguage\":\"en-US\",\"potentialAction\":[{\"@type\":\"ReadAction\",\"target\":[\"https:\\\/\\\/www.amper-aufsperrdienst.de\\\/en\\\/locksmith-munich-dietlindenstrasse\\\/\"]}]},{\"@type\":\"ImageObject\",\"inLanguage\":\"en-US\",\"@id\":\"https:\\\/\\\/www.amper-aufsperrdienst.de\\\/en\\\/locksmith-munich-dietlindenstrasse\\\/#primaryimage\",\"url\":\"https:\\\/\\\/www.amper-aufsperrdienst.de\\\/wp-content\\\/uploads\\\/2021\\\/03\\\/schluesseldienst-muenchen-dietlindenstrasse-festpreis-ab-52-siegel.jpg\",\"contentUrl\":\"https:\\\/\\\/www.amper-aufsperrdienst.de\\\/wp-content\\\/uploads\\\/2021\\\/03\\\/schluesseldienst-muenchen-dietlindenstrasse-festpreis-ab-52-siegel.jpg\"},{\"@type\":\"BreadcrumbList\",\"@id\":\"https:\\\/\\\/www.amper-aufsperrdienst.de\\\/en\\\/locksmith-munich-dietlindenstrasse\\\/#breadcrumb\",\"itemListElement\":[{\"@type\":\"ListItem\",\"position\":1,\"name\":\"Home\",\"item\":\"https:\\\/\\\/www.amper-aufsperrdienst.de\\\/en\\\/\"},{\"@type\":\"ListItem\",\"position\":2,\"name\":\"Locksmith MUNICH DIETLINDENSTRASSE\"}]},{\"@type\":\"WebSite\",\"@id\":\"https:\\\/\\\/www.amper-aufsperrdienst.de\\\/en\\\/#website\",\"url\":\"https:\\\/\\\/www.amper-aufsperrdienst.de\\\/en\\\/\",\"name\":\"Locksmith for Munich, Dachau and F\u00fcrstenfeldbruck\",\"description\":\"Amper Aufsperrdienst\",\"potentialAction\":[{\"@type\":\"SearchAction\",\"target\":{\"@type\":\"EntryPoint\",\"urlTemplate\":\"https:\\\/\\\/www.amper-aufsperrdienst.de\\\/en\\\/?s={search_term_string}\"},\"query-input\":{\"@type\":\"PropertyValueSpecification\",\"valueRequired\":true,\"valueName\":\"search_term_string\"}}],\"inLanguage\":\"en-US\"}]}<\/script>\n<!-- \/ Yoast SEO plugin. -->","yoast_head_json":{"title":"Locksmith Munich Dietlindenstra\u00dfe: from \u20ac52,- fixed price","description":"Our experienced locksmith service in Munich Dietlindenstra\u00dfe performs non-destructive door openings with 24\/7 emergency service and a fixed price guarantee.","robots":{"index":"index","follow":"follow","max-snippet":"max-snippet:-1","max-image-preview":"max-image-preview:large","max-video-preview":"max-video-preview:-1"},"canonical":"https:\/\/www.amper-aufsperrdienst.de\/en\/locksmith-munich-dietlindenstrasse\/","og_locale":"en_US","og_type":"article","og_title":"Locksmith Munich Dietlindenstra\u00dfe: from \u20ac52,- fixed price","og_description":"Our experienced locksmith service in Munich Dietlindenstra\u00dfe performs non-destructive door openings with 24\/7 emergency service and a fixed price guarantee.","og_url":"https:\/\/www.amper-aufsperrdienst.de\/en\/locksmith-munich-dietlindenstrasse\/","og_site_name":"Locksmith for Munich, Dachau and F\u00fcrstenfeldbruck","article_modified_time":"2026-01-28T06:53:20+00:00","og_image":[{"url":"https:\/\/www.amper-aufsperrdienst.de\/wp-content\/uploads\/2021\/03\/schluesseldienst-muenchen-dietlindenstrasse-festpreis-ab-52-siegel.jpg","type":"","width":"","height":""}],"twitter_misc":{"Est. reading time":"4 minutes"},"schema":{"@context":"https:\/\/schema.org","@graph":[{"@type":"WebPage","@id":"https:\/\/www.amper-aufsperrdienst.de\/en\/locksmith-munich-dietlindenstrasse\/","url":"https:\/\/www.amper-aufsperrdienst.de\/en\/locksmith-munich-dietlindenstrasse\/","name":"Locksmith Munich Dietlindenstra\u00dfe: from \u20ac52,- fixed price","isPartOf":{"@id":"https:\/\/www.amper-aufsperrdienst.de\/en\/#website"},"primaryImageOfPage":{"@id":"https:\/\/www.amper-aufsperrdienst.de\/en\/locksmith-munich-dietlindenstrasse\/#primaryimage"},"image":{"@id":"https:\/\/www.amper-aufsperrdienst.de\/en\/locksmith-munich-dietlindenstrasse\/#primaryimage"},"thumbnailUrl":"https:\/\/www.amper-aufsperrdienst.de\/wp-content\/uploads\/2021\/03\/schluesseldienst-muenchen-dietlindenstrasse-festpreis-ab-52-siegel.jpg","datePublished":"2019-03-21T02:29:01+00:00","dateModified":"2026-01-28T06:53:20+00:00","description":"Our experienced locksmith service in Munich Dietlindenstra\u00dfe performs non-destructive door openings with 24\/7 emergency service and a fixed price guarantee.","breadcrumb":{"@id":"https:\/\/www.amper-aufsperrdienst.de\/en\/locksmith-munich-dietlindenstrasse\/#breadcrumb"},"inLanguage":"en-US","potentialAction":[{"@type":"ReadAction","target":["https:\/\/www.amper-aufsperrdienst.de\/en\/locksmith-munich-dietlindenstrasse\/"]}]},{"@type":"ImageObject","inLanguage":"en-US","@id":"https:\/\/www.amper-aufsperrdienst.de\/en\/locksmith-munich-dietlindenstrasse\/#primaryimage","url":"https:\/\/www.amper-aufsperrdienst.de\/wp-content\/uploads\/2021\/03\/schluesseldienst-muenchen-dietlindenstrasse-festpreis-ab-52-siegel.jpg","contentUrl":"https:\/\/www.amper-aufsperrdienst.de\/wp-content\/uploads\/2021\/03\/schluesseldienst-muenchen-dietlindenstrasse-festpreis-ab-52-siegel.jpg"},{"@type":"BreadcrumbList","@id":"https:\/\/www.amper-aufsperrdienst.de\/en\/locksmith-munich-dietlindenstrasse\/#breadcrumb","itemListElement":[{"@type":"ListItem","position":1,"name":"Home","item":"https:\/\/www.amper-aufsperrdienst.de\/en\/"},{"@type":"ListItem","position":2,"name":"Locksmith MUNICH DIETLINDENSTRASSE"}]},{"@type":"WebSite","@id":"https:\/\/www.amper-aufsperrdienst.de\/en\/#website","url":"https:\/\/www.amper-aufsperrdienst.de\/en\/","name":"Locksmith for Munich, Dachau and F\u00fcrstenfeldbruck","description":"Amper Aufsperrdienst","potentialAction":[{"@type":"SearchAction","target":{"@type":"EntryPoint","urlTemplate":"https:\/\/www.amper-aufsperrdienst.de\/en\/?s={search_term_string}"},"query-input":{"@type":"PropertyValueSpecification","valueRequired":true,"valueName":"search_term_string"}}],"inLanguage":"en-US"}]}},"_links":{"self":[{"href":"https:\/\/www.amper-aufsperrdienst.de\/en\/wp-json\/wp\/v2\/pages\/13039","targetHints":{"allow":["GET"]}}],"collection":[{"href":"https:\/\/www.amper-aufsperrdienst.de\/en\/wp-json\/wp\/v2\/pages"}],"about":[{"href":"https:\/\/www.amper-aufsperrdienst.de\/en\/wp-json\/wp\/v2\/types\/page"}],"author":[{"embeddable":true,"href":"https:\/\/www.amper-aufsperrdienst.de\/en\/wp-json\/wp\/v2\/users\/2"}],"replies":[{"embeddable":true,"href":"https:\/\/www.amper-aufsperrdienst.de\/en\/wp-json\/wp\/v2\/comments?post=13039"}],"version-history":[{"count":2,"href":"https:\/\/www.amper-aufsperrdienst.de\/en\/wp-json\/wp\/v2\/pages\/13039\/revisions"}],"predecessor-version":[{"id":14417,"href":"https:\/\/www.amper-aufsperrdienst.de\/en\/wp-json\/wp\/v2\/pages\/13039\/revisions\/14417"}],"wp:attachment":[{"href":"https:\/\/www.amper-aufsperrdienst.de\/en\/wp-json\/wp\/v2\/media?parent=13039"}],"curies":[{"name":"wp","href":"https:\/\/api.w.org\/{rel}","templated":true}]}}