{"id":13088,"date":"2017-12-01T08:23:53","date_gmt":"2017-12-01T06:23:53","guid":{"rendered":"https:\/\/www.amper-aufsperrdienst.de\/schluesseldienst-feldafing\/"},"modified":"2026-01-27T10:23:03","modified_gmt":"2026-01-27T08:23:03","slug":"locksmith-feldafing","status":"publish","type":"page","link":"https:\/\/www.amper-aufsperrdienst.de\/en\/locksmith-feldafing\/","title":{"rendered":"Locksmith Feldafing"},"content":{"rendered":"<p><img loading=\"lazy\" decoding=\"async\" class=\"alignleft\" style=\"margin-bottom: 5px !important;\" src=\"https:\/\/www.amper-aufsperrdienst.de\/wp-content\/uploads\/2021\/03\/schluesseldienst-feldafing-festpreis-ab-52-siegel.jpg\" alt=\"Locksmith Amper - Locksmith Feldafing with a fixed price starting from \u20ac52.\" width=\"250\" height=\"250\" \/><\/p>\n<p>Locking yourself out isn&#8217;t the end of the world, especially since professional locksmith services like Amper Locksmith Service are available. If you urgently need an emergency locksmith in Feldafing to unlock your locked or jammed front door for a fixed price, you&#8217;ve come to the right place! We&#8217;ve been serving Feldafing as a locksmith service for three generations and have extensive expertise and experience. Our emergency hotline is free and available 24\/7. So don&#8217;t hesitate to call us, even on Sundays or public holidays, if you urgently need our help!<\/p>\n          <!-- tarif -->\n<h2><b><span style=\"vertical-align: inherit;\"><span style=\"vertical-align: inherit;\">Our binding fixed prices start from \u20ac52.<\/span><\/span><\/b><\/h2>\n<p>Amper Locksmith Service is a fair locksmith service with transparent fixed prices:<\/p>\n<div class=\"table-title\">\n\tPRICE LIST  UNLOCK\n<\/div>\n<!-- Table part-->\n<table class=\"table\">\n  <thead class=\"header\">\n\t  <tr>\n     \t <th scope=\"col\">Time<\/th>\n     \t <th scope=\"col\">8 - 18<\/th>\n     \t <th scope=\"col\">18 - 22<\/th>\n     \t <th scope=\"col\">22 - 8<\/th>\n\t<\/tr>\n  <\/thead>\n  <tbody>\n     \t  <tr class=\"weekdays\">\n     \t  \t  <td class=\"tag\" data-label=\"Time\">Mo - Fr<\/td>\n     \t  \t  <td class=\"hrs tag\" data-label=\"8 - 18\">52,- \u20ac<\/td>\n     \t  \t  <td class=\"tag space\" data-label=\"18 - 22\">82,- \u20ac<\/td>\n     \t  \t  <td data-label=\"22 - 8\">95,- \u20ac<\/td>\n     \t  <\/tr>\n     <tr class=\"weekends\">\n     \t  \t  <td class=\"tag\" data-label=\"Time\">Sa<\/td>\n     \t  \t  <td class=\"tag\" data-label=\"8 - 18\">95,- \u20ac<\/td>\n     \t  \t  <td class=\"tag\" data-label=\"18 - 22\">95,- \u20ac<\/td>\n     \t  \t  <td data-label=\"22 - 8\">125,- \u20ac<\/td>\n     \t  <\/tr>\n     <tr class=\"holidays\">\n     \t  \t  <td class=\"tag\" data-label=\"Time\">So & holiday<\/td>\n     \t  \t  <td class=\"tag\" data-label=\"8 - 18\">125,- \u20ac<\/td>\n     \t  \t  <td class=\"tag\" data-label=\"18 - 22\">125,-\u20ac<\/td>\n     \t  \t  <td data-label=\"22 - 8\">125,-\u20ac<\/td>\n     \t  <\/tr>\n     <\/tbody>\n<\/table>\n<!-- Table Description-->\n<div class=\"table-description\">\n\t<em>Please call to inquire about travel costs.<\/em>\n<\/div>\n<!-- Wordings below -->\n<div class=\"wordings\">\n<p>The prices listed in this table are binding for unlocking a door that has slammed shut or been pulled shut (without self-locking mechanisms). Please feel free to contact us if you would like a price quote for other locksmith services. We will gladly provide you with a transparent, fixed-price offer.<\/p>\n<\/div>\n\n<!-- END Wordings -->\n\n\n\n<div class=\"ansprech\">Locksmith Feldafing with friendly staff<br \/>\n<h3 class=\"phone mobilesOnly\"><a href=\"tel:+498000131131\">0800 \/ 0 131 131<\/a><\/h3><h3 class=\"phone desktopOnly\"><a href=\"tel:+498000131131\">0800 \/ 0 131 131<\/a><\/h3>Fast, non-destructive &#038; at a low fixed price<\/div>\n<h2>The municipality of Feldafing in the district of Starnberg<\/h2>\n<p>The municipality of Feldafing is located directly on Lake Starnberg and belongs to the Upper Bavarian district of Starnberg. The town lies approximately 650 meters above the lake&#8217;s surface and offers a beautiful panoramic view. A section of the Alps can also be clearly seen from here. Feldafing has around 4,300 inhabitants. The postal code is 82340, and the two area codes are 08157 and 08158.<\/p>\n<p>The beautiful municipality of Feldafing consists of the following districts: Feldafing, Garatshausen, Wieling, and W\u00f6rth (with Rose Island).<\/p>\n<p>Feldafing&#8217;s two neighboring municipalities are Tutzing to the south and southwest, and P\u00f6cking to the west and north. The beautiful Lake Starnberg lies to the east of the town.<\/p>\n<h2>Locksmith Feldafing: Non-destructive door opening at a fixed price<\/h2>\n<p>Have you accidentally locked yourself out in Feldafing, Garatshausen, Wieling, or W\u00f6rth and are looking for a fast locksmith service that can open your door non-destructively at a fixed price? Feel free to call us and let us give you a fair fixed-price quote. As experienced locksmiths in Feldafing, we guarantee the prices we quote over the phone, as customer satisfaction has been our top priority for three generations. We don&#8217;t use any tricks on the phone to get you to hire us. Trust in our high-quality service: there are absolutely no hidden costs with us!<\/p>\n<h2>Proof of Identification Required for Door Opening<\/h2>\n<p>Since we strive for the utmost professionalism not only when opening doors, but in all aspects of our work, we would like to point out that we will only unlock locked or jammed doors for you without causing damage if you can clearly prove your authorization to do so. Without sufficient proof of authorization, we can only open your door in the presence of police officers. We ask for your understanding regarding this procedure! We simply do not want to inadvertently assist thieves and burglars in gaining access to other people&#8217;s properties. Thieves can be very resourceful, which is why we must be extremely careful!<\/p>\n<h2>24\/7 Service for Feldafing<\/h2>\n<p>As a reputable locksmith service, it&#8217;s important to us to be available around the clock for the residents of Feldafing. We work not only during normal business hours on weekdays, but especially when many other locksmiths are unavailable. So, if you happen to be locked out late at night or on a public holiday, that&#8217;s really no problem for the experts at Amper Locksmith Service. We offer non-destructive door openings at a fixed price at any time, even on Easter or Christmas.<\/p>\n<p>Do you need a professional locksmith in Feldafing as quickly as possible, one who is available at any time and offers fair fixed prices for their services? You&#8217;ve come to the right place. Simply call us free of charge and receive transparent advice from one of our professional locksmiths!<\/p>\n<div class=\"ansprech\">Locksmith in Feldafing with friendly staff<br \/>\n<h3 class=\"phone mobilesOnly\"><a href=\"tel:+498000131131\">0800 \/ 0 131 131<\/a><\/h3><h3 class=\"phone desktopOnly\"><a href=\"tel:+498000131131\">0800 \/ 0 131 131<\/a><\/h3>Fast, non-destructive &#038; at a low fixed price<\/div>\n","protected":false},"excerpt":{"rendered":"<p>Locking yourself out isn&#8217;t the end of the world, especially since professional locksmith services like Amper Locksmith Service are available. If you urgently need an emergency locksmith in Feldafing to unlock your locked or jammed front door for a fixed price, you&#8217;ve come to the right place! We&#8217;ve been serving Feldafing as a locksmith service [&hellip;]<\/p>\n","protected":false},"author":2,"featured_media":11802,"parent":0,"menu_order":0,"comment_status":"closed","ping_status":"closed","template":"","meta":{"footnotes":"","_links_to":"","_links_to_target":""},"class_list":["post-13088","page","type-page","status-publish","has-post-thumbnail","hentry"],"yoast_head":"<!-- This site is optimized with the Yoast SEO plugin v27.4 - https:\/\/yoast.com\/product\/yoast-seo-wordpress\/ -->\n<title>Locksmith Feldafing: from \u20ac52,- fixed price (binding)<\/title>\n<meta name=\"description\" content=\"Professional locksmith service in Feldafing with fixed price guarantee and fast 24-hour emergency service: Door openings without damage, even at night and on public holidays.\" \/>\n<meta name=\"robots\" content=\"index, follow, max-snippet:-1, max-image-preview:large, max-video-preview:-1\" \/>\n<link rel=\"canonical\" href=\"https:\/\/www.amper-aufsperrdienst.de\/en\/locksmith-feldafing\/\" \/>\n<meta property=\"og:locale\" content=\"en_US\" \/>\n<meta property=\"og:type\" content=\"article\" \/>\n<meta property=\"og:title\" content=\"Locksmith Feldafing: from \u20ac52,- fixed price (binding)\" \/>\n<meta property=\"og:description\" content=\"Professional locksmith service in Feldafing with fixed price guarantee and fast 24-hour emergency service: Door openings without damage, even at night and on public holidays.\" \/>\n<meta property=\"og:url\" content=\"https:\/\/www.amper-aufsperrdienst.de\/en\/locksmith-feldafing\/\" \/>\n<meta property=\"og:site_name\" content=\"Locksmith for Munich, Dachau and F\u00fcrstenfeldbruck\" \/>\n<meta property=\"article:modified_time\" content=\"2026-01-27T08:23:03+00:00\" \/>\n<meta property=\"og:image\" content=\"https:\/\/www.amper-aufsperrdienst.de\/wp-content\/uploads\/2014\/12\/header-starnberg.jpg\" \/>\n\t<meta property=\"og:image:width\" content=\"960\" \/>\n\t<meta property=\"og:image:height\" content=\"360\" \/>\n\t<meta property=\"og:image:type\" content=\"image\/jpeg\" \/>\n<meta name=\"twitter:label1\" content=\"Est. reading time\" \/>\n\t<meta name=\"twitter:data1\" content=\"4 minutes\" \/>\n<script type=\"application\/ld+json\" class=\"yoast-schema-graph\">{\"@context\":\"https:\\\/\\\/schema.org\",\"@graph\":[{\"@type\":\"WebPage\",\"@id\":\"https:\\\/\\\/www.amper-aufsperrdienst.de\\\/en\\\/locksmith-feldafing\\\/\",\"url\":\"https:\\\/\\\/www.amper-aufsperrdienst.de\\\/en\\\/locksmith-feldafing\\\/\",\"name\":\"Locksmith Feldafing: from \u20ac52,- fixed price (binding)\",\"isPartOf\":{\"@id\":\"https:\\\/\\\/www.amper-aufsperrdienst.de\\\/en\\\/#website\"},\"primaryImageOfPage\":{\"@id\":\"https:\\\/\\\/www.amper-aufsperrdienst.de\\\/en\\\/locksmith-feldafing\\\/#primaryimage\"},\"image\":{\"@id\":\"https:\\\/\\\/www.amper-aufsperrdienst.de\\\/en\\\/locksmith-feldafing\\\/#primaryimage\"},\"thumbnailUrl\":\"https:\\\/\\\/www.amper-aufsperrdienst.de\\\/wp-content\\\/uploads\\\/2014\\\/12\\\/header-starnberg.jpg\",\"datePublished\":\"2017-12-01T06:23:53+00:00\",\"dateModified\":\"2026-01-27T08:23:03+00:00\",\"description\":\"Professional locksmith service in Feldafing with fixed price guarantee and fast 24-hour emergency service: Door openings without damage, even at night and on public holidays.\",\"breadcrumb\":{\"@id\":\"https:\\\/\\\/www.amper-aufsperrdienst.de\\\/en\\\/locksmith-feldafing\\\/#breadcrumb\"},\"inLanguage\":\"en-US\",\"potentialAction\":[{\"@type\":\"ReadAction\",\"target\":[\"https:\\\/\\\/www.amper-aufsperrdienst.de\\\/en\\\/locksmith-feldafing\\\/\"]}]},{\"@type\":\"ImageObject\",\"inLanguage\":\"en-US\",\"@id\":\"https:\\\/\\\/www.amper-aufsperrdienst.de\\\/en\\\/locksmith-feldafing\\\/#primaryimage\",\"url\":\"https:\\\/\\\/www.amper-aufsperrdienst.de\\\/wp-content\\\/uploads\\\/2014\\\/12\\\/header-starnberg.jpg\",\"contentUrl\":\"https:\\\/\\\/www.amper-aufsperrdienst.de\\\/wp-content\\\/uploads\\\/2014\\\/12\\\/header-starnberg.jpg\",\"width\":960,\"height\":360,\"caption\":\"Schl\u00fcsseldienst f\u00fcr Krailling \u2013 Schnelle T\u00fcr\u00f6ffnung im W\u00fcrmtal \u2013 Einbruchschutz-Experten vom Amper Aufsperrdienst\"},{\"@type\":\"BreadcrumbList\",\"@id\":\"https:\\\/\\\/www.amper-aufsperrdienst.de\\\/en\\\/locksmith-feldafing\\\/#breadcrumb\",\"itemListElement\":[{\"@type\":\"ListItem\",\"position\":1,\"name\":\"Home\",\"item\":\"https:\\\/\\\/www.amper-aufsperrdienst.de\\\/en\\\/\"},{\"@type\":\"ListItem\",\"position\":2,\"name\":\"Locksmith Feldafing\"}]},{\"@type\":\"WebSite\",\"@id\":\"https:\\\/\\\/www.amper-aufsperrdienst.de\\\/en\\\/#website\",\"url\":\"https:\\\/\\\/www.amper-aufsperrdienst.de\\\/en\\\/\",\"name\":\"Locksmith for Munich, Dachau and F\u00fcrstenfeldbruck\",\"description\":\"Amper Aufsperrdienst\",\"potentialAction\":[{\"@type\":\"SearchAction\",\"target\":{\"@type\":\"EntryPoint\",\"urlTemplate\":\"https:\\\/\\\/www.amper-aufsperrdienst.de\\\/en\\\/?s={search_term_string}\"},\"query-input\":{\"@type\":\"PropertyValueSpecification\",\"valueRequired\":true,\"valueName\":\"search_term_string\"}}],\"inLanguage\":\"en-US\"}]}<\/script>\n<!-- \/ Yoast SEO plugin. -->","yoast_head_json":{"title":"Locksmith Feldafing: from \u20ac52,- fixed price (binding)","description":"Professional locksmith service in Feldafing with fixed price guarantee and fast 24-hour emergency service: Door openings without damage, even at night and on public holidays.","robots":{"index":"index","follow":"follow","max-snippet":"max-snippet:-1","max-image-preview":"max-image-preview:large","max-video-preview":"max-video-preview:-1"},"canonical":"https:\/\/www.amper-aufsperrdienst.de\/en\/locksmith-feldafing\/","og_locale":"en_US","og_type":"article","og_title":"Locksmith Feldafing: from \u20ac52,- fixed price (binding)","og_description":"Professional locksmith service in Feldafing with fixed price guarantee and fast 24-hour emergency service: Door openings without damage, even at night and on public holidays.","og_url":"https:\/\/www.amper-aufsperrdienst.de\/en\/locksmith-feldafing\/","og_site_name":"Locksmith for Munich, Dachau and F\u00fcrstenfeldbruck","article_modified_time":"2026-01-27T08:23:03+00:00","og_image":[{"width":960,"height":360,"url":"https:\/\/www.amper-aufsperrdienst.de\/wp-content\/uploads\/2014\/12\/header-starnberg.jpg","type":"image\/jpeg"}],"twitter_misc":{"Est. reading time":"4 minutes"},"schema":{"@context":"https:\/\/schema.org","@graph":[{"@type":"WebPage","@id":"https:\/\/www.amper-aufsperrdienst.de\/en\/locksmith-feldafing\/","url":"https:\/\/www.amper-aufsperrdienst.de\/en\/locksmith-feldafing\/","name":"Locksmith Feldafing: from \u20ac52,- fixed price (binding)","isPartOf":{"@id":"https:\/\/www.amper-aufsperrdienst.de\/en\/#website"},"primaryImageOfPage":{"@id":"https:\/\/www.amper-aufsperrdienst.de\/en\/locksmith-feldafing\/#primaryimage"},"image":{"@id":"https:\/\/www.amper-aufsperrdienst.de\/en\/locksmith-feldafing\/#primaryimage"},"thumbnailUrl":"https:\/\/www.amper-aufsperrdienst.de\/wp-content\/uploads\/2014\/12\/header-starnberg.jpg","datePublished":"2017-12-01T06:23:53+00:00","dateModified":"2026-01-27T08:23:03+00:00","description":"Professional locksmith service in Feldafing with fixed price guarantee and fast 24-hour emergency service: Door openings without damage, even at night and on public holidays.","breadcrumb":{"@id":"https:\/\/www.amper-aufsperrdienst.de\/en\/locksmith-feldafing\/#breadcrumb"},"inLanguage":"en-US","potentialAction":[{"@type":"ReadAction","target":["https:\/\/www.amper-aufsperrdienst.de\/en\/locksmith-feldafing\/"]}]},{"@type":"ImageObject","inLanguage":"en-US","@id":"https:\/\/www.amper-aufsperrdienst.de\/en\/locksmith-feldafing\/#primaryimage","url":"https:\/\/www.amper-aufsperrdienst.de\/wp-content\/uploads\/2014\/12\/header-starnberg.jpg","contentUrl":"https:\/\/www.amper-aufsperrdienst.de\/wp-content\/uploads\/2014\/12\/header-starnberg.jpg","width":960,"height":360,"caption":"Schl\u00fcsseldienst f\u00fcr Krailling \u2013 Schnelle T\u00fcr\u00f6ffnung im W\u00fcrmtal \u2013 Einbruchschutz-Experten vom Amper Aufsperrdienst"},{"@type":"BreadcrumbList","@id":"https:\/\/www.amper-aufsperrdienst.de\/en\/locksmith-feldafing\/#breadcrumb","itemListElement":[{"@type":"ListItem","position":1,"name":"Home","item":"https:\/\/www.amper-aufsperrdienst.de\/en\/"},{"@type":"ListItem","position":2,"name":"Locksmith Feldafing"}]},{"@type":"WebSite","@id":"https:\/\/www.amper-aufsperrdienst.de\/en\/#website","url":"https:\/\/www.amper-aufsperrdienst.de\/en\/","name":"Locksmith for Munich, Dachau and F\u00fcrstenfeldbruck","description":"Amper Aufsperrdienst","potentialAction":[{"@type":"SearchAction","target":{"@type":"EntryPoint","urlTemplate":"https:\/\/www.amper-aufsperrdienst.de\/en\/?s={search_term_string}"},"query-input":{"@type":"PropertyValueSpecification","valueRequired":true,"valueName":"search_term_string"}}],"inLanguage":"en-US"}]}},"_links":{"self":[{"href":"https:\/\/www.amper-aufsperrdienst.de\/en\/wp-json\/wp\/v2\/pages\/13088","targetHints":{"allow":["GET"]}}],"collection":[{"href":"https:\/\/www.amper-aufsperrdienst.de\/en\/wp-json\/wp\/v2\/pages"}],"about":[{"href":"https:\/\/www.amper-aufsperrdienst.de\/en\/wp-json\/wp\/v2\/types\/page"}],"author":[{"embeddable":true,"href":"https:\/\/www.amper-aufsperrdienst.de\/en\/wp-json\/wp\/v2\/users\/2"}],"replies":[{"embeddable":true,"href":"https:\/\/www.amper-aufsperrdienst.de\/en\/wp-json\/wp\/v2\/comments?post=13088"}],"version-history":[{"count":2,"href":"https:\/\/www.amper-aufsperrdienst.de\/en\/wp-json\/wp\/v2\/pages\/13088\/revisions"}],"predecessor-version":[{"id":13260,"href":"https:\/\/www.amper-aufsperrdienst.de\/en\/wp-json\/wp\/v2\/pages\/13088\/revisions\/13260"}],"wp:featuredmedia":[{"embeddable":true,"href":"https:\/\/www.amper-aufsperrdienst.de\/en\/wp-json\/wp\/v2\/media\/11802"}],"wp:attachment":[{"href":"https:\/\/www.amper-aufsperrdienst.de\/en\/wp-json\/wp\/v2\/media?parent=13088"}],"curies":[{"name":"wp","href":"https:\/\/api.w.org\/{rel}","templated":true}]}}