{"id":13105,"date":"2017-12-26T14:46:44","date_gmt":"2017-12-26T12:46:44","guid":{"rendered":"https:\/\/www.amper-aufsperrdienst.de\/locksmith-munich-pasinger-marienplatz\/"},"modified":"2026-02-11T09:05:45","modified_gmt":"2026-02-11T07:05:45","slug":"locksmith-munich-pasinger-marienplatz","status":"publish","type":"page","link":"https:\/\/www.amper-aufsperrdienst.de\/en\/locksmith-munich-pasinger-marienplatz\/","title":{"rendered":"Locksmith Munich Pasinger Marienplatz"},"content":{"rendered":"<p><img loading=\"lazy\" decoding=\"async\" class=\"alignleft\" style=\"margin-bottom: 5px !important;\" src=\"https:\/\/www.amper-aufsperrdienst.de\/wp-content\/uploads\/2021\/03\/schluesseldienst-muenchen-pasinger-marienplatz-festpreis-ab-52-siegel.jpg\" alt=\"Amper Locksmith Opening Service muenchen-pasinger-marienplatz with fixed price from 52,- EUR\" width=\"250\" height=\"250\" \/><\/p>\n<p>Have you locked yourself out and tried everything to get back into your house or apartment near Pasing&#8217;s Marienplatz? You almost never forget your key, but today just isn&#8217;t your day? It happens to the best of us, and don&#8217;t panic. Amper Locksmith Service can help quickly and reliably! Just give us a call, and \u2013 day or night \u2013 one of our competent and friendly locksmiths will be there.<\/p>\n<h2>Pasing&#8217;s Marienplatz in Munich<\/h2>\n<div id=\"attachment_9803\" style=\"width: 600px\" class=\"wp-caption alignnone\"><img decoding=\"async\" aria-describedby=\"caption-attachment-9803\" class=\"wp-image-9803 size-large\" src=\"https:\/\/www.amper-aufsperrdienst.de\/wp-content\/uploads\/2024\/01\/pasinger-marienplatz_img-1024x768.webp\" alt=\"Pasing Marienplatz with Marian column\" width=\"590\" srcset=\"https:\/\/www.amper-aufsperrdienst.de\/wp-content\/uploads\/2024\/01\/pasinger-marienplatz_img-1024x768.webp 1024w, https:\/\/www.amper-aufsperrdienst.de\/wp-content\/uploads\/2024\/01\/pasinger-marienplatz_img-300x225.webp 300w, https:\/\/www.amper-aufsperrdienst.de\/wp-content\/uploads\/2024\/01\/pasinger-marienplatz_img-768x576.webp 768w, https:\/\/www.amper-aufsperrdienst.de\/wp-content\/uploads\/2024\/01\/pasinger-marienplatz_img-1536x1152.webp 1536w, https:\/\/www.amper-aufsperrdienst.de\/wp-content\/uploads\/2024\/01\/pasinger-marienplatz_img-480x360.webp 480w, https:\/\/www.amper-aufsperrdienst.de\/wp-content\/uploads\/2024\/01\/pasinger-marienplatz_img-146x109.webp 146w, https:\/\/www.amper-aufsperrdienst.de\/wp-content\/uploads\/2024\/01\/pasinger-marienplatz_img.webp 1806w\" sizes=\"(max-width: 1024px) 100vw, 1024px\" \/><p id=\"caption-attachment-9803\" class=\"wp-caption-text\">At Pasinger Marienplatz, Planegger Stra\u00dfe, Bodenseestra\u00dfe, Gleichmannstra\u00dfe and Landsberger Stra\u00dfe converge on the Marian column.<\/p><\/div>\n<p>It is irrelevant whether you locked yourself out directly at Pasing&#8217;s Marienplatz or in the surrounding area. Pasing&#8217;s Marienplatz itself has undergone extensive renovations in recent years and is now unrecognizable. It was indeed redesigned following the modeled after <a href=\"https:\/\/www.amper-aufsperrdienst.de\/en\/locksmith-munich-marienplatz\/\">Munich&#8217;s Marienplatz<\/a>, but should not be confused with it. Therefore, the more precise location name was added to its name.<\/p>\n<p>An important feature is the well-known Marian column, which, although it disappeared for a time, can now be found again a little further north; to the south is the Institute of the English Ladies. The redesign of Pasing&#8217;s Marienplatz has led to a significant reduction in the traffic congestion that had been increasing for years and can therefore be considered a success \u2013 even if some critics would like to see a bit more &#8220;life.&#8221;<\/p>\n<p>Among the most important streets around the central Marienplatz in <a href=\"https:\/\/www.amper-aufsperrdienst.de\/en\/locksmith-munich-pasing\/\">Passing<\/a> These include Bodenseestra\u00dfe, Landsberger Stra\u00dfe, Planegger Stra\u00dfe as well as the smaller streets Bachbauernstra\u00dfe, Institutstra\u00dfe, Ebenb\u00f6ckstra\u00dfe, Gleichmannstra\u00dfe, Spiegelstra\u00dfe and Am Sch\u00fctzeneck.<\/p>\n          <!-- tarif -->\n<h2><b><span style=\"vertical-align: inherit;\"><span style=\"vertical-align: inherit;\">Our binding fixed prices start from \u20ac52.<\/span><\/span><\/b><\/h2>\n<p>Amper Locksmith Service is a fair locksmith service with transparent fixed prices:<\/p>\n<div class=\"table-title\">\n\tPRICE LIST  UNLOCK\n<\/div>\n<!-- Table part-->\n<table class=\"table\">\n  <thead class=\"header\">\n\t  <tr>\n     \t <th scope=\"col\">Time<\/th>\n     \t <th scope=\"col\">8 - 18<\/th>\n     \t <th scope=\"col\">18 - 22<\/th>\n     \t <th scope=\"col\">22 - 8<\/th>\n\t<\/tr>\n  <\/thead>\n  <tbody>\n     \t  <tr class=\"weekdays\">\n     \t  \t  <td class=\"tag\" data-label=\"Time\">Mo - Fr<\/td>\n     \t  \t  <td class=\"hrs tag\" data-label=\"8 - 18\">52,- \u20ac<\/td>\n     \t  \t  <td class=\"tag space\" data-label=\"18 - 22\">82,- \u20ac<\/td>\n     \t  \t  <td data-label=\"22 - 8\">95,- \u20ac<\/td>\n     \t  <\/tr>\n     <tr class=\"weekends\">\n     \t  \t  <td class=\"tag\" data-label=\"Time\">Sa<\/td>\n     \t  \t  <td class=\"tag\" data-label=\"8 - 18\">95,- \u20ac<\/td>\n     \t  \t  <td class=\"tag\" data-label=\"18 - 22\">95,- \u20ac<\/td>\n     \t  \t  <td data-label=\"22 - 8\">125,- \u20ac<\/td>\n     \t  <\/tr>\n     <tr class=\"holidays\">\n     \t  \t  <td class=\"tag\" data-label=\"Time\">So & holiday<\/td>\n     \t  \t  <td class=\"tag\" data-label=\"8 - 18\">125,- \u20ac<\/td>\n     \t  \t  <td class=\"tag\" data-label=\"18 - 22\">125,-\u20ac<\/td>\n     \t  \t  <td data-label=\"22 - 8\">125,-\u20ac<\/td>\n     \t  <\/tr>\n     <\/tbody>\n<\/table>\n<!-- Table Description-->\n<div class=\"table-description\">\n\t<em>Please call to inquire about travel costs.<\/em>\n<\/div>\n<!-- Wordings below -->\n<div class=\"wordings\">\n<p>The prices listed in this table are binding for unlocking a door that has slammed shut or been pulled shut (without self-locking mechanisms). Please feel free to contact us if you would like a price quote for other locksmith services. We will gladly provide you with a transparent, fixed-price offer.<\/p>\n<\/div>\n\n<!-- END Wordings -->\n\n\n\n<div class=\"ansprech\">Locksmith Munich Pasinger Marienplatz with free 24-hour emergency hotline<br \/><h3 class=\"phone mobilesOnly\"><a href=\"tel:+498000131131\">0800 \/ 0 131 131<\/a><\/h3><h3 class=\"phone desktopOnly\"><a href=\"tel:+498000131131\">0800 \/ 0 131 131<\/a><\/h3>Fair fixed prices for non-destructive door opening<\/div>\n<p>Now in its third generation, we help Munich residents out of this predicament. We look back on countless satisfied customers, and that is very important to us! With us, the customer is still king, and we intend to continue this tradition as a locksmith service in Munich at Pasing&#8217;s Marienplatz.<\/p>\n<h2>Door opening at Pasing Marienplatz at fixed prices, 24\/7<\/h2>\n<p>A key reason why so many people rate us positively is the fact that we offer transparent pricing around the clock. Ask our expert directly on the phone what the professional door opening will cost. After a brief description of your situation, you will receive a fixed price that is calculated fairly.<\/p>\n<p>Don&#8217;t simply accept the often dubious pricing strategies of other providers \u2013 unfortunately, there are far too many &#8220;black sheep&#8221; in our industry, from whom we expressly distance ourselves. With us, you get a fixed price all year round, including weekends and holidays, without any exorbitant surcharges.<\/p>\n<h2>Protecting Yourself Against Burglaries<\/h2>\n<p>Have you heard about any burglaries in and around Pasing&#8217;s Marienplatz? Then let us advise you on security technology! We are experts in the latest specialized locks and are happy to conduct an analysis that reliably identifies potential vulnerabilities in your doors, locks, and windows. Amper Locksmith Service carries out all necessary installations professionally \u2013 simply give us a call for greater security in your home!<\/p>\n<div class=\"ansprech\">Locksmith Munich Pasinger Marienplatz with free 24-hour emergency hotline<br \/><h3 class=\"phone mobilesOnly\"><a href=\"tel:+498000131131\">0800 \/ 0 131 131<\/a><\/h3><h3 class=\"phone desktopOnly\"><a href=\"tel:+498000131131\">0800 \/ 0 131 131<\/a><\/h3>Fair fixed prices for non-destructive door opening.<\/div>\n\n\n<p><\/p>\n","protected":false},"excerpt":{"rendered":"<p>Have you locked yourself out and tried everything to get back into your house or apartment near Pasing&#8217;s Marienplatz? You almost never forget your key, but today just isn&#8217;t your day? It happens to the best of us, and don&#8217;t panic. Amper Locksmith Service can help quickly and reliably! Just give us a call, and [&hellip;]<\/p>\n","protected":false},"author":2,"featured_media":13102,"parent":0,"menu_order":0,"comment_status":"closed","ping_status":"closed","template":"","meta":{"footnotes":"","_links_to":"","_links_to_target":""},"class_list":["post-13105","page","type-page","status-publish","has-post-thumbnail","hentry"],"yoast_head":"<!-- This site is optimized with the Yoast SEO plugin v27.4 - https:\/\/yoast.com\/product\/yoast-seo-wordpress\/ -->\n<title>Locksmith Pasinger Marienplatz, Munich: from \u20ac52,- fixed price (binding)<\/title>\n<meta name=\"description\" content=\"Locksmith Munich Pasinger Marienplatz: Door slammed shut? Our technician will be there quickly. We open doors without damage, 24\/7, for a fixed price.\" \/>\n<meta name=\"robots\" content=\"index, follow, max-snippet:-1, max-image-preview:large, max-video-preview:-1\" \/>\n<link rel=\"canonical\" href=\"https:\/\/www.amper-aufsperrdienst.de\/en\/locksmith-munich-pasinger-marienplatz\/\" \/>\n<meta property=\"og:locale\" content=\"en_US\" \/>\n<meta property=\"og:type\" content=\"article\" \/>\n<meta property=\"og:title\" content=\"Locksmith Pasinger Marienplatz, Munich: from \u20ac52,- fixed price (binding)\" \/>\n<meta property=\"og:description\" content=\"Locksmith Munich Pasinger Marienplatz: Door slammed shut? Our technician will be there quickly. We open doors without damage, 24\/7, for a fixed price.\" \/>\n<meta property=\"og:url\" content=\"https:\/\/www.amper-aufsperrdienst.de\/en\/locksmith-munich-pasinger-marienplatz\/\" \/>\n<meta property=\"og:site_name\" content=\"Locksmith for Munich, Dachau and F\u00fcrstenfeldbruck\" \/>\n<meta property=\"article:modified_time\" content=\"2026-02-11T07:05:45+00:00\" \/>\n<meta property=\"og:image\" content=\"https:\/\/www.amper-aufsperrdienst.de\/wp-content\/uploads\/2024\/01\/schluesseldienst-pasinger-marienplatz.webp\" \/>\n\t<meta property=\"og:image:width\" content=\"960\" \/>\n\t<meta property=\"og:image:height\" content=\"360\" \/>\n\t<meta property=\"og:image:type\" content=\"image\/webp\" \/>\n<meta name=\"twitter:label1\" content=\"Est. reading time\" \/>\n\t<meta name=\"twitter:data1\" content=\"4 minutes\" \/>\n<script type=\"application\/ld+json\" class=\"yoast-schema-graph\">{\"@context\":\"https:\\\/\\\/schema.org\",\"@graph\":[{\"@type\":\"WebPage\",\"@id\":\"https:\\\/\\\/www.amper-aufsperrdienst.de\\\/en\\\/locksmith-munich-pasinger-marienplatz\\\/\",\"url\":\"https:\\\/\\\/www.amper-aufsperrdienst.de\\\/en\\\/locksmith-munich-pasinger-marienplatz\\\/\",\"name\":\"Locksmith Pasinger Marienplatz, Munich: from \u20ac52,- fixed price (binding)\",\"isPartOf\":{\"@id\":\"https:\\\/\\\/www.amper-aufsperrdienst.de\\\/en\\\/#website\"},\"primaryImageOfPage\":{\"@id\":\"https:\\\/\\\/www.amper-aufsperrdienst.de\\\/en\\\/locksmith-munich-pasinger-marienplatz\\\/#primaryimage\"},\"image\":{\"@id\":\"https:\\\/\\\/www.amper-aufsperrdienst.de\\\/en\\\/locksmith-munich-pasinger-marienplatz\\\/#primaryimage\"},\"thumbnailUrl\":\"https:\\\/\\\/www.amper-aufsperrdienst.de\\\/wp-content\\\/uploads\\\/2024\\\/01\\\/schluesseldienst-pasinger-marienplatz.webp\",\"datePublished\":\"2017-12-26T12:46:44+00:00\",\"dateModified\":\"2026-02-11T07:05:45+00:00\",\"description\":\"Locksmith Munich Pasinger Marienplatz: Door slammed shut? Our technician will be there quickly. We open doors without damage, 24\\\/7, for a fixed price.\",\"breadcrumb\":{\"@id\":\"https:\\\/\\\/www.amper-aufsperrdienst.de\\\/en\\\/locksmith-munich-pasinger-marienplatz\\\/#breadcrumb\"},\"inLanguage\":\"en-US\",\"potentialAction\":[{\"@type\":\"ReadAction\",\"target\":[\"https:\\\/\\\/www.amper-aufsperrdienst.de\\\/en\\\/locksmith-munich-pasinger-marienplatz\\\/\"]}]},{\"@type\":\"ImageObject\",\"inLanguage\":\"en-US\",\"@id\":\"https:\\\/\\\/www.amper-aufsperrdienst.de\\\/en\\\/locksmith-munich-pasinger-marienplatz\\\/#primaryimage\",\"url\":\"https:\\\/\\\/www.amper-aufsperrdienst.de\\\/wp-content\\\/uploads\\\/2024\\\/01\\\/schluesseldienst-pasinger-marienplatz.webp\",\"contentUrl\":\"https:\\\/\\\/www.amper-aufsperrdienst.de\\\/wp-content\\\/uploads\\\/2024\\\/01\\\/schluesseldienst-pasinger-marienplatz.webp\",\"width\":960,\"height\":360,\"caption\":\"Schl\u00fcsseldienst f\u00fcr den Pasinger Marienplatz \u2013 24h-Service f\u00fcr T\u00fcr\u00f6ffnung \u2013 Spezialwerkzeug in dritter Generation im Einsatz\"},{\"@type\":\"BreadcrumbList\",\"@id\":\"https:\\\/\\\/www.amper-aufsperrdienst.de\\\/en\\\/locksmith-munich-pasinger-marienplatz\\\/#breadcrumb\",\"itemListElement\":[{\"@type\":\"ListItem\",\"position\":1,\"name\":\"Home\",\"item\":\"https:\\\/\\\/www.amper-aufsperrdienst.de\\\/en\\\/\"},{\"@type\":\"ListItem\",\"position\":2,\"name\":\"Locksmith Munich Pasinger Marienplatz\"}]},{\"@type\":\"WebSite\",\"@id\":\"https:\\\/\\\/www.amper-aufsperrdienst.de\\\/en\\\/#website\",\"url\":\"https:\\\/\\\/www.amper-aufsperrdienst.de\\\/en\\\/\",\"name\":\"Locksmith for Munich, Dachau and F\u00fcrstenfeldbruck\",\"description\":\"Amper Aufsperrdienst\",\"potentialAction\":[{\"@type\":\"SearchAction\",\"target\":{\"@type\":\"EntryPoint\",\"urlTemplate\":\"https:\\\/\\\/www.amper-aufsperrdienst.de\\\/en\\\/?s={search_term_string}\"},\"query-input\":{\"@type\":\"PropertyValueSpecification\",\"valueRequired\":true,\"valueName\":\"search_term_string\"}}],\"inLanguage\":\"en-US\"}]}<\/script>\n<!-- \/ Yoast SEO plugin. -->","yoast_head_json":{"title":"Locksmith Pasinger Marienplatz, Munich: from \u20ac52,- fixed price (binding)","description":"Locksmith Munich Pasinger Marienplatz: Door slammed shut? Our technician will be there quickly. We open doors without damage, 24\/7, for a fixed price.","robots":{"index":"index","follow":"follow","max-snippet":"max-snippet:-1","max-image-preview":"max-image-preview:large","max-video-preview":"max-video-preview:-1"},"canonical":"https:\/\/www.amper-aufsperrdienst.de\/en\/locksmith-munich-pasinger-marienplatz\/","og_locale":"en_US","og_type":"article","og_title":"Locksmith Pasinger Marienplatz, Munich: from \u20ac52,- fixed price (binding)","og_description":"Locksmith Munich Pasinger Marienplatz: Door slammed shut? Our technician will be there quickly. We open doors without damage, 24\/7, for a fixed price.","og_url":"https:\/\/www.amper-aufsperrdienst.de\/en\/locksmith-munich-pasinger-marienplatz\/","og_site_name":"Locksmith for Munich, Dachau and F\u00fcrstenfeldbruck","article_modified_time":"2026-02-11T07:05:45+00:00","og_image":[{"width":960,"height":360,"url":"https:\/\/www.amper-aufsperrdienst.de\/wp-content\/uploads\/2024\/01\/schluesseldienst-pasinger-marienplatz.webp","type":"image\/webp"}],"twitter_misc":{"Est. reading time":"4 minutes"},"schema":{"@context":"https:\/\/schema.org","@graph":[{"@type":"WebPage","@id":"https:\/\/www.amper-aufsperrdienst.de\/en\/locksmith-munich-pasinger-marienplatz\/","url":"https:\/\/www.amper-aufsperrdienst.de\/en\/locksmith-munich-pasinger-marienplatz\/","name":"Locksmith Pasinger Marienplatz, Munich: from \u20ac52,- fixed price (binding)","isPartOf":{"@id":"https:\/\/www.amper-aufsperrdienst.de\/en\/#website"},"primaryImageOfPage":{"@id":"https:\/\/www.amper-aufsperrdienst.de\/en\/locksmith-munich-pasinger-marienplatz\/#primaryimage"},"image":{"@id":"https:\/\/www.amper-aufsperrdienst.de\/en\/locksmith-munich-pasinger-marienplatz\/#primaryimage"},"thumbnailUrl":"https:\/\/www.amper-aufsperrdienst.de\/wp-content\/uploads\/2024\/01\/schluesseldienst-pasinger-marienplatz.webp","datePublished":"2017-12-26T12:46:44+00:00","dateModified":"2026-02-11T07:05:45+00:00","description":"Locksmith Munich Pasinger Marienplatz: Door slammed shut? Our technician will be there quickly. We open doors without damage, 24\/7, for a fixed price.","breadcrumb":{"@id":"https:\/\/www.amper-aufsperrdienst.de\/en\/locksmith-munich-pasinger-marienplatz\/#breadcrumb"},"inLanguage":"en-US","potentialAction":[{"@type":"ReadAction","target":["https:\/\/www.amper-aufsperrdienst.de\/en\/locksmith-munich-pasinger-marienplatz\/"]}]},{"@type":"ImageObject","inLanguage":"en-US","@id":"https:\/\/www.amper-aufsperrdienst.de\/en\/locksmith-munich-pasinger-marienplatz\/#primaryimage","url":"https:\/\/www.amper-aufsperrdienst.de\/wp-content\/uploads\/2024\/01\/schluesseldienst-pasinger-marienplatz.webp","contentUrl":"https:\/\/www.amper-aufsperrdienst.de\/wp-content\/uploads\/2024\/01\/schluesseldienst-pasinger-marienplatz.webp","width":960,"height":360,"caption":"Schl\u00fcsseldienst f\u00fcr den Pasinger Marienplatz \u2013 24h-Service f\u00fcr T\u00fcr\u00f6ffnung \u2013 Spezialwerkzeug in dritter Generation im Einsatz"},{"@type":"BreadcrumbList","@id":"https:\/\/www.amper-aufsperrdienst.de\/en\/locksmith-munich-pasinger-marienplatz\/#breadcrumb","itemListElement":[{"@type":"ListItem","position":1,"name":"Home","item":"https:\/\/www.amper-aufsperrdienst.de\/en\/"},{"@type":"ListItem","position":2,"name":"Locksmith Munich Pasinger Marienplatz"}]},{"@type":"WebSite","@id":"https:\/\/www.amper-aufsperrdienst.de\/en\/#website","url":"https:\/\/www.amper-aufsperrdienst.de\/en\/","name":"Locksmith for Munich, Dachau and F\u00fcrstenfeldbruck","description":"Amper Aufsperrdienst","potentialAction":[{"@type":"SearchAction","target":{"@type":"EntryPoint","urlTemplate":"https:\/\/www.amper-aufsperrdienst.de\/en\/?s={search_term_string}"},"query-input":{"@type":"PropertyValueSpecification","valueRequired":true,"valueName":"search_term_string"}}],"inLanguage":"en-US"}]}},"_links":{"self":[{"href":"https:\/\/www.amper-aufsperrdienst.de\/en\/wp-json\/wp\/v2\/pages\/13105","targetHints":{"allow":["GET"]}}],"collection":[{"href":"https:\/\/www.amper-aufsperrdienst.de\/en\/wp-json\/wp\/v2\/pages"}],"about":[{"href":"https:\/\/www.amper-aufsperrdienst.de\/en\/wp-json\/wp\/v2\/types\/page"}],"author":[{"embeddable":true,"href":"https:\/\/www.amper-aufsperrdienst.de\/en\/wp-json\/wp\/v2\/users\/2"}],"replies":[{"embeddable":true,"href":"https:\/\/www.amper-aufsperrdienst.de\/en\/wp-json\/wp\/v2\/comments?post=13105"}],"version-history":[{"count":3,"href":"https:\/\/www.amper-aufsperrdienst.de\/en\/wp-json\/wp\/v2\/pages\/13105\/revisions"}],"predecessor-version":[{"id":15245,"href":"https:\/\/www.amper-aufsperrdienst.de\/en\/wp-json\/wp\/v2\/pages\/13105\/revisions\/15245"}],"wp:featuredmedia":[{"embeddable":true,"href":"https:\/\/www.amper-aufsperrdienst.de\/en\/wp-json\/wp\/v2\/media\/13102"}],"wp:attachment":[{"href":"https:\/\/www.amper-aufsperrdienst.de\/en\/wp-json\/wp\/v2\/media?parent=13105"}],"curies":[{"name":"wp","href":"https:\/\/api.w.org\/{rel}","templated":true}]}}