{"id":13164,"date":"2017-12-29T16:12:09","date_gmt":"2017-12-29T14:12:09","guid":{"rendered":"https:\/\/www.amper-aufsperrdienst.de\/locksmith-munich-westkreuz\/"},"modified":"2026-02-11T09:06:10","modified_gmt":"2026-02-11T07:06:10","slug":"locksmith-munich-westkreuz","status":"publish","type":"page","link":"https:\/\/www.amper-aufsperrdienst.de\/en\/locksmith-munich-westkreuz\/","title":{"rendered":"Locksmith Munich Westkreuz"},"content":{"rendered":"<p><img loading=\"lazy\" decoding=\"async\" class=\"alignleft\" style=\"margin-bottom: 5px !important; margin-top: -31px;\" src=\"https:\/\/www.amper-aufsperrdienst.de\/wp-content\/uploads\/2021\/03\/schluesseldienst-muenchen-westkreuz-festpreis-ab-52-siegel.jpg\" alt=\"Schl\u00fcsseldienst M\u00fcnchen with fixed price from 52,- EUR\" width=\"250\" height=\"250\" \/><\/p>\n<p>You can&#8217;t quite believe it, but you&#8217;ve actually locked yourself out! You simply can&#8217;t get back into your apartment or house near Westkreuz. Perhaps the key broke while you were trying to open it, because the lock is ancient and should have been replaced long ago. But stay calm, because Amper Locksmith Service can help. One call is all it takes, and a competent locksmith can get you out of this predicament.<\/p>\n<h2>Westkreuz in Munich<\/h2>\n<div id=\"attachment_1002\" style=\"width: 600px\" class=\"wp-caption alignnone\"><img decoding=\"async\" aria-describedby=\"caption-attachment-1002\" class=\"size-large wp-image-9809\" src=\"\/wp-content\/uploads\/2024\/01\/westkreuz.webp\" alt=\"Munich Westkreuz train station on Aubinger Stra\u00dfe\" width=\"590\" \/><p id=\"caption-attachment-1002\" class=\"wp-caption-text\">Westkreuz station on Aubinger Stra\u00dfe can be reached by the S-Bahn lines S6 and S8 as well as various bus connections.<\/p><\/div>\n<p>Munich&#8217;s Westkreuz interchange is located in present-day Neuaubing and is a major transportation hub in the west of the Bavarian capital. The nearest large green space is around the TSG Pasing stadium; otherwise, the area is dominated by commercial buildings, discount stores, and, of course, residential complexes.<\/p>\n<p>Among the most important streets around the Westkreuz interchange are Aubinger Stra\u00dfe, Heimburgstra\u00dfe (also known as Haberlandstra\u00dfe), Stockacher Stra\u00dfe, Friedrichshafener Stra\u00dfe, Reichenaustra\u00dfe, Ravensburger Ring, and Scapinellstra\u00dfe. Our locksmith service in Munich Westkreuz also operates in the surrounding area \u2013 don&#8217;t hesitate to call us free of charge, and we&#8217;ll come to you in Aubing!<\/p>\n          <!-- tarif -->\n<h2><b><span style=\"vertical-align: inherit;\"><span style=\"vertical-align: inherit;\">Our binding fixed prices start from \u20ac52.<\/span><\/span><\/b><\/h2>\n<p>Amper Locksmith Service is a fair locksmith service with transparent fixed prices:<\/p>\n<div class=\"table-title\">\n\tPRICE LIST  UNLOCK\n<\/div>\n<!-- Table part-->\n<table class=\"table\">\n  <thead class=\"header\">\n\t  <tr>\n     \t <th scope=\"col\">Time<\/th>\n     \t <th scope=\"col\">8 - 18<\/th>\n     \t <th scope=\"col\">18 - 22<\/th>\n     \t <th scope=\"col\">22 - 8<\/th>\n\t<\/tr>\n  <\/thead>\n  <tbody>\n     \t  <tr class=\"weekdays\">\n     \t  \t  <td class=\"tag\" data-label=\"Time\">Mo - Fr<\/td>\n     \t  \t  <td class=\"hrs tag\" data-label=\"8 - 18\">52,- \u20ac<\/td>\n     \t  \t  <td class=\"tag space\" data-label=\"18 - 22\">82,- \u20ac<\/td>\n     \t  \t  <td data-label=\"22 - 8\">95,- \u20ac<\/td>\n     \t  <\/tr>\n     <tr class=\"weekends\">\n     \t  \t  <td class=\"tag\" data-label=\"Time\">Sa<\/td>\n     \t  \t  <td class=\"tag\" data-label=\"8 - 18\">95,- \u20ac<\/td>\n     \t  \t  <td class=\"tag\" data-label=\"18 - 22\">95,- \u20ac<\/td>\n     \t  \t  <td data-label=\"22 - 8\">125,- \u20ac<\/td>\n     \t  <\/tr>\n     <tr class=\"holidays\">\n     \t  \t  <td class=\"tag\" data-label=\"Time\">So & holiday<\/td>\n     \t  \t  <td class=\"tag\" data-label=\"8 - 18\">125,- \u20ac<\/td>\n     \t  \t  <td class=\"tag\" data-label=\"18 - 22\">125,-\u20ac<\/td>\n     \t  \t  <td data-label=\"22 - 8\">125,-\u20ac<\/td>\n     \t  <\/tr>\n     <\/tbody>\n<\/table>\n<!-- Table Description-->\n<div class=\"table-description\">\n\t<em>Please call to inquire about travel costs.<\/em>\n<\/div>\n<!-- Wordings below -->\n<div class=\"wordings\">\n<p>The prices listed in this table are binding for unlocking a door that has slammed shut or been pulled shut (without self-locking mechanisms). Please feel free to contact us if you would like a price quote for other locksmith services. We will gladly provide you with a transparent, fixed-price offer.<\/p>\n<\/div>\n\n<!-- END Wordings -->\n\n\n\n<div class=\"ansprech\">Locksmith Munich Westkreuz with free phone number<br \/>\n<h3 class=\"phone mobilesOnly\"><a href=\"tel:+498000131131\">0800 \/ 0 131 131<\/a><\/h3><h3 class=\"phone desktopOnly\"><a href=\"tel:+498000131131\">0800 \/ 0 131 131<\/a><\/h3>Always available for non-destructive door unlocking at a fixed price<\/div>\n<h2>Fast door openings at Westkreuz by professionals at a fixed price<\/h2>\n<p>For many years, we have been opening doors professionally and focusing on satisfied customers. We are usually at your location in just about 30 minutes and offer a transparent fixed price. Ask our experts about it directly on the phone, and that price is the price you&#8217;ll pay.<\/p>\n<p>Unlike many other so-called locksmiths, we have no hidden costs for travel or any additional services. With us, a fixed price means a fixed price \u2013 no ifs, ands, or buts! You can count on us on weekdays, weekends, and holidays. Our toll-free number is also available 24\/7 \u2013 as you would expect from a genuine emergency locksmith service, in our opinion.<\/p>\n<h2>Locksmith Munich Westkreuz with Special Tools<\/h2>\n<p>Of course, we always carry our special tools with us. This allows us to almost guarantee that we can open locked doors in 99% of cases without damaging the front door. Drilling locks inevitably causes damage, so unlocking a door can quickly become an expensive ordeal.<\/p>\n<p>Mario Pichelmaier and his team are highly experienced, even with complicated specialty locks. Among the company owner&#8217;s ancestors is Johann Pichelmaier, an inventor who developed and successfully used one of the tools himself. This valuable expertise has now been passed down to the third generation \u2013 so you can be sure that we truly understand our craft.<\/p>\n<div class=\"ansprech\">Locksmith Munich Westkreuz with free phone number<br \/>\n<h3 class=\"phone mobilesOnly\"><a href=\"tel:+498000131131\">0800 \/ 0 131 131<\/a><\/h3><h3 class=\"phone desktopOnly\"><a href=\"tel:+498000131131\">0800 \/ 0 131 131<\/a><\/h3>Always available for non-destructive door unlocking at a fixed price<\/div>\n","protected":false},"excerpt":{"rendered":"<p>You can&#8217;t quite believe it, but you&#8217;ve actually locked yourself out! You simply can&#8217;t get back into your apartment or house near Westkreuz. Perhaps the key broke while you were trying to open it, because the lock is ancient and should have been replaced long ago. But stay calm, because Amper Locksmith Service can help. [&hellip;]<\/p>\n","protected":false},"author":2,"featured_media":13161,"parent":0,"menu_order":0,"comment_status":"closed","ping_status":"closed","template":"","meta":{"footnotes":"","_links_to":"","_links_to_target":""},"class_list":["post-13164","page","type-page","status-publish","has-post-thumbnail","hentry"],"yoast_head":"<!-- This site is optimized with the Yoast SEO plugin v27.4 - https:\/\/yoast.com\/product\/yoast-seo-wordpress\/ -->\n<title>Locksmith Munich Westkreuz: from \u20ac52,- fixed price<\/title>\n<meta name=\"description\" content=\"Locksmith in Munich Westkreuz with 24\/7 service, free number &amp; fixed price: affordable, fast, competent. Unlocking without damage.\" \/>\n<meta name=\"robots\" content=\"index, follow, max-snippet:-1, max-image-preview:large, max-video-preview:-1\" \/>\n<link rel=\"canonical\" href=\"https:\/\/www.amper-aufsperrdienst.de\/en\/locksmith-munich-westkreuz\/\" \/>\n<meta property=\"og:locale\" content=\"en_US\" \/>\n<meta property=\"og:type\" content=\"article\" \/>\n<meta property=\"og:title\" content=\"Locksmith Munich Westkreuz: from \u20ac52,- fixed price\" \/>\n<meta property=\"og:description\" content=\"Locksmith in Munich Westkreuz with 24\/7 service, free number &amp; fixed price: affordable, fast, competent. Unlocking without damage.\" \/>\n<meta property=\"og:url\" content=\"https:\/\/www.amper-aufsperrdienst.de\/en\/locksmith-munich-westkreuz\/\" \/>\n<meta property=\"og:site_name\" content=\"Locksmith for Munich, Dachau and F\u00fcrstenfeldbruck\" \/>\n<meta property=\"article:modified_time\" content=\"2026-02-11T07:06:10+00:00\" \/>\n<meta property=\"og:image\" content=\"https:\/\/www.amper-aufsperrdienst.de\/wp-content\/uploads\/2024\/01\/header-dummy-960x360_img.jpg\" \/>\n\t<meta property=\"og:image:width\" content=\"960\" \/>\n\t<meta property=\"og:image:height\" content=\"360\" \/>\n\t<meta property=\"og:image:type\" content=\"image\/jpeg\" \/>\n<meta name=\"twitter:label1\" content=\"Est. reading time\" \/>\n\t<meta name=\"twitter:data1\" content=\"4 minutes\" \/>\n<script type=\"application\/ld+json\" class=\"yoast-schema-graph\">{\"@context\":\"https:\\\/\\\/schema.org\",\"@graph\":[{\"@type\":\"WebPage\",\"@id\":\"https:\\\/\\\/www.amper-aufsperrdienst.de\\\/en\\\/locksmith-munich-westkreuz\\\/\",\"url\":\"https:\\\/\\\/www.amper-aufsperrdienst.de\\\/en\\\/locksmith-munich-westkreuz\\\/\",\"name\":\"Locksmith Munich Westkreuz: from \u20ac52,- fixed price\",\"isPartOf\":{\"@id\":\"https:\\\/\\\/www.amper-aufsperrdienst.de\\\/en\\\/#website\"},\"primaryImageOfPage\":{\"@id\":\"https:\\\/\\\/www.amper-aufsperrdienst.de\\\/en\\\/locksmith-munich-westkreuz\\\/#primaryimage\"},\"image\":{\"@id\":\"https:\\\/\\\/www.amper-aufsperrdienst.de\\\/en\\\/locksmith-munich-westkreuz\\\/#primaryimage\"},\"thumbnailUrl\":\"https:\\\/\\\/www.amper-aufsperrdienst.de\\\/wp-content\\\/uploads\\\/2024\\\/01\\\/header-dummy-960x360_img.jpg\",\"datePublished\":\"2017-12-29T14:12:09+00:00\",\"dateModified\":\"2026-02-11T07:06:10+00:00\",\"description\":\"Locksmith in Munich Westkreuz with 24\\\/7 service, free number & fixed price: affordable, fast, competent. Unlocking without damage.\",\"breadcrumb\":{\"@id\":\"https:\\\/\\\/www.amper-aufsperrdienst.de\\\/en\\\/locksmith-munich-westkreuz\\\/#breadcrumb\"},\"inLanguage\":\"en-US\",\"potentialAction\":[{\"@type\":\"ReadAction\",\"target\":[\"https:\\\/\\\/www.amper-aufsperrdienst.de\\\/en\\\/locksmith-munich-westkreuz\\\/\"]}]},{\"@type\":\"ImageObject\",\"inLanguage\":\"en-US\",\"@id\":\"https:\\\/\\\/www.amper-aufsperrdienst.de\\\/en\\\/locksmith-munich-westkreuz\\\/#primaryimage\",\"url\":\"https:\\\/\\\/www.amper-aufsperrdienst.de\\\/wp-content\\\/uploads\\\/2024\\\/01\\\/header-dummy-960x360_img.jpg\",\"contentUrl\":\"https:\\\/\\\/www.amper-aufsperrdienst.de\\\/wp-content\\\/uploads\\\/2024\\\/01\\\/header-dummy-960x360_img.jpg\",\"width\":960,\"height\":360,\"caption\":\"Schl\u00fcsseldienst M\u00fcnchen Westkreuz \u2013 kompetente Schl\u00fcsseldienst-Monteure \u2013 T\u00fcr\u00f6ffnung schnell &amp; g\u00fcnstig\"},{\"@type\":\"BreadcrumbList\",\"@id\":\"https:\\\/\\\/www.amper-aufsperrdienst.de\\\/en\\\/locksmith-munich-westkreuz\\\/#breadcrumb\",\"itemListElement\":[{\"@type\":\"ListItem\",\"position\":1,\"name\":\"Home\",\"item\":\"https:\\\/\\\/www.amper-aufsperrdienst.de\\\/en\\\/\"},{\"@type\":\"ListItem\",\"position\":2,\"name\":\"Locksmith Munich Westkreuz\"}]},{\"@type\":\"WebSite\",\"@id\":\"https:\\\/\\\/www.amper-aufsperrdienst.de\\\/en\\\/#website\",\"url\":\"https:\\\/\\\/www.amper-aufsperrdienst.de\\\/en\\\/\",\"name\":\"Locksmith for Munich, Dachau and F\u00fcrstenfeldbruck\",\"description\":\"Amper Aufsperrdienst\",\"potentialAction\":[{\"@type\":\"SearchAction\",\"target\":{\"@type\":\"EntryPoint\",\"urlTemplate\":\"https:\\\/\\\/www.amper-aufsperrdienst.de\\\/en\\\/?s={search_term_string}\"},\"query-input\":{\"@type\":\"PropertyValueSpecification\",\"valueRequired\":true,\"valueName\":\"search_term_string\"}}],\"inLanguage\":\"en-US\"}]}<\/script>\n<!-- \/ Yoast SEO plugin. -->","yoast_head_json":{"title":"Locksmith Munich Westkreuz: from \u20ac52,- fixed price","description":"Locksmith in Munich Westkreuz with 24\/7 service, free number & fixed price: affordable, fast, competent. Unlocking without damage.","robots":{"index":"index","follow":"follow","max-snippet":"max-snippet:-1","max-image-preview":"max-image-preview:large","max-video-preview":"max-video-preview:-1"},"canonical":"https:\/\/www.amper-aufsperrdienst.de\/en\/locksmith-munich-westkreuz\/","og_locale":"en_US","og_type":"article","og_title":"Locksmith Munich Westkreuz: from \u20ac52,- fixed price","og_description":"Locksmith in Munich Westkreuz with 24\/7 service, free number & fixed price: affordable, fast, competent. Unlocking without damage.","og_url":"https:\/\/www.amper-aufsperrdienst.de\/en\/locksmith-munich-westkreuz\/","og_site_name":"Locksmith for Munich, Dachau and F\u00fcrstenfeldbruck","article_modified_time":"2026-02-11T07:06:10+00:00","og_image":[{"width":960,"height":360,"url":"https:\/\/www.amper-aufsperrdienst.de\/wp-content\/uploads\/2024\/01\/header-dummy-960x360_img.jpg","type":"image\/jpeg"}],"twitter_misc":{"Est. reading time":"4 minutes"},"schema":{"@context":"https:\/\/schema.org","@graph":[{"@type":"WebPage","@id":"https:\/\/www.amper-aufsperrdienst.de\/en\/locksmith-munich-westkreuz\/","url":"https:\/\/www.amper-aufsperrdienst.de\/en\/locksmith-munich-westkreuz\/","name":"Locksmith Munich Westkreuz: from \u20ac52,- fixed price","isPartOf":{"@id":"https:\/\/www.amper-aufsperrdienst.de\/en\/#website"},"primaryImageOfPage":{"@id":"https:\/\/www.amper-aufsperrdienst.de\/en\/locksmith-munich-westkreuz\/#primaryimage"},"image":{"@id":"https:\/\/www.amper-aufsperrdienst.de\/en\/locksmith-munich-westkreuz\/#primaryimage"},"thumbnailUrl":"https:\/\/www.amper-aufsperrdienst.de\/wp-content\/uploads\/2024\/01\/header-dummy-960x360_img.jpg","datePublished":"2017-12-29T14:12:09+00:00","dateModified":"2026-02-11T07:06:10+00:00","description":"Locksmith in Munich Westkreuz with 24\/7 service, free number & fixed price: affordable, fast, competent. Unlocking without damage.","breadcrumb":{"@id":"https:\/\/www.amper-aufsperrdienst.de\/en\/locksmith-munich-westkreuz\/#breadcrumb"},"inLanguage":"en-US","potentialAction":[{"@type":"ReadAction","target":["https:\/\/www.amper-aufsperrdienst.de\/en\/locksmith-munich-westkreuz\/"]}]},{"@type":"ImageObject","inLanguage":"en-US","@id":"https:\/\/www.amper-aufsperrdienst.de\/en\/locksmith-munich-westkreuz\/#primaryimage","url":"https:\/\/www.amper-aufsperrdienst.de\/wp-content\/uploads\/2024\/01\/header-dummy-960x360_img.jpg","contentUrl":"https:\/\/www.amper-aufsperrdienst.de\/wp-content\/uploads\/2024\/01\/header-dummy-960x360_img.jpg","width":960,"height":360,"caption":"Schl\u00fcsseldienst M\u00fcnchen Westkreuz \u2013 kompetente Schl\u00fcsseldienst-Monteure \u2013 T\u00fcr\u00f6ffnung schnell &amp; g\u00fcnstig"},{"@type":"BreadcrumbList","@id":"https:\/\/www.amper-aufsperrdienst.de\/en\/locksmith-munich-westkreuz\/#breadcrumb","itemListElement":[{"@type":"ListItem","position":1,"name":"Home","item":"https:\/\/www.amper-aufsperrdienst.de\/en\/"},{"@type":"ListItem","position":2,"name":"Locksmith Munich Westkreuz"}]},{"@type":"WebSite","@id":"https:\/\/www.amper-aufsperrdienst.de\/en\/#website","url":"https:\/\/www.amper-aufsperrdienst.de\/en\/","name":"Locksmith for Munich, Dachau and F\u00fcrstenfeldbruck","description":"Amper Aufsperrdienst","potentialAction":[{"@type":"SearchAction","target":{"@type":"EntryPoint","urlTemplate":"https:\/\/www.amper-aufsperrdienst.de\/en\/?s={search_term_string}"},"query-input":{"@type":"PropertyValueSpecification","valueRequired":true,"valueName":"search_term_string"}}],"inLanguage":"en-US"}]}},"_links":{"self":[{"href":"https:\/\/www.amper-aufsperrdienst.de\/en\/wp-json\/wp\/v2\/pages\/13164","targetHints":{"allow":["GET"]}}],"collection":[{"href":"https:\/\/www.amper-aufsperrdienst.de\/en\/wp-json\/wp\/v2\/pages"}],"about":[{"href":"https:\/\/www.amper-aufsperrdienst.de\/en\/wp-json\/wp\/v2\/types\/page"}],"author":[{"embeddable":true,"href":"https:\/\/www.amper-aufsperrdienst.de\/en\/wp-json\/wp\/v2\/users\/2"}],"replies":[{"embeddable":true,"href":"https:\/\/www.amper-aufsperrdienst.de\/en\/wp-json\/wp\/v2\/comments?post=13164"}],"version-history":[{"count":3,"href":"https:\/\/www.amper-aufsperrdienst.de\/en\/wp-json\/wp\/v2\/pages\/13164\/revisions"}],"predecessor-version":[{"id":15246,"href":"https:\/\/www.amper-aufsperrdienst.de\/en\/wp-json\/wp\/v2\/pages\/13164\/revisions\/15246"}],"wp:featuredmedia":[{"embeddable":true,"href":"https:\/\/www.amper-aufsperrdienst.de\/en\/wp-json\/wp\/v2\/media\/13161"}],"wp:attachment":[{"href":"https:\/\/www.amper-aufsperrdienst.de\/en\/wp-json\/wp\/v2\/media?parent=13164"}],"curies":[{"name":"wp","href":"https:\/\/api.w.org\/{rel}","templated":true}]}}