{"id":13211,"date":"2018-03-01T02:47:31","date_gmt":"2018-03-01T00:47:31","guid":{"rendered":"https:\/\/www.amper-aufsperrdienst.de\/locksmith-munich-regerplatz\/"},"modified":"2026-02-11T09:07:36","modified_gmt":"2026-02-11T07:07:36","slug":"locksmith-munich-regerplatz","status":"publish","type":"page","link":"https:\/\/www.amper-aufsperrdienst.de\/en\/locksmith-munich-regerplatz\/","title":{"rendered":"Locksmith Munich Regerplatz"},"content":{"rendered":"<p><img loading=\"lazy\" decoding=\"async\" class=\"alignleft\" style=\"margin-bottom: 5px !important;\" src=\"https:\/\/www.amper-aufsperrdienst.de\/wp-content\/uploads\/2021\/03\/schluesseldienst-muenchen-regerplatz-festpreis-ab-52-siegel.jpg\" alt=\"Amper Locksmith Opening Service muenchen-regerplatz with fixed price from 52,- EUR\" width=\"250\" height=\"250\" \/>Are you locked out of your apartment because the key is stuck inside? Has the door slammed shut even though the key is still inside? Has your key broken off in the lock? There are many reasons why you might need a professional locksmith. Mario Pichelmaier and his team are there for you in all these situations and will open your door as quickly and easily as possible, without causing any damage. As an experienced and long-established locksmith service in Munich&#8217;s Regerplatz district, we operate with fair fixed prices and are available 24\/7, even on weekends and holidays!<\/p>\n          <!-- tarif -->\n<h2><b><span style=\"vertical-align: inherit;\"><span style=\"vertical-align: inherit;\">Our binding fixed prices start from \u20ac52.<\/span><\/span><\/b><\/h2>\n<p>Amper Locksmith Service is a fair locksmith service with transparent fixed prices:<\/p>\n<div class=\"table-title\">\n\tPRICE LIST  UNLOCK\n<\/div>\n<!-- Table part-->\n<table class=\"table\">\n  <thead class=\"header\">\n\t  <tr>\n     \t <th scope=\"col\">Time<\/th>\n     \t <th scope=\"col\">8 - 18<\/th>\n     \t <th scope=\"col\">18 - 22<\/th>\n     \t <th scope=\"col\">22 - 8<\/th>\n\t<\/tr>\n  <\/thead>\n  <tbody>\n     \t  <tr class=\"weekdays\">\n     \t  \t  <td class=\"tag\" data-label=\"Time\">Mo - Fr<\/td>\n     \t  \t  <td class=\"hrs tag\" data-label=\"8 - 18\">52,- \u20ac<\/td>\n     \t  \t  <td class=\"tag space\" data-label=\"18 - 22\">82,- \u20ac<\/td>\n     \t  \t  <td data-label=\"22 - 8\">95,- \u20ac<\/td>\n     \t  <\/tr>\n     <tr class=\"weekends\">\n     \t  \t  <td class=\"tag\" data-label=\"Time\">Sa<\/td>\n     \t  \t  <td class=\"tag\" data-label=\"8 - 18\">95,- \u20ac<\/td>\n     \t  \t  <td class=\"tag\" data-label=\"18 - 22\">95,- \u20ac<\/td>\n     \t  \t  <td data-label=\"22 - 8\">125,- \u20ac<\/td>\n     \t  <\/tr>\n     <tr class=\"holidays\">\n     \t  \t  <td class=\"tag\" data-label=\"Time\">So & holiday<\/td>\n     \t  \t  <td class=\"tag\" data-label=\"8 - 18\">125,- \u20ac<\/td>\n     \t  \t  <td class=\"tag\" data-label=\"18 - 22\">125,-\u20ac<\/td>\n     \t  \t  <td data-label=\"22 - 8\">125,-\u20ac<\/td>\n     \t  <\/tr>\n     <\/tbody>\n<\/table>\n<!-- Table Description-->\n<div class=\"table-description\">\n\t<em>Please call to inquire about travel costs.<\/em>\n<\/div>\n<!-- Wordings below -->\n<div class=\"wordings\">\n<p>The prices listed in this table are binding for unlocking a door that has slammed shut or been pulled shut (without self-locking mechanisms). Please feel free to contact us if you would like a price quote for other locksmith services. We will gladly provide you with a transparent, fixed-price offer.<\/p>\n<\/div>\n\n<!-- END Wordings -->\n\n\n\n<div class=\"ansprech\">Long-established locksmith service in Munich&#8217;s Regerplatz with extensive expertise<br \/>\n<h3 class=\"phone mobilesOnly\"><a href=\"tel:+498000131131\">0800 \/ 0 131 131<\/a><\/h3><h3 class=\"phone desktopOnly\"><a href=\"tel:+498000131131\">0800 \/ 0 131 131<\/a><\/h3>24-hour emergency locksmith service with fair fixed prices<\/div>\n<h2>Locksmith Munich Regerplatz: We are your reliable expert!<\/h2>\n<p>Whether on TV, radio, or in newspapers: There are constant reports of so-called shell companies and mailbox companies in the locksmith industry. These companies lure customers with promises of professionalism and reliability, but shamelessly exploit the plight of others, ripping them off with exorbitant additional costs or surcharges. Sums of several hundred or even several thousand euros are often the result. Of course, it&#8217;s questionable whether such sums are truly legitimate. However, this is not the case with our locksmith service in Munich Regerplatz. As your professional locksmith service, we operate with fair fixed prices. We are happy to quote these prices to you over the phone while you call us free of charge.<\/p>\n<p>Since you likely need a damage-free door unlocking service not only during the week but also on Sundays or holidays, we operate as an emergency locksmith service. This means we are available 365 days a year \u2013 and of course, around the clock. So you never have to expect long waiting times with our locksmith service.<\/p>\n<div id=\"attachment_9809\" style=\"width: 600px\" class=\"wp-caption alignnone\"><img decoding=\"async\" aria-describedby=\"caption-attachment-9809\" class=\"size-large wp-image-9809\" src=\"\/wp-content\/uploads\/2024\/01\/20231026_160907-amper-aufsperrdienst-img.webp\" alt=\"Regerplatz in Giesing with Maria-Theresia-Gymnasium\" width=\"590\" \/><p id=\"caption-attachment-9809\" class=\"wp-caption-text\">View of Regerplatz in Giesing, named after Max Reger (1816\u20131884), the parish priest of the Maria-Hilf Church. On the left is the Maria-Theresia-Gymnasium.<\/p><\/div>\n<h2>Regerplatz in Munich&#8217;s Au-Haidhausen district<\/h2>\n<p>Regerplatz is located in the Munich district of Au-Haidhausen and is bisected by Regerstra\u00dfe. It is also bordered by Dr\u00e4chslstra\u00dfe and Ackerstra\u00dfe. The Maria-Theresia-Gymnasium (high school) is located near the rectangular square. Regerplatz was named in 1899 after Max Reger, who lived from 1816 to 1884. Reger was the parish priest of the Maria-Hilfkirche (Church of Our Lady of Perpetual Help).<\/p>\n<p>Near the square are the East Cemetery, several hotels, and various restaurants. The square impresses not only with its location but also, and above all, with its cozy and inviting charm.<\/p>\n<h2>Mario Pichelmaier and his team: We deter burglars<\/h2>\n<p>Tired of burglars? So are we! Our locksmith service in Munich&#8217;s Regerplatz district not only works competently and professionally when it comes to opening doors, but also in all areas of security technology. With our specialized tools, we can offer you not only damage-free door opening, but also the installation of professional locks and security analyses. This way, you can finally feel completely safe in your house or apartment again and no longer have to fear unwanted guests. Would you like a consultation? Mario Pichelmaier and his team are available around the clock, will answer all your questions, and of course, provide you with comprehensive advice.<\/p>\n<div class=\"ansprech\">Long-established locksmith service in Munich&#8217;s Regerplatz with extensive expertise<br \/>\n<h3 class=\"phone mobilesOnly\"><a href=\"tel:+498000131131\">0800 \/ 0 131 131<\/a><\/h3><h3 class=\"phone desktopOnly\"><a href=\"tel:+498000131131\">0800 \/ 0 131 131<\/a><\/h3>24-hour emergency locksmith service with fair fixed prices<\/div>\n","protected":false},"excerpt":{"rendered":"<p>Are you locked out of your apartment because the key is stuck inside? Has the door slammed shut even though the key is still inside? Has your key broken off in the lock? There are many reasons why you might need a professional locksmith. Mario Pichelmaier and his team are there for you in all [&hellip;]<\/p>\n","protected":false},"author":2,"featured_media":13210,"parent":0,"menu_order":0,"comment_status":"closed","ping_status":"closed","template":"","meta":{"footnotes":"","_links_to":"","_links_to_target":""},"class_list":["post-13211","page","type-page","status-publish","has-post-thumbnail","hentry"],"yoast_head":"<!-- This site is optimized with the Yoast SEO plugin v27.4 - https:\/\/yoast.com\/product\/yoast-seo-wordpress\/ -->\n<title>Munich Locksmith Regerplatz: fixed price from 52 EUR<\/title>\n<meta name=\"description\" content=\"Experienced &amp; traditional locksmith service Munich Regerplatz in the third generation: friendly locksmiths with special tools for damage-free door opening in about 30 minutes. Fixed price guarantee, free emergency number, and 24\/7 emergency service! Call us for free, whether it&#039;s a weekday, Sunday, or public holiday!\" \/>\n<meta name=\"robots\" content=\"index, follow, max-snippet:-1, max-image-preview:large, max-video-preview:-1\" \/>\n<link rel=\"canonical\" href=\"https:\/\/www.amper-aufsperrdienst.de\/en\/locksmith-munich-regerplatz\/\" \/>\n<meta property=\"og:locale\" content=\"en_US\" \/>\n<meta property=\"og:type\" content=\"article\" \/>\n<meta property=\"og:title\" content=\"Munich Locksmith Regerplatz: fixed price from 52 EUR\" \/>\n<meta property=\"og:description\" content=\"Experienced &amp; traditional locksmith service Munich Regerplatz in the third generation: friendly locksmiths with special tools for damage-free door opening in about 30 minutes. Fixed price guarantee, free emergency number, and 24\/7 emergency service! Call us for free, whether it&#039;s a weekday, Sunday, or public holiday!\" \/>\n<meta property=\"og:url\" content=\"https:\/\/www.amper-aufsperrdienst.de\/en\/locksmith-munich-regerplatz\/\" \/>\n<meta property=\"og:site_name\" content=\"Locksmith for Munich, Dachau and F\u00fcrstenfeldbruck\" \/>\n<meta property=\"article:modified_time\" content=\"2026-02-11T07:07:36+00:00\" \/>\n<meta property=\"og:image\" content=\"https:\/\/www.amper-aufsperrdienst.de\/wp-content\/uploads\/2024\/01\/amper-aufsperrdienst-regerplatz-Kopie.webp\" \/>\n\t<meta property=\"og:image:width\" content=\"960\" \/>\n\t<meta property=\"og:image:height\" content=\"360\" \/>\n\t<meta property=\"og:image:type\" content=\"image\/webp\" \/>\n<meta name=\"twitter:label1\" content=\"Est. reading time\" \/>\n\t<meta name=\"twitter:data1\" content=\"4 minutes\" \/>\n<script type=\"application\/ld+json\" class=\"yoast-schema-graph\">{\"@context\":\"https:\\\/\\\/schema.org\",\"@graph\":[{\"@type\":\"WebPage\",\"@id\":\"https:\\\/\\\/www.amper-aufsperrdienst.de\\\/en\\\/locksmith-munich-regerplatz\\\/\",\"url\":\"https:\\\/\\\/www.amper-aufsperrdienst.de\\\/en\\\/locksmith-munich-regerplatz\\\/\",\"name\":\"Munich Locksmith Regerplatz: fixed price from 52 EUR\",\"isPartOf\":{\"@id\":\"https:\\\/\\\/www.amper-aufsperrdienst.de\\\/en\\\/#website\"},\"primaryImageOfPage\":{\"@id\":\"https:\\\/\\\/www.amper-aufsperrdienst.de\\\/en\\\/locksmith-munich-regerplatz\\\/#primaryimage\"},\"image\":{\"@id\":\"https:\\\/\\\/www.amper-aufsperrdienst.de\\\/en\\\/locksmith-munich-regerplatz\\\/#primaryimage\"},\"thumbnailUrl\":\"https:\\\/\\\/www.amper-aufsperrdienst.de\\\/wp-content\\\/uploads\\\/2024\\\/01\\\/amper-aufsperrdienst-regerplatz-Kopie.webp\",\"datePublished\":\"2018-03-01T00:47:31+00:00\",\"dateModified\":\"2026-02-11T07:07:36+00:00\",\"description\":\"Experienced & traditional locksmith service Munich Regerplatz in the third generation: friendly locksmiths with special tools for damage-free door opening in about 30 minutes. Fixed price guarantee, free emergency number, and 24\\\/7 emergency service! Call us for free, whether it's a weekday, Sunday, or public holiday!\",\"breadcrumb\":{\"@id\":\"https:\\\/\\\/www.amper-aufsperrdienst.de\\\/en\\\/locksmith-munich-regerplatz\\\/#breadcrumb\"},\"inLanguage\":\"en-US\",\"potentialAction\":[{\"@type\":\"ReadAction\",\"target\":[\"https:\\\/\\\/www.amper-aufsperrdienst.de\\\/en\\\/locksmith-munich-regerplatz\\\/\"]}]},{\"@type\":\"ImageObject\",\"inLanguage\":\"en-US\",\"@id\":\"https:\\\/\\\/www.amper-aufsperrdienst.de\\\/en\\\/locksmith-munich-regerplatz\\\/#primaryimage\",\"url\":\"https:\\\/\\\/www.amper-aufsperrdienst.de\\\/wp-content\\\/uploads\\\/2024\\\/01\\\/amper-aufsperrdienst-regerplatz-Kopie.webp\",\"contentUrl\":\"https:\\\/\\\/www.amper-aufsperrdienst.de\\\/wp-content\\\/uploads\\\/2024\\\/01\\\/amper-aufsperrdienst-regerplatz-Kopie.webp\",\"width\":960,\"height\":360,\"caption\":\"Schl\u00fcsselnotdienst M\u00fcnchen Regerplatz \u2013 Beratung &amp; Montagearbeiten f\u00fcr Einbruchschutz \u2013 schnelle T\u00fcr\u00f6ffnung vom Profi\"},{\"@type\":\"BreadcrumbList\",\"@id\":\"https:\\\/\\\/www.amper-aufsperrdienst.de\\\/en\\\/locksmith-munich-regerplatz\\\/#breadcrumb\",\"itemListElement\":[{\"@type\":\"ListItem\",\"position\":1,\"name\":\"Home\",\"item\":\"https:\\\/\\\/www.amper-aufsperrdienst.de\\\/en\\\/\"},{\"@type\":\"ListItem\",\"position\":2,\"name\":\"Locksmith Munich Regerplatz\"}]},{\"@type\":\"WebSite\",\"@id\":\"https:\\\/\\\/www.amper-aufsperrdienst.de\\\/en\\\/#website\",\"url\":\"https:\\\/\\\/www.amper-aufsperrdienst.de\\\/en\\\/\",\"name\":\"Locksmith for Munich, Dachau and F\u00fcrstenfeldbruck\",\"description\":\"Amper Aufsperrdienst\",\"potentialAction\":[{\"@type\":\"SearchAction\",\"target\":{\"@type\":\"EntryPoint\",\"urlTemplate\":\"https:\\\/\\\/www.amper-aufsperrdienst.de\\\/en\\\/?s={search_term_string}\"},\"query-input\":{\"@type\":\"PropertyValueSpecification\",\"valueRequired\":true,\"valueName\":\"search_term_string\"}}],\"inLanguage\":\"en-US\"}]}<\/script>\n<!-- \/ Yoast SEO plugin. -->","yoast_head_json":{"title":"Munich Locksmith Regerplatz: fixed price from 52 EUR","description":"Experienced & traditional locksmith service Munich Regerplatz in the third generation: friendly locksmiths with special tools for damage-free door opening in about 30 minutes. Fixed price guarantee, free emergency number, and 24\/7 emergency service! Call us for free, whether it's a weekday, Sunday, or public holiday!","robots":{"index":"index","follow":"follow","max-snippet":"max-snippet:-1","max-image-preview":"max-image-preview:large","max-video-preview":"max-video-preview:-1"},"canonical":"https:\/\/www.amper-aufsperrdienst.de\/en\/locksmith-munich-regerplatz\/","og_locale":"en_US","og_type":"article","og_title":"Munich Locksmith Regerplatz: fixed price from 52 EUR","og_description":"Experienced & traditional locksmith service Munich Regerplatz in the third generation: friendly locksmiths with special tools for damage-free door opening in about 30 minutes. Fixed price guarantee, free emergency number, and 24\/7 emergency service! Call us for free, whether it's a weekday, Sunday, or public holiday!","og_url":"https:\/\/www.amper-aufsperrdienst.de\/en\/locksmith-munich-regerplatz\/","og_site_name":"Locksmith for Munich, Dachau and F\u00fcrstenfeldbruck","article_modified_time":"2026-02-11T07:07:36+00:00","og_image":[{"width":960,"height":360,"url":"https:\/\/www.amper-aufsperrdienst.de\/wp-content\/uploads\/2024\/01\/amper-aufsperrdienst-regerplatz-Kopie.webp","type":"image\/webp"}],"twitter_misc":{"Est. reading time":"4 minutes"},"schema":{"@context":"https:\/\/schema.org","@graph":[{"@type":"WebPage","@id":"https:\/\/www.amper-aufsperrdienst.de\/en\/locksmith-munich-regerplatz\/","url":"https:\/\/www.amper-aufsperrdienst.de\/en\/locksmith-munich-regerplatz\/","name":"Munich Locksmith Regerplatz: fixed price from 52 EUR","isPartOf":{"@id":"https:\/\/www.amper-aufsperrdienst.de\/en\/#website"},"primaryImageOfPage":{"@id":"https:\/\/www.amper-aufsperrdienst.de\/en\/locksmith-munich-regerplatz\/#primaryimage"},"image":{"@id":"https:\/\/www.amper-aufsperrdienst.de\/en\/locksmith-munich-regerplatz\/#primaryimage"},"thumbnailUrl":"https:\/\/www.amper-aufsperrdienst.de\/wp-content\/uploads\/2024\/01\/amper-aufsperrdienst-regerplatz-Kopie.webp","datePublished":"2018-03-01T00:47:31+00:00","dateModified":"2026-02-11T07:07:36+00:00","description":"Experienced & traditional locksmith service Munich Regerplatz in the third generation: friendly locksmiths with special tools for damage-free door opening in about 30 minutes. Fixed price guarantee, free emergency number, and 24\/7 emergency service! Call us for free, whether it's a weekday, Sunday, or public holiday!","breadcrumb":{"@id":"https:\/\/www.amper-aufsperrdienst.de\/en\/locksmith-munich-regerplatz\/#breadcrumb"},"inLanguage":"en-US","potentialAction":[{"@type":"ReadAction","target":["https:\/\/www.amper-aufsperrdienst.de\/en\/locksmith-munich-regerplatz\/"]}]},{"@type":"ImageObject","inLanguage":"en-US","@id":"https:\/\/www.amper-aufsperrdienst.de\/en\/locksmith-munich-regerplatz\/#primaryimage","url":"https:\/\/www.amper-aufsperrdienst.de\/wp-content\/uploads\/2024\/01\/amper-aufsperrdienst-regerplatz-Kopie.webp","contentUrl":"https:\/\/www.amper-aufsperrdienst.de\/wp-content\/uploads\/2024\/01\/amper-aufsperrdienst-regerplatz-Kopie.webp","width":960,"height":360,"caption":"Schl\u00fcsselnotdienst M\u00fcnchen Regerplatz \u2013 Beratung &amp; Montagearbeiten f\u00fcr Einbruchschutz \u2013 schnelle T\u00fcr\u00f6ffnung vom Profi"},{"@type":"BreadcrumbList","@id":"https:\/\/www.amper-aufsperrdienst.de\/en\/locksmith-munich-regerplatz\/#breadcrumb","itemListElement":[{"@type":"ListItem","position":1,"name":"Home","item":"https:\/\/www.amper-aufsperrdienst.de\/en\/"},{"@type":"ListItem","position":2,"name":"Locksmith Munich Regerplatz"}]},{"@type":"WebSite","@id":"https:\/\/www.amper-aufsperrdienst.de\/en\/#website","url":"https:\/\/www.amper-aufsperrdienst.de\/en\/","name":"Locksmith for Munich, Dachau and F\u00fcrstenfeldbruck","description":"Amper Aufsperrdienst","potentialAction":[{"@type":"SearchAction","target":{"@type":"EntryPoint","urlTemplate":"https:\/\/www.amper-aufsperrdienst.de\/en\/?s={search_term_string}"},"query-input":{"@type":"PropertyValueSpecification","valueRequired":true,"valueName":"search_term_string"}}],"inLanguage":"en-US"}]}},"_links":{"self":[{"href":"https:\/\/www.amper-aufsperrdienst.de\/en\/wp-json\/wp\/v2\/pages\/13211","targetHints":{"allow":["GET"]}}],"collection":[{"href":"https:\/\/www.amper-aufsperrdienst.de\/en\/wp-json\/wp\/v2\/pages"}],"about":[{"href":"https:\/\/www.amper-aufsperrdienst.de\/en\/wp-json\/wp\/v2\/types\/page"}],"author":[{"embeddable":true,"href":"https:\/\/www.amper-aufsperrdienst.de\/en\/wp-json\/wp\/v2\/users\/2"}],"replies":[{"embeddable":true,"href":"https:\/\/www.amper-aufsperrdienst.de\/en\/wp-json\/wp\/v2\/comments?post=13211"}],"version-history":[{"count":3,"href":"https:\/\/www.amper-aufsperrdienst.de\/en\/wp-json\/wp\/v2\/pages\/13211\/revisions"}],"predecessor-version":[{"id":15251,"href":"https:\/\/www.amper-aufsperrdienst.de\/en\/wp-json\/wp\/v2\/pages\/13211\/revisions\/15251"}],"wp:featuredmedia":[{"embeddable":true,"href":"https:\/\/www.amper-aufsperrdienst.de\/en\/wp-json\/wp\/v2\/media\/13210"}],"wp:attachment":[{"href":"https:\/\/www.amper-aufsperrdienst.de\/en\/wp-json\/wp\/v2\/media?parent=13211"}],"curies":[{"name":"wp","href":"https:\/\/api.w.org\/{rel}","templated":true}]}}