{"id":13283,"date":"2017-12-05T07:09:28","date_gmt":"2017-12-05T05:09:28","guid":{"rendered":"https:\/\/www.amper-aufsperrdienst.de\/schluesseldienst-wolfersdorf\/"},"modified":"2026-01-28T08:15:33","modified_gmt":"2026-01-28T06:15:33","slug":"locksmith-wolfersdorf","status":"publish","type":"page","link":"https:\/\/www.amper-aufsperrdienst.de\/en\/locksmith-wolfersdorf\/","title":{"rendered":"Locksmith Wolfersdorf"},"content":{"rendered":"<p><img loading=\"lazy\" decoding=\"async\" class=\"alignleft\" style=\"margin-bottom: 5px !important;\" src=\"https:\/\/www.amper-aufsperrdienst.de\/wp-content\/uploads\/2021\/03\/schluesseldienst-wolfersdorf-festpreis-ab-52-siegel.jpg\" alt=\"Amper Locksmith Opening Service wolfersdorf with fixed price from 52,- EUR\" width=\"250\" height=\"250\" \/><\/p>\n<p>Is your front door locked and have you lost your key? Have you misplaced your key somewhere, or is your bag with the keyring also gone? Does your key no longer work because it is very old and worn out? No matter the reason you are standing in front of a closed or locked front door, the Amper Unlocking Service can assist you professionally and at a fair fixed price. As the Wolfersdorf locksmith service, we have a long tradition and, already in the third generation, unlock all kinds of front doors without damage and at a fixed price.<\/p>\n          <!-- tarif -->\n<h2><b><span style=\"vertical-align: inherit;\"><span style=\"vertical-align: inherit;\">Our binding fixed prices start from \u20ac52.<\/span><\/span><\/b><\/h2>\n<p>Amper Locksmith Service is a fair locksmith service with transparent fixed prices:<\/p>\n<div class=\"table-title\">\n\tPRICE LIST  UNLOCK\n<\/div>\n<!-- Table part-->\n<table class=\"table\">\n  <thead class=\"header\">\n\t  <tr>\n     \t <th scope=\"col\">Time<\/th>\n     \t <th scope=\"col\">8 - 18<\/th>\n     \t <th scope=\"col\">18 - 22<\/th>\n     \t <th scope=\"col\">22 - 8<\/th>\n\t<\/tr>\n  <\/thead>\n  <tbody>\n     \t  <tr class=\"weekdays\">\n     \t  \t  <td class=\"tag\" data-label=\"Time\">Mo - Fr<\/td>\n     \t  \t  <td class=\"hrs tag\" data-label=\"8 - 18\">52,- \u20ac<\/td>\n     \t  \t  <td class=\"tag space\" data-label=\"18 - 22\">82,- \u20ac<\/td>\n     \t  \t  <td data-label=\"22 - 8\">95,- \u20ac<\/td>\n     \t  <\/tr>\n     <tr class=\"weekends\">\n     \t  \t  <td class=\"tag\" data-label=\"Time\">Sa<\/td>\n     \t  \t  <td class=\"tag\" data-label=\"8 - 18\">95,- \u20ac<\/td>\n     \t  \t  <td class=\"tag\" data-label=\"18 - 22\">95,- \u20ac<\/td>\n     \t  \t  <td data-label=\"22 - 8\">125,- \u20ac<\/td>\n     \t  <\/tr>\n     <tr class=\"holidays\">\n     \t  \t  <td class=\"tag\" data-label=\"Time\">So & holiday<\/td>\n     \t  \t  <td class=\"tag\" data-label=\"8 - 18\">125,- \u20ac<\/td>\n     \t  \t  <td class=\"tag\" data-label=\"18 - 22\">125,-\u20ac<\/td>\n     \t  \t  <td data-label=\"22 - 8\">125,-\u20ac<\/td>\n     \t  <\/tr>\n     <\/tbody>\n<\/table>\n<!-- Table Description-->\n<div class=\"table-description\">\n\t<em>Please call to inquire about travel costs.<\/em>\n<\/div>\n<!-- Wordings below -->\n<div class=\"wordings\">\n<p>The prices listed in this table are binding for unlocking a door that has slammed shut or been pulled shut (without self-locking mechanisms). Please feel free to contact us if you would like a price quote for other locksmith services. We will gladly provide you with a transparent, fixed-price offer.<\/p>\n<\/div>\n\n<!-- END Wordings -->\n\n\n\n<div class=\"ansprech\">Experienced locksmith service in Wolfersdorf with friendly staff<br \/>\n<h3 class=\"phone mobilesOnly\"><a href=\"tel:+498000131131\">0800 \/ 0 131 131<\/a><\/h3><h3 class=\"phone desktopOnly\"><a href=\"tel:+498000131131\">0800 \/ 0 131 131<\/a><\/h3>24-hour door opening at a fair fixed price, free emergency phone number<\/div>\n<h2>The municipality of Wolfersdorf in the district of Freising<\/h2>\n<p>The municipality of Wolfersdorf is located in the Upper Bavarian district of Freising and belongs to the administrative community of Zolling. Around 2,500 people live here on an area of 26.05 square kilometers. The postal code of Wolfersdorf is 85395, and the area code is 08168.<\/p>\n<p>The small but charming community is made up of a total of 17 districts. In alphabetical order, they are: Alsdorf, Badendorf, Berghaselbach, Billingsdorf, Heigenhausen, J\u00e4gersdorf, Kaltenberg, Kastenhofen, Oberhaindlfing, Ruhpalzing, Seel, S\u00f6rzen, Thonhausen, Unterhaindlfing, W\u00f6lfing, Wolfersdorf, and Zum F\u00fcrst.<\/p>\n<h2>Wolfersdorf Locksmith: 24-Hour Emergency Service with a Fair Fixed Price<\/h2>\n<p>Do you urgently need a locksmith for one of the neighborhoods just mentioned, who offers a 24-hour emergency service and also provides services at a fair fixed price? You are in exactly the right place with us! We are experienced, competent, fast, reliable, and friendly. We have been unlocking front doors without damage for three generations and will gladly give you a fair fixed-price quote during your free phone call. Of course, we adhere to this price. There will definitely be no price changes after the work is done!<\/p>\n<h2>At your service around the clock!<\/h2>\n<p>The Amper Locksmith Service is a true emergency locksmith service and therefore has no opening hours. We are simply at your service around the clock, even on Sundays and public holidays. Did you accidentally lock yourself out at Christmas or Easter? Or are you standing in front of a closed or shut front door in Wolfersdorf on New Year&#8217;s Eve? Our experts are happy to help you even when other locksmiths have long since closed!<\/p>\n<h2>Door unlocking with special tool<\/h2>\n<p>When we come to your home to unlock your door without causing any damage, we always bring the best specialized tools. Our staff are, of course, thoroughly trained in using them. They are also very precise, careful, and competent. Our goal is to continue leaving no damage to the door, frame, lock, or door jamb in over 99% of our unlocking jobs. This is only possible with the highest precision and professionalism.<\/p>\n<p>Are you currently looking for a fast, professional, and affordable locksmith in Wolfersdorf who is also happy to unlock locked or shut doors at a fixed price? Feel free to call us! Our free emergency number is available around the clock!<\/p>\n<div class=\"ansprech\">Experienced locksmith in Wolfersdorf with friendly staff<br \/>\n<h3 class=\"phone mobilesOnly\"><a href=\"tel:+498000131131\">0800 \/ 0 131 131<\/a><\/h3><h3 class=\"phone desktopOnly\"><a href=\"tel:+498000131131\">0800 \/ 0 131 131<\/a><\/h3>24-hour door opening at a fair fixed price, free emergency phone number<\/div>\n","protected":false},"excerpt":{"rendered":"<p>Is your front door locked and have you lost your key? Have you misplaced your key somewhere, or is your bag with the keyring also gone? Does your key no longer work because it is very old and worn out? No matter the reason you are standing in front of a closed or locked front [&hellip;]<\/p>\n","protected":false},"author":2,"featured_media":11004,"parent":0,"menu_order":0,"comment_status":"closed","ping_status":"closed","template":"","meta":{"footnotes":"","_links_to":"","_links_to_target":""},"class_list":["post-13283","page","type-page","status-publish","has-post-thumbnail","hentry"],"yoast_head":"<!-- This site is optimized with the Yoast SEO plugin v27.4 - https:\/\/yoast.com\/product\/yoast-seo-wordpress\/ -->\n<title>Wolfersdorf Locksmith: fixed price from 52 EUR<\/title>\n<meta name=\"description\" content=\"Wolfersdorf locksmith with fixed price guarantee, friendly staff &amp; free emergency number: non-destructive door opening, even at night &amp; on holidays!\" \/>\n<meta name=\"robots\" content=\"index, follow, max-snippet:-1, max-image-preview:large, max-video-preview:-1\" \/>\n<link rel=\"canonical\" href=\"https:\/\/www.amper-aufsperrdienst.de\/en\/locksmith-wolfersdorf\/\" \/>\n<meta property=\"og:locale\" content=\"en_US\" \/>\n<meta property=\"og:type\" content=\"article\" \/>\n<meta property=\"og:title\" content=\"Wolfersdorf Locksmith: fixed price from 52 EUR\" \/>\n<meta property=\"og:description\" content=\"Wolfersdorf locksmith with fixed price guarantee, friendly staff &amp; free emergency number: non-destructive door opening, even at night &amp; on holidays!\" \/>\n<meta property=\"og:url\" content=\"https:\/\/www.amper-aufsperrdienst.de\/en\/locksmith-wolfersdorf\/\" \/>\n<meta property=\"og:site_name\" content=\"Locksmith for Munich, Dachau and F\u00fcrstenfeldbruck\" \/>\n<meta property=\"article:modified_time\" content=\"2026-01-28T06:15:33+00:00\" \/>\n<meta property=\"og:image\" content=\"https:\/\/www.amper-aufsperrdienst.de\/wp-content\/uploads\/2014\/12\/header-freising.jpg\" \/>\n\t<meta property=\"og:image:width\" content=\"960\" \/>\n\t<meta property=\"og:image:height\" content=\"360\" \/>\n\t<meta property=\"og:image:type\" content=\"image\/jpeg\" \/>\n<meta name=\"twitter:label1\" content=\"Est. reading time\" \/>\n\t<meta name=\"twitter:data1\" content=\"4 minutes\" \/>\n<script type=\"application\/ld+json\" class=\"yoast-schema-graph\">{\"@context\":\"https:\\\/\\\/schema.org\",\"@graph\":[{\"@type\":\"WebPage\",\"@id\":\"https:\\\/\\\/www.amper-aufsperrdienst.de\\\/en\\\/locksmith-wolfersdorf\\\/\",\"url\":\"https:\\\/\\\/www.amper-aufsperrdienst.de\\\/en\\\/locksmith-wolfersdorf\\\/\",\"name\":\"Wolfersdorf Locksmith: fixed price from 52 EUR\",\"isPartOf\":{\"@id\":\"https:\\\/\\\/www.amper-aufsperrdienst.de\\\/en\\\/#website\"},\"primaryImageOfPage\":{\"@id\":\"https:\\\/\\\/www.amper-aufsperrdienst.de\\\/en\\\/locksmith-wolfersdorf\\\/#primaryimage\"},\"image\":{\"@id\":\"https:\\\/\\\/www.amper-aufsperrdienst.de\\\/en\\\/locksmith-wolfersdorf\\\/#primaryimage\"},\"thumbnailUrl\":\"https:\\\/\\\/www.amper-aufsperrdienst.de\\\/wp-content\\\/uploads\\\/2014\\\/12\\\/header-freising.jpg\",\"datePublished\":\"2017-12-05T05:09:28+00:00\",\"dateModified\":\"2026-01-28T06:15:33+00:00\",\"description\":\"Wolfersdorf locksmith with fixed price guarantee, friendly staff & free emergency number: non-destructive door opening, even at night & on holidays!\",\"breadcrumb\":{\"@id\":\"https:\\\/\\\/www.amper-aufsperrdienst.de\\\/en\\\/locksmith-wolfersdorf\\\/#breadcrumb\"},\"inLanguage\":\"en-US\",\"potentialAction\":[{\"@type\":\"ReadAction\",\"target\":[\"https:\\\/\\\/www.amper-aufsperrdienst.de\\\/en\\\/locksmith-wolfersdorf\\\/\"]}]},{\"@type\":\"ImageObject\",\"inLanguage\":\"en-US\",\"@id\":\"https:\\\/\\\/www.amper-aufsperrdienst.de\\\/en\\\/locksmith-wolfersdorf\\\/#primaryimage\",\"url\":\"https:\\\/\\\/www.amper-aufsperrdienst.de\\\/wp-content\\\/uploads\\\/2014\\\/12\\\/header-freising.jpg\",\"contentUrl\":\"https:\\\/\\\/www.amper-aufsperrdienst.de\\\/wp-content\\\/uploads\\\/2014\\\/12\\\/header-freising.jpg\",\"width\":960,\"height\":360},{\"@type\":\"BreadcrumbList\",\"@id\":\"https:\\\/\\\/www.amper-aufsperrdienst.de\\\/en\\\/locksmith-wolfersdorf\\\/#breadcrumb\",\"itemListElement\":[{\"@type\":\"ListItem\",\"position\":1,\"name\":\"Home\",\"item\":\"https:\\\/\\\/www.amper-aufsperrdienst.de\\\/en\\\/\"},{\"@type\":\"ListItem\",\"position\":2,\"name\":\"Locksmith Wolfersdorf\"}]},{\"@type\":\"WebSite\",\"@id\":\"https:\\\/\\\/www.amper-aufsperrdienst.de\\\/en\\\/#website\",\"url\":\"https:\\\/\\\/www.amper-aufsperrdienst.de\\\/en\\\/\",\"name\":\"Locksmith for Munich, Dachau and F\u00fcrstenfeldbruck\",\"description\":\"Amper Aufsperrdienst\",\"potentialAction\":[{\"@type\":\"SearchAction\",\"target\":{\"@type\":\"EntryPoint\",\"urlTemplate\":\"https:\\\/\\\/www.amper-aufsperrdienst.de\\\/en\\\/?s={search_term_string}\"},\"query-input\":{\"@type\":\"PropertyValueSpecification\",\"valueRequired\":true,\"valueName\":\"search_term_string\"}}],\"inLanguage\":\"en-US\"}]}<\/script>\n<!-- \/ Yoast SEO plugin. -->","yoast_head_json":{"title":"Wolfersdorf Locksmith: fixed price from 52 EUR","description":"Wolfersdorf locksmith with fixed price guarantee, friendly staff & free emergency number: non-destructive door opening, even at night & on holidays!","robots":{"index":"index","follow":"follow","max-snippet":"max-snippet:-1","max-image-preview":"max-image-preview:large","max-video-preview":"max-video-preview:-1"},"canonical":"https:\/\/www.amper-aufsperrdienst.de\/en\/locksmith-wolfersdorf\/","og_locale":"en_US","og_type":"article","og_title":"Wolfersdorf Locksmith: fixed price from 52 EUR","og_description":"Wolfersdorf locksmith with fixed price guarantee, friendly staff & free emergency number: non-destructive door opening, even at night & on holidays!","og_url":"https:\/\/www.amper-aufsperrdienst.de\/en\/locksmith-wolfersdorf\/","og_site_name":"Locksmith for Munich, Dachau and F\u00fcrstenfeldbruck","article_modified_time":"2026-01-28T06:15:33+00:00","og_image":[{"width":960,"height":360,"url":"https:\/\/www.amper-aufsperrdienst.de\/wp-content\/uploads\/2014\/12\/header-freising.jpg","type":"image\/jpeg"}],"twitter_misc":{"Est. reading time":"4 minutes"},"schema":{"@context":"https:\/\/schema.org","@graph":[{"@type":"WebPage","@id":"https:\/\/www.amper-aufsperrdienst.de\/en\/locksmith-wolfersdorf\/","url":"https:\/\/www.amper-aufsperrdienst.de\/en\/locksmith-wolfersdorf\/","name":"Wolfersdorf Locksmith: fixed price from 52 EUR","isPartOf":{"@id":"https:\/\/www.amper-aufsperrdienst.de\/en\/#website"},"primaryImageOfPage":{"@id":"https:\/\/www.amper-aufsperrdienst.de\/en\/locksmith-wolfersdorf\/#primaryimage"},"image":{"@id":"https:\/\/www.amper-aufsperrdienst.de\/en\/locksmith-wolfersdorf\/#primaryimage"},"thumbnailUrl":"https:\/\/www.amper-aufsperrdienst.de\/wp-content\/uploads\/2014\/12\/header-freising.jpg","datePublished":"2017-12-05T05:09:28+00:00","dateModified":"2026-01-28T06:15:33+00:00","description":"Wolfersdorf locksmith with fixed price guarantee, friendly staff & free emergency number: non-destructive door opening, even at night & on holidays!","breadcrumb":{"@id":"https:\/\/www.amper-aufsperrdienst.de\/en\/locksmith-wolfersdorf\/#breadcrumb"},"inLanguage":"en-US","potentialAction":[{"@type":"ReadAction","target":["https:\/\/www.amper-aufsperrdienst.de\/en\/locksmith-wolfersdorf\/"]}]},{"@type":"ImageObject","inLanguage":"en-US","@id":"https:\/\/www.amper-aufsperrdienst.de\/en\/locksmith-wolfersdorf\/#primaryimage","url":"https:\/\/www.amper-aufsperrdienst.de\/wp-content\/uploads\/2014\/12\/header-freising.jpg","contentUrl":"https:\/\/www.amper-aufsperrdienst.de\/wp-content\/uploads\/2014\/12\/header-freising.jpg","width":960,"height":360},{"@type":"BreadcrumbList","@id":"https:\/\/www.amper-aufsperrdienst.de\/en\/locksmith-wolfersdorf\/#breadcrumb","itemListElement":[{"@type":"ListItem","position":1,"name":"Home","item":"https:\/\/www.amper-aufsperrdienst.de\/en\/"},{"@type":"ListItem","position":2,"name":"Locksmith Wolfersdorf"}]},{"@type":"WebSite","@id":"https:\/\/www.amper-aufsperrdienst.de\/en\/#website","url":"https:\/\/www.amper-aufsperrdienst.de\/en\/","name":"Locksmith for Munich, Dachau and F\u00fcrstenfeldbruck","description":"Amper Aufsperrdienst","potentialAction":[{"@type":"SearchAction","target":{"@type":"EntryPoint","urlTemplate":"https:\/\/www.amper-aufsperrdienst.de\/en\/?s={search_term_string}"},"query-input":{"@type":"PropertyValueSpecification","valueRequired":true,"valueName":"search_term_string"}}],"inLanguage":"en-US"}]}},"_links":{"self":[{"href":"https:\/\/www.amper-aufsperrdienst.de\/en\/wp-json\/wp\/v2\/pages\/13283","targetHints":{"allow":["GET"]}}],"collection":[{"href":"https:\/\/www.amper-aufsperrdienst.de\/en\/wp-json\/wp\/v2\/pages"}],"about":[{"href":"https:\/\/www.amper-aufsperrdienst.de\/en\/wp-json\/wp\/v2\/types\/page"}],"author":[{"embeddable":true,"href":"https:\/\/www.amper-aufsperrdienst.de\/en\/wp-json\/wp\/v2\/users\/2"}],"replies":[{"embeddable":true,"href":"https:\/\/www.amper-aufsperrdienst.de\/en\/wp-json\/wp\/v2\/comments?post=13283"}],"version-history":[{"count":1,"href":"https:\/\/www.amper-aufsperrdienst.de\/en\/wp-json\/wp\/v2\/pages\/13283\/revisions"}],"predecessor-version":[{"id":13296,"href":"https:\/\/www.amper-aufsperrdienst.de\/en\/wp-json\/wp\/v2\/pages\/13283\/revisions\/13296"}],"wp:featuredmedia":[{"embeddable":true,"href":"https:\/\/www.amper-aufsperrdienst.de\/en\/wp-json\/wp\/v2\/media\/11004"}],"wp:attachment":[{"href":"https:\/\/www.amper-aufsperrdienst.de\/en\/wp-json\/wp\/v2\/media?parent=13283"}],"curies":[{"name":"wp","href":"https:\/\/api.w.org\/{rel}","templated":true}]}}