{"id":13302,"date":"2017-12-02T10:31:55","date_gmt":"2017-12-02T08:31:55","guid":{"rendered":"https:\/\/www.amper-aufsperrdienst.de\/schlusseldienst-worthsee\/"},"modified":"2026-01-28T08:16:35","modified_gmt":"2026-01-28T06:16:35","slug":"locksmith-worthsee","status":"publish","type":"page","link":"https:\/\/www.amper-aufsperrdienst.de\/en\/locksmith-worthsee\/","title":{"rendered":"Locksmith W\u00f6rthsee"},"content":{"rendered":"<p><img loading=\"lazy\" decoding=\"async\" class=\"alignleft\" style=\"margin-bottom: 5px !important;\" src=\"https:\/\/www.amper-aufsperrdienst.de\/wp-content\/uploads\/2021\/03\/schluesseldienst-woerthsee-festpreis-ab-52-siegel.jpg\" alt=\"Amper Locksmith Opening Service woerthsee with fixed price from 52,- EUR\" width=\"250\" height=\"250\" \/><\/p>\n<p>You were just at Lake W\u00f6rth to recharge, when on your way home you had to realize with horror that your keyring is not in your pocket? You\u2019ve locked yourself out, can\u2019t get back into your house, and now want to hire a reliable and friendly locksmith in W\u00f6rthsee who also offers services at a fair fixed price? Call us anytime for free, we are happy to be available around the clock. We specialize in fast, non-damaging door openings and have been offering this service for three generations.<\/p>\n          <!-- tarif -->\n<h2><b><span style=\"vertical-align: inherit;\"><span style=\"vertical-align: inherit;\">Our binding fixed prices start from \u20ac52.<\/span><\/span><\/b><\/h2>\n<p>Amper Locksmith Service is a fair locksmith service with transparent fixed prices:<\/p>\n<div class=\"table-title\">\n\tPRICE LIST  UNLOCK\n<\/div>\n<!-- Table part-->\n<table class=\"table\">\n  <thead class=\"header\">\n\t  <tr>\n     \t <th scope=\"col\">Time<\/th>\n     \t <th scope=\"col\">8 - 18<\/th>\n     \t <th scope=\"col\">18 - 22<\/th>\n     \t <th scope=\"col\">22 - 8<\/th>\n\t<\/tr>\n  <\/thead>\n  <tbody>\n     \t  <tr class=\"weekdays\">\n     \t  \t  <td class=\"tag\" data-label=\"Time\">Mo - Fr<\/td>\n     \t  \t  <td class=\"hrs tag\" data-label=\"8 - 18\">52,- \u20ac<\/td>\n     \t  \t  <td class=\"tag space\" data-label=\"18 - 22\">82,- \u20ac<\/td>\n     \t  \t  <td data-label=\"22 - 8\">95,- \u20ac<\/td>\n     \t  <\/tr>\n     <tr class=\"weekends\">\n     \t  \t  <td class=\"tag\" data-label=\"Time\">Sa<\/td>\n     \t  \t  <td class=\"tag\" data-label=\"8 - 18\">95,- \u20ac<\/td>\n     \t  \t  <td class=\"tag\" data-label=\"18 - 22\">95,- \u20ac<\/td>\n     \t  \t  <td data-label=\"22 - 8\">125,- \u20ac<\/td>\n     \t  <\/tr>\n     <tr class=\"holidays\">\n     \t  \t  <td class=\"tag\" data-label=\"Time\">So & holiday<\/td>\n     \t  \t  <td class=\"tag\" data-label=\"8 - 18\">125,- \u20ac<\/td>\n     \t  \t  <td class=\"tag\" data-label=\"18 - 22\">125,-\u20ac<\/td>\n     \t  \t  <td data-label=\"22 - 8\">125,-\u20ac<\/td>\n     \t  <\/tr>\n     <\/tbody>\n<\/table>\n<!-- Table Description-->\n<div class=\"table-description\">\n\t<em>Please call to inquire about travel costs.<\/em>\n<\/div>\n<!-- Wordings below -->\n<div class=\"wordings\">\n<p>The prices listed in this table are binding for unlocking a door that has slammed shut or been pulled shut (without self-locking mechanisms). Please feel free to contact us if you would like a price quote for other locksmith services. We will gladly provide you with a transparent, fixed-price offer.<\/p>\n<\/div>\n\n<!-- END Wordings -->\n\n\n\n<div class=\"ansprech\">Reliable locksmith W\u00f6rthsee with affordable fixed prices<br \/>\n<h3 class=\"phone mobilesOnly\"><a href=\"tel:+498000131131\">0800 \/ 0 131 131<\/a><\/h3><h3 class=\"phone desktopOnly\"><a href=\"tel:+498000131131\">0800 \/ 0 131 131<\/a><\/h3>Available around the clock and free to reach at any time<\/div>\n<h2>The municipality of W\u00f6rthsee in the district of Starnberg<\/h2>\n<p>The municipality of W\u00f6rthsee is located in the north of the Starnberg district, right on the beautiful W\u00f6rthsee. Over 5,000 residents already live here on an area of 20.42 square kilometers. The postal code of W\u00f6rthsee is 82237, and the two area codes are 08153 and 08143.<\/p>\n<p>The district town of Starnberg is located about 15 km southeast of W\u00f6rthsee. The municipality consists of the following districts: Auing, Etterschlag, Schluifeld, Schluisee, Steinebach am W\u00f6rthsee, Walchstadt, and Waldbrunn.<\/p>\n<p>The neighboring municipalities of W\u00f6rthsee are Gilching to the northeast, We\u00dfling to the east, Seefeld to the southeast and south, and Inning to the west. To the northwest lies the district of F\u00fcrstenfeldbruck.<\/p>\n<h2>W\u00f6rthsee Locksmith: Transparent Flat Rate for Fast Door Opening<\/h2>\n<p>Do you need a transparent and professional locksmith service for the municipality of W\u00f6rthsee or for one of the aforementioned parts of the municipality, one that is not only very fast but also offers attractive fixed prices? Then don&#8217;t hesitate for a second longer and call the Amper Locksmith Service for free. Its 24-hour emergency number is available at any time, every day of the year. After you have described to us exactly what happened and how we can assist you, we will give you a fixed-price offer based on your description. You can then choose to accept it or not.<\/p>\n<p>It is important in this context that our fixed prices are truly fixed and unchangeable. You may be wondering why we specifically mention this? Unfortunately, there are many bad apples in our industry who lure customers with &#8216;super cheap fixed prices,&#8217; only to add extra charges and travel fees in the end. With Amper Lockout Service, there are no hidden costs!<\/p>\n<h2>Friendly locksmiths with special tools for damage-free door unlocking<\/h2>\n<p>We place the highest value on professionalism, transparency, reliability, and fairness. It is also important to us that our employees are friendly and approach unlocking doors with dedication, care, and precision. Of course, all our staff are equipped with the best professional tools. These are so specialized that they are designed exclusively for damage-free door openings. With expertise, experience, the right tools, and skilled employees, we are able to perform over 99% of our unlockings successfully and without damage. See for yourself and, in this context, it\u2019s best to read through our many excellent 5-star reviews.<\/p>\n<p>Have you locked yourself out and urgently need an experienced, competent, and affordable locksmith in W\u00f6rthsee who is fast and opens doors at a fixed price? Feel free to call us! Amper Lockout Service is surely the right partner for damage-free door opening in the W\u00f6rthsee area!<\/p>\n<div class=\"ansprech\">Reliable locksmith W\u00f6rthsee with affordable fixed prices<br \/>\n<h3 class=\"phone mobilesOnly\"><a href=\"tel:+498000131131\">0800 \/ 0 131 131<\/a><\/h3><h3 class=\"phone desktopOnly\"><a href=\"tel:+498000131131\">0800 \/ 0 131 131<\/a><\/h3>Available around the clock and free of charge at any time<\/div>\n","protected":false},"excerpt":{"rendered":"<p>You were just at Lake W\u00f6rth to recharge, when on your way home you had to realize with horror that your keyring is not in your pocket? You\u2019ve locked yourself out, can\u2019t get back into your house, and now want to hire a reliable and friendly locksmith in W\u00f6rthsee who also offers services at a [&hellip;]<\/p>\n","protected":false},"author":2,"featured_media":11802,"parent":0,"menu_order":0,"comment_status":"closed","ping_status":"closed","template":"","meta":{"footnotes":"","_links_to":"","_links_to_target":""},"class_list":["post-13302","page","type-page","status-publish","has-post-thumbnail","hentry"],"yoast_head":"<!-- This site is optimized with the Yoast SEO plugin v27.4 - https:\/\/yoast.com\/product\/yoast-seo-wordpress\/ -->\n<title>Locksmith W\u00f6rthsee: fixed price from 52 EUR<\/title>\n<meta name=\"description\" content=\"Reliable &amp; fast locksmith service W\u00f6rthsee with fixed price guarantee, free emergency call &amp; 24-hour service: door opening without damage in about 30 minutes.\" \/>\n<meta name=\"robots\" content=\"index, follow, max-snippet:-1, max-image-preview:large, max-video-preview:-1\" \/>\n<link rel=\"canonical\" href=\"https:\/\/www.amper-aufsperrdienst.de\/en\/locksmith-worthsee\/\" \/>\n<meta property=\"og:locale\" content=\"en_US\" \/>\n<meta property=\"og:type\" content=\"article\" \/>\n<meta property=\"og:title\" content=\"Locksmith W\u00f6rthsee: fixed price from 52 EUR\" \/>\n<meta property=\"og:description\" content=\"Reliable &amp; fast locksmith service W\u00f6rthsee with fixed price guarantee, free emergency call &amp; 24-hour service: door opening without damage in about 30 minutes.\" \/>\n<meta property=\"og:url\" content=\"https:\/\/www.amper-aufsperrdienst.de\/en\/locksmith-worthsee\/\" \/>\n<meta property=\"og:site_name\" content=\"Locksmith for Munich, Dachau and F\u00fcrstenfeldbruck\" \/>\n<meta property=\"article:modified_time\" content=\"2026-01-28T06:16:35+00:00\" \/>\n<meta property=\"og:image\" content=\"https:\/\/www.amper-aufsperrdienst.de\/wp-content\/uploads\/2014\/12\/header-starnberg.jpg\" \/>\n\t<meta property=\"og:image:width\" content=\"960\" \/>\n\t<meta property=\"og:image:height\" content=\"360\" \/>\n\t<meta property=\"og:image:type\" content=\"image\/jpeg\" \/>\n<meta name=\"twitter:label1\" content=\"Est. reading time\" \/>\n\t<meta name=\"twitter:data1\" content=\"4 minutes\" \/>\n<script type=\"application\/ld+json\" class=\"yoast-schema-graph\">{\"@context\":\"https:\\\/\\\/schema.org\",\"@graph\":[{\"@type\":\"WebPage\",\"@id\":\"https:\\\/\\\/www.amper-aufsperrdienst.de\\\/en\\\/locksmith-worthsee\\\/\",\"url\":\"https:\\\/\\\/www.amper-aufsperrdienst.de\\\/en\\\/locksmith-worthsee\\\/\",\"name\":\"Locksmith W\u00f6rthsee: fixed price from 52 EUR\",\"isPartOf\":{\"@id\":\"https:\\\/\\\/www.amper-aufsperrdienst.de\\\/en\\\/#website\"},\"primaryImageOfPage\":{\"@id\":\"https:\\\/\\\/www.amper-aufsperrdienst.de\\\/en\\\/locksmith-worthsee\\\/#primaryimage\"},\"image\":{\"@id\":\"https:\\\/\\\/www.amper-aufsperrdienst.de\\\/en\\\/locksmith-worthsee\\\/#primaryimage\"},\"thumbnailUrl\":\"https:\\\/\\\/www.amper-aufsperrdienst.de\\\/wp-content\\\/uploads\\\/2014\\\/12\\\/header-starnberg.jpg\",\"datePublished\":\"2017-12-02T08:31:55+00:00\",\"dateModified\":\"2026-01-28T06:16:35+00:00\",\"description\":\"Reliable & fast locksmith service W\u00f6rthsee with fixed price guarantee, free emergency call & 24-hour service: door opening without damage in about 30 minutes.\",\"breadcrumb\":{\"@id\":\"https:\\\/\\\/www.amper-aufsperrdienst.de\\\/en\\\/locksmith-worthsee\\\/#breadcrumb\"},\"inLanguage\":\"en-US\",\"potentialAction\":[{\"@type\":\"ReadAction\",\"target\":[\"https:\\\/\\\/www.amper-aufsperrdienst.de\\\/en\\\/locksmith-worthsee\\\/\"]}]},{\"@type\":\"ImageObject\",\"inLanguage\":\"en-US\",\"@id\":\"https:\\\/\\\/www.amper-aufsperrdienst.de\\\/en\\\/locksmith-worthsee\\\/#primaryimage\",\"url\":\"https:\\\/\\\/www.amper-aufsperrdienst.de\\\/wp-content\\\/uploads\\\/2014\\\/12\\\/header-starnberg.jpg\",\"contentUrl\":\"https:\\\/\\\/www.amper-aufsperrdienst.de\\\/wp-content\\\/uploads\\\/2014\\\/12\\\/header-starnberg.jpg\",\"width\":960,\"height\":360,\"caption\":\"Schl\u00fcsseldienst f\u00fcr Krailling \u2013 Schnelle T\u00fcr\u00f6ffnung im W\u00fcrmtal \u2013 Einbruchschutz-Experten vom Amper Aufsperrdienst\"},{\"@type\":\"BreadcrumbList\",\"@id\":\"https:\\\/\\\/www.amper-aufsperrdienst.de\\\/en\\\/locksmith-worthsee\\\/#breadcrumb\",\"itemListElement\":[{\"@type\":\"ListItem\",\"position\":1,\"name\":\"Home\",\"item\":\"https:\\\/\\\/www.amper-aufsperrdienst.de\\\/en\\\/\"},{\"@type\":\"ListItem\",\"position\":2,\"name\":\"Locksmith W\u00f6rthsee\"}]},{\"@type\":\"WebSite\",\"@id\":\"https:\\\/\\\/www.amper-aufsperrdienst.de\\\/en\\\/#website\",\"url\":\"https:\\\/\\\/www.amper-aufsperrdienst.de\\\/en\\\/\",\"name\":\"Locksmith for Munich, Dachau and F\u00fcrstenfeldbruck\",\"description\":\"Amper Aufsperrdienst\",\"potentialAction\":[{\"@type\":\"SearchAction\",\"target\":{\"@type\":\"EntryPoint\",\"urlTemplate\":\"https:\\\/\\\/www.amper-aufsperrdienst.de\\\/en\\\/?s={search_term_string}\"},\"query-input\":{\"@type\":\"PropertyValueSpecification\",\"valueRequired\":true,\"valueName\":\"search_term_string\"}}],\"inLanguage\":\"en-US\"}]}<\/script>\n<!-- \/ Yoast SEO plugin. -->","yoast_head_json":{"title":"Locksmith W\u00f6rthsee: fixed price from 52 EUR","description":"Reliable & fast locksmith service W\u00f6rthsee with fixed price guarantee, free emergency call & 24-hour service: door opening without damage in about 30 minutes.","robots":{"index":"index","follow":"follow","max-snippet":"max-snippet:-1","max-image-preview":"max-image-preview:large","max-video-preview":"max-video-preview:-1"},"canonical":"https:\/\/www.amper-aufsperrdienst.de\/en\/locksmith-worthsee\/","og_locale":"en_US","og_type":"article","og_title":"Locksmith W\u00f6rthsee: fixed price from 52 EUR","og_description":"Reliable & fast locksmith service W\u00f6rthsee with fixed price guarantee, free emergency call & 24-hour service: door opening without damage in about 30 minutes.","og_url":"https:\/\/www.amper-aufsperrdienst.de\/en\/locksmith-worthsee\/","og_site_name":"Locksmith for Munich, Dachau and F\u00fcrstenfeldbruck","article_modified_time":"2026-01-28T06:16:35+00:00","og_image":[{"width":960,"height":360,"url":"https:\/\/www.amper-aufsperrdienst.de\/wp-content\/uploads\/2014\/12\/header-starnberg.jpg","type":"image\/jpeg"}],"twitter_misc":{"Est. reading time":"4 minutes"},"schema":{"@context":"https:\/\/schema.org","@graph":[{"@type":"WebPage","@id":"https:\/\/www.amper-aufsperrdienst.de\/en\/locksmith-worthsee\/","url":"https:\/\/www.amper-aufsperrdienst.de\/en\/locksmith-worthsee\/","name":"Locksmith W\u00f6rthsee: fixed price from 52 EUR","isPartOf":{"@id":"https:\/\/www.amper-aufsperrdienst.de\/en\/#website"},"primaryImageOfPage":{"@id":"https:\/\/www.amper-aufsperrdienst.de\/en\/locksmith-worthsee\/#primaryimage"},"image":{"@id":"https:\/\/www.amper-aufsperrdienst.de\/en\/locksmith-worthsee\/#primaryimage"},"thumbnailUrl":"https:\/\/www.amper-aufsperrdienst.de\/wp-content\/uploads\/2014\/12\/header-starnberg.jpg","datePublished":"2017-12-02T08:31:55+00:00","dateModified":"2026-01-28T06:16:35+00:00","description":"Reliable & fast locksmith service W\u00f6rthsee with fixed price guarantee, free emergency call & 24-hour service: door opening without damage in about 30 minutes.","breadcrumb":{"@id":"https:\/\/www.amper-aufsperrdienst.de\/en\/locksmith-worthsee\/#breadcrumb"},"inLanguage":"en-US","potentialAction":[{"@type":"ReadAction","target":["https:\/\/www.amper-aufsperrdienst.de\/en\/locksmith-worthsee\/"]}]},{"@type":"ImageObject","inLanguage":"en-US","@id":"https:\/\/www.amper-aufsperrdienst.de\/en\/locksmith-worthsee\/#primaryimage","url":"https:\/\/www.amper-aufsperrdienst.de\/wp-content\/uploads\/2014\/12\/header-starnberg.jpg","contentUrl":"https:\/\/www.amper-aufsperrdienst.de\/wp-content\/uploads\/2014\/12\/header-starnberg.jpg","width":960,"height":360,"caption":"Schl\u00fcsseldienst f\u00fcr Krailling \u2013 Schnelle T\u00fcr\u00f6ffnung im W\u00fcrmtal \u2013 Einbruchschutz-Experten vom Amper Aufsperrdienst"},{"@type":"BreadcrumbList","@id":"https:\/\/www.amper-aufsperrdienst.de\/en\/locksmith-worthsee\/#breadcrumb","itemListElement":[{"@type":"ListItem","position":1,"name":"Home","item":"https:\/\/www.amper-aufsperrdienst.de\/en\/"},{"@type":"ListItem","position":2,"name":"Locksmith W\u00f6rthsee"}]},{"@type":"WebSite","@id":"https:\/\/www.amper-aufsperrdienst.de\/en\/#website","url":"https:\/\/www.amper-aufsperrdienst.de\/en\/","name":"Locksmith for Munich, Dachau and F\u00fcrstenfeldbruck","description":"Amper Aufsperrdienst","potentialAction":[{"@type":"SearchAction","target":{"@type":"EntryPoint","urlTemplate":"https:\/\/www.amper-aufsperrdienst.de\/en\/?s={search_term_string}"},"query-input":{"@type":"PropertyValueSpecification","valueRequired":true,"valueName":"search_term_string"}}],"inLanguage":"en-US"}]}},"_links":{"self":[{"href":"https:\/\/www.amper-aufsperrdienst.de\/en\/wp-json\/wp\/v2\/pages\/13302","targetHints":{"allow":["GET"]}}],"collection":[{"href":"https:\/\/www.amper-aufsperrdienst.de\/en\/wp-json\/wp\/v2\/pages"}],"about":[{"href":"https:\/\/www.amper-aufsperrdienst.de\/en\/wp-json\/wp\/v2\/types\/page"}],"author":[{"embeddable":true,"href":"https:\/\/www.amper-aufsperrdienst.de\/en\/wp-json\/wp\/v2\/users\/2"}],"replies":[{"embeddable":true,"href":"https:\/\/www.amper-aufsperrdienst.de\/en\/wp-json\/wp\/v2\/comments?post=13302"}],"version-history":[{"count":1,"href":"https:\/\/www.amper-aufsperrdienst.de\/en\/wp-json\/wp\/v2\/pages\/13302\/revisions"}],"predecessor-version":[{"id":13323,"href":"https:\/\/www.amper-aufsperrdienst.de\/en\/wp-json\/wp\/v2\/pages\/13302\/revisions\/13323"}],"wp:featuredmedia":[{"embeddable":true,"href":"https:\/\/www.amper-aufsperrdienst.de\/en\/wp-json\/wp\/v2\/media\/11802"}],"wp:attachment":[{"href":"https:\/\/www.amper-aufsperrdienst.de\/en\/wp-json\/wp\/v2\/media?parent=13302"}],"curies":[{"name":"wp","href":"https:\/\/api.w.org\/{rel}","templated":true}]}}