{"id":13374,"date":"2019-03-21T05:13:31","date_gmt":"2019-03-21T03:13:31","guid":{"rendered":"https:\/\/www.amper-aufsperrdienst.de\/schluesseldienst-muenchen-friedenheimer-strasse\/"},"modified":"2026-01-28T09:06:22","modified_gmt":"2026-01-28T07:06:22","slug":"locksmith-munich-friedenheimer-strase","status":"publish","type":"page","link":"https:\/\/www.amper-aufsperrdienst.de\/en\/locksmith-munich-friedenheimer-strase\/","title":{"rendered":"LOCKSMITH Service Munich Friedenheimer Stra\u00dfe"},"content":{"rendered":"<p><img loading=\"lazy\" decoding=\"async\" class=\"alignleft\" style=\"margin-bottom: 5px !important;\" src=\"https:\/\/www.amper-aufsperrdienst.de\/wp-content\/uploads\/2021\/03\/schluesseldienst-muenchen-friedenheimer-strasse-festpreis-ab-52-siegel.jpg\" alt=\"Amper Locksmith Opening Service muenchen-friedenheimer-strasse with fixed price from 52,- EUR\" width=\"250\" height=\"250\" \/><\/p>\n<h2>The Amper unlocking service will be on the scene immediately if you are locked out on Friedenheimer Street.<\/h2>\n<p>Have you lost your key, left it at home, or broken it off in the lock, leaving you stranded and unable to get in? This is a job for Amper Locksmith Service, your reliable and fast emergency locksmith service for Friedenheimer Stra\u00dfe in Munich.<\/p>\n<p>Simply call our free emergency number if you need us urgently, and one of our conscientious locksmiths will be on their way to you immediately. Our customers usually don&#8217;t have to wait longer than 30 minutes, and unlocking the door itself typically only takes a few minutes.<\/p>\n<p>Despite our speed, meticulousness is paramount when opening doors. If the door has simply slammed shut, we can almost guarantee that we will cause no further damage. Even with modern doors equipped with professional locking cylinders, we can achieve this in most cases, even if they are locked. At Amper Locksmith Service, you&#8217;ll find true professionals who know their craft inside and out. See for yourself!<\/p>\n          <!-- tarif -->\n<h2><b><span style=\"vertical-align: inherit;\"><span style=\"vertical-align: inherit;\">Our binding fixed prices start from \u20ac52.<\/span><\/span><\/b><\/h2>\n<p>Amper Locksmith Service is a fair locksmith service with transparent fixed prices:<\/p>\n<div class=\"table-title\">\n\tPRICE LIST  UNLOCK\n<\/div>\n<!-- Table part-->\n<table class=\"table\">\n  <thead class=\"header\">\n\t  <tr>\n     \t <th scope=\"col\">Time<\/th>\n     \t <th scope=\"col\">8 - 18<\/th>\n     \t <th scope=\"col\">18 - 22<\/th>\n     \t <th scope=\"col\">22 - 8<\/th>\n\t<\/tr>\n  <\/thead>\n  <tbody>\n     \t  <tr class=\"weekdays\">\n     \t  \t  <td class=\"tag\" data-label=\"Time\">Mo - Fr<\/td>\n     \t  \t  <td class=\"hrs tag\" data-label=\"8 - 18\">52,- \u20ac<\/td>\n     \t  \t  <td class=\"tag space\" data-label=\"18 - 22\">82,- \u20ac<\/td>\n     \t  \t  <td data-label=\"22 - 8\">95,- \u20ac<\/td>\n     \t  <\/tr>\n     <tr class=\"weekends\">\n     \t  \t  <td class=\"tag\" data-label=\"Time\">Sa<\/td>\n     \t  \t  <td class=\"tag\" data-label=\"8 - 18\">95,- \u20ac<\/td>\n     \t  \t  <td class=\"tag\" data-label=\"18 - 22\">95,- \u20ac<\/td>\n     \t  \t  <td data-label=\"22 - 8\">125,- \u20ac<\/td>\n     \t  <\/tr>\n     <tr class=\"holidays\">\n     \t  \t  <td class=\"tag\" data-label=\"Time\">So & holiday<\/td>\n     \t  \t  <td class=\"tag\" data-label=\"8 - 18\">125,- \u20ac<\/td>\n     \t  \t  <td class=\"tag\" data-label=\"18 - 22\">125,-\u20ac<\/td>\n     \t  \t  <td data-label=\"22 - 8\">125,-\u20ac<\/td>\n     \t  <\/tr>\n     <\/tbody>\n<\/table>\n<!-- Table Description-->\n<div class=\"table-description\">\n\t<em>Please call to inquire about travel costs.<\/em>\n<\/div>\n<!-- Wordings below -->\n<div class=\"wordings\">\n<p>The prices listed in this table are binding for unlocking a door that has slammed shut or been pulled shut (without self-locking mechanisms). Please feel free to contact us if you would like a price quote for other locksmith services. We will gladly provide you with a transparent, fixed-price offer.<\/p>\n<\/div>\n\n<!-- END Wordings -->\n\n\n\n<h2>24\/7 ON-CALL SERVICE: THE Locksmith MUNICH FRIEDENHEIMER STRASSE<\/h2>\n<p>We are a genuine 24\/7 locksmith service, available every single day of the year, including all holidays. We have no fixed opening hours or waiting lists, just our emergency hotline, which you can always reach us on. As soon as we receive your call, we set off immediately and will be at your location in about half an hour. Speed \u200b\u200bis of the essence when it comes to unlocking doors!<\/p>\n<h2>TRANSPARENT AND FAIR: OUR FIXED PRICE GUARANTEE<\/h2>\n<p>Amper Locksmith Service has been in operation for three generations, and we have always offered our customers a pricing policy that is quite exceptional \u2013 especially for locksmiths. When you call us, please describe your situation in detail, and based on your information, we will immediately calculate a fixed price, which we are happy to tell you right away over the phone. So, even before we arrive, you will know exactly how much you will have to pay. We guarantee the calculated fixed price; you will certainly not pay a single cent more. Our customers greatly appreciate this transparent pricing, as it allows them to know precisely what to expect financially and look forward to being able to return to their homes with peace of mind.<\/p>\n<h2>FRIEDENHEIMER STREET IN MUNICH<\/h2>\n<p>Friedenheimer Stra\u00dfe, located in the Laim district, begins at Viebigplatz and ends at Landsberger Stra\u00dfe. At the intersection of Friedenheimer Stra\u00dfe and Ilse-Weber-Stra\u00dfe, there is a charging station for electric vehicles. You can also stay at the Hotel Apostelstuben, dine at the Chinese restaurant Yong Ling, or visit the Leonhard Betz driving school.<\/p>\n<p>Do you live in or near Friedenheimer Stra\u00dfe in Munich and have unfortunately locked yourself out? Amper Locksmith Service will be there quickly to help in this frustrating situation. Our emergency service is available year-round, even on public holidays \u2013 and with a transparent fixed-price guarantee. Our technicians are extremely friendly and equipped with the best tools!<\/p>\n","protected":false},"excerpt":{"rendered":"<p>The Amper unlocking service will be on the scene immediately if you are locked out on Friedenheimer Street. Have you lost your key, left it at home, or broken it off in the lock, leaving you stranded and unable to get in? This is a job for Amper Locksmith Service, your reliable and fast emergency [&hellip;]<\/p>\n","protected":false},"author":2,"featured_media":0,"parent":0,"menu_order":0,"comment_status":"closed","ping_status":"closed","template":"","meta":{"footnotes":"","_links_to":"","_links_to_target":""},"class_list":["post-13374","page","type-page","status-publish","hentry"],"yoast_head":"<!-- This site is optimized with the Yoast SEO plugin v27.4 - https:\/\/yoast.com\/product\/yoast-seo-wordpress\/ -->\n<title>Locksmith Munich Friedenheimer Stra\u00dfe: from \u20ac52,- fixed price<\/title>\n<meta name=\"description\" content=\"The professional locksmiths from our locksmith service in Munich Friedenheimer Stra\u00dfe are available around the clock to open your door for a fixed price!\" \/>\n<meta name=\"robots\" content=\"index, follow, max-snippet:-1, max-image-preview:large, max-video-preview:-1\" \/>\n<link rel=\"canonical\" href=\"https:\/\/www.amper-aufsperrdienst.de\/en\/locksmith-munich-friedenheimer-strase\/\" \/>\n<meta property=\"og:locale\" content=\"en_US\" \/>\n<meta property=\"og:type\" content=\"article\" \/>\n<meta property=\"og:title\" content=\"Locksmith Munich Friedenheimer Stra\u00dfe: from \u20ac52,- fixed price\" \/>\n<meta property=\"og:description\" content=\"The professional locksmiths from our locksmith service in Munich Friedenheimer Stra\u00dfe are available around the clock to open your door for a fixed price!\" \/>\n<meta property=\"og:url\" content=\"https:\/\/www.amper-aufsperrdienst.de\/en\/locksmith-munich-friedenheimer-strase\/\" \/>\n<meta property=\"og:site_name\" content=\"Locksmith for Munich, Dachau and F\u00fcrstenfeldbruck\" \/>\n<meta property=\"article:modified_time\" content=\"2026-01-28T07:06:22+00:00\" \/>\n<meta property=\"og:image\" content=\"https:\/\/www.amper-aufsperrdienst.de\/wp-content\/uploads\/2021\/03\/schluesseldienst-muenchen-friedenheimer-strasse-festpreis-ab-52-siegel.jpg\" \/>\n<meta name=\"twitter:label1\" content=\"Est. reading time\" \/>\n\t<meta name=\"twitter:data1\" content=\"3 minutes\" \/>\n<script type=\"application\/ld+json\" class=\"yoast-schema-graph\">{\"@context\":\"https:\\\/\\\/schema.org\",\"@graph\":[{\"@type\":\"WebPage\",\"@id\":\"https:\\\/\\\/www.amper-aufsperrdienst.de\\\/en\\\/locksmith-munich-friedenheimer-strase\\\/\",\"url\":\"https:\\\/\\\/www.amper-aufsperrdienst.de\\\/en\\\/locksmith-munich-friedenheimer-strase\\\/\",\"name\":\"Locksmith Munich Friedenheimer Stra\u00dfe: from \u20ac52,- fixed price\",\"isPartOf\":{\"@id\":\"https:\\\/\\\/www.amper-aufsperrdienst.de\\\/en\\\/#website\"},\"primaryImageOfPage\":{\"@id\":\"https:\\\/\\\/www.amper-aufsperrdienst.de\\\/en\\\/locksmith-munich-friedenheimer-strase\\\/#primaryimage\"},\"image\":{\"@id\":\"https:\\\/\\\/www.amper-aufsperrdienst.de\\\/en\\\/locksmith-munich-friedenheimer-strase\\\/#primaryimage\"},\"thumbnailUrl\":\"https:\\\/\\\/www.amper-aufsperrdienst.de\\\/wp-content\\\/uploads\\\/2021\\\/03\\\/schluesseldienst-muenchen-friedenheimer-strasse-festpreis-ab-52-siegel.jpg\",\"datePublished\":\"2019-03-21T03:13:31+00:00\",\"dateModified\":\"2026-01-28T07:06:22+00:00\",\"description\":\"The professional locksmiths from our locksmith service in Munich Friedenheimer Stra\u00dfe are available around the clock to open your door for a fixed price!\",\"breadcrumb\":{\"@id\":\"https:\\\/\\\/www.amper-aufsperrdienst.de\\\/en\\\/locksmith-munich-friedenheimer-strase\\\/#breadcrumb\"},\"inLanguage\":\"en-US\",\"potentialAction\":[{\"@type\":\"ReadAction\",\"target\":[\"https:\\\/\\\/www.amper-aufsperrdienst.de\\\/en\\\/locksmith-munich-friedenheimer-strase\\\/\"]}]},{\"@type\":\"ImageObject\",\"inLanguage\":\"en-US\",\"@id\":\"https:\\\/\\\/www.amper-aufsperrdienst.de\\\/en\\\/locksmith-munich-friedenheimer-strase\\\/#primaryimage\",\"url\":\"https:\\\/\\\/www.amper-aufsperrdienst.de\\\/wp-content\\\/uploads\\\/2021\\\/03\\\/schluesseldienst-muenchen-friedenheimer-strasse-festpreis-ab-52-siegel.jpg\",\"contentUrl\":\"https:\\\/\\\/www.amper-aufsperrdienst.de\\\/wp-content\\\/uploads\\\/2021\\\/03\\\/schluesseldienst-muenchen-friedenheimer-strasse-festpreis-ab-52-siegel.jpg\"},{\"@type\":\"BreadcrumbList\",\"@id\":\"https:\\\/\\\/www.amper-aufsperrdienst.de\\\/en\\\/locksmith-munich-friedenheimer-strase\\\/#breadcrumb\",\"itemListElement\":[{\"@type\":\"ListItem\",\"position\":1,\"name\":\"Home\",\"item\":\"https:\\\/\\\/www.amper-aufsperrdienst.de\\\/en\\\/\"},{\"@type\":\"ListItem\",\"position\":2,\"name\":\"LOCKSMITH Service Munich Friedenheimer Stra\u00dfe\"}]},{\"@type\":\"WebSite\",\"@id\":\"https:\\\/\\\/www.amper-aufsperrdienst.de\\\/en\\\/#website\",\"url\":\"https:\\\/\\\/www.amper-aufsperrdienst.de\\\/en\\\/\",\"name\":\"Locksmith for Munich, Dachau and F\u00fcrstenfeldbruck\",\"description\":\"Amper Aufsperrdienst\",\"potentialAction\":[{\"@type\":\"SearchAction\",\"target\":{\"@type\":\"EntryPoint\",\"urlTemplate\":\"https:\\\/\\\/www.amper-aufsperrdienst.de\\\/en\\\/?s={search_term_string}\"},\"query-input\":{\"@type\":\"PropertyValueSpecification\",\"valueRequired\":true,\"valueName\":\"search_term_string\"}}],\"inLanguage\":\"en-US\"}]}<\/script>\n<!-- \/ Yoast SEO plugin. -->","yoast_head_json":{"title":"Locksmith Munich Friedenheimer Stra\u00dfe: from \u20ac52,- fixed price","description":"The professional locksmiths from our locksmith service in Munich Friedenheimer Stra\u00dfe are available around the clock to open your door for a fixed price!","robots":{"index":"index","follow":"follow","max-snippet":"max-snippet:-1","max-image-preview":"max-image-preview:large","max-video-preview":"max-video-preview:-1"},"canonical":"https:\/\/www.amper-aufsperrdienst.de\/en\/locksmith-munich-friedenheimer-strase\/","og_locale":"en_US","og_type":"article","og_title":"Locksmith Munich Friedenheimer Stra\u00dfe: from \u20ac52,- fixed price","og_description":"The professional locksmiths from our locksmith service in Munich Friedenheimer Stra\u00dfe are available around the clock to open your door for a fixed price!","og_url":"https:\/\/www.amper-aufsperrdienst.de\/en\/locksmith-munich-friedenheimer-strase\/","og_site_name":"Locksmith for Munich, Dachau and F\u00fcrstenfeldbruck","article_modified_time":"2026-01-28T07:06:22+00:00","og_image":[{"url":"https:\/\/www.amper-aufsperrdienst.de\/wp-content\/uploads\/2021\/03\/schluesseldienst-muenchen-friedenheimer-strasse-festpreis-ab-52-siegel.jpg","type":"","width":"","height":""}],"twitter_misc":{"Est. reading time":"3 minutes"},"schema":{"@context":"https:\/\/schema.org","@graph":[{"@type":"WebPage","@id":"https:\/\/www.amper-aufsperrdienst.de\/en\/locksmith-munich-friedenheimer-strase\/","url":"https:\/\/www.amper-aufsperrdienst.de\/en\/locksmith-munich-friedenheimer-strase\/","name":"Locksmith Munich Friedenheimer Stra\u00dfe: from \u20ac52,- fixed price","isPartOf":{"@id":"https:\/\/www.amper-aufsperrdienst.de\/en\/#website"},"primaryImageOfPage":{"@id":"https:\/\/www.amper-aufsperrdienst.de\/en\/locksmith-munich-friedenheimer-strase\/#primaryimage"},"image":{"@id":"https:\/\/www.amper-aufsperrdienst.de\/en\/locksmith-munich-friedenheimer-strase\/#primaryimage"},"thumbnailUrl":"https:\/\/www.amper-aufsperrdienst.de\/wp-content\/uploads\/2021\/03\/schluesseldienst-muenchen-friedenheimer-strasse-festpreis-ab-52-siegel.jpg","datePublished":"2019-03-21T03:13:31+00:00","dateModified":"2026-01-28T07:06:22+00:00","description":"The professional locksmiths from our locksmith service in Munich Friedenheimer Stra\u00dfe are available around the clock to open your door for a fixed price!","breadcrumb":{"@id":"https:\/\/www.amper-aufsperrdienst.de\/en\/locksmith-munich-friedenheimer-strase\/#breadcrumb"},"inLanguage":"en-US","potentialAction":[{"@type":"ReadAction","target":["https:\/\/www.amper-aufsperrdienst.de\/en\/locksmith-munich-friedenheimer-strase\/"]}]},{"@type":"ImageObject","inLanguage":"en-US","@id":"https:\/\/www.amper-aufsperrdienst.de\/en\/locksmith-munich-friedenheimer-strase\/#primaryimage","url":"https:\/\/www.amper-aufsperrdienst.de\/wp-content\/uploads\/2021\/03\/schluesseldienst-muenchen-friedenheimer-strasse-festpreis-ab-52-siegel.jpg","contentUrl":"https:\/\/www.amper-aufsperrdienst.de\/wp-content\/uploads\/2021\/03\/schluesseldienst-muenchen-friedenheimer-strasse-festpreis-ab-52-siegel.jpg"},{"@type":"BreadcrumbList","@id":"https:\/\/www.amper-aufsperrdienst.de\/en\/locksmith-munich-friedenheimer-strase\/#breadcrumb","itemListElement":[{"@type":"ListItem","position":1,"name":"Home","item":"https:\/\/www.amper-aufsperrdienst.de\/en\/"},{"@type":"ListItem","position":2,"name":"LOCKSMITH Service Munich Friedenheimer Stra\u00dfe"}]},{"@type":"WebSite","@id":"https:\/\/www.amper-aufsperrdienst.de\/en\/#website","url":"https:\/\/www.amper-aufsperrdienst.de\/en\/","name":"Locksmith for Munich, Dachau and F\u00fcrstenfeldbruck","description":"Amper Aufsperrdienst","potentialAction":[{"@type":"SearchAction","target":{"@type":"EntryPoint","urlTemplate":"https:\/\/www.amper-aufsperrdienst.de\/en\/?s={search_term_string}"},"query-input":{"@type":"PropertyValueSpecification","valueRequired":true,"valueName":"search_term_string"}}],"inLanguage":"en-US"}]}},"_links":{"self":[{"href":"https:\/\/www.amper-aufsperrdienst.de\/en\/wp-json\/wp\/v2\/pages\/13374","targetHints":{"allow":["GET"]}}],"collection":[{"href":"https:\/\/www.amper-aufsperrdienst.de\/en\/wp-json\/wp\/v2\/pages"}],"about":[{"href":"https:\/\/www.amper-aufsperrdienst.de\/en\/wp-json\/wp\/v2\/types\/page"}],"author":[{"embeddable":true,"href":"https:\/\/www.amper-aufsperrdienst.de\/en\/wp-json\/wp\/v2\/users\/2"}],"replies":[{"embeddable":true,"href":"https:\/\/www.amper-aufsperrdienst.de\/en\/wp-json\/wp\/v2\/comments?post=13374"}],"version-history":[{"count":2,"href":"https:\/\/www.amper-aufsperrdienst.de\/en\/wp-json\/wp\/v2\/pages\/13374\/revisions"}],"predecessor-version":[{"id":14436,"href":"https:\/\/www.amper-aufsperrdienst.de\/en\/wp-json\/wp\/v2\/pages\/13374\/revisions\/14436"}],"wp:attachment":[{"href":"https:\/\/www.amper-aufsperrdienst.de\/en\/wp-json\/wp\/v2\/media?parent=13374"}],"curies":[{"name":"wp","href":"https:\/\/api.w.org\/{rel}","templated":true}]}}