{"id":13382,"date":"2018-07-02T08:48:56","date_gmt":"2018-07-02T06:48:56","guid":{"rendered":"https:\/\/www.amper-aufsperrdienst.de\/locksmith-munich-herzogpark\/"},"modified":"2026-01-22T09:28:23","modified_gmt":"2026-01-22T07:28:23","slug":"locksmith-munich-herzogpark","status":"publish","type":"page","link":"https:\/\/www.amper-aufsperrdienst.de\/en\/locksmith-munich-herzogpark\/","title":{"rendered":"Locksmith Munich Herzogpark"},"content":{"rendered":"<p><img loading=\"lazy\" decoding=\"async\" class=\"alignleft\" style=\"margin-bottom: 5px !important;\" src=\"https:\/\/www.amper-aufsperrdienst.de\/wp-content\/uploads\/2021\/03\/schluesseldienst-muenchen-herzogpark-festpreis-ab-52-siegel.jpg\" alt=\"Amper Locksmith Service - Locksmith Munich-Herzogpark with fixed prices starting at \u20ac52\" width=\"250\" height=\"250\" \/><\/p>\n<p>Have you locked yourself out of your house or villa and now need the quick assistance of an experienced locksmith? Amper Locksmith Service is happy to help if you need a true professional to open your door without damage in just about 30 minutes. As an experienced locksmith service in Munich&#8217;s Herzogpark district, we are now in our third generation and are happy to work around the clock, even on Sundays and public holidays, for a fixed price. Our employees are highly trained and use only high-quality, specialized locksmith tools. This allows us to open your door completely without damage in almost 100% of our call-outs!<\/p>\n          <!-- tarif -->\n<h2><b><span style=\"vertical-align: inherit;\"><span style=\"vertical-align: inherit;\">Our binding fixed prices start from \u20ac52.<\/span><\/span><\/b><\/h2>\n<p>Amper Locksmith Service is a fair locksmith service with transparent fixed prices:<\/p>\n<div class=\"table-title\">\n\tPRICE LIST  UNLOCK\n<\/div>\n<!-- Table part-->\n<table class=\"table\">\n  <thead class=\"header\">\n\t  <tr>\n     \t <th scope=\"col\">Time<\/th>\n     \t <th scope=\"col\">8 - 18<\/th>\n     \t <th scope=\"col\">18 - 22<\/th>\n     \t <th scope=\"col\">22 - 8<\/th>\n\t<\/tr>\n  <\/thead>\n  <tbody>\n     \t  <tr class=\"weekdays\">\n     \t  \t  <td class=\"tag\" data-label=\"Time\">Mo - Fr<\/td>\n     \t  \t  <td class=\"hrs tag\" data-label=\"8 - 18\">52,- \u20ac<\/td>\n     \t  \t  <td class=\"tag space\" data-label=\"18 - 22\">82,- \u20ac<\/td>\n     \t  \t  <td data-label=\"22 - 8\">95,- \u20ac<\/td>\n     \t  <\/tr>\n     <tr class=\"weekends\">\n     \t  \t  <td class=\"tag\" data-label=\"Time\">Sa<\/td>\n     \t  \t  <td class=\"tag\" data-label=\"8 - 18\">95,- \u20ac<\/td>\n     \t  \t  <td class=\"tag\" data-label=\"18 - 22\">95,- \u20ac<\/td>\n     \t  \t  <td data-label=\"22 - 8\">125,- \u20ac<\/td>\n     \t  <\/tr>\n     <tr class=\"holidays\">\n     \t  \t  <td class=\"tag\" data-label=\"Time\">So & holiday<\/td>\n     \t  \t  <td class=\"tag\" data-label=\"8 - 18\">125,- \u20ac<\/td>\n     \t  \t  <td class=\"tag\" data-label=\"18 - 22\">125,-\u20ac<\/td>\n     \t  \t  <td data-label=\"22 - 8\">125,-\u20ac<\/td>\n     \t  <\/tr>\n     <\/tbody>\n<\/table>\n<!-- Table Description-->\n<div class=\"table-description\">\n\t<em>Please call to inquire about travel costs.<\/em>\n<\/div>\n<!-- Wordings below -->\n<div class=\"wordings\">\n<p>The prices listed in this table are binding for unlocking a door that has slammed shut or been pulled shut (without self-locking mechanisms). Please feel free to contact us if you would like a price quote for other locksmith services. We will gladly provide you with a transparent, fixed-price offer.<\/p>\n<\/div>\n\n<!-- END Wordings -->\n\n\n\n<div class=\"ansprech\">Experienced locksmith in Munich&#8217;s Herzogpark district with extensive expertise and professional competence<br \/>\n<h3 class=\"phone mobilesOnly\"><a href=\"tel:+498000131131\">0800 \/ 0 131 131<\/a><\/h3><h3 class=\"phone desktopOnly\"><a href=\"tel:+498000131131\">0800 \/ 0 131 131<\/a><\/h3>Damage-free door opening by friendly locksmiths! 24\/7 emergency service and fixed-price guarantee<\/div>\n<h2>Herzogpark in the Bogenhausen district of Munich<\/h2>\n<p>In 1805, the famous Count Montgelas commissioned the creation of a new park north of the Bogenhausen Bridge. He had it laid out between the Isar River and Montgelasstrasse. Friedrich Ludwig von Schkell \u200b\u200bwas responsible for the park&#8217;s design. Later, Duke Max in Bavaria purchased the beautiful grounds and named it &#8220;Herzogpark&#8221;.<\/p>\n<p>After the ducal family could no longer afford the Herzogpark at the beginning of the 20th century, it was sold to a land development company. This company then began developing the park.<\/p>\n<p>Today&#8217;s Herzogpark is bordered by two important Munich streets: Montgelasstra\u00dfe and Oberf\u00f6hringer Stra\u00dfe. For a long time, it was only accessible via Mauerkircher Stra\u00dfe. The park&#8217;s prominent residents were to be well protected from the outside world. Thomas Mann, Erich K\u00e4stner, and Rudolf Diesel, for example, were among the famous residents of Herzogpark.<\/p>\n<p>Even today, Herzogpark in Munich&#8217;s Bogenhausen district is considered one of the most beautiful and prestigious villa districts in Munich.<\/p>\n<h2>Locksmith Munich Herzogpark: Door opening in approximately 30 minutes<\/h2>\n<p>Have you locked yourself out of your villa in Bogenhausen&#8217;s Herzogpark district and now need a locksmith who can be there in about 30 minutes and open your door non-destructively for a guaranteed fixed price? Amper Locksmith Service is always ready to unlock your locked or jammed villa door for a fair fixed price, without causing any damage! Simply call us free of charge and commission us for a fast, professional unlocking service! You can be absolutely certain that our locksmiths are highly skilled and possess the necessary expertise to open your door without damaging it.<\/p>\n<h2>Open Sundays and Holidays<\/h2>\n<p>Have you locked yourself out on a Sunday or holiday and are now fearing the worst? Don&#8217;t panic! We&#8217;re here to help even when other locksmiths are closed. We offer a true 24\/7 service, providing non-destructive door openings at a fixed price, every day of the year, at any time. Simply call us free of charge and receive expert advice from one of our professionals. We can also install high-quality security systems for you!<\/p>\n<p>Are you looking for a reliable, professional, and fast locksmith in Munich&#8217;s Herzogpark district? You&#8217;ve come to the right place! We&#8217;ve been successfully unlocking villas and front doors of all kinds for three generations.<\/p>\n<div class=\"ansprech\">Experienced locksmith in Munich&#8217;s Herzogpark district with extensive expertise and professional competence.<br \/>\n<h3 class=\"phone mobilesOnly\"><a href=\"tel:+498000131131\">0800 \/ 0 131 131<\/a><\/h3><h3 class=\"phone desktopOnly\"><a href=\"tel:+498000131131\">0800 \/ 0 131 131<\/a><\/h3>Damage-free door opening by friendly locksmiths! 24\/7 emergency service and fixed-price guarantee.<\/div>\n","protected":false},"excerpt":{"rendered":"<p>Have you locked yourself out of your house or villa and now need the quick assistance of an experienced locksmith? Amper Locksmith Service is happy to help if you need a true professional to open your door without damage in just about 30 minutes. As an experienced locksmith service in Munich&#8217;s Herzogpark district, we are [&hellip;]<\/p>\n","protected":false},"author":2,"featured_media":0,"parent":0,"menu_order":0,"comment_status":"closed","ping_status":"closed","template":"","meta":{"footnotes":"","_links_to":"","_links_to_target":""},"class_list":["post-13382","page","type-page","status-publish","hentry"],"yoast_head":"<!-- This site is optimized with the Yoast SEO plugin v27.4 - https:\/\/yoast.com\/product\/yoast-seo-wordpress\/ -->\n<title>Locksmith Munich Herzogpark: Fixed price from \u20ac52<\/title>\n<meta name=\"description\" content=\"Trustworthy and professional locksmith service in Munich Herzogpark for fast and non-destructive door opening at a fair fixed price: friendly staff, 24\/7 on-call service, toll-free number, and use of high-quality specialized tools. Call now, free of charge!\" \/>\n<meta name=\"robots\" content=\"index, follow, max-snippet:-1, max-image-preview:large, max-video-preview:-1\" \/>\n<link rel=\"canonical\" href=\"https:\/\/www.amper-aufsperrdienst.de\/en\/locksmith-munich-herzogpark\/\" \/>\n<meta property=\"og:locale\" content=\"en_US\" \/>\n<meta property=\"og:type\" content=\"article\" \/>\n<meta property=\"og:title\" content=\"Locksmith Munich Herzogpark: Fixed price from \u20ac52\" \/>\n<meta property=\"og:description\" content=\"Trustworthy and professional locksmith service in Munich Herzogpark for fast and non-destructive door opening at a fair fixed price: friendly staff, 24\/7 on-call service, toll-free number, and use of high-quality specialized tools. Call now, free of charge!\" \/>\n<meta property=\"og:url\" content=\"https:\/\/www.amper-aufsperrdienst.de\/en\/locksmith-munich-herzogpark\/\" \/>\n<meta property=\"og:site_name\" content=\"Locksmith for Munich, Dachau and F\u00fcrstenfeldbruck\" \/>\n<meta property=\"article:modified_time\" content=\"2026-01-22T07:28:23+00:00\" \/>\n<meta property=\"og:image\" content=\"https:\/\/www.amper-aufsperrdienst.de\/wp-content\/uploads\/2021\/03\/schluesseldienst-muenchen-herzogpark-festpreis-ab-52-siegel.jpg\" \/>\n<meta name=\"twitter:label1\" content=\"Est. reading time\" \/>\n\t<meta name=\"twitter:data1\" content=\"4 minutes\" \/>\n<script type=\"application\/ld+json\" class=\"yoast-schema-graph\">{\"@context\":\"https:\\\/\\\/schema.org\",\"@graph\":[{\"@type\":\"WebPage\",\"@id\":\"https:\\\/\\\/www.amper-aufsperrdienst.de\\\/en\\\/locksmith-munich-herzogpark\\\/\",\"url\":\"https:\\\/\\\/www.amper-aufsperrdienst.de\\\/en\\\/locksmith-munich-herzogpark\\\/\",\"name\":\"Locksmith Munich Herzogpark: Fixed price from \u20ac52\",\"isPartOf\":{\"@id\":\"https:\\\/\\\/www.amper-aufsperrdienst.de\\\/en\\\/#website\"},\"primaryImageOfPage\":{\"@id\":\"https:\\\/\\\/www.amper-aufsperrdienst.de\\\/en\\\/locksmith-munich-herzogpark\\\/#primaryimage\"},\"image\":{\"@id\":\"https:\\\/\\\/www.amper-aufsperrdienst.de\\\/en\\\/locksmith-munich-herzogpark\\\/#primaryimage\"},\"thumbnailUrl\":\"https:\\\/\\\/www.amper-aufsperrdienst.de\\\/wp-content\\\/uploads\\\/2021\\\/03\\\/schluesseldienst-muenchen-herzogpark-festpreis-ab-52-siegel.jpg\",\"datePublished\":\"2018-07-02T06:48:56+00:00\",\"dateModified\":\"2026-01-22T07:28:23+00:00\",\"description\":\"Trustworthy and professional locksmith service in Munich Herzogpark for fast and non-destructive door opening at a fair fixed price: friendly staff, 24\\\/7 on-call service, toll-free number, and use of high-quality specialized tools. Call now, free of charge!\",\"breadcrumb\":{\"@id\":\"https:\\\/\\\/www.amper-aufsperrdienst.de\\\/en\\\/locksmith-munich-herzogpark\\\/#breadcrumb\"},\"inLanguage\":\"en-US\",\"potentialAction\":[{\"@type\":\"ReadAction\",\"target\":[\"https:\\\/\\\/www.amper-aufsperrdienst.de\\\/en\\\/locksmith-munich-herzogpark\\\/\"]}]},{\"@type\":\"ImageObject\",\"inLanguage\":\"en-US\",\"@id\":\"https:\\\/\\\/www.amper-aufsperrdienst.de\\\/en\\\/locksmith-munich-herzogpark\\\/#primaryimage\",\"url\":\"https:\\\/\\\/www.amper-aufsperrdienst.de\\\/wp-content\\\/uploads\\\/2021\\\/03\\\/schluesseldienst-muenchen-herzogpark-festpreis-ab-52-siegel.jpg\",\"contentUrl\":\"https:\\\/\\\/www.amper-aufsperrdienst.de\\\/wp-content\\\/uploads\\\/2021\\\/03\\\/schluesseldienst-muenchen-herzogpark-festpreis-ab-52-siegel.jpg\"},{\"@type\":\"BreadcrumbList\",\"@id\":\"https:\\\/\\\/www.amper-aufsperrdienst.de\\\/en\\\/locksmith-munich-herzogpark\\\/#breadcrumb\",\"itemListElement\":[{\"@type\":\"ListItem\",\"position\":1,\"name\":\"Home\",\"item\":\"https:\\\/\\\/www.amper-aufsperrdienst.de\\\/en\\\/\"},{\"@type\":\"ListItem\",\"position\":2,\"name\":\"Locksmith Munich Herzogpark\"}]},{\"@type\":\"WebSite\",\"@id\":\"https:\\\/\\\/www.amper-aufsperrdienst.de\\\/en\\\/#website\",\"url\":\"https:\\\/\\\/www.amper-aufsperrdienst.de\\\/en\\\/\",\"name\":\"Locksmith for Munich, Dachau and F\u00fcrstenfeldbruck\",\"description\":\"Amper Aufsperrdienst\",\"potentialAction\":[{\"@type\":\"SearchAction\",\"target\":{\"@type\":\"EntryPoint\",\"urlTemplate\":\"https:\\\/\\\/www.amper-aufsperrdienst.de\\\/en\\\/?s={search_term_string}\"},\"query-input\":{\"@type\":\"PropertyValueSpecification\",\"valueRequired\":true,\"valueName\":\"search_term_string\"}}],\"inLanguage\":\"en-US\"}]}<\/script>\n<!-- \/ Yoast SEO plugin. -->","yoast_head_json":{"title":"Locksmith Munich Herzogpark: Fixed price from \u20ac52","description":"Trustworthy and professional locksmith service in Munich Herzogpark for fast and non-destructive door opening at a fair fixed price: friendly staff, 24\/7 on-call service, toll-free number, and use of high-quality specialized tools. Call now, free of charge!","robots":{"index":"index","follow":"follow","max-snippet":"max-snippet:-1","max-image-preview":"max-image-preview:large","max-video-preview":"max-video-preview:-1"},"canonical":"https:\/\/www.amper-aufsperrdienst.de\/en\/locksmith-munich-herzogpark\/","og_locale":"en_US","og_type":"article","og_title":"Locksmith Munich Herzogpark: Fixed price from \u20ac52","og_description":"Trustworthy and professional locksmith service in Munich Herzogpark for fast and non-destructive door opening at a fair fixed price: friendly staff, 24\/7 on-call service, toll-free number, and use of high-quality specialized tools. Call now, free of charge!","og_url":"https:\/\/www.amper-aufsperrdienst.de\/en\/locksmith-munich-herzogpark\/","og_site_name":"Locksmith for Munich, Dachau and F\u00fcrstenfeldbruck","article_modified_time":"2026-01-22T07:28:23+00:00","og_image":[{"url":"https:\/\/www.amper-aufsperrdienst.de\/wp-content\/uploads\/2021\/03\/schluesseldienst-muenchen-herzogpark-festpreis-ab-52-siegel.jpg","type":"","width":"","height":""}],"twitter_misc":{"Est. reading time":"4 minutes"},"schema":{"@context":"https:\/\/schema.org","@graph":[{"@type":"WebPage","@id":"https:\/\/www.amper-aufsperrdienst.de\/en\/locksmith-munich-herzogpark\/","url":"https:\/\/www.amper-aufsperrdienst.de\/en\/locksmith-munich-herzogpark\/","name":"Locksmith Munich Herzogpark: Fixed price from \u20ac52","isPartOf":{"@id":"https:\/\/www.amper-aufsperrdienst.de\/en\/#website"},"primaryImageOfPage":{"@id":"https:\/\/www.amper-aufsperrdienst.de\/en\/locksmith-munich-herzogpark\/#primaryimage"},"image":{"@id":"https:\/\/www.amper-aufsperrdienst.de\/en\/locksmith-munich-herzogpark\/#primaryimage"},"thumbnailUrl":"https:\/\/www.amper-aufsperrdienst.de\/wp-content\/uploads\/2021\/03\/schluesseldienst-muenchen-herzogpark-festpreis-ab-52-siegel.jpg","datePublished":"2018-07-02T06:48:56+00:00","dateModified":"2026-01-22T07:28:23+00:00","description":"Trustworthy and professional locksmith service in Munich Herzogpark for fast and non-destructive door opening at a fair fixed price: friendly staff, 24\/7 on-call service, toll-free number, and use of high-quality specialized tools. Call now, free of charge!","breadcrumb":{"@id":"https:\/\/www.amper-aufsperrdienst.de\/en\/locksmith-munich-herzogpark\/#breadcrumb"},"inLanguage":"en-US","potentialAction":[{"@type":"ReadAction","target":["https:\/\/www.amper-aufsperrdienst.de\/en\/locksmith-munich-herzogpark\/"]}]},{"@type":"ImageObject","inLanguage":"en-US","@id":"https:\/\/www.amper-aufsperrdienst.de\/en\/locksmith-munich-herzogpark\/#primaryimage","url":"https:\/\/www.amper-aufsperrdienst.de\/wp-content\/uploads\/2021\/03\/schluesseldienst-muenchen-herzogpark-festpreis-ab-52-siegel.jpg","contentUrl":"https:\/\/www.amper-aufsperrdienst.de\/wp-content\/uploads\/2021\/03\/schluesseldienst-muenchen-herzogpark-festpreis-ab-52-siegel.jpg"},{"@type":"BreadcrumbList","@id":"https:\/\/www.amper-aufsperrdienst.de\/en\/locksmith-munich-herzogpark\/#breadcrumb","itemListElement":[{"@type":"ListItem","position":1,"name":"Home","item":"https:\/\/www.amper-aufsperrdienst.de\/en\/"},{"@type":"ListItem","position":2,"name":"Locksmith Munich Herzogpark"}]},{"@type":"WebSite","@id":"https:\/\/www.amper-aufsperrdienst.de\/en\/#website","url":"https:\/\/www.amper-aufsperrdienst.de\/en\/","name":"Locksmith for Munich, Dachau and F\u00fcrstenfeldbruck","description":"Amper Aufsperrdienst","potentialAction":[{"@type":"SearchAction","target":{"@type":"EntryPoint","urlTemplate":"https:\/\/www.amper-aufsperrdienst.de\/en\/?s={search_term_string}"},"query-input":{"@type":"PropertyValueSpecification","valueRequired":true,"valueName":"search_term_string"}}],"inLanguage":"en-US"}]}},"_links":{"self":[{"href":"https:\/\/www.amper-aufsperrdienst.de\/en\/wp-json\/wp\/v2\/pages\/13382","targetHints":{"allow":["GET"]}}],"collection":[{"href":"https:\/\/www.amper-aufsperrdienst.de\/en\/wp-json\/wp\/v2\/pages"}],"about":[{"href":"https:\/\/www.amper-aufsperrdienst.de\/en\/wp-json\/wp\/v2\/types\/page"}],"author":[{"embeddable":true,"href":"https:\/\/www.amper-aufsperrdienst.de\/en\/wp-json\/wp\/v2\/users\/2"}],"replies":[{"embeddable":true,"href":"https:\/\/www.amper-aufsperrdienst.de\/en\/wp-json\/wp\/v2\/comments?post=13382"}],"version-history":[{"count":1,"href":"https:\/\/www.amper-aufsperrdienst.de\/en\/wp-json\/wp\/v2\/pages\/13382\/revisions"}],"predecessor-version":[{"id":13385,"href":"https:\/\/www.amper-aufsperrdienst.de\/en\/wp-json\/wp\/v2\/pages\/13382\/revisions\/13385"}],"wp:attachment":[{"href":"https:\/\/www.amper-aufsperrdienst.de\/en\/wp-json\/wp\/v2\/media?parent=13382"}],"curies":[{"name":"wp","href":"https:\/\/api.w.org\/{rel}","templated":true}]}}