{"id":13401,"date":"2017-12-16T11:45:26","date_gmt":"2017-12-16T09:45:26","guid":{"rendered":"https:\/\/www.amper-aufsperrdienst.de\/locksmith-munich-heimeranplatz\/"},"modified":"2026-01-22T09:38:48","modified_gmt":"2026-01-22T07:38:48","slug":"locksmith-munich-heimeranplatz","status":"publish","type":"page","link":"https:\/\/www.amper-aufsperrdienst.de\/en\/locksmith-munich-heimeranplatz\/","title":{"rendered":"Locksmith Munich Heimeranplatz"},"content":{"rendered":"<p><img loading=\"lazy\" decoding=\"async\" class=\"alignleft\" style=\"margin-bottom: 5px !important;\" src=\"https:\/\/www.amper-aufsperrdienst.de\/wp-content\/uploads\/2021\/03\/schluesseldienst-muenchen-heimeranplatz-festpreis-ab-52-siegel.jpg\" alt=\"Amper Locksmith Service - Locksmith Munich-Heimeranplatz with fixed prices starting at \u20ac52\" width=\"250\" height=\"250\" \/><\/p>\n<p>Are you standing in front of your own front door and simply can&#8217;t get into your apartment because your key has broken or you forgot it somewhere in your haste? Did you accidentally lock yourself out or close the door without your keys in your pocket? It happens, don&#8217;t panic!<\/p>\n<p>Amper Locksmith Service arrives at Heimeranplatz and the surrounding area in no time. Our experienced team usually needs no more than 30 minutes to be on-site. For decades, our experts, now in their third generation, have been working around the clock, 24\/7, as a reliable emergency service to help residents in these unpleasant situations.<\/p>\n          <!-- tarif -->\n<h2><b><span style=\"vertical-align: inherit;\"><span style=\"vertical-align: inherit;\">Our binding fixed prices start from \u20ac52.<\/span><\/span><\/b><\/h2>\n<p>Amper Locksmith Service is a fair locksmith service with transparent fixed prices:<\/p>\n<div class=\"table-title\">\n\tPRICE LIST  UNLOCK\n<\/div>\n<!-- Table part-->\n<table class=\"table\">\n  <thead class=\"header\">\n\t  <tr>\n     \t <th scope=\"col\">Time<\/th>\n     \t <th scope=\"col\">8 - 18<\/th>\n     \t <th scope=\"col\">18 - 22<\/th>\n     \t <th scope=\"col\">22 - 8<\/th>\n\t<\/tr>\n  <\/thead>\n  <tbody>\n     \t  <tr class=\"weekdays\">\n     \t  \t  <td class=\"tag\" data-label=\"Time\">Mo - Fr<\/td>\n     \t  \t  <td class=\"hrs tag\" data-label=\"8 - 18\">52,- \u20ac<\/td>\n     \t  \t  <td class=\"tag space\" data-label=\"18 - 22\">82,- \u20ac<\/td>\n     \t  \t  <td data-label=\"22 - 8\">95,- \u20ac<\/td>\n     \t  <\/tr>\n     <tr class=\"weekends\">\n     \t  \t  <td class=\"tag\" data-label=\"Time\">Sa<\/td>\n     \t  \t  <td class=\"tag\" data-label=\"8 - 18\">95,- \u20ac<\/td>\n     \t  \t  <td class=\"tag\" data-label=\"18 - 22\">95,- \u20ac<\/td>\n     \t  \t  <td data-label=\"22 - 8\">125,- \u20ac<\/td>\n     \t  <\/tr>\n     <tr class=\"holidays\">\n     \t  \t  <td class=\"tag\" data-label=\"Time\">So & holiday<\/td>\n     \t  \t  <td class=\"tag\" data-label=\"8 - 18\">125,- \u20ac<\/td>\n     \t  \t  <td class=\"tag\" data-label=\"18 - 22\">125,-\u20ac<\/td>\n     \t  \t  <td data-label=\"22 - 8\">125,-\u20ac<\/td>\n     \t  <\/tr>\n     <\/tbody>\n<\/table>\n<!-- Table Description-->\n<div class=\"table-description\">\n\t<em>Please call to inquire about travel costs.<\/em>\n<\/div>\n<!-- Wordings below -->\n<div class=\"wordings\">\n<p>The prices listed in this table are binding for unlocking a door that has slammed shut or been pulled shut (without self-locking mechanisms). Please feel free to contact us if you would like a price quote for other locksmith services. We will gladly provide you with a transparent, fixed-price offer.<\/p>\n<\/div>\n\n<!-- END Wordings -->\n\n\n\n<div class=\"ansprech\">Locksmith Munich Heimeranplatz with a free 24-hour emergency hotline<br \/>\n<h3 class=\"phone mobilesOnly\"><a href=\"tel:+498000131131\">0800 \/ 0 131 131<\/a><\/h3><h3 class=\"phone desktopOnly\"><a href=\"tel:+498000131131\">0800 \/ 0 131 131<\/a><\/h3>Fair fixed prices for non-destructive door opening<\/div>\n<h2>Door opening at Heimeranplatz at a fixed price<\/h2>\n<p>With us, you can count on top-notch customer service and complete price transparency. We guarantee a fixed price right from the start \u2013 no hidden costs! Even on holidays, we can guarantee fair prices, setting us apart from some of the less reputable locksmiths in the industry!<\/p>\n<p>Hundreds of satisfied customers who have reviewed us on various platforms speak for themselves \u2013 and even the Bavarian Broadcasting Corporation (BR) has featured us. And that&#8217;s no coincidence: Amper Locksmith Service is not only fast and offers fixed prices, but also possesses the necessary expertise and specialized tools.<\/p>\n<h2>Heimeranplatz in Munich<\/h2>\n<p>Heimeranplatz, like <a href=\"https:\/\/www.amper-aufsperrdienst.de\/en\/locksmith-munich-gollierplatz\/\">Gollierplatz<\/a>, is located in Munich&#8217;s Westend district and is an important traffic hub. The Mittlerer Ring (Middle Ring Road) runs directly beneath Heimeranplatz without any intersections. The name, incidentally, derives from Heinrich von Straubing, also known as Heimeran.<\/p>\n<p>Located in the western part of the Schwanthalerh\u00f6he district, Heimeranplatz is also not far from the Sendling-Westpark district. The wide Garmischer Stra\u00dfe becomes Trappentreustra\u00dfe at the underground section of the Mittlerer Ring (Middle Ring Road). Excellent public transport connections are provided by bus lines as well as the S-Bahn (lines S7 and S20) and the U-Bahn (U4\/U5).<\/p>\n<p>In the vicinity of <a href=\"https:\/\/www.amper-aufsperrdienst.de\/en\/locksmith-munich-gollierplatz\/\">Gollierplatz <\/a>are also Westpark, Theresienh\u00f6he, Theresienwiese, Bavariapark with the Bavaria statue and the transport center of the Deutsches Museum.<\/p>\n<h2>True professionals at Heimeranplatz Locksmith Service<\/h2>\n<p>Because we use the latest professional tools, we can open most doors without damage. Our success rate for doors that are simply latched is an impressive 99%, as we are thoroughly familiar with even the most sophisticated door locks.<\/p>\n<p>But we can also help with other security issues in your house or apartment: Would you like to have a security analysis carried out? Mario Pichelmaier and his team reliably identify potential vulnerabilities in doors, windows, and locks and can also help you install additional security measures. Call us completely free of charge on our 0800 number \u2013 we&#8217;re happy to help!<\/p>\n<div class=\"ansprech\">Locksmith Munich Heimeranplatz with free 24\/7 emergency hotline<br \/>\n<h3 class=\"phone mobilesOnly\"><a href=\"tel:+498000131131\">0800 \/ 0 131 131<\/a><\/h3><h3 class=\"phone desktopOnly\"><a href=\"tel:+498000131131\">0800 \/ 0 131 131<\/a><\/h3>Fair fixed prices for non-destructive door opening<\/div>\n","protected":false},"excerpt":{"rendered":"<p>Are you standing in front of your own front door and simply can&#8217;t get into your apartment because your key has broken or you forgot it somewhere in your haste? Did you accidentally lock yourself out or close the door without your keys in your pocket? It happens, don&#8217;t panic! Amper Locksmith Service arrives at [&hellip;]<\/p>\n","protected":false},"author":2,"featured_media":0,"parent":0,"menu_order":0,"comment_status":"closed","ping_status":"closed","template":"","meta":{"footnotes":"","_links_to":"","_links_to_target":""},"class_list":["post-13401","page","type-page","status-publish","hentry"],"yoast_head":"<!-- This site is optimized with the Yoast SEO plugin v27.4 - https:\/\/yoast.com\/product\/yoast-seo-wordpress\/ -->\n<title>Locksmith in Munich Heimeranplatz: fixed price starting at \u20ac52<\/title>\n<meta name=\"description\" content=\"Locksmith Heimeranplatz, Munich: Locked out? Professionals will open your door for a fixed price without damage. A qualified technician will be at your location within 30 minutes.\" \/>\n<meta name=\"robots\" content=\"index, follow, max-snippet:-1, max-image-preview:large, max-video-preview:-1\" \/>\n<link rel=\"canonical\" href=\"https:\/\/www.amper-aufsperrdienst.de\/en\/locksmith-munich-heimeranplatz\/\" \/>\n<meta property=\"og:locale\" content=\"en_US\" \/>\n<meta property=\"og:type\" content=\"article\" \/>\n<meta property=\"og:title\" content=\"Locksmith in Munich Heimeranplatz: fixed price starting at \u20ac52\" \/>\n<meta property=\"og:description\" content=\"Locksmith Heimeranplatz, Munich: Locked out? Professionals will open your door for a fixed price without damage. A qualified technician will be at your location within 30 minutes.\" \/>\n<meta property=\"og:url\" content=\"https:\/\/www.amper-aufsperrdienst.de\/en\/locksmith-munich-heimeranplatz\/\" \/>\n<meta property=\"og:site_name\" content=\"Locksmith for Munich, Dachau and F\u00fcrstenfeldbruck\" \/>\n<meta property=\"article:modified_time\" content=\"2026-01-22T07:38:48+00:00\" \/>\n<meta property=\"og:image\" content=\"https:\/\/www.amper-aufsperrdienst.de\/wp-content\/uploads\/2021\/03\/schluesseldienst-muenchen-heimeranplatz-festpreis-ab-52-siegel.jpg\" \/>\n<meta name=\"twitter:label1\" content=\"Est. reading time\" \/>\n\t<meta name=\"twitter:data1\" content=\"3 minutes\" \/>\n<script type=\"application\/ld+json\" class=\"yoast-schema-graph\">{\"@context\":\"https:\\\/\\\/schema.org\",\"@graph\":[{\"@type\":\"WebPage\",\"@id\":\"https:\\\/\\\/www.amper-aufsperrdienst.de\\\/en\\\/locksmith-munich-heimeranplatz\\\/\",\"url\":\"https:\\\/\\\/www.amper-aufsperrdienst.de\\\/en\\\/locksmith-munich-heimeranplatz\\\/\",\"name\":\"Locksmith in Munich Heimeranplatz: fixed price starting at \u20ac52\",\"isPartOf\":{\"@id\":\"https:\\\/\\\/www.amper-aufsperrdienst.de\\\/en\\\/#website\"},\"primaryImageOfPage\":{\"@id\":\"https:\\\/\\\/www.amper-aufsperrdienst.de\\\/en\\\/locksmith-munich-heimeranplatz\\\/#primaryimage\"},\"image\":{\"@id\":\"https:\\\/\\\/www.amper-aufsperrdienst.de\\\/en\\\/locksmith-munich-heimeranplatz\\\/#primaryimage\"},\"thumbnailUrl\":\"https:\\\/\\\/www.amper-aufsperrdienst.de\\\/wp-content\\\/uploads\\\/2021\\\/03\\\/schluesseldienst-muenchen-heimeranplatz-festpreis-ab-52-siegel.jpg\",\"datePublished\":\"2017-12-16T09:45:26+00:00\",\"dateModified\":\"2026-01-22T07:38:48+00:00\",\"description\":\"Locksmith Heimeranplatz, Munich: Locked out? Professionals will open your door for a fixed price without damage. A qualified technician will be at your location within 30 minutes.\",\"breadcrumb\":{\"@id\":\"https:\\\/\\\/www.amper-aufsperrdienst.de\\\/en\\\/locksmith-munich-heimeranplatz\\\/#breadcrumb\"},\"inLanguage\":\"en-US\",\"potentialAction\":[{\"@type\":\"ReadAction\",\"target\":[\"https:\\\/\\\/www.amper-aufsperrdienst.de\\\/en\\\/locksmith-munich-heimeranplatz\\\/\"]}]},{\"@type\":\"ImageObject\",\"inLanguage\":\"en-US\",\"@id\":\"https:\\\/\\\/www.amper-aufsperrdienst.de\\\/en\\\/locksmith-munich-heimeranplatz\\\/#primaryimage\",\"url\":\"https:\\\/\\\/www.amper-aufsperrdienst.de\\\/wp-content\\\/uploads\\\/2021\\\/03\\\/schluesseldienst-muenchen-heimeranplatz-festpreis-ab-52-siegel.jpg\",\"contentUrl\":\"https:\\\/\\\/www.amper-aufsperrdienst.de\\\/wp-content\\\/uploads\\\/2021\\\/03\\\/schluesseldienst-muenchen-heimeranplatz-festpreis-ab-52-siegel.jpg\"},{\"@type\":\"BreadcrumbList\",\"@id\":\"https:\\\/\\\/www.amper-aufsperrdienst.de\\\/en\\\/locksmith-munich-heimeranplatz\\\/#breadcrumb\",\"itemListElement\":[{\"@type\":\"ListItem\",\"position\":1,\"name\":\"Home\",\"item\":\"https:\\\/\\\/www.amper-aufsperrdienst.de\\\/en\\\/\"},{\"@type\":\"ListItem\",\"position\":2,\"name\":\"Locksmith Munich Heimeranplatz\"}]},{\"@type\":\"WebSite\",\"@id\":\"https:\\\/\\\/www.amper-aufsperrdienst.de\\\/en\\\/#website\",\"url\":\"https:\\\/\\\/www.amper-aufsperrdienst.de\\\/en\\\/\",\"name\":\"Locksmith for Munich, Dachau and F\u00fcrstenfeldbruck\",\"description\":\"Amper Aufsperrdienst\",\"potentialAction\":[{\"@type\":\"SearchAction\",\"target\":{\"@type\":\"EntryPoint\",\"urlTemplate\":\"https:\\\/\\\/www.amper-aufsperrdienst.de\\\/en\\\/?s={search_term_string}\"},\"query-input\":{\"@type\":\"PropertyValueSpecification\",\"valueRequired\":true,\"valueName\":\"search_term_string\"}}],\"inLanguage\":\"en-US\"}]}<\/script>\n<!-- \/ Yoast SEO plugin. -->","yoast_head_json":{"title":"Locksmith in Munich Heimeranplatz: fixed price starting at \u20ac52","description":"Locksmith Heimeranplatz, Munich: Locked out? Professionals will open your door for a fixed price without damage. A qualified technician will be at your location within 30 minutes.","robots":{"index":"index","follow":"follow","max-snippet":"max-snippet:-1","max-image-preview":"max-image-preview:large","max-video-preview":"max-video-preview:-1"},"canonical":"https:\/\/www.amper-aufsperrdienst.de\/en\/locksmith-munich-heimeranplatz\/","og_locale":"en_US","og_type":"article","og_title":"Locksmith in Munich Heimeranplatz: fixed price starting at \u20ac52","og_description":"Locksmith Heimeranplatz, Munich: Locked out? Professionals will open your door for a fixed price without damage. A qualified technician will be at your location within 30 minutes.","og_url":"https:\/\/www.amper-aufsperrdienst.de\/en\/locksmith-munich-heimeranplatz\/","og_site_name":"Locksmith for Munich, Dachau and F\u00fcrstenfeldbruck","article_modified_time":"2026-01-22T07:38:48+00:00","og_image":[{"url":"https:\/\/www.amper-aufsperrdienst.de\/wp-content\/uploads\/2021\/03\/schluesseldienst-muenchen-heimeranplatz-festpreis-ab-52-siegel.jpg","type":"","width":"","height":""}],"twitter_misc":{"Est. reading time":"3 minutes"},"schema":{"@context":"https:\/\/schema.org","@graph":[{"@type":"WebPage","@id":"https:\/\/www.amper-aufsperrdienst.de\/en\/locksmith-munich-heimeranplatz\/","url":"https:\/\/www.amper-aufsperrdienst.de\/en\/locksmith-munich-heimeranplatz\/","name":"Locksmith in Munich Heimeranplatz: fixed price starting at \u20ac52","isPartOf":{"@id":"https:\/\/www.amper-aufsperrdienst.de\/en\/#website"},"primaryImageOfPage":{"@id":"https:\/\/www.amper-aufsperrdienst.de\/en\/locksmith-munich-heimeranplatz\/#primaryimage"},"image":{"@id":"https:\/\/www.amper-aufsperrdienst.de\/en\/locksmith-munich-heimeranplatz\/#primaryimage"},"thumbnailUrl":"https:\/\/www.amper-aufsperrdienst.de\/wp-content\/uploads\/2021\/03\/schluesseldienst-muenchen-heimeranplatz-festpreis-ab-52-siegel.jpg","datePublished":"2017-12-16T09:45:26+00:00","dateModified":"2026-01-22T07:38:48+00:00","description":"Locksmith Heimeranplatz, Munich: Locked out? Professionals will open your door for a fixed price without damage. A qualified technician will be at your location within 30 minutes.","breadcrumb":{"@id":"https:\/\/www.amper-aufsperrdienst.de\/en\/locksmith-munich-heimeranplatz\/#breadcrumb"},"inLanguage":"en-US","potentialAction":[{"@type":"ReadAction","target":["https:\/\/www.amper-aufsperrdienst.de\/en\/locksmith-munich-heimeranplatz\/"]}]},{"@type":"ImageObject","inLanguage":"en-US","@id":"https:\/\/www.amper-aufsperrdienst.de\/en\/locksmith-munich-heimeranplatz\/#primaryimage","url":"https:\/\/www.amper-aufsperrdienst.de\/wp-content\/uploads\/2021\/03\/schluesseldienst-muenchen-heimeranplatz-festpreis-ab-52-siegel.jpg","contentUrl":"https:\/\/www.amper-aufsperrdienst.de\/wp-content\/uploads\/2021\/03\/schluesseldienst-muenchen-heimeranplatz-festpreis-ab-52-siegel.jpg"},{"@type":"BreadcrumbList","@id":"https:\/\/www.amper-aufsperrdienst.de\/en\/locksmith-munich-heimeranplatz\/#breadcrumb","itemListElement":[{"@type":"ListItem","position":1,"name":"Home","item":"https:\/\/www.amper-aufsperrdienst.de\/en\/"},{"@type":"ListItem","position":2,"name":"Locksmith Munich Heimeranplatz"}]},{"@type":"WebSite","@id":"https:\/\/www.amper-aufsperrdienst.de\/en\/#website","url":"https:\/\/www.amper-aufsperrdienst.de\/en\/","name":"Locksmith for Munich, Dachau and F\u00fcrstenfeldbruck","description":"Amper Aufsperrdienst","potentialAction":[{"@type":"SearchAction","target":{"@type":"EntryPoint","urlTemplate":"https:\/\/www.amper-aufsperrdienst.de\/en\/?s={search_term_string}"},"query-input":{"@type":"PropertyValueSpecification","valueRequired":true,"valueName":"search_term_string"}}],"inLanguage":"en-US"}]}},"_links":{"self":[{"href":"https:\/\/www.amper-aufsperrdienst.de\/en\/wp-json\/wp\/v2\/pages\/13401","targetHints":{"allow":["GET"]}}],"collection":[{"href":"https:\/\/www.amper-aufsperrdienst.de\/en\/wp-json\/wp\/v2\/pages"}],"about":[{"href":"https:\/\/www.amper-aufsperrdienst.de\/en\/wp-json\/wp\/v2\/types\/page"}],"author":[{"embeddable":true,"href":"https:\/\/www.amper-aufsperrdienst.de\/en\/wp-json\/wp\/v2\/users\/2"}],"replies":[{"embeddable":true,"href":"https:\/\/www.amper-aufsperrdienst.de\/en\/wp-json\/wp\/v2\/comments?post=13401"}],"version-history":[{"count":1,"href":"https:\/\/www.amper-aufsperrdienst.de\/en\/wp-json\/wp\/v2\/pages\/13401\/revisions"}],"predecessor-version":[{"id":13403,"href":"https:\/\/www.amper-aufsperrdienst.de\/en\/wp-json\/wp\/v2\/pages\/13401\/revisions\/13403"}],"wp:attachment":[{"href":"https:\/\/www.amper-aufsperrdienst.de\/en\/wp-json\/wp\/v2\/media?parent=13401"}],"curies":[{"name":"wp","href":"https:\/\/api.w.org\/{rel}","templated":true}]}}