{"id":13429,"date":"2017-12-02T05:12:10","date_gmt":"2017-12-02T03:12:10","guid":{"rendered":"https:\/\/www.amper-aufsperrdienst.de\/schluesseldienst-inning-am-ammersee\/"},"modified":"2026-01-27T10:53:19","modified_gmt":"2026-01-27T08:53:19","slug":"locksmith-inning-am-ammersee","status":"publish","type":"page","link":"https:\/\/www.amper-aufsperrdienst.de\/en\/locksmith-inning-am-ammersee\/","title":{"rendered":"Locksmith Inning am Ammersee"},"content":{"rendered":"<p><img loading=\"lazy\" decoding=\"async\" class=\"alignleft\" style=\"margin-bottom: 5px !important;\" src=\"https:\/\/www.amper-aufsperrdienst.de\/wp-content\/uploads\/2021\/03\/schluesseldienst-inning-am-ammersee-festpreis-ab-52-siegel.jpg\" alt=\"Locksmith Amper - locksmith service in Inning am Ammersee with a fixed price starting from \u20ac52.\" width=\"250\" height=\"250\"><\/p>\n<p>Were you just at Lake Ammersee for a short break to recharge when you suddenly realized you&#8217;d left your keys at home? Have you locked yourself out and now urgently need a reliable locksmith in Inning am Ammersee who can help you professionally and, ideally, for a fixed price? The locksmith professionals at Amper Locksmith Service are happy to assist you in quickly and without damage opening your locked or jammed front door. Simply give us a call for a free consultation, describe your situation, and after we&#8217;ve quoted you a fixed price and you&#8217;ve given us the go-ahead, we&#8217;ll come to your home immediately. Our average response time is no more than 30 minutes.<\/p>\n          <!-- tarif -->\n<h2><b><span style=\"vertical-align: inherit;\"><span style=\"vertical-align: inherit;\">Our binding fixed prices start from \u20ac52.<\/span><\/span><\/b><\/h2>\n<p>Amper Locksmith Service is a fair locksmith service with transparent fixed prices:<\/p>\n<div class=\"table-title\">\n\tPRICE LIST  UNLOCK\n<\/div>\n<!-- Table part-->\n<table class=\"table\">\n  <thead class=\"header\">\n\t  <tr>\n     \t <th scope=\"col\">Time<\/th>\n     \t <th scope=\"col\">8 - 18<\/th>\n     \t <th scope=\"col\">18 - 22<\/th>\n     \t <th scope=\"col\">22 - 8<\/th>\n\t<\/tr>\n  <\/thead>\n  <tbody>\n     \t  <tr class=\"weekdays\">\n     \t  \t  <td class=\"tag\" data-label=\"Time\">Mo - Fr<\/td>\n     \t  \t  <td class=\"hrs tag\" data-label=\"8 - 18\">52,- \u20ac<\/td>\n     \t  \t  <td class=\"tag space\" data-label=\"18 - 22\">82,- \u20ac<\/td>\n     \t  \t  <td data-label=\"22 - 8\">95,- \u20ac<\/td>\n     \t  <\/tr>\n     <tr class=\"weekends\">\n     \t  \t  <td class=\"tag\" data-label=\"Time\">Sa<\/td>\n     \t  \t  <td class=\"tag\" data-label=\"8 - 18\">95,- \u20ac<\/td>\n     \t  \t  <td class=\"tag\" data-label=\"18 - 22\">95,- \u20ac<\/td>\n     \t  \t  <td data-label=\"22 - 8\">125,- \u20ac<\/td>\n     \t  <\/tr>\n     <tr class=\"holidays\">\n     \t  \t  <td class=\"tag\" data-label=\"Time\">So & holiday<\/td>\n     \t  \t  <td class=\"tag\" data-label=\"8 - 18\">125,- \u20ac<\/td>\n     \t  \t  <td class=\"tag\" data-label=\"18 - 22\">125,-\u20ac<\/td>\n     \t  \t  <td data-label=\"22 - 8\">125,-\u20ac<\/td>\n     \t  <\/tr>\n     <\/tbody>\n<\/table>\n<!-- Table Description-->\n<div class=\"table-description\">\n\t<em>Please call to inquire about travel costs.<\/em>\n<\/div>\n<!-- Wordings below -->\n<div class=\"wordings\">\n<p>The prices listed in this table are binding for unlocking a door that has slammed shut or been pulled shut (without self-locking mechanisms). Please feel free to contact us if you would like a price quote for other locksmith services. We will gladly provide you with a transparent, fixed-price offer.<\/p>\n<\/div>\n\n<!-- END Wordings -->\n\n\n\n<div class=\"ansprech\">Fair locksmith service in Inning am Ammersee with transparent fixed prices<br \/>\n<h3 class=\"phone mobilesOnly\"><a href=\"tel:+498000131131\">0800 \/ 0 131 131<\/a><\/h3><h3 class=\"phone desktopOnly\"><a href=\"tel:+498000131131\">0800 \/ 0 131 131<\/a><\/h3>24-hour emergency service and free emergency hotline<\/div>\n<h2>The municipality of Inning am Ammersee in the district of Starnberg<\/h2>\n<p>The municipality of Inning am Ammersee lies in the northwest of the beautiful district of Starnberg, between the Ammersee and the W\u00f6rthsee. Around 4,500 people live here in an area of \u200b\u200b24.42 square kilometers. The postal code is 82266, and the area codes are 08143 and 08152.<\/p>\n<p>The municipality consists of six districts: Arzla, Bachern (on the W\u00f6rthsee), Buch (on the Ammersee), Inning am Ammersee, Schlagenhofen (on the W\u00f6rthsee), and Stegen (on the Ammersee).<\/p>\n<p>Inning was first mentioned in a document around the year 922. The settlement was originally called &#8220;Uninga,&#8221; which means something like &#8220;at Uno&#8217;s place.&#8221;<\/p>\n<h2>Locksmith Inning am Ammersee: Fixed price guarantee for fast unlocking<\/h2>\n<p>Are you locked out of your house in Inning am Ammersee or one of the aforementioned districts and urgently need a locksmith who is not only fast, experienced, and competent, but also offers fair fixed prices? Amper Locksmith Service is happy to help if you need a true expert who prioritizes fairness and transparent fixed prices. Simply call us, describe your situation, and we will gladly provide you with a fixed-price quote that is guaranteed to be honored. We don&#8217;t use tricks or bait-and-switch tactics, as is unfortunately all too common in our industry.<\/p>\n<h2>Free emergency hotline, available 24\/7, even on holidays<\/h2>\n<p>We provide our customers with a free emergency hotline that is available around the clock, 24\/7. Our experts are available every day of the year, even on holidays! Did you accidentally lock yourself out on Mother&#8217;s Day? Or are you perhaps standing slightly tipsy in front of a locked door early on New Year&#8217;s Day? Did you leave your key inside on a Sunday? No problem at all! Just give us a call, request a non-destructive door opening service, and we&#8217;ll be there as soon as possible. We don&#8217;t have waiting lists, so you won&#8217;t have to stand in front of a locked door for too long.<\/p>\n<h2>Friendly and Skilled Employees<\/h2>\n<p>The employees at Amper Locksmith Service are very friendly, reliable, and skilled. They have received excellent training and are true experts in their field. When unlocking doors, they use professional locksmith tools, which greatly helps them to open them completely without damage. Otherwise, we wouldn&#8217;t be able to open doors without damage in over 99% of cases.<\/p>\n<p>Do you need real professionals for your door unlocking in Inning am Ammersee? Call us now, free of charge! As a locksmith service in Inning am Ammersee, we have been operating for three generations. We prefer to work for a fixed price and are committed to the highest level of customer satisfaction. Feel free to read our many customer reviews!<\/p>\n<div class=\"ansprech\">Fair locksmith service in Inning am Ammersee with transparent fixed prices<br \/>\n<h3 class=\"phone mobilesOnly\"><a href=\"tel:+498000131131\">0800 \/ 0 131 131<\/a><\/h3><h3 class=\"phone desktopOnly\"><a href=\"tel:+498000131131\">0800 \/ 0 131 131<\/a><\/h3>24-hour emergency service and free emergency hotline<\/div>\n","protected":false},"excerpt":{"rendered":"<p>Were you just at Lake Ammersee for a short break to recharge when you suddenly realized you&#8217;d left your keys at home? Have you locked yourself out and now urgently need a reliable locksmith in Inning am Ammersee who can help you professionally and, ideally, for a fixed price? The locksmith professionals at Amper Locksmith [&hellip;]<\/p>\n","protected":false},"author":2,"featured_media":11802,"parent":0,"menu_order":0,"comment_status":"closed","ping_status":"closed","template":"","meta":{"footnotes":"","_links_to":"","_links_to_target":""},"class_list":["post-13429","page","type-page","status-publish","has-post-thumbnail","hentry"],"yoast_head":"<!-- This site is optimized with the Yoast SEO plugin v27.4 - https:\/\/yoast.com\/product\/yoast-seo-wordpress\/ -->\n<title>Locksmith in Inning am Ammersee: fixed price starting from \u20ac52.<\/title>\n<meta name=\"description\" content=\"Experienced locksmith service in Inning am Ammersee, now in its third generation: fair fixed prices, fast 24-hour service &amp; freephone number. Damage-free door opening.\" \/>\n<meta name=\"robots\" content=\"index, follow, max-snippet:-1, max-image-preview:large, max-video-preview:-1\" \/>\n<link rel=\"canonical\" href=\"https:\/\/www.amper-aufsperrdienst.de\/en\/locksmith-inning-am-ammersee\/\" \/>\n<meta property=\"og:locale\" content=\"en_US\" \/>\n<meta property=\"og:type\" content=\"article\" \/>\n<meta property=\"og:title\" content=\"Locksmith in Inning am Ammersee: fixed price starting from \u20ac52.\" \/>\n<meta property=\"og:description\" content=\"Experienced locksmith service in Inning am Ammersee, now in its third generation: fair fixed prices, fast 24-hour service &amp; freephone number. Damage-free door opening.\" \/>\n<meta property=\"og:url\" content=\"https:\/\/www.amper-aufsperrdienst.de\/en\/locksmith-inning-am-ammersee\/\" \/>\n<meta property=\"og:site_name\" content=\"Locksmith for Munich, Dachau and F\u00fcrstenfeldbruck\" \/>\n<meta property=\"article:modified_time\" content=\"2026-01-27T08:53:19+00:00\" \/>\n<meta property=\"og:image\" content=\"https:\/\/www.amper-aufsperrdienst.de\/wp-content\/uploads\/2014\/12\/header-starnberg.jpg\" \/>\n\t<meta property=\"og:image:width\" content=\"960\" \/>\n\t<meta property=\"og:image:height\" content=\"360\" \/>\n\t<meta property=\"og:image:type\" content=\"image\/jpeg\" \/>\n<meta name=\"twitter:label1\" content=\"Est. reading time\" \/>\n\t<meta name=\"twitter:data1\" content=\"4 minutes\" \/>\n<script type=\"application\/ld+json\" class=\"yoast-schema-graph\">{\"@context\":\"https:\\\/\\\/schema.org\",\"@graph\":[{\"@type\":\"WebPage\",\"@id\":\"https:\\\/\\\/www.amper-aufsperrdienst.de\\\/en\\\/locksmith-inning-am-ammersee\\\/\",\"url\":\"https:\\\/\\\/www.amper-aufsperrdienst.de\\\/en\\\/locksmith-inning-am-ammersee\\\/\",\"name\":\"Locksmith in Inning am Ammersee: fixed price starting from \u20ac52.\",\"isPartOf\":{\"@id\":\"https:\\\/\\\/www.amper-aufsperrdienst.de\\\/en\\\/#website\"},\"primaryImageOfPage\":{\"@id\":\"https:\\\/\\\/www.amper-aufsperrdienst.de\\\/en\\\/locksmith-inning-am-ammersee\\\/#primaryimage\"},\"image\":{\"@id\":\"https:\\\/\\\/www.amper-aufsperrdienst.de\\\/en\\\/locksmith-inning-am-ammersee\\\/#primaryimage\"},\"thumbnailUrl\":\"https:\\\/\\\/www.amper-aufsperrdienst.de\\\/wp-content\\\/uploads\\\/2014\\\/12\\\/header-starnberg.jpg\",\"datePublished\":\"2017-12-02T03:12:10+00:00\",\"dateModified\":\"2026-01-27T08:53:19+00:00\",\"description\":\"Experienced locksmith service in Inning am Ammersee, now in its third generation: fair fixed prices, fast 24-hour service & freephone number. Damage-free door opening.\",\"breadcrumb\":{\"@id\":\"https:\\\/\\\/www.amper-aufsperrdienst.de\\\/en\\\/locksmith-inning-am-ammersee\\\/#breadcrumb\"},\"inLanguage\":\"en-US\",\"potentialAction\":[{\"@type\":\"ReadAction\",\"target\":[\"https:\\\/\\\/www.amper-aufsperrdienst.de\\\/en\\\/locksmith-inning-am-ammersee\\\/\"]}]},{\"@type\":\"ImageObject\",\"inLanguage\":\"en-US\",\"@id\":\"https:\\\/\\\/www.amper-aufsperrdienst.de\\\/en\\\/locksmith-inning-am-ammersee\\\/#primaryimage\",\"url\":\"https:\\\/\\\/www.amper-aufsperrdienst.de\\\/wp-content\\\/uploads\\\/2014\\\/12\\\/header-starnberg.jpg\",\"contentUrl\":\"https:\\\/\\\/www.amper-aufsperrdienst.de\\\/wp-content\\\/uploads\\\/2014\\\/12\\\/header-starnberg.jpg\",\"width\":960,\"height\":360,\"caption\":\"Schl\u00fcsseldienst f\u00fcr Krailling \u2013 Schnelle T\u00fcr\u00f6ffnung im W\u00fcrmtal \u2013 Einbruchschutz-Experten vom Amper Aufsperrdienst\"},{\"@type\":\"BreadcrumbList\",\"@id\":\"https:\\\/\\\/www.amper-aufsperrdienst.de\\\/en\\\/locksmith-inning-am-ammersee\\\/#breadcrumb\",\"itemListElement\":[{\"@type\":\"ListItem\",\"position\":1,\"name\":\"Home\",\"item\":\"https:\\\/\\\/www.amper-aufsperrdienst.de\\\/en\\\/\"},{\"@type\":\"ListItem\",\"position\":2,\"name\":\"Locksmith Inning am Ammersee\"}]},{\"@type\":\"WebSite\",\"@id\":\"https:\\\/\\\/www.amper-aufsperrdienst.de\\\/en\\\/#website\",\"url\":\"https:\\\/\\\/www.amper-aufsperrdienst.de\\\/en\\\/\",\"name\":\"Locksmith for Munich, Dachau and F\u00fcrstenfeldbruck\",\"description\":\"Amper Aufsperrdienst\",\"potentialAction\":[{\"@type\":\"SearchAction\",\"target\":{\"@type\":\"EntryPoint\",\"urlTemplate\":\"https:\\\/\\\/www.amper-aufsperrdienst.de\\\/en\\\/?s={search_term_string}\"},\"query-input\":{\"@type\":\"PropertyValueSpecification\",\"valueRequired\":true,\"valueName\":\"search_term_string\"}}],\"inLanguage\":\"en-US\"}]}<\/script>\n<!-- \/ Yoast SEO plugin. -->","yoast_head_json":{"title":"Locksmith in Inning am Ammersee: fixed price starting from \u20ac52.","description":"Experienced locksmith service in Inning am Ammersee, now in its third generation: fair fixed prices, fast 24-hour service & freephone number. Damage-free door opening.","robots":{"index":"index","follow":"follow","max-snippet":"max-snippet:-1","max-image-preview":"max-image-preview:large","max-video-preview":"max-video-preview:-1"},"canonical":"https:\/\/www.amper-aufsperrdienst.de\/en\/locksmith-inning-am-ammersee\/","og_locale":"en_US","og_type":"article","og_title":"Locksmith in Inning am Ammersee: fixed price starting from \u20ac52.","og_description":"Experienced locksmith service in Inning am Ammersee, now in its third generation: fair fixed prices, fast 24-hour service & freephone number. Damage-free door opening.","og_url":"https:\/\/www.amper-aufsperrdienst.de\/en\/locksmith-inning-am-ammersee\/","og_site_name":"Locksmith for Munich, Dachau and F\u00fcrstenfeldbruck","article_modified_time":"2026-01-27T08:53:19+00:00","og_image":[{"width":960,"height":360,"url":"https:\/\/www.amper-aufsperrdienst.de\/wp-content\/uploads\/2014\/12\/header-starnberg.jpg","type":"image\/jpeg"}],"twitter_misc":{"Est. reading time":"4 minutes"},"schema":{"@context":"https:\/\/schema.org","@graph":[{"@type":"WebPage","@id":"https:\/\/www.amper-aufsperrdienst.de\/en\/locksmith-inning-am-ammersee\/","url":"https:\/\/www.amper-aufsperrdienst.de\/en\/locksmith-inning-am-ammersee\/","name":"Locksmith in Inning am Ammersee: fixed price starting from \u20ac52.","isPartOf":{"@id":"https:\/\/www.amper-aufsperrdienst.de\/en\/#website"},"primaryImageOfPage":{"@id":"https:\/\/www.amper-aufsperrdienst.de\/en\/locksmith-inning-am-ammersee\/#primaryimage"},"image":{"@id":"https:\/\/www.amper-aufsperrdienst.de\/en\/locksmith-inning-am-ammersee\/#primaryimage"},"thumbnailUrl":"https:\/\/www.amper-aufsperrdienst.de\/wp-content\/uploads\/2014\/12\/header-starnberg.jpg","datePublished":"2017-12-02T03:12:10+00:00","dateModified":"2026-01-27T08:53:19+00:00","description":"Experienced locksmith service in Inning am Ammersee, now in its third generation: fair fixed prices, fast 24-hour service & freephone number. Damage-free door opening.","breadcrumb":{"@id":"https:\/\/www.amper-aufsperrdienst.de\/en\/locksmith-inning-am-ammersee\/#breadcrumb"},"inLanguage":"en-US","potentialAction":[{"@type":"ReadAction","target":["https:\/\/www.amper-aufsperrdienst.de\/en\/locksmith-inning-am-ammersee\/"]}]},{"@type":"ImageObject","inLanguage":"en-US","@id":"https:\/\/www.amper-aufsperrdienst.de\/en\/locksmith-inning-am-ammersee\/#primaryimage","url":"https:\/\/www.amper-aufsperrdienst.de\/wp-content\/uploads\/2014\/12\/header-starnberg.jpg","contentUrl":"https:\/\/www.amper-aufsperrdienst.de\/wp-content\/uploads\/2014\/12\/header-starnberg.jpg","width":960,"height":360,"caption":"Schl\u00fcsseldienst f\u00fcr Krailling \u2013 Schnelle T\u00fcr\u00f6ffnung im W\u00fcrmtal \u2013 Einbruchschutz-Experten vom Amper Aufsperrdienst"},{"@type":"BreadcrumbList","@id":"https:\/\/www.amper-aufsperrdienst.de\/en\/locksmith-inning-am-ammersee\/#breadcrumb","itemListElement":[{"@type":"ListItem","position":1,"name":"Home","item":"https:\/\/www.amper-aufsperrdienst.de\/en\/"},{"@type":"ListItem","position":2,"name":"Locksmith Inning am Ammersee"}]},{"@type":"WebSite","@id":"https:\/\/www.amper-aufsperrdienst.de\/en\/#website","url":"https:\/\/www.amper-aufsperrdienst.de\/en\/","name":"Locksmith for Munich, Dachau and F\u00fcrstenfeldbruck","description":"Amper Aufsperrdienst","potentialAction":[{"@type":"SearchAction","target":{"@type":"EntryPoint","urlTemplate":"https:\/\/www.amper-aufsperrdienst.de\/en\/?s={search_term_string}"},"query-input":{"@type":"PropertyValueSpecification","valueRequired":true,"valueName":"search_term_string"}}],"inLanguage":"en-US"}]}},"_links":{"self":[{"href":"https:\/\/www.amper-aufsperrdienst.de\/en\/wp-json\/wp\/v2\/pages\/13429","targetHints":{"allow":["GET"]}}],"collection":[{"href":"https:\/\/www.amper-aufsperrdienst.de\/en\/wp-json\/wp\/v2\/pages"}],"about":[{"href":"https:\/\/www.amper-aufsperrdienst.de\/en\/wp-json\/wp\/v2\/types\/page"}],"author":[{"embeddable":true,"href":"https:\/\/www.amper-aufsperrdienst.de\/en\/wp-json\/wp\/v2\/users\/2"}],"replies":[{"embeddable":true,"href":"https:\/\/www.amper-aufsperrdienst.de\/en\/wp-json\/wp\/v2\/comments?post=13429"}],"version-history":[{"count":2,"href":"https:\/\/www.amper-aufsperrdienst.de\/en\/wp-json\/wp\/v2\/pages\/13429\/revisions"}],"predecessor-version":[{"id":13568,"href":"https:\/\/www.amper-aufsperrdienst.de\/en\/wp-json\/wp\/v2\/pages\/13429\/revisions\/13568"}],"wp:featuredmedia":[{"embeddable":true,"href":"https:\/\/www.amper-aufsperrdienst.de\/en\/wp-json\/wp\/v2\/media\/11802"}],"wp:attachment":[{"href":"https:\/\/www.amper-aufsperrdienst.de\/en\/wp-json\/wp\/v2\/media?parent=13429"}],"curies":[{"name":"wp","href":"https:\/\/api.w.org\/{rel}","templated":true}]}}