{"id":13433,"date":"2017-12-04T11:31:32","date_gmt":"2017-12-04T09:31:32","guid":{"rendered":"https:\/\/www.amper-aufsperrdienst.de\/schluesseldienst-hoergertshausen\/"},"modified":"2026-01-27T10:57:50","modified_gmt":"2026-01-27T08:57:50","slug":"locksmith-hoergertshausen","status":"publish","type":"page","link":"https:\/\/www.amper-aufsperrdienst.de\/en\/locksmith-hoergertshausen\/","title":{"rendered":"Locksmith H\u00f6rgertshausen"},"content":{"rendered":"<p><img loading=\"lazy\" decoding=\"async\" class=\"alignleft\" style=\"margin-bottom: 5px !important;\" src=\"https:\/\/www.amper-aufsperrdienst.de\/wp-content\/uploads\/2021\/03\/schluesseldienst-hoergertshausen-festpreis-ab-52-siegel.jpg\" alt=\"Locksmith Amper unlocking service Hoergertshausen with a fixed price from EUR 52\" width=\"250\" height=\"250\" \/><\/p>\n<p>It&#8217;s enough to drive you crazy! You&#8217;re standing in front of a locked door and don&#8217;t have a key to open the lock? Don&#8217;t despair, and definitely don&#8217;t try to force it open yourself. Instead, contact the experienced Amper Locksmith Service, a third-generation locksmith in H\u00f6rgertshausen who have been unlocking all types of doors without causing any damage. We&#8217;ll give you a fixed, binding price right over the phone, and that price will remain the same even after the job is done. We work fairly, transparently, and quickly. And as a genuine emergency locksmith service, we&#8217;re available at night, on Sundays, and on public holidays!<\/p>\n          <!-- tarif -->\n<h2><b><span style=\"vertical-align: inherit;\"><span style=\"vertical-align: inherit;\">Our binding fixed prices start from \u20ac52.<\/span><\/span><\/b><\/h2>\n<p>Amper Locksmith Service is a fair locksmith service with transparent fixed prices:<\/p>\n<div class=\"table-title\">\n\tPRICE LIST  UNLOCK\n<\/div>\n<!-- Table part-->\n<table class=\"table\">\n  <thead class=\"header\">\n\t  <tr>\n     \t <th scope=\"col\">Time<\/th>\n     \t <th scope=\"col\">8 - 18<\/th>\n     \t <th scope=\"col\">18 - 22<\/th>\n     \t <th scope=\"col\">22 - 8<\/th>\n\t<\/tr>\n  <\/thead>\n  <tbody>\n     \t  <tr class=\"weekdays\">\n     \t  \t  <td class=\"tag\" data-label=\"Time\">Mo - Fr<\/td>\n     \t  \t  <td class=\"hrs tag\" data-label=\"8 - 18\">52,- \u20ac<\/td>\n     \t  \t  <td class=\"tag space\" data-label=\"18 - 22\">82,- \u20ac<\/td>\n     \t  \t  <td data-label=\"22 - 8\">95,- \u20ac<\/td>\n     \t  <\/tr>\n     <tr class=\"weekends\">\n     \t  \t  <td class=\"tag\" data-label=\"Time\">Sa<\/td>\n     \t  \t  <td class=\"tag\" data-label=\"8 - 18\">95,- \u20ac<\/td>\n     \t  \t  <td class=\"tag\" data-label=\"18 - 22\">95,- \u20ac<\/td>\n     \t  \t  <td data-label=\"22 - 8\">125,- \u20ac<\/td>\n     \t  <\/tr>\n     <tr class=\"holidays\">\n     \t  \t  <td class=\"tag\" data-label=\"Time\">So & holiday<\/td>\n     \t  \t  <td class=\"tag\" data-label=\"8 - 18\">125,- \u20ac<\/td>\n     \t  \t  <td class=\"tag\" data-label=\"18 - 22\">125,-\u20ac<\/td>\n     \t  \t  <td data-label=\"22 - 8\">125,-\u20ac<\/td>\n     \t  <\/tr>\n     <\/tbody>\n<\/table>\n<!-- Table Description-->\n<div class=\"table-description\">\n\t<em>Please call to inquire about travel costs.<\/em>\n<\/div>\n<!-- Wordings below -->\n<div class=\"wordings\">\n<p>The prices listed in this table are binding for unlocking a door that has slammed shut or been pulled shut (without self-locking mechanisms). Please feel free to contact us if you would like a price quote for other locksmith services. We will gladly provide you with a transparent, fixed-price offer.<\/p>\n<\/div>\n\n<!-- END Wordings -->\n\n\n\n<div class=\"ansprech\">Friendly locksmith service in H\u00f6rgertshausen with transparent fixed prices<br \/>\n<h3 class=\"phone mobilesOnly\"><a href=\"tel:+498000131131\">0800 \/ 0 131 131<\/a><\/h3><h3 class=\"phone desktopOnly\"><a href=\"tel:+498000131131\">0800 \/ 0 131 131<\/a><\/h3>Damage-free door opening by professionals, even on public holidays<\/div>\n<h2>The municipality of H\u00f6rgertshausen in the district of Freising<\/h2>\n<p>The municipality of H\u00f6rgertshausen is located in the northeast of the Upper Bavarian district of Freising and is a member of the administrative community of Mauern. H\u00f6rgertshausen has a population of approximately 2,000 and covers an area of \u200b\u200b21.48 square kilometers. Its postal code is 85413 and its telephone area code is 08764.<\/p>\n<p>The municipality of H\u00f6rgertshausen comprises a total of 39 villages and hamlets.<\/p>\n<p>These are, in alphabetical order: Ammersberg, Bergmartl, Doidorf, Eckelsberg, Fuchswinkl, Goglhof, Gr\u00f6ben, G\u00fctersberg, Haider, Haslreuth, Hinterschlag, H\u00f6fl, Holzh\u00e4useln, Holzhaus, Holzmichl, H\u00f6rgertshausen, Hub, Kehrer am Biber, Kimoden, Lackermann, Limmer zu der Linden, Margarethenried, Neu\u00f6d, Niedersch\u00f6nbuch, Obersch\u00f6nbuch, \u00d6d, Peterswahl, Reissen, Sammetsreith, St. Alban, Saxberg, Schlagh\u00e4useln, Sielstetten, Sixt in der Point, Spitzstidl, Stadlhof, Vorderschlag, Wies and Wiesenberg.<\/p>\n<h2>Locksmith H\u00f6rgertshausen: Fixed Price Guarantee for Expert Door Opening<\/h2>\n<p>Are you looking for a competent and fast locksmith service in the municipality of H\u00f6rgertshausen or one of the aforementioned districts, one that offers expert door opening services at a reasonable fixed price? Amper Locksmith Service is certainly the right contact in such a case. We are a highly experienced, third-generation locksmith service that is always available and adheres precisely to the fixed prices we quote. We don&#8217;t need to use deceptive offers and add hidden costs at the end. Transparency and fairness are extremely important to us.<\/p>\n<h2>Available at any time, even at night and on Sundays and public holidays<\/h2>\n<p>Amper Locksmith Service is a genuine emergency locksmith service available around the clock. Our 24\/7 availability also applies to Sundays and public holidays. Did you lock yourself out early on Easter Monday morning and now need a helping hand? Or are you standing in front of a locked door on Christmas Eve? No big deal. Just pick up your mobile phone and call our free 24-hour emergency hotline. You&#8217;ll be connected directly to one of our qualified locksmiths, and definitely not to a call center.<\/p>\n<h2>Maximum Precision in Lock Opening<\/h2>\n<p>We are not only available around the clock, but also operate with utmost concentration and precision when unlocking doors. Our employees are all highly trained and possess extensive expertise. Amper Locksmith Service has successfully unlocked thousands of front doors. In over 99% of cases, we have caused no damage. This is also due to the fact that we use only the best locksmith tools.<\/p>\n<p>Have you locked yourself out in H\u00f6rgertshausen and would like to hire a competent, fast, and affordable locksmith? Feel free to contact us; we are available 24\/7 to assist you!<\/p>\n<div class=\"ansprech\">Friendly locksmith service in H\u00f6rgertshausen with transparent fixed prices<br \/>\n<h3 class=\"phone mobilesOnly\"><a href=\"tel:+498000131131\">0800 \/ 0 131 131<\/a><\/h3><h3 class=\"phone desktopOnly\"><a href=\"tel:+498000131131\">0800 \/ 0 131 131<\/a><\/h3>Damage-free door opening by professionals, even on public holidays<\/div>\n","protected":false},"excerpt":{"rendered":"<p>It&#8217;s enough to drive you crazy! You&#8217;re standing in front of a locked door and don&#8217;t have a key to open the lock? Don&#8217;t despair, and definitely don&#8217;t try to force it open yourself. Instead, contact the experienced Amper Locksmith Service, a third-generation locksmith in H\u00f6rgertshausen who have been unlocking all types of doors without [&hellip;]<\/p>\n","protected":false},"author":2,"featured_media":11004,"parent":0,"menu_order":0,"comment_status":"closed","ping_status":"closed","template":"","meta":{"footnotes":"","_links_to":"","_links_to_target":""},"class_list":["post-13433","page","type-page","status-publish","has-post-thumbnail","hentry"],"yoast_head":"<!-- This site is optimized with the Yoast SEO plugin v27.4 - https:\/\/yoast.com\/product\/yoast-seo-wordpress\/ -->\n<title>Locksmith H\u00f6rgertshausen: from \u20ac52,- fixed price (binding)<\/title>\n<meta name=\"description\" content=\"Professional locksmith service in H\u00f6rgertshausen for damage-free door unlocking at a low fixed price: free emergency call, 24-hour service &amp; friendly staff\" \/>\n<meta name=\"robots\" content=\"index, follow, max-snippet:-1, max-image-preview:large, max-video-preview:-1\" \/>\n<link rel=\"canonical\" href=\"https:\/\/www.amper-aufsperrdienst.de\/en\/locksmith-hoergertshausen\/\" \/>\n<meta property=\"og:locale\" content=\"en_US\" \/>\n<meta property=\"og:type\" content=\"article\" \/>\n<meta property=\"og:title\" content=\"Locksmith H\u00f6rgertshausen: from \u20ac52,- fixed price (binding)\" \/>\n<meta property=\"og:description\" content=\"Professional locksmith service in H\u00f6rgertshausen for damage-free door unlocking at a low fixed price: free emergency call, 24-hour service &amp; friendly staff\" \/>\n<meta property=\"og:url\" content=\"https:\/\/www.amper-aufsperrdienst.de\/en\/locksmith-hoergertshausen\/\" \/>\n<meta property=\"og:site_name\" content=\"Locksmith for Munich, Dachau and F\u00fcrstenfeldbruck\" \/>\n<meta property=\"article:modified_time\" content=\"2026-01-27T08:57:50+00:00\" \/>\n<meta property=\"og:image\" content=\"https:\/\/www.amper-aufsperrdienst.de\/wp-content\/uploads\/2014\/12\/header-freising.jpg\" \/>\n\t<meta property=\"og:image:width\" content=\"960\" \/>\n\t<meta property=\"og:image:height\" content=\"360\" \/>\n\t<meta property=\"og:image:type\" content=\"image\/jpeg\" \/>\n<meta name=\"twitter:label1\" content=\"Est. reading time\" \/>\n\t<meta name=\"twitter:data1\" content=\"4 minutes\" \/>\n<script type=\"application\/ld+json\" class=\"yoast-schema-graph\">{\"@context\":\"https:\\\/\\\/schema.org\",\"@graph\":[{\"@type\":\"WebPage\",\"@id\":\"https:\\\/\\\/www.amper-aufsperrdienst.de\\\/en\\\/locksmith-hoergertshausen\\\/\",\"url\":\"https:\\\/\\\/www.amper-aufsperrdienst.de\\\/en\\\/locksmith-hoergertshausen\\\/\",\"name\":\"Locksmith H\u00f6rgertshausen: from \u20ac52,- fixed price (binding)\",\"isPartOf\":{\"@id\":\"https:\\\/\\\/www.amper-aufsperrdienst.de\\\/en\\\/#website\"},\"primaryImageOfPage\":{\"@id\":\"https:\\\/\\\/www.amper-aufsperrdienst.de\\\/en\\\/locksmith-hoergertshausen\\\/#primaryimage\"},\"image\":{\"@id\":\"https:\\\/\\\/www.amper-aufsperrdienst.de\\\/en\\\/locksmith-hoergertshausen\\\/#primaryimage\"},\"thumbnailUrl\":\"https:\\\/\\\/www.amper-aufsperrdienst.de\\\/wp-content\\\/uploads\\\/2014\\\/12\\\/header-freising.jpg\",\"datePublished\":\"2017-12-04T09:31:32+00:00\",\"dateModified\":\"2026-01-27T08:57:50+00:00\",\"description\":\"Professional locksmith service in H\u00f6rgertshausen for damage-free door unlocking at a low fixed price: free emergency call, 24-hour service & friendly staff\",\"breadcrumb\":{\"@id\":\"https:\\\/\\\/www.amper-aufsperrdienst.de\\\/en\\\/locksmith-hoergertshausen\\\/#breadcrumb\"},\"inLanguage\":\"en-US\",\"potentialAction\":[{\"@type\":\"ReadAction\",\"target\":[\"https:\\\/\\\/www.amper-aufsperrdienst.de\\\/en\\\/locksmith-hoergertshausen\\\/\"]}]},{\"@type\":\"ImageObject\",\"inLanguage\":\"en-US\",\"@id\":\"https:\\\/\\\/www.amper-aufsperrdienst.de\\\/en\\\/locksmith-hoergertshausen\\\/#primaryimage\",\"url\":\"https:\\\/\\\/www.amper-aufsperrdienst.de\\\/wp-content\\\/uploads\\\/2014\\\/12\\\/header-freising.jpg\",\"contentUrl\":\"https:\\\/\\\/www.amper-aufsperrdienst.de\\\/wp-content\\\/uploads\\\/2014\\\/12\\\/header-freising.jpg\",\"width\":960,\"height\":360},{\"@type\":\"BreadcrumbList\",\"@id\":\"https:\\\/\\\/www.amper-aufsperrdienst.de\\\/en\\\/locksmith-hoergertshausen\\\/#breadcrumb\",\"itemListElement\":[{\"@type\":\"ListItem\",\"position\":1,\"name\":\"Home\",\"item\":\"https:\\\/\\\/www.amper-aufsperrdienst.de\\\/en\\\/\"},{\"@type\":\"ListItem\",\"position\":2,\"name\":\"Locksmith H\u00f6rgertshausen\"}]},{\"@type\":\"WebSite\",\"@id\":\"https:\\\/\\\/www.amper-aufsperrdienst.de\\\/en\\\/#website\",\"url\":\"https:\\\/\\\/www.amper-aufsperrdienst.de\\\/en\\\/\",\"name\":\"Locksmith for Munich, Dachau and F\u00fcrstenfeldbruck\",\"description\":\"Amper Aufsperrdienst\",\"potentialAction\":[{\"@type\":\"SearchAction\",\"target\":{\"@type\":\"EntryPoint\",\"urlTemplate\":\"https:\\\/\\\/www.amper-aufsperrdienst.de\\\/en\\\/?s={search_term_string}\"},\"query-input\":{\"@type\":\"PropertyValueSpecification\",\"valueRequired\":true,\"valueName\":\"search_term_string\"}}],\"inLanguage\":\"en-US\"}]}<\/script>\n<!-- \/ Yoast SEO plugin. -->","yoast_head_json":{"title":"Locksmith H\u00f6rgertshausen: from \u20ac52,- fixed price (binding)","description":"Professional locksmith service in H\u00f6rgertshausen for damage-free door unlocking at a low fixed price: free emergency call, 24-hour service & friendly staff","robots":{"index":"index","follow":"follow","max-snippet":"max-snippet:-1","max-image-preview":"max-image-preview:large","max-video-preview":"max-video-preview:-1"},"canonical":"https:\/\/www.amper-aufsperrdienst.de\/en\/locksmith-hoergertshausen\/","og_locale":"en_US","og_type":"article","og_title":"Locksmith H\u00f6rgertshausen: from \u20ac52,- fixed price (binding)","og_description":"Professional locksmith service in H\u00f6rgertshausen for damage-free door unlocking at a low fixed price: free emergency call, 24-hour service & friendly staff","og_url":"https:\/\/www.amper-aufsperrdienst.de\/en\/locksmith-hoergertshausen\/","og_site_name":"Locksmith for Munich, Dachau and F\u00fcrstenfeldbruck","article_modified_time":"2026-01-27T08:57:50+00:00","og_image":[{"width":960,"height":360,"url":"https:\/\/www.amper-aufsperrdienst.de\/wp-content\/uploads\/2014\/12\/header-freising.jpg","type":"image\/jpeg"}],"twitter_misc":{"Est. reading time":"4 minutes"},"schema":{"@context":"https:\/\/schema.org","@graph":[{"@type":"WebPage","@id":"https:\/\/www.amper-aufsperrdienst.de\/en\/locksmith-hoergertshausen\/","url":"https:\/\/www.amper-aufsperrdienst.de\/en\/locksmith-hoergertshausen\/","name":"Locksmith H\u00f6rgertshausen: from \u20ac52,- fixed price (binding)","isPartOf":{"@id":"https:\/\/www.amper-aufsperrdienst.de\/en\/#website"},"primaryImageOfPage":{"@id":"https:\/\/www.amper-aufsperrdienst.de\/en\/locksmith-hoergertshausen\/#primaryimage"},"image":{"@id":"https:\/\/www.amper-aufsperrdienst.de\/en\/locksmith-hoergertshausen\/#primaryimage"},"thumbnailUrl":"https:\/\/www.amper-aufsperrdienst.de\/wp-content\/uploads\/2014\/12\/header-freising.jpg","datePublished":"2017-12-04T09:31:32+00:00","dateModified":"2026-01-27T08:57:50+00:00","description":"Professional locksmith service in H\u00f6rgertshausen for damage-free door unlocking at a low fixed price: free emergency call, 24-hour service & friendly staff","breadcrumb":{"@id":"https:\/\/www.amper-aufsperrdienst.de\/en\/locksmith-hoergertshausen\/#breadcrumb"},"inLanguage":"en-US","potentialAction":[{"@type":"ReadAction","target":["https:\/\/www.amper-aufsperrdienst.de\/en\/locksmith-hoergertshausen\/"]}]},{"@type":"ImageObject","inLanguage":"en-US","@id":"https:\/\/www.amper-aufsperrdienst.de\/en\/locksmith-hoergertshausen\/#primaryimage","url":"https:\/\/www.amper-aufsperrdienst.de\/wp-content\/uploads\/2014\/12\/header-freising.jpg","contentUrl":"https:\/\/www.amper-aufsperrdienst.de\/wp-content\/uploads\/2014\/12\/header-freising.jpg","width":960,"height":360},{"@type":"BreadcrumbList","@id":"https:\/\/www.amper-aufsperrdienst.de\/en\/locksmith-hoergertshausen\/#breadcrumb","itemListElement":[{"@type":"ListItem","position":1,"name":"Home","item":"https:\/\/www.amper-aufsperrdienst.de\/en\/"},{"@type":"ListItem","position":2,"name":"Locksmith H\u00f6rgertshausen"}]},{"@type":"WebSite","@id":"https:\/\/www.amper-aufsperrdienst.de\/en\/#website","url":"https:\/\/www.amper-aufsperrdienst.de\/en\/","name":"Locksmith for Munich, Dachau and F\u00fcrstenfeldbruck","description":"Amper Aufsperrdienst","potentialAction":[{"@type":"SearchAction","target":{"@type":"EntryPoint","urlTemplate":"https:\/\/www.amper-aufsperrdienst.de\/en\/?s={search_term_string}"},"query-input":{"@type":"PropertyValueSpecification","valueRequired":true,"valueName":"search_term_string"}}],"inLanguage":"en-US"}]}},"_links":{"self":[{"href":"https:\/\/www.amper-aufsperrdienst.de\/en\/wp-json\/wp\/v2\/pages\/13433","targetHints":{"allow":["GET"]}}],"collection":[{"href":"https:\/\/www.amper-aufsperrdienst.de\/en\/wp-json\/wp\/v2\/pages"}],"about":[{"href":"https:\/\/www.amper-aufsperrdienst.de\/en\/wp-json\/wp\/v2\/types\/page"}],"author":[{"embeddable":true,"href":"https:\/\/www.amper-aufsperrdienst.de\/en\/wp-json\/wp\/v2\/users\/2"}],"replies":[{"embeddable":true,"href":"https:\/\/www.amper-aufsperrdienst.de\/en\/wp-json\/wp\/v2\/comments?post=13433"}],"version-history":[{"count":2,"href":"https:\/\/www.amper-aufsperrdienst.de\/en\/wp-json\/wp\/v2\/pages\/13433\/revisions"}],"predecessor-version":[{"id":13622,"href":"https:\/\/www.amper-aufsperrdienst.de\/en\/wp-json\/wp\/v2\/pages\/13433\/revisions\/13622"}],"wp:featuredmedia":[{"embeddable":true,"href":"https:\/\/www.amper-aufsperrdienst.de\/en\/wp-json\/wp\/v2\/media\/11004"}],"wp:attachment":[{"href":"https:\/\/www.amper-aufsperrdienst.de\/en\/wp-json\/wp\/v2\/media?parent=13433"}],"curies":[{"name":"wp","href":"https:\/\/api.w.org\/{rel}","templated":true}]}}