{"id":13517,"date":"2018-02-28T06:03:03","date_gmt":"2018-02-28T04:03:03","guid":{"rendered":"https:\/\/www.amper-aufsperrdienst.de\/locksmith-munich-joergplatz\/"},"modified":"2026-01-22T10:10:18","modified_gmt":"2026-01-22T08:10:18","slug":"locksmith-munich-joergplatz","status":"publish","type":"page","link":"https:\/\/www.amper-aufsperrdienst.de\/en\/locksmith-munich-joergplatz\/","title":{"rendered":"Locksmith Munich Joergplatz"},"content":{"rendered":"<p><img loading=\"lazy\" decoding=\"async\" class=\"alignleft\" style=\"margin-bottom: 5px !important;\" src=\"https:\/\/www.amper-aufsperrdienst.de\/wp-content\/uploads\/2021\/03\/schluesseldienst-muenchen-joergplatz-festpreis-ab-52-siegel.jpg\" alt=\"Amper Locksmith Service - Locksmith Munich-Joergplatz with fixed prices starting at \u20ac52\" width=\"250\" height=\"250\" \/><\/p>\n<p>Are you tired of unreliable locksmiths who let you down when you really need help? Do you live near Joergplatz in Munich and have locked yourself out? Just one call to our experienced locksmith service in Munich&#8217;s Joergplatz area is all it takes, and one of our skilled and professional locksmiths will be on their way to you. We&#8217;ll arrive in about 30 minutes and begin the necessary service immediately. We offer a fixed price, which we&#8217;ll gladly quote you during your free initial call.<\/p>\n          <!-- tarif -->\n<h2><b><span style=\"vertical-align: inherit;\"><span style=\"vertical-align: inherit;\">Our binding fixed prices start from \u20ac52.<\/span><\/span><\/b><\/h2>\n<p>Amper Locksmith Service is a fair locksmith service with transparent fixed prices:<\/p>\n<div class=\"table-title\">\n\tPRICE LIST  UNLOCK\n<\/div>\n<!-- Table part-->\n<table class=\"table\">\n  <thead class=\"header\">\n\t  <tr>\n     \t <th scope=\"col\">Time<\/th>\n     \t <th scope=\"col\">8 - 18<\/th>\n     \t <th scope=\"col\">18 - 22<\/th>\n     \t <th scope=\"col\">22 - 8<\/th>\n\t<\/tr>\n  <\/thead>\n  <tbody>\n     \t  <tr class=\"weekdays\">\n     \t  \t  <td class=\"tag\" data-label=\"Time\">Mo - Fr<\/td>\n     \t  \t  <td class=\"hrs tag\" data-label=\"8 - 18\">52,- \u20ac<\/td>\n     \t  \t  <td class=\"tag space\" data-label=\"18 - 22\">82,- \u20ac<\/td>\n     \t  \t  <td data-label=\"22 - 8\">95,- \u20ac<\/td>\n     \t  <\/tr>\n     <tr class=\"weekends\">\n     \t  \t  <td class=\"tag\" data-label=\"Time\">Sa<\/td>\n     \t  \t  <td class=\"tag\" data-label=\"8 - 18\">95,- \u20ac<\/td>\n     \t  \t  <td class=\"tag\" data-label=\"18 - 22\">95,- \u20ac<\/td>\n     \t  \t  <td data-label=\"22 - 8\">125,- \u20ac<\/td>\n     \t  <\/tr>\n     <tr class=\"holidays\">\n     \t  \t  <td class=\"tag\" data-label=\"Time\">So & holiday<\/td>\n     \t  \t  <td class=\"tag\" data-label=\"8 - 18\">125,- \u20ac<\/td>\n     \t  \t  <td class=\"tag\" data-label=\"18 - 22\">125,-\u20ac<\/td>\n     \t  \t  <td data-label=\"22 - 8\">125,-\u20ac<\/td>\n     \t  <\/tr>\n     <\/tbody>\n<\/table>\n<!-- Table Description-->\n<div class=\"table-description\">\n\t<em>Please call to inquire about travel costs.<\/em>\n<\/div>\n<!-- Wordings below -->\n<div class=\"wordings\">\n<p>The prices listed in this table are binding for unlocking a door that has slammed shut or been pulled shut (without self-locking mechanisms). Please feel free to contact us if you would like a price quote for other locksmith services. We will gladly provide you with a transparent, fixed-price offer.<\/p>\n<\/div>\n\n<!-- END Wordings -->\n\n\n\n<div class=\"ansprech\">Locksmith Munich Joergplatz with expert locksmiths<br \/>\n<h3 class=\"phone mobilesOnly\"><a href=\"tel:+498000131131\">0800 \/ 0 131 131<\/a><\/h3><h3 class=\"phone desktopOnly\"><a href=\"tel:+498000131131\">0800 \/ 0 131 131<\/a><\/h3>Fair fixed price for fast, damage-free door opening, also available on Sundays and public holidays<\/div>\n<h2>24\/7 emergency service: We&#8217;re always here to help<\/h2>\n<p>It often happens at the worst possible time: the door slams shut behind you and your key is still inside. Of course, you can&#8217;t wait until the next business day if you&#8217;ve locked yourself out on a weekend or holiday. As your 24\/7 emergency locksmith service, Amper Locksmith is available around the clock and will open your door quickly. This means no annoying waiting times for you. You can reach us anytime on our toll-free number.<\/p>\n<p>Amper Locksmith Service also works with fairly calculated fixed prices. This means you don&#8217;t have to worry about hidden costs. We&#8217;ll tell you our fixed prices directly over the phone after you&#8217;ve described your situation. Unlike many shell companies or letterbox firms, we don&#8217;t have exorbitant additional costs or surcharges. Guaranteed!<\/p>\n<h2>Joergplatz in the Laim district of Munich<\/h2>\n<p>Joergplatz is located in Munich&#8217;s 25th district, Laim, and was first named in 1925. The square is named after Josef Edmund J\u00f6rg, who lived from 1819 to 1901. J\u00f6rg was a Bavarian historian, archivist, politician, and publicist. Joergplatz is bordered by Saherrstra\u00dfe, Wei\u00dflinger Stra\u00dfe, K\u00e4pflstra\u00dfe, and St\u00fcrzerstra\u00dfe.<\/p>\n<p>The square is rectangular and narrow. Since a daycare center is located in the immediate vicinity, it features a large playground that attracts many children and teenagers every day for relaxation and play.<\/p>\n<h2>Damage-free door unlocking: Our experience and tradition make it possible.<\/h2>\n<p>Under the leadership of Mario Pichelmaier, our Munich locksmith service at Joergplatz is now in its third generation, operating as a 24\/7 emergency service. Thanks to our experienced locksmiths, we can unlock your door quickly and without damage. Amper Locksmith Service also uses only specialized tools. These tools allow us to always unlock your door without causing damage, even if it&#8217;s only latched.<\/p>\n<p>We offer not only fast door opening services, but also a wide range of security technology services. Let our expert staff advise you today.<\/p>\n<div class=\"ansprech\">Locksmith Munich Joergplatz with skilled locksmiths<br \/>\n<h3 class=\"phone mobilesOnly\"><a href=\"tel:+498000131131\">0800 \/ 0 131 131<\/a><\/h3><h3 class=\"phone desktopOnly\"><a href=\"tel:+498000131131\">0800 \/ 0 131 131<\/a><\/h3>Fair fixed price for fast, damage-free door opening, also available on Sundays and public holidays<\/div>\n","protected":false},"excerpt":{"rendered":"<p>Are you tired of unreliable locksmiths who let you down when you really need help? Do you live near Joergplatz in Munich and have locked yourself out? Just one call to our experienced locksmith service in Munich&#8217;s Joergplatz area is all it takes, and one of our skilled and professional locksmiths will be on their [&hellip;]<\/p>\n","protected":false},"author":2,"featured_media":0,"parent":0,"menu_order":0,"comment_status":"closed","ping_status":"closed","template":"","meta":{"footnotes":"","_links_to":"","_links_to_target":""},"class_list":["post-13517","page","type-page","status-publish","hentry"],"yoast_head":"<!-- This site is optimized with the Yoast SEO plugin v27.4 - https:\/\/yoast.com\/product\/yoast-seo-wordpress\/ -->\n<title>Locksmith Munich Joergplatz: from \u20ac52,- fixed price<\/title>\n<meta name=\"description\" content=\"Friendly, fast, and honest locksmith service in Munich&#039;s Joergplatz district with competent staff, a freephone number, 24\/7 availability, and fair fixed prices: Contact us immediately, free of charge, if you are locked out! Damage-free and within 30 minutes!\" \/>\n<meta name=\"robots\" content=\"index, follow, max-snippet:-1, max-image-preview:large, max-video-preview:-1\" \/>\n<link rel=\"canonical\" href=\"https:\/\/www.amper-aufsperrdienst.de\/en\/locksmith-munich-joergplatz\/\" \/>\n<meta property=\"og:locale\" content=\"en_US\" \/>\n<meta property=\"og:type\" content=\"article\" \/>\n<meta property=\"og:title\" content=\"Locksmith Munich Joergplatz: from \u20ac52,- fixed price\" \/>\n<meta property=\"og:description\" content=\"Friendly, fast, and honest locksmith service in Munich&#039;s Joergplatz district with competent staff, a freephone number, 24\/7 availability, and fair fixed prices: Contact us immediately, free of charge, if you are locked out! Damage-free and within 30 minutes!\" \/>\n<meta property=\"og:url\" content=\"https:\/\/www.amper-aufsperrdienst.de\/en\/locksmith-munich-joergplatz\/\" \/>\n<meta property=\"og:site_name\" content=\"Locksmith for Munich, Dachau and F\u00fcrstenfeldbruck\" \/>\n<meta property=\"article:modified_time\" content=\"2026-01-22T08:10:18+00:00\" \/>\n<meta property=\"og:image\" content=\"https:\/\/www.amper-aufsperrdienst.de\/wp-content\/uploads\/2021\/03\/schluesseldienst-muenchen-joergplatz-festpreis-ab-52-siegel.jpg\" \/>\n<meta name=\"twitter:label1\" content=\"Est. reading time\" \/>\n\t<meta name=\"twitter:data1\" content=\"3 minutes\" \/>\n<script type=\"application\/ld+json\" class=\"yoast-schema-graph\">{\"@context\":\"https:\\\/\\\/schema.org\",\"@graph\":[{\"@type\":\"WebPage\",\"@id\":\"https:\\\/\\\/www.amper-aufsperrdienst.de\\\/en\\\/locksmith-munich-joergplatz\\\/\",\"url\":\"https:\\\/\\\/www.amper-aufsperrdienst.de\\\/en\\\/locksmith-munich-joergplatz\\\/\",\"name\":\"Locksmith Munich Joergplatz: from \u20ac52,- fixed price\",\"isPartOf\":{\"@id\":\"https:\\\/\\\/www.amper-aufsperrdienst.de\\\/en\\\/#website\"},\"primaryImageOfPage\":{\"@id\":\"https:\\\/\\\/www.amper-aufsperrdienst.de\\\/en\\\/locksmith-munich-joergplatz\\\/#primaryimage\"},\"image\":{\"@id\":\"https:\\\/\\\/www.amper-aufsperrdienst.de\\\/en\\\/locksmith-munich-joergplatz\\\/#primaryimage\"},\"thumbnailUrl\":\"https:\\\/\\\/www.amper-aufsperrdienst.de\\\/wp-content\\\/uploads\\\/2021\\\/03\\\/schluesseldienst-muenchen-joergplatz-festpreis-ab-52-siegel.jpg\",\"datePublished\":\"2018-02-28T04:03:03+00:00\",\"dateModified\":\"2026-01-22T08:10:18+00:00\",\"description\":\"Friendly, fast, and honest locksmith service in Munich's Joergplatz district with competent staff, a freephone number, 24\\\/7 availability, and fair fixed prices: Contact us immediately, free of charge, if you are locked out! Damage-free and within 30 minutes!\",\"breadcrumb\":{\"@id\":\"https:\\\/\\\/www.amper-aufsperrdienst.de\\\/en\\\/locksmith-munich-joergplatz\\\/#breadcrumb\"},\"inLanguage\":\"en-US\",\"potentialAction\":[{\"@type\":\"ReadAction\",\"target\":[\"https:\\\/\\\/www.amper-aufsperrdienst.de\\\/en\\\/locksmith-munich-joergplatz\\\/\"]}]},{\"@type\":\"ImageObject\",\"inLanguage\":\"en-US\",\"@id\":\"https:\\\/\\\/www.amper-aufsperrdienst.de\\\/en\\\/locksmith-munich-joergplatz\\\/#primaryimage\",\"url\":\"https:\\\/\\\/www.amper-aufsperrdienst.de\\\/wp-content\\\/uploads\\\/2021\\\/03\\\/schluesseldienst-muenchen-joergplatz-festpreis-ab-52-siegel.jpg\",\"contentUrl\":\"https:\\\/\\\/www.amper-aufsperrdienst.de\\\/wp-content\\\/uploads\\\/2021\\\/03\\\/schluesseldienst-muenchen-joergplatz-festpreis-ab-52-siegel.jpg\"},{\"@type\":\"BreadcrumbList\",\"@id\":\"https:\\\/\\\/www.amper-aufsperrdienst.de\\\/en\\\/locksmith-munich-joergplatz\\\/#breadcrumb\",\"itemListElement\":[{\"@type\":\"ListItem\",\"position\":1,\"name\":\"Home\",\"item\":\"https:\\\/\\\/www.amper-aufsperrdienst.de\\\/en\\\/\"},{\"@type\":\"ListItem\",\"position\":2,\"name\":\"Locksmith Munich Joergplatz\"}]},{\"@type\":\"WebSite\",\"@id\":\"https:\\\/\\\/www.amper-aufsperrdienst.de\\\/en\\\/#website\",\"url\":\"https:\\\/\\\/www.amper-aufsperrdienst.de\\\/en\\\/\",\"name\":\"Locksmith for Munich, Dachau and F\u00fcrstenfeldbruck\",\"description\":\"Amper Aufsperrdienst\",\"potentialAction\":[{\"@type\":\"SearchAction\",\"target\":{\"@type\":\"EntryPoint\",\"urlTemplate\":\"https:\\\/\\\/www.amper-aufsperrdienst.de\\\/en\\\/?s={search_term_string}\"},\"query-input\":{\"@type\":\"PropertyValueSpecification\",\"valueRequired\":true,\"valueName\":\"search_term_string\"}}],\"inLanguage\":\"en-US\"}]}<\/script>\n<!-- \/ Yoast SEO plugin. -->","yoast_head_json":{"title":"Locksmith Munich Joergplatz: from \u20ac52,- fixed price","description":"Friendly, fast, and honest locksmith service in Munich's Joergplatz district with competent staff, a freephone number, 24\/7 availability, and fair fixed prices: Contact us immediately, free of charge, if you are locked out! Damage-free and within 30 minutes!","robots":{"index":"index","follow":"follow","max-snippet":"max-snippet:-1","max-image-preview":"max-image-preview:large","max-video-preview":"max-video-preview:-1"},"canonical":"https:\/\/www.amper-aufsperrdienst.de\/en\/locksmith-munich-joergplatz\/","og_locale":"en_US","og_type":"article","og_title":"Locksmith Munich Joergplatz: from \u20ac52,- fixed price","og_description":"Friendly, fast, and honest locksmith service in Munich's Joergplatz district with competent staff, a freephone number, 24\/7 availability, and fair fixed prices: Contact us immediately, free of charge, if you are locked out! Damage-free and within 30 minutes!","og_url":"https:\/\/www.amper-aufsperrdienst.de\/en\/locksmith-munich-joergplatz\/","og_site_name":"Locksmith for Munich, Dachau and F\u00fcrstenfeldbruck","article_modified_time":"2026-01-22T08:10:18+00:00","og_image":[{"url":"https:\/\/www.amper-aufsperrdienst.de\/wp-content\/uploads\/2021\/03\/schluesseldienst-muenchen-joergplatz-festpreis-ab-52-siegel.jpg","type":"","width":"","height":""}],"twitter_misc":{"Est. reading time":"3 minutes"},"schema":{"@context":"https:\/\/schema.org","@graph":[{"@type":"WebPage","@id":"https:\/\/www.amper-aufsperrdienst.de\/en\/locksmith-munich-joergplatz\/","url":"https:\/\/www.amper-aufsperrdienst.de\/en\/locksmith-munich-joergplatz\/","name":"Locksmith Munich Joergplatz: from \u20ac52,- fixed price","isPartOf":{"@id":"https:\/\/www.amper-aufsperrdienst.de\/en\/#website"},"primaryImageOfPage":{"@id":"https:\/\/www.amper-aufsperrdienst.de\/en\/locksmith-munich-joergplatz\/#primaryimage"},"image":{"@id":"https:\/\/www.amper-aufsperrdienst.de\/en\/locksmith-munich-joergplatz\/#primaryimage"},"thumbnailUrl":"https:\/\/www.amper-aufsperrdienst.de\/wp-content\/uploads\/2021\/03\/schluesseldienst-muenchen-joergplatz-festpreis-ab-52-siegel.jpg","datePublished":"2018-02-28T04:03:03+00:00","dateModified":"2026-01-22T08:10:18+00:00","description":"Friendly, fast, and honest locksmith service in Munich's Joergplatz district with competent staff, a freephone number, 24\/7 availability, and fair fixed prices: Contact us immediately, free of charge, if you are locked out! Damage-free and within 30 minutes!","breadcrumb":{"@id":"https:\/\/www.amper-aufsperrdienst.de\/en\/locksmith-munich-joergplatz\/#breadcrumb"},"inLanguage":"en-US","potentialAction":[{"@type":"ReadAction","target":["https:\/\/www.amper-aufsperrdienst.de\/en\/locksmith-munich-joergplatz\/"]}]},{"@type":"ImageObject","inLanguage":"en-US","@id":"https:\/\/www.amper-aufsperrdienst.de\/en\/locksmith-munich-joergplatz\/#primaryimage","url":"https:\/\/www.amper-aufsperrdienst.de\/wp-content\/uploads\/2021\/03\/schluesseldienst-muenchen-joergplatz-festpreis-ab-52-siegel.jpg","contentUrl":"https:\/\/www.amper-aufsperrdienst.de\/wp-content\/uploads\/2021\/03\/schluesseldienst-muenchen-joergplatz-festpreis-ab-52-siegel.jpg"},{"@type":"BreadcrumbList","@id":"https:\/\/www.amper-aufsperrdienst.de\/en\/locksmith-munich-joergplatz\/#breadcrumb","itemListElement":[{"@type":"ListItem","position":1,"name":"Home","item":"https:\/\/www.amper-aufsperrdienst.de\/en\/"},{"@type":"ListItem","position":2,"name":"Locksmith Munich Joergplatz"}]},{"@type":"WebSite","@id":"https:\/\/www.amper-aufsperrdienst.de\/en\/#website","url":"https:\/\/www.amper-aufsperrdienst.de\/en\/","name":"Locksmith for Munich, Dachau and F\u00fcrstenfeldbruck","description":"Amper Aufsperrdienst","potentialAction":[{"@type":"SearchAction","target":{"@type":"EntryPoint","urlTemplate":"https:\/\/www.amper-aufsperrdienst.de\/en\/?s={search_term_string}"},"query-input":{"@type":"PropertyValueSpecification","valueRequired":true,"valueName":"search_term_string"}}],"inLanguage":"en-US"}]}},"_links":{"self":[{"href":"https:\/\/www.amper-aufsperrdienst.de\/en\/wp-json\/wp\/v2\/pages\/13517","targetHints":{"allow":["GET"]}}],"collection":[{"href":"https:\/\/www.amper-aufsperrdienst.de\/en\/wp-json\/wp\/v2\/pages"}],"about":[{"href":"https:\/\/www.amper-aufsperrdienst.de\/en\/wp-json\/wp\/v2\/types\/page"}],"author":[{"embeddable":true,"href":"https:\/\/www.amper-aufsperrdienst.de\/en\/wp-json\/wp\/v2\/users\/2"}],"replies":[{"embeddable":true,"href":"https:\/\/www.amper-aufsperrdienst.de\/en\/wp-json\/wp\/v2\/comments?post=13517"}],"version-history":[{"count":1,"href":"https:\/\/www.amper-aufsperrdienst.de\/en\/wp-json\/wp\/v2\/pages\/13517\/revisions"}],"predecessor-version":[{"id":13521,"href":"https:\/\/www.amper-aufsperrdienst.de\/en\/wp-json\/wp\/v2\/pages\/13517\/revisions\/13521"}],"wp:attachment":[{"href":"https:\/\/www.amper-aufsperrdienst.de\/en\/wp-json\/wp\/v2\/media?parent=13517"}],"curies":[{"name":"wp","href":"https:\/\/api.w.org\/{rel}","templated":true}]}}