{"id":13565,"date":"2019-02-19T07:19:50","date_gmt":"2019-02-19T05:19:50","guid":{"rendered":"https:\/\/www.amper-aufsperrdienst.de\/schluesseldienst-muenchen-heidemannstrasse\/"},"modified":"2026-01-28T09:14:41","modified_gmt":"2026-01-28T07:14:41","slug":"locksmith-munich-heidemannstrasse","status":"publish","type":"page","link":"https:\/\/www.amper-aufsperrdienst.de\/en\/locksmith-munich-heidemannstrasse\/","title":{"rendered":"Locksmith MUNICH HEIDEMANNSTRASSE"},"content":{"rendered":"<p><img loading=\"lazy\" decoding=\"async\" class=\"alignleft\" style=\"margin-bottom: 5px !important;\" src=\"https:\/\/www.amper-aufsperrdienst.de\/wp-content\/uploads\/2021\/03\/schluesseldienst-muenchen-heidemannstrasse-festpreis-ab-52-siegel.jpg\" alt=\"Amper Locksmith Opening Service muenchen-heidemannstrasse with fixed price from 52,- EUR\" width=\"250\" height=\"250\" \/><\/p>\n<p>Are you standing in front of your locked door, realizing you&#8217;ve left your key at home? Perhaps the lock is jammed, or maybe the key even broke off in the lock in the hustle and bustle of the day? Amper Locksmith Service can help. We&#8217;ll be there in just about 30 minutes after your call and open your locked, jammed, or locked front door \u2013 in most cases, without causing any damage or costly consequences. We also offer lock replacement services.<\/p>\n<p>Amper Locksmith Service has been in operation for three generations, accumulating extensive experience and perfecting its craft over the years. Above all, we understand the needs and desires of our customers. Upon your initial call, we&#8217;ll provide you with a guaranteed fixed price, covering all costs from our end. There are no hidden fees or surcharges, unlike some unscrupulous operators in the industry. As a genuine emergency locksmith service, we are available 24\/7, 365 days a year. Need a professional locksmith quickly on Heidemannstrasse in Munich? You&#8217;ve come to the right place!<\/p>\n          <!-- tarif -->\n<h2><b><span style=\"vertical-align: inherit;\"><span style=\"vertical-align: inherit;\">Our binding fixed prices start from \u20ac52.<\/span><\/span><\/b><\/h2>\n<p>Amper Locksmith Service is a fair locksmith service with transparent fixed prices:<\/p>\n<div class=\"table-title\">\n\tPRICE LIST  UNLOCK\n<\/div>\n<!-- Table part-->\n<table class=\"table\">\n  <thead class=\"header\">\n\t  <tr>\n     \t <th scope=\"col\">Time<\/th>\n     \t <th scope=\"col\">8 - 18<\/th>\n     \t <th scope=\"col\">18 - 22<\/th>\n     \t <th scope=\"col\">22 - 8<\/th>\n\t<\/tr>\n  <\/thead>\n  <tbody>\n     \t  <tr class=\"weekdays\">\n     \t  \t  <td class=\"tag\" data-label=\"Time\">Mo - Fr<\/td>\n     \t  \t  <td class=\"hrs tag\" data-label=\"8 - 18\">52,- \u20ac<\/td>\n     \t  \t  <td class=\"tag space\" data-label=\"18 - 22\">82,- \u20ac<\/td>\n     \t  \t  <td data-label=\"22 - 8\">95,- \u20ac<\/td>\n     \t  <\/tr>\n     <tr class=\"weekends\">\n     \t  \t  <td class=\"tag\" data-label=\"Time\">Sa<\/td>\n     \t  \t  <td class=\"tag\" data-label=\"8 - 18\">95,- \u20ac<\/td>\n     \t  \t  <td class=\"tag\" data-label=\"18 - 22\">95,- \u20ac<\/td>\n     \t  \t  <td data-label=\"22 - 8\">125,- \u20ac<\/td>\n     \t  <\/tr>\n     <tr class=\"holidays\">\n     \t  \t  <td class=\"tag\" data-label=\"Time\">So & holiday<\/td>\n     \t  \t  <td class=\"tag\" data-label=\"8 - 18\">125,- \u20ac<\/td>\n     \t  \t  <td class=\"tag\" data-label=\"18 - 22\">125,-\u20ac<\/td>\n     \t  \t  <td data-label=\"22 - 8\">125,-\u20ac<\/td>\n     \t  <\/tr>\n     <\/tbody>\n<\/table>\n<!-- Table Description-->\n<div class=\"table-description\">\n\t<em>Please call to inquire about travel costs.<\/em>\n<\/div>\n<!-- Wordings below -->\n<div class=\"wordings\">\n<p>The prices listed in this table are binding for unlocking a door that has slammed shut or been pulled shut (without self-locking mechanisms). Please feel free to contact us if you would like a price quote for other locksmith services. We will gladly provide you with a transparent, fixed-price offer.<\/p>\n<\/div>\n\n<!-- END Wordings -->\n\n\n\n<h2>Heidemannstrasse in Munich<\/h2>\n<p>Heidemannstra\u00dfe lies between Ingolst\u00e4dter Stra\u00dfe to the west and Freisinger Landstra\u00dfe to the east, in the northern part of Munich. It passes Kieferngarten, but is mostly located in the Schwabing-Freimann district.<\/p>\n<p>The most important cross streets of Heidemannstra\u00dfe are Oberj\u00e4gerstra\u00dfe, Kleinlappener Stra\u00dfe, Kulturheimstra\u00dfe, Lilienthalallee, Kiefergartenstra\u00dfe, Schl\u00f6\u00dflanger, Paul-Hindemith-Allee, Maria-Probst-Stra\u00dfe, Gustav-Mahler-Stra\u00dfe, Werner-Egk-Bogen, Grusonstra\u00dfe, and Paracelsusstra\u00dfe. Heidemannstra\u00dfe contains several bus stops, the social services office for refugees and asylum seekers, and the Heidemannstra\u00dfe student residence.<\/p>\n<h2>Locksmith MUNICH HEIDEMANNSTRASSE WITH PROFESSIONAL SPECIALISTS<\/h2>\n<p>Are you looking for an experienced locksmith in Heidemannstra\u00dfe with friendly and competent staff? Amper Locksmith Service offers exactly that. We have been in business for three generations, and our friendly employees not only possess extensive expertise but are also equipped with modern professional tools. This allows us to open locked doors almost always without causing any damage. Read our many positive customer reviews and see for yourself. Amper Locksmith Service stands for high-quality workmanship, a guaranteed fixed price, and a reliable emergency service with a fast response time, usually under 30 minutes.<\/p>\n<h2>HIGH-QUALITY LOCKING SYSTEMS FOR BURGLARY PROTECTION<\/h2>\n<p>Do you need our help because you want to make it difficult for potential burglars to enter your home? Amper Locksmith Service is the right partner for you. Our experts ensure greater security. We will gladly inspect your property and conduct a professional vulnerability analysis. Where is it easiest for a potential intruder to break in, what route might they take, and how can we most effectively prevent them from carrying out their plan? Based on the analysis, we will recommend a high-quality locking system to secure your home against unwanted access. The components we install come exclusively from renowned manufacturers. A well-secured property usually loses its appeal to burglars. Secure your home on Heidemannstrasse in Munich with high-quality locking systems from Amper Locksmith Service!<\/p>\n","protected":false},"excerpt":{"rendered":"<p>Are you standing in front of your locked door, realizing you&#8217;ve left your key at home? Perhaps the lock is jammed, or maybe the key even broke off in the lock in the hustle and bustle of the day? Amper Locksmith Service can help. We&#8217;ll be there in just about 30 minutes after your call [&hellip;]<\/p>\n","protected":false},"author":2,"featured_media":0,"parent":0,"menu_order":0,"comment_status":"closed","ping_status":"closed","template":"","meta":{"footnotes":"","_links_to":"","_links_to_target":""},"class_list":["post-13565","page","type-page","status-publish","hentry"],"yoast_head":"<!-- This site is optimized with the Yoast SEO plugin v27.4 - https:\/\/yoast.com\/product\/yoast-seo-wordpress\/ -->\n<title>Locksmith Munich Heidemannstra\u00dfe: from \u20ac52,- fixed price<\/title>\n<meta name=\"description\" content=\"Our professional locksmith service in Munich&#039;s Heidemannstra\u00dfe offers non-destructive door opening at a fixed price; 24-hour emergency service &amp; arrival in approximately 30 minutes.\" \/>\n<meta name=\"robots\" content=\"index, follow, max-snippet:-1, max-image-preview:large, max-video-preview:-1\" \/>\n<link rel=\"canonical\" href=\"https:\/\/www.amper-aufsperrdienst.de\/en\/locksmith-munich-heidemannstrasse\/\" \/>\n<meta property=\"og:locale\" content=\"en_US\" \/>\n<meta property=\"og:type\" content=\"article\" \/>\n<meta property=\"og:title\" content=\"Locksmith Munich Heidemannstra\u00dfe: from \u20ac52,- fixed price\" \/>\n<meta property=\"og:description\" content=\"Our professional locksmith service in Munich&#039;s Heidemannstra\u00dfe offers non-destructive door opening at a fixed price; 24-hour emergency service &amp; arrival in approximately 30 minutes.\" \/>\n<meta property=\"og:url\" content=\"https:\/\/www.amper-aufsperrdienst.de\/en\/locksmith-munich-heidemannstrasse\/\" \/>\n<meta property=\"og:site_name\" content=\"Locksmith for Munich, Dachau and F\u00fcrstenfeldbruck\" \/>\n<meta property=\"article:modified_time\" content=\"2026-01-28T07:14:41+00:00\" \/>\n<meta property=\"og:image\" content=\"https:\/\/www.amper-aufsperrdienst.de\/wp-content\/uploads\/2021\/03\/schluesseldienst-muenchen-heidemannstrasse-festpreis-ab-52-siegel.jpg\" \/>\n<meta name=\"twitter:label1\" content=\"Est. reading time\" \/>\n\t<meta name=\"twitter:data1\" content=\"3 minutes\" \/>\n<script type=\"application\/ld+json\" class=\"yoast-schema-graph\">{\"@context\":\"https:\\\/\\\/schema.org\",\"@graph\":[{\"@type\":\"WebPage\",\"@id\":\"https:\\\/\\\/www.amper-aufsperrdienst.de\\\/en\\\/locksmith-munich-heidemannstrasse\\\/\",\"url\":\"https:\\\/\\\/www.amper-aufsperrdienst.de\\\/en\\\/locksmith-munich-heidemannstrasse\\\/\",\"name\":\"Locksmith Munich Heidemannstra\u00dfe: from \u20ac52,- fixed price\",\"isPartOf\":{\"@id\":\"https:\\\/\\\/www.amper-aufsperrdienst.de\\\/en\\\/#website\"},\"primaryImageOfPage\":{\"@id\":\"https:\\\/\\\/www.amper-aufsperrdienst.de\\\/en\\\/locksmith-munich-heidemannstrasse\\\/#primaryimage\"},\"image\":{\"@id\":\"https:\\\/\\\/www.amper-aufsperrdienst.de\\\/en\\\/locksmith-munich-heidemannstrasse\\\/#primaryimage\"},\"thumbnailUrl\":\"https:\\\/\\\/www.amper-aufsperrdienst.de\\\/wp-content\\\/uploads\\\/2021\\\/03\\\/schluesseldienst-muenchen-heidemannstrasse-festpreis-ab-52-siegel.jpg\",\"datePublished\":\"2019-02-19T05:19:50+00:00\",\"dateModified\":\"2026-01-28T07:14:41+00:00\",\"description\":\"Our professional locksmith service in Munich's Heidemannstra\u00dfe offers non-destructive door opening at a fixed price; 24-hour emergency service & arrival in approximately 30 minutes.\",\"breadcrumb\":{\"@id\":\"https:\\\/\\\/www.amper-aufsperrdienst.de\\\/en\\\/locksmith-munich-heidemannstrasse\\\/#breadcrumb\"},\"inLanguage\":\"en-US\",\"potentialAction\":[{\"@type\":\"ReadAction\",\"target\":[\"https:\\\/\\\/www.amper-aufsperrdienst.de\\\/en\\\/locksmith-munich-heidemannstrasse\\\/\"]}]},{\"@type\":\"ImageObject\",\"inLanguage\":\"en-US\",\"@id\":\"https:\\\/\\\/www.amper-aufsperrdienst.de\\\/en\\\/locksmith-munich-heidemannstrasse\\\/#primaryimage\",\"url\":\"https:\\\/\\\/www.amper-aufsperrdienst.de\\\/wp-content\\\/uploads\\\/2021\\\/03\\\/schluesseldienst-muenchen-heidemannstrasse-festpreis-ab-52-siegel.jpg\",\"contentUrl\":\"https:\\\/\\\/www.amper-aufsperrdienst.de\\\/wp-content\\\/uploads\\\/2021\\\/03\\\/schluesseldienst-muenchen-heidemannstrasse-festpreis-ab-52-siegel.jpg\"},{\"@type\":\"BreadcrumbList\",\"@id\":\"https:\\\/\\\/www.amper-aufsperrdienst.de\\\/en\\\/locksmith-munich-heidemannstrasse\\\/#breadcrumb\",\"itemListElement\":[{\"@type\":\"ListItem\",\"position\":1,\"name\":\"Home\",\"item\":\"https:\\\/\\\/www.amper-aufsperrdienst.de\\\/en\\\/\"},{\"@type\":\"ListItem\",\"position\":2,\"name\":\"Locksmith MUNICH HEIDEMANNSTRASSE\"}]},{\"@type\":\"WebSite\",\"@id\":\"https:\\\/\\\/www.amper-aufsperrdienst.de\\\/en\\\/#website\",\"url\":\"https:\\\/\\\/www.amper-aufsperrdienst.de\\\/en\\\/\",\"name\":\"Locksmith for Munich, Dachau and F\u00fcrstenfeldbruck\",\"description\":\"Amper Aufsperrdienst\",\"potentialAction\":[{\"@type\":\"SearchAction\",\"target\":{\"@type\":\"EntryPoint\",\"urlTemplate\":\"https:\\\/\\\/www.amper-aufsperrdienst.de\\\/en\\\/?s={search_term_string}\"},\"query-input\":{\"@type\":\"PropertyValueSpecification\",\"valueRequired\":true,\"valueName\":\"search_term_string\"}}],\"inLanguage\":\"en-US\"}]}<\/script>\n<!-- \/ Yoast SEO plugin. -->","yoast_head_json":{"title":"Locksmith Munich Heidemannstra\u00dfe: from \u20ac52,- fixed price","description":"Our professional locksmith service in Munich's Heidemannstra\u00dfe offers non-destructive door opening at a fixed price; 24-hour emergency service & arrival in approximately 30 minutes.","robots":{"index":"index","follow":"follow","max-snippet":"max-snippet:-1","max-image-preview":"max-image-preview:large","max-video-preview":"max-video-preview:-1"},"canonical":"https:\/\/www.amper-aufsperrdienst.de\/en\/locksmith-munich-heidemannstrasse\/","og_locale":"en_US","og_type":"article","og_title":"Locksmith Munich Heidemannstra\u00dfe: from \u20ac52,- fixed price","og_description":"Our professional locksmith service in Munich's Heidemannstra\u00dfe offers non-destructive door opening at a fixed price; 24-hour emergency service & arrival in approximately 30 minutes.","og_url":"https:\/\/www.amper-aufsperrdienst.de\/en\/locksmith-munich-heidemannstrasse\/","og_site_name":"Locksmith for Munich, Dachau and F\u00fcrstenfeldbruck","article_modified_time":"2026-01-28T07:14:41+00:00","og_image":[{"url":"https:\/\/www.amper-aufsperrdienst.de\/wp-content\/uploads\/2021\/03\/schluesseldienst-muenchen-heidemannstrasse-festpreis-ab-52-siegel.jpg","type":"","width":"","height":""}],"twitter_misc":{"Est. reading time":"3 minutes"},"schema":{"@context":"https:\/\/schema.org","@graph":[{"@type":"WebPage","@id":"https:\/\/www.amper-aufsperrdienst.de\/en\/locksmith-munich-heidemannstrasse\/","url":"https:\/\/www.amper-aufsperrdienst.de\/en\/locksmith-munich-heidemannstrasse\/","name":"Locksmith Munich Heidemannstra\u00dfe: from \u20ac52,- fixed price","isPartOf":{"@id":"https:\/\/www.amper-aufsperrdienst.de\/en\/#website"},"primaryImageOfPage":{"@id":"https:\/\/www.amper-aufsperrdienst.de\/en\/locksmith-munich-heidemannstrasse\/#primaryimage"},"image":{"@id":"https:\/\/www.amper-aufsperrdienst.de\/en\/locksmith-munich-heidemannstrasse\/#primaryimage"},"thumbnailUrl":"https:\/\/www.amper-aufsperrdienst.de\/wp-content\/uploads\/2021\/03\/schluesseldienst-muenchen-heidemannstrasse-festpreis-ab-52-siegel.jpg","datePublished":"2019-02-19T05:19:50+00:00","dateModified":"2026-01-28T07:14:41+00:00","description":"Our professional locksmith service in Munich's Heidemannstra\u00dfe offers non-destructive door opening at a fixed price; 24-hour emergency service & arrival in approximately 30 minutes.","breadcrumb":{"@id":"https:\/\/www.amper-aufsperrdienst.de\/en\/locksmith-munich-heidemannstrasse\/#breadcrumb"},"inLanguage":"en-US","potentialAction":[{"@type":"ReadAction","target":["https:\/\/www.amper-aufsperrdienst.de\/en\/locksmith-munich-heidemannstrasse\/"]}]},{"@type":"ImageObject","inLanguage":"en-US","@id":"https:\/\/www.amper-aufsperrdienst.de\/en\/locksmith-munich-heidemannstrasse\/#primaryimage","url":"https:\/\/www.amper-aufsperrdienst.de\/wp-content\/uploads\/2021\/03\/schluesseldienst-muenchen-heidemannstrasse-festpreis-ab-52-siegel.jpg","contentUrl":"https:\/\/www.amper-aufsperrdienst.de\/wp-content\/uploads\/2021\/03\/schluesseldienst-muenchen-heidemannstrasse-festpreis-ab-52-siegel.jpg"},{"@type":"BreadcrumbList","@id":"https:\/\/www.amper-aufsperrdienst.de\/en\/locksmith-munich-heidemannstrasse\/#breadcrumb","itemListElement":[{"@type":"ListItem","position":1,"name":"Home","item":"https:\/\/www.amper-aufsperrdienst.de\/en\/"},{"@type":"ListItem","position":2,"name":"Locksmith MUNICH HEIDEMANNSTRASSE"}]},{"@type":"WebSite","@id":"https:\/\/www.amper-aufsperrdienst.de\/en\/#website","url":"https:\/\/www.amper-aufsperrdienst.de\/en\/","name":"Locksmith for Munich, Dachau and F\u00fcrstenfeldbruck","description":"Amper Aufsperrdienst","potentialAction":[{"@type":"SearchAction","target":{"@type":"EntryPoint","urlTemplate":"https:\/\/www.amper-aufsperrdienst.de\/en\/?s={search_term_string}"},"query-input":{"@type":"PropertyValueSpecification","valueRequired":true,"valueName":"search_term_string"}}],"inLanguage":"en-US"}]}},"_links":{"self":[{"href":"https:\/\/www.amper-aufsperrdienst.de\/en\/wp-json\/wp\/v2\/pages\/13565","targetHints":{"allow":["GET"]}}],"collection":[{"href":"https:\/\/www.amper-aufsperrdienst.de\/en\/wp-json\/wp\/v2\/pages"}],"about":[{"href":"https:\/\/www.amper-aufsperrdienst.de\/en\/wp-json\/wp\/v2\/types\/page"}],"author":[{"embeddable":true,"href":"https:\/\/www.amper-aufsperrdienst.de\/en\/wp-json\/wp\/v2\/users\/2"}],"replies":[{"embeddable":true,"href":"https:\/\/www.amper-aufsperrdienst.de\/en\/wp-json\/wp\/v2\/comments?post=13565"}],"version-history":[{"count":2,"href":"https:\/\/www.amper-aufsperrdienst.de\/en\/wp-json\/wp\/v2\/pages\/13565\/revisions"}],"predecessor-version":[{"id":14441,"href":"https:\/\/www.amper-aufsperrdienst.de\/en\/wp-json\/wp\/v2\/pages\/13565\/revisions\/14441"}],"wp:attachment":[{"href":"https:\/\/www.amper-aufsperrdienst.de\/en\/wp-json\/wp\/v2\/media?parent=13565"}],"curies":[{"name":"wp","href":"https:\/\/api.w.org\/{rel}","templated":true}]}}