{"id":13691,"date":"2019-02-19T09:00:23","date_gmt":"2019-02-19T07:00:23","guid":{"rendered":"https:\/\/www.amper-aufsperrdienst.de\/schluesseldienst-muenchen-lindwurmstrasse\/"},"modified":"2026-01-28T09:27:14","modified_gmt":"2026-01-28T07:27:14","slug":"locksmith-munich-lindwurmstrasse","status":"publish","type":"page","link":"https:\/\/www.amper-aufsperrdienst.de\/en\/locksmith-munich-lindwurmstrasse\/","title":{"rendered":"Locksmith MUNICH LINDWURMSTRASSE"},"content":{"rendered":"<p><img loading=\"lazy\" decoding=\"async\" class=\"alignleft\" style=\"margin-bottom: 5px !important;\" src=\"https:\/\/www.amper-aufsperrdienst.de\/wp-content\/uploads\/2021\/03\/schluesseldienst-muenchen-lindwurmstrasse-festpreis-ab-52-siegel.jpg\" alt=\"Amper Locksmith Opening Service muenchen-lindwurmstrasse with fixed price from 52,- EUR\" width=\"250\" height=\"250\" \/><\/p>\n<p>You were just about to turn the key in the lock and enter your familiar home when it broke off, leaving you standing helplessly in front of the still-locked door, unsure what to do? We assure you: We \u2013 the team at Amper Locksmith Service \u2013 know exactly what to do in such a situation, or with similar problems involving keys and locks.<\/p>\n<p>Simply give us a call and we&#8217;ll head straight to you on Lindwurmstrasse. The travel time depends on factors such as your location, traffic, and weather conditions, but we&#8217;re usually there within half an hour. Our free emergency hotline is available 24\/7, 365 days a year, including Sundays and public holidays.<\/p>\n          <!-- tarif -->\n<h2><b><span style=\"vertical-align: inherit;\"><span style=\"vertical-align: inherit;\">Our binding fixed prices start from \u20ac52.<\/span><\/span><\/b><\/h2>\n<p>Amper Locksmith Service is a fair locksmith service with transparent fixed prices:<\/p>\n<div class=\"table-title\">\n\tPRICE LIST  UNLOCK\n<\/div>\n<!-- Table part-->\n<table class=\"table\">\n  <thead class=\"header\">\n\t  <tr>\n     \t <th scope=\"col\">Time<\/th>\n     \t <th scope=\"col\">8 - 18<\/th>\n     \t <th scope=\"col\">18 - 22<\/th>\n     \t <th scope=\"col\">22 - 8<\/th>\n\t<\/tr>\n  <\/thead>\n  <tbody>\n     \t  <tr class=\"weekdays\">\n     \t  \t  <td class=\"tag\" data-label=\"Time\">Mo - Fr<\/td>\n     \t  \t  <td class=\"hrs tag\" data-label=\"8 - 18\">52,- \u20ac<\/td>\n     \t  \t  <td class=\"tag space\" data-label=\"18 - 22\">82,- \u20ac<\/td>\n     \t  \t  <td data-label=\"22 - 8\">95,- \u20ac<\/td>\n     \t  <\/tr>\n     <tr class=\"weekends\">\n     \t  \t  <td class=\"tag\" data-label=\"Time\">Sa<\/td>\n     \t  \t  <td class=\"tag\" data-label=\"8 - 18\">95,- \u20ac<\/td>\n     \t  \t  <td class=\"tag\" data-label=\"18 - 22\">95,- \u20ac<\/td>\n     \t  \t  <td data-label=\"22 - 8\">125,- \u20ac<\/td>\n     \t  <\/tr>\n     <tr class=\"holidays\">\n     \t  \t  <td class=\"tag\" data-label=\"Time\">So & holiday<\/td>\n     \t  \t  <td class=\"tag\" data-label=\"8 - 18\">125,- \u20ac<\/td>\n     \t  \t  <td class=\"tag\" data-label=\"18 - 22\">125,-\u20ac<\/td>\n     \t  \t  <td data-label=\"22 - 8\">125,-\u20ac<\/td>\n     \t  <\/tr>\n     <\/tbody>\n<\/table>\n<!-- Table Description-->\n<div class=\"table-description\">\n\t<em>Please call to inquire about travel costs.<\/em>\n<\/div>\n<!-- Wordings below -->\n<div class=\"wordings\">\n<p>The prices listed in this table are binding for unlocking a door that has slammed shut or been pulled shut (without self-locking mechanisms). Please feel free to contact us if you would like a price quote for other locksmith services. We will gladly provide you with a transparent, fixed-price offer.<\/p>\n<\/div>\n\n<!-- END Wordings -->\n\n\n\n<h2>THE LINDDURM STREET IN MUNICH<\/h2>\n<p>Munich&#8217;s Lindwurmstrasse is approximately 2.6 kilometers long and runs through the districts of Ludwigsvorstadt-Isarvorstadt and Sendling. The street is not named after the dragon-like mythical creature, but rather after the dermatologist Joseph von Lindwurm, who lived and worked in Munich in the 19th century.<\/p>\n<p>Lindwurmstra\u00dfe begins at Sendlinger Tor and ends at the intersection of Plinganser Stra\u00dfe and Pfeuferstra\u00dfe. It is intersected by streets such as Implerstra\u00dfe, Poccistra\u00dfe, Stielerstra\u00dfe, Hermann-Schmid-Stra\u00dfe, and Augsburgerstra\u00dfe. Along this central street are, for example, Nu\u00dfbaumpark, the University Hospital of Munich, the Children&#8217;s Hospital and Outpatient Clinic at the Dr. von Haunersche Children&#8217;s Hospital, Goetheplatz, the BOLD Hotel M\u00fcnchen Zentrum, and the Sports &#038; Health Fitness Club.<\/p>\n<h2>LOCKSMITH MUNICH LINDWURMSTRASSE: FIXED PRICE GUARANTEE ON DAMAGE-FREE DOOR UNLOCKING<\/h2>\n<p>Call our emergency number if you are locked out on or near Lindwurmstrasse. Based on your description of the situation, we will gladly tell you the costs you can expect right over the phone. This is a fixed price that is guaranteed not to change to your disadvantage. You don&#8217;t have to expect any hidden costs or exorbitant bills; after all, our customers&#8217; satisfaction is always our top priority.<\/p>\n<p>Our employees work with dedication and precision to open your door quickly and without causing any unsightly damage. For doors that have simply slammed shut, our success rate is almost 100%, but we can also open many locked doors with our specialized tools without scratches or similar damage.<\/p>\n<h2>AMPER LOCKING SERVICE: CONSTANT AVAILABILITY INSTEAD OF FIXED BUSINESS HOURS<\/h2>\n<p>We at Amper Locksmith Service know that lock and key emergencies don&#8217;t just happen during normal business hours. It can happen anytime: you can&#8217;t find your key in the middle of the night after a night out at the club, you leave your key at home on your way to church on Christmas Eve, or the lock turns out to be broken when you arrive home with fresh bread rolls on Sunday morning.<\/p>\n<p>And because quick help is especially needed in such moments, we&#8217;ve decided to be available year-round. We don&#8217;t have fixed business hours or waiting lists. Are you locked out in or near Lindwurmstrasse and urgently need a friendly, competent locksmith who can come immediately? Then call Amper Locksmith Service!<\/p>\n","protected":false},"excerpt":{"rendered":"<p>You were just about to turn the key in the lock and enter your familiar home when it broke off, leaving you standing helplessly in front of the still-locked door, unsure what to do? We assure you: We \u2013 the team at Amper Locksmith Service \u2013 know exactly what to do in such a situation, [&hellip;]<\/p>\n","protected":false},"author":2,"featured_media":0,"parent":0,"menu_order":0,"comment_status":"closed","ping_status":"closed","template":"","meta":{"footnotes":"","_links_to":"","_links_to_target":""},"class_list":["post-13691","page","type-page","status-publish","hentry"],"yoast_head":"<!-- This site is optimized with the Yoast SEO plugin v27.4 - https:\/\/yoast.com\/product\/yoast-seo-wordpress\/ -->\n<title>Locksmith Munich Lindwurmstra\u00dfe: from \u20ac52,- fixed price<\/title>\n<meta name=\"description\" content=\"Master locksmith service Munich Lindwurmstra\u00dfe: Experienced staff, 24-hour emergency service, damage-free door openings &amp; guaranteed fixed prices\" \/>\n<meta name=\"robots\" content=\"index, follow, max-snippet:-1, max-image-preview:large, max-video-preview:-1\" \/>\n<link rel=\"canonical\" href=\"https:\/\/www.amper-aufsperrdienst.de\/en\/locksmith-munich-lindwurmstrasse\/\" \/>\n<meta property=\"og:locale\" content=\"en_US\" \/>\n<meta property=\"og:type\" content=\"article\" \/>\n<meta property=\"og:title\" content=\"Locksmith Munich Lindwurmstra\u00dfe: from \u20ac52,- fixed price\" \/>\n<meta property=\"og:description\" content=\"Master locksmith service Munich Lindwurmstra\u00dfe: Experienced staff, 24-hour emergency service, damage-free door openings &amp; guaranteed fixed prices\" \/>\n<meta property=\"og:url\" content=\"https:\/\/www.amper-aufsperrdienst.de\/en\/locksmith-munich-lindwurmstrasse\/\" \/>\n<meta property=\"og:site_name\" content=\"Locksmith for Munich, Dachau and F\u00fcrstenfeldbruck\" \/>\n<meta property=\"article:modified_time\" content=\"2026-01-28T07:27:14+00:00\" \/>\n<meta property=\"og:image\" content=\"https:\/\/www.amper-aufsperrdienst.de\/wp-content\/uploads\/2021\/03\/schluesseldienst-muenchen-lindwurmstrasse-festpreis-ab-52-siegel.jpg\" \/>\n<meta name=\"twitter:label1\" content=\"Est. reading time\" \/>\n\t<meta name=\"twitter:data1\" content=\"3 minutes\" \/>\n<script type=\"application\/ld+json\" class=\"yoast-schema-graph\">{\"@context\":\"https:\\\/\\\/schema.org\",\"@graph\":[{\"@type\":\"WebPage\",\"@id\":\"https:\\\/\\\/www.amper-aufsperrdienst.de\\\/en\\\/locksmith-munich-lindwurmstrasse\\\/\",\"url\":\"https:\\\/\\\/www.amper-aufsperrdienst.de\\\/en\\\/locksmith-munich-lindwurmstrasse\\\/\",\"name\":\"Locksmith Munich Lindwurmstra\u00dfe: from \u20ac52,- fixed price\",\"isPartOf\":{\"@id\":\"https:\\\/\\\/www.amper-aufsperrdienst.de\\\/en\\\/#website\"},\"primaryImageOfPage\":{\"@id\":\"https:\\\/\\\/www.amper-aufsperrdienst.de\\\/en\\\/locksmith-munich-lindwurmstrasse\\\/#primaryimage\"},\"image\":{\"@id\":\"https:\\\/\\\/www.amper-aufsperrdienst.de\\\/en\\\/locksmith-munich-lindwurmstrasse\\\/#primaryimage\"},\"thumbnailUrl\":\"https:\\\/\\\/www.amper-aufsperrdienst.de\\\/wp-content\\\/uploads\\\/2021\\\/03\\\/schluesseldienst-muenchen-lindwurmstrasse-festpreis-ab-52-siegel.jpg\",\"datePublished\":\"2019-02-19T07:00:23+00:00\",\"dateModified\":\"2026-01-28T07:27:14+00:00\",\"description\":\"Master locksmith service Munich Lindwurmstra\u00dfe: Experienced staff, 24-hour emergency service, damage-free door openings & guaranteed fixed prices\",\"breadcrumb\":{\"@id\":\"https:\\\/\\\/www.amper-aufsperrdienst.de\\\/en\\\/locksmith-munich-lindwurmstrasse\\\/#breadcrumb\"},\"inLanguage\":\"en-US\",\"potentialAction\":[{\"@type\":\"ReadAction\",\"target\":[\"https:\\\/\\\/www.amper-aufsperrdienst.de\\\/en\\\/locksmith-munich-lindwurmstrasse\\\/\"]}]},{\"@type\":\"ImageObject\",\"inLanguage\":\"en-US\",\"@id\":\"https:\\\/\\\/www.amper-aufsperrdienst.de\\\/en\\\/locksmith-munich-lindwurmstrasse\\\/#primaryimage\",\"url\":\"https:\\\/\\\/www.amper-aufsperrdienst.de\\\/wp-content\\\/uploads\\\/2021\\\/03\\\/schluesseldienst-muenchen-lindwurmstrasse-festpreis-ab-52-siegel.jpg\",\"contentUrl\":\"https:\\\/\\\/www.amper-aufsperrdienst.de\\\/wp-content\\\/uploads\\\/2021\\\/03\\\/schluesseldienst-muenchen-lindwurmstrasse-festpreis-ab-52-siegel.jpg\"},{\"@type\":\"BreadcrumbList\",\"@id\":\"https:\\\/\\\/www.amper-aufsperrdienst.de\\\/en\\\/locksmith-munich-lindwurmstrasse\\\/#breadcrumb\",\"itemListElement\":[{\"@type\":\"ListItem\",\"position\":1,\"name\":\"Home\",\"item\":\"https:\\\/\\\/www.amper-aufsperrdienst.de\\\/en\\\/\"},{\"@type\":\"ListItem\",\"position\":2,\"name\":\"Locksmith MUNICH LINDWURMSTRASSE\"}]},{\"@type\":\"WebSite\",\"@id\":\"https:\\\/\\\/www.amper-aufsperrdienst.de\\\/en\\\/#website\",\"url\":\"https:\\\/\\\/www.amper-aufsperrdienst.de\\\/en\\\/\",\"name\":\"Locksmith for Munich, Dachau and F\u00fcrstenfeldbruck\",\"description\":\"Amper Aufsperrdienst\",\"potentialAction\":[{\"@type\":\"SearchAction\",\"target\":{\"@type\":\"EntryPoint\",\"urlTemplate\":\"https:\\\/\\\/www.amper-aufsperrdienst.de\\\/en\\\/?s={search_term_string}\"},\"query-input\":{\"@type\":\"PropertyValueSpecification\",\"valueRequired\":true,\"valueName\":\"search_term_string\"}}],\"inLanguage\":\"en-US\"}]}<\/script>\n<!-- \/ Yoast SEO plugin. -->","yoast_head_json":{"title":"Locksmith Munich Lindwurmstra\u00dfe: from \u20ac52,- fixed price","description":"Master locksmith service Munich Lindwurmstra\u00dfe: Experienced staff, 24-hour emergency service, damage-free door openings & guaranteed fixed prices","robots":{"index":"index","follow":"follow","max-snippet":"max-snippet:-1","max-image-preview":"max-image-preview:large","max-video-preview":"max-video-preview:-1"},"canonical":"https:\/\/www.amper-aufsperrdienst.de\/en\/locksmith-munich-lindwurmstrasse\/","og_locale":"en_US","og_type":"article","og_title":"Locksmith Munich Lindwurmstra\u00dfe: from \u20ac52,- fixed price","og_description":"Master locksmith service Munich Lindwurmstra\u00dfe: Experienced staff, 24-hour emergency service, damage-free door openings & guaranteed fixed prices","og_url":"https:\/\/www.amper-aufsperrdienst.de\/en\/locksmith-munich-lindwurmstrasse\/","og_site_name":"Locksmith for Munich, Dachau and F\u00fcrstenfeldbruck","article_modified_time":"2026-01-28T07:27:14+00:00","og_image":[{"url":"https:\/\/www.amper-aufsperrdienst.de\/wp-content\/uploads\/2021\/03\/schluesseldienst-muenchen-lindwurmstrasse-festpreis-ab-52-siegel.jpg","type":"","width":"","height":""}],"twitter_misc":{"Est. reading time":"3 minutes"},"schema":{"@context":"https:\/\/schema.org","@graph":[{"@type":"WebPage","@id":"https:\/\/www.amper-aufsperrdienst.de\/en\/locksmith-munich-lindwurmstrasse\/","url":"https:\/\/www.amper-aufsperrdienst.de\/en\/locksmith-munich-lindwurmstrasse\/","name":"Locksmith Munich Lindwurmstra\u00dfe: from \u20ac52,- fixed price","isPartOf":{"@id":"https:\/\/www.amper-aufsperrdienst.de\/en\/#website"},"primaryImageOfPage":{"@id":"https:\/\/www.amper-aufsperrdienst.de\/en\/locksmith-munich-lindwurmstrasse\/#primaryimage"},"image":{"@id":"https:\/\/www.amper-aufsperrdienst.de\/en\/locksmith-munich-lindwurmstrasse\/#primaryimage"},"thumbnailUrl":"https:\/\/www.amper-aufsperrdienst.de\/wp-content\/uploads\/2021\/03\/schluesseldienst-muenchen-lindwurmstrasse-festpreis-ab-52-siegel.jpg","datePublished":"2019-02-19T07:00:23+00:00","dateModified":"2026-01-28T07:27:14+00:00","description":"Master locksmith service Munich Lindwurmstra\u00dfe: Experienced staff, 24-hour emergency service, damage-free door openings & guaranteed fixed prices","breadcrumb":{"@id":"https:\/\/www.amper-aufsperrdienst.de\/en\/locksmith-munich-lindwurmstrasse\/#breadcrumb"},"inLanguage":"en-US","potentialAction":[{"@type":"ReadAction","target":["https:\/\/www.amper-aufsperrdienst.de\/en\/locksmith-munich-lindwurmstrasse\/"]}]},{"@type":"ImageObject","inLanguage":"en-US","@id":"https:\/\/www.amper-aufsperrdienst.de\/en\/locksmith-munich-lindwurmstrasse\/#primaryimage","url":"https:\/\/www.amper-aufsperrdienst.de\/wp-content\/uploads\/2021\/03\/schluesseldienst-muenchen-lindwurmstrasse-festpreis-ab-52-siegel.jpg","contentUrl":"https:\/\/www.amper-aufsperrdienst.de\/wp-content\/uploads\/2021\/03\/schluesseldienst-muenchen-lindwurmstrasse-festpreis-ab-52-siegel.jpg"},{"@type":"BreadcrumbList","@id":"https:\/\/www.amper-aufsperrdienst.de\/en\/locksmith-munich-lindwurmstrasse\/#breadcrumb","itemListElement":[{"@type":"ListItem","position":1,"name":"Home","item":"https:\/\/www.amper-aufsperrdienst.de\/en\/"},{"@type":"ListItem","position":2,"name":"Locksmith MUNICH LINDWURMSTRASSE"}]},{"@type":"WebSite","@id":"https:\/\/www.amper-aufsperrdienst.de\/en\/#website","url":"https:\/\/www.amper-aufsperrdienst.de\/en\/","name":"Locksmith for Munich, Dachau and F\u00fcrstenfeldbruck","description":"Amper Aufsperrdienst","potentialAction":[{"@type":"SearchAction","target":{"@type":"EntryPoint","urlTemplate":"https:\/\/www.amper-aufsperrdienst.de\/en\/?s={search_term_string}"},"query-input":{"@type":"PropertyValueSpecification","valueRequired":true,"valueName":"search_term_string"}}],"inLanguage":"en-US"}]}},"_links":{"self":[{"href":"https:\/\/www.amper-aufsperrdienst.de\/en\/wp-json\/wp\/v2\/pages\/13691","targetHints":{"allow":["GET"]}}],"collection":[{"href":"https:\/\/www.amper-aufsperrdienst.de\/en\/wp-json\/wp\/v2\/pages"}],"about":[{"href":"https:\/\/www.amper-aufsperrdienst.de\/en\/wp-json\/wp\/v2\/types\/page"}],"author":[{"embeddable":true,"href":"https:\/\/www.amper-aufsperrdienst.de\/en\/wp-json\/wp\/v2\/users\/2"}],"replies":[{"embeddable":true,"href":"https:\/\/www.amper-aufsperrdienst.de\/en\/wp-json\/wp\/v2\/comments?post=13691"}],"version-history":[{"count":2,"href":"https:\/\/www.amper-aufsperrdienst.de\/en\/wp-json\/wp\/v2\/pages\/13691\/revisions"}],"predecessor-version":[{"id":14451,"href":"https:\/\/www.amper-aufsperrdienst.de\/en\/wp-json\/wp\/v2\/pages\/13691\/revisions\/14451"}],"wp:attachment":[{"href":"https:\/\/www.amper-aufsperrdienst.de\/en\/wp-json\/wp\/v2\/media?parent=13691"}],"curies":[{"name":"wp","href":"https:\/\/api.w.org\/{rel}","templated":true}]}}