{"id":13715,"date":"2019-02-19T09:10:06","date_gmt":"2019-02-19T07:10:06","guid":{"rendered":"https:\/\/www.amper-aufsperrdienst.de\/schluesseldienst-muenchen-maillingerstrasse\/"},"modified":"2026-01-28T09:34:43","modified_gmt":"2026-01-28T07:34:43","slug":"locksmith-munich-maillingerstrasse","status":"publish","type":"page","link":"https:\/\/www.amper-aufsperrdienst.de\/en\/locksmith-munich-maillingerstrasse\/","title":{"rendered":"LOCKSMITH MUNICH MAILLINGERSTRASSE"},"content":{"rendered":"<p><img loading=\"lazy\" decoding=\"async\" class=\"alignleft\" style=\"margin-bottom: 5px !important;\" src=\"https:\/\/www.amper-aufsperrdienst.de\/wp-content\/uploads\/2021\/03\/schluesseldienst-muenchen-maillingerstrasse-festpreis-ab-52-siegel.jpg\" alt=\"Amper Locksmith Opening Service muenchen-maillingerstrasse with fixed price from 52,- EUR\" width=\"250\" height=\"250\" \/><\/p>\n<p>You rummage through your handbag for your house key, but it&#8217;s nowhere to be found. You quickly go to the mailbox without your key, and when you return, the door has slammed shut, but nobody&#8217;s home. Everyone has experienced situations like this and knows how annoying they are. And of course, a mishap like this always seems to happen at the most inconvenient time.<\/p>\n<p>We at Amper Locksmith Service have an on-call service for such emergencies, available to take calls at any time. As soon as your call reaches us \u2013 and it will, even in the middle of the night, on Sundays, or on holidays like New Year&#8217;s Day \u2013 one of our employees will set off to you. Our customers typically don&#8217;t have to wait longer than 30 minutes.<\/p>\n          <!-- tarif -->\n<h2><b><span style=\"vertical-align: inherit;\"><span style=\"vertical-align: inherit;\">Our binding fixed prices start from \u20ac52.<\/span><\/span><\/b><\/h2>\n<p>Amper Locksmith Service is a fair locksmith service with transparent fixed prices:<\/p>\n<div class=\"table-title\">\n\tPRICE LIST  UNLOCK\n<\/div>\n<!-- Table part-->\n<table class=\"table\">\n  <thead class=\"header\">\n\t  <tr>\n     \t <th scope=\"col\">Time<\/th>\n     \t <th scope=\"col\">8 - 18<\/th>\n     \t <th scope=\"col\">18 - 22<\/th>\n     \t <th scope=\"col\">22 - 8<\/th>\n\t<\/tr>\n  <\/thead>\n  <tbody>\n     \t  <tr class=\"weekdays\">\n     \t  \t  <td class=\"tag\" data-label=\"Time\">Mo - Fr<\/td>\n     \t  \t  <td class=\"hrs tag\" data-label=\"8 - 18\">52,- \u20ac<\/td>\n     \t  \t  <td class=\"tag space\" data-label=\"18 - 22\">82,- \u20ac<\/td>\n     \t  \t  <td data-label=\"22 - 8\">95,- \u20ac<\/td>\n     \t  <\/tr>\n     <tr class=\"weekends\">\n     \t  \t  <td class=\"tag\" data-label=\"Time\">Sa<\/td>\n     \t  \t  <td class=\"tag\" data-label=\"8 - 18\">95,- \u20ac<\/td>\n     \t  \t  <td class=\"tag\" data-label=\"18 - 22\">95,- \u20ac<\/td>\n     \t  \t  <td data-label=\"22 - 8\">125,- \u20ac<\/td>\n     \t  <\/tr>\n     <tr class=\"holidays\">\n     \t  \t  <td class=\"tag\" data-label=\"Time\">So & holiday<\/td>\n     \t  \t  <td class=\"tag\" data-label=\"8 - 18\">125,- \u20ac<\/td>\n     \t  \t  <td class=\"tag\" data-label=\"18 - 22\">125,-\u20ac<\/td>\n     \t  \t  <td data-label=\"22 - 8\">125,-\u20ac<\/td>\n     \t  <\/tr>\n     <\/tbody>\n<\/table>\n<!-- Table Description-->\n<div class=\"table-description\">\n\t<em>Please call to inquire about travel costs.<\/em>\n<\/div>\n<!-- Wordings below -->\n<div class=\"wordings\">\n<p>The prices listed in this table are binding for unlocking a door that has slammed shut or been pulled shut (without self-locking mechanisms). Please feel free to contact us if you would like a price quote for other locksmith services. We will gladly provide you with a transparent, fixed-price offer.<\/p>\n<\/div>\n\n<!-- END Wordings -->\n\n\n\n<h2>MAILLINGERSTRASSE IN MAXVORSTADT AND NEUHAUSEN-NYMPHENBURG (MUNICH)<\/h2>\n<p>Maillingerstra\u00dfe, named after the Bavarian Minister of War Joseph Maximilian von Maillinger, is a relatively small street, but it nevertheless belongs to two districts. It connects Marsstra\u00dfe in Maxvorstadt with Nymphenburger Stra\u00dfe in Neuhausen-Nymphenburg. It is intersected by Blutenburgstra\u00dfe and Elvirastra\u00dfe.<\/p>\n<p>Maillingerstrasse is home to the restaurants S\u2019Maillinger and Osteria Mugolone, Caf\u00e9 Marlene and other places to eat comfortably, as well as the Bavarian State Criminal Police Office.<\/p>\n<h2>LOCKSMITH MUNICH MAILLINGERSTRASSE: HONEST Locksmith WITH TRADITION<\/h2>\n<p>Amper Locksmith Service is an honest and reliable locksmith company, now in its third generation, helping customers with all kinds of key and lock emergencies. Besides high-quality workmanship and friendly service, we are distinguished by our transparent pricing: We&#8217;ll tell you the fixed price you&#8217;ll pay right over the phone. We calculate it based on your description of the situation.<\/p>\n<h2>WE ARE ON DUTY AROUND THE CLOCK<\/h2>\n<p>The skilled team at Amper Locksmith Service is available 24\/7 \u2013 even on Sundays and public holidays. We understand that problems like lost or broken house keys don&#8217;t adhere to a schedule, which is why we operate as a genuine emergency locksmith service. You can always reach us on our emergency number, and we&#8217;ll head out immediately. We don&#8217;t have fixed business hours or waiting lists.<\/p>\n<h2>DOOR OPENING WITHOUT DAMAGE THANKS TO CAREFUL LOCKSMITHS USING PROFESSIONAL SPECIALIST TOOLS<\/h2>\n<p>All our locksmiths are highly skilled and work meticulously and conscientiously. The tools we use are of the highest quality. This allows us to guarantee almost 100% damage-free opening of locked doors. And in many cases, our professionals can even open locked doors without damaging the door or lock.<\/p>\n<p>If you&#8217;re currently looking for a fast, reasonably priced, and competent locksmith service on Maillingerstrasse in Munich, then we&#8217;re the right partner for you! We are a 24\/7 emergency locksmith service and work quickly, carefully, and at transparent and fair prices. We&#8217;ll help you get back into your home!<\/p>\n","protected":false},"excerpt":{"rendered":"<p>You rummage through your handbag for your house key, but it&#8217;s nowhere to be found. You quickly go to the mailbox without your key, and when you return, the door has slammed shut, but nobody&#8217;s home. Everyone has experienced situations like this and knows how annoying they are. And of course, a mishap like this [&hellip;]<\/p>\n","protected":false},"author":2,"featured_media":0,"parent":0,"menu_order":0,"comment_status":"closed","ping_status":"closed","template":"","meta":{"footnotes":"","_links_to":"","_links_to_target":""},"class_list":["post-13715","page","type-page","status-publish","hentry"],"yoast_head":"<!-- This site is optimized with the Yoast SEO plugin v27.4 - https:\/\/yoast.com\/product\/yoast-seo-wordpress\/ -->\n<title>Locksmith Munich Maillingerstra\u00dfe: from \u20ac52,- fixed price<\/title>\n<meta name=\"description\" content=\"Fast &amp; reliable locksmith service in Munich, Maillingerstra\u00dfe, with a fixed price guarantee: Damage-free door opening all year round &amp; around the clock!\" \/>\n<meta name=\"robots\" content=\"index, follow, max-snippet:-1, max-image-preview:large, max-video-preview:-1\" \/>\n<link rel=\"canonical\" href=\"https:\/\/www.amper-aufsperrdienst.de\/en\/locksmith-munich-maillingerstrasse\/\" \/>\n<meta property=\"og:locale\" content=\"en_US\" \/>\n<meta property=\"og:type\" content=\"article\" \/>\n<meta property=\"og:title\" content=\"Locksmith Munich Maillingerstra\u00dfe: from \u20ac52,- fixed price\" \/>\n<meta property=\"og:description\" content=\"Fast &amp; reliable locksmith service in Munich, Maillingerstra\u00dfe, with a fixed price guarantee: Damage-free door opening all year round &amp; around the clock!\" \/>\n<meta property=\"og:url\" content=\"https:\/\/www.amper-aufsperrdienst.de\/en\/locksmith-munich-maillingerstrasse\/\" \/>\n<meta property=\"og:site_name\" content=\"Locksmith for Munich, Dachau and F\u00fcrstenfeldbruck\" \/>\n<meta property=\"article:modified_time\" content=\"2026-01-28T07:34:43+00:00\" \/>\n<meta property=\"og:image\" content=\"https:\/\/www.amper-aufsperrdienst.de\/wp-content\/uploads\/2021\/03\/schluesseldienst-muenchen-maillingerstrasse-festpreis-ab-52-siegel.jpg\" \/>\n<meta name=\"twitter:label1\" content=\"Est. reading time\" \/>\n\t<meta name=\"twitter:data1\" content=\"3 minutes\" \/>\n<script type=\"application\/ld+json\" class=\"yoast-schema-graph\">{\"@context\":\"https:\\\/\\\/schema.org\",\"@graph\":[{\"@type\":\"WebPage\",\"@id\":\"https:\\\/\\\/www.amper-aufsperrdienst.de\\\/en\\\/locksmith-munich-maillingerstrasse\\\/\",\"url\":\"https:\\\/\\\/www.amper-aufsperrdienst.de\\\/en\\\/locksmith-munich-maillingerstrasse\\\/\",\"name\":\"Locksmith Munich Maillingerstra\u00dfe: from \u20ac52,- fixed price\",\"isPartOf\":{\"@id\":\"https:\\\/\\\/www.amper-aufsperrdienst.de\\\/en\\\/#website\"},\"primaryImageOfPage\":{\"@id\":\"https:\\\/\\\/www.amper-aufsperrdienst.de\\\/en\\\/locksmith-munich-maillingerstrasse\\\/#primaryimage\"},\"image\":{\"@id\":\"https:\\\/\\\/www.amper-aufsperrdienst.de\\\/en\\\/locksmith-munich-maillingerstrasse\\\/#primaryimage\"},\"thumbnailUrl\":\"https:\\\/\\\/www.amper-aufsperrdienst.de\\\/wp-content\\\/uploads\\\/2021\\\/03\\\/schluesseldienst-muenchen-maillingerstrasse-festpreis-ab-52-siegel.jpg\",\"datePublished\":\"2019-02-19T07:10:06+00:00\",\"dateModified\":\"2026-01-28T07:34:43+00:00\",\"description\":\"Fast & reliable locksmith service in Munich, Maillingerstra\u00dfe, with a fixed price guarantee: Damage-free door opening all year round & around the clock!\",\"breadcrumb\":{\"@id\":\"https:\\\/\\\/www.amper-aufsperrdienst.de\\\/en\\\/locksmith-munich-maillingerstrasse\\\/#breadcrumb\"},\"inLanguage\":\"en-US\",\"potentialAction\":[{\"@type\":\"ReadAction\",\"target\":[\"https:\\\/\\\/www.amper-aufsperrdienst.de\\\/en\\\/locksmith-munich-maillingerstrasse\\\/\"]}]},{\"@type\":\"ImageObject\",\"inLanguage\":\"en-US\",\"@id\":\"https:\\\/\\\/www.amper-aufsperrdienst.de\\\/en\\\/locksmith-munich-maillingerstrasse\\\/#primaryimage\",\"url\":\"https:\\\/\\\/www.amper-aufsperrdienst.de\\\/wp-content\\\/uploads\\\/2021\\\/03\\\/schluesseldienst-muenchen-maillingerstrasse-festpreis-ab-52-siegel.jpg\",\"contentUrl\":\"https:\\\/\\\/www.amper-aufsperrdienst.de\\\/wp-content\\\/uploads\\\/2021\\\/03\\\/schluesseldienst-muenchen-maillingerstrasse-festpreis-ab-52-siegel.jpg\"},{\"@type\":\"BreadcrumbList\",\"@id\":\"https:\\\/\\\/www.amper-aufsperrdienst.de\\\/en\\\/locksmith-munich-maillingerstrasse\\\/#breadcrumb\",\"itemListElement\":[{\"@type\":\"ListItem\",\"position\":1,\"name\":\"Home\",\"item\":\"https:\\\/\\\/www.amper-aufsperrdienst.de\\\/en\\\/\"},{\"@type\":\"ListItem\",\"position\":2,\"name\":\"LOCKSMITH MUNICH MAILLINGERSTRASSE\"}]},{\"@type\":\"WebSite\",\"@id\":\"https:\\\/\\\/www.amper-aufsperrdienst.de\\\/en\\\/#website\",\"url\":\"https:\\\/\\\/www.amper-aufsperrdienst.de\\\/en\\\/\",\"name\":\"Locksmith for Munich, Dachau and F\u00fcrstenfeldbruck\",\"description\":\"Amper Aufsperrdienst\",\"potentialAction\":[{\"@type\":\"SearchAction\",\"target\":{\"@type\":\"EntryPoint\",\"urlTemplate\":\"https:\\\/\\\/www.amper-aufsperrdienst.de\\\/en\\\/?s={search_term_string}\"},\"query-input\":{\"@type\":\"PropertyValueSpecification\",\"valueRequired\":true,\"valueName\":\"search_term_string\"}}],\"inLanguage\":\"en-US\"}]}<\/script>\n<!-- \/ Yoast SEO plugin. -->","yoast_head_json":{"title":"Locksmith Munich Maillingerstra\u00dfe: from \u20ac52,- fixed price","description":"Fast & reliable locksmith service in Munich, Maillingerstra\u00dfe, with a fixed price guarantee: Damage-free door opening all year round & around the clock!","robots":{"index":"index","follow":"follow","max-snippet":"max-snippet:-1","max-image-preview":"max-image-preview:large","max-video-preview":"max-video-preview:-1"},"canonical":"https:\/\/www.amper-aufsperrdienst.de\/en\/locksmith-munich-maillingerstrasse\/","og_locale":"en_US","og_type":"article","og_title":"Locksmith Munich Maillingerstra\u00dfe: from \u20ac52,- fixed price","og_description":"Fast & reliable locksmith service in Munich, Maillingerstra\u00dfe, with a fixed price guarantee: Damage-free door opening all year round & around the clock!","og_url":"https:\/\/www.amper-aufsperrdienst.de\/en\/locksmith-munich-maillingerstrasse\/","og_site_name":"Locksmith for Munich, Dachau and F\u00fcrstenfeldbruck","article_modified_time":"2026-01-28T07:34:43+00:00","og_image":[{"url":"https:\/\/www.amper-aufsperrdienst.de\/wp-content\/uploads\/2021\/03\/schluesseldienst-muenchen-maillingerstrasse-festpreis-ab-52-siegel.jpg","type":"","width":"","height":""}],"twitter_misc":{"Est. reading time":"3 minutes"},"schema":{"@context":"https:\/\/schema.org","@graph":[{"@type":"WebPage","@id":"https:\/\/www.amper-aufsperrdienst.de\/en\/locksmith-munich-maillingerstrasse\/","url":"https:\/\/www.amper-aufsperrdienst.de\/en\/locksmith-munich-maillingerstrasse\/","name":"Locksmith Munich Maillingerstra\u00dfe: from \u20ac52,- fixed price","isPartOf":{"@id":"https:\/\/www.amper-aufsperrdienst.de\/en\/#website"},"primaryImageOfPage":{"@id":"https:\/\/www.amper-aufsperrdienst.de\/en\/locksmith-munich-maillingerstrasse\/#primaryimage"},"image":{"@id":"https:\/\/www.amper-aufsperrdienst.de\/en\/locksmith-munich-maillingerstrasse\/#primaryimage"},"thumbnailUrl":"https:\/\/www.amper-aufsperrdienst.de\/wp-content\/uploads\/2021\/03\/schluesseldienst-muenchen-maillingerstrasse-festpreis-ab-52-siegel.jpg","datePublished":"2019-02-19T07:10:06+00:00","dateModified":"2026-01-28T07:34:43+00:00","description":"Fast & reliable locksmith service in Munich, Maillingerstra\u00dfe, with a fixed price guarantee: Damage-free door opening all year round & around the clock!","breadcrumb":{"@id":"https:\/\/www.amper-aufsperrdienst.de\/en\/locksmith-munich-maillingerstrasse\/#breadcrumb"},"inLanguage":"en-US","potentialAction":[{"@type":"ReadAction","target":["https:\/\/www.amper-aufsperrdienst.de\/en\/locksmith-munich-maillingerstrasse\/"]}]},{"@type":"ImageObject","inLanguage":"en-US","@id":"https:\/\/www.amper-aufsperrdienst.de\/en\/locksmith-munich-maillingerstrasse\/#primaryimage","url":"https:\/\/www.amper-aufsperrdienst.de\/wp-content\/uploads\/2021\/03\/schluesseldienst-muenchen-maillingerstrasse-festpreis-ab-52-siegel.jpg","contentUrl":"https:\/\/www.amper-aufsperrdienst.de\/wp-content\/uploads\/2021\/03\/schluesseldienst-muenchen-maillingerstrasse-festpreis-ab-52-siegel.jpg"},{"@type":"BreadcrumbList","@id":"https:\/\/www.amper-aufsperrdienst.de\/en\/locksmith-munich-maillingerstrasse\/#breadcrumb","itemListElement":[{"@type":"ListItem","position":1,"name":"Home","item":"https:\/\/www.amper-aufsperrdienst.de\/en\/"},{"@type":"ListItem","position":2,"name":"LOCKSMITH MUNICH MAILLINGERSTRASSE"}]},{"@type":"WebSite","@id":"https:\/\/www.amper-aufsperrdienst.de\/en\/#website","url":"https:\/\/www.amper-aufsperrdienst.de\/en\/","name":"Locksmith for Munich, Dachau and F\u00fcrstenfeldbruck","description":"Amper Aufsperrdienst","potentialAction":[{"@type":"SearchAction","target":{"@type":"EntryPoint","urlTemplate":"https:\/\/www.amper-aufsperrdienst.de\/en\/?s={search_term_string}"},"query-input":{"@type":"PropertyValueSpecification","valueRequired":true,"valueName":"search_term_string"}}],"inLanguage":"en-US"}]}},"_links":{"self":[{"href":"https:\/\/www.amper-aufsperrdienst.de\/en\/wp-json\/wp\/v2\/pages\/13715","targetHints":{"allow":["GET"]}}],"collection":[{"href":"https:\/\/www.amper-aufsperrdienst.de\/en\/wp-json\/wp\/v2\/pages"}],"about":[{"href":"https:\/\/www.amper-aufsperrdienst.de\/en\/wp-json\/wp\/v2\/types\/page"}],"author":[{"embeddable":true,"href":"https:\/\/www.amper-aufsperrdienst.de\/en\/wp-json\/wp\/v2\/users\/2"}],"replies":[{"embeddable":true,"href":"https:\/\/www.amper-aufsperrdienst.de\/en\/wp-json\/wp\/v2\/comments?post=13715"}],"version-history":[{"count":1,"href":"https:\/\/www.amper-aufsperrdienst.de\/en\/wp-json\/wp\/v2\/pages\/13715\/revisions"}],"predecessor-version":[{"id":13719,"href":"https:\/\/www.amper-aufsperrdienst.de\/en\/wp-json\/wp\/v2\/pages\/13715\/revisions\/13719"}],"wp:attachment":[{"href":"https:\/\/www.amper-aufsperrdienst.de\/en\/wp-json\/wp\/v2\/media?parent=13715"}],"curies":[{"name":"wp","href":"https:\/\/api.w.org\/{rel}","templated":true}]}}