{"id":13791,"date":"2017-12-24T12:43:37","date_gmt":"2017-12-24T10:43:37","guid":{"rendered":"https:\/\/www.amper-aufsperrdienst.de\/locksmith-munich-mariahilfplatz\/"},"modified":"2026-01-23T04:40:12","modified_gmt":"2026-01-23T02:40:12","slug":"locksmith-munich-mariahilfplatz","status":"publish","type":"page","link":"https:\/\/www.amper-aufsperrdienst.de\/en\/locksmith-munich-mariahilfplatz\/","title":{"rendered":"Locksmith Munich Mariahilfplatz"},"content":{"rendered":"<p><img loading=\"lazy\" decoding=\"async\" class=\"alignleft\" style=\"margin-bottom: 5px !important;\" src=\"https:\/\/www.amper-aufsperrdienst.de\/wp-content\/uploads\/2021\/03\/schluesseldienst-muenchen-mariahilfplatz-festpreis-ab-52-siegel.jpg\" alt=\"Amper Locksmith Service - Locksmith Munich-Mariahilfplatz with fixed prices starting at \u20ac52\" width=\"250\" height=\"250\"><\/p>\n<p>Have you unfortunately locked yourself out?! It&#8217;s getting cold, and all your attempts to get into your front door have failed. Your neighbors on Mariahilfplatz are all asleep, and you haven&#8217;t left a spare key with anyone. Then you need a reliable emergency locksmith service that can help you safely within minutes.   <\/p>\n          <!-- tarif -->\n<h2><b><span style=\"vertical-align: inherit;\"><span style=\"vertical-align: inherit;\">Our binding fixed prices start from \u20ac52.<\/span><\/span><\/b><\/h2>\n<p>Amper Locksmith Service is a fair locksmith service with transparent fixed prices:<\/p>\n<div class=\"table-title\">\n\tPRICE LIST  UNLOCK\n<\/div>\n<!-- Table part-->\n<table class=\"table\">\n  <thead class=\"header\">\n\t  <tr>\n     \t <th scope=\"col\">Time<\/th>\n     \t <th scope=\"col\">8 - 18<\/th>\n     \t <th scope=\"col\">18 - 22<\/th>\n     \t <th scope=\"col\">22 - 8<\/th>\n\t<\/tr>\n  <\/thead>\n  <tbody>\n     \t  <tr class=\"weekdays\">\n     \t  \t  <td class=\"tag\" data-label=\"Time\">Mo - Fr<\/td>\n     \t  \t  <td class=\"hrs tag\" data-label=\"8 - 18\">52,- \u20ac<\/td>\n     \t  \t  <td class=\"tag space\" data-label=\"18 - 22\">82,- \u20ac<\/td>\n     \t  \t  <td data-label=\"22 - 8\">95,- \u20ac<\/td>\n     \t  <\/tr>\n     <tr class=\"weekends\">\n     \t  \t  <td class=\"tag\" data-label=\"Time\">Sa<\/td>\n     \t  \t  <td class=\"tag\" data-label=\"8 - 18\">95,- \u20ac<\/td>\n     \t  \t  <td class=\"tag\" data-label=\"18 - 22\">95,- \u20ac<\/td>\n     \t  \t  <td data-label=\"22 - 8\">125,- \u20ac<\/td>\n     \t  <\/tr>\n     <tr class=\"holidays\">\n     \t  \t  <td class=\"tag\" data-label=\"Time\">So & holiday<\/td>\n     \t  \t  <td class=\"tag\" data-label=\"8 - 18\">125,- \u20ac<\/td>\n     \t  \t  <td class=\"tag\" data-label=\"18 - 22\">125,-\u20ac<\/td>\n     \t  \t  <td data-label=\"22 - 8\">125,-\u20ac<\/td>\n     \t  <\/tr>\n     <\/tbody>\n<\/table>\n<!-- Table Description-->\n<div class=\"table-description\">\n\t<em>Please call to inquire about travel costs.<\/em>\n<\/div>\n<!-- Wordings below -->\n<div class=\"wordings\">\n<p>The prices listed in this table are binding for unlocking a door that has slammed shut or been pulled shut (without self-locking mechanisms). Please feel free to contact us if you would like a price quote for other locksmith services. We will gladly provide you with a transparent, fixed-price offer.<\/p>\n<\/div>\n\n<!-- END Wordings -->\n\n\n\n<div class=\"ansprech\">Locksmith Munich Mariahilfplatz with free 24\/7 emergency hotline<br \/>\n<h3 class=\"phone mobilesOnly\"><a href=\"tel:+498000131131\">0800 \/ 0 131 131<\/a><\/h3><h3 class=\"phone desktopOnly\"><a href=\"tel:+498000131131\">0800 \/ 0 131 131<\/a><\/h3>Fair fixed prices for non-destructive door opening<\/div>\n<p>The selection of so-called locksmith services is huge, and it&#8217;s not easy to separate the wheat from the chaff. How can you ensure you don&#8217;t fall victim to one of these shady companies that rip you off and sometimes demand exorbitant additional charges? <\/p>\n<h2>Professional door opening at Mariahilfplatz 24\/7 for a fixed price!<\/h2>\n<p>The solution couldn&#8217;t be simpler: Just call Amper Locksmith Service free of charge and ask our experts live on the phone how much it will cost to open your door. Describe your emergency, and we can give you a fixed price that will apply even after our technician arrives. <\/p>\n<p>But it&#8217;s not just this price transparency that has allowed us to look back on many years of satisfied customers: We can usually be at your location in Mariahilfplatz and the surrounding area within about 30 minutes and help you quickly. Because we always carry our specialized tools, we can reliably open even the most complicated locks \u2013 without damaging the doors \u2013 with a 99% success rate! <\/p>\n<h2>Mariahilfplatz in Munich<\/h2>\n<p>It&#8217;s actually completely irrelevant whether your apartment is located on Mariahilfplatz or in the surrounding area. Situated in the Au-Haidhausen district, Mariahilfplatz lies on the right bank of the Isar River. This lively square is known, among other things, for the &#8220;Auer Dult&#8221; fair and is dominated by the neo-Gothic Mariahilf Church and the nearby Auer M\u00fchlbach stream \u2013 one of the few remaining urban streams in Munich. The Munich District Office, the Mariahilfplatz State Elementary School, Police Station 21, and the Munich District Health Office are also located here.   <\/p>\n<p>Nearby are Nockherberg, the Glockenbachviertel, the <a href=\"https:\/\/www.amper-aufsperrdienst.de\/en\/locksmith-munich-gaertnerplatz\/\">G\u00e4rtnerplatz<\/a>-viertel, and the Deutsches Museum. Important surrounding streets include Gebsattelstra\u00dfe\/Schweigerstra\u00dfe, Hochstra\u00dfe, Ohlm\u00fcllerstra\u00dfe, Zeppelinstra\u00dfe, Lilienstra\u00dfe, and Am Hergottseck. <\/p>\n<h2>Break-ins prevented, but done right!<\/h2>\n<p>&#8220;Oh, my God!&#8221; you might think sometimes when there&#8217;s another break-in in your neighborhood. If you&#8217;re also feeling uneasy about rising burglary rates, then let us advise you on the latest security technology options. We reliably identify potential vulnerabilities in your windows and doors and, with the necessary expertise, install specialized locks to increase the security of your home.  <\/p>\n<p>The team around company owner Mario Pichelmaier is happy to advise you \u2013 simply call us completely free of charge on our 0800 number.<\/p>\n<div class=\"ansprech\">Locksmith Munich Mariahilfplatz with free 24\/7 emergency hotline<br \/>\n<h3 class=\"phone mobilesOnly\"><a href=\"tel:+498000131131\">0800 \/ 0 131 131<\/a><\/h3><h3 class=\"phone desktopOnly\"><a href=\"tel:+498000131131\">0800 \/ 0 131 131<\/a><\/h3>Fair fixed prices for non-destructive door opening<\/div>\n","protected":false},"excerpt":{"rendered":"<p>Have you unfortunately locked yourself out?! It&#8217;s getting cold, and all your attempts to get into your front door have failed. Your neighbors on Mariahilfplatz are all asleep, and you haven&#8217;t left a spare key with anyone. Then you need a reliable emergency locksmith service that can help you safely within minutes. Locksmith Munich Mariahilfplatz [&hellip;]<\/p>\n","protected":false},"author":2,"featured_media":0,"parent":0,"menu_order":0,"comment_status":"closed","ping_status":"closed","template":"","meta":{"footnotes":"","_links_to":"","_links_to_target":""},"class_list":["post-13791","page","type-page","status-publish","hentry"],"yoast_head":"<!-- This site is optimized with the Yoast SEO plugin v27.4 - https:\/\/yoast.com\/product\/yoast-seo-wordpress\/ -->\n<title>Locksmith Munich Mariahilfplatz: Fixed price from \u20ac52<\/title>\n<meta name=\"description\" content=\"Locksmith Mariahilfplatz, Munich: Professional door opening at a fixed price! We are available 24\/7 - 30-minute response time, no damage.\" \/>\n<meta name=\"robots\" content=\"index, follow, max-snippet:-1, max-image-preview:large, max-video-preview:-1\" \/>\n<link rel=\"canonical\" href=\"https:\/\/www.amper-aufsperrdienst.de\/en\/locksmith-munich-mariahilfplatz\/\" \/>\n<meta property=\"og:locale\" content=\"en_US\" \/>\n<meta property=\"og:type\" content=\"article\" \/>\n<meta property=\"og:title\" content=\"Locksmith Munich Mariahilfplatz: Fixed price from \u20ac52\" \/>\n<meta property=\"og:description\" content=\"Locksmith Mariahilfplatz, Munich: Professional door opening at a fixed price! We are available 24\/7 - 30-minute response time, no damage.\" \/>\n<meta property=\"og:url\" content=\"https:\/\/www.amper-aufsperrdienst.de\/en\/locksmith-munich-mariahilfplatz\/\" \/>\n<meta property=\"og:site_name\" content=\"Locksmith for Munich, Dachau and F\u00fcrstenfeldbruck\" \/>\n<meta property=\"article:modified_time\" content=\"2026-01-23T02:40:12+00:00\" \/>\n<meta property=\"og:image\" content=\"https:\/\/www.amper-aufsperrdienst.de\/wp-content\/uploads\/2021\/03\/schluesseldienst-muenchen-mariahilfplatz-festpreis-ab-52-siegel.jpg\" \/>\n<meta name=\"twitter:label1\" content=\"Est. reading time\" \/>\n\t<meta name=\"twitter:data1\" content=\"3 minutes\" \/>\n<script type=\"application\/ld+json\" class=\"yoast-schema-graph\">{\"@context\":\"https:\\\/\\\/schema.org\",\"@graph\":[{\"@type\":\"WebPage\",\"@id\":\"https:\\\/\\\/www.amper-aufsperrdienst.de\\\/en\\\/locksmith-munich-mariahilfplatz\\\/\",\"url\":\"https:\\\/\\\/www.amper-aufsperrdienst.de\\\/en\\\/locksmith-munich-mariahilfplatz\\\/\",\"name\":\"Locksmith Munich Mariahilfplatz: Fixed price from \u20ac52\",\"isPartOf\":{\"@id\":\"https:\\\/\\\/www.amper-aufsperrdienst.de\\\/en\\\/#website\"},\"primaryImageOfPage\":{\"@id\":\"https:\\\/\\\/www.amper-aufsperrdienst.de\\\/en\\\/locksmith-munich-mariahilfplatz\\\/#primaryimage\"},\"image\":{\"@id\":\"https:\\\/\\\/www.amper-aufsperrdienst.de\\\/en\\\/locksmith-munich-mariahilfplatz\\\/#primaryimage\"},\"thumbnailUrl\":\"https:\\\/\\\/www.amper-aufsperrdienst.de\\\/wp-content\\\/uploads\\\/2021\\\/03\\\/schluesseldienst-muenchen-mariahilfplatz-festpreis-ab-52-siegel.jpg\",\"datePublished\":\"2017-12-24T10:43:37+00:00\",\"dateModified\":\"2026-01-23T02:40:12+00:00\",\"description\":\"Locksmith Mariahilfplatz, Munich: Professional door opening at a fixed price! We are available 24\\\/7 - 30-minute response time, no damage.\",\"breadcrumb\":{\"@id\":\"https:\\\/\\\/www.amper-aufsperrdienst.de\\\/en\\\/locksmith-munich-mariahilfplatz\\\/#breadcrumb\"},\"inLanguage\":\"en-US\",\"potentialAction\":[{\"@type\":\"ReadAction\",\"target\":[\"https:\\\/\\\/www.amper-aufsperrdienst.de\\\/en\\\/locksmith-munich-mariahilfplatz\\\/\"]}]},{\"@type\":\"ImageObject\",\"inLanguage\":\"en-US\",\"@id\":\"https:\\\/\\\/www.amper-aufsperrdienst.de\\\/en\\\/locksmith-munich-mariahilfplatz\\\/#primaryimage\",\"url\":\"https:\\\/\\\/www.amper-aufsperrdienst.de\\\/wp-content\\\/uploads\\\/2021\\\/03\\\/schluesseldienst-muenchen-mariahilfplatz-festpreis-ab-52-siegel.jpg\",\"contentUrl\":\"https:\\\/\\\/www.amper-aufsperrdienst.de\\\/wp-content\\\/uploads\\\/2021\\\/03\\\/schluesseldienst-muenchen-mariahilfplatz-festpreis-ab-52-siegel.jpg\"},{\"@type\":\"BreadcrumbList\",\"@id\":\"https:\\\/\\\/www.amper-aufsperrdienst.de\\\/en\\\/locksmith-munich-mariahilfplatz\\\/#breadcrumb\",\"itemListElement\":[{\"@type\":\"ListItem\",\"position\":1,\"name\":\"Home\",\"item\":\"https:\\\/\\\/www.amper-aufsperrdienst.de\\\/en\\\/\"},{\"@type\":\"ListItem\",\"position\":2,\"name\":\"Locksmith Munich Mariahilfplatz\"}]},{\"@type\":\"WebSite\",\"@id\":\"https:\\\/\\\/www.amper-aufsperrdienst.de\\\/en\\\/#website\",\"url\":\"https:\\\/\\\/www.amper-aufsperrdienst.de\\\/en\\\/\",\"name\":\"Locksmith for Munich, Dachau and F\u00fcrstenfeldbruck\",\"description\":\"Amper Aufsperrdienst\",\"potentialAction\":[{\"@type\":\"SearchAction\",\"target\":{\"@type\":\"EntryPoint\",\"urlTemplate\":\"https:\\\/\\\/www.amper-aufsperrdienst.de\\\/en\\\/?s={search_term_string}\"},\"query-input\":{\"@type\":\"PropertyValueSpecification\",\"valueRequired\":true,\"valueName\":\"search_term_string\"}}],\"inLanguage\":\"en-US\"}]}<\/script>\n<!-- \/ Yoast SEO plugin. -->","yoast_head_json":{"title":"Locksmith Munich Mariahilfplatz: Fixed price from \u20ac52","description":"Locksmith Mariahilfplatz, Munich: Professional door opening at a fixed price! We are available 24\/7 - 30-minute response time, no damage.","robots":{"index":"index","follow":"follow","max-snippet":"max-snippet:-1","max-image-preview":"max-image-preview:large","max-video-preview":"max-video-preview:-1"},"canonical":"https:\/\/www.amper-aufsperrdienst.de\/en\/locksmith-munich-mariahilfplatz\/","og_locale":"en_US","og_type":"article","og_title":"Locksmith Munich Mariahilfplatz: Fixed price from \u20ac52","og_description":"Locksmith Mariahilfplatz, Munich: Professional door opening at a fixed price! We are available 24\/7 - 30-minute response time, no damage.","og_url":"https:\/\/www.amper-aufsperrdienst.de\/en\/locksmith-munich-mariahilfplatz\/","og_site_name":"Locksmith for Munich, Dachau and F\u00fcrstenfeldbruck","article_modified_time":"2026-01-23T02:40:12+00:00","og_image":[{"url":"https:\/\/www.amper-aufsperrdienst.de\/wp-content\/uploads\/2021\/03\/schluesseldienst-muenchen-mariahilfplatz-festpreis-ab-52-siegel.jpg","type":"","width":"","height":""}],"twitter_misc":{"Est. reading time":"3 minutes"},"schema":{"@context":"https:\/\/schema.org","@graph":[{"@type":"WebPage","@id":"https:\/\/www.amper-aufsperrdienst.de\/en\/locksmith-munich-mariahilfplatz\/","url":"https:\/\/www.amper-aufsperrdienst.de\/en\/locksmith-munich-mariahilfplatz\/","name":"Locksmith Munich Mariahilfplatz: Fixed price from \u20ac52","isPartOf":{"@id":"https:\/\/www.amper-aufsperrdienst.de\/en\/#website"},"primaryImageOfPage":{"@id":"https:\/\/www.amper-aufsperrdienst.de\/en\/locksmith-munich-mariahilfplatz\/#primaryimage"},"image":{"@id":"https:\/\/www.amper-aufsperrdienst.de\/en\/locksmith-munich-mariahilfplatz\/#primaryimage"},"thumbnailUrl":"https:\/\/www.amper-aufsperrdienst.de\/wp-content\/uploads\/2021\/03\/schluesseldienst-muenchen-mariahilfplatz-festpreis-ab-52-siegel.jpg","datePublished":"2017-12-24T10:43:37+00:00","dateModified":"2026-01-23T02:40:12+00:00","description":"Locksmith Mariahilfplatz, Munich: Professional door opening at a fixed price! We are available 24\/7 - 30-minute response time, no damage.","breadcrumb":{"@id":"https:\/\/www.amper-aufsperrdienst.de\/en\/locksmith-munich-mariahilfplatz\/#breadcrumb"},"inLanguage":"en-US","potentialAction":[{"@type":"ReadAction","target":["https:\/\/www.amper-aufsperrdienst.de\/en\/locksmith-munich-mariahilfplatz\/"]}]},{"@type":"ImageObject","inLanguage":"en-US","@id":"https:\/\/www.amper-aufsperrdienst.de\/en\/locksmith-munich-mariahilfplatz\/#primaryimage","url":"https:\/\/www.amper-aufsperrdienst.de\/wp-content\/uploads\/2021\/03\/schluesseldienst-muenchen-mariahilfplatz-festpreis-ab-52-siegel.jpg","contentUrl":"https:\/\/www.amper-aufsperrdienst.de\/wp-content\/uploads\/2021\/03\/schluesseldienst-muenchen-mariahilfplatz-festpreis-ab-52-siegel.jpg"},{"@type":"BreadcrumbList","@id":"https:\/\/www.amper-aufsperrdienst.de\/en\/locksmith-munich-mariahilfplatz\/#breadcrumb","itemListElement":[{"@type":"ListItem","position":1,"name":"Home","item":"https:\/\/www.amper-aufsperrdienst.de\/en\/"},{"@type":"ListItem","position":2,"name":"Locksmith Munich Mariahilfplatz"}]},{"@type":"WebSite","@id":"https:\/\/www.amper-aufsperrdienst.de\/en\/#website","url":"https:\/\/www.amper-aufsperrdienst.de\/en\/","name":"Locksmith for Munich, Dachau and F\u00fcrstenfeldbruck","description":"Amper Aufsperrdienst","potentialAction":[{"@type":"SearchAction","target":{"@type":"EntryPoint","urlTemplate":"https:\/\/www.amper-aufsperrdienst.de\/en\/?s={search_term_string}"},"query-input":{"@type":"PropertyValueSpecification","valueRequired":true,"valueName":"search_term_string"}}],"inLanguage":"en-US"}]}},"_links":{"self":[{"href":"https:\/\/www.amper-aufsperrdienst.de\/en\/wp-json\/wp\/v2\/pages\/13791","targetHints":{"allow":["GET"]}}],"collection":[{"href":"https:\/\/www.amper-aufsperrdienst.de\/en\/wp-json\/wp\/v2\/pages"}],"about":[{"href":"https:\/\/www.amper-aufsperrdienst.de\/en\/wp-json\/wp\/v2\/types\/page"}],"author":[{"embeddable":true,"href":"https:\/\/www.amper-aufsperrdienst.de\/en\/wp-json\/wp\/v2\/users\/2"}],"replies":[{"embeddable":true,"href":"https:\/\/www.amper-aufsperrdienst.de\/en\/wp-json\/wp\/v2\/comments?post=13791"}],"version-history":[{"count":1,"href":"https:\/\/www.amper-aufsperrdienst.de\/en\/wp-json\/wp\/v2\/pages\/13791\/revisions"}],"predecessor-version":[{"id":13792,"href":"https:\/\/www.amper-aufsperrdienst.de\/en\/wp-json\/wp\/v2\/pages\/13791\/revisions\/13792"}],"wp:attachment":[{"href":"https:\/\/www.amper-aufsperrdienst.de\/en\/wp-json\/wp\/v2\/media?parent=13791"}],"curies":[{"name":"wp","href":"https:\/\/api.w.org\/{rel}","templated":true}]}}