{"id":13829,"date":"2019-02-19T08:40:38","date_gmt":"2019-02-19T06:40:38","guid":{"rendered":"https:\/\/www.amper-aufsperrdienst.de\/schluesseldienst-muenchen-planegger-strasse\/"},"modified":"2026-01-30T11:04:21","modified_gmt":"2026-01-30T09:04:21","slug":"locksmith-munich-planegger-strasse","status":"publish","type":"page","link":"https:\/\/www.amper-aufsperrdienst.de\/en\/locksmith-munich-planegger-strasse\/","title":{"rendered":"LOCKSMITH Service Munich PLANEGGER STRASSE"},"content":{"rendered":"<p><img loading=\"lazy\" decoding=\"async\" class=\"alignleft\" style=\"margin-bottom: 5px !important;\" src=\"https:\/\/www.amper-aufsperrdienst.de\/wp-content\/uploads\/2021\/03\/schluesseldienst-muenchen-planegger-strasse-festpreis-ab-52-siegel.jpg\" alt=\"Amper Locksmith Opening Service muenchen-planegger-strasse with fixed price from 52,- EUR\" width=\"250\" height=\"250\"><\/p>\n<p>Do you live on Planegger Stra\u00dfe in Munich and are currently locked out of your home because you&#8217;ve misplaced your key? No doubt, that&#8217;s a very frustrating situation. However, it can be resolved quickly with the help of Amper Locksmith Service. Don&#8217;t hesitate to call our free emergency hotline. Our highly qualified and friendly staff will advise you and open your door without causing any damage.<\/p>\n<p>Our company has been impressing customers for three generations with outstanding expertise, top-of-the-line locksmith equipment, and guaranteed fixed prices. As a genuine emergency locksmith service, we always strive to provide you with the fastest possible assistance if you&#8217;re locked out or your key has broken. That&#8217;s why Amper Locksmith Service always has a competent technician on call for you, 24\/7, even on Sundays and holidays. Our on-call service is waiting for your call! So don&#8217;t worry if you happen to be locked out at an ungodly hour!<\/p>\n          <!-- tarif -->\n<h2><b><span style=\"vertical-align: inherit;\"><span style=\"vertical-align: inherit;\">Our binding fixed prices start from \u20ac52.<\/span><\/span><\/b><\/h2>\n<p>Amper Locksmith Service is a fair locksmith service with transparent fixed prices:<\/p>\n<div class=\"table-title\">\n\tPRICE LIST  UNLOCK\n<\/div>\n<!-- Table part-->\n<table class=\"table\">\n  <thead class=\"header\">\n\t  <tr>\n     \t <th scope=\"col\">Time<\/th>\n     \t <th scope=\"col\">8 - 18<\/th>\n     \t <th scope=\"col\">18 - 22<\/th>\n     \t <th scope=\"col\">22 - 8<\/th>\n\t<\/tr>\n  <\/thead>\n  <tbody>\n     \t  <tr class=\"weekdays\">\n     \t  \t  <td class=\"tag\" data-label=\"Time\">Mo - Fr<\/td>\n     \t  \t  <td class=\"hrs tag\" data-label=\"8 - 18\">52,- \u20ac<\/td>\n     \t  \t  <td class=\"tag space\" data-label=\"18 - 22\">82,- \u20ac<\/td>\n     \t  \t  <td data-label=\"22 - 8\">95,- \u20ac<\/td>\n     \t  <\/tr>\n     <tr class=\"weekends\">\n     \t  \t  <td class=\"tag\" data-label=\"Time\">Sa<\/td>\n     \t  \t  <td class=\"tag\" data-label=\"8 - 18\">95,- \u20ac<\/td>\n     \t  \t  <td class=\"tag\" data-label=\"18 - 22\">95,- \u20ac<\/td>\n     \t  \t  <td data-label=\"22 - 8\">125,- \u20ac<\/td>\n     \t  <\/tr>\n     <tr class=\"holidays\">\n     \t  \t  <td class=\"tag\" data-label=\"Time\">So & holiday<\/td>\n     \t  \t  <td class=\"tag\" data-label=\"8 - 18\">125,- \u20ac<\/td>\n     \t  \t  <td class=\"tag\" data-label=\"18 - 22\">125,-\u20ac<\/td>\n     \t  \t  <td data-label=\"22 - 8\">125,-\u20ac<\/td>\n     \t  <\/tr>\n     <\/tbody>\n<\/table>\n<!-- Table Description-->\n<div class=\"table-description\">\n\t<em>Please call to inquire about travel costs.<\/em>\n<\/div>\n<!-- Wordings below -->\n<div class=\"wordings\">\n<p>The prices listed in this table are binding for unlocking a door that has slammed shut or been pulled shut (without self-locking mechanisms). Please feel free to contact us if you would like a price quote for other locksmith services. We will gladly provide you with a transparent, fixed-price offer.<\/p>\n<\/div>\n\n<!-- END Wordings -->\n\n\n\n<h2>PLANEGGER STREET IN MUNICH<\/h2>\n<p>Planegger Stra\u00dfe, located in the Pasing-Obermenzing district, runs parallel to Pasing City Park, affectionately known as the little brother of the English Garden. Here, nature lovers can relax with a stroll along the W\u00fcrm River, which meanders through the park, and enjoy a refreshing dip in the summer. New and modern residential developments are currently being built along Planegger Stra\u00dfe. Nearby are Bodenseestra\u00dfe, Gleichmannstra\u00dfe, and Pasing&#8217;s Marienplatz.<\/p>\n<h2>RELIABLE AND DAMAGE-FREE DOOR OPENINGS AT AFFORDABLE FIXED PRICES<\/h2>\n<p>We offer completely damage-free door unlocking at a fair and affordable fixed price. Let us know if you&#8217;re locked out or unable to access your apartment for any other reason. Our team will come to your location on Planegger Stra\u00dfe immediately to open your door using state-of-the-art tools.<br \/>\nIn most cases, we can be at your location within 30 minutes. Thanks to our fixed prices, we guarantee you won&#8217;t encounter any unexpectedly high costs. We&#8217;ll gladly tell you the exact cost of our service over the phone, even before we set off. The transparency of our pricing is a true unique selling point and is highly valued by our customers, as it provides peace of mind and allows them to face the bill with confidence.<\/p>\n<h2>AMPER LOCKING SERVICE: WE MAKE YOUR HOME BURGLAR-PROOF!<\/h2>\n<p>If you&#8217;re looking for advice on burglary prevention, Amper Locksmith Service is the right place to go. We&#8217;ll gladly work with you to analyze the security vulnerabilities in your premises and advise you on the best and most cost-effective security measures.<br \/>\nAre you locked out in the middle of the night on Planegger Stra\u00dfe in Munich? Then call the Amper locksmith emergency number. We&#8217;ll come immediately and open your door quickly, affordably, and without damage! Our fixed prices are fairly calculated and 100% guaranteed. You won&#8217;t find any underhanded tactics at Amper Locksmith. We haven&#8217;t for three generations!    <\/p>\n","protected":false},"excerpt":{"rendered":"<p>Do you live on Planegger Stra\u00dfe in Munich and are currently locked out of your home because you&#8217;ve misplaced your key? No doubt, that&#8217;s a very frustrating situation. However, it can be resolved quickly with the help of Amper Locksmith Service. Don&#8217;t hesitate to call our free emergency hotline. Our highly qualified and friendly staff [&hellip;]<\/p>\n","protected":false},"author":2,"featured_media":0,"parent":0,"menu_order":0,"comment_status":"closed","ping_status":"closed","template":"","meta":{"footnotes":"","_links_to":"","_links_to_target":""},"class_list":["post-13829","page","type-page","status-publish","hentry"],"yoast_head":"<!-- This site is optimized with the Yoast SEO plugin v27.4 - https:\/\/yoast.com\/product\/yoast-seo-wordpress\/ -->\n<title>Locksmith Munich Planegger Stra\u00dfe: from \u20ac52,- fixed price<\/title>\n<meta name=\"description\" content=\"Our fast locksmith service in Munich&#039;s Planegger Stra\u00dfe provides quick and reliable assistance in all door and lock emergencies \u2013 anytime and at a fixed price.\" \/>\n<meta name=\"robots\" content=\"index, follow, max-snippet:-1, max-image-preview:large, max-video-preview:-1\" \/>\n<link rel=\"canonical\" href=\"https:\/\/www.amper-aufsperrdienst.de\/en\/locksmith-munich-planegger-strasse\/\" \/>\n<meta property=\"og:locale\" content=\"en_US\" \/>\n<meta property=\"og:type\" content=\"article\" \/>\n<meta property=\"og:title\" content=\"Locksmith Munich Planegger Stra\u00dfe: from \u20ac52,- fixed price\" \/>\n<meta property=\"og:description\" content=\"Our fast locksmith service in Munich&#039;s Planegger Stra\u00dfe provides quick and reliable assistance in all door and lock emergencies \u2013 anytime and at a fixed price.\" \/>\n<meta property=\"og:url\" content=\"https:\/\/www.amper-aufsperrdienst.de\/en\/locksmith-munich-planegger-strasse\/\" \/>\n<meta property=\"og:site_name\" content=\"Locksmith for Munich, Dachau and F\u00fcrstenfeldbruck\" \/>\n<meta property=\"article:modified_time\" content=\"2026-01-30T09:04:21+00:00\" \/>\n<meta property=\"og:image\" content=\"https:\/\/www.amper-aufsperrdienst.de\/wp-content\/uploads\/2021\/03\/schluesseldienst-muenchen-planegger-strasse-festpreis-ab-52-siegel.jpg\" \/>\n<meta name=\"twitter:label1\" content=\"Est. reading time\" \/>\n\t<meta name=\"twitter:data1\" content=\"3 minutes\" \/>\n<script type=\"application\/ld+json\" class=\"yoast-schema-graph\">{\"@context\":\"https:\\\/\\\/schema.org\",\"@graph\":[{\"@type\":\"WebPage\",\"@id\":\"https:\\\/\\\/www.amper-aufsperrdienst.de\\\/en\\\/locksmith-munich-planegger-strasse\\\/\",\"url\":\"https:\\\/\\\/www.amper-aufsperrdienst.de\\\/en\\\/locksmith-munich-planegger-strasse\\\/\",\"name\":\"Locksmith Munich Planegger Stra\u00dfe: from \u20ac52,- fixed price\",\"isPartOf\":{\"@id\":\"https:\\\/\\\/www.amper-aufsperrdienst.de\\\/en\\\/#website\"},\"primaryImageOfPage\":{\"@id\":\"https:\\\/\\\/www.amper-aufsperrdienst.de\\\/en\\\/locksmith-munich-planegger-strasse\\\/#primaryimage\"},\"image\":{\"@id\":\"https:\\\/\\\/www.amper-aufsperrdienst.de\\\/en\\\/locksmith-munich-planegger-strasse\\\/#primaryimage\"},\"thumbnailUrl\":\"https:\\\/\\\/www.amper-aufsperrdienst.de\\\/wp-content\\\/uploads\\\/2021\\\/03\\\/schluesseldienst-muenchen-planegger-strasse-festpreis-ab-52-siegel.jpg\",\"datePublished\":\"2019-02-19T06:40:38+00:00\",\"dateModified\":\"2026-01-30T09:04:21+00:00\",\"description\":\"Our fast locksmith service in Munich's Planegger Stra\u00dfe provides quick and reliable assistance in all door and lock emergencies \u2013 anytime and at a fixed price.\",\"breadcrumb\":{\"@id\":\"https:\\\/\\\/www.amper-aufsperrdienst.de\\\/en\\\/locksmith-munich-planegger-strasse\\\/#breadcrumb\"},\"inLanguage\":\"en-US\",\"potentialAction\":[{\"@type\":\"ReadAction\",\"target\":[\"https:\\\/\\\/www.amper-aufsperrdienst.de\\\/en\\\/locksmith-munich-planegger-strasse\\\/\"]}]},{\"@type\":\"ImageObject\",\"inLanguage\":\"en-US\",\"@id\":\"https:\\\/\\\/www.amper-aufsperrdienst.de\\\/en\\\/locksmith-munich-planegger-strasse\\\/#primaryimage\",\"url\":\"https:\\\/\\\/www.amper-aufsperrdienst.de\\\/wp-content\\\/uploads\\\/2021\\\/03\\\/schluesseldienst-muenchen-planegger-strasse-festpreis-ab-52-siegel.jpg\",\"contentUrl\":\"https:\\\/\\\/www.amper-aufsperrdienst.de\\\/wp-content\\\/uploads\\\/2021\\\/03\\\/schluesseldienst-muenchen-planegger-strasse-festpreis-ab-52-siegel.jpg\"},{\"@type\":\"BreadcrumbList\",\"@id\":\"https:\\\/\\\/www.amper-aufsperrdienst.de\\\/en\\\/locksmith-munich-planegger-strasse\\\/#breadcrumb\",\"itemListElement\":[{\"@type\":\"ListItem\",\"position\":1,\"name\":\"Home\",\"item\":\"https:\\\/\\\/www.amper-aufsperrdienst.de\\\/en\\\/\"},{\"@type\":\"ListItem\",\"position\":2,\"name\":\"LOCKSMITH Service Munich PLANEGGER STRASSE\"}]},{\"@type\":\"WebSite\",\"@id\":\"https:\\\/\\\/www.amper-aufsperrdienst.de\\\/en\\\/#website\",\"url\":\"https:\\\/\\\/www.amper-aufsperrdienst.de\\\/en\\\/\",\"name\":\"Locksmith for Munich, Dachau and F\u00fcrstenfeldbruck\",\"description\":\"Amper Aufsperrdienst\",\"potentialAction\":[{\"@type\":\"SearchAction\",\"target\":{\"@type\":\"EntryPoint\",\"urlTemplate\":\"https:\\\/\\\/www.amper-aufsperrdienst.de\\\/en\\\/?s={search_term_string}\"},\"query-input\":{\"@type\":\"PropertyValueSpecification\",\"valueRequired\":true,\"valueName\":\"search_term_string\"}}],\"inLanguage\":\"en-US\"}]}<\/script>\n<!-- \/ Yoast SEO plugin. -->","yoast_head_json":{"title":"Locksmith Munich Planegger Stra\u00dfe: from \u20ac52,- fixed price","description":"Our fast locksmith service in Munich's Planegger Stra\u00dfe provides quick and reliable assistance in all door and lock emergencies \u2013 anytime and at a fixed price.","robots":{"index":"index","follow":"follow","max-snippet":"max-snippet:-1","max-image-preview":"max-image-preview:large","max-video-preview":"max-video-preview:-1"},"canonical":"https:\/\/www.amper-aufsperrdienst.de\/en\/locksmith-munich-planegger-strasse\/","og_locale":"en_US","og_type":"article","og_title":"Locksmith Munich Planegger Stra\u00dfe: from \u20ac52,- fixed price","og_description":"Our fast locksmith service in Munich's Planegger Stra\u00dfe provides quick and reliable assistance in all door and lock emergencies \u2013 anytime and at a fixed price.","og_url":"https:\/\/www.amper-aufsperrdienst.de\/en\/locksmith-munich-planegger-strasse\/","og_site_name":"Locksmith for Munich, Dachau and F\u00fcrstenfeldbruck","article_modified_time":"2026-01-30T09:04:21+00:00","og_image":[{"url":"https:\/\/www.amper-aufsperrdienst.de\/wp-content\/uploads\/2021\/03\/schluesseldienst-muenchen-planegger-strasse-festpreis-ab-52-siegel.jpg","type":"","width":"","height":""}],"twitter_misc":{"Est. reading time":"3 minutes"},"schema":{"@context":"https:\/\/schema.org","@graph":[{"@type":"WebPage","@id":"https:\/\/www.amper-aufsperrdienst.de\/en\/locksmith-munich-planegger-strasse\/","url":"https:\/\/www.amper-aufsperrdienst.de\/en\/locksmith-munich-planegger-strasse\/","name":"Locksmith Munich Planegger Stra\u00dfe: from \u20ac52,- fixed price","isPartOf":{"@id":"https:\/\/www.amper-aufsperrdienst.de\/en\/#website"},"primaryImageOfPage":{"@id":"https:\/\/www.amper-aufsperrdienst.de\/en\/locksmith-munich-planegger-strasse\/#primaryimage"},"image":{"@id":"https:\/\/www.amper-aufsperrdienst.de\/en\/locksmith-munich-planegger-strasse\/#primaryimage"},"thumbnailUrl":"https:\/\/www.amper-aufsperrdienst.de\/wp-content\/uploads\/2021\/03\/schluesseldienst-muenchen-planegger-strasse-festpreis-ab-52-siegel.jpg","datePublished":"2019-02-19T06:40:38+00:00","dateModified":"2026-01-30T09:04:21+00:00","description":"Our fast locksmith service in Munich's Planegger Stra\u00dfe provides quick and reliable assistance in all door and lock emergencies \u2013 anytime and at a fixed price.","breadcrumb":{"@id":"https:\/\/www.amper-aufsperrdienst.de\/en\/locksmith-munich-planegger-strasse\/#breadcrumb"},"inLanguage":"en-US","potentialAction":[{"@type":"ReadAction","target":["https:\/\/www.amper-aufsperrdienst.de\/en\/locksmith-munich-planegger-strasse\/"]}]},{"@type":"ImageObject","inLanguage":"en-US","@id":"https:\/\/www.amper-aufsperrdienst.de\/en\/locksmith-munich-planegger-strasse\/#primaryimage","url":"https:\/\/www.amper-aufsperrdienst.de\/wp-content\/uploads\/2021\/03\/schluesseldienst-muenchen-planegger-strasse-festpreis-ab-52-siegel.jpg","contentUrl":"https:\/\/www.amper-aufsperrdienst.de\/wp-content\/uploads\/2021\/03\/schluesseldienst-muenchen-planegger-strasse-festpreis-ab-52-siegel.jpg"},{"@type":"BreadcrumbList","@id":"https:\/\/www.amper-aufsperrdienst.de\/en\/locksmith-munich-planegger-strasse\/#breadcrumb","itemListElement":[{"@type":"ListItem","position":1,"name":"Home","item":"https:\/\/www.amper-aufsperrdienst.de\/en\/"},{"@type":"ListItem","position":2,"name":"LOCKSMITH Service Munich PLANEGGER STRASSE"}]},{"@type":"WebSite","@id":"https:\/\/www.amper-aufsperrdienst.de\/en\/#website","url":"https:\/\/www.amper-aufsperrdienst.de\/en\/","name":"Locksmith for Munich, Dachau and F\u00fcrstenfeldbruck","description":"Amper Aufsperrdienst","potentialAction":[{"@type":"SearchAction","target":{"@type":"EntryPoint","urlTemplate":"https:\/\/www.amper-aufsperrdienst.de\/en\/?s={search_term_string}"},"query-input":{"@type":"PropertyValueSpecification","valueRequired":true,"valueName":"search_term_string"}}],"inLanguage":"en-US"}]}},"_links":{"self":[{"href":"https:\/\/www.amper-aufsperrdienst.de\/en\/wp-json\/wp\/v2\/pages\/13829","targetHints":{"allow":["GET"]}}],"collection":[{"href":"https:\/\/www.amper-aufsperrdienst.de\/en\/wp-json\/wp\/v2\/pages"}],"about":[{"href":"https:\/\/www.amper-aufsperrdienst.de\/en\/wp-json\/wp\/v2\/types\/page"}],"author":[{"embeddable":true,"href":"https:\/\/www.amper-aufsperrdienst.de\/en\/wp-json\/wp\/v2\/users\/2"}],"replies":[{"embeddable":true,"href":"https:\/\/www.amper-aufsperrdienst.de\/en\/wp-json\/wp\/v2\/comments?post=13829"}],"version-history":[{"count":3,"href":"https:\/\/www.amper-aufsperrdienst.de\/en\/wp-json\/wp\/v2\/pages\/13829\/revisions"}],"predecessor-version":[{"id":14888,"href":"https:\/\/www.amper-aufsperrdienst.de\/en\/wp-json\/wp\/v2\/pages\/13829\/revisions\/14888"}],"wp:attachment":[{"href":"https:\/\/www.amper-aufsperrdienst.de\/en\/wp-json\/wp\/v2\/media?parent=13829"}],"curies":[{"name":"wp","href":"https:\/\/api.w.org\/{rel}","templated":true}]}}