{"id":13840,"date":"2019-02-19T08:45:59","date_gmt":"2019-02-19T06:45:59","guid":{"rendered":"https:\/\/www.amper-aufsperrdienst.de\/schluesseldienst-muenchen-poccistrasse\/"},"modified":"2026-01-28T09:46:51","modified_gmt":"2026-01-28T07:46:51","slug":"locksmith-munich-poccistrasse","status":"publish","type":"page","link":"https:\/\/www.amper-aufsperrdienst.de\/en\/locksmith-munich-poccistrasse\/","title":{"rendered":"Locksmith MUNICH POCCISTRASSE"},"content":{"rendered":"<p><img loading=\"lazy\" decoding=\"async\" class=\"alignleft\" style=\"margin-bottom: 5px !important;\" src=\"https:\/\/www.amper-aufsperrdienst.de\/wp-content\/uploads\/2021\/03\/schluesseldienst-muenchen-poccistrasse-festpreis-ab-52-siegel.jpg\" alt=\"Amper Locksmith Opening Service muenchen-poccistrasse with fixed price from 52,- EUR\" width=\"250\" height=\"250\"><\/p>\n<p>Has your anticipation of a well-deserved and relaxing evening suddenly vanished because you discovered on your way home to Poccistra\u00dfe that your apartment key is missing? This is, of course, an extremely nerve-wracking situation, but there&#8217;s no need to panic, because Amper Locksmith Service will help you quickly, competently, and at very affordable fixed prices.<br \/>\nTo minimize any inconvenience for you, we will set off immediately after receiving your call, arriving at your location within a maximum of approximately 30 minutes. Thanks to our many years of experience, we can gladly provide you with a guaranteed fixed price over the phone, which will definitely not change to your disadvantage. You can reach us anytime on our toll-free emergency hotline \u2013 even in the middle of the night or on public holidays. <\/p>\n          <!-- tarif -->\n<h2><b><span style=\"vertical-align: inherit;\"><span style=\"vertical-align: inherit;\">Our binding fixed prices start from \u20ac52.<\/span><\/span><\/b><\/h2>\n<p>Amper Locksmith Service is a fair locksmith service with transparent fixed prices:<\/p>\n<div class=\"table-title\">\n\tPRICE LIST  UNLOCK\n<\/div>\n<!-- Table part-->\n<table class=\"table\">\n  <thead class=\"header\">\n\t  <tr>\n     \t <th scope=\"col\">Time<\/th>\n     \t <th scope=\"col\">8 - 18<\/th>\n     \t <th scope=\"col\">18 - 22<\/th>\n     \t <th scope=\"col\">22 - 8<\/th>\n\t<\/tr>\n  <\/thead>\n  <tbody>\n     \t  <tr class=\"weekdays\">\n     \t  \t  <td class=\"tag\" data-label=\"Time\">Mo - Fr<\/td>\n     \t  \t  <td class=\"hrs tag\" data-label=\"8 - 18\">52,- \u20ac<\/td>\n     \t  \t  <td class=\"tag space\" data-label=\"18 - 22\">82,- \u20ac<\/td>\n     \t  \t  <td data-label=\"22 - 8\">95,- \u20ac<\/td>\n     \t  <\/tr>\n     <tr class=\"weekends\">\n     \t  \t  <td class=\"tag\" data-label=\"Time\">Sa<\/td>\n     \t  \t  <td class=\"tag\" data-label=\"8 - 18\">95,- \u20ac<\/td>\n     \t  \t  <td class=\"tag\" data-label=\"18 - 22\">95,- \u20ac<\/td>\n     \t  \t  <td data-label=\"22 - 8\">125,- \u20ac<\/td>\n     \t  <\/tr>\n     <tr class=\"holidays\">\n     \t  \t  <td class=\"tag\" data-label=\"Time\">So & holiday<\/td>\n     \t  \t  <td class=\"tag\" data-label=\"8 - 18\">125,- \u20ac<\/td>\n     \t  \t  <td class=\"tag\" data-label=\"18 - 22\">125,-\u20ac<\/td>\n     \t  \t  <td data-label=\"22 - 8\">125,-\u20ac<\/td>\n     \t  <\/tr>\n     <\/tbody>\n<\/table>\n<!-- Table Description-->\n<div class=\"table-description\">\n\t<em>Please call to inquire about travel costs.<\/em>\n<\/div>\n<!-- Wordings below -->\n<div class=\"wordings\">\n<p>The prices listed in this table are binding for unlocking a door that has slammed shut or been pulled shut (without self-locking mechanisms). Please feel free to contact us if you would like a price quote for other locksmith services. We will gladly provide you with a transparent, fixed-price offer.<\/p>\n<\/div>\n\n<!-- END Wordings -->\n\n\n\n<h2>POCCISTRASSE IN THE MUNICH DISTRICT OF LUDWIGVORSTADT-ISARVORSTADT<\/h2>\n<p>Poccistra\u00dfe, named after the German illustrator and writer Count Franz von Pocci, is centrally located in the Ludwigvorstadt-Isarvorstadt district. The well-known District Administration Office, which houses numerous government agencies and is thus one of the most important points of contact for Munich residents, is located directly next to the Poccistra\u00dfe U-Bahn station.<\/p>\n<p>In the immediate vicinity of the intersection of Poccistra\u00dfe, Lindwurmstra\u00dfe, and Ruppertstra\u00dfe, the so-called Lindwurmhof stands out from the otherwise rather plain surrounding buildings. The striking, listed Art Nouveau building houses the non-profit Herbert Suchardt Foundation. Other important side streets off Poccistra\u00dfe include Bavariaring and Grimmstra\u00dfe.<\/p>\n<h2>AMPER Locksmith: RELIABLE Locksmith WITH EXCELLENT KNOW-HOW<\/h2>\n<p>If you need a fast and reliable locksmith service and don&#8217;t want to incur exorbitant costs, Amper Locksmith Service is the perfect choice. The employees of company owner Mario Pichelmaier have been impressing customers for three generations, as evidenced by the consistently positive customer reviews.<\/p>\n<p>Mario Pichelmaier&#8217;s grandfather already emphasized thorough employee training, customer focus, and transparent, affordable pricing to clearly distinguish himself from unprofessional and overpriced locksmith competitors. The intensive training and onboarding of our staff, along with the use of state-of-the-art locksmith tools, enables us to open doors quickly and without damage. See for yourself!<\/p>\n<h2>LOCKSMITH MUNICH POCCISTRASSE \u2013 YOUR SECURITY IS OUR PRIORITY<\/h2>\n<p>Contact us if you&#8217;re considering upgrading your property to the latest security standards. Especially in large cities like Munich, burglary rates increase during the cold, dark winter months, making it highly advisable to have a security analysis of your windows and doors conducted by an expert like Amper Locksmith Service. We&#8217;ll identify existing security vulnerabilities that burglars can exploit to break into your home and advise you on the most suitable security and locking systems for your property. Upon request, we&#8217;ll install your chosen products quickly and professionally.   <\/p>\n<p>Do you urgently need the professional help of a locksmith? Amper Locksmith Service will rush to your location immediately upon receiving your call and open your door quickly, without damage, and at a pre-agreed, guaranteed fixed price!<\/p>\n","protected":false},"excerpt":{"rendered":"<p>Has your anticipation of a well-deserved and relaxing evening suddenly vanished because you discovered on your way home to Poccistra\u00dfe that your apartment key is missing? This is, of course, an extremely nerve-wracking situation, but there&#8217;s no need to panic, because Amper Locksmith Service will help you quickly, competently, and at very affordable fixed prices. [&hellip;]<\/p>\n","protected":false},"author":2,"featured_media":0,"parent":0,"menu_order":0,"comment_status":"closed","ping_status":"closed","template":"","meta":{"footnotes":"","_links_to":"","_links_to_target":""},"class_list":["post-13840","page","type-page","status-publish","hentry"],"yoast_head":"<!-- This site is optimized with the Yoast SEO plugin v27.4 - https:\/\/yoast.com\/product\/yoast-seo-wordpress\/ -->\n<title>Locksmith Munich Poccistra\u00dfe: from \u20ac52,- fixed price<\/title>\n<meta name=\"description\" content=\"Our locksmith service in Munich&#039;s Poccistra\u00dfe is a 24-hour emergency locksmith service with a guaranteed fixed price. Damage-free door openings thanks to professional equipment!\" \/>\n<meta name=\"robots\" content=\"index, follow, max-snippet:-1, max-image-preview:large, max-video-preview:-1\" \/>\n<link rel=\"canonical\" href=\"https:\/\/www.amper-aufsperrdienst.de\/en\/locksmith-munich-poccistrasse\/\" \/>\n<meta property=\"og:locale\" content=\"en_US\" \/>\n<meta property=\"og:type\" content=\"article\" \/>\n<meta property=\"og:title\" content=\"Locksmith Munich Poccistra\u00dfe: from \u20ac52,- fixed price\" \/>\n<meta property=\"og:description\" content=\"Our locksmith service in Munich&#039;s Poccistra\u00dfe is a 24-hour emergency locksmith service with a guaranteed fixed price. Damage-free door openings thanks to professional equipment!\" \/>\n<meta property=\"og:url\" content=\"https:\/\/www.amper-aufsperrdienst.de\/en\/locksmith-munich-poccistrasse\/\" \/>\n<meta property=\"og:site_name\" content=\"Locksmith for Munich, Dachau and F\u00fcrstenfeldbruck\" \/>\n<meta property=\"article:modified_time\" content=\"2026-01-28T07:46:51+00:00\" \/>\n<meta property=\"og:image\" content=\"https:\/\/www.amper-aufsperrdienst.de\/wp-content\/uploads\/2021\/03\/schluesseldienst-muenchen-poccistrasse-festpreis-ab-52-siegel.jpg\" \/>\n<meta name=\"twitter:label1\" content=\"Est. reading time\" \/>\n\t<meta name=\"twitter:data1\" content=\"3 minutes\" \/>\n<script type=\"application\/ld+json\" class=\"yoast-schema-graph\">{\"@context\":\"https:\\\/\\\/schema.org\",\"@graph\":[{\"@type\":\"WebPage\",\"@id\":\"https:\\\/\\\/www.amper-aufsperrdienst.de\\\/en\\\/locksmith-munich-poccistrasse\\\/\",\"url\":\"https:\\\/\\\/www.amper-aufsperrdienst.de\\\/en\\\/locksmith-munich-poccistrasse\\\/\",\"name\":\"Locksmith Munich Poccistra\u00dfe: from \u20ac52,- fixed price\",\"isPartOf\":{\"@id\":\"https:\\\/\\\/www.amper-aufsperrdienst.de\\\/en\\\/#website\"},\"primaryImageOfPage\":{\"@id\":\"https:\\\/\\\/www.amper-aufsperrdienst.de\\\/en\\\/locksmith-munich-poccistrasse\\\/#primaryimage\"},\"image\":{\"@id\":\"https:\\\/\\\/www.amper-aufsperrdienst.de\\\/en\\\/locksmith-munich-poccistrasse\\\/#primaryimage\"},\"thumbnailUrl\":\"https:\\\/\\\/www.amper-aufsperrdienst.de\\\/wp-content\\\/uploads\\\/2021\\\/03\\\/schluesseldienst-muenchen-poccistrasse-festpreis-ab-52-siegel.jpg\",\"datePublished\":\"2019-02-19T06:45:59+00:00\",\"dateModified\":\"2026-01-28T07:46:51+00:00\",\"description\":\"Our locksmith service in Munich's Poccistra\u00dfe is a 24-hour emergency locksmith service with a guaranteed fixed price. Damage-free door openings thanks to professional equipment!\",\"breadcrumb\":{\"@id\":\"https:\\\/\\\/www.amper-aufsperrdienst.de\\\/en\\\/locksmith-munich-poccistrasse\\\/#breadcrumb\"},\"inLanguage\":\"en-US\",\"potentialAction\":[{\"@type\":\"ReadAction\",\"target\":[\"https:\\\/\\\/www.amper-aufsperrdienst.de\\\/en\\\/locksmith-munich-poccistrasse\\\/\"]}]},{\"@type\":\"ImageObject\",\"inLanguage\":\"en-US\",\"@id\":\"https:\\\/\\\/www.amper-aufsperrdienst.de\\\/en\\\/locksmith-munich-poccistrasse\\\/#primaryimage\",\"url\":\"https:\\\/\\\/www.amper-aufsperrdienst.de\\\/wp-content\\\/uploads\\\/2021\\\/03\\\/schluesseldienst-muenchen-poccistrasse-festpreis-ab-52-siegel.jpg\",\"contentUrl\":\"https:\\\/\\\/www.amper-aufsperrdienst.de\\\/wp-content\\\/uploads\\\/2021\\\/03\\\/schluesseldienst-muenchen-poccistrasse-festpreis-ab-52-siegel.jpg\"},{\"@type\":\"BreadcrumbList\",\"@id\":\"https:\\\/\\\/www.amper-aufsperrdienst.de\\\/en\\\/locksmith-munich-poccistrasse\\\/#breadcrumb\",\"itemListElement\":[{\"@type\":\"ListItem\",\"position\":1,\"name\":\"Home\",\"item\":\"https:\\\/\\\/www.amper-aufsperrdienst.de\\\/en\\\/\"},{\"@type\":\"ListItem\",\"position\":2,\"name\":\"Locksmith MUNICH POCCISTRASSE\"}]},{\"@type\":\"WebSite\",\"@id\":\"https:\\\/\\\/www.amper-aufsperrdienst.de\\\/en\\\/#website\",\"url\":\"https:\\\/\\\/www.amper-aufsperrdienst.de\\\/en\\\/\",\"name\":\"Locksmith for Munich, Dachau and F\u00fcrstenfeldbruck\",\"description\":\"Amper Aufsperrdienst\",\"potentialAction\":[{\"@type\":\"SearchAction\",\"target\":{\"@type\":\"EntryPoint\",\"urlTemplate\":\"https:\\\/\\\/www.amper-aufsperrdienst.de\\\/en\\\/?s={search_term_string}\"},\"query-input\":{\"@type\":\"PropertyValueSpecification\",\"valueRequired\":true,\"valueName\":\"search_term_string\"}}],\"inLanguage\":\"en-US\"}]}<\/script>\n<!-- \/ Yoast SEO plugin. -->","yoast_head_json":{"title":"Locksmith Munich Poccistra\u00dfe: from \u20ac52,- fixed price","description":"Our locksmith service in Munich's Poccistra\u00dfe is a 24-hour emergency locksmith service with a guaranteed fixed price. Damage-free door openings thanks to professional equipment!","robots":{"index":"index","follow":"follow","max-snippet":"max-snippet:-1","max-image-preview":"max-image-preview:large","max-video-preview":"max-video-preview:-1"},"canonical":"https:\/\/www.amper-aufsperrdienst.de\/en\/locksmith-munich-poccistrasse\/","og_locale":"en_US","og_type":"article","og_title":"Locksmith Munich Poccistra\u00dfe: from \u20ac52,- fixed price","og_description":"Our locksmith service in Munich's Poccistra\u00dfe is a 24-hour emergency locksmith service with a guaranteed fixed price. Damage-free door openings thanks to professional equipment!","og_url":"https:\/\/www.amper-aufsperrdienst.de\/en\/locksmith-munich-poccistrasse\/","og_site_name":"Locksmith for Munich, Dachau and F\u00fcrstenfeldbruck","article_modified_time":"2026-01-28T07:46:51+00:00","og_image":[{"url":"https:\/\/www.amper-aufsperrdienst.de\/wp-content\/uploads\/2021\/03\/schluesseldienst-muenchen-poccistrasse-festpreis-ab-52-siegel.jpg","type":"","width":"","height":""}],"twitter_misc":{"Est. reading time":"3 minutes"},"schema":{"@context":"https:\/\/schema.org","@graph":[{"@type":"WebPage","@id":"https:\/\/www.amper-aufsperrdienst.de\/en\/locksmith-munich-poccistrasse\/","url":"https:\/\/www.amper-aufsperrdienst.de\/en\/locksmith-munich-poccistrasse\/","name":"Locksmith Munich Poccistra\u00dfe: from \u20ac52,- fixed price","isPartOf":{"@id":"https:\/\/www.amper-aufsperrdienst.de\/en\/#website"},"primaryImageOfPage":{"@id":"https:\/\/www.amper-aufsperrdienst.de\/en\/locksmith-munich-poccistrasse\/#primaryimage"},"image":{"@id":"https:\/\/www.amper-aufsperrdienst.de\/en\/locksmith-munich-poccistrasse\/#primaryimage"},"thumbnailUrl":"https:\/\/www.amper-aufsperrdienst.de\/wp-content\/uploads\/2021\/03\/schluesseldienst-muenchen-poccistrasse-festpreis-ab-52-siegel.jpg","datePublished":"2019-02-19T06:45:59+00:00","dateModified":"2026-01-28T07:46:51+00:00","description":"Our locksmith service in Munich's Poccistra\u00dfe is a 24-hour emergency locksmith service with a guaranteed fixed price. Damage-free door openings thanks to professional equipment!","breadcrumb":{"@id":"https:\/\/www.amper-aufsperrdienst.de\/en\/locksmith-munich-poccistrasse\/#breadcrumb"},"inLanguage":"en-US","potentialAction":[{"@type":"ReadAction","target":["https:\/\/www.amper-aufsperrdienst.de\/en\/locksmith-munich-poccistrasse\/"]}]},{"@type":"ImageObject","inLanguage":"en-US","@id":"https:\/\/www.amper-aufsperrdienst.de\/en\/locksmith-munich-poccistrasse\/#primaryimage","url":"https:\/\/www.amper-aufsperrdienst.de\/wp-content\/uploads\/2021\/03\/schluesseldienst-muenchen-poccistrasse-festpreis-ab-52-siegel.jpg","contentUrl":"https:\/\/www.amper-aufsperrdienst.de\/wp-content\/uploads\/2021\/03\/schluesseldienst-muenchen-poccistrasse-festpreis-ab-52-siegel.jpg"},{"@type":"BreadcrumbList","@id":"https:\/\/www.amper-aufsperrdienst.de\/en\/locksmith-munich-poccistrasse\/#breadcrumb","itemListElement":[{"@type":"ListItem","position":1,"name":"Home","item":"https:\/\/www.amper-aufsperrdienst.de\/en\/"},{"@type":"ListItem","position":2,"name":"Locksmith MUNICH POCCISTRASSE"}]},{"@type":"WebSite","@id":"https:\/\/www.amper-aufsperrdienst.de\/en\/#website","url":"https:\/\/www.amper-aufsperrdienst.de\/en\/","name":"Locksmith for Munich, Dachau and F\u00fcrstenfeldbruck","description":"Amper Aufsperrdienst","potentialAction":[{"@type":"SearchAction","target":{"@type":"EntryPoint","urlTemplate":"https:\/\/www.amper-aufsperrdienst.de\/en\/?s={search_term_string}"},"query-input":{"@type":"PropertyValueSpecification","valueRequired":true,"valueName":"search_term_string"}}],"inLanguage":"en-US"}]}},"_links":{"self":[{"href":"https:\/\/www.amper-aufsperrdienst.de\/en\/wp-json\/wp\/v2\/pages\/13840","targetHints":{"allow":["GET"]}}],"collection":[{"href":"https:\/\/www.amper-aufsperrdienst.de\/en\/wp-json\/wp\/v2\/pages"}],"about":[{"href":"https:\/\/www.amper-aufsperrdienst.de\/en\/wp-json\/wp\/v2\/types\/page"}],"author":[{"embeddable":true,"href":"https:\/\/www.amper-aufsperrdienst.de\/en\/wp-json\/wp\/v2\/users\/2"}],"replies":[{"embeddable":true,"href":"https:\/\/www.amper-aufsperrdienst.de\/en\/wp-json\/wp\/v2\/comments?post=13840"}],"version-history":[{"count":2,"href":"https:\/\/www.amper-aufsperrdienst.de\/en\/wp-json\/wp\/v2\/pages\/13840\/revisions"}],"predecessor-version":[{"id":14455,"href":"https:\/\/www.amper-aufsperrdienst.de\/en\/wp-json\/wp\/v2\/pages\/13840\/revisions\/14455"}],"wp:attachment":[{"href":"https:\/\/www.amper-aufsperrdienst.de\/en\/wp-json\/wp\/v2\/media?parent=13840"}],"curies":[{"name":"wp","href":"https:\/\/api.w.org\/{rel}","templated":true}]}}