{"id":13925,"date":"2019-03-27T05:07:47","date_gmt":"2019-03-27T03:07:47","guid":{"rendered":"https:\/\/www.amper-aufsperrdienst.de\/schluesseldienst-muenchen-quiddestrasse\/"},"modified":"2026-01-28T09:49:58","modified_gmt":"2026-01-28T07:49:58","slug":"locksmith-munich-quiddestrasse","status":"publish","type":"page","link":"https:\/\/www.amper-aufsperrdienst.de\/en\/locksmith-munich-quiddestrasse\/","title":{"rendered":"Locksmith MUNICH QUIDDESTRASSE"},"content":{"rendered":"<p><img loading=\"lazy\" decoding=\"async\" class=\"alignleft\" style=\"margin-bottom: 5px !important;\" src=\"https:\/\/www.amper-aufsperrdienst.de\/wp-content\/uploads\/2021\/03\/schluesseldienst-muenchen-quiddestrasse-festpreis-ab-52-siegel.jpg\" alt=\"Amper Locksmith Opening Service muenchen-quiddestrasse with fixed price from 52,- EUR\" width=\"250\" height=\"250\" \/><\/p>\n<p>Are you frantically rummaging through all your bags for the hundredth time, searching for your house or apartment key, only to find it&#8217;s nowhere to be found? Instead of panicking, call a competent and reliable locksmith service in your area, like Amper Locksmith Service. We will come to your location on Quiddestra\u00dfe in Munich immediately after you call us, and get you back into your house or apartment in just a few minutes. Don&#8217;t hesitate any longer and save yourself a lot of time and hassle.<\/p>\n          <!-- tarif -->\n<h2><b><span style=\"vertical-align: inherit;\"><span style=\"vertical-align: inherit;\">Our binding fixed prices start from \u20ac52.<\/span><\/span><\/b><\/h2>\n<p>Amper Locksmith Service is a fair locksmith service with transparent fixed prices:<\/p>\n<div class=\"table-title\">\n\tPRICE LIST  UNLOCK\n<\/div>\n<!-- Table part-->\n<table class=\"table\">\n  <thead class=\"header\">\n\t  <tr>\n     \t <th scope=\"col\">Time<\/th>\n     \t <th scope=\"col\">8 - 18<\/th>\n     \t <th scope=\"col\">18 - 22<\/th>\n     \t <th scope=\"col\">22 - 8<\/th>\n\t<\/tr>\n  <\/thead>\n  <tbody>\n     \t  <tr class=\"weekdays\">\n     \t  \t  <td class=\"tag\" data-label=\"Time\">Mo - Fr<\/td>\n     \t  \t  <td class=\"hrs tag\" data-label=\"8 - 18\">52,- \u20ac<\/td>\n     \t  \t  <td class=\"tag space\" data-label=\"18 - 22\">82,- \u20ac<\/td>\n     \t  \t  <td data-label=\"22 - 8\">95,- \u20ac<\/td>\n     \t  <\/tr>\n     <tr class=\"weekends\">\n     \t  \t  <td class=\"tag\" data-label=\"Time\">Sa<\/td>\n     \t  \t  <td class=\"tag\" data-label=\"8 - 18\">95,- \u20ac<\/td>\n     \t  \t  <td class=\"tag\" data-label=\"18 - 22\">95,- \u20ac<\/td>\n     \t  \t  <td data-label=\"22 - 8\">125,- \u20ac<\/td>\n     \t  <\/tr>\n     <tr class=\"holidays\">\n     \t  \t  <td class=\"tag\" data-label=\"Time\">So & holiday<\/td>\n     \t  \t  <td class=\"tag\" data-label=\"8 - 18\">125,- \u20ac<\/td>\n     \t  \t  <td class=\"tag\" data-label=\"18 - 22\">125,-\u20ac<\/td>\n     \t  \t  <td data-label=\"22 - 8\">125,-\u20ac<\/td>\n     \t  <\/tr>\n     <\/tbody>\n<\/table>\n<!-- Table Description-->\n<div class=\"table-description\">\n\t<em>Please call to inquire about travel costs.<\/em>\n<\/div>\n<!-- Wordings below -->\n<div class=\"wordings\">\n<p>The prices listed in this table are binding for unlocking a door that has slammed shut or been pulled shut (without self-locking mechanisms). Please feel free to contact us if you would like a price quote for other locksmith services. We will gladly provide you with a transparent, fixed-price offer.<\/p>\n<\/div>\n\n<!-- END Wordings -->\n\n\n\n<h2>AMPER LOCKING SERVICE: BEST SERVICE AT FAIR AND TRANSPARENT TERMS<\/h2>\n<p>As a reliable and customer-friendly locksmith company, we have no interest in overcharging our customers like many other providers in our industry. We place great value on customer satisfaction and the resulting customer loyalty. In addition to excellent service and competent order fulfillment by our qualified locksmiths and technicians, we offer our customers a fair and transparent pricing policy.<\/p>\n<p>With us, you won&#8217;t find any hidden extra costs, exorbitant holiday and night surcharges, or other hidden fees. We&#8217;ll gladly inform you about the price for the required service when you contact us by phone. Since the quoted amount is a guaranteed fixed price, you can be sure that you&#8217;ll only pay this amount and not a cent more.<\/p>\n<h2>LOCKSMITH MUNICH QUIDDESTRASSE: YOUR SPECIALIST FOR DAMAGE-FREE DOOR OPENING<\/h2>\n<p>The Amper locksmith service team will arrive at your location within approximately 30 minutes and immediately begin work. Because Mario Pichelmaier&#8217;s team consists exclusively of highly trained and experienced employees, we achieve a damage-free door opening in 99% of cases, thus avoiding unpleasant additional costs. Our on-call service is available 24\/7, including weekends and holidays. Please use our free emergency hotline to report your lockout. The Amper locksmith on duty will assist you in your emergency situation.<\/p>\n<h2>PROTECTION AGAINST UNWANTED VISITORS<\/h2>\n<p>When it comes to making your home burglar-proof, Amper Locksmith Service is the perfect partner. Our experienced staff will take the time to thoroughly inspect all your windows and doors for security vulnerabilities and advise you on suitable burglary protection measures. We will gladly install your chosen locking systems promptly and, of course, provide any necessary maintenance.<\/p>\n<h2>QUIDDESTRASSE IN MUNICH<\/h2>\n<p>Quiddestra\u00dfe is located in Munich&#8217;s southeastern district of Neuperlach. It is easily accessible via the U5, U7, and U8 subway lines, making it very well connected to the public transportation network. The infrastructure in and around Quiddestra\u00dfe offers all the amenities and shopping opportunities necessary for daily life. Several schools are located on Quiddestra\u00dfe or in its immediate vicinity, and the Life shopping center houses numerous shops. Important side streets and cross streets of Quiddestra\u00dfe include Albert-Schweitzer-Stra\u00dfe, Karl-Marx-Ring, and Staudingerstra\u00dfe.<\/p>\n<p>Contact us on our free emergency hotline if you are locked out on or near Quiddestra\u00dfe, or if your key or lock is broken. We are available 24\/7, 365 days a year.<\/p>\n","protected":false},"excerpt":{"rendered":"<p>Are you frantically rummaging through all your bags for the hundredth time, searching for your house or apartment key, only to find it&#8217;s nowhere to be found? Instead of panicking, call a competent and reliable locksmith service in your area, like Amper Locksmith Service. We will come to your location on Quiddestra\u00dfe in Munich immediately [&hellip;]<\/p>\n","protected":false},"author":2,"featured_media":0,"parent":0,"menu_order":0,"comment_status":"closed","ping_status":"closed","template":"","meta":{"footnotes":"","_links_to":"","_links_to_target":""},"class_list":["post-13925","page","type-page","status-publish","hentry"],"yoast_head":"<!-- This site is optimized with the Yoast SEO plugin v27.4 - https:\/\/yoast.com\/product\/yoast-seo-wordpress\/ -->\n<title>Locksmith Munich Quiddestra\u00dfe: from \u20ac52,- fixed price<\/title>\n<meta name=\"description\" content=\"Our qualified 24-hour locksmith service in Munich Quiddestra\u00dfe impresses with many years of experience, transparent prices &amp; damage-free door openings.\" \/>\n<meta name=\"robots\" content=\"index, follow, max-snippet:-1, max-image-preview:large, max-video-preview:-1\" \/>\n<link rel=\"canonical\" href=\"https:\/\/www.amper-aufsperrdienst.de\/en\/locksmith-munich-quiddestrasse\/\" \/>\n<meta property=\"og:locale\" content=\"en_US\" \/>\n<meta property=\"og:type\" content=\"article\" \/>\n<meta property=\"og:title\" content=\"Locksmith Munich Quiddestra\u00dfe: from \u20ac52,- fixed price\" \/>\n<meta property=\"og:description\" content=\"Our qualified 24-hour locksmith service in Munich Quiddestra\u00dfe impresses with many years of experience, transparent prices &amp; damage-free door openings.\" \/>\n<meta property=\"og:url\" content=\"https:\/\/www.amper-aufsperrdienst.de\/en\/locksmith-munich-quiddestrasse\/\" \/>\n<meta property=\"og:site_name\" content=\"Locksmith for Munich, Dachau and F\u00fcrstenfeldbruck\" \/>\n<meta property=\"article:modified_time\" content=\"2026-01-28T07:49:58+00:00\" \/>\n<meta property=\"og:image\" content=\"https:\/\/www.amper-aufsperrdienst.de\/wp-content\/uploads\/2021\/03\/schluesseldienst-muenchen-quiddestrasse-festpreis-ab-52-siegel.jpg\" \/>\n<meta name=\"twitter:label1\" content=\"Est. reading time\" \/>\n\t<meta name=\"twitter:data1\" content=\"3 minutes\" \/>\n<script type=\"application\/ld+json\" class=\"yoast-schema-graph\">{\"@context\":\"https:\\\/\\\/schema.org\",\"@graph\":[{\"@type\":\"WebPage\",\"@id\":\"https:\\\/\\\/www.amper-aufsperrdienst.de\\\/en\\\/locksmith-munich-quiddestrasse\\\/\",\"url\":\"https:\\\/\\\/www.amper-aufsperrdienst.de\\\/en\\\/locksmith-munich-quiddestrasse\\\/\",\"name\":\"Locksmith Munich Quiddestra\u00dfe: from \u20ac52,- fixed price\",\"isPartOf\":{\"@id\":\"https:\\\/\\\/www.amper-aufsperrdienst.de\\\/en\\\/#website\"},\"primaryImageOfPage\":{\"@id\":\"https:\\\/\\\/www.amper-aufsperrdienst.de\\\/en\\\/locksmith-munich-quiddestrasse\\\/#primaryimage\"},\"image\":{\"@id\":\"https:\\\/\\\/www.amper-aufsperrdienst.de\\\/en\\\/locksmith-munich-quiddestrasse\\\/#primaryimage\"},\"thumbnailUrl\":\"https:\\\/\\\/www.amper-aufsperrdienst.de\\\/wp-content\\\/uploads\\\/2021\\\/03\\\/schluesseldienst-muenchen-quiddestrasse-festpreis-ab-52-siegel.jpg\",\"datePublished\":\"2019-03-27T03:07:47+00:00\",\"dateModified\":\"2026-01-28T07:49:58+00:00\",\"description\":\"Our qualified 24-hour locksmith service in Munich Quiddestra\u00dfe impresses with many years of experience, transparent prices & damage-free door openings.\",\"breadcrumb\":{\"@id\":\"https:\\\/\\\/www.amper-aufsperrdienst.de\\\/en\\\/locksmith-munich-quiddestrasse\\\/#breadcrumb\"},\"inLanguage\":\"en-US\",\"potentialAction\":[{\"@type\":\"ReadAction\",\"target\":[\"https:\\\/\\\/www.amper-aufsperrdienst.de\\\/en\\\/locksmith-munich-quiddestrasse\\\/\"]}]},{\"@type\":\"ImageObject\",\"inLanguage\":\"en-US\",\"@id\":\"https:\\\/\\\/www.amper-aufsperrdienst.de\\\/en\\\/locksmith-munich-quiddestrasse\\\/#primaryimage\",\"url\":\"https:\\\/\\\/www.amper-aufsperrdienst.de\\\/wp-content\\\/uploads\\\/2021\\\/03\\\/schluesseldienst-muenchen-quiddestrasse-festpreis-ab-52-siegel.jpg\",\"contentUrl\":\"https:\\\/\\\/www.amper-aufsperrdienst.de\\\/wp-content\\\/uploads\\\/2021\\\/03\\\/schluesseldienst-muenchen-quiddestrasse-festpreis-ab-52-siegel.jpg\"},{\"@type\":\"BreadcrumbList\",\"@id\":\"https:\\\/\\\/www.amper-aufsperrdienst.de\\\/en\\\/locksmith-munich-quiddestrasse\\\/#breadcrumb\",\"itemListElement\":[{\"@type\":\"ListItem\",\"position\":1,\"name\":\"Home\",\"item\":\"https:\\\/\\\/www.amper-aufsperrdienst.de\\\/en\\\/\"},{\"@type\":\"ListItem\",\"position\":2,\"name\":\"Locksmith MUNICH QUIDDESTRASSE\"}]},{\"@type\":\"WebSite\",\"@id\":\"https:\\\/\\\/www.amper-aufsperrdienst.de\\\/en\\\/#website\",\"url\":\"https:\\\/\\\/www.amper-aufsperrdienst.de\\\/en\\\/\",\"name\":\"Locksmith for Munich, Dachau and F\u00fcrstenfeldbruck\",\"description\":\"Amper Aufsperrdienst\",\"potentialAction\":[{\"@type\":\"SearchAction\",\"target\":{\"@type\":\"EntryPoint\",\"urlTemplate\":\"https:\\\/\\\/www.amper-aufsperrdienst.de\\\/en\\\/?s={search_term_string}\"},\"query-input\":{\"@type\":\"PropertyValueSpecification\",\"valueRequired\":true,\"valueName\":\"search_term_string\"}}],\"inLanguage\":\"en-US\"}]}<\/script>\n<!-- \/ Yoast SEO plugin. -->","yoast_head_json":{"title":"Locksmith Munich Quiddestra\u00dfe: from \u20ac52,- fixed price","description":"Our qualified 24-hour locksmith service in Munich Quiddestra\u00dfe impresses with many years of experience, transparent prices & damage-free door openings.","robots":{"index":"index","follow":"follow","max-snippet":"max-snippet:-1","max-image-preview":"max-image-preview:large","max-video-preview":"max-video-preview:-1"},"canonical":"https:\/\/www.amper-aufsperrdienst.de\/en\/locksmith-munich-quiddestrasse\/","og_locale":"en_US","og_type":"article","og_title":"Locksmith Munich Quiddestra\u00dfe: from \u20ac52,- fixed price","og_description":"Our qualified 24-hour locksmith service in Munich Quiddestra\u00dfe impresses with many years of experience, transparent prices & damage-free door openings.","og_url":"https:\/\/www.amper-aufsperrdienst.de\/en\/locksmith-munich-quiddestrasse\/","og_site_name":"Locksmith for Munich, Dachau and F\u00fcrstenfeldbruck","article_modified_time":"2026-01-28T07:49:58+00:00","og_image":[{"url":"https:\/\/www.amper-aufsperrdienst.de\/wp-content\/uploads\/2021\/03\/schluesseldienst-muenchen-quiddestrasse-festpreis-ab-52-siegel.jpg","type":"","width":"","height":""}],"twitter_misc":{"Est. reading time":"3 minutes"},"schema":{"@context":"https:\/\/schema.org","@graph":[{"@type":"WebPage","@id":"https:\/\/www.amper-aufsperrdienst.de\/en\/locksmith-munich-quiddestrasse\/","url":"https:\/\/www.amper-aufsperrdienst.de\/en\/locksmith-munich-quiddestrasse\/","name":"Locksmith Munich Quiddestra\u00dfe: from \u20ac52,- fixed price","isPartOf":{"@id":"https:\/\/www.amper-aufsperrdienst.de\/en\/#website"},"primaryImageOfPage":{"@id":"https:\/\/www.amper-aufsperrdienst.de\/en\/locksmith-munich-quiddestrasse\/#primaryimage"},"image":{"@id":"https:\/\/www.amper-aufsperrdienst.de\/en\/locksmith-munich-quiddestrasse\/#primaryimage"},"thumbnailUrl":"https:\/\/www.amper-aufsperrdienst.de\/wp-content\/uploads\/2021\/03\/schluesseldienst-muenchen-quiddestrasse-festpreis-ab-52-siegel.jpg","datePublished":"2019-03-27T03:07:47+00:00","dateModified":"2026-01-28T07:49:58+00:00","description":"Our qualified 24-hour locksmith service in Munich Quiddestra\u00dfe impresses with many years of experience, transparent prices & damage-free door openings.","breadcrumb":{"@id":"https:\/\/www.amper-aufsperrdienst.de\/en\/locksmith-munich-quiddestrasse\/#breadcrumb"},"inLanguage":"en-US","potentialAction":[{"@type":"ReadAction","target":["https:\/\/www.amper-aufsperrdienst.de\/en\/locksmith-munich-quiddestrasse\/"]}]},{"@type":"ImageObject","inLanguage":"en-US","@id":"https:\/\/www.amper-aufsperrdienst.de\/en\/locksmith-munich-quiddestrasse\/#primaryimage","url":"https:\/\/www.amper-aufsperrdienst.de\/wp-content\/uploads\/2021\/03\/schluesseldienst-muenchen-quiddestrasse-festpreis-ab-52-siegel.jpg","contentUrl":"https:\/\/www.amper-aufsperrdienst.de\/wp-content\/uploads\/2021\/03\/schluesseldienst-muenchen-quiddestrasse-festpreis-ab-52-siegel.jpg"},{"@type":"BreadcrumbList","@id":"https:\/\/www.amper-aufsperrdienst.de\/en\/locksmith-munich-quiddestrasse\/#breadcrumb","itemListElement":[{"@type":"ListItem","position":1,"name":"Home","item":"https:\/\/www.amper-aufsperrdienst.de\/en\/"},{"@type":"ListItem","position":2,"name":"Locksmith MUNICH QUIDDESTRASSE"}]},{"@type":"WebSite","@id":"https:\/\/www.amper-aufsperrdienst.de\/en\/#website","url":"https:\/\/www.amper-aufsperrdienst.de\/en\/","name":"Locksmith for Munich, Dachau and F\u00fcrstenfeldbruck","description":"Amper Aufsperrdienst","potentialAction":[{"@type":"SearchAction","target":{"@type":"EntryPoint","urlTemplate":"https:\/\/www.amper-aufsperrdienst.de\/en\/?s={search_term_string}"},"query-input":{"@type":"PropertyValueSpecification","valueRequired":true,"valueName":"search_term_string"}}],"inLanguage":"en-US"}]}},"_links":{"self":[{"href":"https:\/\/www.amper-aufsperrdienst.de\/en\/wp-json\/wp\/v2\/pages\/13925","targetHints":{"allow":["GET"]}}],"collection":[{"href":"https:\/\/www.amper-aufsperrdienst.de\/en\/wp-json\/wp\/v2\/pages"}],"about":[{"href":"https:\/\/www.amper-aufsperrdienst.de\/en\/wp-json\/wp\/v2\/types\/page"}],"author":[{"embeddable":true,"href":"https:\/\/www.amper-aufsperrdienst.de\/en\/wp-json\/wp\/v2\/users\/2"}],"replies":[{"embeddable":true,"href":"https:\/\/www.amper-aufsperrdienst.de\/en\/wp-json\/wp\/v2\/comments?post=13925"}],"version-history":[{"count":2,"href":"https:\/\/www.amper-aufsperrdienst.de\/en\/wp-json\/wp\/v2\/pages\/13925\/revisions"}],"predecessor-version":[{"id":14457,"href":"https:\/\/www.amper-aufsperrdienst.de\/en\/wp-json\/wp\/v2\/pages\/13925\/revisions\/14457"}],"wp:attachment":[{"href":"https:\/\/www.amper-aufsperrdienst.de\/en\/wp-json\/wp\/v2\/media?parent=13925"}],"curies":[{"name":"wp","href":"https:\/\/api.w.org\/{rel}","templated":true}]}}